{"id":18608,"date":"2026-04-15T21:46:26","date_gmt":"2026-04-15T18:46:26","guid":{"rendered":"https:\/\/1dronas.lt\/?post_type=product&#038;p=18608"},"modified":"2026-04-15T21:55:47","modified_gmt":"2026-04-15T18:55:47","slug":"flywoo-lakuotos-odos-akumuliatoriaus-dirzelis","status":"publish","type":"product","link":"https:\/\/1dronas.lt\/en\/produktas\/flywoo-lakuotos-odos-akumuliatoriaus-dirzelis\/","title":{"rendered":"Flywoo battery strap"},"content":{"rendered":"<p>FLYWOO baterijos dir\u017eeliai \u2013 tai patikimas ir stilingas sprendimas saugiam baterij\u0173 tvirtinimui. Pagaminti i\u0161 auk\u0161tos kokyb\u0117s lakuotos odos, jie yra tvirti, atspar\u016bs nusid\u0117v\u0117jimui ir ilgaam\u017eiai. Auksin\u0117s spalvos metalin\u0117 sagtis u\u017etikrina tvirt\u0105 ir stabil\u0173 u\u017esegim\u0105, tod\u0117l baterija i\u0161lieka saugiai pritvirtinta net intensyvaus naudojimo metu.<\/p>\n<p><strong>Specification:<\/strong><\/p>\n<p><b>\u2022 <\/b>Brand: FLYWOO;<br data-start=\"74\" data-end=\"77\" \/><b>\u2022 <\/b>Prek\u0117s pavadinimas: Baterijos dir\u017eelis;<br data-start=\"119\" data-end=\"122\" \/><b>\u2022 <\/b>Dyd\u017eiai: 15 x 180 mm \/ 15 x 250 mm;<br \/>\n<b>\u2022 <\/b>Svoris: 15 x 180 mm &#8211; 3,8g \/ 15 x 250 mm &#8211; 2,7g;<br data-start=\"160\" data-end=\"163\" \/><b>\u2022 <\/b>Sagtis: Auksin\u0117s spalvos metalin\u0117 sagtis;<br data-start=\"207\" data-end=\"210\" \/><b>\u2022 <\/b>Med\u017eiaga: Lakuota (dirbtin\u0117) oda.<\/p>\n<p><strong>Package:<\/strong><\/p>\n<p>5x Flywoo akumuliatoriaus dir\u017eeliai.<\/p>","protected":false},"excerpt":{"rendered":"<p><span style=\"color: #333333;\">FLYWOO baterijos dir\u017eeliai \u2013 tai patikimi ir ilgaam\u017eiai tvirtinimo dir\u017eeliai, u\u017etikrinantys saug\u0173 baterij\u0173 laikym\u0105 \u012fvairiuose \u012frenginiuose.<\/span><\/p>\n<p><span style=\"color: #333333; font-size: 90%;\"><strong><img loading=\"lazy\" decoding=\"async\" class=\"alignnone wp-image-1806\" src=\"https:\/\/1dronas.lt\/wp-content\/uploads\/2021\/05\/delivery-icon.png.webp\" alt=\"\" width=\"24\" height=\"24\" srcset=\"https:\/\/1dronas.lt\/wp-content\/uploads\/2021\/05\/delivery-icon.png 35w, https:\/\/1dronas.lt\/wp-content\/uploads\/2021\/05\/delivery-icon-12x12.png 12w\" sizes=\"auto, (max-width: 24px) 100vw, 24px\" \/> \u00a01 \u2013 2 days<\/strong><\/span><\/p>","protected":false},"featured_media":18611,"comment_status":"open","ping_status":"closed","template":"","meta":[],"product_brand":[1152],"product_cat":[685],"product_tag":[486,90],"class_list":{"0":"post-18608","1":"product","2":"type-product","3":"status-publish","4":"has-post-thumbnail","6":"product_brand-flywoo","7":"product_cat-akumuliatoriu-dirzeliai","8":"product_tag-akumuliatoriaus-dirzelis","9":"product_tag-flywoo","11":"first","12":"instock","13":"taxable","14":"shipping-taxable","15":"purchasable","16":"product-type-variable","17":"has-default-attributes"},"yoast_head":"<!-- This site is optimized with the Yoast SEO plugin v27.4 - https:\/\/yoast.com\/product\/yoast-seo-wordpress\/ -->\n<title>Flywoo akumuliatoriaus dir\u017eelis - 1dronas.lt<\/title>\n<meta name=\"robots\" content=\"index, follow, max-snippet:-1, max-image-preview:large, max-video-preview:-1\" \/>\n<link rel=\"canonical\" href=\"https:\/\/1dronas.lt\/en\/produktas\/flywoo-lakuotos-odos-akumuliatoriaus-dirzelis\/\" \/>\n<meta property=\"og:locale\" content=\"en_US\" \/>\n<meta property=\"og:type\" content=\"article\" \/>\n<meta property=\"og:title\" content=\"Flywoo akumuliatoriaus dir\u017eelis - 1dronas.lt\" \/>\n<meta property=\"og:description\" content=\"FLYWOO baterijos dir\u017eeliai \u2013 tai patikimi ir ilgaam\u017eiai tvirtinimo dir\u017eeliai, u\u017etikrinantys saug\u0173 baterij\u0173 laikym\u0105 \u012fvairiuose \u012frenginiuose.   \u00a01 \u2013 2 d.d.\" \/>\n<meta property=\"og:url\" content=\"https:\/\/1dronas.lt\/en\/produktas\/flywoo-lakuotos-odos-akumuliatoriaus-dirzelis\/\" \/>\n<meta property=\"og:site_name\" content=\"1dronas.lt\" \/>\n<meta property=\"article:publisher\" content=\"https:\/\/www.facebook.com\/1dronas\/\" \/>\n<meta property=\"article:modified_time\" content=\"2026-04-15T18:55:47+00:00\" \/>\n<meta property=\"og:image\" content=\"https:\/\/1dronas.lt\/wp-content\/uploads\/2026\/04\/15-250-5_1296x.jpeg.webp\" \/>\n\t<meta property=\"og:image:width\" content=\"1280\" \/>\n\t<meta property=\"og:image:height\" content=\"1280\" \/>\n\t<meta property=\"og:image:type\" content=\"image\/webp\" \/>\n<meta name=\"twitter:card\" content=\"summary_large_image\" \/>\n<meta name=\"twitter:label1\" content=\"Est. reading time\" \/>\n\t<meta name=\"twitter:data1\" content=\"1 minute\" \/>\n<script type=\"application\/ld+json\" class=\"yoast-schema-graph\">{\"@context\":\"https:\\\/\\\/schema.org\",\"@graph\":[{\"@type\":\"WebPage\",\"@id\":\"https:\\\/\\\/1dronas.lt\\\/en\\\/produktas\\\/flywoo-lakuotos-odos-akumuliatoriaus-dirzelis\\\/\",\"url\":\"https:\\\/\\\/1dronas.lt\\\/en\\\/produktas\\\/flywoo-lakuotos-odos-akumuliatoriaus-dirzelis\\\/\",\"name\":\"Flywoo akumuliatoriaus dir\u017eelis - 1dronas.lt\",\"isPartOf\":{\"@id\":\"https:\\\/\\\/1dronas.lt\\\/en\\\/#website\"},\"primaryImageOfPage\":{\"@id\":\"https:\\\/\\\/1dronas.lt\\\/en\\\/produktas\\\/flywoo-lakuotos-odos-akumuliatoriaus-dirzelis\\\/#primaryimage\"},\"image\":{\"@id\":\"https:\\\/\\\/1dronas.lt\\\/en\\\/produktas\\\/flywoo-lakuotos-odos-akumuliatoriaus-dirzelis\\\/#primaryimage\"},\"thumbnailUrl\":\"https:\\\/\\\/1dronas.lt\\\/wp-content\\\/uploads\\\/2026\\\/04\\\/15-250-5_1296x.jpeg.webp\",\"datePublished\":\"2026-04-15T18:46:26+00:00\",\"dateModified\":\"2026-04-15T18:55:47+00:00\",\"breadcrumb\":{\"@id\":\"https:\\\/\\\/1dronas.lt\\\/en\\\/produktas\\\/flywoo-lakuotos-odos-akumuliatoriaus-dirzelis\\\/#breadcrumb\"},\"inLanguage\":\"en-US\",\"potentialAction\":[{\"@type\":\"ReadAction\",\"target\":[\"https:\\\/\\\/1dronas.lt\\\/en\\\/produktas\\\/flywoo-lakuotos-odos-akumuliatoriaus-dirzelis\\\/\"]}]},{\"@type\":\"ImageObject\",\"inLanguage\":\"en-US\",\"@id\":\"https:\\\/\\\/1dronas.lt\\\/en\\\/produktas\\\/flywoo-lakuotos-odos-akumuliatoriaus-dirzelis\\\/#primaryimage\",\"url\":\"https:\\\/\\\/1dronas.lt\\\/wp-content\\\/uploads\\\/2026\\\/04\\\/15-250-5_1296x.jpeg.webp\",\"contentUrl\":\"https:\\\/\\\/1dronas.lt\\\/wp-content\\\/uploads\\\/2026\\\/04\\\/15-250-5_1296x.jpeg.webp\",\"width\":1280,\"height\":1280},{\"@type\":\"BreadcrumbList\",\"@id\":\"https:\\\/\\\/1dronas.lt\\\/en\\\/produktas\\\/flywoo-lakuotos-odos-akumuliatoriaus-dirzelis\\\/#breadcrumb\",\"itemListElement\":[{\"@type\":\"ListItem\",\"position\":1,\"name\":\"Home\",\"item\":\"https:\\\/\\\/1dronas.lt\\\/\"},{\"@type\":\"ListItem\",\"position\":2,\"name\":\"Parduotuv\u0117\",\"item\":\"https:\\\/\\\/1dronas.lt\\\/parduotuve\\\/\"},{\"@type\":\"ListItem\",\"position\":3,\"name\":\"Flywoo akumuliatoriaus dir\u017eelis\"}]},{\"@type\":\"WebSite\",\"@id\":\"https:\\\/\\\/1dronas.lt\\\/en\\\/#website\",\"url\":\"https:\\\/\\\/1dronas.lt\\\/en\\\/\",\"name\":\"1dronas.lt\",\"description\":\"Internetin\u0117 parduotuv\u0117\",\"publisher\":{\"@id\":\"https:\\\/\\\/1dronas.lt\\\/en\\\/#organization\"},\"potentialAction\":[{\"@type\":\"SearchAction\",\"target\":{\"@type\":\"EntryPoint\",\"urlTemplate\":\"https:\\\/\\\/1dronas.lt\\\/en\\\/?s={search_term_string}\"},\"query-input\":{\"@type\":\"PropertyValueSpecification\",\"valueRequired\":true,\"valueName\":\"search_term_string\"}}],\"inLanguage\":\"en-US\"},{\"@type\":\"Organization\",\"@id\":\"https:\\\/\\\/1dronas.lt\\\/en\\\/#organization\",\"name\":\"1dronas.lt\",\"url\":\"https:\\\/\\\/1dronas.lt\\\/en\\\/\",\"logo\":{\"@type\":\"ImageObject\",\"inLanguage\":\"en-US\",\"@id\":\"https:\\\/\\\/1dronas.lt\\\/en\\\/#\\\/schema\\\/logo\\\/image\\\/\",\"url\":\"https:\\\/\\\/1dronas.lt\\\/wp-content\\\/uploads\\\/2020\\\/12\\\/Ekrano_kopija__2_-removebg-preview-1-1.png\",\"contentUrl\":\"https:\\\/\\\/1dronas.lt\\\/wp-content\\\/uploads\\\/2020\\\/12\\\/Ekrano_kopija__2_-removebg-preview-1-1.png\",\"width\":234,\"height\":81,\"caption\":\"1dronas.lt\"},\"image\":{\"@id\":\"https:\\\/\\\/1dronas.lt\\\/en\\\/#\\\/schema\\\/logo\\\/image\\\/\"},\"sameAs\":[\"https:\\\/\\\/www.facebook.com\\\/1dronas\\\/\"]}]}<\/script>\n<!-- \/ Yoast SEO plugin. -->","yoast_head_json":{"title":"Flywoo akumuliatoriaus dir\u017eelis - 1dronas.lt","robots":{"index":"index","follow":"follow","max-snippet":"max-snippet:-1","max-image-preview":"max-image-preview:large","max-video-preview":"max-video-preview:-1"},"canonical":"https:\/\/1dronas.lt\/en\/produktas\/flywoo-lakuotos-odos-akumuliatoriaus-dirzelis\/","og_locale":"en_US","og_type":"article","og_title":"Flywoo akumuliatoriaus dir\u017eelis - 1dronas.lt","og_description":"FLYWOO baterijos dir\u017eeliai \u2013 tai patikimi ir ilgaam\u017eiai tvirtinimo dir\u017eeliai, u\u017etikrinantys saug\u0173 baterij\u0173 laikym\u0105 \u012fvairiuose \u012frenginiuose.   \u00a01 \u2013 2 d.d.","og_url":"https:\/\/1dronas.lt\/en\/produktas\/flywoo-lakuotos-odos-akumuliatoriaus-dirzelis\/","og_site_name":"1dronas.lt","article_publisher":"https:\/\/www.facebook.com\/1dronas\/","article_modified_time":"2026-04-15T18:55:47+00:00","og_image":[{"width":1280,"height":1280,"url":"https:\/\/1dronas.lt\/wp-content\/uploads\/2026\/04\/15-250-5_1296x.jpeg.webp","type":"image\/webp"}],"twitter_card":"summary_large_image","twitter_misc":{"Est. reading time":"1 minute"},"schema":{"@context":"https:\/\/schema.org","@graph":[{"@type":"WebPage","@id":"https:\/\/1dronas.lt\/en\/produktas\/flywoo-lakuotos-odos-akumuliatoriaus-dirzelis\/","url":"https:\/\/1dronas.lt\/en\/produktas\/flywoo-lakuotos-odos-akumuliatoriaus-dirzelis\/","name":"Flywoo akumuliatoriaus dir\u017eelis - 1dronas.lt","isPartOf":{"@id":"https:\/\/1dronas.lt\/en\/#website"},"primaryImageOfPage":{"@id":"https:\/\/1dronas.lt\/en\/produktas\/flywoo-lakuotos-odos-akumuliatoriaus-dirzelis\/#primaryimage"},"image":{"@id":"https:\/\/1dronas.lt\/en\/produktas\/flywoo-lakuotos-odos-akumuliatoriaus-dirzelis\/#primaryimage"},"thumbnailUrl":"https:\/\/1dronas.lt\/wp-content\/uploads\/2026\/04\/15-250-5_1296x.jpeg.webp","datePublished":"2026-04-15T18:46:26+00:00","dateModified":"2026-04-15T18:55:47+00:00","breadcrumb":{"@id":"https:\/\/1dronas.lt\/en\/produktas\/flywoo-lakuotos-odos-akumuliatoriaus-dirzelis\/#breadcrumb"},"inLanguage":"en-US","potentialAction":[{"@type":"ReadAction","target":["https:\/\/1dronas.lt\/en\/produktas\/flywoo-lakuotos-odos-akumuliatoriaus-dirzelis\/"]}]},{"@type":"ImageObject","inLanguage":"en-US","@id":"https:\/\/1dronas.lt\/en\/produktas\/flywoo-lakuotos-odos-akumuliatoriaus-dirzelis\/#primaryimage","url":"https:\/\/1dronas.lt\/wp-content\/uploads\/2026\/04\/15-250-5_1296x.jpeg.webp","contentUrl":"https:\/\/1dronas.lt\/wp-content\/uploads\/2026\/04\/15-250-5_1296x.jpeg.webp","width":1280,"height":1280},{"@type":"BreadcrumbList","@id":"https:\/\/1dronas.lt\/en\/produktas\/flywoo-lakuotos-odos-akumuliatoriaus-dirzelis\/#breadcrumb","itemListElement":[{"@type":"ListItem","position":1,"name":"Home","item":"https:\/\/1dronas.lt\/"},{"@type":"ListItem","position":2,"name":"Parduotuv\u0117","item":"https:\/\/1dronas.lt\/parduotuve\/"},{"@type":"ListItem","position":3,"name":"Flywoo akumuliatoriaus dir\u017eelis"}]},{"@type":"WebSite","@id":"https:\/\/1dronas.lt\/en\/#website","url":"https:\/\/1dronas.lt\/en\/","name":"1dronas.lt","description":"Online store","publisher":{"@id":"https:\/\/1dronas.lt\/en\/#organization"},"potentialAction":[{"@type":"SearchAction","target":{"@type":"EntryPoint","urlTemplate":"https:\/\/1dronas.lt\/en\/?s={search_term_string}"},"query-input":{"@type":"PropertyValueSpecification","valueRequired":true,"valueName":"search_term_string"}}],"inLanguage":"en-US"},{"@type":"Organization","@id":"https:\/\/1dronas.lt\/en\/#organization","name":"1dronas.lt","url":"https:\/\/1dronas.lt\/en\/","logo":{"@type":"ImageObject","inLanguage":"en-US","@id":"https:\/\/1dronas.lt\/en\/#\/schema\/logo\/image\/","url":"https:\/\/1dronas.lt\/wp-content\/uploads\/2020\/12\/Ekrano_kopija__2_-removebg-preview-1-1.png","contentUrl":"https:\/\/1dronas.lt\/wp-content\/uploads\/2020\/12\/Ekrano_kopija__2_-removebg-preview-1-1.png","width":234,"height":81,"caption":"1dronas.lt"},"image":{"@id":"https:\/\/1dronas.lt\/en\/#\/schema\/logo\/image\/"},"sameAs":["https:\/\/www.facebook.com\/1dronas\/"]}]}},"jetpack_sharing_enabled":true,"_links":{"self":[{"href":"https:\/\/1dronas.lt\/en\/wp-json\/wp\/v2\/product\/18608","targetHints":{"allow":["GET"]}}],"collection":[{"href":"https:\/\/1dronas.lt\/en\/wp-json\/wp\/v2\/product"}],"about":[{"href":"https:\/\/1dronas.lt\/en\/wp-json\/wp\/v2\/types\/product"}],"replies":[{"embeddable":true,"href":"https:\/\/1dronas.lt\/en\/wp-json\/wp\/v2\/comments?post=18608"}],"wp:featuredmedia":[{"embeddable":true,"href":"https:\/\/1dronas.lt\/en\/wp-json\/wp\/v2\/media\/18611"}],"wp:attachment":[{"href":"https:\/\/1dronas.lt\/en\/wp-json\/wp\/v2\/media?parent=18608"}],"wp:term":[{"taxonomy":"product_brand","embeddable":true,"href":"https:\/\/1dronas.lt\/en\/wp-json\/wp\/v2\/product_brand?post=18608"},{"taxonomy":"product_cat","embeddable":true,"href":"https:\/\/1dronas.lt\/en\/wp-json\/wp\/v2\/product_cat?post=18608"},{"taxonomy":"product_tag","embeddable":true,"href":"https:\/\/1dronas.lt\/en\/wp-json\/wp\/v2\/product_tag?post=18608"}],"curies":[{"name":"wp","href":"https:\/\/api.w.org\/{rel}","templated":true}]}}