{"id":18590,"date":"2026-04-15T20:28:08","date_gmt":"2026-04-15T17:28:08","guid":{"rendered":"https:\/\/1dronas.lt\/?post_type=product&#038;p=18590"},"modified":"2026-04-15T20:32:51","modified_gmt":"2026-04-15T17:32:51","slug":"flywoo-goku-gm10-nano-v3-1-gps","status":"publish","type":"product","link":"https:\/\/1dronas.lt\/en\/produktas\/flywoo-goku-gm10-nano-v3-1-gps\/","title":{"rendered":"Flywoo GOKU GM10 Nano V3.1 GPS"},"content":{"rendered":"<p>FLYWOO GM10 NANO V3 \u2013 itin ma\u017eas ir lengvas GPS modulis, skirtas dronams bei kitoms RC sistemoms.Galimi du variantai: su integruotu kompasu ir be kompaso. Abu modeliai pasi\u017eymi naujausiu M10050 lustu, palaiko kelias palydovines sistemas ir u\u017etikrina greit\u0105 bei tiksl\u0173 pozicionavim\u0105.<\/p>\n<p><strong>Features:<\/strong><\/p>\n<p>\u2022 Palaikomos sistemos: GPS, GLONASS, Galileo, BeiDou, QZSS, SBAS;<br data-start=\"376\" data-end=\"379\" \/>\u2022 Naujausios kartos M10050 (10-os kartos) lustas;<br data-start=\"428\" data-end=\"431\" \/>\u2022 Greitas palydov\u0173 suradimas;<br data-start=\"460\" data-end=\"463\" \/>\u2022 Auk\u0161tas jautrumas ir stabilus signalas;<br data-start=\"504\" data-end=\"507\" \/>\u2022 Didelis duomen\u0173 atnaujinimo da\u017enis (iki 10 Hz);<br data-start=\"556\" data-end=\"559\" \/>\u2022 Itin lengvas ir kompakti\u0161kas dizainas;<br data-start=\"599\" data-end=\"602\" \/>\u2022 Plug &amp; Play (versijoje su kompasu \u2013 nereikia litavimo);<br data-start=\"659\" data-end=\"662\" \/>\u2022 4 kontakt\u0173 jungtis (be kompaso);<br data-start=\"696\" data-end=\"699\" \/>\u2022 6 kontakt\u0173 jungtis (su kompasu);<br data-start=\"782\" data-end=\"785\" \/>\u2022 Tikslesnis krypties nustatymas (su kompasu).<\/p>\n<p><strong>Specification:<\/strong><\/p>\n<p>\u2022 Matmenys: 12 x 16 x 4.5 mm (be kompaso) \/ 12 x 17 x 5 mm (su kompasu);<br data-start=\"933\" data-end=\"936\" \/>\u2022 Svoris: 2.5 g (be kompaso) \/ 2.6 g (su kompasu);<br data-start=\"986\" data-end=\"989\" \/>\u2022 Jungtis: 4-pin (be kompaso) \/ 6-pin (su kompasu);<br data-start=\"1040\" data-end=\"1043\" \/>\u2022 Lustas: M10050;<br data-start=\"1060\" data-end=\"1063\" \/>\u2022 Receiving Format: GPS \/ GLONASS \/ Galileo \/ BeiDou \/ QZSS \/ SBAS;<br data-start=\"1130\" data-end=\"1133\" \/>\u2022 Channels: 72;<br data-start=\"1147\" data-end=\"1150\" \/>\u2022 Da\u017eniai: GPS L1 \/ GLONASS L1 \/ BeiDou B1 \/ Galileo E1 \/ SBAS L1;<br data-start=\"1216\" data-end=\"1219\" \/>\u2022 Jautrumas: -162 dBm (tracking), -160 dBm (reacquisition);<br data-start=\"1278\" data-end=\"1281\" \/>\u2022 Atnaujinimo da\u017enis: 1\u201310 Hz (numatytas 10 Hz);<br data-start=\"1329\" data-end=\"1332\" \/>\u2022 Duomen\u0173 sparta: 4800\u2013921600 bps (numatyta 115200 bps);<br data-start=\"1388\" data-end=\"1391\" \/>\u2022 Duomen\u0173 lygis: TTL \/ RS-232 (numatytas TTL);<br data-start=\"1437\" data-end=\"1440\" \/>\u2022 Protokolas: BF4.3.X (UBLOX) \/ BF4.2.X (NMEA);<br data-start=\"1487\" data-end=\"1490\" \/>\u2022 Maks. auk\u0161tis: 50 000 m;<br data-start=\"1516\" data-end=\"1519\" \/>\u2022 Maks. greitis: 500 m\/s;<br data-start=\"1544\" data-end=\"1547\" \/>\u2022 Pagreitis: &lt; 4g;<br data-start=\"1565\" data-end=\"1568\" \/>\u2022 Maitinimas: 3.3\u20135 V;<br data-start=\"1590\" data-end=\"1593\" \/>\u2022 Darbin\u0117 temperat\u016bra: -40\u00b0C ~ +85\u00b0C;<br data-start=\"1630\" data-end=\"1633\" \/>\u2022 Sand\u0117liavimo temperat\u016bra: -40\u00b0C ~ +105\u00b0C.<\/p>\n<p><strong>Measurements:<\/strong><\/p>\n<p><span role=\"text\">Su kompasu:<\/span><\/p>\n<p><img loading=\"lazy\" decoding=\"async\" class=\"alignnone wp-image-18591\" src=\"https:\/\/1dronas.lt\/wp-content\/uploads\/2026\/04\/jpg-e1776274294571-1024x656.webp\" alt=\"\" width=\"487\" height=\"312\" srcset=\"https:\/\/1dronas.lt\/wp-content\/uploads\/2026\/04\/jpg-e1776274294571-1024x656.webp 1024w, https:\/\/1dronas.lt\/wp-content\/uploads\/2026\/04\/jpg-e1776274294571-300x192.webp 300w, https:\/\/1dronas.lt\/wp-content\/uploads\/2026\/04\/jpg-e1776274294571-768x492.webp 768w, https:\/\/1dronas.lt\/wp-content\/uploads\/2026\/04\/jpg-e1776274294571-18x12.webp 18w, https:\/\/1dronas.lt\/wp-content\/uploads\/2026\/04\/jpg-e1776274294571-510x327.webp 510w, https:\/\/1dronas.lt\/wp-content\/uploads\/2026\/04\/jpg-e1776274294571.webp 1280w\" sizes=\"auto, (max-width: 487px) 100vw, 487px\" \/><\/p>\n<p><span role=\"text\">Be kompaso:<\/span><\/p>\n<p><img loading=\"lazy\" decoding=\"async\" class=\"alignnone wp-image-18595\" src=\"https:\/\/1dronas.lt\/wp-content\/uploads\/2026\/04\/GM10-NANO-V3-1-7.jpeg-e1776274335730-1024x720.webp\" alt=\"\" width=\"497\" height=\"349\" srcset=\"https:\/\/1dronas.lt\/wp-content\/uploads\/2026\/04\/GM10-NANO-V3-1-7.jpeg-e1776274335730-1024x720.webp 1024w, https:\/\/1dronas.lt\/wp-content\/uploads\/2026\/04\/GM10-NANO-V3-1-7.jpeg-e1776274335730-300x211.webp 300w, https:\/\/1dronas.lt\/wp-content\/uploads\/2026\/04\/GM10-NANO-V3-1-7.jpeg-e1776274335730-768x540.webp 768w, https:\/\/1dronas.lt\/wp-content\/uploads\/2026\/04\/GM10-NANO-V3-1-7.jpeg-e1776274335730-1536x1081.webp 1536w, https:\/\/1dronas.lt\/wp-content\/uploads\/2026\/04\/GM10-NANO-V3-1-7.jpeg-e1776274335730-18x12.webp 18w, https:\/\/1dronas.lt\/wp-content\/uploads\/2026\/04\/GM10-NANO-V3-1-7.jpeg-e1776274335730-510x359.webp 510w, https:\/\/1dronas.lt\/wp-content\/uploads\/2026\/04\/GM10-NANO-V3-1-7.jpeg-e1776274335730.webp 2000w\" sizes=\"auto, (max-width: 497px) 100vw, 497px\" \/><\/p>\n<p><strong>Package:<\/strong><\/p>\n<p><span role=\"text\">Su kompasu:<\/span><\/p>\n<p data-start=\"2363\" data-end=\"2435\">1x GM10 NANO V3 GPS su kompasu;<br data-start=\"2394\" data-end=\"2397\" \/>1x 100 mm kabelis;<br \/>\n1x varin\u0117 folija.<br data-start=\"2415\" data-end=\"2418\" \/><img loading=\"lazy\" decoding=\"async\" class=\"alignnone wp-image-18600\" src=\"https:\/\/1dronas.lt\/wp-content\/uploads\/2026\/04\/fed4517485534669a3b1e7760b0f5089.jpg-e1776273653475.webp\" alt=\"\" width=\"473\" height=\"278\" srcset=\"https:\/\/1dronas.lt\/wp-content\/uploads\/2026\/04\/fed4517485534669a3b1e7760b0f5089.jpg-e1776273653475.webp 1000w, https:\/\/1dronas.lt\/wp-content\/uploads\/2026\/04\/fed4517485534669a3b1e7760b0f5089.jpg-e1776273653475-300x176.webp 300w, https:\/\/1dronas.lt\/wp-content\/uploads\/2026\/04\/fed4517485534669a3b1e7760b0f5089.jpg-e1776273653475-768x452.webp 768w, https:\/\/1dronas.lt\/wp-content\/uploads\/2026\/04\/fed4517485534669a3b1e7760b0f5089.jpg-e1776273653475-18x12.webp 18w, https:\/\/1dronas.lt\/wp-content\/uploads\/2026\/04\/fed4517485534669a3b1e7760b0f5089.jpg-e1776273653475-510x300.webp 510w\" sizes=\"auto, (max-width: 473px) 100vw, 473px\" \/><\/p>\n<p data-start=\"2363\" data-end=\"2435\"><span role=\"text\">Be kompaso:<\/span><\/p>\n<p data-start=\"2458\" data-end=\"2519\" data-is-last-node=\"\" data-is-only-node=\"\">1x GM10 NANO V3 GPS;<br data-start=\"2478\" data-end=\"2481\" \/>1x 100 mm kabelis;<br data-start=\"2499\" data-end=\"2502\" \/>1x varin\u0117 folija.<\/p>\n<p data-start=\"2458\" data-end=\"2519\" data-is-last-node=\"\" data-is-only-node=\"\"><img loading=\"lazy\" decoding=\"async\" class=\"alignnone wp-image-18593\" src=\"https:\/\/1dronas.lt\/wp-content\/uploads\/2026\/04\/GM10-NANO-V3-1-5.jpeg-e1776273731844-1024x751.webp\" alt=\"\" width=\"328\" height=\"240\" srcset=\"https:\/\/1dronas.lt\/wp-content\/uploads\/2026\/04\/GM10-NANO-V3-1-5.jpeg-e1776273731844-1024x751.webp 1024w, https:\/\/1dronas.lt\/wp-content\/uploads\/2026\/04\/GM10-NANO-V3-1-5.jpeg-e1776273731844-300x220.webp 300w, https:\/\/1dronas.lt\/wp-content\/uploads\/2026\/04\/GM10-NANO-V3-1-5.jpeg-e1776273731844-768x563.webp 768w, https:\/\/1dronas.lt\/wp-content\/uploads\/2026\/04\/GM10-NANO-V3-1-5.jpeg-e1776273731844-1536x1127.webp 1536w, https:\/\/1dronas.lt\/wp-content\/uploads\/2026\/04\/GM10-NANO-V3-1-5.jpeg-e1776273731844-16x12.webp 16w, https:\/\/1dronas.lt\/wp-content\/uploads\/2026\/04\/GM10-NANO-V3-1-5.jpeg-e1776273731844-510x374.webp 510w, https:\/\/1dronas.lt\/wp-content\/uploads\/2026\/04\/GM10-NANO-V3-1-5.jpeg-e1776273731844.webp 2000w\" sizes=\"auto, (max-width: 328px) 100vw, 328px\" \/><\/p>","protected":false},"excerpt":{"rendered":"<p><span style=\"color: #333333;\">FLYWOO GM10 NANO V3 GPS \u2013 itin kompakti\u0161kas (tik ~2.5 g) ir lengvai montuojamas GPS modulis su naujausiu M10050 lustu, palaikantis kelias palydovines sistemas bei u\u017etikrinantis greit\u0105, tiksl\u0173 ir stabil\u0173 pozicionavim\u0105,<\/span><\/p>\n<p><span style=\"color: #333333;\"><strong><img loading=\"lazy\" decoding=\"async\" class=\"alignnone wp-image-1806\" src=\"https:\/\/1dronas.lt\/wp-content\/uploads\/2021\/05\/delivery-icon.png.webp\" alt=\"\" width=\"24\" height=\"24\" srcset=\"https:\/\/1dronas.lt\/wp-content\/uploads\/2021\/05\/delivery-icon.png 35w, https:\/\/1dronas.lt\/wp-content\/uploads\/2021\/05\/delivery-icon-12x12.png 12w\" sizes=\"auto, (max-width: 24px) 100vw, 24px\" \/>\u00a0\u00a0\u00a01 \u2013 2 days<\/strong><\/span><\/p>","protected":false},"featured_media":18602,"comment_status":"open","ping_status":"closed","template":"","meta":[],"product_brand":[1152],"product_cat":[220],"product_tag":[90,1282,40],"class_list":{"0":"post-18590","1":"product","2":"type-product","3":"status-publish","4":"has-post-thumbnail","6":"product_brand-flywoo","7":"product_cat-gps","8":"product_tag-flywoo","9":"product_tag-goku-gm10-nano","10":"product_tag-gps","12":"first","13":"instock","14":"taxable","15":"shipping-taxable","16":"purchasable","17":"product-type-variable","18":"has-default-attributes"},"yoast_head":"<!-- This site is optimized with the Yoast SEO plugin v27.4 - https:\/\/yoast.com\/product\/yoast-seo-wordpress\/ -->\n<title>Flywoo GOKU GM10 Nano V3.1 GPS - 1dronas.lt<\/title>\n<meta name=\"robots\" content=\"index, follow, max-snippet:-1, max-image-preview:large, max-video-preview:-1\" \/>\n<link rel=\"canonical\" href=\"https:\/\/1dronas.lt\/en\/produktas\/flywoo-goku-gm10-nano-v3-1-gps\/\" \/>\n<meta property=\"og:locale\" content=\"en_US\" \/>\n<meta property=\"og:type\" content=\"article\" \/>\n<meta property=\"og:title\" content=\"Flywoo GOKU GM10 Nano V3.1 GPS - 1dronas.lt\" \/>\n<meta property=\"og:description\" content=\"FLYWOO GM10 NANO V3 GPS \u2013 itin kompakti\u0161kas (tik ~2.5 g) ir lengvai montuojamas GPS modulis su naujausiu M10050 lustu, palaikantis kelias palydovines sistemas bei u\u017etikrinantis greit\u0105, tiksl\u0173 ir stabil\u0173 pozicionavim\u0105,  \u00a0\u00a0\u00a01 \u2013 2 d. d.\" \/>\n<meta property=\"og:url\" content=\"https:\/\/1dronas.lt\/en\/produktas\/flywoo-goku-gm10-nano-v3-1-gps\/\" \/>\n<meta property=\"og:site_name\" content=\"1dronas.lt\" \/>\n<meta property=\"article:publisher\" content=\"https:\/\/www.facebook.com\/1dronas\/\" \/>\n<meta property=\"article:modified_time\" content=\"2026-04-15T17:32:51+00:00\" \/>\n<meta property=\"og:image\" content=\"https:\/\/1dronas.lt\/wp-content\/uploads\/2026\/04\/nanov3.jpg\" \/>\n\t<meta property=\"og:image:width\" content=\"1280\" \/>\n\t<meta property=\"og:image:height\" content=\"1280\" \/>\n\t<meta property=\"og:image:type\" content=\"image\/jpeg\" \/>\n<meta name=\"twitter:card\" content=\"summary_large_image\" \/>\n<meta name=\"twitter:label1\" content=\"Est. reading time\" \/>\n\t<meta name=\"twitter:data1\" content=\"3 minutes\" \/>\n<script type=\"application\/ld+json\" class=\"yoast-schema-graph\">{\"@context\":\"https:\\\/\\\/schema.org\",\"@graph\":[{\"@type\":\"WebPage\",\"@id\":\"https:\\\/\\\/1dronas.lt\\\/en\\\/produktas\\\/flywoo-goku-gm10-nano-v3-1-gps\\\/\",\"url\":\"https:\\\/\\\/1dronas.lt\\\/en\\\/produktas\\\/flywoo-goku-gm10-nano-v3-1-gps\\\/\",\"name\":\"Flywoo GOKU GM10 Nano V3.1 GPS - 1dronas.lt\",\"isPartOf\":{\"@id\":\"https:\\\/\\\/1dronas.lt\\\/en\\\/#website\"},\"primaryImageOfPage\":{\"@id\":\"https:\\\/\\\/1dronas.lt\\\/en\\\/produktas\\\/flywoo-goku-gm10-nano-v3-1-gps\\\/#primaryimage\"},\"image\":{\"@id\":\"https:\\\/\\\/1dronas.lt\\\/en\\\/produktas\\\/flywoo-goku-gm10-nano-v3-1-gps\\\/#primaryimage\"},\"thumbnailUrl\":\"https:\\\/\\\/1dronas.lt\\\/wp-content\\\/uploads\\\/2026\\\/04\\\/nanov3.jpg\",\"datePublished\":\"2026-04-15T17:28:08+00:00\",\"dateModified\":\"2026-04-15T17:32:51+00:00\",\"breadcrumb\":{\"@id\":\"https:\\\/\\\/1dronas.lt\\\/en\\\/produktas\\\/flywoo-goku-gm10-nano-v3-1-gps\\\/#breadcrumb\"},\"inLanguage\":\"en-US\",\"potentialAction\":[{\"@type\":\"ReadAction\",\"target\":[\"https:\\\/\\\/1dronas.lt\\\/en\\\/produktas\\\/flywoo-goku-gm10-nano-v3-1-gps\\\/\"]}]},{\"@type\":\"ImageObject\",\"inLanguage\":\"en-US\",\"@id\":\"https:\\\/\\\/1dronas.lt\\\/en\\\/produktas\\\/flywoo-goku-gm10-nano-v3-1-gps\\\/#primaryimage\",\"url\":\"https:\\\/\\\/1dronas.lt\\\/wp-content\\\/uploads\\\/2026\\\/04\\\/nanov3.jpg\",\"contentUrl\":\"https:\\\/\\\/1dronas.lt\\\/wp-content\\\/uploads\\\/2026\\\/04\\\/nanov3.jpg\",\"width\":1280,\"height\":1280},{\"@type\":\"BreadcrumbList\",\"@id\":\"https:\\\/\\\/1dronas.lt\\\/en\\\/produktas\\\/flywoo-goku-gm10-nano-v3-1-gps\\\/#breadcrumb\",\"itemListElement\":[{\"@type\":\"ListItem\",\"position\":1,\"name\":\"Home\",\"item\":\"https:\\\/\\\/1dronas.lt\\\/\"},{\"@type\":\"ListItem\",\"position\":2,\"name\":\"Parduotuv\u0117\",\"item\":\"https:\\\/\\\/1dronas.lt\\\/parduotuve\\\/\"},{\"@type\":\"ListItem\",\"position\":3,\"name\":\"Flywoo GOKU GM10 Nano V3.1 GPS\"}]},{\"@type\":\"WebSite\",\"@id\":\"https:\\\/\\\/1dronas.lt\\\/en\\\/#website\",\"url\":\"https:\\\/\\\/1dronas.lt\\\/en\\\/\",\"name\":\"1dronas.lt\",\"description\":\"Internetin\u0117 parduotuv\u0117\",\"publisher\":{\"@id\":\"https:\\\/\\\/1dronas.lt\\\/en\\\/#organization\"},\"potentialAction\":[{\"@type\":\"SearchAction\",\"target\":{\"@type\":\"EntryPoint\",\"urlTemplate\":\"https:\\\/\\\/1dronas.lt\\\/en\\\/?s={search_term_string}\"},\"query-input\":{\"@type\":\"PropertyValueSpecification\",\"valueRequired\":true,\"valueName\":\"search_term_string\"}}],\"inLanguage\":\"en-US\"},{\"@type\":\"Organization\",\"@id\":\"https:\\\/\\\/1dronas.lt\\\/en\\\/#organization\",\"name\":\"1dronas.lt\",\"url\":\"https:\\\/\\\/1dronas.lt\\\/en\\\/\",\"logo\":{\"@type\":\"ImageObject\",\"inLanguage\":\"en-US\",\"@id\":\"https:\\\/\\\/1dronas.lt\\\/en\\\/#\\\/schema\\\/logo\\\/image\\\/\",\"url\":\"https:\\\/\\\/1dronas.lt\\\/wp-content\\\/uploads\\\/2020\\\/12\\\/Ekrano_kopija__2_-removebg-preview-1-1.png\",\"contentUrl\":\"https:\\\/\\\/1dronas.lt\\\/wp-content\\\/uploads\\\/2020\\\/12\\\/Ekrano_kopija__2_-removebg-preview-1-1.png\",\"width\":234,\"height\":81,\"caption\":\"1dronas.lt\"},\"image\":{\"@id\":\"https:\\\/\\\/1dronas.lt\\\/en\\\/#\\\/schema\\\/logo\\\/image\\\/\"},\"sameAs\":[\"https:\\\/\\\/www.facebook.com\\\/1dronas\\\/\"]}]}<\/script>\n<!-- \/ Yoast SEO plugin. -->","yoast_head_json":{"title":"Flywoo GOKU GM10 Nano V3.1 GPS - 1dronas.lt","robots":{"index":"index","follow":"follow","max-snippet":"max-snippet:-1","max-image-preview":"max-image-preview:large","max-video-preview":"max-video-preview:-1"},"canonical":"https:\/\/1dronas.lt\/en\/produktas\/flywoo-goku-gm10-nano-v3-1-gps\/","og_locale":"en_US","og_type":"article","og_title":"Flywoo GOKU GM10 Nano V3.1 GPS - 1dronas.lt","og_description":"FLYWOO GM10 NANO V3 GPS \u2013 itin kompakti\u0161kas (tik ~2.5 g) ir lengvai montuojamas GPS modulis su naujausiu M10050 lustu, palaikantis kelias palydovines sistemas bei u\u017etikrinantis greit\u0105, tiksl\u0173 ir stabil\u0173 pozicionavim\u0105,  \u00a0\u00a0\u00a01 \u2013 2 d. d.","og_url":"https:\/\/1dronas.lt\/en\/produktas\/flywoo-goku-gm10-nano-v3-1-gps\/","og_site_name":"1dronas.lt","article_publisher":"https:\/\/www.facebook.com\/1dronas\/","article_modified_time":"2026-04-15T17:32:51+00:00","og_image":[{"width":1280,"height":1280,"url":"https:\/\/1dronas.lt\/wp-content\/uploads\/2026\/04\/nanov3.jpg","type":"image\/jpeg"}],"twitter_card":"summary_large_image","twitter_misc":{"Est. reading time":"3 minutes"},"schema":{"@context":"https:\/\/schema.org","@graph":[{"@type":"WebPage","@id":"https:\/\/1dronas.lt\/en\/produktas\/flywoo-goku-gm10-nano-v3-1-gps\/","url":"https:\/\/1dronas.lt\/en\/produktas\/flywoo-goku-gm10-nano-v3-1-gps\/","name":"Flywoo GOKU GM10 Nano V3.1 GPS - 1dronas.lt","isPartOf":{"@id":"https:\/\/1dronas.lt\/en\/#website"},"primaryImageOfPage":{"@id":"https:\/\/1dronas.lt\/en\/produktas\/flywoo-goku-gm10-nano-v3-1-gps\/#primaryimage"},"image":{"@id":"https:\/\/1dronas.lt\/en\/produktas\/flywoo-goku-gm10-nano-v3-1-gps\/#primaryimage"},"thumbnailUrl":"https:\/\/1dronas.lt\/wp-content\/uploads\/2026\/04\/nanov3.jpg","datePublished":"2026-04-15T17:28:08+00:00","dateModified":"2026-04-15T17:32:51+00:00","breadcrumb":{"@id":"https:\/\/1dronas.lt\/en\/produktas\/flywoo-goku-gm10-nano-v3-1-gps\/#breadcrumb"},"inLanguage":"en-US","potentialAction":[{"@type":"ReadAction","target":["https:\/\/1dronas.lt\/en\/produktas\/flywoo-goku-gm10-nano-v3-1-gps\/"]}]},{"@type":"ImageObject","inLanguage":"en-US","@id":"https:\/\/1dronas.lt\/en\/produktas\/flywoo-goku-gm10-nano-v3-1-gps\/#primaryimage","url":"https:\/\/1dronas.lt\/wp-content\/uploads\/2026\/04\/nanov3.jpg","contentUrl":"https:\/\/1dronas.lt\/wp-content\/uploads\/2026\/04\/nanov3.jpg","width":1280,"height":1280},{"@type":"BreadcrumbList","@id":"https:\/\/1dronas.lt\/en\/produktas\/flywoo-goku-gm10-nano-v3-1-gps\/#breadcrumb","itemListElement":[{"@type":"ListItem","position":1,"name":"Home","item":"https:\/\/1dronas.lt\/"},{"@type":"ListItem","position":2,"name":"Parduotuv\u0117","item":"https:\/\/1dronas.lt\/parduotuve\/"},{"@type":"ListItem","position":3,"name":"Flywoo GOKU GM10 Nano V3.1 GPS"}]},{"@type":"WebSite","@id":"https:\/\/1dronas.lt\/en\/#website","url":"https:\/\/1dronas.lt\/en\/","name":"1dronas.lt","description":"Online store","publisher":{"@id":"https:\/\/1dronas.lt\/en\/#organization"},"potentialAction":[{"@type":"SearchAction","target":{"@type":"EntryPoint","urlTemplate":"https:\/\/1dronas.lt\/en\/?s={search_term_string}"},"query-input":{"@type":"PropertyValueSpecification","valueRequired":true,"valueName":"search_term_string"}}],"inLanguage":"en-US"},{"@type":"Organization","@id":"https:\/\/1dronas.lt\/en\/#organization","name":"1dronas.lt","url":"https:\/\/1dronas.lt\/en\/","logo":{"@type":"ImageObject","inLanguage":"en-US","@id":"https:\/\/1dronas.lt\/en\/#\/schema\/logo\/image\/","url":"https:\/\/1dronas.lt\/wp-content\/uploads\/2020\/12\/Ekrano_kopija__2_-removebg-preview-1-1.png","contentUrl":"https:\/\/1dronas.lt\/wp-content\/uploads\/2020\/12\/Ekrano_kopija__2_-removebg-preview-1-1.png","width":234,"height":81,"caption":"1dronas.lt"},"image":{"@id":"https:\/\/1dronas.lt\/en\/#\/schema\/logo\/image\/"},"sameAs":["https:\/\/www.facebook.com\/1dronas\/"]}]}},"jetpack_sharing_enabled":true,"_links":{"self":[{"href":"https:\/\/1dronas.lt\/en\/wp-json\/wp\/v2\/product\/18590","targetHints":{"allow":["GET"]}}],"collection":[{"href":"https:\/\/1dronas.lt\/en\/wp-json\/wp\/v2\/product"}],"about":[{"href":"https:\/\/1dronas.lt\/en\/wp-json\/wp\/v2\/types\/product"}],"replies":[{"embeddable":true,"href":"https:\/\/1dronas.lt\/en\/wp-json\/wp\/v2\/comments?post=18590"}],"wp:featuredmedia":[{"embeddable":true,"href":"https:\/\/1dronas.lt\/en\/wp-json\/wp\/v2\/media\/18602"}],"wp:attachment":[{"href":"https:\/\/1dronas.lt\/en\/wp-json\/wp\/v2\/media?parent=18590"}],"wp:term":[{"taxonomy":"product_brand","embeddable":true,"href":"https:\/\/1dronas.lt\/en\/wp-json\/wp\/v2\/product_brand?post=18590"},{"taxonomy":"product_cat","embeddable":true,"href":"https:\/\/1dronas.lt\/en\/wp-json\/wp\/v2\/product_cat?post=18590"},{"taxonomy":"product_tag","embeddable":true,"href":"https:\/\/1dronas.lt\/en\/wp-json\/wp\/v2\/product_tag?post=18590"}],"curies":[{"name":"wp","href":"https:\/\/api.w.org\/{rel}","templated":true}]}}