{"id":18565,"date":"2026-04-15T16:43:55","date_gmt":"2026-04-15T13:43:55","guid":{"rendered":"https:\/\/1dronas.lt\/?post_type=product&#038;p=18565"},"modified":"2026-04-15T16:44:14","modified_gmt":"2026-04-15T13:44:14","slug":"flywoo-goku-gm10-mini-v3","status":"publish","type":"product","link":"https:\/\/1dronas.lt\/en\/produktas\/flywoo-goku-gm10-mini-v3\/","title":{"rendered":"Flywoo GOKU GM10 Mini V3"},"content":{"rendered":"<p>FLYWOO GM10 MINI V3 \u2013 kompakti\u0161kas ir lengvas GPS modulis, skirtas dronams ir kitoms RC sistemoms. Galimi du variantai: su integruotu kompasu ir be kompaso. Abu modeliai palaiko kelias palydovines sistemas ir u\u017etikrina stabil\u0173 bei tiksl\u0173 pozicionavim\u0105.<\/p>\n<p><strong>Features:<\/strong><\/p>\n<p>\u2022 Palaikomos sistemos: GPS, GLONASS, Galileo, BeiDou, QZSS, SBAS;<br \/>\n\u2022 Greitas palydov\u0173 suradimas;<br \/>\n\u2022 Stabilus signalas;<br \/>\n\u2022 Standartinis GPS modulis;<br \/>\n\u2022 4 kontakt\u0173 jungtis;<br \/>\n\u2022 Integruotas 3 a\u0161i\u0173 kompasas (QMC5883L) (Versijoje su kompasu);<br \/>\n\u2022 Tikslesnis krypties nustatymas (Versijoje su kompasu);<br \/>\n\u2022 6 kontakt\u0173 jungtis (Versijoje su kompasu).<\/p>\n<p><strong>Specification:<\/strong><\/p>\n<p>\u2022 Matmenys: 18 x 18 x 4.8 mm;<br data-start=\"51\" data-end=\"54\" \/>\u2022 Svoris: 4.1 g (su kompasu) \/ 4.7 g (be kompaso);<br data-start=\"104\" data-end=\"107\" \/>\u2022 Jungtis: 6-pin (su kompasu) \/ 4-pin (be kompaso), 1.0 mm;<br data-start=\"166\" data-end=\"169\" \/>\u2022 Lustas: M10050;<br data-start=\"186\" data-end=\"189\" \/>\u2022 Receiving Format: GPS \/ GLONASS \/ Galileo \/ BeiDou \/ QZSS \/ SBAS;<br data-start=\"256\" data-end=\"259\" \/>\u2022 Channels: 72;<br data-start=\"273\" data-end=\"276\" \/>\u2022 Da\u017eniai: GPS L1 \/ GLONASS L1 \/ BeiDou B1 \/ Galileo E1 \/ SBAS L1;<br data-start=\"342\" data-end=\"345\" \/>\u2022 Jautrumas: -162 dBm (tracking), -160 dBm (reacquisition);<br data-start=\"404\" data-end=\"407\" \/>\u2022 Atnaujinimo da\u017enis: 1\u201310 Hz (numatytas 10 Hz);<br data-start=\"455\" data-end=\"458\" \/>\u2022 Duomen\u0173 sparta: 4800\u2013921600 bps (numatyta 115200 bps);<br data-start=\"514\" data-end=\"517\" \/>\u2022 Duomen\u0173 lygis: TTL \/ RS-232 (numatytas TTL);<br data-start=\"563\" data-end=\"566\" \/>\u2022 Protokolas: BF4.3.X (UBLOX) \/ BF4.2.X (NMEA);<br data-start=\"613\" data-end=\"616\" \/>\u2022 Maks. auk\u0161tis: 50 000 m;<br data-start=\"642\" data-end=\"645\" \/>\u2022 Maks. greitis: 500 m\/s;<br data-start=\"670\" data-end=\"673\" \/>\u2022 Pagreitis: &lt; 4g;<br data-start=\"691\" data-end=\"694\" \/>\u2022 Maitinimas: 5V;<br data-start=\"711\" data-end=\"714\" \/>\u2022 Darbin\u0117 temperat\u016bra: -40\u00b0C ~ +85\u00b0C;<br data-start=\"751\" data-end=\"754\" \/>\u2022 Sand\u0117liavimo temperat\u016bra: -40\u00b0C ~ +105\u00b0C.<\/p>\n<p><strong>Measurements:<\/strong><\/p>\n<p>Be kompaso:<\/p>\n<p><img loading=\"lazy\" decoding=\"async\" class=\"alignnone wp-image-18569\" src=\"https:\/\/1dronas.lt\/wp-content\/uploads\/2026\/04\/79.jpg-e1776253431201-1024x622.webp\" alt=\"\" width=\"529\" height=\"321\" srcset=\"https:\/\/1dronas.lt\/wp-content\/uploads\/2026\/04\/79.jpg-e1776253431201-1024x622.webp 1024w, https:\/\/1dronas.lt\/wp-content\/uploads\/2026\/04\/79.jpg-e1776253431201-300x182.webp 300w, https:\/\/1dronas.lt\/wp-content\/uploads\/2026\/04\/79.jpg-e1776253431201-768x466.webp 768w, https:\/\/1dronas.lt\/wp-content\/uploads\/2026\/04\/79.jpg-e1776253431201-18x12.webp 18w, https:\/\/1dronas.lt\/wp-content\/uploads\/2026\/04\/79.jpg-e1776253431201-510x310.webp 510w, https:\/\/1dronas.lt\/wp-content\/uploads\/2026\/04\/79.jpg-e1776253431201.webp 1280w\" sizes=\"auto, (max-width: 529px) 100vw, 529px\" \/><\/p>\n<p>Su kompasu:<\/p>\n<p><img loading=\"lazy\" decoding=\"async\" class=\"alignnone wp-image-18566\" src=\"https:\/\/1dronas.lt\/wp-content\/uploads\/2026\/04\/26.jpeg-e1776253472976-1024x610.webp\" alt=\"\" width=\"515\" height=\"307\" srcset=\"https:\/\/1dronas.lt\/wp-content\/uploads\/2026\/04\/26.jpeg-e1776253472976-1024x610.webp 1024w, https:\/\/1dronas.lt\/wp-content\/uploads\/2026\/04\/26.jpeg-e1776253472976-300x179.webp 300w, https:\/\/1dronas.lt\/wp-content\/uploads\/2026\/04\/26.jpeg-e1776253472976-768x457.webp 768w, https:\/\/1dronas.lt\/wp-content\/uploads\/2026\/04\/26.jpeg-e1776253472976-18x12.webp 18w, https:\/\/1dronas.lt\/wp-content\/uploads\/2026\/04\/26.jpeg-e1776253472976-510x304.webp 510w, https:\/\/1dronas.lt\/wp-content\/uploads\/2026\/04\/26.jpeg-e1776253472976.webp 1280w\" sizes=\"auto, (max-width: 515px) 100vw, 515px\" \/><\/p>\n<p><strong>Package:<\/strong><\/p>\n<p data-start=\"1891\" data-end=\"1904\">Su kompasu:<\/p>\n<p data-start=\"1891\" data-end=\"1904\">1x GM10 MINI V3 GPS su kompasu;<br \/>\n1x 150 mm kabelis;<br \/>\n1x varin\u0117 folija.<\/p>\n<p data-start=\"1987\" data-end=\"2000\">Be kompaso:<\/p>\n<p>1x GM10 MINI V3 GPS;<br \/>\n1x 100 mm kabelis;<br \/>\n1x varin\u0117 folija.<\/p>\n<p><strong>Connection\/Diagram:<\/strong><\/p>\n<p><img loading=\"lazy\" decoding=\"async\" class=\"alignnone wp-image-18575\" src=\"https:\/\/1dronas.lt\/wp-content\/uploads\/2026\/04\/20221214212750.png.webp\" alt=\"\" width=\"345\" height=\"665\" srcset=\"https:\/\/1dronas.lt\/wp-content\/uploads\/2026\/04\/20221214212750.png.webp 492w, https:\/\/1dronas.lt\/wp-content\/uploads\/2026\/04\/20221214212750.png-156x300.webp 156w, https:\/\/1dronas.lt\/wp-content\/uploads\/2026\/04\/20221214212750.png-6x12.webp 6w\" sizes=\"auto, (max-width: 345px) 100vw, 345px\" \/> <img loading=\"lazy\" decoding=\"async\" class=\"alignnone wp-image-18573\" src=\"https:\/\/1dronas.lt\/wp-content\/uploads\/2026\/04\/img-v2-b08d8a75-24ce-4942-8711-2e35343ec20g.jpeg-1024x700.webp\" alt=\"\" width=\"726\" height=\"496\" srcset=\"https:\/\/1dronas.lt\/wp-content\/uploads\/2026\/04\/img-v2-b08d8a75-24ce-4942-8711-2e35343ec20g.jpeg-1024x700.webp 1024w, https:\/\/1dronas.lt\/wp-content\/uploads\/2026\/04\/img-v2-b08d8a75-24ce-4942-8711-2e35343ec20g.jpeg-300x205.webp 300w, https:\/\/1dronas.lt\/wp-content\/uploads\/2026\/04\/img-v2-b08d8a75-24ce-4942-8711-2e35343ec20g.jpeg-768x525.webp 768w, https:\/\/1dronas.lt\/wp-content\/uploads\/2026\/04\/img-v2-b08d8a75-24ce-4942-8711-2e35343ec20g.jpeg-1536x1050.webp 1536w, https:\/\/1dronas.lt\/wp-content\/uploads\/2026\/04\/img-v2-b08d8a75-24ce-4942-8711-2e35343ec20g.jpeg-18x12.webp 18w, https:\/\/1dronas.lt\/wp-content\/uploads\/2026\/04\/img-v2-b08d8a75-24ce-4942-8711-2e35343ec20g.jpeg-510x349.webp 510w, https:\/\/1dronas.lt\/wp-content\/uploads\/2026\/04\/img-v2-b08d8a75-24ce-4942-8711-2e35343ec20g.jpeg.webp 1688w\" sizes=\"auto, (max-width: 726px) 100vw, 726px\" \/><\/p>","protected":false},"excerpt":{"rendered":"<p><span style=\"color: #333333;\">Kompakti\u0161kas FLYWOO GM10 MINI V3 GPS modulis su integruotu kompasu arba be jo, palaikantis kelias palydovines sistemas ir u\u017etikrinantis tiksl\u0173 bei stabil\u0173 pozicionavim\u0105 dronams ir RC \u012frenginiams.<\/span><\/p>\n<p><span style=\"color: #333333;\"><strong><img loading=\"lazy\" decoding=\"async\" class=\"alignnone wp-image-1806\" src=\"https:\/\/1dronas.lt\/wp-content\/uploads\/2021\/05\/delivery-icon.png.webp\" alt=\"\" width=\"24\" height=\"24\" srcset=\"https:\/\/1dronas.lt\/wp-content\/uploads\/2021\/05\/delivery-icon.png 35w, https:\/\/1dronas.lt\/wp-content\/uploads\/2021\/05\/delivery-icon-12x12.png 12w\" sizes=\"auto, (max-width: 24px) 100vw, 24px\" \/>\u00a0\u00a0\u00a01 \u2013 2 days<\/strong><\/span><\/p>","protected":false},"featured_media":18576,"comment_status":"open","ping_status":"closed","template":"","meta":[],"product_brand":[1152],"product_cat":[220],"product_tag":[90,1281,40,888],"class_list":{"0":"post-18565","1":"product","2":"type-product","3":"status-publish","4":"has-post-thumbnail","6":"product_brand-flywoo","7":"product_cat-gps","8":"product_tag-flywoo","9":"product_tag-goku-gm10-mini","10":"product_tag-gps","11":"product_tag-v3","13":"first","14":"instock","15":"taxable","16":"shipping-taxable","17":"purchasable","18":"product-type-variable","19":"has-default-attributes"},"yoast_head":"<!-- This site is optimized with the Yoast SEO plugin v27.4 - https:\/\/yoast.com\/product\/yoast-seo-wordpress\/ -->\n<title>Flywoo GOKU GM10 Mini V3 - 1dronas.lt<\/title>\n<meta name=\"robots\" content=\"index, follow, max-snippet:-1, max-image-preview:large, max-video-preview:-1\" \/>\n<link rel=\"canonical\" href=\"https:\/\/1dronas.lt\/en\/produktas\/flywoo-goku-gm10-mini-v3\/\" \/>\n<meta property=\"og:locale\" content=\"en_US\" \/>\n<meta property=\"og:type\" content=\"article\" \/>\n<meta property=\"og:title\" content=\"Flywoo GOKU GM10 Mini V3 - 1dronas.lt\" \/>\n<meta property=\"og:description\" content=\"Kompakti\u0161kas FLYWOO GM10 MINI V3 GPS modulis su integruotu kompasu arba be jo, palaikantis kelias palydovines sistemas ir u\u017etikrinantis tiksl\u0173 bei stabil\u0173 pozicionavim\u0105 dronams ir RC \u012frenginiams.  \u00a0\u00a0\u00a01 \u2013 2 d. d.\" \/>\n<meta property=\"og:url\" content=\"https:\/\/1dronas.lt\/en\/produktas\/flywoo-goku-gm10-mini-v3\/\" \/>\n<meta property=\"og:site_name\" content=\"1dronas.lt\" \/>\n<meta property=\"article:publisher\" content=\"https:\/\/www.facebook.com\/1dronas\/\" \/>\n<meta property=\"article:modified_time\" content=\"2026-04-15T13:44:14+00:00\" \/>\n<meta property=\"og:image\" content=\"https:\/\/1dronas.lt\/wp-content\/uploads\/2026\/04\/0010000.jpeg.webp\" \/>\n\t<meta property=\"og:image:width\" content=\"1280\" \/>\n\t<meta property=\"og:image:height\" content=\"1280\" \/>\n\t<meta property=\"og:image:type\" content=\"image\/webp\" \/>\n<meta name=\"twitter:card\" content=\"summary_large_image\" \/>\n<meta name=\"twitter:label1\" content=\"Est. reading time\" \/>\n\t<meta name=\"twitter:data1\" content=\"3 minutes\" \/>\n<script type=\"application\/ld+json\" class=\"yoast-schema-graph\">{\"@context\":\"https:\\\/\\\/schema.org\",\"@graph\":[{\"@type\":\"WebPage\",\"@id\":\"https:\\\/\\\/1dronas.lt\\\/en\\\/produktas\\\/flywoo-goku-gm10-mini-v3\\\/\",\"url\":\"https:\\\/\\\/1dronas.lt\\\/en\\\/produktas\\\/flywoo-goku-gm10-mini-v3\\\/\",\"name\":\"Flywoo GOKU GM10 Mini V3 - 1dronas.lt\",\"isPartOf\":{\"@id\":\"https:\\\/\\\/1dronas.lt\\\/en\\\/#website\"},\"primaryImageOfPage\":{\"@id\":\"https:\\\/\\\/1dronas.lt\\\/en\\\/produktas\\\/flywoo-goku-gm10-mini-v3\\\/#primaryimage\"},\"image\":{\"@id\":\"https:\\\/\\\/1dronas.lt\\\/en\\\/produktas\\\/flywoo-goku-gm10-mini-v3\\\/#primaryimage\"},\"thumbnailUrl\":\"https:\\\/\\\/1dronas.lt\\\/wp-content\\\/uploads\\\/2026\\\/04\\\/0010000.jpeg.webp\",\"datePublished\":\"2026-04-15T13:43:55+00:00\",\"dateModified\":\"2026-04-15T13:44:14+00:00\",\"breadcrumb\":{\"@id\":\"https:\\\/\\\/1dronas.lt\\\/en\\\/produktas\\\/flywoo-goku-gm10-mini-v3\\\/#breadcrumb\"},\"inLanguage\":\"en-US\",\"potentialAction\":[{\"@type\":\"ReadAction\",\"target\":[\"https:\\\/\\\/1dronas.lt\\\/en\\\/produktas\\\/flywoo-goku-gm10-mini-v3\\\/\"]}]},{\"@type\":\"ImageObject\",\"inLanguage\":\"en-US\",\"@id\":\"https:\\\/\\\/1dronas.lt\\\/en\\\/produktas\\\/flywoo-goku-gm10-mini-v3\\\/#primaryimage\",\"url\":\"https:\\\/\\\/1dronas.lt\\\/wp-content\\\/uploads\\\/2026\\\/04\\\/0010000.jpeg.webp\",\"contentUrl\":\"https:\\\/\\\/1dronas.lt\\\/wp-content\\\/uploads\\\/2026\\\/04\\\/0010000.jpeg.webp\",\"width\":1280,\"height\":1280},{\"@type\":\"BreadcrumbList\",\"@id\":\"https:\\\/\\\/1dronas.lt\\\/en\\\/produktas\\\/flywoo-goku-gm10-mini-v3\\\/#breadcrumb\",\"itemListElement\":[{\"@type\":\"ListItem\",\"position\":1,\"name\":\"Home\",\"item\":\"https:\\\/\\\/1dronas.lt\\\/\"},{\"@type\":\"ListItem\",\"position\":2,\"name\":\"Parduotuv\u0117\",\"item\":\"https:\\\/\\\/1dronas.lt\\\/parduotuve\\\/\"},{\"@type\":\"ListItem\",\"position\":3,\"name\":\"Flywoo GOKU GM10 Mini V3\"}]},{\"@type\":\"WebSite\",\"@id\":\"https:\\\/\\\/1dronas.lt\\\/en\\\/#website\",\"url\":\"https:\\\/\\\/1dronas.lt\\\/en\\\/\",\"name\":\"1dronas.lt\",\"description\":\"Internetin\u0117 parduotuv\u0117\",\"publisher\":{\"@id\":\"https:\\\/\\\/1dronas.lt\\\/en\\\/#organization\"},\"potentialAction\":[{\"@type\":\"SearchAction\",\"target\":{\"@type\":\"EntryPoint\",\"urlTemplate\":\"https:\\\/\\\/1dronas.lt\\\/en\\\/?s={search_term_string}\"},\"query-input\":{\"@type\":\"PropertyValueSpecification\",\"valueRequired\":true,\"valueName\":\"search_term_string\"}}],\"inLanguage\":\"en-US\"},{\"@type\":\"Organization\",\"@id\":\"https:\\\/\\\/1dronas.lt\\\/en\\\/#organization\",\"name\":\"1dronas.lt\",\"url\":\"https:\\\/\\\/1dronas.lt\\\/en\\\/\",\"logo\":{\"@type\":\"ImageObject\",\"inLanguage\":\"en-US\",\"@id\":\"https:\\\/\\\/1dronas.lt\\\/en\\\/#\\\/schema\\\/logo\\\/image\\\/\",\"url\":\"https:\\\/\\\/1dronas.lt\\\/wp-content\\\/uploads\\\/2020\\\/12\\\/Ekrano_kopija__2_-removebg-preview-1-1.png\",\"contentUrl\":\"https:\\\/\\\/1dronas.lt\\\/wp-content\\\/uploads\\\/2020\\\/12\\\/Ekrano_kopija__2_-removebg-preview-1-1.png\",\"width\":234,\"height\":81,\"caption\":\"1dronas.lt\"},\"image\":{\"@id\":\"https:\\\/\\\/1dronas.lt\\\/en\\\/#\\\/schema\\\/logo\\\/image\\\/\"},\"sameAs\":[\"https:\\\/\\\/www.facebook.com\\\/1dronas\\\/\"]}]}<\/script>\n<!-- \/ Yoast SEO plugin. -->","yoast_head_json":{"title":"Flywoo GOKU GM10 Mini V3 - 1dronas.lt","robots":{"index":"index","follow":"follow","max-snippet":"max-snippet:-1","max-image-preview":"max-image-preview:large","max-video-preview":"max-video-preview:-1"},"canonical":"https:\/\/1dronas.lt\/en\/produktas\/flywoo-goku-gm10-mini-v3\/","og_locale":"en_US","og_type":"article","og_title":"Flywoo GOKU GM10 Mini V3 - 1dronas.lt","og_description":"Kompakti\u0161kas FLYWOO GM10 MINI V3 GPS modulis su integruotu kompasu arba be jo, palaikantis kelias palydovines sistemas ir u\u017etikrinantis tiksl\u0173 bei stabil\u0173 pozicionavim\u0105 dronams ir RC \u012frenginiams.  \u00a0\u00a0\u00a01 \u2013 2 d. d.","og_url":"https:\/\/1dronas.lt\/en\/produktas\/flywoo-goku-gm10-mini-v3\/","og_site_name":"1dronas.lt","article_publisher":"https:\/\/www.facebook.com\/1dronas\/","article_modified_time":"2026-04-15T13:44:14+00:00","og_image":[{"width":1280,"height":1280,"url":"https:\/\/1dronas.lt\/wp-content\/uploads\/2026\/04\/0010000.jpeg.webp","type":"image\/webp"}],"twitter_card":"summary_large_image","twitter_misc":{"Est. reading time":"3 minutes"},"schema":{"@context":"https:\/\/schema.org","@graph":[{"@type":"WebPage","@id":"https:\/\/1dronas.lt\/en\/produktas\/flywoo-goku-gm10-mini-v3\/","url":"https:\/\/1dronas.lt\/en\/produktas\/flywoo-goku-gm10-mini-v3\/","name":"Flywoo GOKU GM10 Mini V3 - 1dronas.lt","isPartOf":{"@id":"https:\/\/1dronas.lt\/en\/#website"},"primaryImageOfPage":{"@id":"https:\/\/1dronas.lt\/en\/produktas\/flywoo-goku-gm10-mini-v3\/#primaryimage"},"image":{"@id":"https:\/\/1dronas.lt\/en\/produktas\/flywoo-goku-gm10-mini-v3\/#primaryimage"},"thumbnailUrl":"https:\/\/1dronas.lt\/wp-content\/uploads\/2026\/04\/0010000.jpeg.webp","datePublished":"2026-04-15T13:43:55+00:00","dateModified":"2026-04-15T13:44:14+00:00","breadcrumb":{"@id":"https:\/\/1dronas.lt\/en\/produktas\/flywoo-goku-gm10-mini-v3\/#breadcrumb"},"inLanguage":"en-US","potentialAction":[{"@type":"ReadAction","target":["https:\/\/1dronas.lt\/en\/produktas\/flywoo-goku-gm10-mini-v3\/"]}]},{"@type":"ImageObject","inLanguage":"en-US","@id":"https:\/\/1dronas.lt\/en\/produktas\/flywoo-goku-gm10-mini-v3\/#primaryimage","url":"https:\/\/1dronas.lt\/wp-content\/uploads\/2026\/04\/0010000.jpeg.webp","contentUrl":"https:\/\/1dronas.lt\/wp-content\/uploads\/2026\/04\/0010000.jpeg.webp","width":1280,"height":1280},{"@type":"BreadcrumbList","@id":"https:\/\/1dronas.lt\/en\/produktas\/flywoo-goku-gm10-mini-v3\/#breadcrumb","itemListElement":[{"@type":"ListItem","position":1,"name":"Home","item":"https:\/\/1dronas.lt\/"},{"@type":"ListItem","position":2,"name":"Parduotuv\u0117","item":"https:\/\/1dronas.lt\/parduotuve\/"},{"@type":"ListItem","position":3,"name":"Flywoo GOKU GM10 Mini V3"}]},{"@type":"WebSite","@id":"https:\/\/1dronas.lt\/en\/#website","url":"https:\/\/1dronas.lt\/en\/","name":"1dronas.lt","description":"Online store","publisher":{"@id":"https:\/\/1dronas.lt\/en\/#organization"},"potentialAction":[{"@type":"SearchAction","target":{"@type":"EntryPoint","urlTemplate":"https:\/\/1dronas.lt\/en\/?s={search_term_string}"},"query-input":{"@type":"PropertyValueSpecification","valueRequired":true,"valueName":"search_term_string"}}],"inLanguage":"en-US"},{"@type":"Organization","@id":"https:\/\/1dronas.lt\/en\/#organization","name":"1dronas.lt","url":"https:\/\/1dronas.lt\/en\/","logo":{"@type":"ImageObject","inLanguage":"en-US","@id":"https:\/\/1dronas.lt\/en\/#\/schema\/logo\/image\/","url":"https:\/\/1dronas.lt\/wp-content\/uploads\/2020\/12\/Ekrano_kopija__2_-removebg-preview-1-1.png","contentUrl":"https:\/\/1dronas.lt\/wp-content\/uploads\/2020\/12\/Ekrano_kopija__2_-removebg-preview-1-1.png","width":234,"height":81,"caption":"1dronas.lt"},"image":{"@id":"https:\/\/1dronas.lt\/en\/#\/schema\/logo\/image\/"},"sameAs":["https:\/\/www.facebook.com\/1dronas\/"]}]}},"jetpack_sharing_enabled":true,"_links":{"self":[{"href":"https:\/\/1dronas.lt\/en\/wp-json\/wp\/v2\/product\/18565","targetHints":{"allow":["GET"]}}],"collection":[{"href":"https:\/\/1dronas.lt\/en\/wp-json\/wp\/v2\/product"}],"about":[{"href":"https:\/\/1dronas.lt\/en\/wp-json\/wp\/v2\/types\/product"}],"replies":[{"embeddable":true,"href":"https:\/\/1dronas.lt\/en\/wp-json\/wp\/v2\/comments?post=18565"}],"wp:featuredmedia":[{"embeddable":true,"href":"https:\/\/1dronas.lt\/en\/wp-json\/wp\/v2\/media\/18576"}],"wp:attachment":[{"href":"https:\/\/1dronas.lt\/en\/wp-json\/wp\/v2\/media?parent=18565"}],"wp:term":[{"taxonomy":"product_brand","embeddable":true,"href":"https:\/\/1dronas.lt\/en\/wp-json\/wp\/v2\/product_brand?post=18565"},{"taxonomy":"product_cat","embeddable":true,"href":"https:\/\/1dronas.lt\/en\/wp-json\/wp\/v2\/product_cat?post=18565"},{"taxonomy":"product_tag","embeddable":true,"href":"https:\/\/1dronas.lt\/en\/wp-json\/wp\/v2\/product_tag?post=18565"}],"curies":[{"name":"wp","href":"https:\/\/api.w.org\/{rel}","templated":true}]}}