{"id":18475,"date":"2026-04-12T17:14:41","date_gmt":"2026-04-12T14:14:41","guid":{"rendered":"https:\/\/1dronas.lt\/?post_type=product&#038;p=18475"},"modified":"2026-04-12T17:16:48","modified_gmt":"2026-04-12T14:16:48","slug":"akumuliatorius-tattu-r-line-1700mah-22-2v-6s1p-160c-lipo-xt60-st","status":"publish","type":"product","link":"https:\/\/1dronas.lt\/en\/produktas\/akumuliatorius-tattu-r-line-1700mah-22-2v-6s1p-160c-lipo-xt60-st\/","title":{"rendered":"Akumuliatorius Tattu R-Line 1700mAh 22.2V 6S1P 160C LiPo \u2013 XT60 [ST]"},"content":{"rendered":"<p data-start=\"14\" data-end=\"601\" data-is-last-node=\"\" data-is-only-node=\"\">Tattu R-Line Version 6.0 \u2013 tai naujos kartos auk\u0161tos klas\u0117s baterija, sukurta maksimaliai FPV lenktyni\u0173 dron\u0173 galiai ir patikimumui. D\u0117l pa\u017eangios li\u010dio druskos formul\u0117s ir pusiau kieto elektrolito ji pasi\u017eymi didesniu energijos tankiu, ilgesniu tarnavimo laiku ir padidintu saugumu. Integruota 3D laid\u017eioji strukt\u016bra su grafitu, anglies nanovamzdeliais ir grafenu u\u017etikrina stabil\u0173 bei efektyv\u0173 didel\u0117s srov\u0117s tiekim\u0105 net esant ekstremalioms apkrovoms.<\/p>\n<p data-start=\"14\" data-end=\"601\" data-is-last-node=\"\" data-is-only-node=\"\"><strong>Features:<\/strong><\/p>\n<p data-start=\"14\" data-end=\"601\" data-is-last-node=\"\" data-is-only-node=\"\">\u2022 Auk\u0161tesnis energijos tankis ir saugesn\u0117 konstrukcija (nauja li\u010dio druskos formul\u0117 bei pusiau kietas elektrolitas);<br data-start=\"130\" data-end=\"133\" \/>\u2022 Stabilus ir patikimas didel\u0117s srov\u0117s tiekimas d\u0117l 3D laid\u017eios strukt\u016bros (grafitas, anglies nanovamzdeliai, grafenas);<br data-start=\"253\" data-end=\"256\" \/>\u2022 Greitesn\u0117 reakcija ir ma\u017eesn\u0117 vidin\u0117 var\u017ea naudojant nanodaleli\u0173 technologij\u0105;<br data-start=\"336\" data-end=\"339\" \/>\u2022 Pagerintas au\u0161inimas ir didesnis atsparumas sm\u016bgiams bei apkrovoms.<\/p>\n<p data-start=\"14\" data-end=\"601\" data-is-last-node=\"\" data-is-only-node=\"\"><strong>Specification:<\/strong><\/p>\n<p data-start=\"1909\" data-end=\"1925\">\u2022 Talpa: 1700mAh;<br \/>\n\u2022 Voltage: 22.2\/6S;<br \/>\n\u2022 Discharge rate: 160C;<br \/>\n\u2022 Svoris (\u00b110g): 246g;<br \/>\n\u2022 Dydis: 78 x 38 x 40mm.<\/p>\n<p data-start=\"1909\" data-end=\"1925\"><strong>Package:<\/strong><\/p>\n<p data-start=\"1909\" data-end=\"1925\">1x Tattu R-Line 1700mAh 6S baterija.<\/p>\n<p data-start=\"1909\" data-end=\"1925\"><img loading=\"lazy\" decoding=\"async\" class=\"alignnone wp-image-18476\" src=\"https:\/\/1dronas.lt\/wp-content\/uploads\/2026\/04\/2_3_0c16749b-ad59-4b3f-9a80-56b29c9eaefb.jpg.webp\" alt=\"\" width=\"435\" height=\"434\" srcset=\"https:\/\/1dronas.lt\/wp-content\/uploads\/2026\/04\/2_3_0c16749b-ad59-4b3f-9a80-56b29c9eaefb.jpg.webp 800w, https:\/\/1dronas.lt\/wp-content\/uploads\/2026\/04\/2_3_0c16749b-ad59-4b3f-9a80-56b29c9eaefb.jpg-300x300.webp 300w, https:\/\/1dronas.lt\/wp-content\/uploads\/2026\/04\/2_3_0c16749b-ad59-4b3f-9a80-56b29c9eaefb.jpg-150x150.webp 150w, https:\/\/1dronas.lt\/wp-content\/uploads\/2026\/04\/2_3_0c16749b-ad59-4b3f-9a80-56b29c9eaefb.jpg-768x767.webp 768w, https:\/\/1dronas.lt\/wp-content\/uploads\/2026\/04\/2_3_0c16749b-ad59-4b3f-9a80-56b29c9eaefb.jpg-12x12.webp 12w, https:\/\/1dronas.lt\/wp-content\/uploads\/2026\/04\/2_3_0c16749b-ad59-4b3f-9a80-56b29c9eaefb.jpg-247x247.webp 247w, https:\/\/1dronas.lt\/wp-content\/uploads\/2026\/04\/2_3_0c16749b-ad59-4b3f-9a80-56b29c9eaefb.jpg-510x509.webp 510w, https:\/\/1dronas.lt\/wp-content\/uploads\/2026\/04\/2_3_0c16749b-ad59-4b3f-9a80-56b29c9eaefb.jpg-100x100.webp 100w\" sizes=\"auto, (max-width: 435px) 100vw, 435px\" \/><\/p>\n<p><span style=\"color: #ed1c24;\"><strong>Important<\/strong><\/span><\/p>\n<p><span style=\"color: #ed1c24;\"><em>* Do not overcharge or leave batteries discharged for long periods of time;<\/em><\/span><br \/>\n<span style=\"color: #ed1c24;\"><em>* Do not store batteries near high temperatures;<\/em><\/span><br \/>\n<span style=\"color: #ed1c24;\"><em>* Do not throw batteries into fire;<br \/>\n* Do not throw batteries into water.<\/em><\/span><\/p>","protected":false},"excerpt":{"rendered":"<p><span style=\"color: #000000;\">Auk\u0161tos energijos tankio, saugi ir itin galinga baterija su pa\u017eangia 3D laid\u017eia strukt\u016bra, u\u017etikrinanti stabil\u0173 veikim\u0105, greit\u0105 reakcij\u0105 ir patikimum\u0105 net intensyviomis FPV lenktyni\u0173 s\u0105lygomis.<\/span><\/p>\n<p><span style=\"color: #000000;\"><strong><img loading=\"lazy\" decoding=\"async\" class=\"alignnone wp-image-1806\" src=\"https:\/\/1dronas.lt\/wp-content\/uploads\/2021\/05\/delivery-icon.png.webp\" alt=\"\" width=\"24\" height=\"24\" srcset=\"https:\/\/1dronas.lt\/wp-content\/uploads\/2021\/05\/delivery-icon.png 35w, https:\/\/1dronas.lt\/wp-content\/uploads\/2021\/05\/delivery-icon-12x12.png 12w\" sizes=\"auto, (max-width: 24px) 100vw, 24px\" \/>\u00a0\u00a0\u00a01 \u2013 2 days<\/strong><\/span><\/p>","protected":false},"featured_media":18481,"comment_status":"open","ping_status":"closed","template":"","meta":[],"product_brand":[706],"product_cat":[741],"product_tag":[796,1277,701,99,558,716,707,98],"class_list":{"0":"post-18475","1":"product","2":"type-product","3":"status-publish","4":"has-post-thumbnail","6":"product_brand-tattu","7":"product_cat-6s-lipo-akumuliatoriai","8":"product_tag-160c","9":"product_tag-1700mah","10":"product_tag-22-2v","11":"product_tag-6s","12":"product_tag-lipo","13":"product_tag-r-line","14":"product_tag-tattu","15":"product_tag-xt60","17":"first","18":"instock","19":"taxable","20":"shipping-taxable","21":"purchasable","22":"product-type-simple"},"yoast_head":"<!-- This site is optimized with the Yoast SEO plugin v27.3 - https:\/\/yoast.com\/product\/yoast-seo-wordpress\/ -->\n<title>Akumuliatorius Tattu R-Line 1700mAh 22.2V 6S1P 160C LiPo \u2013 XT60 [ST] - 1dronas.lt<\/title>\n<meta name=\"robots\" content=\"index, follow, max-snippet:-1, max-image-preview:large, max-video-preview:-1\" \/>\n<link rel=\"canonical\" href=\"https:\/\/1dronas.lt\/en\/produktas\/akumuliatorius-tattu-r-line-1700mah-22-2v-6s1p-160c-lipo-xt60-st\/\" \/>\n<meta property=\"og:locale\" content=\"en_US\" \/>\n<meta property=\"og:type\" content=\"article\" \/>\n<meta property=\"og:title\" content=\"Akumuliatorius Tattu R-Line 1700mAh 22.2V 6S1P 160C LiPo \u2013 XT60 [ST] - 1dronas.lt\" \/>\n<meta property=\"og:description\" content=\"Auk\u0161tos energijos tankio, saugi ir itin galinga baterija su pa\u017eangia 3D laid\u017eia strukt\u016bra, u\u017etikrinanti stabil\u0173 veikim\u0105, greit\u0105 reakcij\u0105 ir patikimum\u0105 net intensyviomis FPV lenktyni\u0173 s\u0105lygomis.  \u00a0\u00a0\u00a01 \u2013 2 d. d.\" \/>\n<meta property=\"og:url\" content=\"https:\/\/1dronas.lt\/en\/produktas\/akumuliatorius-tattu-r-line-1700mah-22-2v-6s1p-160c-lipo-xt60-st\/\" \/>\n<meta property=\"og:site_name\" content=\"1dronas.lt\" \/>\n<meta property=\"article:publisher\" content=\"https:\/\/www.facebook.com\/1dronas\/\" \/>\n<meta property=\"article:modified_time\" content=\"2026-04-12T14:16:48+00:00\" \/>\n<meta property=\"og:image\" content=\"https:\/\/1dronas.lt\/wp-content\/uploads\/2026\/04\/2_c72d50fd-b3df-4ddb-9caa-b77f252e4ee2.jpg\" \/>\n\t<meta property=\"og:image:width\" content=\"800\" \/>\n\t<meta property=\"og:image:height\" content=\"799\" \/>\n\t<meta property=\"og:image:type\" content=\"image\/jpeg\" \/>\n<meta name=\"twitter:card\" content=\"summary_large_image\" \/>\n<meta name=\"twitter:label1\" content=\"Est. reading time\" \/>\n\t<meta name=\"twitter:data1\" content=\"2 minutes\" \/>\n<script type=\"application\/ld+json\" class=\"yoast-schema-graph\">{\"@context\":\"https:\\\/\\\/schema.org\",\"@graph\":[{\"@type\":\"WebPage\",\"@id\":\"https:\\\/\\\/1dronas.lt\\\/en\\\/produktas\\\/akumuliatorius-tattu-r-line-1700mah-22-2v-6s1p-160c-lipo-xt60-st\\\/\",\"url\":\"https:\\\/\\\/1dronas.lt\\\/en\\\/produktas\\\/akumuliatorius-tattu-r-line-1700mah-22-2v-6s1p-160c-lipo-xt60-st\\\/\",\"name\":\"Akumuliatorius Tattu R-Line 1700mAh 22.2V 6S1P 160C LiPo \u2013 XT60 [ST] - 1dronas.lt\",\"isPartOf\":{\"@id\":\"https:\\\/\\\/1dronas.lt\\\/en\\\/#website\"},\"primaryImageOfPage\":{\"@id\":\"https:\\\/\\\/1dronas.lt\\\/en\\\/produktas\\\/akumuliatorius-tattu-r-line-1700mah-22-2v-6s1p-160c-lipo-xt60-st\\\/#primaryimage\"},\"image\":{\"@id\":\"https:\\\/\\\/1dronas.lt\\\/en\\\/produktas\\\/akumuliatorius-tattu-r-line-1700mah-22-2v-6s1p-160c-lipo-xt60-st\\\/#primaryimage\"},\"thumbnailUrl\":\"https:\\\/\\\/1dronas.lt\\\/wp-content\\\/uploads\\\/2026\\\/04\\\/2_c72d50fd-b3df-4ddb-9caa-b77f252e4ee2.jpg\",\"datePublished\":\"2026-04-12T14:14:41+00:00\",\"dateModified\":\"2026-04-12T14:16:48+00:00\",\"breadcrumb\":{\"@id\":\"https:\\\/\\\/1dronas.lt\\\/en\\\/produktas\\\/akumuliatorius-tattu-r-line-1700mah-22-2v-6s1p-160c-lipo-xt60-st\\\/#breadcrumb\"},\"inLanguage\":\"en-US\",\"potentialAction\":[{\"@type\":\"ReadAction\",\"target\":[\"https:\\\/\\\/1dronas.lt\\\/en\\\/produktas\\\/akumuliatorius-tattu-r-line-1700mah-22-2v-6s1p-160c-lipo-xt60-st\\\/\"]}]},{\"@type\":\"ImageObject\",\"inLanguage\":\"en-US\",\"@id\":\"https:\\\/\\\/1dronas.lt\\\/en\\\/produktas\\\/akumuliatorius-tattu-r-line-1700mah-22-2v-6s1p-160c-lipo-xt60-st\\\/#primaryimage\",\"url\":\"https:\\\/\\\/1dronas.lt\\\/wp-content\\\/uploads\\\/2026\\\/04\\\/2_c72d50fd-b3df-4ddb-9caa-b77f252e4ee2.jpg\",\"contentUrl\":\"https:\\\/\\\/1dronas.lt\\\/wp-content\\\/uploads\\\/2026\\\/04\\\/2_c72d50fd-b3df-4ddb-9caa-b77f252e4ee2.jpg\",\"width\":800,\"height\":799},{\"@type\":\"BreadcrumbList\",\"@id\":\"https:\\\/\\\/1dronas.lt\\\/en\\\/produktas\\\/akumuliatorius-tattu-r-line-1700mah-22-2v-6s1p-160c-lipo-xt60-st\\\/#breadcrumb\",\"itemListElement\":[{\"@type\":\"ListItem\",\"position\":1,\"name\":\"Home\",\"item\":\"https:\\\/\\\/1dronas.lt\\\/\"},{\"@type\":\"ListItem\",\"position\":2,\"name\":\"Parduotuv\u0117\",\"item\":\"https:\\\/\\\/1dronas.lt\\\/parduotuve\\\/\"},{\"@type\":\"ListItem\",\"position\":3,\"name\":\"Akumuliatorius Tattu R-Line 1700mAh 22.2V 6S1P 160C LiPo \u2013 XT60 [ST]\"}]},{\"@type\":\"WebSite\",\"@id\":\"https:\\\/\\\/1dronas.lt\\\/en\\\/#website\",\"url\":\"https:\\\/\\\/1dronas.lt\\\/en\\\/\",\"name\":\"1dronas.lt\",\"description\":\"Internetin\u0117 parduotuv\u0117\",\"publisher\":{\"@id\":\"https:\\\/\\\/1dronas.lt\\\/en\\\/#organization\"},\"potentialAction\":[{\"@type\":\"SearchAction\",\"target\":{\"@type\":\"EntryPoint\",\"urlTemplate\":\"https:\\\/\\\/1dronas.lt\\\/en\\\/?s={search_term_string}\"},\"query-input\":{\"@type\":\"PropertyValueSpecification\",\"valueRequired\":true,\"valueName\":\"search_term_string\"}}],\"inLanguage\":\"en-US\"},{\"@type\":\"Organization\",\"@id\":\"https:\\\/\\\/1dronas.lt\\\/en\\\/#organization\",\"name\":\"1dronas.lt\",\"url\":\"https:\\\/\\\/1dronas.lt\\\/en\\\/\",\"logo\":{\"@type\":\"ImageObject\",\"inLanguage\":\"en-US\",\"@id\":\"https:\\\/\\\/1dronas.lt\\\/en\\\/#\\\/schema\\\/logo\\\/image\\\/\",\"url\":\"https:\\\/\\\/1dronas.lt\\\/wp-content\\\/uploads\\\/2020\\\/12\\\/Ekrano_kopija__2_-removebg-preview-1-1.png\",\"contentUrl\":\"https:\\\/\\\/1dronas.lt\\\/wp-content\\\/uploads\\\/2020\\\/12\\\/Ekrano_kopija__2_-removebg-preview-1-1.png\",\"width\":234,\"height\":81,\"caption\":\"1dronas.lt\"},\"image\":{\"@id\":\"https:\\\/\\\/1dronas.lt\\\/en\\\/#\\\/schema\\\/logo\\\/image\\\/\"},\"sameAs\":[\"https:\\\/\\\/www.facebook.com\\\/1dronas\\\/\"]}]}<\/script>\n<!-- \/ Yoast SEO plugin. -->","yoast_head_json":{"title":"Akumuliatorius Tattu R-Line 1700mAh 22.2V 6S1P 160C LiPo \u2013 XT60 [ST] - 1dronas.lt","robots":{"index":"index","follow":"follow","max-snippet":"max-snippet:-1","max-image-preview":"max-image-preview:large","max-video-preview":"max-video-preview:-1"},"canonical":"https:\/\/1dronas.lt\/en\/produktas\/akumuliatorius-tattu-r-line-1700mah-22-2v-6s1p-160c-lipo-xt60-st\/","og_locale":"en_US","og_type":"article","og_title":"Akumuliatorius Tattu R-Line 1700mAh 22.2V 6S1P 160C LiPo \u2013 XT60 [ST] - 1dronas.lt","og_description":"Auk\u0161tos energijos tankio, saugi ir itin galinga baterija su pa\u017eangia 3D laid\u017eia strukt\u016bra, u\u017etikrinanti stabil\u0173 veikim\u0105, greit\u0105 reakcij\u0105 ir patikimum\u0105 net intensyviomis FPV lenktyni\u0173 s\u0105lygomis.  \u00a0\u00a0\u00a01 \u2013 2 d. d.","og_url":"https:\/\/1dronas.lt\/en\/produktas\/akumuliatorius-tattu-r-line-1700mah-22-2v-6s1p-160c-lipo-xt60-st\/","og_site_name":"1dronas.lt","article_publisher":"https:\/\/www.facebook.com\/1dronas\/","article_modified_time":"2026-04-12T14:16:48+00:00","og_image":[{"width":800,"height":799,"url":"https:\/\/1dronas.lt\/wp-content\/uploads\/2026\/04\/2_c72d50fd-b3df-4ddb-9caa-b77f252e4ee2.jpg","type":"image\/jpeg"}],"twitter_card":"summary_large_image","twitter_misc":{"Est. reading time":"2 minutes"},"schema":{"@context":"https:\/\/schema.org","@graph":[{"@type":"WebPage","@id":"https:\/\/1dronas.lt\/en\/produktas\/akumuliatorius-tattu-r-line-1700mah-22-2v-6s1p-160c-lipo-xt60-st\/","url":"https:\/\/1dronas.lt\/en\/produktas\/akumuliatorius-tattu-r-line-1700mah-22-2v-6s1p-160c-lipo-xt60-st\/","name":"Akumuliatorius Tattu R-Line 1700mAh 22.2V 6S1P 160C LiPo \u2013 XT60 [ST] - 1dronas.lt","isPartOf":{"@id":"https:\/\/1dronas.lt\/en\/#website"},"primaryImageOfPage":{"@id":"https:\/\/1dronas.lt\/en\/produktas\/akumuliatorius-tattu-r-line-1700mah-22-2v-6s1p-160c-lipo-xt60-st\/#primaryimage"},"image":{"@id":"https:\/\/1dronas.lt\/en\/produktas\/akumuliatorius-tattu-r-line-1700mah-22-2v-6s1p-160c-lipo-xt60-st\/#primaryimage"},"thumbnailUrl":"https:\/\/1dronas.lt\/wp-content\/uploads\/2026\/04\/2_c72d50fd-b3df-4ddb-9caa-b77f252e4ee2.jpg","datePublished":"2026-04-12T14:14:41+00:00","dateModified":"2026-04-12T14:16:48+00:00","breadcrumb":{"@id":"https:\/\/1dronas.lt\/en\/produktas\/akumuliatorius-tattu-r-line-1700mah-22-2v-6s1p-160c-lipo-xt60-st\/#breadcrumb"},"inLanguage":"en-US","potentialAction":[{"@type":"ReadAction","target":["https:\/\/1dronas.lt\/en\/produktas\/akumuliatorius-tattu-r-line-1700mah-22-2v-6s1p-160c-lipo-xt60-st\/"]}]},{"@type":"ImageObject","inLanguage":"en-US","@id":"https:\/\/1dronas.lt\/en\/produktas\/akumuliatorius-tattu-r-line-1700mah-22-2v-6s1p-160c-lipo-xt60-st\/#primaryimage","url":"https:\/\/1dronas.lt\/wp-content\/uploads\/2026\/04\/2_c72d50fd-b3df-4ddb-9caa-b77f252e4ee2.jpg","contentUrl":"https:\/\/1dronas.lt\/wp-content\/uploads\/2026\/04\/2_c72d50fd-b3df-4ddb-9caa-b77f252e4ee2.jpg","width":800,"height":799},{"@type":"BreadcrumbList","@id":"https:\/\/1dronas.lt\/en\/produktas\/akumuliatorius-tattu-r-line-1700mah-22-2v-6s1p-160c-lipo-xt60-st\/#breadcrumb","itemListElement":[{"@type":"ListItem","position":1,"name":"Home","item":"https:\/\/1dronas.lt\/"},{"@type":"ListItem","position":2,"name":"Parduotuv\u0117","item":"https:\/\/1dronas.lt\/parduotuve\/"},{"@type":"ListItem","position":3,"name":"Akumuliatorius Tattu R-Line 1700mAh 22.2V 6S1P 160C LiPo \u2013 XT60 [ST]"}]},{"@type":"WebSite","@id":"https:\/\/1dronas.lt\/en\/#website","url":"https:\/\/1dronas.lt\/en\/","name":"1dronas.lt","description":"Online store","publisher":{"@id":"https:\/\/1dronas.lt\/en\/#organization"},"potentialAction":[{"@type":"SearchAction","target":{"@type":"EntryPoint","urlTemplate":"https:\/\/1dronas.lt\/en\/?s={search_term_string}"},"query-input":{"@type":"PropertyValueSpecification","valueRequired":true,"valueName":"search_term_string"}}],"inLanguage":"en-US"},{"@type":"Organization","@id":"https:\/\/1dronas.lt\/en\/#organization","name":"1dronas.lt","url":"https:\/\/1dronas.lt\/en\/","logo":{"@type":"ImageObject","inLanguage":"en-US","@id":"https:\/\/1dronas.lt\/en\/#\/schema\/logo\/image\/","url":"https:\/\/1dronas.lt\/wp-content\/uploads\/2020\/12\/Ekrano_kopija__2_-removebg-preview-1-1.png","contentUrl":"https:\/\/1dronas.lt\/wp-content\/uploads\/2020\/12\/Ekrano_kopija__2_-removebg-preview-1-1.png","width":234,"height":81,"caption":"1dronas.lt"},"image":{"@id":"https:\/\/1dronas.lt\/en\/#\/schema\/logo\/image\/"},"sameAs":["https:\/\/www.facebook.com\/1dronas\/"]}]}},"jetpack_sharing_enabled":true,"_links":{"self":[{"href":"https:\/\/1dronas.lt\/en\/wp-json\/wp\/v2\/product\/18475","targetHints":{"allow":["GET"]}}],"collection":[{"href":"https:\/\/1dronas.lt\/en\/wp-json\/wp\/v2\/product"}],"about":[{"href":"https:\/\/1dronas.lt\/en\/wp-json\/wp\/v2\/types\/product"}],"replies":[{"embeddable":true,"href":"https:\/\/1dronas.lt\/en\/wp-json\/wp\/v2\/comments?post=18475"}],"wp:featuredmedia":[{"embeddable":true,"href":"https:\/\/1dronas.lt\/en\/wp-json\/wp\/v2\/media\/18481"}],"wp:attachment":[{"href":"https:\/\/1dronas.lt\/en\/wp-json\/wp\/v2\/media?parent=18475"}],"wp:term":[{"taxonomy":"product_brand","embeddable":true,"href":"https:\/\/1dronas.lt\/en\/wp-json\/wp\/v2\/product_brand?post=18475"},{"taxonomy":"product_cat","embeddable":true,"href":"https:\/\/1dronas.lt\/en\/wp-json\/wp\/v2\/product_cat?post=18475"},{"taxonomy":"product_tag","embeddable":true,"href":"https:\/\/1dronas.lt\/en\/wp-json\/wp\/v2\/product_tag?post=18475"}],"curies":[{"name":"wp","href":"https:\/\/api.w.org\/{rel}","templated":true}]}}