{"id":18462,"date":"2026-04-12T16:46:32","date_gmt":"2026-04-12T13:46:32","guid":{"rendered":"https:\/\/1dronas.lt\/?post_type=product&#038;p=18462"},"modified":"2026-04-12T17:00:37","modified_gmt":"2026-04-12T14:00:37","slug":"akumuliatorius-tattu-r-line-1700mah-22-2v-6s1p-160c-lipo-xt60-sq","status":"publish","type":"product","link":"https:\/\/1dronas.lt\/en\/produktas\/akumuliatorius-tattu-r-line-1700mah-22-2v-6s1p-160c-lipo-xt60-sq\/","title":{"rendered":"Akumuliatorius Tattu R-Line 1700mAh 22.2V 6S1P 160C LiPo \u2013 XT60 [SQ]"},"content":{"rendered":"<p>Auk\u0161tos kokyb\u0117s Tattu R-Line serijos LiPo baterija sukurta reikliems FPV dron\u0173 pilotams, kuriems svarbus maksimalus na\u0161umas ir patikimumas. \u0160i 6S (22.2V) 1700mAh talpos baterija pasi\u017eymi itin dideliu 160C i\u0161krovos reitingu, tod\u0117l u\u017etikrina galing\u0105 ir stabil\u0173 energijos tiekim\u0105 net intensyviausi\u0173 skryd\u017ei\u0173 metu.<\/p>\n<p><strong>Features:<\/strong><\/p>\n<p data-start=\"14\" data-end=\"601\" data-is-last-node=\"\" data-is-only-node=\"\">\u2022 Didesnis energijos tankis ir saugesn\u0117 konstrukcija;<br data-start=\"67\" data-end=\"70\" \/>\u2022 Nauja li\u010dio druskos formul\u0117 su pusiau kietu elektrolitu ilgesniam tarnavimo laikui;<br data-start=\"155\" data-end=\"158\" \/>\u2022 316Wh\/L t\u016brinis ir 160Wh\/kg svorio energijos tankis;<br data-start=\"212\" data-end=\"215\" \/>\u2022 Stabili galia d\u0117l 3D laid\u017eios strukt\u016bros (grafitas, CNT, grafenas);<br data-start=\"284\" data-end=\"287\" \/>\u2022 Greitesn\u0117 reakcija d\u0117l nano med\u017eiag\u0173 ir por\u0117t\u0173 elektrod\u0173;<br data-start=\"346\" data-end=\"349\" \/>\u2022 Suma\u017einta vidin\u0117 var\u017ea (\u221220%) \u2013 stipresni galios \u0161uoliai;<br data-start=\"408\" data-end=\"411\" \/>\u2022 Sustiprinta konstrukcija geresniam au\u0161inimui ir atsparumui sm\u016bgiams;<br data-start=\"553\" data-end=\"556\" \/>\u2022 Puikiai tinka 5&#8243; FPV lenktyniniams dronams.<\/p>\n<p data-start=\"14\" data-end=\"601\" data-is-last-node=\"\" data-is-only-node=\"\"><strong>Specification:<\/strong><\/p>\n<p data-start=\"1909\" data-end=\"1925\">\u2022 Talpa: 1700mAh;<br \/>\n\u2022 Voltage: 22.2\/6S;<br \/>\n\u2022 Discharge rate: 160C;<br \/>\n\u2022 Svoris (\u00b110g): 250g;<br \/>\n\u2022 Dydis: 71 x 42 x 41mm.<\/p>\n<p data-start=\"1909\" data-end=\"1925\"><strong>Package:<\/strong><\/p>\n<p data-start=\"1909\" data-end=\"1925\">1x Tattu R-Line 1700mAh 6S baterija.<\/p>\n<p data-start=\"1909\" data-end=\"1925\"><img loading=\"lazy\" decoding=\"async\" class=\"alignnone wp-image-18472\" src=\"https:\/\/1dronas.lt\/wp-content\/uploads\/2026\/04\/2_3_2028e925-741f-4ffc-8085-5e45a8a6095d.jpg.webp\" alt=\"\" width=\"411\" height=\"411\" srcset=\"https:\/\/1dronas.lt\/wp-content\/uploads\/2026\/04\/2_3_2028e925-741f-4ffc-8085-5e45a8a6095d.jpg.webp 800w, https:\/\/1dronas.lt\/wp-content\/uploads\/2026\/04\/2_3_2028e925-741f-4ffc-8085-5e45a8a6095d.jpg-300x300.webp 300w, https:\/\/1dronas.lt\/wp-content\/uploads\/2026\/04\/2_3_2028e925-741f-4ffc-8085-5e45a8a6095d.jpg-150x150.webp 150w, https:\/\/1dronas.lt\/wp-content\/uploads\/2026\/04\/2_3_2028e925-741f-4ffc-8085-5e45a8a6095d.jpg-768x768.webp 768w, https:\/\/1dronas.lt\/wp-content\/uploads\/2026\/04\/2_3_2028e925-741f-4ffc-8085-5e45a8a6095d.jpg-12x12.webp 12w, https:\/\/1dronas.lt\/wp-content\/uploads\/2026\/04\/2_3_2028e925-741f-4ffc-8085-5e45a8a6095d.jpg-247x247.webp 247w, https:\/\/1dronas.lt\/wp-content\/uploads\/2026\/04\/2_3_2028e925-741f-4ffc-8085-5e45a8a6095d.jpg-510x510.webp 510w, https:\/\/1dronas.lt\/wp-content\/uploads\/2026\/04\/2_3_2028e925-741f-4ffc-8085-5e45a8a6095d.jpg-100x100.webp 100w\" sizes=\"auto, (max-width: 411px) 100vw, 411px\" \/><\/p>\n<p><span style=\"color: #ed1c24;\"><strong>Important<\/strong><\/span><\/p>\n<p><span style=\"color: #ed1c24;\"><em>* Do not overcharge or leave batteries discharged for long periods of time;<\/em><\/span><br \/>\n<span style=\"color: #ed1c24;\"><em>* Do not store batteries near high temperatures;<\/em><\/span><br \/>\n<span style=\"color: #ed1c24;\"><em>* Do not throw batteries into fire;<br \/>\n* Do not throw batteries into water.<\/em><\/span><\/p>","protected":false},"excerpt":{"rendered":"<p><span style=\"color: #000000;\">Tattu R-Line 1700mAh 160C 22.2V 6S1P LiPo baterija \u2013 galingas ir patikimas pasirinkimas 5&#8243; FPV dronams, u\u017etikrinantis stabil\u0173 energijos tiekim\u0105 tiek lenktyn\u0117se, tiek freestyle skryd\u017eiuose.<\/span><\/p>\n<p><span style=\"color: #000000;\"><strong><img loading=\"lazy\" decoding=\"async\" class=\"alignnone wp-image-1806\" src=\"https:\/\/1dronas.lt\/wp-content\/uploads\/2021\/05\/delivery-icon.png.webp\" alt=\"\" width=\"24\" height=\"24\" srcset=\"https:\/\/1dronas.lt\/wp-content\/uploads\/2021\/05\/delivery-icon.png 35w, https:\/\/1dronas.lt\/wp-content\/uploads\/2021\/05\/delivery-icon-12x12.png 12w\" sizes=\"auto, (max-width: 24px) 100vw, 24px\" \/>\u00a0\u00a0\u00a01 \u2013 2 days<\/strong><\/span><\/p>","protected":false},"featured_media":18468,"comment_status":"open","ping_status":"closed","template":"","meta":[],"product_brand":[706],"product_cat":[741],"product_tag":[1277,701,99,558,716,707,98],"class_list":{"0":"post-18462","1":"product","2":"type-product","3":"status-publish","4":"has-post-thumbnail","6":"product_brand-tattu","7":"product_cat-6s-lipo-akumuliatoriai","8":"product_tag-1700mah","9":"product_tag-22-2v","10":"product_tag-6s","11":"product_tag-lipo","12":"product_tag-r-line","13":"product_tag-tattu","14":"product_tag-xt60","16":"first","17":"instock","18":"taxable","19":"shipping-taxable","20":"purchasable","21":"product-type-simple"},"yoast_head":"<!-- This site is optimized with the Yoast SEO plugin v27.3 - https:\/\/yoast.com\/product\/yoast-seo-wordpress\/ -->\n<title>Akumuliatorius Tattu R-Line 1700mAh 22.2V 6S1P 160C LiPo \u2013 XT60 [SQ] - 1dronas.lt<\/title>\n<meta name=\"robots\" content=\"index, follow, max-snippet:-1, max-image-preview:large, max-video-preview:-1\" \/>\n<link rel=\"canonical\" href=\"https:\/\/1dronas.lt\/en\/produktas\/akumuliatorius-tattu-r-line-1700mah-22-2v-6s1p-160c-lipo-xt60-sq\/\" \/>\n<meta property=\"og:locale\" content=\"en_US\" \/>\n<meta property=\"og:type\" content=\"article\" \/>\n<meta property=\"og:title\" content=\"Akumuliatorius Tattu R-Line 1700mAh 22.2V 6S1P 160C LiPo \u2013 XT60 [SQ] - 1dronas.lt\" \/>\n<meta property=\"og:description\" content=\"Tattu R-Line 1700mAh 160C 22.2V 6S1P LiPo baterija \u2013 galingas ir patikimas pasirinkimas 5&quot; FPV dronams, u\u017etikrinantis stabil\u0173 energijos tiekim\u0105 tiek lenktyn\u0117se, tiek freestyle skryd\u017eiuose.  \u00a0\u00a0\u00a01 \u2013 2 d. d.\" \/>\n<meta property=\"og:url\" content=\"https:\/\/1dronas.lt\/en\/produktas\/akumuliatorius-tattu-r-line-1700mah-22-2v-6s1p-160c-lipo-xt60-sq\/\" \/>\n<meta property=\"og:site_name\" content=\"1dronas.lt\" \/>\n<meta property=\"article:publisher\" content=\"https:\/\/www.facebook.com\/1dronas\/\" \/>\n<meta property=\"article:modified_time\" content=\"2026-04-12T14:00:37+00:00\" \/>\n<meta property=\"og:image\" content=\"https:\/\/1dronas.lt\/wp-content\/uploads\/2026\/04\/1_7e4514e3-da38-445c-a072-d18ada3413b8.jpg\" \/>\n\t<meta property=\"og:image:width\" content=\"800\" \/>\n\t<meta property=\"og:image:height\" content=\"800\" \/>\n\t<meta property=\"og:image:type\" content=\"image\/jpeg\" \/>\n<meta name=\"twitter:card\" content=\"summary_large_image\" \/>\n<meta name=\"twitter:label1\" content=\"Est. reading time\" \/>\n\t<meta name=\"twitter:data1\" content=\"2 minutes\" \/>\n<script type=\"application\/ld+json\" class=\"yoast-schema-graph\">{\"@context\":\"https:\\\/\\\/schema.org\",\"@graph\":[{\"@type\":\"WebPage\",\"@id\":\"https:\\\/\\\/1dronas.lt\\\/en\\\/produktas\\\/akumuliatorius-tattu-r-line-1700mah-22-2v-6s1p-160c-lipo-xt60-sq\\\/\",\"url\":\"https:\\\/\\\/1dronas.lt\\\/en\\\/produktas\\\/akumuliatorius-tattu-r-line-1700mah-22-2v-6s1p-160c-lipo-xt60-sq\\\/\",\"name\":\"Akumuliatorius Tattu R-Line 1700mAh 22.2V 6S1P 160C LiPo \u2013 XT60 [SQ] - 1dronas.lt\",\"isPartOf\":{\"@id\":\"https:\\\/\\\/1dronas.lt\\\/en\\\/#website\"},\"primaryImageOfPage\":{\"@id\":\"https:\\\/\\\/1dronas.lt\\\/en\\\/produktas\\\/akumuliatorius-tattu-r-line-1700mah-22-2v-6s1p-160c-lipo-xt60-sq\\\/#primaryimage\"},\"image\":{\"@id\":\"https:\\\/\\\/1dronas.lt\\\/en\\\/produktas\\\/akumuliatorius-tattu-r-line-1700mah-22-2v-6s1p-160c-lipo-xt60-sq\\\/#primaryimage\"},\"thumbnailUrl\":\"https:\\\/\\\/1dronas.lt\\\/wp-content\\\/uploads\\\/2026\\\/04\\\/1_7e4514e3-da38-445c-a072-d18ada3413b8.jpg\",\"datePublished\":\"2026-04-12T13:46:32+00:00\",\"dateModified\":\"2026-04-12T14:00:37+00:00\",\"breadcrumb\":{\"@id\":\"https:\\\/\\\/1dronas.lt\\\/en\\\/produktas\\\/akumuliatorius-tattu-r-line-1700mah-22-2v-6s1p-160c-lipo-xt60-sq\\\/#breadcrumb\"},\"inLanguage\":\"en-US\",\"potentialAction\":[{\"@type\":\"ReadAction\",\"target\":[\"https:\\\/\\\/1dronas.lt\\\/en\\\/produktas\\\/akumuliatorius-tattu-r-line-1700mah-22-2v-6s1p-160c-lipo-xt60-sq\\\/\"]}]},{\"@type\":\"ImageObject\",\"inLanguage\":\"en-US\",\"@id\":\"https:\\\/\\\/1dronas.lt\\\/en\\\/produktas\\\/akumuliatorius-tattu-r-line-1700mah-22-2v-6s1p-160c-lipo-xt60-sq\\\/#primaryimage\",\"url\":\"https:\\\/\\\/1dronas.lt\\\/wp-content\\\/uploads\\\/2026\\\/04\\\/1_7e4514e3-da38-445c-a072-d18ada3413b8.jpg\",\"contentUrl\":\"https:\\\/\\\/1dronas.lt\\\/wp-content\\\/uploads\\\/2026\\\/04\\\/1_7e4514e3-da38-445c-a072-d18ada3413b8.jpg\",\"width\":800,\"height\":800},{\"@type\":\"BreadcrumbList\",\"@id\":\"https:\\\/\\\/1dronas.lt\\\/en\\\/produktas\\\/akumuliatorius-tattu-r-line-1700mah-22-2v-6s1p-160c-lipo-xt60-sq\\\/#breadcrumb\",\"itemListElement\":[{\"@type\":\"ListItem\",\"position\":1,\"name\":\"Home\",\"item\":\"https:\\\/\\\/1dronas.lt\\\/\"},{\"@type\":\"ListItem\",\"position\":2,\"name\":\"Parduotuv\u0117\",\"item\":\"https:\\\/\\\/1dronas.lt\\\/parduotuve\\\/\"},{\"@type\":\"ListItem\",\"position\":3,\"name\":\"Akumuliatorius Tattu R-Line 1700mAh 22.2V 6S1P 160C LiPo \u2013 XT60 [SQ]\"}]},{\"@type\":\"WebSite\",\"@id\":\"https:\\\/\\\/1dronas.lt\\\/en\\\/#website\",\"url\":\"https:\\\/\\\/1dronas.lt\\\/en\\\/\",\"name\":\"1dronas.lt\",\"description\":\"Internetin\u0117 parduotuv\u0117\",\"publisher\":{\"@id\":\"https:\\\/\\\/1dronas.lt\\\/en\\\/#organization\"},\"potentialAction\":[{\"@type\":\"SearchAction\",\"target\":{\"@type\":\"EntryPoint\",\"urlTemplate\":\"https:\\\/\\\/1dronas.lt\\\/en\\\/?s={search_term_string}\"},\"query-input\":{\"@type\":\"PropertyValueSpecification\",\"valueRequired\":true,\"valueName\":\"search_term_string\"}}],\"inLanguage\":\"en-US\"},{\"@type\":\"Organization\",\"@id\":\"https:\\\/\\\/1dronas.lt\\\/en\\\/#organization\",\"name\":\"1dronas.lt\",\"url\":\"https:\\\/\\\/1dronas.lt\\\/en\\\/\",\"logo\":{\"@type\":\"ImageObject\",\"inLanguage\":\"en-US\",\"@id\":\"https:\\\/\\\/1dronas.lt\\\/en\\\/#\\\/schema\\\/logo\\\/image\\\/\",\"url\":\"https:\\\/\\\/1dronas.lt\\\/wp-content\\\/uploads\\\/2020\\\/12\\\/Ekrano_kopija__2_-removebg-preview-1-1.png\",\"contentUrl\":\"https:\\\/\\\/1dronas.lt\\\/wp-content\\\/uploads\\\/2020\\\/12\\\/Ekrano_kopija__2_-removebg-preview-1-1.png\",\"width\":234,\"height\":81,\"caption\":\"1dronas.lt\"},\"image\":{\"@id\":\"https:\\\/\\\/1dronas.lt\\\/en\\\/#\\\/schema\\\/logo\\\/image\\\/\"},\"sameAs\":[\"https:\\\/\\\/www.facebook.com\\\/1dronas\\\/\"]}]}<\/script>\n<!-- \/ Yoast SEO plugin. -->","yoast_head_json":{"title":"Akumuliatorius Tattu R-Line 1700mAh 22.2V 6S1P 160C LiPo \u2013 XT60 [SQ] - 1dronas.lt","robots":{"index":"index","follow":"follow","max-snippet":"max-snippet:-1","max-image-preview":"max-image-preview:large","max-video-preview":"max-video-preview:-1"},"canonical":"https:\/\/1dronas.lt\/en\/produktas\/akumuliatorius-tattu-r-line-1700mah-22-2v-6s1p-160c-lipo-xt60-sq\/","og_locale":"en_US","og_type":"article","og_title":"Akumuliatorius Tattu R-Line 1700mAh 22.2V 6S1P 160C LiPo \u2013 XT60 [SQ] - 1dronas.lt","og_description":"Tattu R-Line 1700mAh 160C 22.2V 6S1P LiPo baterija \u2013 galingas ir patikimas pasirinkimas 5\" FPV dronams, u\u017etikrinantis stabil\u0173 energijos tiekim\u0105 tiek lenktyn\u0117se, tiek freestyle skryd\u017eiuose.  \u00a0\u00a0\u00a01 \u2013 2 d. d.","og_url":"https:\/\/1dronas.lt\/en\/produktas\/akumuliatorius-tattu-r-line-1700mah-22-2v-6s1p-160c-lipo-xt60-sq\/","og_site_name":"1dronas.lt","article_publisher":"https:\/\/www.facebook.com\/1dronas\/","article_modified_time":"2026-04-12T14:00:37+00:00","og_image":[{"width":800,"height":800,"url":"https:\/\/1dronas.lt\/wp-content\/uploads\/2026\/04\/1_7e4514e3-da38-445c-a072-d18ada3413b8.jpg","type":"image\/jpeg"}],"twitter_card":"summary_large_image","twitter_misc":{"Est. reading time":"2 minutes"},"schema":{"@context":"https:\/\/schema.org","@graph":[{"@type":"WebPage","@id":"https:\/\/1dronas.lt\/en\/produktas\/akumuliatorius-tattu-r-line-1700mah-22-2v-6s1p-160c-lipo-xt60-sq\/","url":"https:\/\/1dronas.lt\/en\/produktas\/akumuliatorius-tattu-r-line-1700mah-22-2v-6s1p-160c-lipo-xt60-sq\/","name":"Akumuliatorius Tattu R-Line 1700mAh 22.2V 6S1P 160C LiPo \u2013 XT60 [SQ] - 1dronas.lt","isPartOf":{"@id":"https:\/\/1dronas.lt\/en\/#website"},"primaryImageOfPage":{"@id":"https:\/\/1dronas.lt\/en\/produktas\/akumuliatorius-tattu-r-line-1700mah-22-2v-6s1p-160c-lipo-xt60-sq\/#primaryimage"},"image":{"@id":"https:\/\/1dronas.lt\/en\/produktas\/akumuliatorius-tattu-r-line-1700mah-22-2v-6s1p-160c-lipo-xt60-sq\/#primaryimage"},"thumbnailUrl":"https:\/\/1dronas.lt\/wp-content\/uploads\/2026\/04\/1_7e4514e3-da38-445c-a072-d18ada3413b8.jpg","datePublished":"2026-04-12T13:46:32+00:00","dateModified":"2026-04-12T14:00:37+00:00","breadcrumb":{"@id":"https:\/\/1dronas.lt\/en\/produktas\/akumuliatorius-tattu-r-line-1700mah-22-2v-6s1p-160c-lipo-xt60-sq\/#breadcrumb"},"inLanguage":"en-US","potentialAction":[{"@type":"ReadAction","target":["https:\/\/1dronas.lt\/en\/produktas\/akumuliatorius-tattu-r-line-1700mah-22-2v-6s1p-160c-lipo-xt60-sq\/"]}]},{"@type":"ImageObject","inLanguage":"en-US","@id":"https:\/\/1dronas.lt\/en\/produktas\/akumuliatorius-tattu-r-line-1700mah-22-2v-6s1p-160c-lipo-xt60-sq\/#primaryimage","url":"https:\/\/1dronas.lt\/wp-content\/uploads\/2026\/04\/1_7e4514e3-da38-445c-a072-d18ada3413b8.jpg","contentUrl":"https:\/\/1dronas.lt\/wp-content\/uploads\/2026\/04\/1_7e4514e3-da38-445c-a072-d18ada3413b8.jpg","width":800,"height":800},{"@type":"BreadcrumbList","@id":"https:\/\/1dronas.lt\/en\/produktas\/akumuliatorius-tattu-r-line-1700mah-22-2v-6s1p-160c-lipo-xt60-sq\/#breadcrumb","itemListElement":[{"@type":"ListItem","position":1,"name":"Home","item":"https:\/\/1dronas.lt\/"},{"@type":"ListItem","position":2,"name":"Parduotuv\u0117","item":"https:\/\/1dronas.lt\/parduotuve\/"},{"@type":"ListItem","position":3,"name":"Akumuliatorius Tattu R-Line 1700mAh 22.2V 6S1P 160C LiPo \u2013 XT60 [SQ]"}]},{"@type":"WebSite","@id":"https:\/\/1dronas.lt\/en\/#website","url":"https:\/\/1dronas.lt\/en\/","name":"1dronas.lt","description":"Online store","publisher":{"@id":"https:\/\/1dronas.lt\/en\/#organization"},"potentialAction":[{"@type":"SearchAction","target":{"@type":"EntryPoint","urlTemplate":"https:\/\/1dronas.lt\/en\/?s={search_term_string}"},"query-input":{"@type":"PropertyValueSpecification","valueRequired":true,"valueName":"search_term_string"}}],"inLanguage":"en-US"},{"@type":"Organization","@id":"https:\/\/1dronas.lt\/en\/#organization","name":"1dronas.lt","url":"https:\/\/1dronas.lt\/en\/","logo":{"@type":"ImageObject","inLanguage":"en-US","@id":"https:\/\/1dronas.lt\/en\/#\/schema\/logo\/image\/","url":"https:\/\/1dronas.lt\/wp-content\/uploads\/2020\/12\/Ekrano_kopija__2_-removebg-preview-1-1.png","contentUrl":"https:\/\/1dronas.lt\/wp-content\/uploads\/2020\/12\/Ekrano_kopija__2_-removebg-preview-1-1.png","width":234,"height":81,"caption":"1dronas.lt"},"image":{"@id":"https:\/\/1dronas.lt\/en\/#\/schema\/logo\/image\/"},"sameAs":["https:\/\/www.facebook.com\/1dronas\/"]}]}},"jetpack_sharing_enabled":true,"_links":{"self":[{"href":"https:\/\/1dronas.lt\/en\/wp-json\/wp\/v2\/product\/18462","targetHints":{"allow":["GET"]}}],"collection":[{"href":"https:\/\/1dronas.lt\/en\/wp-json\/wp\/v2\/product"}],"about":[{"href":"https:\/\/1dronas.lt\/en\/wp-json\/wp\/v2\/types\/product"}],"replies":[{"embeddable":true,"href":"https:\/\/1dronas.lt\/en\/wp-json\/wp\/v2\/comments?post=18462"}],"wp:featuredmedia":[{"embeddable":true,"href":"https:\/\/1dronas.lt\/en\/wp-json\/wp\/v2\/media\/18468"}],"wp:attachment":[{"href":"https:\/\/1dronas.lt\/en\/wp-json\/wp\/v2\/media?parent=18462"}],"wp:term":[{"taxonomy":"product_brand","embeddable":true,"href":"https:\/\/1dronas.lt\/en\/wp-json\/wp\/v2\/product_brand?post=18462"},{"taxonomy":"product_cat","embeddable":true,"href":"https:\/\/1dronas.lt\/en\/wp-json\/wp\/v2\/product_cat?post=18462"},{"taxonomy":"product_tag","embeddable":true,"href":"https:\/\/1dronas.lt\/en\/wp-json\/wp\/v2\/product_tag?post=18462"}],"curies":[{"name":"wp","href":"https:\/\/api.w.org\/{rel}","templated":true}]}}