{"id":18453,"date":"2026-04-14T23:09:14","date_gmt":"2026-04-14T20:09:14","guid":{"rendered":"https:\/\/1dronas.lt\/?post_type=product&#038;p=18453"},"modified":"2026-04-14T23:15:38","modified_gmt":"2026-04-14T20:15:38","slug":"flywoo-goku-gm10-pro-gps-komposas-v3","status":"publish","type":"product","link":"https:\/\/1dronas.lt\/en\/produktas\/flywoo-goku-gm10-pro-gps-komposas-v3\/","title":{"rendered":"Flywoo GOKU GM10 Pro GPS w\/compass V3"},"content":{"rendered":"<p>Flywoo GOKU GM10 Pro GPS V3 su kompasu \u2013 pa\u017eangus GPS modulis FPV dronams su M10050 GNSS lustu, u\u017etikrinantis greitesn\u012f palydov\u0173 paie\u0161kos laik\u0105 ir tikslesn\u012f pozicionavim\u0105. Integruotas QMC5883L kompasas leid\u017eia stabiliai veikti navigacijos funkcijoms, o platus palydov\u0173 palaikymas pagerina signalo patikimum\u0105.<\/p>\n<p><strong>Features:<\/strong><\/p>\n<p>\u2022 Greitesnis palydov\u0173 paie\u0161kos laikas;<br \/>\n\u2022 Tikslesnis pozicionavimas nei ankstesn\u0117 versija;<br \/>\n\u2022 Integruotas QMC5883L kompasas;<br \/>\n\u2022 Platus GNSS palaikymas;<br \/>\n\u2022 Suderinamas su Betaflight;<br \/>\n\u2022 LED indikatorius GPS fiksacijai.<\/p>\n<p><strong>Measurements:<\/strong><\/p>\n<p><strong><img loading=\"lazy\" decoding=\"async\" class=\"alignnone wp-image-18463\" src=\"https:\/\/1dronas.lt\/wp-content\/uploads\/2026\/04\/80-e1776001122268.webp\" alt=\"\" width=\"352\" height=\"344\" srcset=\"https:\/\/1dronas.lt\/wp-content\/uploads\/2026\/04\/80-e1776001122268.webp 910w, https:\/\/1dronas.lt\/wp-content\/uploads\/2026\/04\/80-e1776001122268-300x293.webp 300w, https:\/\/1dronas.lt\/wp-content\/uploads\/2026\/04\/80-e1776001122268-768x751.webp 768w, https:\/\/1dronas.lt\/wp-content\/uploads\/2026\/04\/80-e1776001122268-12x12.webp 12w, https:\/\/1dronas.lt\/wp-content\/uploads\/2026\/04\/80-e1776001122268-510x499.webp 510w\" sizes=\"auto, (max-width: 352px) 100vw, 352px\" \/><\/strong><\/p>\n<p><strong>Specification:<\/strong><\/p>\n<p>\u2022 Matmenys: 25 x 25 x 6 mm;<br \/>\n\u2022 Svoris: 7,3 g;<br \/>\n\u2022 Jungtis: 6-pin (1.0 mm);<br \/>\n\u2022 Lustas: M10050;<br \/>\n\u2022 Receiving Format: GPS \/ GLONASS \/ Galileo \/ BeiDou \/ QZSS \/ SBAS;<br \/>\n\u2022 Channels: 72;<br \/>\n\u2022 Da\u017eniai: L1 \/ B1 \/ E1;<br \/>\n\u2022 Jautrumas: -162 dBm (tracking);<br \/>\n\u2022 Atnaujinimo da\u017enis: 1\u201310 Hz;<br \/>\n\u2022 Maitinimas: 5V;<br \/>\n\u2022 Darbin\u0117 temperat\u016bra: -40\u00b0C ~ +85\u00b0C.<\/p>\n<p><strong>Package:<\/strong><\/p>\n<p>1x Flywoo GM10 PRO V3 GPS w\/compass V3;<br \/>\n1x 150 mm kabelis;<br \/>\n1x vario folija.<\/p>\n<p><img loading=\"lazy\" decoding=\"async\" class=\"alignnone wp-image-18466\" src=\"https:\/\/1dronas.lt\/wp-content\/uploads\/2026\/04\/0382fd4ecc83b4d529c60fd2f1bd7d96-1-e1776001324530.webp\" alt=\"\" width=\"432\" height=\"527\" srcset=\"https:\/\/1dronas.lt\/wp-content\/uploads\/2026\/04\/0382fd4ecc83b4d529c60fd2f1bd7d96-1-e1776001324530.webp 1460w, https:\/\/1dronas.lt\/wp-content\/uploads\/2026\/04\/0382fd4ecc83b4d529c60fd2f1bd7d96-1-e1776001324530-246x300.webp 246w, https:\/\/1dronas.lt\/wp-content\/uploads\/2026\/04\/0382fd4ecc83b4d529c60fd2f1bd7d96-1-e1776001324530-838x1024.webp 838w, https:\/\/1dronas.lt\/wp-content\/uploads\/2026\/04\/0382fd4ecc83b4d529c60fd2f1bd7d96-1-e1776001324530-768x938.webp 768w, https:\/\/1dronas.lt\/wp-content\/uploads\/2026\/04\/0382fd4ecc83b4d529c60fd2f1bd7d96-1-e1776001324530-1258x1536.webp 1258w, https:\/\/1dronas.lt\/wp-content\/uploads\/2026\/04\/0382fd4ecc83b4d529c60fd2f1bd7d96-1-e1776001324530-10x12.webp 10w, https:\/\/1dronas.lt\/wp-content\/uploads\/2026\/04\/0382fd4ecc83b4d529c60fd2f1bd7d96-1-e1776001324530-510x623.webp 510w\" sizes=\"auto, (max-width: 432px) 100vw, 432px\" \/><\/p>\n<p><strong>Scheme:<\/strong><\/p>\n<p><img loading=\"lazy\" decoding=\"async\" class=\"alignnone wp-image-18464\" src=\"https:\/\/1dronas.lt\/wp-content\/uploads\/2026\/04\/20221206223959.webp\" alt=\"\" width=\"536\" height=\"387\" srcset=\"https:\/\/1dronas.lt\/wp-content\/uploads\/2026\/04\/20221206223959.webp 1320w, https:\/\/1dronas.lt\/wp-content\/uploads\/2026\/04\/20221206223959-300x217.webp 300w, https:\/\/1dronas.lt\/wp-content\/uploads\/2026\/04\/20221206223959-1024x739.webp 1024w, https:\/\/1dronas.lt\/wp-content\/uploads\/2026\/04\/20221206223959-768x554.webp 768w, https:\/\/1dronas.lt\/wp-content\/uploads\/2026\/04\/20221206223959-18x12.webp 18w, https:\/\/1dronas.lt\/wp-content\/uploads\/2026\/04\/20221206223959-510x368.webp 510w\" sizes=\"auto, (max-width: 536px) 100vw, 536px\" \/><\/p>","protected":false},"excerpt":{"rendered":"<p><span style=\"color: #333333;\">Flywoo GOKU GM10 Pro GPS V3 \u2013 tikslus ir greitas GPS modulis su integruotu kompasu, u\u017etikrinantis patikim\u0105 FPV drono navigacij\u0105.<\/span><\/p>\n<p><span style=\"color: #333333;\"><strong><img loading=\"lazy\" decoding=\"async\" class=\"alignnone wp-image-1806\" src=\"https:\/\/1dronas.lt\/wp-content\/uploads\/2021\/05\/delivery-icon.png.webp\" alt=\"\" width=\"24\" height=\"24\" srcset=\"https:\/\/1dronas.lt\/wp-content\/uploads\/2021\/05\/delivery-icon.png 35w, https:\/\/1dronas.lt\/wp-content\/uploads\/2021\/05\/delivery-icon-12x12.png 12w\" sizes=\"auto, (max-width: 24px) 100vw, 24px\" \/>\u00a0\u00a0\u00a01 \u2013 2 days<\/strong><\/span><\/p>","protected":false},"featured_media":18465,"comment_status":"open","ping_status":"closed","template":"","meta":[],"product_brand":[1152],"product_cat":[220],"product_tag":[90,1275,40,1276,888],"class_list":{"0":"post-18453","1":"product","2":"type-product","3":"status-publish","4":"has-post-thumbnail","6":"product_brand-flywoo","7":"product_cat-gps","8":"product_tag-flywoo","9":"product_tag-goku-gm10-pro","10":"product_tag-gps","11":"product_tag-komposas","12":"product_tag-v3","14":"first","15":"instock","16":"taxable","17":"shipping-taxable","18":"purchasable","19":"product-type-simple"},"yoast_head":"<!-- This site is optimized with the Yoast SEO plugin v27.4 - https:\/\/yoast.com\/product\/yoast-seo-wordpress\/ -->\n<title>Flywoo GOKU GM10 Pro GPS w\/compass V3 - 1dronas.lt<\/title>\n<meta name=\"robots\" content=\"index, follow, max-snippet:-1, max-image-preview:large, max-video-preview:-1\" \/>\n<link rel=\"canonical\" href=\"https:\/\/1dronas.lt\/en\/produktas\/flywoo-goku-gm10-pro-gps-komposas-v3\/\" \/>\n<meta property=\"og:locale\" content=\"en_US\" \/>\n<meta property=\"og:type\" content=\"article\" \/>\n<meta property=\"og:title\" content=\"Flywoo GOKU GM10 Pro GPS w\/compass V3 - 1dronas.lt\" \/>\n<meta property=\"og:description\" content=\"Flywoo GOKU GM10 Pro GPS V3 \u2013 tikslus ir greitas GPS modulis su integruotu kompasu, u\u017etikrinantis patikim\u0105 FPV drono navigacij\u0105.  \u00a0\u00a0\u00a01 \u2013 2 d. d.\" \/>\n<meta property=\"og:url\" content=\"https:\/\/1dronas.lt\/en\/produktas\/flywoo-goku-gm10-pro-gps-komposas-v3\/\" \/>\n<meta property=\"og:site_name\" content=\"1dronas.lt\" \/>\n<meta property=\"article:publisher\" content=\"https:\/\/www.facebook.com\/1dronas\/\" \/>\n<meta property=\"article:modified_time\" content=\"2026-04-14T20:15:38+00:00\" \/>\n<meta property=\"og:image\" content=\"https:\/\/1dronas.lt\/wp-content\/uploads\/2026\/04\/68fb7ab0b54dbfadd9cee13d79117e67.webp\" \/>\n\t<meta property=\"og:image:width\" content=\"2000\" \/>\n\t<meta property=\"og:image:height\" content=\"2000\" \/>\n\t<meta property=\"og:image:type\" content=\"image\/webp\" \/>\n<meta name=\"twitter:card\" content=\"summary_large_image\" \/>\n<meta name=\"twitter:label1\" content=\"Est. reading time\" \/>\n\t<meta name=\"twitter:data1\" content=\"2 minutes\" \/>\n<script type=\"application\/ld+json\" class=\"yoast-schema-graph\">{\"@context\":\"https:\\\/\\\/schema.org\",\"@graph\":[{\"@type\":\"WebPage\",\"@id\":\"https:\\\/\\\/1dronas.lt\\\/en\\\/produktas\\\/flywoo-goku-gm10-pro-gps-komposas-v3\\\/\",\"url\":\"https:\\\/\\\/1dronas.lt\\\/en\\\/produktas\\\/flywoo-goku-gm10-pro-gps-komposas-v3\\\/\",\"name\":\"Flywoo GOKU GM10 Pro GPS w\\\/compass V3 - 1dronas.lt\",\"isPartOf\":{\"@id\":\"https:\\\/\\\/1dronas.lt\\\/en\\\/#website\"},\"primaryImageOfPage\":{\"@id\":\"https:\\\/\\\/1dronas.lt\\\/en\\\/produktas\\\/flywoo-goku-gm10-pro-gps-komposas-v3\\\/#primaryimage\"},\"image\":{\"@id\":\"https:\\\/\\\/1dronas.lt\\\/en\\\/produktas\\\/flywoo-goku-gm10-pro-gps-komposas-v3\\\/#primaryimage\"},\"thumbnailUrl\":\"https:\\\/\\\/1dronas.lt\\\/wp-content\\\/uploads\\\/2026\\\/04\\\/68fb7ab0b54dbfadd9cee13d79117e67.webp\",\"datePublished\":\"2026-04-14T20:09:14+00:00\",\"dateModified\":\"2026-04-14T20:15:38+00:00\",\"breadcrumb\":{\"@id\":\"https:\\\/\\\/1dronas.lt\\\/en\\\/produktas\\\/flywoo-goku-gm10-pro-gps-komposas-v3\\\/#breadcrumb\"},\"inLanguage\":\"en-US\",\"potentialAction\":[{\"@type\":\"ReadAction\",\"target\":[\"https:\\\/\\\/1dronas.lt\\\/en\\\/produktas\\\/flywoo-goku-gm10-pro-gps-komposas-v3\\\/\"]}]},{\"@type\":\"ImageObject\",\"inLanguage\":\"en-US\",\"@id\":\"https:\\\/\\\/1dronas.lt\\\/en\\\/produktas\\\/flywoo-goku-gm10-pro-gps-komposas-v3\\\/#primaryimage\",\"url\":\"https:\\\/\\\/1dronas.lt\\\/wp-content\\\/uploads\\\/2026\\\/04\\\/68fb7ab0b54dbfadd9cee13d79117e67.webp\",\"contentUrl\":\"https:\\\/\\\/1dronas.lt\\\/wp-content\\\/uploads\\\/2026\\\/04\\\/68fb7ab0b54dbfadd9cee13d79117e67.webp\",\"width\":2000,\"height\":2000},{\"@type\":\"BreadcrumbList\",\"@id\":\"https:\\\/\\\/1dronas.lt\\\/en\\\/produktas\\\/flywoo-goku-gm10-pro-gps-komposas-v3\\\/#breadcrumb\",\"itemListElement\":[{\"@type\":\"ListItem\",\"position\":1,\"name\":\"Home\",\"item\":\"https:\\\/\\\/1dronas.lt\\\/\"},{\"@type\":\"ListItem\",\"position\":2,\"name\":\"Parduotuv\u0117\",\"item\":\"https:\\\/\\\/1dronas.lt\\\/parduotuve\\\/\"},{\"@type\":\"ListItem\",\"position\":3,\"name\":\"Flywoo GOKU GM10 Pro GPS w\\\/compass V3\"}]},{\"@type\":\"WebSite\",\"@id\":\"https:\\\/\\\/1dronas.lt\\\/en\\\/#website\",\"url\":\"https:\\\/\\\/1dronas.lt\\\/en\\\/\",\"name\":\"1dronas.lt\",\"description\":\"Internetin\u0117 parduotuv\u0117\",\"publisher\":{\"@id\":\"https:\\\/\\\/1dronas.lt\\\/en\\\/#organization\"},\"potentialAction\":[{\"@type\":\"SearchAction\",\"target\":{\"@type\":\"EntryPoint\",\"urlTemplate\":\"https:\\\/\\\/1dronas.lt\\\/en\\\/?s={search_term_string}\"},\"query-input\":{\"@type\":\"PropertyValueSpecification\",\"valueRequired\":true,\"valueName\":\"search_term_string\"}}],\"inLanguage\":\"en-US\"},{\"@type\":\"Organization\",\"@id\":\"https:\\\/\\\/1dronas.lt\\\/en\\\/#organization\",\"name\":\"1dronas.lt\",\"url\":\"https:\\\/\\\/1dronas.lt\\\/en\\\/\",\"logo\":{\"@type\":\"ImageObject\",\"inLanguage\":\"en-US\",\"@id\":\"https:\\\/\\\/1dronas.lt\\\/en\\\/#\\\/schema\\\/logo\\\/image\\\/\",\"url\":\"https:\\\/\\\/1dronas.lt\\\/wp-content\\\/uploads\\\/2020\\\/12\\\/Ekrano_kopija__2_-removebg-preview-1-1.png\",\"contentUrl\":\"https:\\\/\\\/1dronas.lt\\\/wp-content\\\/uploads\\\/2020\\\/12\\\/Ekrano_kopija__2_-removebg-preview-1-1.png\",\"width\":234,\"height\":81,\"caption\":\"1dronas.lt\"},\"image\":{\"@id\":\"https:\\\/\\\/1dronas.lt\\\/en\\\/#\\\/schema\\\/logo\\\/image\\\/\"},\"sameAs\":[\"https:\\\/\\\/www.facebook.com\\\/1dronas\\\/\"]}]}<\/script>\n<!-- \/ Yoast SEO plugin. -->","yoast_head_json":{"title":"Flywoo GOKU GM10 Pro GPS w\/compass V3 - 1dronas.lt","robots":{"index":"index","follow":"follow","max-snippet":"max-snippet:-1","max-image-preview":"max-image-preview:large","max-video-preview":"max-video-preview:-1"},"canonical":"https:\/\/1dronas.lt\/en\/produktas\/flywoo-goku-gm10-pro-gps-komposas-v3\/","og_locale":"en_US","og_type":"article","og_title":"Flywoo GOKU GM10 Pro GPS w\/compass V3 - 1dronas.lt","og_description":"Flywoo GOKU GM10 Pro GPS V3 \u2013 tikslus ir greitas GPS modulis su integruotu kompasu, u\u017etikrinantis patikim\u0105 FPV drono navigacij\u0105.  \u00a0\u00a0\u00a01 \u2013 2 d. d.","og_url":"https:\/\/1dronas.lt\/en\/produktas\/flywoo-goku-gm10-pro-gps-komposas-v3\/","og_site_name":"1dronas.lt","article_publisher":"https:\/\/www.facebook.com\/1dronas\/","article_modified_time":"2026-04-14T20:15:38+00:00","og_image":[{"width":2000,"height":2000,"url":"https:\/\/1dronas.lt\/wp-content\/uploads\/2026\/04\/68fb7ab0b54dbfadd9cee13d79117e67.webp","type":"image\/webp"}],"twitter_card":"summary_large_image","twitter_misc":{"Est. reading time":"2 minutes"},"schema":{"@context":"https:\/\/schema.org","@graph":[{"@type":"WebPage","@id":"https:\/\/1dronas.lt\/en\/produktas\/flywoo-goku-gm10-pro-gps-komposas-v3\/","url":"https:\/\/1dronas.lt\/en\/produktas\/flywoo-goku-gm10-pro-gps-komposas-v3\/","name":"Flywoo GOKU GM10 Pro GPS w\/compass V3 - 1dronas.lt","isPartOf":{"@id":"https:\/\/1dronas.lt\/en\/#website"},"primaryImageOfPage":{"@id":"https:\/\/1dronas.lt\/en\/produktas\/flywoo-goku-gm10-pro-gps-komposas-v3\/#primaryimage"},"image":{"@id":"https:\/\/1dronas.lt\/en\/produktas\/flywoo-goku-gm10-pro-gps-komposas-v3\/#primaryimage"},"thumbnailUrl":"https:\/\/1dronas.lt\/wp-content\/uploads\/2026\/04\/68fb7ab0b54dbfadd9cee13d79117e67.webp","datePublished":"2026-04-14T20:09:14+00:00","dateModified":"2026-04-14T20:15:38+00:00","breadcrumb":{"@id":"https:\/\/1dronas.lt\/en\/produktas\/flywoo-goku-gm10-pro-gps-komposas-v3\/#breadcrumb"},"inLanguage":"en-US","potentialAction":[{"@type":"ReadAction","target":["https:\/\/1dronas.lt\/en\/produktas\/flywoo-goku-gm10-pro-gps-komposas-v3\/"]}]},{"@type":"ImageObject","inLanguage":"en-US","@id":"https:\/\/1dronas.lt\/en\/produktas\/flywoo-goku-gm10-pro-gps-komposas-v3\/#primaryimage","url":"https:\/\/1dronas.lt\/wp-content\/uploads\/2026\/04\/68fb7ab0b54dbfadd9cee13d79117e67.webp","contentUrl":"https:\/\/1dronas.lt\/wp-content\/uploads\/2026\/04\/68fb7ab0b54dbfadd9cee13d79117e67.webp","width":2000,"height":2000},{"@type":"BreadcrumbList","@id":"https:\/\/1dronas.lt\/en\/produktas\/flywoo-goku-gm10-pro-gps-komposas-v3\/#breadcrumb","itemListElement":[{"@type":"ListItem","position":1,"name":"Home","item":"https:\/\/1dronas.lt\/"},{"@type":"ListItem","position":2,"name":"Parduotuv\u0117","item":"https:\/\/1dronas.lt\/parduotuve\/"},{"@type":"ListItem","position":3,"name":"Flywoo GOKU GM10 Pro GPS w\/compass V3"}]},{"@type":"WebSite","@id":"https:\/\/1dronas.lt\/en\/#website","url":"https:\/\/1dronas.lt\/en\/","name":"1dronas.lt","description":"Online store","publisher":{"@id":"https:\/\/1dronas.lt\/en\/#organization"},"potentialAction":[{"@type":"SearchAction","target":{"@type":"EntryPoint","urlTemplate":"https:\/\/1dronas.lt\/en\/?s={search_term_string}"},"query-input":{"@type":"PropertyValueSpecification","valueRequired":true,"valueName":"search_term_string"}}],"inLanguage":"en-US"},{"@type":"Organization","@id":"https:\/\/1dronas.lt\/en\/#organization","name":"1dronas.lt","url":"https:\/\/1dronas.lt\/en\/","logo":{"@type":"ImageObject","inLanguage":"en-US","@id":"https:\/\/1dronas.lt\/en\/#\/schema\/logo\/image\/","url":"https:\/\/1dronas.lt\/wp-content\/uploads\/2020\/12\/Ekrano_kopija__2_-removebg-preview-1-1.png","contentUrl":"https:\/\/1dronas.lt\/wp-content\/uploads\/2020\/12\/Ekrano_kopija__2_-removebg-preview-1-1.png","width":234,"height":81,"caption":"1dronas.lt"},"image":{"@id":"https:\/\/1dronas.lt\/en\/#\/schema\/logo\/image\/"},"sameAs":["https:\/\/www.facebook.com\/1dronas\/"]}]}},"jetpack_sharing_enabled":true,"_links":{"self":[{"href":"https:\/\/1dronas.lt\/en\/wp-json\/wp\/v2\/product\/18453","targetHints":{"allow":["GET"]}}],"collection":[{"href":"https:\/\/1dronas.lt\/en\/wp-json\/wp\/v2\/product"}],"about":[{"href":"https:\/\/1dronas.lt\/en\/wp-json\/wp\/v2\/types\/product"}],"replies":[{"embeddable":true,"href":"https:\/\/1dronas.lt\/en\/wp-json\/wp\/v2\/comments?post=18453"}],"wp:featuredmedia":[{"embeddable":true,"href":"https:\/\/1dronas.lt\/en\/wp-json\/wp\/v2\/media\/18465"}],"wp:attachment":[{"href":"https:\/\/1dronas.lt\/en\/wp-json\/wp\/v2\/media?parent=18453"}],"wp:term":[{"taxonomy":"product_brand","embeddable":true,"href":"https:\/\/1dronas.lt\/en\/wp-json\/wp\/v2\/product_brand?post=18453"},{"taxonomy":"product_cat","embeddable":true,"href":"https:\/\/1dronas.lt\/en\/wp-json\/wp\/v2\/product_cat?post=18453"},{"taxonomy":"product_tag","embeddable":true,"href":"https:\/\/1dronas.lt\/en\/wp-json\/wp\/v2\/product_tag?post=18453"}],"curies":[{"name":"wp","href":"https:\/\/api.w.org\/{rel}","templated":true}]}}