{"id":18448,"date":"2026-04-14T23:04:08","date_gmt":"2026-04-14T20:04:08","guid":{"rendered":"https:\/\/1dronas.lt\/?post_type=product&#038;p=18448"},"modified":"2026-04-14T23:04:08","modified_gmt":"2026-04-14T20:04:08","slug":"flywoo-a30-f-20awg-pigtail-cable","status":"publish","type":"product","link":"https:\/\/1dronas.lt\/en\/produktas\/flywoo-a30-f-20awg-pigtail-cable\/","title":{"rendered":"Flywoo A30-F 20AWG PIGTAIL cable"},"content":{"rendered":"<p>Flywoo A30-F 20AWG jungtis skirta auk\u0161tos srov\u0117s FPV dronams, u\u017etikrinanti patikim\u0105 ir ma\u017eos var\u017eos elektros perdavim\u0105. Lyginant su PH2.0 jungtimis, A30 palaiko iki 15A nuolatin\u0119 srov\u0119, tod\u0117l suteikia daugiau galios, geresn\u012f efektyvum\u0105 ir ilgesn\u012f skryd\u017eio laik\u0105.<\/p>\n<p><strong>Specification:<\/strong><\/p>\n<p>\u2022 Kabelis: 20AWG;<br \/>\n\u2022 Kabelio ilgis: 80 mm;<br \/>\n\u2022 Maksimali srov\u0117: iki 15A;<br \/>\n\u2022 Jungtis: A30;<br \/>\n\u2022 Pritaikymas: 1S FPV dronai.<\/p>\n<p><strong>Measurements:<\/strong><\/p>\n<p><img loading=\"lazy\" decoding=\"async\" class=\"alignnone wp-image-18452\" src=\"https:\/\/1dronas.lt\/wp-content\/uploads\/2026\/04\/2-1-1200x1200_900x.webp\" alt=\"\" width=\"407\" height=\"407\" srcset=\"https:\/\/1dronas.lt\/wp-content\/uploads\/2026\/04\/2-1-1200x1200_900x.webp 800w, https:\/\/1dronas.lt\/wp-content\/uploads\/2026\/04\/2-1-1200x1200_900x-300x300.webp 300w, https:\/\/1dronas.lt\/wp-content\/uploads\/2026\/04\/2-1-1200x1200_900x-150x150.webp 150w, https:\/\/1dronas.lt\/wp-content\/uploads\/2026\/04\/2-1-1200x1200_900x-768x768.webp 768w, https:\/\/1dronas.lt\/wp-content\/uploads\/2026\/04\/2-1-1200x1200_900x-12x12.webp 12w, https:\/\/1dronas.lt\/wp-content\/uploads\/2026\/04\/2-1-1200x1200_900x-247x247.webp 247w, https:\/\/1dronas.lt\/wp-content\/uploads\/2026\/04\/2-1-1200x1200_900x-510x510.webp 510w, https:\/\/1dronas.lt\/wp-content\/uploads\/2026\/04\/2-1-1200x1200_900x-100x100.webp 100w\" sizes=\"auto, (max-width: 407px) 100vw, 407px\" \/><\/p>\n<p><img loading=\"lazy\" decoding=\"async\" class=\"alignnone wp-image-18450\" src=\"https:\/\/1dronas.lt\/wp-content\/uploads\/2026\/04\/flywoo-A30-F-80MM-20AWG-PIGTAIL-spec.webp\" alt=\"\" width=\"499\" height=\"611\" srcset=\"https:\/\/1dronas.lt\/wp-content\/uploads\/2026\/04\/flywoo-A30-F-80MM-20AWG-PIGTAIL-spec.webp 647w, https:\/\/1dronas.lt\/wp-content\/uploads\/2026\/04\/flywoo-A30-F-80MM-20AWG-PIGTAIL-spec-245x300.webp 245w, https:\/\/1dronas.lt\/wp-content\/uploads\/2026\/04\/flywoo-A30-F-80MM-20AWG-PIGTAIL-spec-10x12.webp 10w, https:\/\/1dronas.lt\/wp-content\/uploads\/2026\/04\/flywoo-A30-F-80MM-20AWG-PIGTAIL-spec-510x624.webp 510w\" sizes=\"auto, (max-width: 499px) 100vw, 499px\" \/><\/p>\n<p><strong>Package:<\/strong><\/p>\n<p>5x Flywoo A30-F 20AWG PIGTAIL.<\/p>\n<p>&nbsp;<\/p>","protected":false},"excerpt":{"rendered":"<p><span style=\"color: #333333;\">Flywoo A30-F 20AWG PIGTAIL \u2013 auk\u0161tos srov\u0117s jungtis, palaikanti iki 15A, u\u017etikrinanti efektyvesn\u012f energijos perdavim\u0105 ir geresn\u012f FPV drono veikim\u0105 nei PH2.0.<\/span><\/p>\n<p><span style=\"color: #333333;\"><strong><img loading=\"lazy\" decoding=\"async\" class=\"alignnone wp-image-1806\" src=\"https:\/\/1dronas.lt\/wp-content\/uploads\/2021\/05\/delivery-icon.png.webp\" alt=\"\" width=\"24\" height=\"24\" srcset=\"https:\/\/1dronas.lt\/wp-content\/uploads\/2021\/05\/delivery-icon.png 35w, https:\/\/1dronas.lt\/wp-content\/uploads\/2021\/05\/delivery-icon-12x12.png 12w\" sizes=\"auto, (max-width: 24px) 100vw, 24px\" \/>\u00a0 1 \u2013 2 days<\/strong><\/span><\/p>","protected":false},"featured_media":18449,"comment_status":"open","ping_status":"closed","template":"","meta":[],"product_brand":[1152],"product_cat":[676],"product_tag":[1051,1190,90,432],"class_list":{"0":"post-18448","1":"product","2":"type-product","3":"status-publish","4":"has-post-thumbnail","6":"product_brand-flywoo","7":"product_cat-laidai-jungtys","8":"product_tag-20awg","9":"product_tag-a30","10":"product_tag-flywoo","11":"product_tag-pigtail-cable","13":"first","14":"instock","15":"taxable","16":"shipping-taxable","17":"purchasable","18":"product-type-simple"},"yoast_head":"<!-- This site is optimized with the Yoast SEO plugin v27.4 - https:\/\/yoast.com\/product\/yoast-seo-wordpress\/ -->\n<title>Flywoo A30-F 20AWG PIGTAIL cable - 1dronas.lt<\/title>\n<meta name=\"robots\" content=\"index, follow, max-snippet:-1, max-image-preview:large, max-video-preview:-1\" \/>\n<link rel=\"canonical\" href=\"https:\/\/1dronas.lt\/en\/produktas\/flywoo-a30-f-20awg-pigtail-cable\/\" \/>\n<meta property=\"og:locale\" content=\"en_US\" \/>\n<meta property=\"og:type\" content=\"article\" \/>\n<meta property=\"og:title\" content=\"Flywoo A30-F 20AWG PIGTAIL cable - 1dronas.lt\" \/>\n<meta property=\"og:description\" content=\"Flywoo A30-F 20AWG PIGTAIL \u2013 auk\u0161tos srov\u0117s jungtis, palaikanti iki 15A, u\u017etikrinanti efektyvesn\u012f energijos perdavim\u0105 ir geresn\u012f FPV drono veikim\u0105 nei PH2.0.  \u00a0 1 \u2013 2 d. d.\" \/>\n<meta property=\"og:url\" content=\"https:\/\/1dronas.lt\/en\/produktas\/flywoo-a30-f-20awg-pigtail-cable\/\" \/>\n<meta property=\"og:site_name\" content=\"1dronas.lt\" \/>\n<meta property=\"article:publisher\" content=\"https:\/\/www.facebook.com\/1dronas\/\" \/>\n<meta property=\"og:image\" content=\"https:\/\/1dronas.lt\/wp-content\/uploads\/2026\/04\/flywoo-A30-F-80MM-20AWG-PIGTAIL_900x.webp\" \/>\n\t<meta property=\"og:image:width\" content=\"800\" \/>\n\t<meta property=\"og:image:height\" content=\"800\" \/>\n\t<meta property=\"og:image:type\" content=\"image\/webp\" \/>\n<meta name=\"twitter:card\" content=\"summary_large_image\" \/>\n<meta name=\"twitter:label1\" content=\"Est. reading time\" \/>\n\t<meta name=\"twitter:data1\" content=\"1 minute\" \/>\n<script type=\"application\/ld+json\" class=\"yoast-schema-graph\">{\"@context\":\"https:\\\/\\\/schema.org\",\"@graph\":[{\"@type\":\"WebPage\",\"@id\":\"https:\\\/\\\/1dronas.lt\\\/en\\\/produktas\\\/flywoo-a30-f-20awg-pigtail-cable\\\/\",\"url\":\"https:\\\/\\\/1dronas.lt\\\/en\\\/produktas\\\/flywoo-a30-f-20awg-pigtail-cable\\\/\",\"name\":\"Flywoo A30-F 20AWG PIGTAIL cable - 1dronas.lt\",\"isPartOf\":{\"@id\":\"https:\\\/\\\/1dronas.lt\\\/en\\\/#website\"},\"primaryImageOfPage\":{\"@id\":\"https:\\\/\\\/1dronas.lt\\\/en\\\/produktas\\\/flywoo-a30-f-20awg-pigtail-cable\\\/#primaryimage\"},\"image\":{\"@id\":\"https:\\\/\\\/1dronas.lt\\\/en\\\/produktas\\\/flywoo-a30-f-20awg-pigtail-cable\\\/#primaryimage\"},\"thumbnailUrl\":\"https:\\\/\\\/1dronas.lt\\\/wp-content\\\/uploads\\\/2026\\\/04\\\/flywoo-A30-F-80MM-20AWG-PIGTAIL_900x.webp\",\"datePublished\":\"2026-04-14T20:04:08+00:00\",\"breadcrumb\":{\"@id\":\"https:\\\/\\\/1dronas.lt\\\/en\\\/produktas\\\/flywoo-a30-f-20awg-pigtail-cable\\\/#breadcrumb\"},\"inLanguage\":\"en-US\",\"potentialAction\":[{\"@type\":\"ReadAction\",\"target\":[\"https:\\\/\\\/1dronas.lt\\\/en\\\/produktas\\\/flywoo-a30-f-20awg-pigtail-cable\\\/\"]}]},{\"@type\":\"ImageObject\",\"inLanguage\":\"en-US\",\"@id\":\"https:\\\/\\\/1dronas.lt\\\/en\\\/produktas\\\/flywoo-a30-f-20awg-pigtail-cable\\\/#primaryimage\",\"url\":\"https:\\\/\\\/1dronas.lt\\\/wp-content\\\/uploads\\\/2026\\\/04\\\/flywoo-A30-F-80MM-20AWG-PIGTAIL_900x.webp\",\"contentUrl\":\"https:\\\/\\\/1dronas.lt\\\/wp-content\\\/uploads\\\/2026\\\/04\\\/flywoo-A30-F-80MM-20AWG-PIGTAIL_900x.webp\",\"width\":800,\"height\":800},{\"@type\":\"BreadcrumbList\",\"@id\":\"https:\\\/\\\/1dronas.lt\\\/en\\\/produktas\\\/flywoo-a30-f-20awg-pigtail-cable\\\/#breadcrumb\",\"itemListElement\":[{\"@type\":\"ListItem\",\"position\":1,\"name\":\"Home\",\"item\":\"https:\\\/\\\/1dronas.lt\\\/\"},{\"@type\":\"ListItem\",\"position\":2,\"name\":\"Parduotuv\u0117\",\"item\":\"https:\\\/\\\/1dronas.lt\\\/parduotuve\\\/\"},{\"@type\":\"ListItem\",\"position\":3,\"name\":\"Flywoo A30-F 20AWG PIGTAIL cable\"}]},{\"@type\":\"WebSite\",\"@id\":\"https:\\\/\\\/1dronas.lt\\\/en\\\/#website\",\"url\":\"https:\\\/\\\/1dronas.lt\\\/en\\\/\",\"name\":\"1dronas.lt\",\"description\":\"Internetin\u0117 parduotuv\u0117\",\"publisher\":{\"@id\":\"https:\\\/\\\/1dronas.lt\\\/en\\\/#organization\"},\"potentialAction\":[{\"@type\":\"SearchAction\",\"target\":{\"@type\":\"EntryPoint\",\"urlTemplate\":\"https:\\\/\\\/1dronas.lt\\\/en\\\/?s={search_term_string}\"},\"query-input\":{\"@type\":\"PropertyValueSpecification\",\"valueRequired\":true,\"valueName\":\"search_term_string\"}}],\"inLanguage\":\"en-US\"},{\"@type\":\"Organization\",\"@id\":\"https:\\\/\\\/1dronas.lt\\\/en\\\/#organization\",\"name\":\"1dronas.lt\",\"url\":\"https:\\\/\\\/1dronas.lt\\\/en\\\/\",\"logo\":{\"@type\":\"ImageObject\",\"inLanguage\":\"en-US\",\"@id\":\"https:\\\/\\\/1dronas.lt\\\/en\\\/#\\\/schema\\\/logo\\\/image\\\/\",\"url\":\"https:\\\/\\\/1dronas.lt\\\/wp-content\\\/uploads\\\/2020\\\/12\\\/Ekrano_kopija__2_-removebg-preview-1-1.png\",\"contentUrl\":\"https:\\\/\\\/1dronas.lt\\\/wp-content\\\/uploads\\\/2020\\\/12\\\/Ekrano_kopija__2_-removebg-preview-1-1.png\",\"width\":234,\"height\":81,\"caption\":\"1dronas.lt\"},\"image\":{\"@id\":\"https:\\\/\\\/1dronas.lt\\\/en\\\/#\\\/schema\\\/logo\\\/image\\\/\"},\"sameAs\":[\"https:\\\/\\\/www.facebook.com\\\/1dronas\\\/\"]}]}<\/script>\n<!-- \/ Yoast SEO plugin. -->","yoast_head_json":{"title":"Flywoo A30-F 20AWG PIGTAIL cable - 1dronas.lt","robots":{"index":"index","follow":"follow","max-snippet":"max-snippet:-1","max-image-preview":"max-image-preview:large","max-video-preview":"max-video-preview:-1"},"canonical":"https:\/\/1dronas.lt\/en\/produktas\/flywoo-a30-f-20awg-pigtail-cable\/","og_locale":"en_US","og_type":"article","og_title":"Flywoo A30-F 20AWG PIGTAIL cable - 1dronas.lt","og_description":"Flywoo A30-F 20AWG PIGTAIL \u2013 auk\u0161tos srov\u0117s jungtis, palaikanti iki 15A, u\u017etikrinanti efektyvesn\u012f energijos perdavim\u0105 ir geresn\u012f FPV drono veikim\u0105 nei PH2.0.  \u00a0 1 \u2013 2 d. d.","og_url":"https:\/\/1dronas.lt\/en\/produktas\/flywoo-a30-f-20awg-pigtail-cable\/","og_site_name":"1dronas.lt","article_publisher":"https:\/\/www.facebook.com\/1dronas\/","og_image":[{"width":800,"height":800,"url":"https:\/\/1dronas.lt\/wp-content\/uploads\/2026\/04\/flywoo-A30-F-80MM-20AWG-PIGTAIL_900x.webp","type":"image\/webp"}],"twitter_card":"summary_large_image","twitter_misc":{"Est. reading time":"1 minute"},"schema":{"@context":"https:\/\/schema.org","@graph":[{"@type":"WebPage","@id":"https:\/\/1dronas.lt\/en\/produktas\/flywoo-a30-f-20awg-pigtail-cable\/","url":"https:\/\/1dronas.lt\/en\/produktas\/flywoo-a30-f-20awg-pigtail-cable\/","name":"Flywoo A30-F 20AWG PIGTAIL cable - 1dronas.lt","isPartOf":{"@id":"https:\/\/1dronas.lt\/en\/#website"},"primaryImageOfPage":{"@id":"https:\/\/1dronas.lt\/en\/produktas\/flywoo-a30-f-20awg-pigtail-cable\/#primaryimage"},"image":{"@id":"https:\/\/1dronas.lt\/en\/produktas\/flywoo-a30-f-20awg-pigtail-cable\/#primaryimage"},"thumbnailUrl":"https:\/\/1dronas.lt\/wp-content\/uploads\/2026\/04\/flywoo-A30-F-80MM-20AWG-PIGTAIL_900x.webp","datePublished":"2026-04-14T20:04:08+00:00","breadcrumb":{"@id":"https:\/\/1dronas.lt\/en\/produktas\/flywoo-a30-f-20awg-pigtail-cable\/#breadcrumb"},"inLanguage":"en-US","potentialAction":[{"@type":"ReadAction","target":["https:\/\/1dronas.lt\/en\/produktas\/flywoo-a30-f-20awg-pigtail-cable\/"]}]},{"@type":"ImageObject","inLanguage":"en-US","@id":"https:\/\/1dronas.lt\/en\/produktas\/flywoo-a30-f-20awg-pigtail-cable\/#primaryimage","url":"https:\/\/1dronas.lt\/wp-content\/uploads\/2026\/04\/flywoo-A30-F-80MM-20AWG-PIGTAIL_900x.webp","contentUrl":"https:\/\/1dronas.lt\/wp-content\/uploads\/2026\/04\/flywoo-A30-F-80MM-20AWG-PIGTAIL_900x.webp","width":800,"height":800},{"@type":"BreadcrumbList","@id":"https:\/\/1dronas.lt\/en\/produktas\/flywoo-a30-f-20awg-pigtail-cable\/#breadcrumb","itemListElement":[{"@type":"ListItem","position":1,"name":"Home","item":"https:\/\/1dronas.lt\/"},{"@type":"ListItem","position":2,"name":"Parduotuv\u0117","item":"https:\/\/1dronas.lt\/parduotuve\/"},{"@type":"ListItem","position":3,"name":"Flywoo A30-F 20AWG PIGTAIL cable"}]},{"@type":"WebSite","@id":"https:\/\/1dronas.lt\/en\/#website","url":"https:\/\/1dronas.lt\/en\/","name":"1dronas.lt","description":"Online store","publisher":{"@id":"https:\/\/1dronas.lt\/en\/#organization"},"potentialAction":[{"@type":"SearchAction","target":{"@type":"EntryPoint","urlTemplate":"https:\/\/1dronas.lt\/en\/?s={search_term_string}"},"query-input":{"@type":"PropertyValueSpecification","valueRequired":true,"valueName":"search_term_string"}}],"inLanguage":"en-US"},{"@type":"Organization","@id":"https:\/\/1dronas.lt\/en\/#organization","name":"1dronas.lt","url":"https:\/\/1dronas.lt\/en\/","logo":{"@type":"ImageObject","inLanguage":"en-US","@id":"https:\/\/1dronas.lt\/en\/#\/schema\/logo\/image\/","url":"https:\/\/1dronas.lt\/wp-content\/uploads\/2020\/12\/Ekrano_kopija__2_-removebg-preview-1-1.png","contentUrl":"https:\/\/1dronas.lt\/wp-content\/uploads\/2020\/12\/Ekrano_kopija__2_-removebg-preview-1-1.png","width":234,"height":81,"caption":"1dronas.lt"},"image":{"@id":"https:\/\/1dronas.lt\/en\/#\/schema\/logo\/image\/"},"sameAs":["https:\/\/www.facebook.com\/1dronas\/"]}]}},"jetpack_sharing_enabled":true,"_links":{"self":[{"href":"https:\/\/1dronas.lt\/en\/wp-json\/wp\/v2\/product\/18448","targetHints":{"allow":["GET"]}}],"collection":[{"href":"https:\/\/1dronas.lt\/en\/wp-json\/wp\/v2\/product"}],"about":[{"href":"https:\/\/1dronas.lt\/en\/wp-json\/wp\/v2\/types\/product"}],"replies":[{"embeddable":true,"href":"https:\/\/1dronas.lt\/en\/wp-json\/wp\/v2\/comments?post=18448"}],"wp:featuredmedia":[{"embeddable":true,"href":"https:\/\/1dronas.lt\/en\/wp-json\/wp\/v2\/media\/18449"}],"wp:attachment":[{"href":"https:\/\/1dronas.lt\/en\/wp-json\/wp\/v2\/media?parent=18448"}],"wp:term":[{"taxonomy":"product_brand","embeddable":true,"href":"https:\/\/1dronas.lt\/en\/wp-json\/wp\/v2\/product_brand?post=18448"},{"taxonomy":"product_cat","embeddable":true,"href":"https:\/\/1dronas.lt\/en\/wp-json\/wp\/v2\/product_cat?post=18448"},{"taxonomy":"product_tag","embeddable":true,"href":"https:\/\/1dronas.lt\/en\/wp-json\/wp\/v2\/product_tag?post=18448"}],"curies":[{"name":"wp","href":"https:\/\/api.w.org\/{rel}","templated":true}]}}