{"id":18431,"date":"2026-04-13T11:26:18","date_gmt":"2026-04-13T08:26:18","guid":{"rendered":"https:\/\/1dronas.lt\/?post_type=product&#038;p=18431"},"modified":"2026-04-13T11:56:20","modified_gmt":"2026-04-13T08:56:20","slug":"flywoo-finder-v1-0-led-buzzer","status":"publish","type":"product","link":"https:\/\/1dronas.lt\/en\/produktas\/flywoo-finder-v1-0-led-buzzer\/","title":{"rendered":"Flywoo Finder V1.0 \/ LED Buzzer"},"content":{"rendered":"<p>Flywoo Finder V1.0 su LED buzzer skirtas FPV dronams, padedantis lengvai surasti prarast\u0105 model\u012f. \u012erenginys turi integruot\u0105 100 dB garsin\u012f signal\u0105 ir LED indikatori\u0173, kurie automati\u0161kai \u012fsijungia net atjungus pagrindin\u0119 baterij\u0105, u\u017etikrinant patikim\u0105 drono paie\u0161k\u0105.<\/p>\n<p><strong>Features:<\/strong><\/p>\n<p>\u2022 Veikia kaip standartinis buzzer (sinchronizuotas su FC);<br \/>\n\u2022 Automatinis signalas atjungus baterij\u0105 (po ~30 s);<br \/>\n\u2022 Integruota baterija leid\u017eia veikti nepriklausomai;<br \/>\n\u2022 LED \u0161viesa padeda lengviau rasti dron\u0105;<br \/>\n\u2022 Paprastas prijungimas prie buzzer porto;<br \/>\n\u2022 I\u0161jungimas mygtuku (&gt;2 s).<\/p>\n<p><strong>Specification:<\/strong><\/p>\n<p>\u2022 Garsumas: 100 dB;<br \/>\n\u2022 Dydis: 21 x 11 x 9,5 mm;<br \/>\n\u2022 Svoris: 2,7 g;<br \/>\n\u2022 Kabelio ilgis: 100 mm;<br \/>\n\u2022 Suderinamumas: BF \/ CF skryd\u017eio valdikliai;<br \/>\n\u2022 Veikimas: iki 5-10 valand\u0173;<\/p>\n<p><strong>Measurements:<\/strong><\/p>\n<p><img loading=\"lazy\" decoding=\"async\" class=\"alignnone wp-image-18437\" src=\"https:\/\/1dronas.lt\/wp-content\/uploads\/2026\/04\/0376d520a80471a7f66b04524b81a7f9_900x-1-e1775994699456.webp\" alt=\"\" width=\"418\" height=\"347\" srcset=\"https:\/\/1dronas.lt\/wp-content\/uploads\/2026\/04\/0376d520a80471a7f66b04524b81a7f9_900x-1-e1775994699456.webp 900w, https:\/\/1dronas.lt\/wp-content\/uploads\/2026\/04\/0376d520a80471a7f66b04524b81a7f9_900x-1-e1775994699456-300x249.webp 300w, https:\/\/1dronas.lt\/wp-content\/uploads\/2026\/04\/0376d520a80471a7f66b04524b81a7f9_900x-1-e1775994699456-768x638.webp 768w, https:\/\/1dronas.lt\/wp-content\/uploads\/2026\/04\/0376d520a80471a7f66b04524b81a7f9_900x-1-e1775994699456-14x12.webp 14w, https:\/\/1dronas.lt\/wp-content\/uploads\/2026\/04\/0376d520a80471a7f66b04524b81a7f9_900x-1-e1775994699456-510x424.webp 510w\" sizes=\"auto, (max-width: 418px) 100vw, 418px\" \/><\/p>\n<p><strong>Package:<\/strong><\/p>\n<p>\u2022 1x Flywoo Finder V1.0 \/ LED buzzer.<\/p>","protected":false},"excerpt":{"rendered":"<p><span style=\"color: #000000;\">Flywoo Finder V1.0 \u2013 tai kompakti\u0161kas FPV dron\u0173 garsinis signalas su integruota LED lempute ir baterija, kuris automati\u0161kai skleid\u017eia iki 100 dB garsin\u012f signal\u0105 net atjungus pagrindin\u0119 baterij\u0105.<\/span><\/p>\n<p><span style=\"color: #000000;\"><strong><img loading=\"lazy\" decoding=\"async\" class=\"alignnone wp-image-1806\" src=\"https:\/\/1dronas.lt\/wp-content\/uploads\/2021\/05\/delivery-icon.png.webp\" alt=\"\" width=\"24\" height=\"24\" srcset=\"https:\/\/1dronas.lt\/wp-content\/uploads\/2021\/05\/delivery-icon.png 35w, https:\/\/1dronas.lt\/wp-content\/uploads\/2021\/05\/delivery-icon-12x12.png 12w\" sizes=\"auto, (max-width: 24px) 100vw, 24px\" \/>\u00a0\u00a0\u00a01 \u2013 2 days<\/strong><\/span><\/p>","protected":false},"featured_media":18439,"comment_status":"open","ping_status":"closed","template":"","meta":[],"product_brand":[1152],"product_cat":[219],"product_tag":[172,1271,90,935],"class_list":{"0":"post-18431","1":"product","2":"type-product","3":"status-publish","4":"has-post-thumbnail","6":"product_brand-flywoo","7":"product_cat-buzzer","8":"product_tag-buzzer","9":"product_tag-finder-v1","10":"product_tag-flywoo","11":"product_tag-led","13":"first","14":"instock","15":"taxable","16":"shipping-taxable","17":"purchasable","18":"product-type-simple"},"yoast_head":"<!-- This site is optimized with the Yoast SEO plugin v27.4 - https:\/\/yoast.com\/product\/yoast-seo-wordpress\/ -->\n<title>Flywoo Finder V1.0 \/ LED Buzzer - 1dronas.lt<\/title>\n<meta name=\"robots\" content=\"index, follow, max-snippet:-1, max-image-preview:large, max-video-preview:-1\" \/>\n<link rel=\"canonical\" href=\"https:\/\/1dronas.lt\/en\/produktas\/flywoo-finder-v1-0-led-buzzer\/\" \/>\n<meta property=\"og:locale\" content=\"en_US\" \/>\n<meta property=\"og:type\" content=\"article\" \/>\n<meta property=\"og:title\" content=\"Flywoo Finder V1.0 \/ LED Buzzer - 1dronas.lt\" \/>\n<meta property=\"og:description\" content=\"Flywoo Finder V1.0 \u2013 tai kompakti\u0161kas FPV dron\u0173 garsinis signalas su integruota LED lempute ir baterija, kuris automati\u0161kai skleid\u017eia iki 100 dB garsin\u012f signal\u0105 net atjungus pagrindin\u0119 baterij\u0105.  \u00a0\u00a0\u00a01 \u2013 2 d. d.\" \/>\n<meta property=\"og:url\" content=\"https:\/\/1dronas.lt\/en\/produktas\/flywoo-finder-v1-0-led-buzzer\/\" \/>\n<meta property=\"og:site_name\" content=\"1dronas.lt\" \/>\n<meta property=\"article:publisher\" content=\"https:\/\/www.facebook.com\/1dronas\/\" \/>\n<meta property=\"article:modified_time\" content=\"2026-04-13T08:56:20+00:00\" \/>\n<meta property=\"og:image\" content=\"https:\/\/1dronas.lt\/wp-content\/uploads\/2026\/04\/4398e2a96d40e700838fabf5d35db8b3_900x.webp\" \/>\n\t<meta property=\"og:image:width\" content=\"900\" \/>\n\t<meta property=\"og:image:height\" content=\"900\" \/>\n\t<meta property=\"og:image:type\" content=\"image\/webp\" \/>\n<meta name=\"twitter:card\" content=\"summary_large_image\" \/>\n<meta name=\"twitter:label1\" content=\"Est. reading time\" \/>\n\t<meta name=\"twitter:data1\" content=\"2 minutes\" \/>\n<script type=\"application\/ld+json\" class=\"yoast-schema-graph\">{\"@context\":\"https:\\\/\\\/schema.org\",\"@graph\":[{\"@type\":\"WebPage\",\"@id\":\"https:\\\/\\\/1dronas.lt\\\/en\\\/produktas\\\/flywoo-finder-v1-0-led-buzzer\\\/\",\"url\":\"https:\\\/\\\/1dronas.lt\\\/en\\\/produktas\\\/flywoo-finder-v1-0-led-buzzer\\\/\",\"name\":\"Flywoo Finder V1.0 \\\/ LED Buzzer - 1dronas.lt\",\"isPartOf\":{\"@id\":\"https:\\\/\\\/1dronas.lt\\\/en\\\/#website\"},\"primaryImageOfPage\":{\"@id\":\"https:\\\/\\\/1dronas.lt\\\/en\\\/produktas\\\/flywoo-finder-v1-0-led-buzzer\\\/#primaryimage\"},\"image\":{\"@id\":\"https:\\\/\\\/1dronas.lt\\\/en\\\/produktas\\\/flywoo-finder-v1-0-led-buzzer\\\/#primaryimage\"},\"thumbnailUrl\":\"https:\\\/\\\/1dronas.lt\\\/wp-content\\\/uploads\\\/2026\\\/04\\\/4398e2a96d40e700838fabf5d35db8b3_900x.webp\",\"datePublished\":\"2026-04-13T08:26:18+00:00\",\"dateModified\":\"2026-04-13T08:56:20+00:00\",\"breadcrumb\":{\"@id\":\"https:\\\/\\\/1dronas.lt\\\/en\\\/produktas\\\/flywoo-finder-v1-0-led-buzzer\\\/#breadcrumb\"},\"inLanguage\":\"en-US\",\"potentialAction\":[{\"@type\":\"ReadAction\",\"target\":[\"https:\\\/\\\/1dronas.lt\\\/en\\\/produktas\\\/flywoo-finder-v1-0-led-buzzer\\\/\"]}]},{\"@type\":\"ImageObject\",\"inLanguage\":\"en-US\",\"@id\":\"https:\\\/\\\/1dronas.lt\\\/en\\\/produktas\\\/flywoo-finder-v1-0-led-buzzer\\\/#primaryimage\",\"url\":\"https:\\\/\\\/1dronas.lt\\\/wp-content\\\/uploads\\\/2026\\\/04\\\/4398e2a96d40e700838fabf5d35db8b3_900x.webp\",\"contentUrl\":\"https:\\\/\\\/1dronas.lt\\\/wp-content\\\/uploads\\\/2026\\\/04\\\/4398e2a96d40e700838fabf5d35db8b3_900x.webp\",\"width\":900,\"height\":900},{\"@type\":\"BreadcrumbList\",\"@id\":\"https:\\\/\\\/1dronas.lt\\\/en\\\/produktas\\\/flywoo-finder-v1-0-led-buzzer\\\/#breadcrumb\",\"itemListElement\":[{\"@type\":\"ListItem\",\"position\":1,\"name\":\"Home\",\"item\":\"https:\\\/\\\/1dronas.lt\\\/\"},{\"@type\":\"ListItem\",\"position\":2,\"name\":\"Parduotuv\u0117\",\"item\":\"https:\\\/\\\/1dronas.lt\\\/parduotuve\\\/\"},{\"@type\":\"ListItem\",\"position\":3,\"name\":\"Flywoo Finder V1.0 \\\/ LED Buzzer\"}]},{\"@type\":\"WebSite\",\"@id\":\"https:\\\/\\\/1dronas.lt\\\/en\\\/#website\",\"url\":\"https:\\\/\\\/1dronas.lt\\\/en\\\/\",\"name\":\"1dronas.lt\",\"description\":\"Internetin\u0117 parduotuv\u0117\",\"publisher\":{\"@id\":\"https:\\\/\\\/1dronas.lt\\\/en\\\/#organization\"},\"potentialAction\":[{\"@type\":\"SearchAction\",\"target\":{\"@type\":\"EntryPoint\",\"urlTemplate\":\"https:\\\/\\\/1dronas.lt\\\/en\\\/?s={search_term_string}\"},\"query-input\":{\"@type\":\"PropertyValueSpecification\",\"valueRequired\":true,\"valueName\":\"search_term_string\"}}],\"inLanguage\":\"en-US\"},{\"@type\":\"Organization\",\"@id\":\"https:\\\/\\\/1dronas.lt\\\/en\\\/#organization\",\"name\":\"1dronas.lt\",\"url\":\"https:\\\/\\\/1dronas.lt\\\/en\\\/\",\"logo\":{\"@type\":\"ImageObject\",\"inLanguage\":\"en-US\",\"@id\":\"https:\\\/\\\/1dronas.lt\\\/en\\\/#\\\/schema\\\/logo\\\/image\\\/\",\"url\":\"https:\\\/\\\/1dronas.lt\\\/wp-content\\\/uploads\\\/2020\\\/12\\\/Ekrano_kopija__2_-removebg-preview-1-1.png\",\"contentUrl\":\"https:\\\/\\\/1dronas.lt\\\/wp-content\\\/uploads\\\/2020\\\/12\\\/Ekrano_kopija__2_-removebg-preview-1-1.png\",\"width\":234,\"height\":81,\"caption\":\"1dronas.lt\"},\"image\":{\"@id\":\"https:\\\/\\\/1dronas.lt\\\/en\\\/#\\\/schema\\\/logo\\\/image\\\/\"},\"sameAs\":[\"https:\\\/\\\/www.facebook.com\\\/1dronas\\\/\"]}]}<\/script>\n<!-- \/ Yoast SEO plugin. -->","yoast_head_json":{"title":"Flywoo Finder V1.0 \/ LED Buzzer - 1dronas.lt","robots":{"index":"index","follow":"follow","max-snippet":"max-snippet:-1","max-image-preview":"max-image-preview:large","max-video-preview":"max-video-preview:-1"},"canonical":"https:\/\/1dronas.lt\/en\/produktas\/flywoo-finder-v1-0-led-buzzer\/","og_locale":"en_US","og_type":"article","og_title":"Flywoo Finder V1.0 \/ LED Buzzer - 1dronas.lt","og_description":"Flywoo Finder V1.0 \u2013 tai kompakti\u0161kas FPV dron\u0173 garsinis signalas su integruota LED lempute ir baterija, kuris automati\u0161kai skleid\u017eia iki 100 dB garsin\u012f signal\u0105 net atjungus pagrindin\u0119 baterij\u0105.  \u00a0\u00a0\u00a01 \u2013 2 d. d.","og_url":"https:\/\/1dronas.lt\/en\/produktas\/flywoo-finder-v1-0-led-buzzer\/","og_site_name":"1dronas.lt","article_publisher":"https:\/\/www.facebook.com\/1dronas\/","article_modified_time":"2026-04-13T08:56:20+00:00","og_image":[{"width":900,"height":900,"url":"https:\/\/1dronas.lt\/wp-content\/uploads\/2026\/04\/4398e2a96d40e700838fabf5d35db8b3_900x.webp","type":"image\/webp"}],"twitter_card":"summary_large_image","twitter_misc":{"Est. reading time":"2 minutes"},"schema":{"@context":"https:\/\/schema.org","@graph":[{"@type":"WebPage","@id":"https:\/\/1dronas.lt\/en\/produktas\/flywoo-finder-v1-0-led-buzzer\/","url":"https:\/\/1dronas.lt\/en\/produktas\/flywoo-finder-v1-0-led-buzzer\/","name":"Flywoo Finder V1.0 \/ LED Buzzer - 1dronas.lt","isPartOf":{"@id":"https:\/\/1dronas.lt\/en\/#website"},"primaryImageOfPage":{"@id":"https:\/\/1dronas.lt\/en\/produktas\/flywoo-finder-v1-0-led-buzzer\/#primaryimage"},"image":{"@id":"https:\/\/1dronas.lt\/en\/produktas\/flywoo-finder-v1-0-led-buzzer\/#primaryimage"},"thumbnailUrl":"https:\/\/1dronas.lt\/wp-content\/uploads\/2026\/04\/4398e2a96d40e700838fabf5d35db8b3_900x.webp","datePublished":"2026-04-13T08:26:18+00:00","dateModified":"2026-04-13T08:56:20+00:00","breadcrumb":{"@id":"https:\/\/1dronas.lt\/en\/produktas\/flywoo-finder-v1-0-led-buzzer\/#breadcrumb"},"inLanguage":"en-US","potentialAction":[{"@type":"ReadAction","target":["https:\/\/1dronas.lt\/en\/produktas\/flywoo-finder-v1-0-led-buzzer\/"]}]},{"@type":"ImageObject","inLanguage":"en-US","@id":"https:\/\/1dronas.lt\/en\/produktas\/flywoo-finder-v1-0-led-buzzer\/#primaryimage","url":"https:\/\/1dronas.lt\/wp-content\/uploads\/2026\/04\/4398e2a96d40e700838fabf5d35db8b3_900x.webp","contentUrl":"https:\/\/1dronas.lt\/wp-content\/uploads\/2026\/04\/4398e2a96d40e700838fabf5d35db8b3_900x.webp","width":900,"height":900},{"@type":"BreadcrumbList","@id":"https:\/\/1dronas.lt\/en\/produktas\/flywoo-finder-v1-0-led-buzzer\/#breadcrumb","itemListElement":[{"@type":"ListItem","position":1,"name":"Home","item":"https:\/\/1dronas.lt\/"},{"@type":"ListItem","position":2,"name":"Parduotuv\u0117","item":"https:\/\/1dronas.lt\/parduotuve\/"},{"@type":"ListItem","position":3,"name":"Flywoo Finder V1.0 \/ LED Buzzer"}]},{"@type":"WebSite","@id":"https:\/\/1dronas.lt\/en\/#website","url":"https:\/\/1dronas.lt\/en\/","name":"1dronas.lt","description":"Online store","publisher":{"@id":"https:\/\/1dronas.lt\/en\/#organization"},"potentialAction":[{"@type":"SearchAction","target":{"@type":"EntryPoint","urlTemplate":"https:\/\/1dronas.lt\/en\/?s={search_term_string}"},"query-input":{"@type":"PropertyValueSpecification","valueRequired":true,"valueName":"search_term_string"}}],"inLanguage":"en-US"},{"@type":"Organization","@id":"https:\/\/1dronas.lt\/en\/#organization","name":"1dronas.lt","url":"https:\/\/1dronas.lt\/en\/","logo":{"@type":"ImageObject","inLanguage":"en-US","@id":"https:\/\/1dronas.lt\/en\/#\/schema\/logo\/image\/","url":"https:\/\/1dronas.lt\/wp-content\/uploads\/2020\/12\/Ekrano_kopija__2_-removebg-preview-1-1.png","contentUrl":"https:\/\/1dronas.lt\/wp-content\/uploads\/2020\/12\/Ekrano_kopija__2_-removebg-preview-1-1.png","width":234,"height":81,"caption":"1dronas.lt"},"image":{"@id":"https:\/\/1dronas.lt\/en\/#\/schema\/logo\/image\/"},"sameAs":["https:\/\/www.facebook.com\/1dronas\/"]}]}},"jetpack_sharing_enabled":true,"_links":{"self":[{"href":"https:\/\/1dronas.lt\/en\/wp-json\/wp\/v2\/product\/18431","targetHints":{"allow":["GET"]}}],"collection":[{"href":"https:\/\/1dronas.lt\/en\/wp-json\/wp\/v2\/product"}],"about":[{"href":"https:\/\/1dronas.lt\/en\/wp-json\/wp\/v2\/types\/product"}],"replies":[{"embeddable":true,"href":"https:\/\/1dronas.lt\/en\/wp-json\/wp\/v2\/comments?post=18431"}],"wp:featuredmedia":[{"embeddable":true,"href":"https:\/\/1dronas.lt\/en\/wp-json\/wp\/v2\/media\/18439"}],"wp:attachment":[{"href":"https:\/\/1dronas.lt\/en\/wp-json\/wp\/v2\/media?parent=18431"}],"wp:term":[{"taxonomy":"product_brand","embeddable":true,"href":"https:\/\/1dronas.lt\/en\/wp-json\/wp\/v2\/product_brand?post=18431"},{"taxonomy":"product_cat","embeddable":true,"href":"https:\/\/1dronas.lt\/en\/wp-json\/wp\/v2\/product_cat?post=18431"},{"taxonomy":"product_tag","embeddable":true,"href":"https:\/\/1dronas.lt\/en\/wp-json\/wp\/v2\/product_tag?post=18431"}],"curies":[{"name":"wp","href":"https:\/\/api.w.org\/{rel}","templated":true}]}}