{"id":18426,"date":"2026-04-12T14:40:15","date_gmt":"2026-04-12T11:40:15","guid":{"rendered":"https:\/\/1dronas.lt\/?post_type=product&#038;p=18426"},"modified":"2026-04-12T15:56:12","modified_gmt":"2026-04-12T12:56:12","slug":"vifly-6-jungciu-1s-bateriju-ikroviklis","status":"publish","type":"product","link":"https:\/\/1dronas.lt\/en\/produktas\/vifly-6-jungciu-1s-bateriju-ikroviklis\/","title":{"rendered":"VIFLY 6-port 1S battery charger"},"content":{"rendered":"<p data-start=\"0\" data-end=\"262\">VIFLY 1S serijos \u012fkrovimo plok\u0161t\u0117 su BT2.0 ir PH2.0 jungtimis \u2013 tai kompakti\u0161kas sprendimas 1 cel\u0117s LiPo baterijoms \u012fkrauti. Ji supaprastina \u012fkrovim\u0105 d\u0117l integruoto BT2.0 lizdo ir ai\u0161ki\u0173 LED indikatori\u0173, tod\u0117l puikiai tinka tiek naudojimui namuose, tiek kelion\u0117ms.<\/p>\n<p data-start=\"0\" data-end=\"262\"><span role=\"text\"><strong data-start=\"268\" data-end=\"279\">Features:<\/strong><\/span><\/p>\n<p>\u2022 Leid\u017eia atlikti 1S LiPo baterij\u0173 \u201estorage\u201c (saugojimo) \u012fkrovim\u0105 naudojant standartin\u012f \u012fkrovikl\u012f;<br \/>\n\u2022 Galima vienu metu krauti nuo 1 iki 6 baterij\u0173;<br \/>\n\u2022 \u012ekraunam\u0173 baterij\u0173 skai\u010dius nustatomas pasukant ranken\u0117l\u0119;<br \/>\n\u2022 Integruotas saugiklis padidina saugum\u0105;<br \/>\n\u2022 I\u0161 anksto prilituotos PH2.0 ir GNB27 jungtys.<br \/>\n\u2022 \u012frengin\u012f galima naudoti jungiant prie XT60 jungt\u012f turin\u010dios i\u0161orin\u0117s baterijos.<\/p>\n<p><span role=\"text\"><strong data-start=\"589\" data-end=\"607\">Specification:<\/strong><\/span><\/p>\n<p>\u2022 Baterijos tipas: 1S LiPo;<br \/>\n\u2022 Jungtys: BT2.0 + PH2.0;<br \/>\n\u2022 \u012e\u0117jimas: XT60;<br \/>\n\u2022 B\u016bsenos indikatorius: LED \u012fkrovimo indikatorius.<\/p>\n<p><strong>Package:<\/strong><\/p>\n<p>1x VIFLY 6 jung\u010di\u0173 1S baterij\u0173 \u012fkroviklis.<\/p>\n<p><img loading=\"lazy\" decoding=\"async\" class=\"alignnone wp-image-18433\" src=\"https:\/\/1dronas.lt\/wp-content\/uploads\/2026\/04\/VIFLY-1s-series-chagring-board-GNB27.jpg-1024x640.webp\" alt=\"\" width=\"559\" height=\"350\" srcset=\"https:\/\/1dronas.lt\/wp-content\/uploads\/2026\/04\/VIFLY-1s-series-chagring-board-GNB27.jpg-1024x640.webp 1024w, https:\/\/1dronas.lt\/wp-content\/uploads\/2026\/04\/VIFLY-1s-series-chagring-board-GNB27.jpg-300x188.webp 300w, https:\/\/1dronas.lt\/wp-content\/uploads\/2026\/04\/VIFLY-1s-series-chagring-board-GNB27.jpg-768x480.webp 768w, https:\/\/1dronas.lt\/wp-content\/uploads\/2026\/04\/VIFLY-1s-series-chagring-board-GNB27.jpg-18x12.webp 18w, https:\/\/1dronas.lt\/wp-content\/uploads\/2026\/04\/VIFLY-1s-series-chagring-board-GNB27.jpg-510x319.webp 510w, https:\/\/1dronas.lt\/wp-content\/uploads\/2026\/04\/VIFLY-1s-series-chagring-board-GNB27.jpg.webp 1200w\" sizes=\"auto, (max-width: 559px) 100vw, 559px\" \/><\/p>","protected":false},"excerpt":{"rendered":"<p>VIFLY 6 jung\u010di\u0173 \u012fkroviklis \u2013 kompakti\u0161ka 1S LiPo baterij\u0173 \u012fkrovimo plok\u0161t\u0117 su BT2.0 ir PH2.0 jungtimis, leid\u017eianti vienu metu krauti iki 6 baterij\u0173.<\/p>\n<p><span style=\"color: #333333;\"><strong><img loading=\"lazy\" decoding=\"async\" class=\"alignnone wp-image-1806\" src=\"https:\/\/1dronas.lt\/wp-content\/uploads\/2021\/05\/delivery-icon.png.webp\" alt=\"\" width=\"24\" height=\"24\" srcset=\"https:\/\/1dronas.lt\/wp-content\/uploads\/2021\/05\/delivery-icon.png 35w, https:\/\/1dronas.lt\/wp-content\/uploads\/2021\/05\/delivery-icon-12x12.png 12w\" sizes=\"auto, (max-width: 24px) 100vw, 24px\" \/>\u00a0 1 \u2013 2 days<\/strong><\/span><\/p>","protected":false},"featured_media":18432,"comment_status":"open","ping_status":"closed","template":"","meta":[],"product_brand":[1082],"product_cat":[157],"product_tag":[166,1083],"class_list":{"0":"post-18426","1":"product","2":"type-product","3":"status-publish","4":"has-post-thumbnail","6":"product_brand-vifly","7":"product_cat-ikrovikliai","8":"product_tag-6-jungciu-1s-bateriju-ikroviklis","9":"product_tag-vifly","11":"first","12":"instock","13":"taxable","14":"shipping-taxable","15":"purchasable","16":"product-type-simple"},"yoast_head":"<!-- This site is optimized with the Yoast SEO plugin v27.3 - https:\/\/yoast.com\/product\/yoast-seo-wordpress\/ -->\n<title>VIFLY 6 jung\u010di\u0173 1S baterij\u0173 \u012fkroviklis - 1dronas.lt<\/title>\n<meta name=\"robots\" content=\"index, follow, max-snippet:-1, max-image-preview:large, max-video-preview:-1\" \/>\n<link rel=\"canonical\" href=\"https:\/\/1dronas.lt\/en\/produktas\/vifly-6-jungciu-1s-bateriju-ikroviklis\/\" \/>\n<meta property=\"og:locale\" content=\"en_US\" \/>\n<meta property=\"og:type\" content=\"article\" \/>\n<meta property=\"og:title\" content=\"VIFLY 6 jung\u010di\u0173 1S baterij\u0173 \u012fkroviklis - 1dronas.lt\" \/>\n<meta property=\"og:description\" content=\"VIFLY 6 jung\u010di\u0173 \u012fkroviklis \u2013 kompakti\u0161ka 1S LiPo baterij\u0173 \u012fkrovimo plok\u0161t\u0117 su BT2.0 ir PH2.0 jungtimis, leid\u017eianti vienu metu krauti iki 6 baterij\u0173.  \u00a0 1 \u2013 2 d. d.\" \/>\n<meta property=\"og:url\" content=\"https:\/\/1dronas.lt\/en\/produktas\/vifly-6-jungciu-1s-bateriju-ikroviklis\/\" \/>\n<meta property=\"og:site_name\" content=\"1dronas.lt\" \/>\n<meta property=\"article:publisher\" content=\"https:\/\/www.facebook.com\/1dronas\/\" \/>\n<meta property=\"article:modified_time\" content=\"2026-04-12T12:56:12+00:00\" \/>\n<meta property=\"og:image\" content=\"https:\/\/1dronas.lt\/wp-content\/uploads\/2026\/04\/vifly-1s-charging-board-bt2.0.jpg.webp\" \/>\n\t<meta property=\"og:image:width\" content=\"800\" \/>\n\t<meta property=\"og:image:height\" content=\"800\" \/>\n\t<meta property=\"og:image:type\" content=\"image\/webp\" \/>\n<meta name=\"twitter:card\" content=\"summary_large_image\" \/>\n<meta name=\"twitter:label1\" content=\"Est. reading time\" \/>\n\t<meta name=\"twitter:data1\" content=\"2 minutes\" \/>\n<script type=\"application\/ld+json\" class=\"yoast-schema-graph\">{\"@context\":\"https:\\\/\\\/schema.org\",\"@graph\":[{\"@type\":\"WebPage\",\"@id\":\"https:\\\/\\\/1dronas.lt\\\/en\\\/produktas\\\/vifly-6-jungciu-1s-bateriju-ikroviklis\\\/\",\"url\":\"https:\\\/\\\/1dronas.lt\\\/en\\\/produktas\\\/vifly-6-jungciu-1s-bateriju-ikroviklis\\\/\",\"name\":\"VIFLY 6 jung\u010di\u0173 1S baterij\u0173 \u012fkroviklis - 1dronas.lt\",\"isPartOf\":{\"@id\":\"https:\\\/\\\/1dronas.lt\\\/en\\\/#website\"},\"primaryImageOfPage\":{\"@id\":\"https:\\\/\\\/1dronas.lt\\\/en\\\/produktas\\\/vifly-6-jungciu-1s-bateriju-ikroviklis\\\/#primaryimage\"},\"image\":{\"@id\":\"https:\\\/\\\/1dronas.lt\\\/en\\\/produktas\\\/vifly-6-jungciu-1s-bateriju-ikroviklis\\\/#primaryimage\"},\"thumbnailUrl\":\"https:\\\/\\\/1dronas.lt\\\/wp-content\\\/uploads\\\/2026\\\/04\\\/vifly-1s-charging-board-bt2.0.jpg.webp\",\"datePublished\":\"2026-04-12T11:40:15+00:00\",\"dateModified\":\"2026-04-12T12:56:12+00:00\",\"breadcrumb\":{\"@id\":\"https:\\\/\\\/1dronas.lt\\\/en\\\/produktas\\\/vifly-6-jungciu-1s-bateriju-ikroviklis\\\/#breadcrumb\"},\"inLanguage\":\"en-US\",\"potentialAction\":[{\"@type\":\"ReadAction\",\"target\":[\"https:\\\/\\\/1dronas.lt\\\/en\\\/produktas\\\/vifly-6-jungciu-1s-bateriju-ikroviklis\\\/\"]}]},{\"@type\":\"ImageObject\",\"inLanguage\":\"en-US\",\"@id\":\"https:\\\/\\\/1dronas.lt\\\/en\\\/produktas\\\/vifly-6-jungciu-1s-bateriju-ikroviklis\\\/#primaryimage\",\"url\":\"https:\\\/\\\/1dronas.lt\\\/wp-content\\\/uploads\\\/2026\\\/04\\\/vifly-1s-charging-board-bt2.0.jpg.webp\",\"contentUrl\":\"https:\\\/\\\/1dronas.lt\\\/wp-content\\\/uploads\\\/2026\\\/04\\\/vifly-1s-charging-board-bt2.0.jpg.webp\",\"width\":800,\"height\":800},{\"@type\":\"BreadcrumbList\",\"@id\":\"https:\\\/\\\/1dronas.lt\\\/en\\\/produktas\\\/vifly-6-jungciu-1s-bateriju-ikroviklis\\\/#breadcrumb\",\"itemListElement\":[{\"@type\":\"ListItem\",\"position\":1,\"name\":\"Home\",\"item\":\"https:\\\/\\\/1dronas.lt\\\/\"},{\"@type\":\"ListItem\",\"position\":2,\"name\":\"Parduotuv\u0117\",\"item\":\"https:\\\/\\\/1dronas.lt\\\/parduotuve\\\/\"},{\"@type\":\"ListItem\",\"position\":3,\"name\":\"VIFLY 6 jung\u010di\u0173 1S baterij\u0173 \u012fkroviklis\"}]},{\"@type\":\"WebSite\",\"@id\":\"https:\\\/\\\/1dronas.lt\\\/en\\\/#website\",\"url\":\"https:\\\/\\\/1dronas.lt\\\/en\\\/\",\"name\":\"1dronas.lt\",\"description\":\"Internetin\u0117 parduotuv\u0117\",\"publisher\":{\"@id\":\"https:\\\/\\\/1dronas.lt\\\/en\\\/#organization\"},\"potentialAction\":[{\"@type\":\"SearchAction\",\"target\":{\"@type\":\"EntryPoint\",\"urlTemplate\":\"https:\\\/\\\/1dronas.lt\\\/en\\\/?s={search_term_string}\"},\"query-input\":{\"@type\":\"PropertyValueSpecification\",\"valueRequired\":true,\"valueName\":\"search_term_string\"}}],\"inLanguage\":\"en-US\"},{\"@type\":\"Organization\",\"@id\":\"https:\\\/\\\/1dronas.lt\\\/en\\\/#organization\",\"name\":\"1dronas.lt\",\"url\":\"https:\\\/\\\/1dronas.lt\\\/en\\\/\",\"logo\":{\"@type\":\"ImageObject\",\"inLanguage\":\"en-US\",\"@id\":\"https:\\\/\\\/1dronas.lt\\\/en\\\/#\\\/schema\\\/logo\\\/image\\\/\",\"url\":\"https:\\\/\\\/1dronas.lt\\\/wp-content\\\/uploads\\\/2020\\\/12\\\/Ekrano_kopija__2_-removebg-preview-1-1.png\",\"contentUrl\":\"https:\\\/\\\/1dronas.lt\\\/wp-content\\\/uploads\\\/2020\\\/12\\\/Ekrano_kopija__2_-removebg-preview-1-1.png\",\"width\":234,\"height\":81,\"caption\":\"1dronas.lt\"},\"image\":{\"@id\":\"https:\\\/\\\/1dronas.lt\\\/en\\\/#\\\/schema\\\/logo\\\/image\\\/\"},\"sameAs\":[\"https:\\\/\\\/www.facebook.com\\\/1dronas\\\/\"]}]}<\/script>\n<!-- \/ Yoast SEO plugin. -->","yoast_head_json":{"title":"VIFLY 6 jung\u010di\u0173 1S baterij\u0173 \u012fkroviklis - 1dronas.lt","robots":{"index":"index","follow":"follow","max-snippet":"max-snippet:-1","max-image-preview":"max-image-preview:large","max-video-preview":"max-video-preview:-1"},"canonical":"https:\/\/1dronas.lt\/en\/produktas\/vifly-6-jungciu-1s-bateriju-ikroviklis\/","og_locale":"en_US","og_type":"article","og_title":"VIFLY 6 jung\u010di\u0173 1S baterij\u0173 \u012fkroviklis - 1dronas.lt","og_description":"VIFLY 6 jung\u010di\u0173 \u012fkroviklis \u2013 kompakti\u0161ka 1S LiPo baterij\u0173 \u012fkrovimo plok\u0161t\u0117 su BT2.0 ir PH2.0 jungtimis, leid\u017eianti vienu metu krauti iki 6 baterij\u0173.  \u00a0 1 \u2013 2 d. d.","og_url":"https:\/\/1dronas.lt\/en\/produktas\/vifly-6-jungciu-1s-bateriju-ikroviklis\/","og_site_name":"1dronas.lt","article_publisher":"https:\/\/www.facebook.com\/1dronas\/","article_modified_time":"2026-04-12T12:56:12+00:00","og_image":[{"width":800,"height":800,"url":"https:\/\/1dronas.lt\/wp-content\/uploads\/2026\/04\/vifly-1s-charging-board-bt2.0.jpg.webp","type":"image\/webp"}],"twitter_card":"summary_large_image","twitter_misc":{"Est. reading time":"2 minutes"},"schema":{"@context":"https:\/\/schema.org","@graph":[{"@type":"WebPage","@id":"https:\/\/1dronas.lt\/en\/produktas\/vifly-6-jungciu-1s-bateriju-ikroviklis\/","url":"https:\/\/1dronas.lt\/en\/produktas\/vifly-6-jungciu-1s-bateriju-ikroviklis\/","name":"VIFLY 6 jung\u010di\u0173 1S baterij\u0173 \u012fkroviklis - 1dronas.lt","isPartOf":{"@id":"https:\/\/1dronas.lt\/en\/#website"},"primaryImageOfPage":{"@id":"https:\/\/1dronas.lt\/en\/produktas\/vifly-6-jungciu-1s-bateriju-ikroviklis\/#primaryimage"},"image":{"@id":"https:\/\/1dronas.lt\/en\/produktas\/vifly-6-jungciu-1s-bateriju-ikroviklis\/#primaryimage"},"thumbnailUrl":"https:\/\/1dronas.lt\/wp-content\/uploads\/2026\/04\/vifly-1s-charging-board-bt2.0.jpg.webp","datePublished":"2026-04-12T11:40:15+00:00","dateModified":"2026-04-12T12:56:12+00:00","breadcrumb":{"@id":"https:\/\/1dronas.lt\/en\/produktas\/vifly-6-jungciu-1s-bateriju-ikroviklis\/#breadcrumb"},"inLanguage":"en-US","potentialAction":[{"@type":"ReadAction","target":["https:\/\/1dronas.lt\/en\/produktas\/vifly-6-jungciu-1s-bateriju-ikroviklis\/"]}]},{"@type":"ImageObject","inLanguage":"en-US","@id":"https:\/\/1dronas.lt\/en\/produktas\/vifly-6-jungciu-1s-bateriju-ikroviklis\/#primaryimage","url":"https:\/\/1dronas.lt\/wp-content\/uploads\/2026\/04\/vifly-1s-charging-board-bt2.0.jpg.webp","contentUrl":"https:\/\/1dronas.lt\/wp-content\/uploads\/2026\/04\/vifly-1s-charging-board-bt2.0.jpg.webp","width":800,"height":800},{"@type":"BreadcrumbList","@id":"https:\/\/1dronas.lt\/en\/produktas\/vifly-6-jungciu-1s-bateriju-ikroviklis\/#breadcrumb","itemListElement":[{"@type":"ListItem","position":1,"name":"Home","item":"https:\/\/1dronas.lt\/"},{"@type":"ListItem","position":2,"name":"Parduotuv\u0117","item":"https:\/\/1dronas.lt\/parduotuve\/"},{"@type":"ListItem","position":3,"name":"VIFLY 6 jung\u010di\u0173 1S baterij\u0173 \u012fkroviklis"}]},{"@type":"WebSite","@id":"https:\/\/1dronas.lt\/en\/#website","url":"https:\/\/1dronas.lt\/en\/","name":"1dronas.lt","description":"Online store","publisher":{"@id":"https:\/\/1dronas.lt\/en\/#organization"},"potentialAction":[{"@type":"SearchAction","target":{"@type":"EntryPoint","urlTemplate":"https:\/\/1dronas.lt\/en\/?s={search_term_string}"},"query-input":{"@type":"PropertyValueSpecification","valueRequired":true,"valueName":"search_term_string"}}],"inLanguage":"en-US"},{"@type":"Organization","@id":"https:\/\/1dronas.lt\/en\/#organization","name":"1dronas.lt","url":"https:\/\/1dronas.lt\/en\/","logo":{"@type":"ImageObject","inLanguage":"en-US","@id":"https:\/\/1dronas.lt\/en\/#\/schema\/logo\/image\/","url":"https:\/\/1dronas.lt\/wp-content\/uploads\/2020\/12\/Ekrano_kopija__2_-removebg-preview-1-1.png","contentUrl":"https:\/\/1dronas.lt\/wp-content\/uploads\/2020\/12\/Ekrano_kopija__2_-removebg-preview-1-1.png","width":234,"height":81,"caption":"1dronas.lt"},"image":{"@id":"https:\/\/1dronas.lt\/en\/#\/schema\/logo\/image\/"},"sameAs":["https:\/\/www.facebook.com\/1dronas\/"]}]}},"jetpack_sharing_enabled":true,"_links":{"self":[{"href":"https:\/\/1dronas.lt\/en\/wp-json\/wp\/v2\/product\/18426","targetHints":{"allow":["GET"]}}],"collection":[{"href":"https:\/\/1dronas.lt\/en\/wp-json\/wp\/v2\/product"}],"about":[{"href":"https:\/\/1dronas.lt\/en\/wp-json\/wp\/v2\/types\/product"}],"replies":[{"embeddable":true,"href":"https:\/\/1dronas.lt\/en\/wp-json\/wp\/v2\/comments?post=18426"}],"wp:featuredmedia":[{"embeddable":true,"href":"https:\/\/1dronas.lt\/en\/wp-json\/wp\/v2\/media\/18432"}],"wp:attachment":[{"href":"https:\/\/1dronas.lt\/en\/wp-json\/wp\/v2\/media?parent=18426"}],"wp:term":[{"taxonomy":"product_brand","embeddable":true,"href":"https:\/\/1dronas.lt\/en\/wp-json\/wp\/v2\/product_brand?post=18426"},{"taxonomy":"product_cat","embeddable":true,"href":"https:\/\/1dronas.lt\/en\/wp-json\/wp\/v2\/product_cat?post=18426"},{"taxonomy":"product_tag","embeddable":true,"href":"https:\/\/1dronas.lt\/en\/wp-json\/wp\/v2\/product_tag?post=18426"}],"curies":[{"name":"wp","href":"https:\/\/api.w.org\/{rel}","templated":true}]}}