{"id":18424,"date":"2026-04-13T11:13:03","date_gmt":"2026-04-13T08:13:03","guid":{"rendered":"https:\/\/1dronas.lt\/?post_type=product&#038;p=18424"},"modified":"2026-04-13T11:13:04","modified_gmt":"2026-04-13T08:13:04","slug":"flywoo-1s-nano-kamera-v3","status":"publish","type":"product","link":"https:\/\/1dronas.lt\/en\/produktas\/flywoo-1s-nano-kamera-v3\/","title":{"rendered":"Flywoo 1S Nano Camera V3"},"content":{"rendered":"<p>Flywoo 1S Nano Camera V3 is designed for small FPV drones. The camera features a 4:3 aspect ratio and the ability to switch between NTSC and PAL modes. The 1\/3\u2033 CMOS sensor with global WDR technology ensures a clear and balanced image in various lighting conditions. The compact and lightweight design allows for easy integration into small drones while maintaining good image quality.<\/p>\n<p><strong>Features:<\/strong><\/p>\n<p>\u2022 Global WDR \u2013 better image in different lighting conditions;<br \/>\n\u2022 3D DNA \u2013 reduced image noise;<br \/>\n\u2022 Auto Gain Control (AGC) \u2013 automatic brightness adjustment;<br \/>\n\u2022 BLC \u2013 better visibility of objects against light;<br \/>\n\u2022 Electronic shutter: 1\/50\u2013100000 (PAL) \/ 1\/60\u2013100000 (NTSC);<br \/>\n\u2022 S\/N ratio: &gt;52 dB;<br \/>\n\u2022 Operating temperature: -20\u00b0C ~ +60\u00b0C;<br \/>\n\u2022 Humidity: 20% ~ 80%.<\/p>\n<p><strong>Measurements:<\/strong><\/p>\n<p><img loading=\"lazy\" decoding=\"async\" class=\"alignnone wp-image-18430\" src=\"https:\/\/1dronas.lt\/wp-content\/uploads\/2026\/04\/V3CAMERA_900x.webp\" alt=\"\" width=\"429\" height=\"429\" srcset=\"https:\/\/1dronas.lt\/wp-content\/uploads\/2026\/04\/V3CAMERA_900x.webp 900w, https:\/\/1dronas.lt\/wp-content\/uploads\/2026\/04\/V3CAMERA_900x-300x300.webp 300w, https:\/\/1dronas.lt\/wp-content\/uploads\/2026\/04\/V3CAMERA_900x-150x150.webp 150w, https:\/\/1dronas.lt\/wp-content\/uploads\/2026\/04\/V3CAMERA_900x-768x768.webp 768w, https:\/\/1dronas.lt\/wp-content\/uploads\/2026\/04\/V3CAMERA_900x-12x12.webp 12w, https:\/\/1dronas.lt\/wp-content\/uploads\/2026\/04\/V3CAMERA_900x-247x247.webp 247w, https:\/\/1dronas.lt\/wp-content\/uploads\/2026\/04\/V3CAMERA_900x-510x510.webp 510w, https:\/\/1dronas.lt\/wp-content\/uploads\/2026\/04\/V3CAMERA_900x-100x100.webp 100w\" sizes=\"auto, (max-width: 429px) 100vw, 429px\" \/><\/p>\n<p><strong>Specification:<\/strong><\/p>\n<p>\u2022 Image sensor: 1\/3\u2033 CMOS;<br \/>\n\u2022 Resolution: 1200 TVL;<br \/>\n\u2022 Aspect ratio: 4:3;<br \/>\n\u2022 TV system: NTSC \/ PAL (switchable);<br \/>\n\u2022 Lens: 1.8mm F2.5;<br \/>\n\u2022 Video output: CVBS;<br \/>\n\u2022 WDR: Global WDR;<br \/>\n\u2022 Minimum illumination: 0.001 Lux;<br \/>\n\u2022 Power supply: DC 3.7\u201318 V;<br \/>\n\u2022 Dimensions: 14 x 14 mm;<br \/>\n\u2022 Weight: 2.1 g.<\/p>\n<p><strong>Package:<\/strong><\/p>\n<p>1x Flywoo 1S Nano Camera V3 camera.<\/p>","protected":false},"excerpt":{"rendered":"<p><span style=\"color: #333333;\">Flywoo 1S Nano Camera V3 is a compact FPV camera with a 1\/3\u2033 CMOS sensor, 4:3 aspect ratio and Global WDR, ensuring a clear image in various lighting conditions.<\/span><\/p>\n<p><span style=\"color: #333333;\"><img loading=\"lazy\" decoding=\"async\" class=\"alignnone wp-image-1806\" src=\"https:\/\/1dronas.lt\/wp-content\/uploads\/2021\/05\/delivery-icon.png.webp\" alt=\"\" width=\"24\" height=\"24\" srcset=\"https:\/\/1dronas.lt\/wp-content\/uploads\/2021\/05\/delivery-icon.png 35w, https:\/\/1dronas.lt\/wp-content\/uploads\/2021\/05\/delivery-icon-12x12.png 12w\" sizes=\"auto, (max-width: 24px) 100vw, 24px\" \/><strong>\u00a0 1 \u2013 2 days<\/strong><\/span><\/p>","protected":false},"featured_media":18427,"comment_status":"open","ping_status":"closed","template":"","meta":[],"product_brand":[1152],"product_cat":[191],"product_tag":[95,90,433,965],"class_list":{"0":"post-18424","1":"product","2":"type-product","3":"status-publish","4":"has-post-thumbnail","6":"product_brand-flywoo","7":"product_cat-kameros","8":"product_tag-1s","9":"product_tag-flywoo","10":"product_tag-kamera","11":"product_tag-nano","13":"first","14":"instock","15":"taxable","16":"shipping-taxable","17":"purchasable","18":"product-type-simple"},"yoast_head":"<!-- This site is optimized with the Yoast SEO plugin v27.4 - https:\/\/yoast.com\/product\/yoast-seo-wordpress\/ -->\n<title>Flywoo 1S Nano kamera V3 - 1dronas.lt<\/title>\n<meta name=\"robots\" content=\"index, follow, max-snippet:-1, max-image-preview:large, max-video-preview:-1\" \/>\n<link rel=\"canonical\" href=\"https:\/\/1dronas.lt\/en\/produktas\/flywoo-1s-nano-kamera-v3\/\" \/>\n<meta property=\"og:locale\" content=\"en_US\" \/>\n<meta property=\"og:type\" content=\"article\" \/>\n<meta property=\"og:title\" content=\"Flywoo 1S Nano kamera V3 - 1dronas.lt\" \/>\n<meta property=\"og:description\" content=\"Flywoo 1S Nano Camera V3 \u2013 kompakti\u0161ka FPV kamera su 1\/3&quot; CMOS sensoriumi, 4:3 vaizdo santykiu ir Global WDR, u\u017etikrinanti ai\u0161k\u0173 vaizd\u0105 \u012fvairiomis ap\u0161vietimo s\u0105lygomis.  \u00a0 1 \u2013 2 d. d.\" \/>\n<meta property=\"og:url\" content=\"https:\/\/1dronas.lt\/en\/produktas\/flywoo-1s-nano-kamera-v3\/\" \/>\n<meta property=\"og:site_name\" content=\"1dronas.lt\" \/>\n<meta property=\"article:publisher\" content=\"https:\/\/www.facebook.com\/1dronas\/\" \/>\n<meta property=\"article:modified_time\" content=\"2026-04-13T08:13:04+00:00\" \/>\n<meta property=\"og:image\" content=\"https:\/\/1dronas.lt\/wp-content\/uploads\/2026\/04\/Flywoo-1S-drone-Nano-Camera-V3-1_900x.webp\" \/>\n\t<meta property=\"og:image:width\" content=\"900\" \/>\n\t<meta property=\"og:image:height\" content=\"900\" \/>\n\t<meta property=\"og:image:type\" content=\"image\/webp\" \/>\n<meta name=\"twitter:card\" content=\"summary_large_image\" \/>\n<meta name=\"twitter:label1\" content=\"Est. reading time\" \/>\n\t<meta name=\"twitter:data1\" content=\"2 minutes\" \/>\n<script type=\"application\/ld+json\" class=\"yoast-schema-graph\">{\"@context\":\"https:\\\/\\\/schema.org\",\"@graph\":[{\"@type\":\"WebPage\",\"@id\":\"https:\\\/\\\/1dronas.lt\\\/en\\\/produktas\\\/flywoo-1s-nano-kamera-v3\\\/\",\"url\":\"https:\\\/\\\/1dronas.lt\\\/en\\\/produktas\\\/flywoo-1s-nano-kamera-v3\\\/\",\"name\":\"Flywoo 1S Nano kamera V3 - 1dronas.lt\",\"isPartOf\":{\"@id\":\"https:\\\/\\\/1dronas.lt\\\/en\\\/#website\"},\"primaryImageOfPage\":{\"@id\":\"https:\\\/\\\/1dronas.lt\\\/en\\\/produktas\\\/flywoo-1s-nano-kamera-v3\\\/#primaryimage\"},\"image\":{\"@id\":\"https:\\\/\\\/1dronas.lt\\\/en\\\/produktas\\\/flywoo-1s-nano-kamera-v3\\\/#primaryimage\"},\"thumbnailUrl\":\"https:\\\/\\\/1dronas.lt\\\/wp-content\\\/uploads\\\/2026\\\/04\\\/Flywoo-1S-drone-Nano-Camera-V3-1_900x.webp\",\"datePublished\":\"2026-04-13T08:13:03+00:00\",\"dateModified\":\"2026-04-13T08:13:04+00:00\",\"breadcrumb\":{\"@id\":\"https:\\\/\\\/1dronas.lt\\\/en\\\/produktas\\\/flywoo-1s-nano-kamera-v3\\\/#breadcrumb\"},\"inLanguage\":\"en-US\",\"potentialAction\":[{\"@type\":\"ReadAction\",\"target\":[\"https:\\\/\\\/1dronas.lt\\\/en\\\/produktas\\\/flywoo-1s-nano-kamera-v3\\\/\"]}]},{\"@type\":\"ImageObject\",\"inLanguage\":\"en-US\",\"@id\":\"https:\\\/\\\/1dronas.lt\\\/en\\\/produktas\\\/flywoo-1s-nano-kamera-v3\\\/#primaryimage\",\"url\":\"https:\\\/\\\/1dronas.lt\\\/wp-content\\\/uploads\\\/2026\\\/04\\\/Flywoo-1S-drone-Nano-Camera-V3-1_900x.webp\",\"contentUrl\":\"https:\\\/\\\/1dronas.lt\\\/wp-content\\\/uploads\\\/2026\\\/04\\\/Flywoo-1S-drone-Nano-Camera-V3-1_900x.webp\",\"width\":900,\"height\":900},{\"@type\":\"BreadcrumbList\",\"@id\":\"https:\\\/\\\/1dronas.lt\\\/en\\\/produktas\\\/flywoo-1s-nano-kamera-v3\\\/#breadcrumb\",\"itemListElement\":[{\"@type\":\"ListItem\",\"position\":1,\"name\":\"Home\",\"item\":\"https:\\\/\\\/1dronas.lt\\\/\"},{\"@type\":\"ListItem\",\"position\":2,\"name\":\"Parduotuv\u0117\",\"item\":\"https:\\\/\\\/1dronas.lt\\\/parduotuve\\\/\"},{\"@type\":\"ListItem\",\"position\":3,\"name\":\"Flywoo 1S Nano kamera V3\"}]},{\"@type\":\"WebSite\",\"@id\":\"https:\\\/\\\/1dronas.lt\\\/en\\\/#website\",\"url\":\"https:\\\/\\\/1dronas.lt\\\/en\\\/\",\"name\":\"1dronas.lt\",\"description\":\"Internetin\u0117 parduotuv\u0117\",\"publisher\":{\"@id\":\"https:\\\/\\\/1dronas.lt\\\/en\\\/#organization\"},\"potentialAction\":[{\"@type\":\"SearchAction\",\"target\":{\"@type\":\"EntryPoint\",\"urlTemplate\":\"https:\\\/\\\/1dronas.lt\\\/en\\\/?s={search_term_string}\"},\"query-input\":{\"@type\":\"PropertyValueSpecification\",\"valueRequired\":true,\"valueName\":\"search_term_string\"}}],\"inLanguage\":\"en-US\"},{\"@type\":\"Organization\",\"@id\":\"https:\\\/\\\/1dronas.lt\\\/en\\\/#organization\",\"name\":\"1dronas.lt\",\"url\":\"https:\\\/\\\/1dronas.lt\\\/en\\\/\",\"logo\":{\"@type\":\"ImageObject\",\"inLanguage\":\"en-US\",\"@id\":\"https:\\\/\\\/1dronas.lt\\\/en\\\/#\\\/schema\\\/logo\\\/image\\\/\",\"url\":\"https:\\\/\\\/1dronas.lt\\\/wp-content\\\/uploads\\\/2020\\\/12\\\/Ekrano_kopija__2_-removebg-preview-1-1.png\",\"contentUrl\":\"https:\\\/\\\/1dronas.lt\\\/wp-content\\\/uploads\\\/2020\\\/12\\\/Ekrano_kopija__2_-removebg-preview-1-1.png\",\"width\":234,\"height\":81,\"caption\":\"1dronas.lt\"},\"image\":{\"@id\":\"https:\\\/\\\/1dronas.lt\\\/en\\\/#\\\/schema\\\/logo\\\/image\\\/\"},\"sameAs\":[\"https:\\\/\\\/www.facebook.com\\\/1dronas\\\/\"]}]}<\/script>\n<!-- \/ Yoast SEO plugin. -->","yoast_head_json":{"title":"Flywoo 1S Nano kamera V3 - 1dronas.lt","robots":{"index":"index","follow":"follow","max-snippet":"max-snippet:-1","max-image-preview":"max-image-preview:large","max-video-preview":"max-video-preview:-1"},"canonical":"https:\/\/1dronas.lt\/en\/produktas\/flywoo-1s-nano-kamera-v3\/","og_locale":"en_US","og_type":"article","og_title":"Flywoo 1S Nano kamera V3 - 1dronas.lt","og_description":"Flywoo 1S Nano Camera V3 \u2013 kompakti\u0161ka FPV kamera su 1\/3\" CMOS sensoriumi, 4:3 vaizdo santykiu ir Global WDR, u\u017etikrinanti ai\u0161k\u0173 vaizd\u0105 \u012fvairiomis ap\u0161vietimo s\u0105lygomis.  \u00a0 1 \u2013 2 d. d.","og_url":"https:\/\/1dronas.lt\/en\/produktas\/flywoo-1s-nano-kamera-v3\/","og_site_name":"1dronas.lt","article_publisher":"https:\/\/www.facebook.com\/1dronas\/","article_modified_time":"2026-04-13T08:13:04+00:00","og_image":[{"width":900,"height":900,"url":"https:\/\/1dronas.lt\/wp-content\/uploads\/2026\/04\/Flywoo-1S-drone-Nano-Camera-V3-1_900x.webp","type":"image\/webp"}],"twitter_card":"summary_large_image","twitter_misc":{"Est. reading time":"2 minutes"},"schema":{"@context":"https:\/\/schema.org","@graph":[{"@type":"WebPage","@id":"https:\/\/1dronas.lt\/en\/produktas\/flywoo-1s-nano-kamera-v3\/","url":"https:\/\/1dronas.lt\/en\/produktas\/flywoo-1s-nano-kamera-v3\/","name":"Flywoo 1S Nano kamera V3 - 1dronas.lt","isPartOf":{"@id":"https:\/\/1dronas.lt\/en\/#website"},"primaryImageOfPage":{"@id":"https:\/\/1dronas.lt\/en\/produktas\/flywoo-1s-nano-kamera-v3\/#primaryimage"},"image":{"@id":"https:\/\/1dronas.lt\/en\/produktas\/flywoo-1s-nano-kamera-v3\/#primaryimage"},"thumbnailUrl":"https:\/\/1dronas.lt\/wp-content\/uploads\/2026\/04\/Flywoo-1S-drone-Nano-Camera-V3-1_900x.webp","datePublished":"2026-04-13T08:13:03+00:00","dateModified":"2026-04-13T08:13:04+00:00","breadcrumb":{"@id":"https:\/\/1dronas.lt\/en\/produktas\/flywoo-1s-nano-kamera-v3\/#breadcrumb"},"inLanguage":"en-US","potentialAction":[{"@type":"ReadAction","target":["https:\/\/1dronas.lt\/en\/produktas\/flywoo-1s-nano-kamera-v3\/"]}]},{"@type":"ImageObject","inLanguage":"en-US","@id":"https:\/\/1dronas.lt\/en\/produktas\/flywoo-1s-nano-kamera-v3\/#primaryimage","url":"https:\/\/1dronas.lt\/wp-content\/uploads\/2026\/04\/Flywoo-1S-drone-Nano-Camera-V3-1_900x.webp","contentUrl":"https:\/\/1dronas.lt\/wp-content\/uploads\/2026\/04\/Flywoo-1S-drone-Nano-Camera-V3-1_900x.webp","width":900,"height":900},{"@type":"BreadcrumbList","@id":"https:\/\/1dronas.lt\/en\/produktas\/flywoo-1s-nano-kamera-v3\/#breadcrumb","itemListElement":[{"@type":"ListItem","position":1,"name":"Home","item":"https:\/\/1dronas.lt\/"},{"@type":"ListItem","position":2,"name":"Parduotuv\u0117","item":"https:\/\/1dronas.lt\/parduotuve\/"},{"@type":"ListItem","position":3,"name":"Flywoo 1S Nano kamera V3"}]},{"@type":"WebSite","@id":"https:\/\/1dronas.lt\/en\/#website","url":"https:\/\/1dronas.lt\/en\/","name":"1dronas.lt","description":"Online store","publisher":{"@id":"https:\/\/1dronas.lt\/en\/#organization"},"potentialAction":[{"@type":"SearchAction","target":{"@type":"EntryPoint","urlTemplate":"https:\/\/1dronas.lt\/en\/?s={search_term_string}"},"query-input":{"@type":"PropertyValueSpecification","valueRequired":true,"valueName":"search_term_string"}}],"inLanguage":"en-US"},{"@type":"Organization","@id":"https:\/\/1dronas.lt\/en\/#organization","name":"1dronas.lt","url":"https:\/\/1dronas.lt\/en\/","logo":{"@type":"ImageObject","inLanguage":"en-US","@id":"https:\/\/1dronas.lt\/en\/#\/schema\/logo\/image\/","url":"https:\/\/1dronas.lt\/wp-content\/uploads\/2020\/12\/Ekrano_kopija__2_-removebg-preview-1-1.png","contentUrl":"https:\/\/1dronas.lt\/wp-content\/uploads\/2020\/12\/Ekrano_kopija__2_-removebg-preview-1-1.png","width":234,"height":81,"caption":"1dronas.lt"},"image":{"@id":"https:\/\/1dronas.lt\/en\/#\/schema\/logo\/image\/"},"sameAs":["https:\/\/www.facebook.com\/1dronas\/"]}]}},"jetpack_sharing_enabled":true,"_links":{"self":[{"href":"https:\/\/1dronas.lt\/en\/wp-json\/wp\/v2\/product\/18424","targetHints":{"allow":["GET"]}}],"collection":[{"href":"https:\/\/1dronas.lt\/en\/wp-json\/wp\/v2\/product"}],"about":[{"href":"https:\/\/1dronas.lt\/en\/wp-json\/wp\/v2\/types\/product"}],"replies":[{"embeddable":true,"href":"https:\/\/1dronas.lt\/en\/wp-json\/wp\/v2\/comments?post=18424"}],"wp:featuredmedia":[{"embeddable":true,"href":"https:\/\/1dronas.lt\/en\/wp-json\/wp\/v2\/media\/18427"}],"wp:attachment":[{"href":"https:\/\/1dronas.lt\/en\/wp-json\/wp\/v2\/media?parent=18424"}],"wp:term":[{"taxonomy":"product_brand","embeddable":true,"href":"https:\/\/1dronas.lt\/en\/wp-json\/wp\/v2\/product_brand?post=18424"},{"taxonomy":"product_cat","embeddable":true,"href":"https:\/\/1dronas.lt\/en\/wp-json\/wp\/v2\/product_cat?post=18424"},{"taxonomy":"product_tag","embeddable":true,"href":"https:\/\/1dronas.lt\/en\/wp-json\/wp\/v2\/product_tag?post=18424"}],"curies":[{"name":"wp","href":"https:\/\/api.w.org\/{rel}","templated":true}]}}