{"id":18291,"date":"2026-04-10T18:26:35","date_gmt":"2026-04-10T15:26:35","guid":{"rendered":"https:\/\/1dronas.lt\/?post_type=product&#038;p=18291"},"modified":"2026-04-10T18:29:01","modified_gmt":"2026-04-10T15:29:01","slug":"flywoo-firefly16-firefly18-1s-nano-baby-v3-remas-analog-walksnail-hdzero","status":"publish","type":"product","link":"https:\/\/1dronas.lt\/en\/produktas\/flywoo-firefly16-firefly18-1s-nano-baby-v3-remas-analog-walksnail-hdzero\/","title":{"rendered":"Flywoo Firefly16 \/ Firefly18 1S Nano Baby V3 frame \u2013 Analog \\ Walksnail \\ HDzero"},"content":{"rendered":"<p>FLYWOO Firefly16 and Firefly18 1S Nano Baby V3 are ultra-light and compact micro FPV drone frames for Nano Baby class systems. They are compatible with Analog, Walksnail and HDzero, allowing you to easily assemble a high-end, reliable and flexibly configurable micro (whoop type) drone with minimal weight.<\/p>\n<p><strong>Features:<\/strong><\/p>\n<p>\u2022 Very light (~7.9 g) and compact, micro design perfectly suited for 1S Nano Baby class drones;<br data-start=\"100\" data-end=\"103\" \/>\u2022 Compatible with Analog, Walksnail and HDzero FPV systems;<br data-start=\"160\" data-end=\"163\" \/>\u2022 Flexible size options: 16 mm (40 mm x 3 propellers) or 18 mm (45 mm x 2 propellers);<br data-start=\"254\" data-end=\"257\" \/>\u2022 Durable 2 mm carbon fiber base plate;<br data-start=\"304\" data-end=\"307\" \/>\u2022 Standard FC mount: 25.5 x 25.5 mm;<br data-start=\"350\" data-end=\"353\" \/>\u2022 Motor mounting height: 6.6 mm;<br data-start=\"386\" data-end=\"389\" \/>\u2022 Compact design for small propeller and engine combinations;<br data-start=\"454\" data-end=\"457\" \/>\u2022 All necessary mounting elements included, easy assembly.<\/p>\n<p><strong>Specification:<\/strong><\/p>\n<p>\u2022 Frame model: Firefly16 \/ Firefly18 1S Nano Baby V3;<br data-start=\"51\" data-end=\"54\" \/>\u2022 Weight: ~7.9g (16) \/ ~8g (18);<br data-start=\"85\" data-end=\"88\" \/>\u2022 Propeller size: 40 mm x 3 (16) \/ 45 mm x 2 (18);<br data-start=\"137\" data-end=\"140\" \/>\u2022 Main board thickness: 2 mm;<br data-start=\"173\" data-end=\"176\" \/>\u2022 FC (flight controller) holes: 25.5 x 25.5 mm;<br data-start=\"222\" data-end=\"225\" \/>\u2022 Motor position: ~6.6 mm;<br data-start=\"249\" data-end=\"252\" \/>\u2022 Class: 16 \/ 18 Nano Baby (nano whoop type).<\/p>\n<p><strong>Measurements:<\/strong><\/p>\n<p><img loading=\"lazy\" decoding=\"async\" class=\"alignnone wp-image-18292\" src=\"https:\/\/1dronas.lt\/wp-content\/uploads\/2026\/04\/16-Analog-Frame-kit-4-0_900x-e1775499346669.webp\" alt=\"\" width=\"400\" height=\"552\" srcset=\"https:\/\/1dronas.lt\/wp-content\/uploads\/2026\/04\/16-Analog-Frame-kit-4-0_900x-e1775499346669.webp 579w, https:\/\/1dronas.lt\/wp-content\/uploads\/2026\/04\/16-Analog-Frame-kit-4-0_900x-e1775499346669-217x300.webp 217w, https:\/\/1dronas.lt\/wp-content\/uploads\/2026\/04\/16-Analog-Frame-kit-4-0_900x-e1775499346669-9x12.webp 9w, https:\/\/1dronas.lt\/wp-content\/uploads\/2026\/04\/16-Analog-Frame-kit-4-0_900x-e1775499346669-510x704.webp 510w\" sizes=\"auto, (max-width: 400px) 100vw, 400px\" \/><\/p>\n<p><img loading=\"lazy\" decoding=\"async\" class=\"alignnone wp-image-18017 size-large\" src=\"https:\/\/1dronas.lt\/wp-content\/uploads\/2026\/03\/Frame-1591.jpg-881x1024.webp\" sizes=\"auto, (max-width: 881px) 100vw, 881px\" srcset=\"https:\/\/1dronas.lt\/wp-content\/uploads\/2026\/03\/Frame-1591.jpg-881x1024.webp 881w, https:\/\/1dronas.lt\/wp-content\/uploads\/2026\/03\/Frame-1591.jpg-258x300.webp 258w, https:\/\/1dronas.lt\/wp-content\/uploads\/2026\/03\/Frame-1591.jpg-768x892.webp 768w, https:\/\/1dronas.lt\/wp-content\/uploads\/2026\/03\/Frame-1591.jpg-1322x1536.webp 1322w, https:\/\/1dronas.lt\/wp-content\/uploads\/2026\/03\/Frame-1591.jpg-10x12.webp 10w, https:\/\/1dronas.lt\/wp-content\/uploads\/2026\/03\/Frame-1591.jpg-510x593.webp 510w, https:\/\/1dronas.lt\/wp-content\/uploads\/2026\/03\/Frame-1591.jpg.webp 1600w\" alt=\"\" width=\"881\" height=\"1024\" \/><\/p>\n<p>The configuration below must be strictly followed to ensure gimbal-level image stabilization and ultra-stable video recording. When installing the canopy, it is essential to use the white vibration dampers provided in the kit. Do not tighten all four canopy screws all the way down \u2014 they should remain flush with the printed part surface, and the canopy itself should remain slightly loose.<\/p>\n<p><strong>Package:<\/strong><\/p>\n<p data-start=\"0\" data-end=\"443\">1x Top frame plate;<br data-start=\"84\" data-end=\"87\" \/>1x Bottom frame plate;<br data-start=\"125\" data-end=\"128\" \/>1x Central spacer plate;<br data-start=\"155\" data-end=\"158\" \/>1x TPU canopy \/ 3D printed part;<br data-start=\"193\" data-end=\"196\" \/>2x Front arms;<br data-start=\"221\" data-end=\"224\" \/>2x Rear arms;<br data-start=\"247\" data-end=\"250\" \/>2x Side panels;<br data-start=\"307\" data-end=\"310\" \/>1x Battery strap;<br data-start=\"331\" data-end=\"334\" \/>1x Battery pad;<br data-start=\"352\" data-end=\"355\" \/>2x Insulation films\/gaskets;<br data-start=\"389\" data-end=\"392\" \/>1x Complete set of mounting screws and posts.<\/p>","protected":false},"excerpt":{"rendered":"<p>Flywoo Firefly16 \/ Firefly18 1S Nano Baby V3 Frame Kit - an ultra-light and compact micro (whoop type) drone frame designed for 1S Nano Baby class FPV systems (Analog, Walksnail, HDzero), ensuring reliable construction and easy assembly.<\/p>\n<p><span style=\"color: #333333;\"><strong><img loading=\"lazy\" decoding=\"async\" class=\"alignnone wp-image-1806\" src=\"https:\/\/1dronas.lt\/wp-content\/uploads\/2021\/05\/delivery-icon.png.webp\" alt=\"\" width=\"24\" height=\"24\" srcset=\"https:\/\/1dronas.lt\/wp-content\/uploads\/2021\/05\/delivery-icon.png 35w, https:\/\/1dronas.lt\/wp-content\/uploads\/2021\/05\/delivery-icon-12x12.png 12w\" sizes=\"auto, (max-width: 24px) 100vw, 24px\" \/>\u00a0 1 \u2013 2 days<\/strong><\/span><\/p>","protected":false},"featured_media":18295,"comment_status":"open","ping_status":"closed","template":"","meta":[],"product_brand":[1152],"product_cat":[687],"product_tag":[95,468,1165,1164,90,1023,248,1117,113],"class_list":{"0":"post-18291","1":"product","2":"type-product","3":"status-publish","4":"has-post-thumbnail","6":"product_brand-flywoo","7":"product_cat-whoop-remai","8":"product_tag-1s","9":"product_tag-analog","10":"product_tag-firefly16","11":"product_tag-firefly18","12":"product_tag-flywoo","13":"product_tag-hdzero","14":"product_tag-remas","15":"product_tag-walksnail","16":"product_tag-whoop","18":"first","19":"instock","20":"taxable","21":"shipping-taxable","22":"purchasable","23":"product-type-variable","24":"has-default-attributes"},"yoast_head":"<!-- This site is optimized with the Yoast SEO plugin v27.3 - https:\/\/yoast.com\/product\/yoast-seo-wordpress\/ -->\n<title>Flywoo Firefly16 \/ Firefly18 1S Nano Baby V3 r\u0117mas - Analog \\ Walksnail \\ HDzero - 1dronas.lt<\/title>\n<meta name=\"robots\" content=\"index, follow, max-snippet:-1, max-image-preview:large, max-video-preview:-1\" \/>\n<link rel=\"canonical\" href=\"https:\/\/1dronas.lt\/en\/produktas\/flywoo-firefly16-firefly18-1s-nano-baby-v3-remas-analog-walksnail-hdzero\/\" \/>\n<meta property=\"og:locale\" content=\"en_US\" \/>\n<meta property=\"og:type\" content=\"article\" \/>\n<meta property=\"og:title\" content=\"Flywoo Firefly16 \/ Firefly18 1S Nano Baby V3 r\u0117mas - Analog \\ Walksnail \\ HDzero - 1dronas.lt\" \/>\n<meta property=\"og:description\" content=\"Flywoo Firefly16 \/ Firefly18 1S Nano Baby V3 Frame Kit \u2013 ultra lengvas ir kompakti\u0161kas mikro (whoop tipo) drono r\u0117mas, skirtas 1S Nano Baby klas\u0117s FPV sistemoms (Analog, Walksnail, HDzero), u\u017etikrinantis patikim\u0105 konstrukcij\u0105 ir paprast\u0105 surinkim\u0105.  \u00a0 1 \u2013 2 d. d.\" \/>\n<meta property=\"og:url\" content=\"https:\/\/1dronas.lt\/en\/produktas\/flywoo-firefly16-firefly18-1s-nano-baby-v3-remas-analog-walksnail-hdzero\/\" \/>\n<meta property=\"og:site_name\" content=\"1dronas.lt\" \/>\n<meta property=\"article:publisher\" content=\"https:\/\/www.facebook.com\/1dronas\/\" \/>\n<meta property=\"article:modified_time\" content=\"2026-04-10T15:29:01+00:00\" \/>\n<meta property=\"og:image\" content=\"https:\/\/1dronas.lt\/wp-content\/uploads\/2026\/04\/18-Analog-Frame-kit-2_900x.webp\" \/>\n\t<meta property=\"og:image:width\" content=\"900\" \/>\n\t<meta property=\"og:image:height\" content=\"900\" \/>\n\t<meta property=\"og:image:type\" content=\"image\/webp\" \/>\n<meta name=\"twitter:card\" content=\"summary_large_image\" \/>\n<meta name=\"twitter:label1\" content=\"Est. reading time\" \/>\n\t<meta name=\"twitter:data1\" content=\"3 minutes\" \/>\n<script type=\"application\/ld+json\" class=\"yoast-schema-graph\">{\"@context\":\"https:\\\/\\\/schema.org\",\"@graph\":[{\"@type\":\"WebPage\",\"@id\":\"https:\\\/\\\/1dronas.lt\\\/en\\\/produktas\\\/flywoo-firefly16-firefly18-1s-nano-baby-v3-remas-analog-walksnail-hdzero\\\/\",\"url\":\"https:\\\/\\\/1dronas.lt\\\/en\\\/produktas\\\/flywoo-firefly16-firefly18-1s-nano-baby-v3-remas-analog-walksnail-hdzero\\\/\",\"name\":\"Flywoo Firefly16 \\\/ Firefly18 1S Nano Baby V3 r\u0117mas - Analog \\\\ Walksnail \\\\ HDzero - 1dronas.lt\",\"isPartOf\":{\"@id\":\"https:\\\/\\\/1dronas.lt\\\/en\\\/#website\"},\"primaryImageOfPage\":{\"@id\":\"https:\\\/\\\/1dronas.lt\\\/en\\\/produktas\\\/flywoo-firefly16-firefly18-1s-nano-baby-v3-remas-analog-walksnail-hdzero\\\/#primaryimage\"},\"image\":{\"@id\":\"https:\\\/\\\/1dronas.lt\\\/en\\\/produktas\\\/flywoo-firefly16-firefly18-1s-nano-baby-v3-remas-analog-walksnail-hdzero\\\/#primaryimage\"},\"thumbnailUrl\":\"https:\\\/\\\/1dronas.lt\\\/wp-content\\\/uploads\\\/2026\\\/04\\\/18-Analog-Frame-kit-2_900x.webp\",\"datePublished\":\"2026-04-10T15:26:35+00:00\",\"dateModified\":\"2026-04-10T15:29:01+00:00\",\"breadcrumb\":{\"@id\":\"https:\\\/\\\/1dronas.lt\\\/en\\\/produktas\\\/flywoo-firefly16-firefly18-1s-nano-baby-v3-remas-analog-walksnail-hdzero\\\/#breadcrumb\"},\"inLanguage\":\"en-US\",\"potentialAction\":[{\"@type\":\"ReadAction\",\"target\":[\"https:\\\/\\\/1dronas.lt\\\/en\\\/produktas\\\/flywoo-firefly16-firefly18-1s-nano-baby-v3-remas-analog-walksnail-hdzero\\\/\"]}]},{\"@type\":\"ImageObject\",\"inLanguage\":\"en-US\",\"@id\":\"https:\\\/\\\/1dronas.lt\\\/en\\\/produktas\\\/flywoo-firefly16-firefly18-1s-nano-baby-v3-remas-analog-walksnail-hdzero\\\/#primaryimage\",\"url\":\"https:\\\/\\\/1dronas.lt\\\/wp-content\\\/uploads\\\/2026\\\/04\\\/18-Analog-Frame-kit-2_900x.webp\",\"contentUrl\":\"https:\\\/\\\/1dronas.lt\\\/wp-content\\\/uploads\\\/2026\\\/04\\\/18-Analog-Frame-kit-2_900x.webp\",\"width\":900,\"height\":900},{\"@type\":\"BreadcrumbList\",\"@id\":\"https:\\\/\\\/1dronas.lt\\\/en\\\/produktas\\\/flywoo-firefly16-firefly18-1s-nano-baby-v3-remas-analog-walksnail-hdzero\\\/#breadcrumb\",\"itemListElement\":[{\"@type\":\"ListItem\",\"position\":1,\"name\":\"Home\",\"item\":\"https:\\\/\\\/1dronas.lt\\\/\"},{\"@type\":\"ListItem\",\"position\":2,\"name\":\"Parduotuv\u0117\",\"item\":\"https:\\\/\\\/1dronas.lt\\\/parduotuve\\\/\"},{\"@type\":\"ListItem\",\"position\":3,\"name\":\"Flywoo Firefly16 \\\/ Firefly18 1S Nano Baby V3 r\u0117mas &#8211; Analog \\\\ Walksnail \\\\ HDzero\"}]},{\"@type\":\"WebSite\",\"@id\":\"https:\\\/\\\/1dronas.lt\\\/en\\\/#website\",\"url\":\"https:\\\/\\\/1dronas.lt\\\/en\\\/\",\"name\":\"1dronas.lt\",\"description\":\"Internetin\u0117 parduotuv\u0117\",\"publisher\":{\"@id\":\"https:\\\/\\\/1dronas.lt\\\/en\\\/#organization\"},\"potentialAction\":[{\"@type\":\"SearchAction\",\"target\":{\"@type\":\"EntryPoint\",\"urlTemplate\":\"https:\\\/\\\/1dronas.lt\\\/en\\\/?s={search_term_string}\"},\"query-input\":{\"@type\":\"PropertyValueSpecification\",\"valueRequired\":true,\"valueName\":\"search_term_string\"}}],\"inLanguage\":\"en-US\"},{\"@type\":\"Organization\",\"@id\":\"https:\\\/\\\/1dronas.lt\\\/en\\\/#organization\",\"name\":\"1dronas.lt\",\"url\":\"https:\\\/\\\/1dronas.lt\\\/en\\\/\",\"logo\":{\"@type\":\"ImageObject\",\"inLanguage\":\"en-US\",\"@id\":\"https:\\\/\\\/1dronas.lt\\\/en\\\/#\\\/schema\\\/logo\\\/image\\\/\",\"url\":\"https:\\\/\\\/1dronas.lt\\\/wp-content\\\/uploads\\\/2020\\\/12\\\/Ekrano_kopija__2_-removebg-preview-1-1.png\",\"contentUrl\":\"https:\\\/\\\/1dronas.lt\\\/wp-content\\\/uploads\\\/2020\\\/12\\\/Ekrano_kopija__2_-removebg-preview-1-1.png\",\"width\":234,\"height\":81,\"caption\":\"1dronas.lt\"},\"image\":{\"@id\":\"https:\\\/\\\/1dronas.lt\\\/en\\\/#\\\/schema\\\/logo\\\/image\\\/\"},\"sameAs\":[\"https:\\\/\\\/www.facebook.com\\\/1dronas\\\/\"]}]}<\/script>\n<!-- \/ Yoast SEO plugin. -->","yoast_head_json":{"title":"Flywoo Firefly16 \/ Firefly18 1S Nano Baby V3 r\u0117mas - Analog \\ Walksnail \\ HDzero - 1dronas.lt","robots":{"index":"index","follow":"follow","max-snippet":"max-snippet:-1","max-image-preview":"max-image-preview:large","max-video-preview":"max-video-preview:-1"},"canonical":"https:\/\/1dronas.lt\/en\/produktas\/flywoo-firefly16-firefly18-1s-nano-baby-v3-remas-analog-walksnail-hdzero\/","og_locale":"en_US","og_type":"article","og_title":"Flywoo Firefly16 \/ Firefly18 1S Nano Baby V3 r\u0117mas - Analog \\ Walksnail \\ HDzero - 1dronas.lt","og_description":"Flywoo Firefly16 \/ Firefly18 1S Nano Baby V3 Frame Kit \u2013 ultra lengvas ir kompakti\u0161kas mikro (whoop tipo) drono r\u0117mas, skirtas 1S Nano Baby klas\u0117s FPV sistemoms (Analog, Walksnail, HDzero), u\u017etikrinantis patikim\u0105 konstrukcij\u0105 ir paprast\u0105 surinkim\u0105.  \u00a0 1 \u2013 2 d. d.","og_url":"https:\/\/1dronas.lt\/en\/produktas\/flywoo-firefly16-firefly18-1s-nano-baby-v3-remas-analog-walksnail-hdzero\/","og_site_name":"1dronas.lt","article_publisher":"https:\/\/www.facebook.com\/1dronas\/","article_modified_time":"2026-04-10T15:29:01+00:00","og_image":[{"width":900,"height":900,"url":"https:\/\/1dronas.lt\/wp-content\/uploads\/2026\/04\/18-Analog-Frame-kit-2_900x.webp","type":"image\/webp"}],"twitter_card":"summary_large_image","twitter_misc":{"Est. reading time":"3 minutes"},"schema":{"@context":"https:\/\/schema.org","@graph":[{"@type":"WebPage","@id":"https:\/\/1dronas.lt\/en\/produktas\/flywoo-firefly16-firefly18-1s-nano-baby-v3-remas-analog-walksnail-hdzero\/","url":"https:\/\/1dronas.lt\/en\/produktas\/flywoo-firefly16-firefly18-1s-nano-baby-v3-remas-analog-walksnail-hdzero\/","name":"Flywoo Firefly16 \/ Firefly18 1S Nano Baby V3 r\u0117mas - Analog \\ Walksnail \\ HDzero - 1dronas.lt","isPartOf":{"@id":"https:\/\/1dronas.lt\/en\/#website"},"primaryImageOfPage":{"@id":"https:\/\/1dronas.lt\/en\/produktas\/flywoo-firefly16-firefly18-1s-nano-baby-v3-remas-analog-walksnail-hdzero\/#primaryimage"},"image":{"@id":"https:\/\/1dronas.lt\/en\/produktas\/flywoo-firefly16-firefly18-1s-nano-baby-v3-remas-analog-walksnail-hdzero\/#primaryimage"},"thumbnailUrl":"https:\/\/1dronas.lt\/wp-content\/uploads\/2026\/04\/18-Analog-Frame-kit-2_900x.webp","datePublished":"2026-04-10T15:26:35+00:00","dateModified":"2026-04-10T15:29:01+00:00","breadcrumb":{"@id":"https:\/\/1dronas.lt\/en\/produktas\/flywoo-firefly16-firefly18-1s-nano-baby-v3-remas-analog-walksnail-hdzero\/#breadcrumb"},"inLanguage":"en-US","potentialAction":[{"@type":"ReadAction","target":["https:\/\/1dronas.lt\/en\/produktas\/flywoo-firefly16-firefly18-1s-nano-baby-v3-remas-analog-walksnail-hdzero\/"]}]},{"@type":"ImageObject","inLanguage":"en-US","@id":"https:\/\/1dronas.lt\/en\/produktas\/flywoo-firefly16-firefly18-1s-nano-baby-v3-remas-analog-walksnail-hdzero\/#primaryimage","url":"https:\/\/1dronas.lt\/wp-content\/uploads\/2026\/04\/18-Analog-Frame-kit-2_900x.webp","contentUrl":"https:\/\/1dronas.lt\/wp-content\/uploads\/2026\/04\/18-Analog-Frame-kit-2_900x.webp","width":900,"height":900},{"@type":"BreadcrumbList","@id":"https:\/\/1dronas.lt\/en\/produktas\/flywoo-firefly16-firefly18-1s-nano-baby-v3-remas-analog-walksnail-hdzero\/#breadcrumb","itemListElement":[{"@type":"ListItem","position":1,"name":"Home","item":"https:\/\/1dronas.lt\/"},{"@type":"ListItem","position":2,"name":"Parduotuv\u0117","item":"https:\/\/1dronas.lt\/parduotuve\/"},{"@type":"ListItem","position":3,"name":"Flywoo Firefly16 \/ Firefly18 1S Nano Baby V3 r\u0117mas &#8211; Analog \\ Walksnail \\ HDzero"}]},{"@type":"WebSite","@id":"https:\/\/1dronas.lt\/en\/#website","url":"https:\/\/1dronas.lt\/en\/","name":"1dronas.lt","description":"Online store","publisher":{"@id":"https:\/\/1dronas.lt\/en\/#organization"},"potentialAction":[{"@type":"SearchAction","target":{"@type":"EntryPoint","urlTemplate":"https:\/\/1dronas.lt\/en\/?s={search_term_string}"},"query-input":{"@type":"PropertyValueSpecification","valueRequired":true,"valueName":"search_term_string"}}],"inLanguage":"en-US"},{"@type":"Organization","@id":"https:\/\/1dronas.lt\/en\/#organization","name":"1dronas.lt","url":"https:\/\/1dronas.lt\/en\/","logo":{"@type":"ImageObject","inLanguage":"en-US","@id":"https:\/\/1dronas.lt\/en\/#\/schema\/logo\/image\/","url":"https:\/\/1dronas.lt\/wp-content\/uploads\/2020\/12\/Ekrano_kopija__2_-removebg-preview-1-1.png","contentUrl":"https:\/\/1dronas.lt\/wp-content\/uploads\/2020\/12\/Ekrano_kopija__2_-removebg-preview-1-1.png","width":234,"height":81,"caption":"1dronas.lt"},"image":{"@id":"https:\/\/1dronas.lt\/en\/#\/schema\/logo\/image\/"},"sameAs":["https:\/\/www.facebook.com\/1dronas\/"]}]}},"jetpack_sharing_enabled":true,"_links":{"self":[{"href":"https:\/\/1dronas.lt\/en\/wp-json\/wp\/v2\/product\/18291","targetHints":{"allow":["GET"]}}],"collection":[{"href":"https:\/\/1dronas.lt\/en\/wp-json\/wp\/v2\/product"}],"about":[{"href":"https:\/\/1dronas.lt\/en\/wp-json\/wp\/v2\/types\/product"}],"replies":[{"embeddable":true,"href":"https:\/\/1dronas.lt\/en\/wp-json\/wp\/v2\/comments?post=18291"}],"wp:featuredmedia":[{"embeddable":true,"href":"https:\/\/1dronas.lt\/en\/wp-json\/wp\/v2\/media\/18295"}],"wp:attachment":[{"href":"https:\/\/1dronas.lt\/en\/wp-json\/wp\/v2\/media?parent=18291"}],"wp:term":[{"taxonomy":"product_brand","embeddable":true,"href":"https:\/\/1dronas.lt\/en\/wp-json\/wp\/v2\/product_brand?post=18291"},{"taxonomy":"product_cat","embeddable":true,"href":"https:\/\/1dronas.lt\/en\/wp-json\/wp\/v2\/product_cat?post=18291"},{"taxonomy":"product_tag","embeddable":true,"href":"https:\/\/1dronas.lt\/en\/wp-json\/wp\/v2\/product_tag?post=18291"}],"curies":[{"name":"wp","href":"https:\/\/api.w.org\/{rel}","templated":true}]}}