{"id":18016,"date":"2026-03-27T21:11:20","date_gmt":"2026-03-27T19:11:20","guid":{"rendered":"https:\/\/1dronas.lt\/?post_type=product&#038;p=18016"},"modified":"2026-03-30T20:37:01","modified_gmt":"2026-03-30T17:37:01","slug":"flywoo-firefly16-18-1s-nano-baby-v3-remas","status":"publish","type":"product","link":"https:\/\/1dronas.lt\/en\/produktas\/flywoo-firefly16-18-1s-nano-baby-v3-remas\/","title":{"rendered":"Flywoo Firefly16\/18 1S Nano Baby V3 frame"},"content":{"rendered":"<p>The Flywoo Firefly 16\/18 1S Nano Baby V3 frame is extremely lightweight and compact. It offers flexible size options (16 or 18 versions) allowing you to easily assemble high-performance Nano Baby-class drones.<\/p>\n<p><strong>Specification:<\/strong><\/p>\n<p><strong>\u2022<\/strong> Brand: FLYWOO;<br data-start=\"22\" data-end=\"25\" \/><strong>\u2022<\/strong> Model: Firefly16\/18 1S V3;<br data-start=\"54\" data-end=\"57\" \/><strong>\u2022<\/strong> Main board thickness: 2 mm;<br data-start=\"90\" data-end=\"93\" \/><strong>\u2022<\/strong> Flight controller hole layout: 25.5 x 25.5 mm;<br data-start=\"145\" data-end=\"148\" \/><strong>\u2022<\/strong> Motor mounting distance: 6.6 mm;<br data-start=\"184\" data-end=\"187\" \/><strong>\u2022<\/strong> Screw size: 40 mm x 3 (16) \/ 45 mm x 2 (18);<br data-start=\"233\" data-end=\"236\" \/><strong>\u2022<\/strong> Weight: 7.9g (16) \/ 8g (18).<\/p>\n<p><strong>Measurements:<\/strong><\/p>\n<p><img loading=\"lazy\" decoding=\"async\" class=\"alignnone wp-image-18022\" src=\"https:\/\/1dronas.lt\/wp-content\/uploads\/2026\/03\/41_1512x.jpeg-1024x1024.webp\" alt=\"\" width=\"488\" height=\"488\" srcset=\"https:\/\/1dronas.lt\/wp-content\/uploads\/2026\/03\/41_1512x.jpeg-1024x1024.webp 1024w, https:\/\/1dronas.lt\/wp-content\/uploads\/2026\/03\/41_1512x.jpeg-300x300.webp 300w, https:\/\/1dronas.lt\/wp-content\/uploads\/2026\/03\/41_1512x.jpeg-150x150.webp 150w, https:\/\/1dronas.lt\/wp-content\/uploads\/2026\/03\/41_1512x.jpeg-768x768.webp 768w, https:\/\/1dronas.lt\/wp-content\/uploads\/2026\/03\/41_1512x.jpeg-12x12.webp 12w, https:\/\/1dronas.lt\/wp-content\/uploads\/2026\/03\/41_1512x.jpeg-247x247.webp 247w, https:\/\/1dronas.lt\/wp-content\/uploads\/2026\/03\/41_1512x.jpeg-510x510.webp 510w, https:\/\/1dronas.lt\/wp-content\/uploads\/2026\/03\/41_1512x.jpeg-100x100.webp 100w, https:\/\/1dronas.lt\/wp-content\/uploads\/2026\/03\/41_1512x.jpeg.webp 1512w\" sizes=\"auto, (max-width: 488px) 100vw, 488px\" \/><\/p>\n<p><img loading=\"lazy\" decoding=\"async\" class=\"alignnone wp-image-18017 size-large\" src=\"https:\/\/1dronas.lt\/wp-content\/uploads\/2026\/03\/Frame-1591.jpg-881x1024.webp\" alt=\"\" width=\"881\" height=\"1024\" srcset=\"https:\/\/1dronas.lt\/wp-content\/uploads\/2026\/03\/Frame-1591.jpg-881x1024.webp 881w, https:\/\/1dronas.lt\/wp-content\/uploads\/2026\/03\/Frame-1591.jpg-258x300.webp 258w, https:\/\/1dronas.lt\/wp-content\/uploads\/2026\/03\/Frame-1591.jpg-768x892.webp 768w, https:\/\/1dronas.lt\/wp-content\/uploads\/2026\/03\/Frame-1591.jpg-1322x1536.webp 1322w, https:\/\/1dronas.lt\/wp-content\/uploads\/2026\/03\/Frame-1591.jpg-10x12.webp 10w, https:\/\/1dronas.lt\/wp-content\/uploads\/2026\/03\/Frame-1591.jpg-510x593.webp 510w, https:\/\/1dronas.lt\/wp-content\/uploads\/2026\/03\/Frame-1591.jpg.webp 1600w\" sizes=\"auto, (max-width: 881px) 100vw, 881px\" \/><\/p>\n<p>The configuration below must be strictly followed to ensure gimbal-level image stabilization and ultra-stable video recording. When installing the canopy, it is essential to use the white vibration dampers provided in the kit. Do not tighten all four canopy screws all the way down \u2014 they should remain flush with the printed part surface, and the canopy itself should remain slightly loose.<\/p>\n<p><img loading=\"lazy\" decoding=\"async\" class=\"alignnone wp-image-18018 size-large\" src=\"https:\/\/1dronas.lt\/wp-content\/uploads\/2026\/03\/1-104.jpeg-865x1024.webp\" alt=\"\" width=\"865\" height=\"1024\" srcset=\"https:\/\/1dronas.lt\/wp-content\/uploads\/2026\/03\/1-104.jpeg-865x1024.webp 865w, https:\/\/1dronas.lt\/wp-content\/uploads\/2026\/03\/1-104.jpeg-253x300.webp 253w, https:\/\/1dronas.lt\/wp-content\/uploads\/2026\/03\/1-104.jpeg-768x909.webp 768w, https:\/\/1dronas.lt\/wp-content\/uploads\/2026\/03\/1-104.jpeg-1298x1536.webp 1298w, https:\/\/1dronas.lt\/wp-content\/uploads\/2026\/03\/1-104.jpeg-10x12.webp 10w, https:\/\/1dronas.lt\/wp-content\/uploads\/2026\/03\/1-104.jpeg-510x604.webp 510w, https:\/\/1dronas.lt\/wp-content\/uploads\/2026\/03\/1-104.jpeg.webp 1600w\" sizes=\"auto, (max-width: 865px) 100vw, 865px\" \/><\/p>\n<p>The Firefly16\/18 is extremely lightweight, compact and offers a variety of safety and protection options. The full-coverage top cover ensures jello-free HD viewing and maximum impact protection. The durable TPU mounts are lightweight yet strong, making them ideal when weight reduction is important. Screw guards can also be installed for full impact protection. The interchangeable battery holder is compatible with 1S 550mAh \/ 750mAh \/ 1000mAh batteries. The one-piece carbon fiber base plate provides a good balance of impact resistance and low weight.<\/p>\n<p><img loading=\"lazy\" decoding=\"async\" class=\"alignnone wp-image-18019 size-large\" src=\"https:\/\/1dronas.lt\/wp-content\/uploads\/2026\/03\/2-110.jpeg-865x1024.webp\" alt=\"\" width=\"865\" height=\"1024\" srcset=\"https:\/\/1dronas.lt\/wp-content\/uploads\/2026\/03\/2-110.jpeg-865x1024.webp 865w, https:\/\/1dronas.lt\/wp-content\/uploads\/2026\/03\/2-110.jpeg-253x300.webp 253w, https:\/\/1dronas.lt\/wp-content\/uploads\/2026\/03\/2-110.jpeg-768x909.webp 768w, https:\/\/1dronas.lt\/wp-content\/uploads\/2026\/03\/2-110.jpeg-1298x1536.webp 1298w, https:\/\/1dronas.lt\/wp-content\/uploads\/2026\/03\/2-110.jpeg-10x12.webp 10w, https:\/\/1dronas.lt\/wp-content\/uploads\/2026\/03\/2-110.jpeg-510x604.webp 510w, https:\/\/1dronas.lt\/wp-content\/uploads\/2026\/03\/2-110.jpeg.webp 1600w\" sizes=\"auto, (max-width: 865px) 100vw, 865px\" \/><\/p>\n<p><strong>Package:<\/strong><\/p>\n<p>1x Firefly 18-04 frame set;<br data-start=\"33\" data-end=\"36\" \/>1x Carbon fiber top plate;<br data-start=\"73\" data-end=\"76\" \/>1x TPU canopy;<br data-start=\"100\" data-end=\"103\" \/>1x 450\/750 mAh battery TPU holder V3;<br data-start=\"145\" data-end=\"148\" \/>2x Nylon spacers (columns);<br data-start=\"187\" data-end=\"190\" \/>4x Vibration absorbing shock absorbers;<br data-start=\"230\" data-end=\"233\" \/>1x Heat-resistant insulating tape;<br data-start=\"251\" data-end=\"254\" \/>1x 5.8G copper tube antenna;<br data-start=\"285\" data-end=\"288\" \/>1x Plastic cable ties;<br data-start=\"333\" data-end=\"336\" \/>1x Screw set;<br data-start=\"357\" data-end=\"360\" \/>1x O4 custom housing;<br data-start=\"387\" data-end=\"390\" \/>1x Ultra-light propeller guards.<\/p>\n<p><img loading=\"lazy\" decoding=\"async\" class=\"alignnone wp-image-18024\" src=\"https:\/\/1dronas.lt\/wp-content\/uploads\/2026\/03\/20250625-115848_1512x.jpeg-1024x1024.webp\" alt=\"\" width=\"627\" height=\"627\" srcset=\"https:\/\/1dronas.lt\/wp-content\/uploads\/2026\/03\/20250625-115848_1512x.jpeg-1024x1024.webp 1024w, https:\/\/1dronas.lt\/wp-content\/uploads\/2026\/03\/20250625-115848_1512x.jpeg-300x300.webp 300w, https:\/\/1dronas.lt\/wp-content\/uploads\/2026\/03\/20250625-115848_1512x.jpeg-150x150.webp 150w, https:\/\/1dronas.lt\/wp-content\/uploads\/2026\/03\/20250625-115848_1512x.jpeg-768x767.webp 768w, https:\/\/1dronas.lt\/wp-content\/uploads\/2026\/03\/20250625-115848_1512x.jpeg-12x12.webp 12w, https:\/\/1dronas.lt\/wp-content\/uploads\/2026\/03\/20250625-115848_1512x.jpeg-247x247.webp 247w, https:\/\/1dronas.lt\/wp-content\/uploads\/2026\/03\/20250625-115848_1512x.jpeg-510x510.webp 510w, https:\/\/1dronas.lt\/wp-content\/uploads\/2026\/03\/20250625-115848_1512x.jpeg-100x100.webp 100w, https:\/\/1dronas.lt\/wp-content\/uploads\/2026\/03\/20250625-115848_1512x.jpeg.webp 1512w\" sizes=\"auto, (max-width: 627px) 100vw, 627px\" \/><\/p>","protected":false},"excerpt":{"rendered":"<p><span style=\"color: #000000;\">The Flywoo Firefly16\/18 1S Nano Baby V3 frame is extremely lightweight and compact, allowing for easy assembly of high-performance Nano Baby-class drones.<\/span><\/p>\n<p><span style=\"color: #000000;\"><strong><img loading=\"lazy\" decoding=\"async\" class=\"alignnone wp-image-1806\" src=\"https:\/\/1dronas.lt\/wp-content\/uploads\/2021\/05\/delivery-icon.png.webp\" alt=\"\" width=\"24\" height=\"24\" srcset=\"https:\/\/1dronas.lt\/wp-content\/uploads\/2021\/05\/delivery-icon.png 35w, https:\/\/1dronas.lt\/wp-content\/uploads\/2021\/05\/delivery-icon-12x12.png 12w\" sizes=\"auto, (max-width: 24px) 100vw, 24px\" \/>\u00a0\u00a01 \u2013 2 days<\/strong><\/span><\/p>","protected":false},"featured_media":18020,"comment_status":"open","ping_status":"closed","template":"","meta":[],"product_brand":[1152],"product_cat":[687],"product_tag":[95,1165,1164,90,1166,248,113],"class_list":{"0":"post-18016","1":"product","2":"type-product","3":"status-publish","4":"has-post-thumbnail","6":"product_brand-flywoo","7":"product_cat-whoop-remai","8":"product_tag-1s","9":"product_tag-firefly16","10":"product_tag-firefly18","11":"product_tag-flywoo","12":"product_tag-nano-baby-v3","13":"product_tag-remas","14":"product_tag-whoop","16":"first","17":"instock","18":"taxable","19":"shipping-taxable","20":"purchasable","21":"product-type-variable","22":"has-default-attributes"},"yoast_head":"<!-- This site is optimized with the Yoast SEO plugin v27.6 - https:\/\/yoast.com\/product\/yoast-seo-wordpress\/ -->\n<title>Flywoo Firefly16\/18 1S Nano Baby V3 r\u0117mas - 1dronas.lt<\/title>\n<meta name=\"robots\" content=\"index, follow, max-snippet:-1, max-image-preview:large, max-video-preview:-1\" \/>\n<link rel=\"canonical\" href=\"https:\/\/1dronas.lt\/en\/produktas\/flywoo-firefly16-18-1s-nano-baby-v3-remas\/\" \/>\n<meta property=\"og:locale\" content=\"en_US\" \/>\n<meta property=\"og:type\" content=\"article\" \/>\n<meta property=\"og:title\" content=\"Flywoo Firefly16\/18 1S Nano Baby V3 r\u0117mas - 1dronas.lt\" \/>\n<meta property=\"og:description\" content=\"Flywoo Firefly16\/18 1S Nano Baby V3 r\u0117mas yra itin lengvas ir kompakti\u0161kas, leid\u017eiantis lengvai surinkti auk\u0161to na\u0161umo \u201eNano Baby\u201c klas\u0117s dronus.  \u00a0\u00a01 \u2013 2 d.d.\" \/>\n<meta property=\"og:url\" content=\"https:\/\/1dronas.lt\/en\/produktas\/flywoo-firefly16-18-1s-nano-baby-v3-remas\/\" \/>\n<meta property=\"og:site_name\" content=\"1dronas.lt\" \/>\n<meta property=\"article:publisher\" content=\"https:\/\/www.facebook.com\/1dronas\/\" \/>\n<meta property=\"article:modified_time\" content=\"2026-03-30T17:37:01+00:00\" \/>\n<meta property=\"og:image\" content=\"https:\/\/1dronas.lt\/wp-content\/uploads\/2026\/03\/16-O4-Frame-kit-2_1512x.jpeg.webp\" \/>\n\t<meta property=\"og:image:width\" content=\"1512\" \/>\n\t<meta property=\"og:image:height\" content=\"1512\" \/>\n\t<meta property=\"og:image:type\" content=\"image\/webp\" \/>\n<meta name=\"twitter:card\" content=\"summary_large_image\" \/>\n<meta name=\"twitter:label1\" content=\"Est. reading time\" \/>\n\t<meta name=\"twitter:data1\" content=\"3 minutes\" \/>\n<script type=\"application\/ld+json\" class=\"yoast-schema-graph\">{\"@context\":\"https:\\\/\\\/schema.org\",\"@graph\":[{\"@type\":\"WebPage\",\"@id\":\"https:\\\/\\\/1dronas.lt\\\/en\\\/produktas\\\/flywoo-firefly16-18-1s-nano-baby-v3-remas\\\/\",\"url\":\"https:\\\/\\\/1dronas.lt\\\/en\\\/produktas\\\/flywoo-firefly16-18-1s-nano-baby-v3-remas\\\/\",\"name\":\"Flywoo Firefly16\\\/18 1S Nano Baby V3 r\u0117mas - 1dronas.lt\",\"isPartOf\":{\"@id\":\"https:\\\/\\\/1dronas.lt\\\/en\\\/#website\"},\"primaryImageOfPage\":{\"@id\":\"https:\\\/\\\/1dronas.lt\\\/en\\\/produktas\\\/flywoo-firefly16-18-1s-nano-baby-v3-remas\\\/#primaryimage\"},\"image\":{\"@id\":\"https:\\\/\\\/1dronas.lt\\\/en\\\/produktas\\\/flywoo-firefly16-18-1s-nano-baby-v3-remas\\\/#primaryimage\"},\"thumbnailUrl\":\"https:\\\/\\\/1dronas.lt\\\/wp-content\\\/uploads\\\/2026\\\/03\\\/16-O4-Frame-kit-2_1512x.jpeg.webp\",\"datePublished\":\"2026-03-27T19:11:20+00:00\",\"dateModified\":\"2026-03-30T17:37:01+00:00\",\"breadcrumb\":{\"@id\":\"https:\\\/\\\/1dronas.lt\\\/en\\\/produktas\\\/flywoo-firefly16-18-1s-nano-baby-v3-remas\\\/#breadcrumb\"},\"inLanguage\":\"en-US\",\"potentialAction\":[{\"@type\":\"ReadAction\",\"target\":[\"https:\\\/\\\/1dronas.lt\\\/en\\\/produktas\\\/flywoo-firefly16-18-1s-nano-baby-v3-remas\\\/\"]}]},{\"@type\":\"ImageObject\",\"inLanguage\":\"en-US\",\"@id\":\"https:\\\/\\\/1dronas.lt\\\/en\\\/produktas\\\/flywoo-firefly16-18-1s-nano-baby-v3-remas\\\/#primaryimage\",\"url\":\"https:\\\/\\\/1dronas.lt\\\/wp-content\\\/uploads\\\/2026\\\/03\\\/16-O4-Frame-kit-2_1512x.jpeg.webp\",\"contentUrl\":\"https:\\\/\\\/1dronas.lt\\\/wp-content\\\/uploads\\\/2026\\\/03\\\/16-O4-Frame-kit-2_1512x.jpeg.webp\",\"width\":1512,\"height\":1512},{\"@type\":\"BreadcrumbList\",\"@id\":\"https:\\\/\\\/1dronas.lt\\\/en\\\/produktas\\\/flywoo-firefly16-18-1s-nano-baby-v3-remas\\\/#breadcrumb\",\"itemListElement\":[{\"@type\":\"ListItem\",\"position\":1,\"name\":\"Home\",\"item\":\"https:\\\/\\\/1dronas.lt\\\/\"},{\"@type\":\"ListItem\",\"position\":2,\"name\":\"Parduotuv\u0117\",\"item\":\"https:\\\/\\\/1dronas.lt\\\/parduotuve\\\/\"},{\"@type\":\"ListItem\",\"position\":3,\"name\":\"Flywoo Firefly16\\\/18 1S Nano Baby V3 r\u0117mas\"}]},{\"@type\":\"WebSite\",\"@id\":\"https:\\\/\\\/1dronas.lt\\\/en\\\/#website\",\"url\":\"https:\\\/\\\/1dronas.lt\\\/en\\\/\",\"name\":\"1dronas.lt\",\"description\":\"Internetin\u0117 parduotuv\u0117\",\"publisher\":{\"@id\":\"https:\\\/\\\/1dronas.lt\\\/en\\\/#organization\"},\"potentialAction\":[{\"@type\":\"SearchAction\",\"target\":{\"@type\":\"EntryPoint\",\"urlTemplate\":\"https:\\\/\\\/1dronas.lt\\\/en\\\/?s={search_term_string}\"},\"query-input\":{\"@type\":\"PropertyValueSpecification\",\"valueRequired\":true,\"valueName\":\"search_term_string\"}}],\"inLanguage\":\"en-US\"},{\"@type\":\"Organization\",\"@id\":\"https:\\\/\\\/1dronas.lt\\\/en\\\/#organization\",\"name\":\"1dronas.lt\",\"url\":\"https:\\\/\\\/1dronas.lt\\\/en\\\/\",\"logo\":{\"@type\":\"ImageObject\",\"inLanguage\":\"en-US\",\"@id\":\"https:\\\/\\\/1dronas.lt\\\/en\\\/#\\\/schema\\\/logo\\\/image\\\/\",\"url\":\"https:\\\/\\\/1dronas.lt\\\/wp-content\\\/uploads\\\/2020\\\/12\\\/Ekrano_kopija__2_-removebg-preview-1-1.png\",\"contentUrl\":\"https:\\\/\\\/1dronas.lt\\\/wp-content\\\/uploads\\\/2020\\\/12\\\/Ekrano_kopija__2_-removebg-preview-1-1.png\",\"width\":234,\"height\":81,\"caption\":\"1dronas.lt\"},\"image\":{\"@id\":\"https:\\\/\\\/1dronas.lt\\\/en\\\/#\\\/schema\\\/logo\\\/image\\\/\"},\"sameAs\":[\"https:\\\/\\\/www.facebook.com\\\/1dronas\\\/\"]}]}<\/script>\n<!-- \/ Yoast SEO plugin. -->","yoast_head_json":{"title":"Flywoo Firefly16\/18 1S Nano Baby V3 r\u0117mas - 1dronas.lt","robots":{"index":"index","follow":"follow","max-snippet":"max-snippet:-1","max-image-preview":"max-image-preview:large","max-video-preview":"max-video-preview:-1"},"canonical":"https:\/\/1dronas.lt\/en\/produktas\/flywoo-firefly16-18-1s-nano-baby-v3-remas\/","og_locale":"en_US","og_type":"article","og_title":"Flywoo Firefly16\/18 1S Nano Baby V3 r\u0117mas - 1dronas.lt","og_description":"Flywoo Firefly16\/18 1S Nano Baby V3 r\u0117mas yra itin lengvas ir kompakti\u0161kas, leid\u017eiantis lengvai surinkti auk\u0161to na\u0161umo \u201eNano Baby\u201c klas\u0117s dronus.  \u00a0\u00a01 \u2013 2 d.d.","og_url":"https:\/\/1dronas.lt\/en\/produktas\/flywoo-firefly16-18-1s-nano-baby-v3-remas\/","og_site_name":"1dronas.lt","article_publisher":"https:\/\/www.facebook.com\/1dronas\/","article_modified_time":"2026-03-30T17:37:01+00:00","og_image":[{"width":1512,"height":1512,"url":"https:\/\/1dronas.lt\/wp-content\/uploads\/2026\/03\/16-O4-Frame-kit-2_1512x.jpeg.webp","type":"image\/webp"}],"twitter_card":"summary_large_image","twitter_misc":{"Est. reading time":"3 minutes"},"schema":{"@context":"https:\/\/schema.org","@graph":[{"@type":"WebPage","@id":"https:\/\/1dronas.lt\/en\/produktas\/flywoo-firefly16-18-1s-nano-baby-v3-remas\/","url":"https:\/\/1dronas.lt\/en\/produktas\/flywoo-firefly16-18-1s-nano-baby-v3-remas\/","name":"Flywoo Firefly16\/18 1S Nano Baby V3 r\u0117mas - 1dronas.lt","isPartOf":{"@id":"https:\/\/1dronas.lt\/en\/#website"},"primaryImageOfPage":{"@id":"https:\/\/1dronas.lt\/en\/produktas\/flywoo-firefly16-18-1s-nano-baby-v3-remas\/#primaryimage"},"image":{"@id":"https:\/\/1dronas.lt\/en\/produktas\/flywoo-firefly16-18-1s-nano-baby-v3-remas\/#primaryimage"},"thumbnailUrl":"https:\/\/1dronas.lt\/wp-content\/uploads\/2026\/03\/16-O4-Frame-kit-2_1512x.jpeg.webp","datePublished":"2026-03-27T19:11:20+00:00","dateModified":"2026-03-30T17:37:01+00:00","breadcrumb":{"@id":"https:\/\/1dronas.lt\/en\/produktas\/flywoo-firefly16-18-1s-nano-baby-v3-remas\/#breadcrumb"},"inLanguage":"en-US","potentialAction":[{"@type":"ReadAction","target":["https:\/\/1dronas.lt\/en\/produktas\/flywoo-firefly16-18-1s-nano-baby-v3-remas\/"]}]},{"@type":"ImageObject","inLanguage":"en-US","@id":"https:\/\/1dronas.lt\/en\/produktas\/flywoo-firefly16-18-1s-nano-baby-v3-remas\/#primaryimage","url":"https:\/\/1dronas.lt\/wp-content\/uploads\/2026\/03\/16-O4-Frame-kit-2_1512x.jpeg.webp","contentUrl":"https:\/\/1dronas.lt\/wp-content\/uploads\/2026\/03\/16-O4-Frame-kit-2_1512x.jpeg.webp","width":1512,"height":1512},{"@type":"BreadcrumbList","@id":"https:\/\/1dronas.lt\/en\/produktas\/flywoo-firefly16-18-1s-nano-baby-v3-remas\/#breadcrumb","itemListElement":[{"@type":"ListItem","position":1,"name":"Home","item":"https:\/\/1dronas.lt\/"},{"@type":"ListItem","position":2,"name":"Parduotuv\u0117","item":"https:\/\/1dronas.lt\/parduotuve\/"},{"@type":"ListItem","position":3,"name":"Flywoo Firefly16\/18 1S Nano Baby V3 r\u0117mas"}]},{"@type":"WebSite","@id":"https:\/\/1dronas.lt\/en\/#website","url":"https:\/\/1dronas.lt\/en\/","name":"1dronas.lt","description":"Online store","publisher":{"@id":"https:\/\/1dronas.lt\/en\/#organization"},"potentialAction":[{"@type":"SearchAction","target":{"@type":"EntryPoint","urlTemplate":"https:\/\/1dronas.lt\/en\/?s={search_term_string}"},"query-input":{"@type":"PropertyValueSpecification","valueRequired":true,"valueName":"search_term_string"}}],"inLanguage":"en-US"},{"@type":"Organization","@id":"https:\/\/1dronas.lt\/en\/#organization","name":"1dronas.lt","url":"https:\/\/1dronas.lt\/en\/","logo":{"@type":"ImageObject","inLanguage":"en-US","@id":"https:\/\/1dronas.lt\/en\/#\/schema\/logo\/image\/","url":"https:\/\/1dronas.lt\/wp-content\/uploads\/2020\/12\/Ekrano_kopija__2_-removebg-preview-1-1.png","contentUrl":"https:\/\/1dronas.lt\/wp-content\/uploads\/2020\/12\/Ekrano_kopija__2_-removebg-preview-1-1.png","width":234,"height":81,"caption":"1dronas.lt"},"image":{"@id":"https:\/\/1dronas.lt\/en\/#\/schema\/logo\/image\/"},"sameAs":["https:\/\/www.facebook.com\/1dronas\/"]}]}},"jetpack_sharing_enabled":true,"_links":{"self":[{"href":"https:\/\/1dronas.lt\/en\/wp-json\/wp\/v2\/product\/18016","targetHints":{"allow":["GET"]}}],"collection":[{"href":"https:\/\/1dronas.lt\/en\/wp-json\/wp\/v2\/product"}],"about":[{"href":"https:\/\/1dronas.lt\/en\/wp-json\/wp\/v2\/types\/product"}],"replies":[{"embeddable":true,"href":"https:\/\/1dronas.lt\/en\/wp-json\/wp\/v2\/comments?post=18016"}],"wp:featuredmedia":[{"embeddable":true,"href":"https:\/\/1dronas.lt\/en\/wp-json\/wp\/v2\/media\/18020"}],"wp:attachment":[{"href":"https:\/\/1dronas.lt\/en\/wp-json\/wp\/v2\/media?parent=18016"}],"wp:term":[{"taxonomy":"product_brand","embeddable":true,"href":"https:\/\/1dronas.lt\/en\/wp-json\/wp\/v2\/product_brand?post=18016"},{"taxonomy":"product_cat","embeddable":true,"href":"https:\/\/1dronas.lt\/en\/wp-json\/wp\/v2\/product_cat?post=18016"},{"taxonomy":"product_tag","embeddable":true,"href":"https:\/\/1dronas.lt\/en\/wp-json\/wp\/v2\/product_tag?post=18016"}],"curies":[{"name":"wp","href":"https:\/\/api.w.org\/{rel}","templated":true}]}}