{"id":18005,"date":"2026-03-27T20:36:12","date_gmt":"2026-03-27T18:36:12","guid":{"rendered":"https:\/\/1dronas.lt\/?post_type=product&#038;p=18005"},"modified":"2026-03-27T20:40:43","modified_gmt":"2026-03-27T18:40:43","slug":"flywoo-nin-2303-5-ultralight-fpv-motor-1750kv-3000kv","status":"publish","type":"product","link":"https:\/\/1dronas.lt\/en\/produktas\/flywoo-nin-2303-5-ultralight-fpv-motor-1750kv-3000kv\/","title":{"rendered":"Flywoo NIN 2303.5 Ultralight Fpv Motor 1750KV \/ 3000KV"},"content":{"rendered":"<p><img loading=\"lazy\" decoding=\"async\" class=\"alignnone wp-image-18006 size-full\" src=\"https:\/\/1dronas.lt\/wp-content\/uploads\/2026\/03\/9088a10e430011b0d0c42f5ce31a5a87_1080x.jpg.webp\" alt=\"\" width=\"1000\" height=\"1000\" srcset=\"https:\/\/1dronas.lt\/wp-content\/uploads\/2026\/03\/9088a10e430011b0d0c42f5ce31a5a87_1080x.jpg.webp 1000w, https:\/\/1dronas.lt\/wp-content\/uploads\/2026\/03\/9088a10e430011b0d0c42f5ce31a5a87_1080x.jpg-300x300.webp 300w, https:\/\/1dronas.lt\/wp-content\/uploads\/2026\/03\/9088a10e430011b0d0c42f5ce31a5a87_1080x.jpg-150x150.webp 150w, https:\/\/1dronas.lt\/wp-content\/uploads\/2026\/03\/9088a10e430011b0d0c42f5ce31a5a87_1080x.jpg-768x768.webp 768w, https:\/\/1dronas.lt\/wp-content\/uploads\/2026\/03\/9088a10e430011b0d0c42f5ce31a5a87_1080x.jpg-12x12.webp 12w, https:\/\/1dronas.lt\/wp-content\/uploads\/2026\/03\/9088a10e430011b0d0c42f5ce31a5a87_1080x.jpg-247x247.webp 247w, https:\/\/1dronas.lt\/wp-content\/uploads\/2026\/03\/9088a10e430011b0d0c42f5ce31a5a87_1080x.jpg-510x510.webp 510w, https:\/\/1dronas.lt\/wp-content\/uploads\/2026\/03\/9088a10e430011b0d0c42f5ce31a5a87_1080x.jpg-100x100.webp 100w\" sizes=\"auto, (max-width: 1000px) 100vw, 1000px\" \/><\/p>\n<p>The FLYWOO NIN 2303.5 Ultralight was designed to the highest standards for FPV freestyle racing. It uses a high-quality unibell design and an electrochemical coating process for a clean yet aggressive look. High-quality curved N52H magnet and Japanese NSK bearings.<\/p>\n<p><strong>Specification:<\/strong><\/p>\n<p><strong>NIN 2303.5: 1750KV<\/strong><\/p>\n<p><strong>\u2022<\/strong> Configuration: 12N14P;<br data-start=\"35\" data-end=\"38\" \/><strong>\u2022<\/strong> Stator diameter: 23 mm;<br data-start=\"64\" data-end=\"67\" \/><strong>\u2022<\/strong> Stator length: 3.5 mm;<br data-start=\"91\" data-end=\"94\" \/><strong>\u2022<\/strong> Shaft diameter: 3 mm (inside), 1.5 mm (outside);<br data-start=\"198\" data-end=\"201\" \/><strong>\u2022<\/strong> Weight: 21.5 g (with cable);<br data-start=\"231\" data-end=\"234\" \/><strong>\u2022<\/strong> No-load current (10 V): 0.58 A;<br data-start=\"271\" data-end=\"274\" \/><strong>\u2022<\/strong> Number of cells (LiPo): 5\u20136S;<br data-start=\"304\" data-end=\"307\" \/><strong>\u2022<\/strong> Maximum continuous power: 559 W;<br data-start=\"344\" data-end=\"347\" \/><strong>\u2022<\/strong> Internal resistance: 173 m\u03a9;<br data-start=\"367\" data-end=\"370\" \/><strong>\u2022<\/strong> Maximum current (3S): 23.3 A;<br data-start=\"398\" data-end=\"401\" \/><strong>\u2022<\/strong> Maximum efficiency current: (1.5-3 A) &gt; 85%.<\/p>\n<p><img loading=\"lazy\" decoding=\"async\" class=\"alignnone wp-image-18013 size-full\" src=\"https:\/\/1dronas.lt\/wp-content\/uploads\/2026\/03\/20210409115230-2048x2048.png.webp\" alt=\"\" width=\"676\" height=\"208\" srcset=\"https:\/\/1dronas.lt\/wp-content\/uploads\/2026\/03\/20210409115230-2048x2048.png.webp 676w, https:\/\/1dronas.lt\/wp-content\/uploads\/2026\/03\/20210409115230-2048x2048.png-300x92.webp 300w, https:\/\/1dronas.lt\/wp-content\/uploads\/2026\/03\/20210409115230-2048x2048.png-18x6.webp 18w, https:\/\/1dronas.lt\/wp-content\/uploads\/2026\/03\/20210409115230-2048x2048.png-510x157.webp 510w\" sizes=\"auto, (max-width: 676px) 100vw, 676px\" \/><\/p>\n<p><img loading=\"lazy\" decoding=\"async\" class=\"alignnone wp-image-18012\" src=\"https:\/\/1dronas.lt\/wp-content\/uploads\/2026\/03\/7-b00349ac-6455-41df-b539-d28551b2c786-2048x2048.jpg-1024x881.webp\" alt=\"\" width=\"680\" height=\"585\" srcset=\"https:\/\/1dronas.lt\/wp-content\/uploads\/2026\/03\/7-b00349ac-6455-41df-b539-d28551b2c786-2048x2048.jpg-1024x881.webp 1024w, https:\/\/1dronas.lt\/wp-content\/uploads\/2026\/03\/7-b00349ac-6455-41df-b539-d28551b2c786-2048x2048.jpg-300x258.webp 300w, https:\/\/1dronas.lt\/wp-content\/uploads\/2026\/03\/7-b00349ac-6455-41df-b539-d28551b2c786-2048x2048.jpg-768x661.webp 768w, https:\/\/1dronas.lt\/wp-content\/uploads\/2026\/03\/7-b00349ac-6455-41df-b539-d28551b2c786-2048x2048.jpg-1536x1321.webp 1536w, https:\/\/1dronas.lt\/wp-content\/uploads\/2026\/03\/7-b00349ac-6455-41df-b539-d28551b2c786-2048x2048.jpg-14x12.webp 14w, https:\/\/1dronas.lt\/wp-content\/uploads\/2026\/03\/7-b00349ac-6455-41df-b539-d28551b2c786-2048x2048.jpg-510x439.webp 510w, https:\/\/1dronas.lt\/wp-content\/uploads\/2026\/03\/7-b00349ac-6455-41df-b539-d28551b2c786-2048x2048.jpg.webp 1908w\" sizes=\"auto, (max-width: 680px) 100vw, 680px\" \/><\/p>\n<p><strong>NIN 2303.5: 3000KV<\/strong><\/p>\n<p><strong>\u2022<\/strong> Configuration: 12N14P;<br data-start=\"21\" data-end=\"24\" \/><strong>\u2022<\/strong> Stator diameter: 23 mm;<br data-start=\"50\" data-end=\"53\" \/><strong>\u2022<\/strong> Stator length: 3.5 mm;<br data-start=\"77\" data-end=\"80\" \/><strong>\u2022<\/strong> Shaft diameter: 3 mm (inside), 1.5 mm (outside);<br data-start=\"184\" data-end=\"187\" \/><strong>\u2022<\/strong> Weight: 21.5 g (with cable);<br data-start=\"217\" data-end=\"220\" \/><strong>\u2022<\/strong> No-load current @10 V: 1.25 A;<br data-start=\"256\" data-end=\"259\" \/><strong>\u2022<\/strong> Number of cells (LiPo): 3\u20134S;<br data-start=\"289\" data-end=\"292\" \/><strong>\u2022<\/strong> Maximum continuous power: 656 W;<br data-start=\"329\" data-end=\"332\" \/><strong>\u2022<\/strong> Internal resistance: 71 m\u03a9;<br data-start=\"351\" data-end=\"354\" \/><strong>\u2022<\/strong> Maximum current (3S): 41 A;<br data-start=\"380\" data-end=\"383\" \/><strong>\u2022<\/strong> Maximum efficiency current: (2.5-5 A) &gt; 85%.<\/p>\n<p><img loading=\"lazy\" decoding=\"async\" class=\"alignnone wp-image-18013 size-full\" src=\"https:\/\/1dronas.lt\/wp-content\/uploads\/2026\/03\/20210409115230-2048x2048.png.webp\" alt=\"\" width=\"676\" height=\"208\" srcset=\"https:\/\/1dronas.lt\/wp-content\/uploads\/2026\/03\/20210409115230-2048x2048.png.webp 676w, https:\/\/1dronas.lt\/wp-content\/uploads\/2026\/03\/20210409115230-2048x2048.png-300x92.webp 300w, https:\/\/1dronas.lt\/wp-content\/uploads\/2026\/03\/20210409115230-2048x2048.png-18x6.webp 18w, https:\/\/1dronas.lt\/wp-content\/uploads\/2026\/03\/20210409115230-2048x2048.png-510x157.webp 510w\" sizes=\"auto, (max-width: 676px) 100vw, 676px\" \/> <img loading=\"lazy\" decoding=\"async\" class=\"alignnone wp-image-18011\" src=\"https:\/\/1dronas.lt\/wp-content\/uploads\/2026\/03\/3000-2048x2048.jpg-997x1024.webp\" alt=\"\" width=\"643\" height=\"661\" srcset=\"https:\/\/1dronas.lt\/wp-content\/uploads\/2026\/03\/3000-2048x2048.jpg-997x1024.webp 997w, https:\/\/1dronas.lt\/wp-content\/uploads\/2026\/03\/3000-2048x2048.jpg-292x300.webp 292w, https:\/\/1dronas.lt\/wp-content\/uploads\/2026\/03\/3000-2048x2048.jpg-768x789.webp 768w, https:\/\/1dronas.lt\/wp-content\/uploads\/2026\/03\/3000-2048x2048.jpg-1495x1536.webp 1495w, https:\/\/1dronas.lt\/wp-content\/uploads\/2026\/03\/3000-2048x2048.jpg-12x12.webp 12w, https:\/\/1dronas.lt\/wp-content\/uploads\/2026\/03\/3000-2048x2048.jpg-510x524.webp 510w, https:\/\/1dronas.lt\/wp-content\/uploads\/2026\/03\/3000-2048x2048.jpg.webp 1908w\" sizes=\"auto, (max-width: 643px) 100vw, 643px\" \/><\/p>\n<p><strong>Package:<\/strong><\/p>\n<p>1x Flywoo NIN 2303.5 Ultralight Fpv Motor 1750KV\/3000KV (optional)<br \/>\n1x Screw set.<\/p>","protected":false},"excerpt":{"rendered":"<p><span style=\"color: #000000;\">The FLYWOO NIN 2303.5 Ultralight was designed to the highest standards for FPV freestyle racing.<\/span><\/p>\n<p><span style=\"color: #000000;\"><strong><img loading=\"lazy\" decoding=\"async\" class=\"alignnone wp-image-1806\" src=\"https:\/\/1dronas.lt\/wp-content\/uploads\/2021\/05\/delivery-icon.png.webp\" alt=\"\" width=\"24\" height=\"24\" srcset=\"https:\/\/1dronas.lt\/wp-content\/uploads\/2021\/05\/delivery-icon.png 35w, https:\/\/1dronas.lt\/wp-content\/uploads\/2021\/05\/delivery-icon-12x12.png 12w\" sizes=\"auto, (max-width: 24px) 100vw, 24px\" \/>\u00a0\u00a01 \u2013 2 days<\/strong><\/span><\/p>","protected":false},"featured_media":18008,"comment_status":"open","ping_status":"closed","template":"","meta":[],"product_brand":[1152],"product_cat":[101],"product_tag":[627,1256,90,136,1257,130],"class_list":{"0":"post-18005","1":"product","2":"type-product","3":"status-publish","4":"has-post-thumbnail","6":"product_brand-flywoo","7":"product_cat-motorai","8":"product_tag-1750kv","9":"product_tag-3000kv","10":"product_tag-flywoo","11":"product_tag-motorai","12":"product_tag-nin-2303-5","13":"product_tag-ultralight","15":"first","16":"instock","17":"taxable","18":"shipping-taxable","19":"purchasable","20":"product-type-variable","21":"has-default-attributes"},"yoast_head":"<!-- This site is optimized with the Yoast SEO plugin v27.6 - https:\/\/yoast.com\/product\/yoast-seo-wordpress\/ -->\n<title>Flywoo NIN 2303.5 Ultralight Fpv Motor 1750KV \/ 3000KV - 1dronas.lt<\/title>\n<meta name=\"robots\" content=\"index, follow, max-snippet:-1, max-image-preview:large, max-video-preview:-1\" \/>\n<link rel=\"canonical\" href=\"https:\/\/1dronas.lt\/en\/produktas\/flywoo-nin-2303-5-ultralight-fpv-motor-1750kv-3000kv\/\" \/>\n<meta property=\"og:locale\" content=\"en_US\" \/>\n<meta property=\"og:type\" content=\"article\" \/>\n<meta property=\"og:title\" content=\"Flywoo NIN 2303.5 Ultralight Fpv Motor 1750KV \/ 3000KV - 1dronas.lt\" \/>\n<meta property=\"og:description\" content=\"FLYWOO NIN 2303.5 \u201eUltralight\u201c buvo sukurtas pagal auk\u0161\u010diausius FPV freestyle lenktyni\u0173 standartus.  \u00a0\u00a01 \u2013 2 d.d.\" \/>\n<meta property=\"og:url\" content=\"https:\/\/1dronas.lt\/en\/produktas\/flywoo-nin-2303-5-ultralight-fpv-motor-1750kv-3000kv\/\" \/>\n<meta property=\"og:site_name\" content=\"1dronas.lt\" \/>\n<meta property=\"article:publisher\" content=\"https:\/\/www.facebook.com\/1dronas\/\" \/>\n<meta property=\"article:modified_time\" content=\"2026-03-27T18:40:43+00:00\" \/>\n<meta property=\"og:image\" content=\"https:\/\/1dronas.lt\/wp-content\/uploads\/2026\/03\/77856de481f548654c33def7de70969b_1080x-Background-Removed.jpeg\" \/>\n\t<meta property=\"og:image:width\" content=\"1000\" \/>\n\t<meta property=\"og:image:height\" content=\"1000\" \/>\n\t<meta property=\"og:image:type\" content=\"image\/jpeg\" \/>\n<meta name=\"twitter:card\" content=\"summary_large_image\" \/>\n<meta name=\"twitter:label1\" content=\"Est. reading time\" \/>\n\t<meta name=\"twitter:data1\" content=\"3 minutes\" \/>\n<script type=\"application\/ld+json\" class=\"yoast-schema-graph\">{\"@context\":\"https:\\\/\\\/schema.org\",\"@graph\":[{\"@type\":\"WebPage\",\"@id\":\"https:\\\/\\\/1dronas.lt\\\/en\\\/produktas\\\/flywoo-nin-2303-5-ultralight-fpv-motor-1750kv-3000kv\\\/\",\"url\":\"https:\\\/\\\/1dronas.lt\\\/en\\\/produktas\\\/flywoo-nin-2303-5-ultralight-fpv-motor-1750kv-3000kv\\\/\",\"name\":\"Flywoo NIN 2303.5 Ultralight Fpv Motor 1750KV \\\/ 3000KV - 1dronas.lt\",\"isPartOf\":{\"@id\":\"https:\\\/\\\/1dronas.lt\\\/en\\\/#website\"},\"primaryImageOfPage\":{\"@id\":\"https:\\\/\\\/1dronas.lt\\\/en\\\/produktas\\\/flywoo-nin-2303-5-ultralight-fpv-motor-1750kv-3000kv\\\/#primaryimage\"},\"image\":{\"@id\":\"https:\\\/\\\/1dronas.lt\\\/en\\\/produktas\\\/flywoo-nin-2303-5-ultralight-fpv-motor-1750kv-3000kv\\\/#primaryimage\"},\"thumbnailUrl\":\"https:\\\/\\\/1dronas.lt\\\/wp-content\\\/uploads\\\/2026\\\/03\\\/77856de481f548654c33def7de70969b_1080x-Background-Removed.jpeg\",\"datePublished\":\"2026-03-27T18:36:12+00:00\",\"dateModified\":\"2026-03-27T18:40:43+00:00\",\"breadcrumb\":{\"@id\":\"https:\\\/\\\/1dronas.lt\\\/en\\\/produktas\\\/flywoo-nin-2303-5-ultralight-fpv-motor-1750kv-3000kv\\\/#breadcrumb\"},\"inLanguage\":\"en-US\",\"potentialAction\":[{\"@type\":\"ReadAction\",\"target\":[\"https:\\\/\\\/1dronas.lt\\\/en\\\/produktas\\\/flywoo-nin-2303-5-ultralight-fpv-motor-1750kv-3000kv\\\/\"]}]},{\"@type\":\"ImageObject\",\"inLanguage\":\"en-US\",\"@id\":\"https:\\\/\\\/1dronas.lt\\\/en\\\/produktas\\\/flywoo-nin-2303-5-ultralight-fpv-motor-1750kv-3000kv\\\/#primaryimage\",\"url\":\"https:\\\/\\\/1dronas.lt\\\/wp-content\\\/uploads\\\/2026\\\/03\\\/77856de481f548654c33def7de70969b_1080x-Background-Removed.jpeg\",\"contentUrl\":\"https:\\\/\\\/1dronas.lt\\\/wp-content\\\/uploads\\\/2026\\\/03\\\/77856de481f548654c33def7de70969b_1080x-Background-Removed.jpeg\",\"width\":1000,\"height\":1000},{\"@type\":\"BreadcrumbList\",\"@id\":\"https:\\\/\\\/1dronas.lt\\\/en\\\/produktas\\\/flywoo-nin-2303-5-ultralight-fpv-motor-1750kv-3000kv\\\/#breadcrumb\",\"itemListElement\":[{\"@type\":\"ListItem\",\"position\":1,\"name\":\"Home\",\"item\":\"https:\\\/\\\/1dronas.lt\\\/\"},{\"@type\":\"ListItem\",\"position\":2,\"name\":\"Parduotuv\u0117\",\"item\":\"https:\\\/\\\/1dronas.lt\\\/parduotuve\\\/\"},{\"@type\":\"ListItem\",\"position\":3,\"name\":\"Flywoo NIN 2303.5 Ultralight Fpv Motor 1750KV \\\/ 3000KV\"}]},{\"@type\":\"WebSite\",\"@id\":\"https:\\\/\\\/1dronas.lt\\\/en\\\/#website\",\"url\":\"https:\\\/\\\/1dronas.lt\\\/en\\\/\",\"name\":\"1dronas.lt\",\"description\":\"Internetin\u0117 parduotuv\u0117\",\"publisher\":{\"@id\":\"https:\\\/\\\/1dronas.lt\\\/en\\\/#organization\"},\"potentialAction\":[{\"@type\":\"SearchAction\",\"target\":{\"@type\":\"EntryPoint\",\"urlTemplate\":\"https:\\\/\\\/1dronas.lt\\\/en\\\/?s={search_term_string}\"},\"query-input\":{\"@type\":\"PropertyValueSpecification\",\"valueRequired\":true,\"valueName\":\"search_term_string\"}}],\"inLanguage\":\"en-US\"},{\"@type\":\"Organization\",\"@id\":\"https:\\\/\\\/1dronas.lt\\\/en\\\/#organization\",\"name\":\"1dronas.lt\",\"url\":\"https:\\\/\\\/1dronas.lt\\\/en\\\/\",\"logo\":{\"@type\":\"ImageObject\",\"inLanguage\":\"en-US\",\"@id\":\"https:\\\/\\\/1dronas.lt\\\/en\\\/#\\\/schema\\\/logo\\\/image\\\/\",\"url\":\"https:\\\/\\\/1dronas.lt\\\/wp-content\\\/uploads\\\/2020\\\/12\\\/Ekrano_kopija__2_-removebg-preview-1-1.png\",\"contentUrl\":\"https:\\\/\\\/1dronas.lt\\\/wp-content\\\/uploads\\\/2020\\\/12\\\/Ekrano_kopija__2_-removebg-preview-1-1.png\",\"width\":234,\"height\":81,\"caption\":\"1dronas.lt\"},\"image\":{\"@id\":\"https:\\\/\\\/1dronas.lt\\\/en\\\/#\\\/schema\\\/logo\\\/image\\\/\"},\"sameAs\":[\"https:\\\/\\\/www.facebook.com\\\/1dronas\\\/\"]}]}<\/script>\n<!-- \/ Yoast SEO plugin. -->","yoast_head_json":{"title":"Flywoo NIN 2303.5 Ultralight Fpv Motor 1750KV \/ 3000KV - 1dronas.lt","robots":{"index":"index","follow":"follow","max-snippet":"max-snippet:-1","max-image-preview":"max-image-preview:large","max-video-preview":"max-video-preview:-1"},"canonical":"https:\/\/1dronas.lt\/en\/produktas\/flywoo-nin-2303-5-ultralight-fpv-motor-1750kv-3000kv\/","og_locale":"en_US","og_type":"article","og_title":"Flywoo NIN 2303.5 Ultralight Fpv Motor 1750KV \/ 3000KV - 1dronas.lt","og_description":"FLYWOO NIN 2303.5 \u201eUltralight\u201c buvo sukurtas pagal auk\u0161\u010diausius FPV freestyle lenktyni\u0173 standartus.  \u00a0\u00a01 \u2013 2 d.d.","og_url":"https:\/\/1dronas.lt\/en\/produktas\/flywoo-nin-2303-5-ultralight-fpv-motor-1750kv-3000kv\/","og_site_name":"1dronas.lt","article_publisher":"https:\/\/www.facebook.com\/1dronas\/","article_modified_time":"2026-03-27T18:40:43+00:00","og_image":[{"width":1000,"height":1000,"url":"https:\/\/1dronas.lt\/wp-content\/uploads\/2026\/03\/77856de481f548654c33def7de70969b_1080x-Background-Removed.jpeg","type":"image\/jpeg"}],"twitter_card":"summary_large_image","twitter_misc":{"Est. reading time":"3 minutes"},"schema":{"@context":"https:\/\/schema.org","@graph":[{"@type":"WebPage","@id":"https:\/\/1dronas.lt\/en\/produktas\/flywoo-nin-2303-5-ultralight-fpv-motor-1750kv-3000kv\/","url":"https:\/\/1dronas.lt\/en\/produktas\/flywoo-nin-2303-5-ultralight-fpv-motor-1750kv-3000kv\/","name":"Flywoo NIN 2303.5 Ultralight Fpv Motor 1750KV \/ 3000KV - 1dronas.lt","isPartOf":{"@id":"https:\/\/1dronas.lt\/en\/#website"},"primaryImageOfPage":{"@id":"https:\/\/1dronas.lt\/en\/produktas\/flywoo-nin-2303-5-ultralight-fpv-motor-1750kv-3000kv\/#primaryimage"},"image":{"@id":"https:\/\/1dronas.lt\/en\/produktas\/flywoo-nin-2303-5-ultralight-fpv-motor-1750kv-3000kv\/#primaryimage"},"thumbnailUrl":"https:\/\/1dronas.lt\/wp-content\/uploads\/2026\/03\/77856de481f548654c33def7de70969b_1080x-Background-Removed.jpeg","datePublished":"2026-03-27T18:36:12+00:00","dateModified":"2026-03-27T18:40:43+00:00","breadcrumb":{"@id":"https:\/\/1dronas.lt\/en\/produktas\/flywoo-nin-2303-5-ultralight-fpv-motor-1750kv-3000kv\/#breadcrumb"},"inLanguage":"en-US","potentialAction":[{"@type":"ReadAction","target":["https:\/\/1dronas.lt\/en\/produktas\/flywoo-nin-2303-5-ultralight-fpv-motor-1750kv-3000kv\/"]}]},{"@type":"ImageObject","inLanguage":"en-US","@id":"https:\/\/1dronas.lt\/en\/produktas\/flywoo-nin-2303-5-ultralight-fpv-motor-1750kv-3000kv\/#primaryimage","url":"https:\/\/1dronas.lt\/wp-content\/uploads\/2026\/03\/77856de481f548654c33def7de70969b_1080x-Background-Removed.jpeg","contentUrl":"https:\/\/1dronas.lt\/wp-content\/uploads\/2026\/03\/77856de481f548654c33def7de70969b_1080x-Background-Removed.jpeg","width":1000,"height":1000},{"@type":"BreadcrumbList","@id":"https:\/\/1dronas.lt\/en\/produktas\/flywoo-nin-2303-5-ultralight-fpv-motor-1750kv-3000kv\/#breadcrumb","itemListElement":[{"@type":"ListItem","position":1,"name":"Home","item":"https:\/\/1dronas.lt\/"},{"@type":"ListItem","position":2,"name":"Parduotuv\u0117","item":"https:\/\/1dronas.lt\/parduotuve\/"},{"@type":"ListItem","position":3,"name":"Flywoo NIN 2303.5 Ultralight Fpv Motor 1750KV \/ 3000KV"}]},{"@type":"WebSite","@id":"https:\/\/1dronas.lt\/en\/#website","url":"https:\/\/1dronas.lt\/en\/","name":"1dronas.lt","description":"Online store","publisher":{"@id":"https:\/\/1dronas.lt\/en\/#organization"},"potentialAction":[{"@type":"SearchAction","target":{"@type":"EntryPoint","urlTemplate":"https:\/\/1dronas.lt\/en\/?s={search_term_string}"},"query-input":{"@type":"PropertyValueSpecification","valueRequired":true,"valueName":"search_term_string"}}],"inLanguage":"en-US"},{"@type":"Organization","@id":"https:\/\/1dronas.lt\/en\/#organization","name":"1dronas.lt","url":"https:\/\/1dronas.lt\/en\/","logo":{"@type":"ImageObject","inLanguage":"en-US","@id":"https:\/\/1dronas.lt\/en\/#\/schema\/logo\/image\/","url":"https:\/\/1dronas.lt\/wp-content\/uploads\/2020\/12\/Ekrano_kopija__2_-removebg-preview-1-1.png","contentUrl":"https:\/\/1dronas.lt\/wp-content\/uploads\/2020\/12\/Ekrano_kopija__2_-removebg-preview-1-1.png","width":234,"height":81,"caption":"1dronas.lt"},"image":{"@id":"https:\/\/1dronas.lt\/en\/#\/schema\/logo\/image\/"},"sameAs":["https:\/\/www.facebook.com\/1dronas\/"]}]}},"jetpack_sharing_enabled":true,"_links":{"self":[{"href":"https:\/\/1dronas.lt\/en\/wp-json\/wp\/v2\/product\/18005","targetHints":{"allow":["GET"]}}],"collection":[{"href":"https:\/\/1dronas.lt\/en\/wp-json\/wp\/v2\/product"}],"about":[{"href":"https:\/\/1dronas.lt\/en\/wp-json\/wp\/v2\/types\/product"}],"replies":[{"embeddable":true,"href":"https:\/\/1dronas.lt\/en\/wp-json\/wp\/v2\/comments?post=18005"}],"wp:featuredmedia":[{"embeddable":true,"href":"https:\/\/1dronas.lt\/en\/wp-json\/wp\/v2\/media\/18008"}],"wp:attachment":[{"href":"https:\/\/1dronas.lt\/en\/wp-json\/wp\/v2\/media?parent=18005"}],"wp:term":[{"taxonomy":"product_brand","embeddable":true,"href":"https:\/\/1dronas.lt\/en\/wp-json\/wp\/v2\/product_brand?post=18005"},{"taxonomy":"product_cat","embeddable":true,"href":"https:\/\/1dronas.lt\/en\/wp-json\/wp\/v2\/product_cat?post=18005"},{"taxonomy":"product_tag","embeddable":true,"href":"https:\/\/1dronas.lt\/en\/wp-json\/wp\/v2\/product_tag?post=18005"}],"curies":[{"name":"wp","href":"https:\/\/api.w.org\/{rel}","templated":true}]}}