{"id":17975,"date":"2026-03-26T22:28:23","date_gmt":"2026-03-26T20:28:23","guid":{"rendered":"https:\/\/1dronas.lt\/?post_type=product&#038;p=17975"},"modified":"2026-05-02T15:27:36","modified_gmt":"2026-05-02T12:27:36","slug":"flywoo-nin-2104-ultralight-fpv-motor-1800kv-3000kv","status":"publish","type":"product","link":"https:\/\/1dronas.lt\/en\/produktas\/flywoo-nin-2104-ultralight-fpv-motor-1800kv-3000kv\/","title":{"rendered":"Flywoo NIN 2104 Ultralight Fpv Motor 1800KV \/ 3000KV"},"content":{"rendered":"<p>The FLYWOO NIN 2104 Ultralight was designed to the highest standards for FPV freestyle racing, using a high-quality unibell construction and electrochemical coating process that provides a clean and aggressive design, while curved N52H magnets and Japanese NSK bearings ensure reliability and performance - making these motors perfect for long-range flights, freestyle and racing, especially when using 3\u2033 cinewhoop, 4\u2033-5\u2033 toothpick or 6-7\u2033 long-range drones.<\/p>\n<p><strong>Specification:<\/strong><\/p>\n<p data-start=\"0\" data-end=\"12\"><strong>NIN 2104: 1800KV<\/strong><\/p>\n<p data-start=\"14\" data-end=\"442\" data-is-last-node=\"\" data-is-only-node=\"\"><strong>\u2022<\/strong> Configuration: 12N14P;<br data-start=\"35\" data-end=\"38\" \/><strong>\u2022<\/strong> Stator diameter: 21 mm;<br data-start=\"64\" data-end=\"67\" \/><strong>\u2022<\/strong> Stator length: 4 mm;<br data-start=\"89\" data-end=\"92\" \/><strong>\u2022<\/strong> Shaft diameter: 3 mm (inside), 1.5 mm (outside);<br data-start=\"197\" data-end=\"200\" \/><strong>\u2022<\/strong> Weight: 16 g (with cable)x<br data-start=\"228\" data-end=\"231\" \/><strong>\u2022<\/strong> No-load current (@10 V): 0.5 Ax<br data-start=\"268\" data-end=\"271\" \/><strong>\u2022<\/strong> Number of cells (LiPo): 4\u20136S:<br data-start=\"301\" data-end=\"304\" \/><strong>\u2022<\/strong> Maximum continuous power: 533 W;<br data-start=\"341\" data-end=\"344\" \/><strong>\u2022<\/strong> Internal resistance: 210 m\u03a9;<br data-start=\"364\" data-end=\"367\" \/><strong>\u2022<\/strong> Maximum current (3S): 22.2 A;<br data-start=\"395\" data-end=\"398\" \/><strong>\u2022<\/strong> Maximum efficiency current: (0.6-2 A) &gt; 86%.<\/p>\n<p data-start=\"14\" data-end=\"442\" data-is-last-node=\"\" data-is-only-node=\"\"><img loading=\"lazy\" decoding=\"async\" class=\"alignnone wp-image-17978\" src=\"https:\/\/1dronas.lt\/wp-content\/uploads\/2026\/03\/2104-5-2048x2048.png-1024x314.webp\" alt=\"\" width=\"694\" height=\"213\" srcset=\"https:\/\/1dronas.lt\/wp-content\/uploads\/2026\/03\/2104-5-2048x2048.png-1024x314.webp 1024w, https:\/\/1dronas.lt\/wp-content\/uploads\/2026\/03\/2104-5-2048x2048.png-300x92.webp 300w, https:\/\/1dronas.lt\/wp-content\/uploads\/2026\/03\/2104-5-2048x2048.png-768x235.webp 768w, https:\/\/1dronas.lt\/wp-content\/uploads\/2026\/03\/2104-5-2048x2048.png-18x6.webp 18w, https:\/\/1dronas.lt\/wp-content\/uploads\/2026\/03\/2104-5-2048x2048.png-510x156.webp 510w, https:\/\/1dronas.lt\/wp-content\/uploads\/2026\/03\/2104-5-2048x2048.png.webp 1055w\" sizes=\"auto, (max-width: 694px) 100vw, 694px\" \/><\/p>\n<p data-start=\"14\" data-end=\"442\" data-is-last-node=\"\" data-is-only-node=\"\"><img loading=\"lazy\" decoding=\"async\" class=\"alignnone wp-image-17977\" src=\"https:\/\/1dronas.lt\/wp-content\/uploads\/2026\/03\/2104-6-2048x2048.png.webp\" alt=\"\" width=\"644\" height=\"463\" srcset=\"https:\/\/1dronas.lt\/wp-content\/uploads\/2026\/03\/2104-6-2048x2048.png.webp 797w, https:\/\/1dronas.lt\/wp-content\/uploads\/2026\/03\/2104-6-2048x2048.png-300x216.webp 300w, https:\/\/1dronas.lt\/wp-content\/uploads\/2026\/03\/2104-6-2048x2048.png-768x552.webp 768w, https:\/\/1dronas.lt\/wp-content\/uploads\/2026\/03\/2104-6-2048x2048.png-18x12.webp 18w, https:\/\/1dronas.lt\/wp-content\/uploads\/2026\/03\/2104-6-2048x2048.png-510x367.webp 510w\" sizes=\"auto, (max-width: 644px) 100vw, 644px\" \/><\/p>\n<p data-start=\"0\" data-end=\"12\"><strong>NIN 2104 KV: 3000KV<\/strong><\/p>\n<p data-start=\"14\" data-end=\"442\" data-is-last-node=\"\" data-is-only-node=\"\"><strong>\u2022<\/strong> Configuration: 12N14P;<br data-start=\"35\" data-end=\"38\" \/><strong>\u2022<\/strong> Stator diameter: 21 mm;<br data-start=\"64\" data-end=\"67\" \/><strong>\u2022<\/strong> Stator length: 4 mm;<br data-start=\"89\" data-end=\"92\" \/><strong>\u2022<\/strong> Shaft diameter: 3 mm (inside), 1.5 mm (outside);<br data-start=\"197\" data-end=\"200\" \/><strong>\u2022<\/strong> Weight: 16 g (with 3 cm cable);<br data-start=\"228\" data-end=\"231\" \/><strong>\u2022<\/strong> No-load current (@10 V): 0.9 A;<br data-start=\"268\" data-end=\"271\" \/><strong>\u2022<\/strong> Number of cells (LiPo): 3\u20134S;<br data-start=\"301\" data-end=\"304\" \/><strong>\u2022<\/strong> Maximum continuous power: 581 W;<br data-start=\"341\" data-end=\"344\" \/><strong>\u2022<\/strong> Internal resistance: 110 m\u03a9;<br data-start=\"364\" data-end=\"367\" \/><strong>\u2022<\/strong> Maximum current (3S): 36.3 A;<br data-start=\"395\" data-end=\"398\" \/><strong>\u2022<\/strong> Maximum efficiency current: (2.5-5 A) &gt; 85%.<\/p>\n<p data-start=\"14\" data-end=\"442\" data-is-last-node=\"\" data-is-only-node=\"\"><img loading=\"lazy\" decoding=\"async\" class=\"alignnone wp-image-17978\" src=\"https:\/\/1dronas.lt\/wp-content\/uploads\/2026\/03\/2104-5-2048x2048.png-1024x314.webp\" alt=\"\" width=\"701\" height=\"215\" srcset=\"https:\/\/1dronas.lt\/wp-content\/uploads\/2026\/03\/2104-5-2048x2048.png-1024x314.webp 1024w, https:\/\/1dronas.lt\/wp-content\/uploads\/2026\/03\/2104-5-2048x2048.png-300x92.webp 300w, https:\/\/1dronas.lt\/wp-content\/uploads\/2026\/03\/2104-5-2048x2048.png-768x235.webp 768w, https:\/\/1dronas.lt\/wp-content\/uploads\/2026\/03\/2104-5-2048x2048.png-18x6.webp 18w, https:\/\/1dronas.lt\/wp-content\/uploads\/2026\/03\/2104-5-2048x2048.png-510x156.webp 510w, https:\/\/1dronas.lt\/wp-content\/uploads\/2026\/03\/2104-5-2048x2048.png.webp 1055w\" sizes=\"auto, (max-width: 701px) 100vw, 701px\" \/><\/p>\n<p data-start=\"14\" data-end=\"442\" data-is-last-node=\"\" data-is-only-node=\"\"><img loading=\"lazy\" decoding=\"async\" class=\"alignnone wp-image-17976\" src=\"https:\/\/1dronas.lt\/wp-content\/uploads\/2026\/03\/2104-7-2048x2048.png.webp\" alt=\"\" width=\"676\" height=\"445\" srcset=\"https:\/\/1dronas.lt\/wp-content\/uploads\/2026\/03\/2104-7-2048x2048.png.webp 797w, https:\/\/1dronas.lt\/wp-content\/uploads\/2026\/03\/2104-7-2048x2048.png-300x198.webp 300w, https:\/\/1dronas.lt\/wp-content\/uploads\/2026\/03\/2104-7-2048x2048.png-768x506.webp 768w, https:\/\/1dronas.lt\/wp-content\/uploads\/2026\/03\/2104-7-2048x2048.png-18x12.webp 18w, https:\/\/1dronas.lt\/wp-content\/uploads\/2026\/03\/2104-7-2048x2048.png-510x336.webp 510w\" sizes=\"auto, (max-width: 676px) 100vw, 676px\" \/><\/p>\n<p data-start=\"14\" data-end=\"442\" data-is-last-node=\"\" data-is-only-node=\"\"><strong>Package:<\/strong><\/p>\n<p data-start=\"14\" data-end=\"442\" data-is-last-node=\"\" data-is-only-node=\"\">1x Flywoo NIN 2104 Motor 1800KV\/3000KV (optional);<br \/>\n1x Screw set.<\/p>","protected":false},"excerpt":{"rendered":"<p><span style=\"color: #000000;\">The FLYWOO NIN 2104 Ultralight was designed to the highest standards of FPV freestyle racing, and curved N52H magnets and Japanese NSK bearings ensure reliability and performance.<\/span><\/p>\n<p><span style=\"color: #000000;\"><strong><img loading=\"lazy\" decoding=\"async\" class=\"alignnone wp-image-1806\" src=\"https:\/\/1dronas.lt\/wp-content\/uploads\/2021\/05\/delivery-icon.png.webp\" alt=\"\" width=\"24\" height=\"24\" srcset=\"https:\/\/1dronas.lt\/wp-content\/uploads\/2021\/05\/delivery-icon.png 35w, https:\/\/1dronas.lt\/wp-content\/uploads\/2021\/05\/delivery-icon-12x12.png 12w\" sizes=\"auto, (max-width: 24px) 100vw, 24px\" \/>\u00a0\u00a01 \u2013 2 days<\/strong><\/span><\/p>","protected":false},"featured_media":17979,"comment_status":"open","ping_status":"closed","template":"","meta":[],"product_brand":[1152],"product_cat":[101],"product_tag":[1255,1256,90,136,1254,130],"class_list":{"0":"post-17975","1":"product","2":"type-product","3":"status-publish","4":"has-post-thumbnail","6":"product_brand-flywoo","7":"product_cat-motorai","8":"product_tag-1800kv","9":"product_tag-3000kv","10":"product_tag-flywoo","11":"product_tag-motorai","12":"product_tag-nin-2104","13":"product_tag-ultralight","15":"first","16":"instock","17":"taxable","18":"shipping-taxable","19":"purchasable","20":"product-type-variable","21":"has-default-attributes"},"yoast_head":"<!-- This site is optimized with the Yoast SEO plugin v27.6 - https:\/\/yoast.com\/product\/yoast-seo-wordpress\/ -->\n<title>Flywoo NIN 2104 Ultralight Fpv Motor 1800KV \/ 3000KV - 1dronas.lt<\/title>\n<meta name=\"robots\" content=\"index, follow, max-snippet:-1, max-image-preview:large, max-video-preview:-1\" \/>\n<link rel=\"canonical\" href=\"https:\/\/1dronas.lt\/en\/produktas\/flywoo-nin-2104-ultralight-fpv-motor-1800kv-3000kv\/\" \/>\n<meta property=\"og:locale\" content=\"en_US\" \/>\n<meta property=\"og:type\" content=\"article\" \/>\n<meta property=\"og:title\" content=\"Flywoo NIN 2104 Ultralight Fpv Motor 1800KV \/ 3000KV - 1dronas.lt\" \/>\n<meta property=\"og:description\" content=\"FLYWOO NIN 2104 Ultralight buvo sukurtas pagal auk\u0161\u010diausius FPV freestyle lenktyni\u0173 standartus, o lenkti N52H magnetai ir japoni\u0161ki NSK guoliai u\u017etikrina patikimum\u0105 bei na\u0161um\u0105.  \u00a0\u00a01 \u2013 2 d.d.\" \/>\n<meta property=\"og:url\" content=\"https:\/\/1dronas.lt\/en\/produktas\/flywoo-nin-2104-ultralight-fpv-motor-1800kv-3000kv\/\" \/>\n<meta property=\"og:site_name\" content=\"1dronas.lt\" \/>\n<meta property=\"article:publisher\" content=\"https:\/\/www.facebook.com\/1dronas\/\" \/>\n<meta property=\"article:modified_time\" content=\"2026-05-02T12:27:36+00:00\" \/>\n<meta property=\"og:image\" content=\"https:\/\/1dronas.lt\/wp-content\/uploads\/2026\/03\/b1503a56cfa311cfd85f9c7a0800df8f_1080x-Background-Removed.jpeg\" \/>\n\t<meta property=\"og:image:width\" content=\"1000\" \/>\n\t<meta property=\"og:image:height\" content=\"1000\" \/>\n\t<meta property=\"og:image:type\" content=\"image\/jpeg\" \/>\n<meta name=\"twitter:card\" content=\"summary_large_image\" \/>\n<meta name=\"twitter:label1\" content=\"Est. reading time\" \/>\n\t<meta name=\"twitter:data1\" content=\"3 minutes\" \/>\n<script type=\"application\/ld+json\" class=\"yoast-schema-graph\">{\"@context\":\"https:\\\/\\\/schema.org\",\"@graph\":[{\"@type\":\"WebPage\",\"@id\":\"https:\\\/\\\/1dronas.lt\\\/en\\\/produktas\\\/flywoo-nin-2104-ultralight-fpv-motor-1800kv-3000kv\\\/\",\"url\":\"https:\\\/\\\/1dronas.lt\\\/en\\\/produktas\\\/flywoo-nin-2104-ultralight-fpv-motor-1800kv-3000kv\\\/\",\"name\":\"Flywoo NIN 2104 Ultralight Fpv Motor 1800KV \\\/ 3000KV - 1dronas.lt\",\"isPartOf\":{\"@id\":\"https:\\\/\\\/1dronas.lt\\\/en\\\/#website\"},\"primaryImageOfPage\":{\"@id\":\"https:\\\/\\\/1dronas.lt\\\/en\\\/produktas\\\/flywoo-nin-2104-ultralight-fpv-motor-1800kv-3000kv\\\/#primaryimage\"},\"image\":{\"@id\":\"https:\\\/\\\/1dronas.lt\\\/en\\\/produktas\\\/flywoo-nin-2104-ultralight-fpv-motor-1800kv-3000kv\\\/#primaryimage\"},\"thumbnailUrl\":\"https:\\\/\\\/1dronas.lt\\\/wp-content\\\/uploads\\\/2026\\\/03\\\/b1503a56cfa311cfd85f9c7a0800df8f_1080x-Background-Removed.jpeg\",\"datePublished\":\"2026-03-26T20:28:23+00:00\",\"dateModified\":\"2026-05-02T12:27:36+00:00\",\"breadcrumb\":{\"@id\":\"https:\\\/\\\/1dronas.lt\\\/en\\\/produktas\\\/flywoo-nin-2104-ultralight-fpv-motor-1800kv-3000kv\\\/#breadcrumb\"},\"inLanguage\":\"en-US\",\"potentialAction\":[{\"@type\":\"ReadAction\",\"target\":[\"https:\\\/\\\/1dronas.lt\\\/en\\\/produktas\\\/flywoo-nin-2104-ultralight-fpv-motor-1800kv-3000kv\\\/\"]}]},{\"@type\":\"ImageObject\",\"inLanguage\":\"en-US\",\"@id\":\"https:\\\/\\\/1dronas.lt\\\/en\\\/produktas\\\/flywoo-nin-2104-ultralight-fpv-motor-1800kv-3000kv\\\/#primaryimage\",\"url\":\"https:\\\/\\\/1dronas.lt\\\/wp-content\\\/uploads\\\/2026\\\/03\\\/b1503a56cfa311cfd85f9c7a0800df8f_1080x-Background-Removed.jpeg\",\"contentUrl\":\"https:\\\/\\\/1dronas.lt\\\/wp-content\\\/uploads\\\/2026\\\/03\\\/b1503a56cfa311cfd85f9c7a0800df8f_1080x-Background-Removed.jpeg\",\"width\":1000,\"height\":1000},{\"@type\":\"BreadcrumbList\",\"@id\":\"https:\\\/\\\/1dronas.lt\\\/en\\\/produktas\\\/flywoo-nin-2104-ultralight-fpv-motor-1800kv-3000kv\\\/#breadcrumb\",\"itemListElement\":[{\"@type\":\"ListItem\",\"position\":1,\"name\":\"Home\",\"item\":\"https:\\\/\\\/1dronas.lt\\\/\"},{\"@type\":\"ListItem\",\"position\":2,\"name\":\"Parduotuv\u0117\",\"item\":\"https:\\\/\\\/1dronas.lt\\\/parduotuve\\\/\"},{\"@type\":\"ListItem\",\"position\":3,\"name\":\"Flywoo NIN 2104 Ultralight Fpv Motor 1800KV \\\/ 3000KV\"}]},{\"@type\":\"WebSite\",\"@id\":\"https:\\\/\\\/1dronas.lt\\\/en\\\/#website\",\"url\":\"https:\\\/\\\/1dronas.lt\\\/en\\\/\",\"name\":\"1dronas.lt\",\"description\":\"Internetin\u0117 parduotuv\u0117\",\"publisher\":{\"@id\":\"https:\\\/\\\/1dronas.lt\\\/en\\\/#organization\"},\"potentialAction\":[{\"@type\":\"SearchAction\",\"target\":{\"@type\":\"EntryPoint\",\"urlTemplate\":\"https:\\\/\\\/1dronas.lt\\\/en\\\/?s={search_term_string}\"},\"query-input\":{\"@type\":\"PropertyValueSpecification\",\"valueRequired\":true,\"valueName\":\"search_term_string\"}}],\"inLanguage\":\"en-US\"},{\"@type\":\"Organization\",\"@id\":\"https:\\\/\\\/1dronas.lt\\\/en\\\/#organization\",\"name\":\"1dronas.lt\",\"url\":\"https:\\\/\\\/1dronas.lt\\\/en\\\/\",\"logo\":{\"@type\":\"ImageObject\",\"inLanguage\":\"en-US\",\"@id\":\"https:\\\/\\\/1dronas.lt\\\/en\\\/#\\\/schema\\\/logo\\\/image\\\/\",\"url\":\"https:\\\/\\\/1dronas.lt\\\/wp-content\\\/uploads\\\/2020\\\/12\\\/Ekrano_kopija__2_-removebg-preview-1-1.png\",\"contentUrl\":\"https:\\\/\\\/1dronas.lt\\\/wp-content\\\/uploads\\\/2020\\\/12\\\/Ekrano_kopija__2_-removebg-preview-1-1.png\",\"width\":234,\"height\":81,\"caption\":\"1dronas.lt\"},\"image\":{\"@id\":\"https:\\\/\\\/1dronas.lt\\\/en\\\/#\\\/schema\\\/logo\\\/image\\\/\"},\"sameAs\":[\"https:\\\/\\\/www.facebook.com\\\/1dronas\\\/\"]}]}<\/script>\n<!-- \/ Yoast SEO plugin. -->","yoast_head_json":{"title":"Flywoo NIN 2104 Ultralight Fpv Motor 1800KV \/ 3000KV - 1dronas.lt","robots":{"index":"index","follow":"follow","max-snippet":"max-snippet:-1","max-image-preview":"max-image-preview:large","max-video-preview":"max-video-preview:-1"},"canonical":"https:\/\/1dronas.lt\/en\/produktas\/flywoo-nin-2104-ultralight-fpv-motor-1800kv-3000kv\/","og_locale":"en_US","og_type":"article","og_title":"Flywoo NIN 2104 Ultralight Fpv Motor 1800KV \/ 3000KV - 1dronas.lt","og_description":"FLYWOO NIN 2104 Ultralight buvo sukurtas pagal auk\u0161\u010diausius FPV freestyle lenktyni\u0173 standartus, o lenkti N52H magnetai ir japoni\u0161ki NSK guoliai u\u017etikrina patikimum\u0105 bei na\u0161um\u0105.  \u00a0\u00a01 \u2013 2 d.d.","og_url":"https:\/\/1dronas.lt\/en\/produktas\/flywoo-nin-2104-ultralight-fpv-motor-1800kv-3000kv\/","og_site_name":"1dronas.lt","article_publisher":"https:\/\/www.facebook.com\/1dronas\/","article_modified_time":"2026-05-02T12:27:36+00:00","og_image":[{"width":1000,"height":1000,"url":"https:\/\/1dronas.lt\/wp-content\/uploads\/2026\/03\/b1503a56cfa311cfd85f9c7a0800df8f_1080x-Background-Removed.jpeg","type":"image\/jpeg"}],"twitter_card":"summary_large_image","twitter_misc":{"Est. reading time":"3 minutes"},"schema":{"@context":"https:\/\/schema.org","@graph":[{"@type":"WebPage","@id":"https:\/\/1dronas.lt\/en\/produktas\/flywoo-nin-2104-ultralight-fpv-motor-1800kv-3000kv\/","url":"https:\/\/1dronas.lt\/en\/produktas\/flywoo-nin-2104-ultralight-fpv-motor-1800kv-3000kv\/","name":"Flywoo NIN 2104 Ultralight Fpv Motor 1800KV \/ 3000KV - 1dronas.lt","isPartOf":{"@id":"https:\/\/1dronas.lt\/en\/#website"},"primaryImageOfPage":{"@id":"https:\/\/1dronas.lt\/en\/produktas\/flywoo-nin-2104-ultralight-fpv-motor-1800kv-3000kv\/#primaryimage"},"image":{"@id":"https:\/\/1dronas.lt\/en\/produktas\/flywoo-nin-2104-ultralight-fpv-motor-1800kv-3000kv\/#primaryimage"},"thumbnailUrl":"https:\/\/1dronas.lt\/wp-content\/uploads\/2026\/03\/b1503a56cfa311cfd85f9c7a0800df8f_1080x-Background-Removed.jpeg","datePublished":"2026-03-26T20:28:23+00:00","dateModified":"2026-05-02T12:27:36+00:00","breadcrumb":{"@id":"https:\/\/1dronas.lt\/en\/produktas\/flywoo-nin-2104-ultralight-fpv-motor-1800kv-3000kv\/#breadcrumb"},"inLanguage":"en-US","potentialAction":[{"@type":"ReadAction","target":["https:\/\/1dronas.lt\/en\/produktas\/flywoo-nin-2104-ultralight-fpv-motor-1800kv-3000kv\/"]}]},{"@type":"ImageObject","inLanguage":"en-US","@id":"https:\/\/1dronas.lt\/en\/produktas\/flywoo-nin-2104-ultralight-fpv-motor-1800kv-3000kv\/#primaryimage","url":"https:\/\/1dronas.lt\/wp-content\/uploads\/2026\/03\/b1503a56cfa311cfd85f9c7a0800df8f_1080x-Background-Removed.jpeg","contentUrl":"https:\/\/1dronas.lt\/wp-content\/uploads\/2026\/03\/b1503a56cfa311cfd85f9c7a0800df8f_1080x-Background-Removed.jpeg","width":1000,"height":1000},{"@type":"BreadcrumbList","@id":"https:\/\/1dronas.lt\/en\/produktas\/flywoo-nin-2104-ultralight-fpv-motor-1800kv-3000kv\/#breadcrumb","itemListElement":[{"@type":"ListItem","position":1,"name":"Home","item":"https:\/\/1dronas.lt\/"},{"@type":"ListItem","position":2,"name":"Parduotuv\u0117","item":"https:\/\/1dronas.lt\/parduotuve\/"},{"@type":"ListItem","position":3,"name":"Flywoo NIN 2104 Ultralight Fpv Motor 1800KV \/ 3000KV"}]},{"@type":"WebSite","@id":"https:\/\/1dronas.lt\/en\/#website","url":"https:\/\/1dronas.lt\/en\/","name":"1dronas.lt","description":"Online store","publisher":{"@id":"https:\/\/1dronas.lt\/en\/#organization"},"potentialAction":[{"@type":"SearchAction","target":{"@type":"EntryPoint","urlTemplate":"https:\/\/1dronas.lt\/en\/?s={search_term_string}"},"query-input":{"@type":"PropertyValueSpecification","valueRequired":true,"valueName":"search_term_string"}}],"inLanguage":"en-US"},{"@type":"Organization","@id":"https:\/\/1dronas.lt\/en\/#organization","name":"1dronas.lt","url":"https:\/\/1dronas.lt\/en\/","logo":{"@type":"ImageObject","inLanguage":"en-US","@id":"https:\/\/1dronas.lt\/en\/#\/schema\/logo\/image\/","url":"https:\/\/1dronas.lt\/wp-content\/uploads\/2020\/12\/Ekrano_kopija__2_-removebg-preview-1-1.png","contentUrl":"https:\/\/1dronas.lt\/wp-content\/uploads\/2020\/12\/Ekrano_kopija__2_-removebg-preview-1-1.png","width":234,"height":81,"caption":"1dronas.lt"},"image":{"@id":"https:\/\/1dronas.lt\/en\/#\/schema\/logo\/image\/"},"sameAs":["https:\/\/www.facebook.com\/1dronas\/"]}]}},"jetpack_sharing_enabled":true,"_links":{"self":[{"href":"https:\/\/1dronas.lt\/en\/wp-json\/wp\/v2\/product\/17975","targetHints":{"allow":["GET"]}}],"collection":[{"href":"https:\/\/1dronas.lt\/en\/wp-json\/wp\/v2\/product"}],"about":[{"href":"https:\/\/1dronas.lt\/en\/wp-json\/wp\/v2\/types\/product"}],"replies":[{"embeddable":true,"href":"https:\/\/1dronas.lt\/en\/wp-json\/wp\/v2\/comments?post=17975"}],"wp:featuredmedia":[{"embeddable":true,"href":"https:\/\/1dronas.lt\/en\/wp-json\/wp\/v2\/media\/17979"}],"wp:attachment":[{"href":"https:\/\/1dronas.lt\/en\/wp-json\/wp\/v2\/media?parent=17975"}],"wp:term":[{"taxonomy":"product_brand","embeddable":true,"href":"https:\/\/1dronas.lt\/en\/wp-json\/wp\/v2\/product_brand?post=17975"},{"taxonomy":"product_cat","embeddable":true,"href":"https:\/\/1dronas.lt\/en\/wp-json\/wp\/v2\/product_cat?post=17975"},{"taxonomy":"product_tag","embeddable":true,"href":"https:\/\/1dronas.lt\/en\/wp-json\/wp\/v2\/product_tag?post=17975"}],"curies":[{"name":"wp","href":"https:\/\/api.w.org\/{rel}","templated":true}]}}