{"id":17937,"date":"2026-03-25T23:03:51","date_gmt":"2026-03-25T21:03:51","guid":{"rendered":"https:\/\/1dronas.lt\/?post_type=product&#038;p=17937"},"modified":"2026-05-03T20:17:07","modified_gmt":"2026-05-03T17:17:07","slug":"flywoo-robo-1003-14800kv-1-2s","status":"publish","type":"product","link":"https:\/\/1dronas.lt\/en\/produktas\/flywoo-robo-1003-14800kv-1-2s\/","title":{"rendered":"Flywoo ROBO 1003 14800KV 1-2S"},"content":{"rendered":"<p><img loading=\"lazy\" decoding=\"async\" class=\"alignnone wp-image-17947 size-full\" src=\"https:\/\/1dronas.lt\/wp-content\/uploads\/2026\/03\/1003-1-01.jpeg.webp\" alt=\"\" width=\"1600\" height=\"2175\" srcset=\"https:\/\/1dronas.lt\/wp-content\/uploads\/2026\/03\/1003-1-01.jpeg.webp 1600w, https:\/\/1dronas.lt\/wp-content\/uploads\/2026\/03\/1003-1-01.jpeg-221x300.webp 221w, https:\/\/1dronas.lt\/wp-content\/uploads\/2026\/03\/1003-1-01.jpeg-753x1024.webp 753w, https:\/\/1dronas.lt\/wp-content\/uploads\/2026\/03\/1003-1-01.jpeg-768x1044.webp 768w, https:\/\/1dronas.lt\/wp-content\/uploads\/2026\/03\/1003-1-01.jpeg-1130x1536.webp 1130w, https:\/\/1dronas.lt\/wp-content\/uploads\/2026\/03\/1003-1-01.jpeg-1507x2048.webp 1507w, https:\/\/1dronas.lt\/wp-content\/uploads\/2026\/03\/1003-1-01.jpeg-9x12.webp 9w, https:\/\/1dronas.lt\/wp-content\/uploads\/2026\/03\/1003-1-01.jpeg-510x693.webp 510w\" sizes=\"auto, (max-width: 1600px) 100vw, 1600px\" \/><\/p>\n<p>The FLYWOO RB 1003 motor uses a new structural design with a double bearing system, which allows for better control of shaft movement, reduces noise and vibration, increases stability and energy efficiency. The motor is made of 7075 aviation aluminum, features a high-efficiency magnetic circuit design, two-color oxidized finish, and a wire soldering pad design.<\/p>\n<p><strong>Features:<\/strong><\/p>\n<p><strong>\u2022<\/strong> New look with two-tone oxidized finish;<br data-start=\"52\" data-end=\"55\" \/><strong>\u2022<\/strong> 7075 aviation aluminum, high strength rotor;<br data-start=\"108\" data-end=\"111\" \/><strong>\u2022<\/strong> Customized N52H arc-shaped strong magnet;<br data-start=\"177\" data-end=\"180\" \/><strong>\u2022<\/strong> High temperature resistant (up to 200\u00b0C) copper wire;<br data-start=\"239\" data-end=\"242\" \/><strong>\u2022<\/strong> Imported Kawasaki silicon steel sheet;<br data-start=\"288\" data-end=\"291\" \/><strong>\u2022<\/strong> Double bearing construction.<\/p>\n<p><strong>Specification:<\/strong><\/p>\n<p><strong>\u2022<\/strong> Brand: FLYWOO;<br data-start=\"22\" data-end=\"25\" \/><strong>\u2022<\/strong> Model: RB1003 brushless;<br data-start=\"63\" data-end=\"66\" \/><strong>\u2022<\/strong> Configuration: 9N12P;<br data-start=\"86\" data-end=\"89\" \/><strong>\u2022<\/strong> Magnet: N52H;<br data-start=\"103\" data-end=\"106\" \/><strong>\u2022<\/strong> Stator diameter: 10 mm;<br data-start=\"132\" data-end=\"135\" \/><strong>\u2022<\/strong> Stator height: 3 mm;<br data-start=\"159\" data-end=\"162\" \/><strong>\u2022<\/strong> Output shaft diameter: 1.50 mm;<br data-start=\"194\" data-end=\"197\" \/><strong>\u2022<\/strong> Dimensions: 13.5 mm x 9.2 mm;<br data-start=\"223\" data-end=\"226\" \/><strong>\u2022<\/strong> Rated voltage: 1-2S;<br data-start=\"247\" data-end=\"250\" \/><strong>\u2022<\/strong> Mounting holes: 3 x M1.4-D6.6;<br data-start=\"280\" data-end=\"283\" \/><strong>\u2022<\/strong> Weight: 3.3 g (with 4 cm cable).<\/p>\n<p><strong>Measurements:<\/strong><\/p>\n<p><img loading=\"lazy\" decoding=\"async\" class=\"alignnone wp-image-17938\" src=\"https:\/\/1dronas.lt\/wp-content\/uploads\/2026\/03\/1003-1-07.jpeg-e1774471859150-1024x1021.webp\" alt=\"\" width=\"425\" height=\"424\" srcset=\"https:\/\/1dronas.lt\/wp-content\/uploads\/2026\/03\/1003-1-07.jpeg-e1774471859150-1024x1021.webp 1024w, https:\/\/1dronas.lt\/wp-content\/uploads\/2026\/03\/1003-1-07.jpeg-e1774471859150-300x300.webp 300w, https:\/\/1dronas.lt\/wp-content\/uploads\/2026\/03\/1003-1-07.jpeg-e1774471859150-150x150.webp 150w, https:\/\/1dronas.lt\/wp-content\/uploads\/2026\/03\/1003-1-07.jpeg-e1774471859150-768x766.webp 768w, https:\/\/1dronas.lt\/wp-content\/uploads\/2026\/03\/1003-1-07.jpeg-e1774471859150-1536x1532.webp 1536w, https:\/\/1dronas.lt\/wp-content\/uploads\/2026\/03\/1003-1-07.jpeg-e1774471859150-12x12.webp 12w, https:\/\/1dronas.lt\/wp-content\/uploads\/2026\/03\/1003-1-07.jpeg-e1774471859150-247x247.webp 247w, https:\/\/1dronas.lt\/wp-content\/uploads\/2026\/03\/1003-1-07.jpeg-e1774471859150-510x509.webp 510w, https:\/\/1dronas.lt\/wp-content\/uploads\/2026\/03\/1003-1-07.jpeg-e1774471859150-100x100.webp 100w, https:\/\/1dronas.lt\/wp-content\/uploads\/2026\/03\/1003-1-07.jpeg-e1774471859150.webp 1600w\" sizes=\"auto, (max-width: 425px) 100vw, 425px\" \/><\/p>\n<p><img loading=\"lazy\" decoding=\"async\" class=\"alignnone wp-image-17939\" src=\"https:\/\/1dronas.lt\/wp-content\/uploads\/2026\/03\/1003-1-08.jpeg-e1774472053397-1024x550.webp\" alt=\"\" width=\"634\" height=\"341\" srcset=\"https:\/\/1dronas.lt\/wp-content\/uploads\/2026\/03\/1003-1-08.jpeg-e1774472053397-1024x550.webp 1024w, https:\/\/1dronas.lt\/wp-content\/uploads\/2026\/03\/1003-1-08.jpeg-e1774472053397-300x161.webp 300w, https:\/\/1dronas.lt\/wp-content\/uploads\/2026\/03\/1003-1-08.jpeg-e1774472053397-768x413.webp 768w, https:\/\/1dronas.lt\/wp-content\/uploads\/2026\/03\/1003-1-08.jpeg-e1774472053397-1536x826.webp 1536w, https:\/\/1dronas.lt\/wp-content\/uploads\/2026\/03\/1003-1-08.jpeg-e1774472053397-18x10.webp 18w, https:\/\/1dronas.lt\/wp-content\/uploads\/2026\/03\/1003-1-08.jpeg-e1774472053397-510x274.webp 510w, https:\/\/1dronas.lt\/wp-content\/uploads\/2026\/03\/1003-1-08.jpeg-e1774472053397.webp 1600w\" sizes=\"auto, (max-width: 634px) 100vw, 634px\" \/><\/p>\n<p><strong>Package:<\/strong><\/p>\n<p>1x Flywoo ROBO 1003 14800KV motor;<br data-start=\"51\" data-end=\"54\" \/>1x Screw set.<\/p>","protected":false},"excerpt":{"rendered":"<p><span style=\"color: #000000;\">The FLYWOO RB 1003 motor uses a new structural design with a double bearing system, which allows for better control of shaft movement, reduces noise and vibration, and increases stability and energy efficiency.<\/span><\/p>\n<p><span style=\"color: #000000;\"><strong><img loading=\"lazy\" decoding=\"async\" class=\"alignnone wp-image-1806\" src=\"https:\/\/1dronas.lt\/wp-content\/uploads\/2021\/05\/delivery-icon.png.webp\" alt=\"\" width=\"24\" height=\"24\" srcset=\"https:\/\/1dronas.lt\/wp-content\/uploads\/2021\/05\/delivery-icon.png 35w, https:\/\/1dronas.lt\/wp-content\/uploads\/2021\/05\/delivery-icon-12x12.png 12w\" sizes=\"auto, (max-width: 24px) 100vw, 24px\" \/>\u00a0\u00a01 \u2013 2 days<\/strong><\/span><\/p>","protected":false},"featured_media":17942,"comment_status":"open","ping_status":"closed","template":"","meta":[],"product_brand":[1152],"product_cat":[101],"product_tag":[1251,1249,1250,90,136,1246],"class_list":{"0":"post-17937","1":"product","2":"type-product","3":"status-publish","4":"has-post-thumbnail","6":"product_brand-flywoo","7":"product_cat-motorai","8":"product_tag-1-2s","9":"product_tag-1249","10":"product_tag-14800kv","11":"product_tag-flywoo","12":"product_tag-motorai","13":"product_tag-robo","15":"first","16":"instock","17":"taxable","18":"shipping-taxable","19":"purchasable","20":"product-type-simple"},"yoast_head":"<!-- This site is optimized with the Yoast SEO plugin v27.6 - https:\/\/yoast.com\/product\/yoast-seo-wordpress\/ -->\n<title>Flywoo ROBO 1003 14800KV 1-2S - 1dronas.lt<\/title>\n<meta name=\"robots\" content=\"index, follow, max-snippet:-1, max-image-preview:large, max-video-preview:-1\" \/>\n<link rel=\"canonical\" href=\"https:\/\/1dronas.lt\/en\/produktas\/flywoo-robo-1003-14800kv-1-2s\/\" \/>\n<meta property=\"og:locale\" content=\"en_US\" \/>\n<meta property=\"og:type\" content=\"article\" \/>\n<meta property=\"og:title\" content=\"Flywoo ROBO 1003 14800KV 1-2S - 1dronas.lt\" \/>\n<meta property=\"og:description\" content=\"FLYWOO RB 1003 variklis naudoja nauj\u0105 konstrukcin\u012f dizain\u0105 su dvigub\u0173 guoli\u0173 sistema, kuri leid\u017eia geriau kontroliuoti veleno jud\u0117jim\u0105, suma\u017eina triuk\u0161m\u0105 ir vibracij\u0105, padidina stabilum\u0105 bei energin\u012f efektyvum\u0105.  \u00a0\u00a01 \u2013 2 d.d.\" \/>\n<meta property=\"og:url\" content=\"https:\/\/1dronas.lt\/en\/produktas\/flywoo-robo-1003-14800kv-1-2s\/\" \/>\n<meta property=\"og:site_name\" content=\"1dronas.lt\" \/>\n<meta property=\"article:publisher\" content=\"https:\/\/www.facebook.com\/1dronas\/\" \/>\n<meta property=\"article:modified_time\" content=\"2026-05-03T17:17:07+00:00\" \/>\n<meta property=\"og:image\" content=\"https:\/\/1dronas.lt\/wp-content\/uploads\/2026\/03\/fda931e83a0141efa8c9f45648cd0561_1512x.jpg.webp\" \/>\n\t<meta property=\"og:image:width\" content=\"1512\" \/>\n\t<meta property=\"og:image:height\" content=\"1512\" \/>\n\t<meta property=\"og:image:type\" content=\"image\/webp\" \/>\n<meta name=\"twitter:card\" content=\"summary_large_image\" \/>\n<meta name=\"twitter:label1\" content=\"Est. reading time\" \/>\n\t<meta name=\"twitter:data1\" content=\"2 minutes\" \/>\n<script type=\"application\/ld+json\" class=\"yoast-schema-graph\">{\"@context\":\"https:\\\/\\\/schema.org\",\"@graph\":[{\"@type\":\"WebPage\",\"@id\":\"https:\\\/\\\/1dronas.lt\\\/en\\\/produktas\\\/flywoo-robo-1003-14800kv-1-2s\\\/\",\"url\":\"https:\\\/\\\/1dronas.lt\\\/en\\\/produktas\\\/flywoo-robo-1003-14800kv-1-2s\\\/\",\"name\":\"Flywoo ROBO 1003 14800KV 1-2S - 1dronas.lt\",\"isPartOf\":{\"@id\":\"https:\\\/\\\/1dronas.lt\\\/en\\\/#website\"},\"primaryImageOfPage\":{\"@id\":\"https:\\\/\\\/1dronas.lt\\\/en\\\/produktas\\\/flywoo-robo-1003-14800kv-1-2s\\\/#primaryimage\"},\"image\":{\"@id\":\"https:\\\/\\\/1dronas.lt\\\/en\\\/produktas\\\/flywoo-robo-1003-14800kv-1-2s\\\/#primaryimage\"},\"thumbnailUrl\":\"https:\\\/\\\/1dronas.lt\\\/wp-content\\\/uploads\\\/2026\\\/03\\\/fda931e83a0141efa8c9f45648cd0561_1512x.jpg.webp\",\"datePublished\":\"2026-03-25T21:03:51+00:00\",\"dateModified\":\"2026-05-03T17:17:07+00:00\",\"breadcrumb\":{\"@id\":\"https:\\\/\\\/1dronas.lt\\\/en\\\/produktas\\\/flywoo-robo-1003-14800kv-1-2s\\\/#breadcrumb\"},\"inLanguage\":\"en-US\",\"potentialAction\":[{\"@type\":\"ReadAction\",\"target\":[\"https:\\\/\\\/1dronas.lt\\\/en\\\/produktas\\\/flywoo-robo-1003-14800kv-1-2s\\\/\"]}]},{\"@type\":\"ImageObject\",\"inLanguage\":\"en-US\",\"@id\":\"https:\\\/\\\/1dronas.lt\\\/en\\\/produktas\\\/flywoo-robo-1003-14800kv-1-2s\\\/#primaryimage\",\"url\":\"https:\\\/\\\/1dronas.lt\\\/wp-content\\\/uploads\\\/2026\\\/03\\\/fda931e83a0141efa8c9f45648cd0561_1512x.jpg.webp\",\"contentUrl\":\"https:\\\/\\\/1dronas.lt\\\/wp-content\\\/uploads\\\/2026\\\/03\\\/fda931e83a0141efa8c9f45648cd0561_1512x.jpg.webp\",\"width\":1512,\"height\":1512},{\"@type\":\"BreadcrumbList\",\"@id\":\"https:\\\/\\\/1dronas.lt\\\/en\\\/produktas\\\/flywoo-robo-1003-14800kv-1-2s\\\/#breadcrumb\",\"itemListElement\":[{\"@type\":\"ListItem\",\"position\":1,\"name\":\"Home\",\"item\":\"https:\\\/\\\/1dronas.lt\\\/\"},{\"@type\":\"ListItem\",\"position\":2,\"name\":\"Parduotuv\u0117\",\"item\":\"https:\\\/\\\/1dronas.lt\\\/parduotuve\\\/\"},{\"@type\":\"ListItem\",\"position\":3,\"name\":\"Flywoo ROBO 1003 14800KV 1-2S\"}]},{\"@type\":\"WebSite\",\"@id\":\"https:\\\/\\\/1dronas.lt\\\/en\\\/#website\",\"url\":\"https:\\\/\\\/1dronas.lt\\\/en\\\/\",\"name\":\"1dronas.lt\",\"description\":\"Internetin\u0117 parduotuv\u0117\",\"publisher\":{\"@id\":\"https:\\\/\\\/1dronas.lt\\\/en\\\/#organization\"},\"potentialAction\":[{\"@type\":\"SearchAction\",\"target\":{\"@type\":\"EntryPoint\",\"urlTemplate\":\"https:\\\/\\\/1dronas.lt\\\/en\\\/?s={search_term_string}\"},\"query-input\":{\"@type\":\"PropertyValueSpecification\",\"valueRequired\":true,\"valueName\":\"search_term_string\"}}],\"inLanguage\":\"en-US\"},{\"@type\":\"Organization\",\"@id\":\"https:\\\/\\\/1dronas.lt\\\/en\\\/#organization\",\"name\":\"1dronas.lt\",\"url\":\"https:\\\/\\\/1dronas.lt\\\/en\\\/\",\"logo\":{\"@type\":\"ImageObject\",\"inLanguage\":\"en-US\",\"@id\":\"https:\\\/\\\/1dronas.lt\\\/en\\\/#\\\/schema\\\/logo\\\/image\\\/\",\"url\":\"https:\\\/\\\/1dronas.lt\\\/wp-content\\\/uploads\\\/2020\\\/12\\\/Ekrano_kopija__2_-removebg-preview-1-1.png\",\"contentUrl\":\"https:\\\/\\\/1dronas.lt\\\/wp-content\\\/uploads\\\/2020\\\/12\\\/Ekrano_kopija__2_-removebg-preview-1-1.png\",\"width\":234,\"height\":81,\"caption\":\"1dronas.lt\"},\"image\":{\"@id\":\"https:\\\/\\\/1dronas.lt\\\/en\\\/#\\\/schema\\\/logo\\\/image\\\/\"},\"sameAs\":[\"https:\\\/\\\/www.facebook.com\\\/1dronas\\\/\"]}]}<\/script>\n<!-- \/ Yoast SEO plugin. -->","yoast_head_json":{"title":"Flywoo ROBO 1003 14800KV 1-2S - 1dronas.lt","robots":{"index":"index","follow":"follow","max-snippet":"max-snippet:-1","max-image-preview":"max-image-preview:large","max-video-preview":"max-video-preview:-1"},"canonical":"https:\/\/1dronas.lt\/en\/produktas\/flywoo-robo-1003-14800kv-1-2s\/","og_locale":"en_US","og_type":"article","og_title":"Flywoo ROBO 1003 14800KV 1-2S - 1dronas.lt","og_description":"FLYWOO RB 1003 variklis naudoja nauj\u0105 konstrukcin\u012f dizain\u0105 su dvigub\u0173 guoli\u0173 sistema, kuri leid\u017eia geriau kontroliuoti veleno jud\u0117jim\u0105, suma\u017eina triuk\u0161m\u0105 ir vibracij\u0105, padidina stabilum\u0105 bei energin\u012f efektyvum\u0105.  \u00a0\u00a01 \u2013 2 d.d.","og_url":"https:\/\/1dronas.lt\/en\/produktas\/flywoo-robo-1003-14800kv-1-2s\/","og_site_name":"1dronas.lt","article_publisher":"https:\/\/www.facebook.com\/1dronas\/","article_modified_time":"2026-05-03T17:17:07+00:00","og_image":[{"width":1512,"height":1512,"url":"https:\/\/1dronas.lt\/wp-content\/uploads\/2026\/03\/fda931e83a0141efa8c9f45648cd0561_1512x.jpg.webp","type":"image\/webp"}],"twitter_card":"summary_large_image","twitter_misc":{"Est. reading time":"2 minutes"},"schema":{"@context":"https:\/\/schema.org","@graph":[{"@type":"WebPage","@id":"https:\/\/1dronas.lt\/en\/produktas\/flywoo-robo-1003-14800kv-1-2s\/","url":"https:\/\/1dronas.lt\/en\/produktas\/flywoo-robo-1003-14800kv-1-2s\/","name":"Flywoo ROBO 1003 14800KV 1-2S - 1dronas.lt","isPartOf":{"@id":"https:\/\/1dronas.lt\/en\/#website"},"primaryImageOfPage":{"@id":"https:\/\/1dronas.lt\/en\/produktas\/flywoo-robo-1003-14800kv-1-2s\/#primaryimage"},"image":{"@id":"https:\/\/1dronas.lt\/en\/produktas\/flywoo-robo-1003-14800kv-1-2s\/#primaryimage"},"thumbnailUrl":"https:\/\/1dronas.lt\/wp-content\/uploads\/2026\/03\/fda931e83a0141efa8c9f45648cd0561_1512x.jpg.webp","datePublished":"2026-03-25T21:03:51+00:00","dateModified":"2026-05-03T17:17:07+00:00","breadcrumb":{"@id":"https:\/\/1dronas.lt\/en\/produktas\/flywoo-robo-1003-14800kv-1-2s\/#breadcrumb"},"inLanguage":"en-US","potentialAction":[{"@type":"ReadAction","target":["https:\/\/1dronas.lt\/en\/produktas\/flywoo-robo-1003-14800kv-1-2s\/"]}]},{"@type":"ImageObject","inLanguage":"en-US","@id":"https:\/\/1dronas.lt\/en\/produktas\/flywoo-robo-1003-14800kv-1-2s\/#primaryimage","url":"https:\/\/1dronas.lt\/wp-content\/uploads\/2026\/03\/fda931e83a0141efa8c9f45648cd0561_1512x.jpg.webp","contentUrl":"https:\/\/1dronas.lt\/wp-content\/uploads\/2026\/03\/fda931e83a0141efa8c9f45648cd0561_1512x.jpg.webp","width":1512,"height":1512},{"@type":"BreadcrumbList","@id":"https:\/\/1dronas.lt\/en\/produktas\/flywoo-robo-1003-14800kv-1-2s\/#breadcrumb","itemListElement":[{"@type":"ListItem","position":1,"name":"Home","item":"https:\/\/1dronas.lt\/"},{"@type":"ListItem","position":2,"name":"Parduotuv\u0117","item":"https:\/\/1dronas.lt\/parduotuve\/"},{"@type":"ListItem","position":3,"name":"Flywoo ROBO 1003 14800KV 1-2S"}]},{"@type":"WebSite","@id":"https:\/\/1dronas.lt\/en\/#website","url":"https:\/\/1dronas.lt\/en\/","name":"1dronas.lt","description":"Online store","publisher":{"@id":"https:\/\/1dronas.lt\/en\/#organization"},"potentialAction":[{"@type":"SearchAction","target":{"@type":"EntryPoint","urlTemplate":"https:\/\/1dronas.lt\/en\/?s={search_term_string}"},"query-input":{"@type":"PropertyValueSpecification","valueRequired":true,"valueName":"search_term_string"}}],"inLanguage":"en-US"},{"@type":"Organization","@id":"https:\/\/1dronas.lt\/en\/#organization","name":"1dronas.lt","url":"https:\/\/1dronas.lt\/en\/","logo":{"@type":"ImageObject","inLanguage":"en-US","@id":"https:\/\/1dronas.lt\/en\/#\/schema\/logo\/image\/","url":"https:\/\/1dronas.lt\/wp-content\/uploads\/2020\/12\/Ekrano_kopija__2_-removebg-preview-1-1.png","contentUrl":"https:\/\/1dronas.lt\/wp-content\/uploads\/2020\/12\/Ekrano_kopija__2_-removebg-preview-1-1.png","width":234,"height":81,"caption":"1dronas.lt"},"image":{"@id":"https:\/\/1dronas.lt\/en\/#\/schema\/logo\/image\/"},"sameAs":["https:\/\/www.facebook.com\/1dronas\/"]}]}},"jetpack_sharing_enabled":true,"_links":{"self":[{"href":"https:\/\/1dronas.lt\/en\/wp-json\/wp\/v2\/product\/17937","targetHints":{"allow":["GET"]}}],"collection":[{"href":"https:\/\/1dronas.lt\/en\/wp-json\/wp\/v2\/product"}],"about":[{"href":"https:\/\/1dronas.lt\/en\/wp-json\/wp\/v2\/types\/product"}],"replies":[{"embeddable":true,"href":"https:\/\/1dronas.lt\/en\/wp-json\/wp\/v2\/comments?post=17937"}],"wp:featuredmedia":[{"embeddable":true,"href":"https:\/\/1dronas.lt\/en\/wp-json\/wp\/v2\/media\/17942"}],"wp:attachment":[{"href":"https:\/\/1dronas.lt\/en\/wp-json\/wp\/v2\/media?parent=17937"}],"wp:term":[{"taxonomy":"product_brand","embeddable":true,"href":"https:\/\/1dronas.lt\/en\/wp-json\/wp\/v2\/product_brand?post=17937"},{"taxonomy":"product_cat","embeddable":true,"href":"https:\/\/1dronas.lt\/en\/wp-json\/wp\/v2\/product_cat?post=17937"},{"taxonomy":"product_tag","embeddable":true,"href":"https:\/\/1dronas.lt\/en\/wp-json\/wp\/v2\/product_tag?post=17937"}],"curies":[{"name":"wp","href":"https:\/\/api.w.org\/{rel}","templated":true}]}}