{"id":17919,"date":"2026-03-25T20:26:03","date_gmt":"2026-03-25T18:26:03","guid":{"rendered":"https:\/\/1dronas.lt\/?post_type=product&#038;p=17919"},"modified":"2026-04-28T21:51:31","modified_gmt":"2026-04-28T18:51:31","slug":"flywoo-robo-1002-19800kv-23500kv-motorai","status":"publish","type":"product","link":"https:\/\/1dronas.lt\/en\/produktas\/flywoo-robo-1002-19800kv-23500kv-motorai\/","title":{"rendered":"Flywoo ROBO 1002 19800KV \/ 23500KV motors"},"content":{"rendered":"<p>The FLYWOO ROBO 1002 motor features a new design with a double bearing system, which allows for better control of shaft movement, reduces noise and vibration, increases stability and energy efficiency. The motor is made of 7075 aviation aluminum, has a high-efficiency magnetic circuit design, two-color anodized surface and wire soldering pad design, which ensures efficient power, smooth operation and stable control, perfect for whoop and toothpick type models.<\/p>\n<p><strong>Specification:<\/strong><\/p>\n<p><strong>ROBOT 1002 19800KV:<\/strong><\/p>\n<p><strong>\u2022<\/strong> Configuration: 9N12P;<br data-start=\"60\" data-end=\"63\" \/><strong>\u2022<\/strong> Stator diameter: 10 mm;<br data-start=\"89\" data-end=\"92\" \/><strong>\u2022<\/strong> Stator length: 2 mm;<br data-start=\"114\" data-end=\"117\" \/><strong>\u2022<\/strong> Shaft diameter: 1.5 mm;<br data-start=\"196\" data-end=\"199\" \/><strong>\u2022<\/strong> Weight: 2.5 g (with cable);<br data-start=\"228\" data-end=\"231\" \/><strong>\u2022<\/strong> No-load current (5V): 1.3 A;<br data-start=\"262\" data-end=\"265\" \/><strong>\u2022<\/strong> Number of cells (LiPo): 1S;<br data-start=\"293\" data-end=\"296\" \/><strong>\u2022<\/strong> Maximum continuous power (3S): 44 W;<br data-start=\"332\" data-end=\"335\" \/><strong>\u2022<\/strong> Internal resistance: 89 m\u03a9;<br data-start=\"354\" data-end=\"357\" \/><strong>\u2022<\/strong> Maximum current (3S): 11.8 A;<br data-start=\"385\" data-end=\"388\" \/><strong>\u2022<\/strong> Maximum efficiency current: (2-4 A) &gt; 84%.<\/p>\n<p><img loading=\"lazy\" decoding=\"async\" class=\"alignnone wp-image-17921\" src=\"https:\/\/1dronas.lt\/wp-content\/uploads\/2026\/03\/19800KV-MOTOR-DATA.png.webp\" alt=\"\" width=\"705\" height=\"264\" srcset=\"https:\/\/1dronas.lt\/wp-content\/uploads\/2026\/03\/19800KV-MOTOR-DATA.png.webp 970w, https:\/\/1dronas.lt\/wp-content\/uploads\/2026\/03\/19800KV-MOTOR-DATA.png-300x112.webp 300w, https:\/\/1dronas.lt\/wp-content\/uploads\/2026\/03\/19800KV-MOTOR-DATA.png-768x287.webp 768w, https:\/\/1dronas.lt\/wp-content\/uploads\/2026\/03\/19800KV-MOTOR-DATA.png-18x7.webp 18w, https:\/\/1dronas.lt\/wp-content\/uploads\/2026\/03\/19800KV-MOTOR-DATA.png-510x191.webp 510w\" sizes=\"auto, (max-width: 705px) 100vw, 705px\" \/><\/p>\n<p><img loading=\"lazy\" decoding=\"async\" class=\"alignnone wp-image-17922\" src=\"https:\/\/1dronas.lt\/wp-content\/uploads\/2026\/03\/flywoo-19800kv-motor.png-1024x314.webp\" alt=\"\" width=\"699\" height=\"214\" srcset=\"https:\/\/1dronas.lt\/wp-content\/uploads\/2026\/03\/flywoo-19800kv-motor.png-1024x314.webp 1024w, https:\/\/1dronas.lt\/wp-content\/uploads\/2026\/03\/flywoo-19800kv-motor.png-300x92.webp 300w, https:\/\/1dronas.lt\/wp-content\/uploads\/2026\/03\/flywoo-19800kv-motor.png-768x235.webp 768w, https:\/\/1dronas.lt\/wp-content\/uploads\/2026\/03\/flywoo-19800kv-motor.png-18x6.webp 18w, https:\/\/1dronas.lt\/wp-content\/uploads\/2026\/03\/flywoo-19800kv-motor.png-510x156.webp 510w, https:\/\/1dronas.lt\/wp-content\/uploads\/2026\/03\/flywoo-19800kv-motor.png.webp 1055w\" sizes=\"auto, (max-width: 699px) 100vw, 699px\" \/><\/p>\n<p><strong>ROBOT 1002 23500KV:<\/strong><\/p>\n<p><strong>\u2022<\/strong> Configuration: 9N12P;<br data-start=\"494\" data-end=\"497\" \/><strong>\u2022<\/strong> Stator diameter: 10 mm;<br data-start=\"523\" data-end=\"526\" \/><strong>\u2022<\/strong> Stator length: 2 mm;<br data-start=\"548\" data-end=\"551\" \/><strong>\u2022<\/strong> Shaft diameter: 1.5 mm;<br data-start=\"630\" data-end=\"633\" \/><strong>\u2022<\/strong> Weight: 2.5 g (with cable);<br data-start=\"662\" data-end=\"665\" \/><strong>\u2022<\/strong> No-load current (5V): 1.5 A;<br data-start=\"696\" data-end=\"699\" \/><strong>\u2022<\/strong> Number of cells (LiPo): 1S;<br data-start=\"727\" data-end=\"730\" \/><strong>\u2022<\/strong> Maximum continuous power (3S): 52 W;<br data-start=\"766\" data-end=\"769\" \/><strong>\u2022<\/strong> Internal resistance: 75 m\u03a9;<br data-start=\"788\" data-end=\"791\" \/><strong>\u2022<\/strong> Maximum current (3S): 14 A;<br data-start=\"817\" data-end=\"820\" \/><strong>\u2022<\/strong> Maximum efficiency current: (2-4 A) &gt; 84%.<\/p>\n<p><img loading=\"lazy\" decoding=\"async\" class=\"alignnone wp-image-17926\" src=\"https:\/\/1dronas.lt\/wp-content\/uploads\/2026\/03\/23500KV-MOTOR.png.webp\" alt=\"\" width=\"698\" height=\"262\" srcset=\"https:\/\/1dronas.lt\/wp-content\/uploads\/2026\/03\/23500KV-MOTOR.png.webp 968w, https:\/\/1dronas.lt\/wp-content\/uploads\/2026\/03\/23500KV-MOTOR.png-300x113.webp 300w, https:\/\/1dronas.lt\/wp-content\/uploads\/2026\/03\/23500KV-MOTOR.png-768x288.webp 768w, https:\/\/1dronas.lt\/wp-content\/uploads\/2026\/03\/23500KV-MOTOR.png-18x7.webp 18w, https:\/\/1dronas.lt\/wp-content\/uploads\/2026\/03\/23500KV-MOTOR.png-510x191.webp 510w\" sizes=\"auto, (max-width: 698px) 100vw, 698px\" \/> <img loading=\"lazy\" decoding=\"async\" class=\"alignnone wp-image-17922\" src=\"https:\/\/1dronas.lt\/wp-content\/uploads\/2026\/03\/flywoo-19800kv-motor.png-1024x314.webp\" alt=\"\" width=\"657\" height=\"201\" srcset=\"https:\/\/1dronas.lt\/wp-content\/uploads\/2026\/03\/flywoo-19800kv-motor.png-1024x314.webp 1024w, https:\/\/1dronas.lt\/wp-content\/uploads\/2026\/03\/flywoo-19800kv-motor.png-300x92.webp 300w, https:\/\/1dronas.lt\/wp-content\/uploads\/2026\/03\/flywoo-19800kv-motor.png-768x235.webp 768w, https:\/\/1dronas.lt\/wp-content\/uploads\/2026\/03\/flywoo-19800kv-motor.png-18x6.webp 18w, https:\/\/1dronas.lt\/wp-content\/uploads\/2026\/03\/flywoo-19800kv-motor.png-510x156.webp 510w, https:\/\/1dronas.lt\/wp-content\/uploads\/2026\/03\/flywoo-19800kv-motor.png.webp 1055w\" sizes=\"auto, (max-width: 657px) 100vw, 657px\" \/><\/p>\n<p><strong>Package:<\/strong><\/p>\n<p>1x Flywoo ROBO 1002 19800KV \/ 23500KV FPV motor (optional)<br data-start=\"51\" data-end=\"54\" \/>1x M1.4 x 3 screw set.<\/p>","protected":false},"excerpt":{"rendered":"<p><span style=\"color: #000000;\">The FLYWOO ROBO 1002 motor features a new design with a double bearing system, which allows for better control of shaft movement, reduces noise and vibration, and increases stability and energy efficiency.<\/span><\/p>\n<p><span style=\"color: #000000;\"><strong><img loading=\"lazy\" decoding=\"async\" class=\"alignnone wp-image-1806\" src=\"https:\/\/1dronas.lt\/wp-content\/uploads\/2021\/05\/delivery-icon.png.webp\" alt=\"\" width=\"24\" height=\"24\" srcset=\"https:\/\/1dronas.lt\/wp-content\/uploads\/2021\/05\/delivery-icon.png 35w, https:\/\/1dronas.lt\/wp-content\/uploads\/2021\/05\/delivery-icon-12x12.png 12w\" sizes=\"auto, (max-width: 24px) 100vw, 24px\" \/>\u00a0\u00a01 \u2013 2 days<\/strong><\/span><\/p>","protected":false},"featured_media":17923,"comment_status":"open","ping_status":"closed","template":"","meta":[],"product_brand":[1152],"product_cat":[101],"product_tag":[1001,1247,1248,90,136,1246],"class_list":{"0":"post-17919","1":"product","2":"type-product","3":"status-publish","4":"has-post-thumbnail","6":"product_brand-flywoo","7":"product_cat-motorai","8":"product_tag-1001","9":"product_tag-19800kv","10":"product_tag-23500kv","11":"product_tag-flywoo","12":"product_tag-motorai","13":"product_tag-robo","15":"first","16":"instock","17":"taxable","18":"shipping-taxable","19":"purchasable","20":"product-type-variable","21":"has-default-attributes"},"yoast_head":"<!-- This site is optimized with the Yoast SEO plugin v27.6 - https:\/\/yoast.com\/product\/yoast-seo-wordpress\/ -->\n<title>Flywoo ROBO 1002 19800KV \/ 23500KV motorai - 1dronas.lt<\/title>\n<meta name=\"robots\" content=\"index, follow, max-snippet:-1, max-image-preview:large, max-video-preview:-1\" \/>\n<link rel=\"canonical\" href=\"https:\/\/1dronas.lt\/en\/produktas\/flywoo-robo-1002-19800kv-23500kv-motorai\/\" \/>\n<meta property=\"og:locale\" content=\"en_US\" \/>\n<meta property=\"og:type\" content=\"article\" \/>\n<meta property=\"og:title\" content=\"Flywoo ROBO 1002 19800KV \/ 23500KV motorai - 1dronas.lt\" \/>\n<meta property=\"og:description\" content=\"FLYWOO ROBO 1002 variklis pasi\u017eymi nauja konstrukcija su dvigub\u0173 guoli\u0173 sistema, kuri leid\u017eia geriau kontroliuoti veleno jud\u0117jim\u0105, ma\u017eina triuk\u0161m\u0105 ir vibracij\u0105, didina stabilum\u0105 bei energijos efektyvum\u0105.  \u00a0\u00a01 \u2013 2 d.d.\" \/>\n<meta property=\"og:url\" content=\"https:\/\/1dronas.lt\/en\/produktas\/flywoo-robo-1002-19800kv-23500kv-motorai\/\" \/>\n<meta property=\"og:site_name\" content=\"1dronas.lt\" \/>\n<meta property=\"article:publisher\" content=\"https:\/\/www.facebook.com\/1dronas\/\" \/>\n<meta property=\"article:modified_time\" content=\"2026-04-28T18:51:31+00:00\" \/>\n<meta property=\"og:image\" content=\"https:\/\/1dronas.lt\/wp-content\/uploads\/2026\/03\/flywoo-robo-1002-23500kv-motor_1512x.jpeg.webp\" \/>\n\t<meta property=\"og:image:width\" content=\"1512\" \/>\n\t<meta property=\"og:image:height\" content=\"1512\" \/>\n\t<meta property=\"og:image:type\" content=\"image\/webp\" \/>\n<meta name=\"twitter:card\" content=\"summary_large_image\" \/>\n<meta name=\"twitter:label1\" content=\"Est. reading time\" \/>\n\t<meta name=\"twitter:data1\" content=\"3 minutes\" \/>\n<script type=\"application\/ld+json\" class=\"yoast-schema-graph\">{\"@context\":\"https:\\\/\\\/schema.org\",\"@graph\":[{\"@type\":\"WebPage\",\"@id\":\"https:\\\/\\\/1dronas.lt\\\/en\\\/produktas\\\/flywoo-robo-1002-19800kv-23500kv-motorai\\\/\",\"url\":\"https:\\\/\\\/1dronas.lt\\\/en\\\/produktas\\\/flywoo-robo-1002-19800kv-23500kv-motorai\\\/\",\"name\":\"Flywoo ROBO 1002 19800KV \\\/ 23500KV motorai - 1dronas.lt\",\"isPartOf\":{\"@id\":\"https:\\\/\\\/1dronas.lt\\\/en\\\/#website\"},\"primaryImageOfPage\":{\"@id\":\"https:\\\/\\\/1dronas.lt\\\/en\\\/produktas\\\/flywoo-robo-1002-19800kv-23500kv-motorai\\\/#primaryimage\"},\"image\":{\"@id\":\"https:\\\/\\\/1dronas.lt\\\/en\\\/produktas\\\/flywoo-robo-1002-19800kv-23500kv-motorai\\\/#primaryimage\"},\"thumbnailUrl\":\"https:\\\/\\\/1dronas.lt\\\/wp-content\\\/uploads\\\/2026\\\/03\\\/flywoo-robo-1002-23500kv-motor_1512x.jpeg.webp\",\"datePublished\":\"2026-03-25T18:26:03+00:00\",\"dateModified\":\"2026-04-28T18:51:31+00:00\",\"breadcrumb\":{\"@id\":\"https:\\\/\\\/1dronas.lt\\\/en\\\/produktas\\\/flywoo-robo-1002-19800kv-23500kv-motorai\\\/#breadcrumb\"},\"inLanguage\":\"en-US\",\"potentialAction\":[{\"@type\":\"ReadAction\",\"target\":[\"https:\\\/\\\/1dronas.lt\\\/en\\\/produktas\\\/flywoo-robo-1002-19800kv-23500kv-motorai\\\/\"]}]},{\"@type\":\"ImageObject\",\"inLanguage\":\"en-US\",\"@id\":\"https:\\\/\\\/1dronas.lt\\\/en\\\/produktas\\\/flywoo-robo-1002-19800kv-23500kv-motorai\\\/#primaryimage\",\"url\":\"https:\\\/\\\/1dronas.lt\\\/wp-content\\\/uploads\\\/2026\\\/03\\\/flywoo-robo-1002-23500kv-motor_1512x.jpeg.webp\",\"contentUrl\":\"https:\\\/\\\/1dronas.lt\\\/wp-content\\\/uploads\\\/2026\\\/03\\\/flywoo-robo-1002-23500kv-motor_1512x.jpeg.webp\",\"width\":1512,\"height\":1512},{\"@type\":\"BreadcrumbList\",\"@id\":\"https:\\\/\\\/1dronas.lt\\\/en\\\/produktas\\\/flywoo-robo-1002-19800kv-23500kv-motorai\\\/#breadcrumb\",\"itemListElement\":[{\"@type\":\"ListItem\",\"position\":1,\"name\":\"Home\",\"item\":\"https:\\\/\\\/1dronas.lt\\\/\"},{\"@type\":\"ListItem\",\"position\":2,\"name\":\"Parduotuv\u0117\",\"item\":\"https:\\\/\\\/1dronas.lt\\\/parduotuve\\\/\"},{\"@type\":\"ListItem\",\"position\":3,\"name\":\"Flywoo ROBO 1002 19800KV \\\/ 23500KV motorai\"}]},{\"@type\":\"WebSite\",\"@id\":\"https:\\\/\\\/1dronas.lt\\\/en\\\/#website\",\"url\":\"https:\\\/\\\/1dronas.lt\\\/en\\\/\",\"name\":\"1dronas.lt\",\"description\":\"Internetin\u0117 parduotuv\u0117\",\"publisher\":{\"@id\":\"https:\\\/\\\/1dronas.lt\\\/en\\\/#organization\"},\"potentialAction\":[{\"@type\":\"SearchAction\",\"target\":{\"@type\":\"EntryPoint\",\"urlTemplate\":\"https:\\\/\\\/1dronas.lt\\\/en\\\/?s={search_term_string}\"},\"query-input\":{\"@type\":\"PropertyValueSpecification\",\"valueRequired\":true,\"valueName\":\"search_term_string\"}}],\"inLanguage\":\"en-US\"},{\"@type\":\"Organization\",\"@id\":\"https:\\\/\\\/1dronas.lt\\\/en\\\/#organization\",\"name\":\"1dronas.lt\",\"url\":\"https:\\\/\\\/1dronas.lt\\\/en\\\/\",\"logo\":{\"@type\":\"ImageObject\",\"inLanguage\":\"en-US\",\"@id\":\"https:\\\/\\\/1dronas.lt\\\/en\\\/#\\\/schema\\\/logo\\\/image\\\/\",\"url\":\"https:\\\/\\\/1dronas.lt\\\/wp-content\\\/uploads\\\/2020\\\/12\\\/Ekrano_kopija__2_-removebg-preview-1-1.png\",\"contentUrl\":\"https:\\\/\\\/1dronas.lt\\\/wp-content\\\/uploads\\\/2020\\\/12\\\/Ekrano_kopija__2_-removebg-preview-1-1.png\",\"width\":234,\"height\":81,\"caption\":\"1dronas.lt\"},\"image\":{\"@id\":\"https:\\\/\\\/1dronas.lt\\\/en\\\/#\\\/schema\\\/logo\\\/image\\\/\"},\"sameAs\":[\"https:\\\/\\\/www.facebook.com\\\/1dronas\\\/\"]}]}<\/script>\n<!-- \/ Yoast SEO plugin. -->","yoast_head_json":{"title":"Flywoo ROBO 1002 19800KV \/ 23500KV motorai - 1dronas.lt","robots":{"index":"index","follow":"follow","max-snippet":"max-snippet:-1","max-image-preview":"max-image-preview:large","max-video-preview":"max-video-preview:-1"},"canonical":"https:\/\/1dronas.lt\/en\/produktas\/flywoo-robo-1002-19800kv-23500kv-motorai\/","og_locale":"en_US","og_type":"article","og_title":"Flywoo ROBO 1002 19800KV \/ 23500KV motorai - 1dronas.lt","og_description":"FLYWOO ROBO 1002 variklis pasi\u017eymi nauja konstrukcija su dvigub\u0173 guoli\u0173 sistema, kuri leid\u017eia geriau kontroliuoti veleno jud\u0117jim\u0105, ma\u017eina triuk\u0161m\u0105 ir vibracij\u0105, didina stabilum\u0105 bei energijos efektyvum\u0105.  \u00a0\u00a01 \u2013 2 d.d.","og_url":"https:\/\/1dronas.lt\/en\/produktas\/flywoo-robo-1002-19800kv-23500kv-motorai\/","og_site_name":"1dronas.lt","article_publisher":"https:\/\/www.facebook.com\/1dronas\/","article_modified_time":"2026-04-28T18:51:31+00:00","og_image":[{"width":1512,"height":1512,"url":"https:\/\/1dronas.lt\/wp-content\/uploads\/2026\/03\/flywoo-robo-1002-23500kv-motor_1512x.jpeg.webp","type":"image\/webp"}],"twitter_card":"summary_large_image","twitter_misc":{"Est. reading time":"3 minutes"},"schema":{"@context":"https:\/\/schema.org","@graph":[{"@type":"WebPage","@id":"https:\/\/1dronas.lt\/en\/produktas\/flywoo-robo-1002-19800kv-23500kv-motorai\/","url":"https:\/\/1dronas.lt\/en\/produktas\/flywoo-robo-1002-19800kv-23500kv-motorai\/","name":"Flywoo ROBO 1002 19800KV \/ 23500KV motorai - 1dronas.lt","isPartOf":{"@id":"https:\/\/1dronas.lt\/en\/#website"},"primaryImageOfPage":{"@id":"https:\/\/1dronas.lt\/en\/produktas\/flywoo-robo-1002-19800kv-23500kv-motorai\/#primaryimage"},"image":{"@id":"https:\/\/1dronas.lt\/en\/produktas\/flywoo-robo-1002-19800kv-23500kv-motorai\/#primaryimage"},"thumbnailUrl":"https:\/\/1dronas.lt\/wp-content\/uploads\/2026\/03\/flywoo-robo-1002-23500kv-motor_1512x.jpeg.webp","datePublished":"2026-03-25T18:26:03+00:00","dateModified":"2026-04-28T18:51:31+00:00","breadcrumb":{"@id":"https:\/\/1dronas.lt\/en\/produktas\/flywoo-robo-1002-19800kv-23500kv-motorai\/#breadcrumb"},"inLanguage":"en-US","potentialAction":[{"@type":"ReadAction","target":["https:\/\/1dronas.lt\/en\/produktas\/flywoo-robo-1002-19800kv-23500kv-motorai\/"]}]},{"@type":"ImageObject","inLanguage":"en-US","@id":"https:\/\/1dronas.lt\/en\/produktas\/flywoo-robo-1002-19800kv-23500kv-motorai\/#primaryimage","url":"https:\/\/1dronas.lt\/wp-content\/uploads\/2026\/03\/flywoo-robo-1002-23500kv-motor_1512x.jpeg.webp","contentUrl":"https:\/\/1dronas.lt\/wp-content\/uploads\/2026\/03\/flywoo-robo-1002-23500kv-motor_1512x.jpeg.webp","width":1512,"height":1512},{"@type":"BreadcrumbList","@id":"https:\/\/1dronas.lt\/en\/produktas\/flywoo-robo-1002-19800kv-23500kv-motorai\/#breadcrumb","itemListElement":[{"@type":"ListItem","position":1,"name":"Home","item":"https:\/\/1dronas.lt\/"},{"@type":"ListItem","position":2,"name":"Parduotuv\u0117","item":"https:\/\/1dronas.lt\/parduotuve\/"},{"@type":"ListItem","position":3,"name":"Flywoo ROBO 1002 19800KV \/ 23500KV motorai"}]},{"@type":"WebSite","@id":"https:\/\/1dronas.lt\/en\/#website","url":"https:\/\/1dronas.lt\/en\/","name":"1dronas.lt","description":"Online store","publisher":{"@id":"https:\/\/1dronas.lt\/en\/#organization"},"potentialAction":[{"@type":"SearchAction","target":{"@type":"EntryPoint","urlTemplate":"https:\/\/1dronas.lt\/en\/?s={search_term_string}"},"query-input":{"@type":"PropertyValueSpecification","valueRequired":true,"valueName":"search_term_string"}}],"inLanguage":"en-US"},{"@type":"Organization","@id":"https:\/\/1dronas.lt\/en\/#organization","name":"1dronas.lt","url":"https:\/\/1dronas.lt\/en\/","logo":{"@type":"ImageObject","inLanguage":"en-US","@id":"https:\/\/1dronas.lt\/en\/#\/schema\/logo\/image\/","url":"https:\/\/1dronas.lt\/wp-content\/uploads\/2020\/12\/Ekrano_kopija__2_-removebg-preview-1-1.png","contentUrl":"https:\/\/1dronas.lt\/wp-content\/uploads\/2020\/12\/Ekrano_kopija__2_-removebg-preview-1-1.png","width":234,"height":81,"caption":"1dronas.lt"},"image":{"@id":"https:\/\/1dronas.lt\/en\/#\/schema\/logo\/image\/"},"sameAs":["https:\/\/www.facebook.com\/1dronas\/"]}]}},"jetpack_sharing_enabled":true,"_links":{"self":[{"href":"https:\/\/1dronas.lt\/en\/wp-json\/wp\/v2\/product\/17919","targetHints":{"allow":["GET"]}}],"collection":[{"href":"https:\/\/1dronas.lt\/en\/wp-json\/wp\/v2\/product"}],"about":[{"href":"https:\/\/1dronas.lt\/en\/wp-json\/wp\/v2\/types\/product"}],"replies":[{"embeddable":true,"href":"https:\/\/1dronas.lt\/en\/wp-json\/wp\/v2\/comments?post=17919"}],"wp:featuredmedia":[{"embeddable":true,"href":"https:\/\/1dronas.lt\/en\/wp-json\/wp\/v2\/media\/17923"}],"wp:attachment":[{"href":"https:\/\/1dronas.lt\/en\/wp-json\/wp\/v2\/media?parent=17919"}],"wp:term":[{"taxonomy":"product_brand","embeddable":true,"href":"https:\/\/1dronas.lt\/en\/wp-json\/wp\/v2\/product_brand?post=17919"},{"taxonomy":"product_cat","embeddable":true,"href":"https:\/\/1dronas.lt\/en\/wp-json\/wp\/v2\/product_cat?post=17919"},{"taxonomy":"product_tag","embeddable":true,"href":"https:\/\/1dronas.lt\/en\/wp-json\/wp\/v2\/product_tag?post=17919"}],"curies":[{"name":"wp","href":"https:\/\/api.w.org\/{rel}","templated":true}]}}