{"id":17887,"date":"2026-03-24T23:03:07","date_gmt":"2026-03-24T21:03:07","guid":{"rendered":"https:\/\/1dronas.lt\/?post_type=product&#038;p=17887"},"modified":"2026-05-11T22:02:13","modified_gmt":"2026-05-11T19:02:13","slug":"flywoo-o4-wide-air-unit-pro-155-fov","status":"publish","type":"product","link":"https:\/\/1dronas.lt\/en\/produktas\/flywoo-o4-wide-air-unit-pro-155-fov\/","title":{"rendered":"Flywoo O4 Wide Air Unit Pro 155\u00b0 FOV"},"content":{"rendered":"<p><img loading=\"lazy\" decoding=\"async\" class=\"alignnone wp-image-17892 size-full\" src=\"https:\/\/1dronas.lt\/wp-content\/uploads\/2026\/03\/1-EN-4.jpeg.webp\" alt=\"\" width=\"1600\" height=\"1781\" srcset=\"https:\/\/1dronas.lt\/wp-content\/uploads\/2026\/03\/1-EN-4.jpeg.webp 1600w, https:\/\/1dronas.lt\/wp-content\/uploads\/2026\/03\/1-EN-4.jpeg-270x300.webp 270w, https:\/\/1dronas.lt\/wp-content\/uploads\/2026\/03\/1-EN-4.jpeg-920x1024.webp 920w, https:\/\/1dronas.lt\/wp-content\/uploads\/2026\/03\/1-EN-4.jpeg-768x855.webp 768w, https:\/\/1dronas.lt\/wp-content\/uploads\/2026\/03\/1-EN-4.jpeg-1380x1536.webp 1380w, https:\/\/1dronas.lt\/wp-content\/uploads\/2026\/03\/1-EN-4.jpeg-11x12.webp 11w, https:\/\/1dronas.lt\/wp-content\/uploads\/2026\/03\/1-EN-4.jpeg-510x568.webp 510w\" sizes=\"auto, (max-width: 1600px) 100vw, 1600px\" \/><\/p>\n<p>Lightweight construction, full coverage cooling protection.<\/p>\n<p><strong>Features:<\/strong><\/p>\n<p><span style=\"font-size: 14.4px;\">\u2022 <\/span>Wide 155\u00b0 viewing angle for a wider view;<br data-start=\"139\" data-end=\"142\" \/><span style=\"font-size: 14.4px;\">\u2022 <\/span>Better visibility during flight due to wider FOV;<br data-start=\"192\" data-end=\"195\" \/><span style=\"font-size: 14.4px;\">\u2022 <\/span>Clear and stable image;<br data-start=\"243\" data-end=\"246\" \/><span style=\"font-size: 14.4px;\">\u2022 <\/span>Preset focus;<br data-start=\"277\" data-end=\"280\" \/><span style=\"font-size: 14.4px;\">\u2022 <\/span>Easy installation (plug-and-play);<br data-start=\"316\" data-end=\"319\" \/><span style=\"font-size: 14.4px;\">\u2022 <\/span>Lightweight and compact design;<br data-start=\"353\" data-end=\"356\" \/><span style=\"font-size: 14.4px;\">\u2022 <\/span>Durable ABS housing;<br data-start=\"377\" data-end=\"380\" \/><span style=\"font-size: 14.4px;\">\u2022 <\/span>Compatible with various FPV drones;<br data-start=\"416\" data-end=\"419\" \/><span style=\"font-size: 14.4px;\">\u2022 <\/span>Supports image stabilization (Gyroflow).<\/p>\n<p><strong>Specification:<\/strong><\/p>\n<p><span style=\"font-size: 14.4px;\">\u2022 <\/span>Product: Flywoo O4 Wide Air Unit Pro;<br data-start=\"42\" data-end=\"45\" \/><span style=\"font-size: 14.4px;\">\u2022 <\/span>VTX: O4 Air Unit;<br data-start=\"65\" data-end=\"68\" \/><span style=\"font-size: 14.4px;\">\u2022 <\/span>Weight: 21.5 g;<br data-start=\"86\" data-end=\"89\" \/><span style=\"font-size: 14.4px;\">\u2022 <\/span>Field of view (FOV): 155\u00b0;<br data-start=\"118\" data-end=\"121\" \/><span style=\"font-size: 14.4px;\">\u2022 <\/span>Material: ABS plastic;<br data-start=\"148\" data-end=\"151\" \/><span style=\"font-size: 14.4px;\">\u2022 <\/span>Vignetting: none;<br data-start=\"173\" data-end=\"176\" \/><span style=\"font-size: 14.4px;\">\u2022 <\/span>Camera mounting holes: 18 mm \/ 20 mm (O3, O4 PRO);<br data-start=\"233\" data-end=\"236\" \/><span style=\"font-size: 14.4px;\">\u2022 <\/span>VTX mounting holes: 20 x 20 mm \/ 25.5 x 25.5 mm;<br data-start=\"286\" data-end=\"289\" \/><span style=\"font-size: 14.4px;\">\u2022 <\/span>Antenna connector: UFL.<\/p>\n<p data-start=\"0\" data-end=\"297\"><strong>Measurements:<\/strong><\/p>\n<p data-start=\"0\" data-end=\"297\"><img loading=\"lazy\" decoding=\"async\" class=\"alignnone wp-image-17854 size-large\" src=\"https:\/\/1dronas.lt\/wp-content\/uploads\/2026\/03\/2026-03-22-at-23.15.15-1024x425.png\" alt=\"\" width=\"1020\" height=\"423\" srcset=\"https:\/\/1dronas.lt\/wp-content\/uploads\/2026\/03\/2026-03-22-at-23.15.15-1024x425.png 1024w, https:\/\/1dronas.lt\/wp-content\/uploads\/2026\/03\/2026-03-22-at-23.15.15-300x125.png 300w, https:\/\/1dronas.lt\/wp-content\/uploads\/2026\/03\/2026-03-22-at-23.15.15-768x319.png 768w, https:\/\/1dronas.lt\/wp-content\/uploads\/2026\/03\/2026-03-22-at-23.15.15-1536x638.png 1536w, https:\/\/1dronas.lt\/wp-content\/uploads\/2026\/03\/2026-03-22-at-23.15.15-2048x851.png 2048w, https:\/\/1dronas.lt\/wp-content\/uploads\/2026\/03\/2026-03-22-at-23.15.15-18x7.png 18w, https:\/\/1dronas.lt\/wp-content\/uploads\/2026\/03\/2026-03-22-at-23.15.15-510x212.png 510w\" sizes=\"auto, (max-width: 1020px) 100vw, 1020px\" \/><\/p>\n<p data-start=\"0\" data-end=\"67\"><span style=\"font-size: 14.4px;\">\u2022 <\/span>14 mm: same as the mounting hole arrangement of the DJI O4 body;<br \/>\n<span style=\"font-size: 14.4px;\">\u2022 <\/span>18 mm: for Explorer LR 4 O4 and Firefly 1S O4, if your frame is 19 mm, a spacer can be used;<br \/>\n<span style=\"font-size: 14.4px;\">\u2022 <\/span>20 mm: for O3 and O4 PRO framesets.<\/p>\n<p><img loading=\"lazy\" decoding=\"async\" class=\"alignnone wp-image-17893 size-full\" src=\"https:\/\/1dronas.lt\/wp-content\/uploads\/2026\/03\/O4-WIDE-PRO-EN.jpg.webp\" alt=\"\" width=\"1599\" height=\"928\" srcset=\"https:\/\/1dronas.lt\/wp-content\/uploads\/2026\/03\/O4-WIDE-PRO-EN.jpg.webp 1599w, https:\/\/1dronas.lt\/wp-content\/uploads\/2026\/03\/O4-WIDE-PRO-EN.jpg-300x174.webp 300w, https:\/\/1dronas.lt\/wp-content\/uploads\/2026\/03\/O4-WIDE-PRO-EN.jpg-1024x594.webp 1024w, https:\/\/1dronas.lt\/wp-content\/uploads\/2026\/03\/O4-WIDE-PRO-EN.jpg-768x446.webp 768w, https:\/\/1dronas.lt\/wp-content\/uploads\/2026\/03\/O4-WIDE-PRO-EN.jpg-1536x891.webp 1536w, https:\/\/1dronas.lt\/wp-content\/uploads\/2026\/03\/O4-WIDE-PRO-EN.jpg-18x10.webp 18w, https:\/\/1dronas.lt\/wp-content\/uploads\/2026\/03\/O4-WIDE-PRO-EN.jpg-510x296.webp 510w\" sizes=\"auto, (max-width: 1599px) 100vw, 1599px\" \/><\/p>\n<p>Dual mounting holes (25.5 mm and 20 mm) provide wide compatibility with different platforms, and the reinforced IPX coaxial cable holder ensures reliable fixation and stability of the O4 connectors during use.<\/p>\n<p data-start=\"0\" data-end=\"297\"><img loading=\"lazy\" decoding=\"async\" class=\"alignnone wp-image-17842 size-full\" src=\"https:\/\/1dronas.lt\/wp-content\/uploads\/2026\/03\/2-130.jpg.webp\" alt=\"\" width=\"1600\" height=\"2000\" srcset=\"https:\/\/1dronas.lt\/wp-content\/uploads\/2026\/03\/2-130.jpg.webp 1600w, https:\/\/1dronas.lt\/wp-content\/uploads\/2026\/03\/2-130.jpg-240x300.webp 240w, https:\/\/1dronas.lt\/wp-content\/uploads\/2026\/03\/2-130.jpg-819x1024.webp 819w, https:\/\/1dronas.lt\/wp-content\/uploads\/2026\/03\/2-130.jpg-768x960.webp 768w, https:\/\/1dronas.lt\/wp-content\/uploads\/2026\/03\/2-130.jpg-1229x1536.webp 1229w, https:\/\/1dronas.lt\/wp-content\/uploads\/2026\/03\/2-130.jpg-10x12.webp 10w, https:\/\/1dronas.lt\/wp-content\/uploads\/2026\/03\/2-130.jpg-510x638.webp 510w\" sizes=\"auto, (max-width: 1600px) 100vw, 1600px\" \/><\/p>\n<p data-start=\"0\" data-end=\"297\">The O4 Wide features a next-generation lens that provides a 155\u00b0 ultra-wide viewing angle, allowing you to see more without losing image clarity, even at the edges of the frame. This is a clear improvement over the narrower view of the O4 Lite. The image remains evenly bright across the entire frame, with no corner darkening, and quality is maintained in both 4:3 and 16:9 formats, even without stabilization.<\/p>\n<p data-start=\"0\" data-end=\"297\"><img loading=\"lazy\" decoding=\"async\" class=\"alignnone wp-image-17844 size-full\" src=\"https:\/\/1dronas.lt\/wp-content\/uploads\/2026\/03\/9-20.jpg-e1774215624523.webp\" alt=\"\" width=\"1600\" height=\"1568\" srcset=\"https:\/\/1dronas.lt\/wp-content\/uploads\/2026\/03\/9-20.jpg-e1774215624523.webp 1600w, https:\/\/1dronas.lt\/wp-content\/uploads\/2026\/03\/9-20.jpg-e1774215624523-300x294.webp 300w, https:\/\/1dronas.lt\/wp-content\/uploads\/2026\/03\/9-20.jpg-e1774215624523-1024x1004.webp 1024w, https:\/\/1dronas.lt\/wp-content\/uploads\/2026\/03\/9-20.jpg-e1774215624523-768x753.webp 768w, https:\/\/1dronas.lt\/wp-content\/uploads\/2026\/03\/9-20.jpg-e1774215624523-1536x1505.webp 1536w, https:\/\/1dronas.lt\/wp-content\/uploads\/2026\/03\/9-20.jpg-e1774215624523-12x12.webp 12w, https:\/\/1dronas.lt\/wp-content\/uploads\/2026\/03\/9-20.jpg-e1774215624523-510x500.webp 510w\" sizes=\"auto, (max-width: 1600px) 100vw, 1600px\" \/><\/p>\n<p data-start=\"0\" data-end=\"297\">The O4 Wide 18mm to 20mm adapter is designed to eliminate the need to disassemble the coaxial cable \u2013 it features a pre-designed connector, allowing for no-disassembly installation. The design encapsulates and protects the sensitive coaxial PCB, reducing the risk of damage.<\/p>\n<p data-start=\"0\" data-end=\"297\"><img loading=\"lazy\" decoding=\"async\" class=\"alignnone wp-image-17850 size-full\" src=\"https:\/\/1dronas.lt\/wp-content\/uploads\/2026\/03\/3-112.jpg.webp\" alt=\"\" width=\"1600\" height=\"1842\" srcset=\"https:\/\/1dronas.lt\/wp-content\/uploads\/2026\/03\/3-112.jpg.webp 1600w, https:\/\/1dronas.lt\/wp-content\/uploads\/2026\/03\/3-112.jpg-261x300.webp 261w, https:\/\/1dronas.lt\/wp-content\/uploads\/2026\/03\/3-112.jpg-889x1024.webp 889w, https:\/\/1dronas.lt\/wp-content\/uploads\/2026\/03\/3-112.jpg-768x884.webp 768w, https:\/\/1dronas.lt\/wp-content\/uploads\/2026\/03\/3-112.jpg-1334x1536.webp 1334w, https:\/\/1dronas.lt\/wp-content\/uploads\/2026\/03\/3-112.jpg-10x12.webp 10w, https:\/\/1dronas.lt\/wp-content\/uploads\/2026\/03\/3-112.jpg-510x587.webp 510w\" sizes=\"auto, (max-width: 1600px) 100vw, 1600px\" \/><\/p>\n<p data-start=\"0\" data-end=\"297\">FLYWOO has developed two adapters for the O4 Wide lens, which increase compatibility with different frames while reducing the jello effect due to better weight balance. This allows for a more stable FPV image during flight. Two versions are available: O3 \/ O4 PRO, and an 18mm version suitable for lighter drones.<\/p>\n<p data-start=\"0\" data-end=\"297\"><img loading=\"lazy\" decoding=\"async\" class=\"alignnone wp-image-17849 size-full\" src=\"https:\/\/1dronas.lt\/wp-content\/uploads\/2026\/03\/5-85.jpg-e1774215982705.webp\" alt=\"\" width=\"1600\" height=\"1677\" srcset=\"https:\/\/1dronas.lt\/wp-content\/uploads\/2026\/03\/5-85.jpg-e1774215982705.webp 1600w, https:\/\/1dronas.lt\/wp-content\/uploads\/2026\/03\/5-85.jpg-e1774215982705-286x300.webp 286w, https:\/\/1dronas.lt\/wp-content\/uploads\/2026\/03\/5-85.jpg-e1774215982705-977x1024.webp 977w, https:\/\/1dronas.lt\/wp-content\/uploads\/2026\/03\/5-85.jpg-e1774215982705-768x805.webp 768w, https:\/\/1dronas.lt\/wp-content\/uploads\/2026\/03\/5-85.jpg-e1774215982705-1465x1536.webp 1465w, https:\/\/1dronas.lt\/wp-content\/uploads\/2026\/03\/5-85.jpg-e1774215982705-11x12.webp 11w, https:\/\/1dronas.lt\/wp-content\/uploads\/2026\/03\/5-85.jpg-e1774215982705-510x535.webp 510w\" sizes=\"auto, (max-width: 1600px) 100vw, 1600px\" \/><\/p>\n<p data-start=\"0\" data-end=\"297\">Ultra-lightweight at just 0.4g, the O4 Wide filter combines low weight with durability. Made from AGC optical glass, it is resistant to scratches, fingerprints and grease, ensuring clear, high-quality images in a variety of conditions.<\/p>\n<p data-start=\"0\" data-end=\"297\"><strong>Package:<\/strong><\/p>\n<p data-start=\"0\" data-end=\"297\">1x O4 Wide Air Unit Pro;<br data-start=\"24\" data-end=\"27\" \/>1x UV filter;<br data-start=\"41\" data-end=\"44\" \/>1x 18mm camera adapter;<br data-start=\"71\" data-end=\"74\" \/>1x 20mm camera adapter;<br data-start=\"101\" data-end=\"104\" \/>1x 50 mm coaxial cable;<br data-start=\"134\" data-end=\"137\" \/>1x 150 mm coaxial cable;<br data-start=\"168\" data-end=\"171\" \/>5x M2\u00d73 round head screws;<br data-start=\"206\" data-end=\"209\" \/>5x M1.4\u00d73 cross screws;<br data-start=\"238\" data-end=\"241\" \/>4x M2\u00d77 screws;<br data-start=\"257\" data-end=\"260\" \/>1x 3 in 1 cable;<br data-start=\"281\" data-end=\"284\" \/>1x 5.8 GHz UFL antenna.<\/p>","protected":false},"excerpt":{"rendered":"<p><span style=\"color: #333333;\">Flywoo O4 Wide Air Unit Pro: The ultimate upgrade to the O4 Lite Air Unit! Solves the problem of the O4 Lite&#039;s narrow field of view and provides a 155\u00b0 view.<\/span><\/p>\n<p><span style=\"color: #333333;\"><strong><img loading=\"lazy\" decoding=\"async\" class=\"alignnone wp-image-1806\" src=\"https:\/\/1dronas.lt\/wp-content\/uploads\/2021\/05\/delivery-icon.png\" alt=\"\" width=\"24\" height=\"24\" srcset=\"https:\/\/1dronas.lt\/wp-content\/uploads\/2021\/05\/delivery-icon.png 35w, https:\/\/1dronas.lt\/wp-content\/uploads\/2021\/05\/delivery-icon-12x12.png 12w\" sizes=\"auto, (max-width: 24px) 100vw, 24px\" \/>\u00a0\u00a0\u00a0<span style=\"font-size: 90%;\">1 \u2013 2 days<\/span><\/strong><\/span><\/p>","protected":false},"featured_media":17891,"comment_status":"open","ping_status":"closed","template":"","meta":[],"product_brand":[1152],"product_cat":[218],"product_tag":[549,90,1243],"class_list":{"0":"post-17887","1":"product","2":"type-product","3":"status-publish","4":"has-post-thumbnail","6":"product_brand-flywoo","7":"product_cat-vaizdo-siustuvai-vtx","8":"product_tag-dji-o4","9":"product_tag-flywoo","10":"product_tag-flywoo-o4-wide-air-unit-pro","12":"first","13":"instock","14":"taxable","15":"shipping-taxable","16":"purchasable","17":"product-type-simple"},"yoast_head":"<!-- This site is optimized with the Yoast SEO plugin v27.6 - https:\/\/yoast.com\/product\/yoast-seo-wordpress\/ -->\n<title>Flywoo O4 Wide Air Unit Pro 155\u00b0 FOV - 1dronas.lt<\/title>\n<meta name=\"robots\" content=\"index, follow, max-snippet:-1, max-image-preview:large, max-video-preview:-1\" \/>\n<link rel=\"canonical\" href=\"https:\/\/1dronas.lt\/en\/produktas\/flywoo-o4-wide-air-unit-pro-155-fov\/\" \/>\n<meta property=\"og:locale\" content=\"en_US\" \/>\n<meta property=\"og:type\" content=\"article\" \/>\n<meta property=\"og:title\" content=\"Flywoo O4 Wide Air Unit Pro 155\u00b0 FOV - 1dronas.lt\" \/>\n<meta property=\"og:description\" content=\"Flywoo O4 Wide Air Unit Pro: auk\u0161\u010diausio lygio O4 Lite Air Unit patobulinimas! I\u0161sprend\u017eia siauro O4 Lite matymo lauko problem\u0105 ir suteikia 155\u00b0 vaizd\u0105.  \u00a0\u00a0\u00a01 \u2013 2 d. d.\" \/>\n<meta property=\"og:url\" content=\"https:\/\/1dronas.lt\/en\/produktas\/flywoo-o4-wide-air-unit-pro-155-fov\/\" \/>\n<meta property=\"og:site_name\" content=\"1dronas.lt\" \/>\n<meta property=\"article:publisher\" content=\"https:\/\/www.facebook.com\/1dronas\/\" \/>\n<meta property=\"article:modified_time\" content=\"2026-05-11T19:02:13+00:00\" \/>\n<meta property=\"og:image\" content=\"https:\/\/1dronas.lt\/wp-content\/uploads\/2026\/03\/3-114_1800x.jpg.webp\" \/>\n\t<meta property=\"og:image:width\" content=\"1800\" \/>\n\t<meta property=\"og:image:height\" content=\"1800\" \/>\n\t<meta property=\"og:image:type\" content=\"image\/webp\" \/>\n<meta name=\"twitter:card\" content=\"summary_large_image\" \/>\n<meta name=\"twitter:label1\" content=\"Est. reading time\" \/>\n\t<meta name=\"twitter:data1\" content=\"4 minutes\" \/>\n<script type=\"application\/ld+json\" class=\"yoast-schema-graph\">{\"@context\":\"https:\\\/\\\/schema.org\",\"@graph\":[{\"@type\":\"WebPage\",\"@id\":\"https:\\\/\\\/1dronas.lt\\\/en\\\/produktas\\\/flywoo-o4-wide-air-unit-pro-155-fov\\\/\",\"url\":\"https:\\\/\\\/1dronas.lt\\\/en\\\/produktas\\\/flywoo-o4-wide-air-unit-pro-155-fov\\\/\",\"name\":\"Flywoo O4 Wide Air Unit Pro 155\u00b0 FOV - 1dronas.lt\",\"isPartOf\":{\"@id\":\"https:\\\/\\\/1dronas.lt\\\/en\\\/#website\"},\"primaryImageOfPage\":{\"@id\":\"https:\\\/\\\/1dronas.lt\\\/en\\\/produktas\\\/flywoo-o4-wide-air-unit-pro-155-fov\\\/#primaryimage\"},\"image\":{\"@id\":\"https:\\\/\\\/1dronas.lt\\\/en\\\/produktas\\\/flywoo-o4-wide-air-unit-pro-155-fov\\\/#primaryimage\"},\"thumbnailUrl\":\"https:\\\/\\\/1dronas.lt\\\/wp-content\\\/uploads\\\/2026\\\/03\\\/3-114_1800x.jpg.webp\",\"datePublished\":\"2026-03-24T21:03:07+00:00\",\"dateModified\":\"2026-05-11T19:02:13+00:00\",\"breadcrumb\":{\"@id\":\"https:\\\/\\\/1dronas.lt\\\/en\\\/produktas\\\/flywoo-o4-wide-air-unit-pro-155-fov\\\/#breadcrumb\"},\"inLanguage\":\"en-US\",\"potentialAction\":[{\"@type\":\"ReadAction\",\"target\":[\"https:\\\/\\\/1dronas.lt\\\/en\\\/produktas\\\/flywoo-o4-wide-air-unit-pro-155-fov\\\/\"]}]},{\"@type\":\"ImageObject\",\"inLanguage\":\"en-US\",\"@id\":\"https:\\\/\\\/1dronas.lt\\\/en\\\/produktas\\\/flywoo-o4-wide-air-unit-pro-155-fov\\\/#primaryimage\",\"url\":\"https:\\\/\\\/1dronas.lt\\\/wp-content\\\/uploads\\\/2026\\\/03\\\/3-114_1800x.jpg.webp\",\"contentUrl\":\"https:\\\/\\\/1dronas.lt\\\/wp-content\\\/uploads\\\/2026\\\/03\\\/3-114_1800x.jpg.webp\",\"width\":1800,\"height\":1800},{\"@type\":\"BreadcrumbList\",\"@id\":\"https:\\\/\\\/1dronas.lt\\\/en\\\/produktas\\\/flywoo-o4-wide-air-unit-pro-155-fov\\\/#breadcrumb\",\"itemListElement\":[{\"@type\":\"ListItem\",\"position\":1,\"name\":\"Home\",\"item\":\"https:\\\/\\\/1dronas.lt\\\/\"},{\"@type\":\"ListItem\",\"position\":2,\"name\":\"Parduotuv\u0117\",\"item\":\"https:\\\/\\\/1dronas.lt\\\/parduotuve\\\/\"},{\"@type\":\"ListItem\",\"position\":3,\"name\":\"Flywoo O4 Wide Air Unit Pro 155\u00b0 FOV\"}]},{\"@type\":\"WebSite\",\"@id\":\"https:\\\/\\\/1dronas.lt\\\/en\\\/#website\",\"url\":\"https:\\\/\\\/1dronas.lt\\\/en\\\/\",\"name\":\"1dronas.lt\",\"description\":\"Internetin\u0117 parduotuv\u0117\",\"publisher\":{\"@id\":\"https:\\\/\\\/1dronas.lt\\\/en\\\/#organization\"},\"potentialAction\":[{\"@type\":\"SearchAction\",\"target\":{\"@type\":\"EntryPoint\",\"urlTemplate\":\"https:\\\/\\\/1dronas.lt\\\/en\\\/?s={search_term_string}\"},\"query-input\":{\"@type\":\"PropertyValueSpecification\",\"valueRequired\":true,\"valueName\":\"search_term_string\"}}],\"inLanguage\":\"en-US\"},{\"@type\":\"Organization\",\"@id\":\"https:\\\/\\\/1dronas.lt\\\/en\\\/#organization\",\"name\":\"1dronas.lt\",\"url\":\"https:\\\/\\\/1dronas.lt\\\/en\\\/\",\"logo\":{\"@type\":\"ImageObject\",\"inLanguage\":\"en-US\",\"@id\":\"https:\\\/\\\/1dronas.lt\\\/en\\\/#\\\/schema\\\/logo\\\/image\\\/\",\"url\":\"https:\\\/\\\/1dronas.lt\\\/wp-content\\\/uploads\\\/2020\\\/12\\\/Ekrano_kopija__2_-removebg-preview-1-1.png\",\"contentUrl\":\"https:\\\/\\\/1dronas.lt\\\/wp-content\\\/uploads\\\/2020\\\/12\\\/Ekrano_kopija__2_-removebg-preview-1-1.png\",\"width\":234,\"height\":81,\"caption\":\"1dronas.lt\"},\"image\":{\"@id\":\"https:\\\/\\\/1dronas.lt\\\/en\\\/#\\\/schema\\\/logo\\\/image\\\/\"},\"sameAs\":[\"https:\\\/\\\/www.facebook.com\\\/1dronas\\\/\"]}]}<\/script>\n<!-- \/ Yoast SEO plugin. -->","yoast_head_json":{"title":"Flywoo O4 Wide Air Unit Pro 155\u00b0 FOV - 1dronas.lt","robots":{"index":"index","follow":"follow","max-snippet":"max-snippet:-1","max-image-preview":"max-image-preview:large","max-video-preview":"max-video-preview:-1"},"canonical":"https:\/\/1dronas.lt\/en\/produktas\/flywoo-o4-wide-air-unit-pro-155-fov\/","og_locale":"en_US","og_type":"article","og_title":"Flywoo O4 Wide Air Unit Pro 155\u00b0 FOV - 1dronas.lt","og_description":"Flywoo O4 Wide Air Unit Pro: auk\u0161\u010diausio lygio O4 Lite Air Unit patobulinimas! I\u0161sprend\u017eia siauro O4 Lite matymo lauko problem\u0105 ir suteikia 155\u00b0 vaizd\u0105.  \u00a0\u00a0\u00a01 \u2013 2 d. d.","og_url":"https:\/\/1dronas.lt\/en\/produktas\/flywoo-o4-wide-air-unit-pro-155-fov\/","og_site_name":"1dronas.lt","article_publisher":"https:\/\/www.facebook.com\/1dronas\/","article_modified_time":"2026-05-11T19:02:13+00:00","og_image":[{"width":1800,"height":1800,"url":"https:\/\/1dronas.lt\/wp-content\/uploads\/2026\/03\/3-114_1800x.jpg.webp","type":"image\/webp"}],"twitter_card":"summary_large_image","twitter_misc":{"Est. reading time":"4 minutes"},"schema":{"@context":"https:\/\/schema.org","@graph":[{"@type":"WebPage","@id":"https:\/\/1dronas.lt\/en\/produktas\/flywoo-o4-wide-air-unit-pro-155-fov\/","url":"https:\/\/1dronas.lt\/en\/produktas\/flywoo-o4-wide-air-unit-pro-155-fov\/","name":"Flywoo O4 Wide Air Unit Pro 155\u00b0 FOV - 1dronas.lt","isPartOf":{"@id":"https:\/\/1dronas.lt\/en\/#website"},"primaryImageOfPage":{"@id":"https:\/\/1dronas.lt\/en\/produktas\/flywoo-o4-wide-air-unit-pro-155-fov\/#primaryimage"},"image":{"@id":"https:\/\/1dronas.lt\/en\/produktas\/flywoo-o4-wide-air-unit-pro-155-fov\/#primaryimage"},"thumbnailUrl":"https:\/\/1dronas.lt\/wp-content\/uploads\/2026\/03\/3-114_1800x.jpg.webp","datePublished":"2026-03-24T21:03:07+00:00","dateModified":"2026-05-11T19:02:13+00:00","breadcrumb":{"@id":"https:\/\/1dronas.lt\/en\/produktas\/flywoo-o4-wide-air-unit-pro-155-fov\/#breadcrumb"},"inLanguage":"en-US","potentialAction":[{"@type":"ReadAction","target":["https:\/\/1dronas.lt\/en\/produktas\/flywoo-o4-wide-air-unit-pro-155-fov\/"]}]},{"@type":"ImageObject","inLanguage":"en-US","@id":"https:\/\/1dronas.lt\/en\/produktas\/flywoo-o4-wide-air-unit-pro-155-fov\/#primaryimage","url":"https:\/\/1dronas.lt\/wp-content\/uploads\/2026\/03\/3-114_1800x.jpg.webp","contentUrl":"https:\/\/1dronas.lt\/wp-content\/uploads\/2026\/03\/3-114_1800x.jpg.webp","width":1800,"height":1800},{"@type":"BreadcrumbList","@id":"https:\/\/1dronas.lt\/en\/produktas\/flywoo-o4-wide-air-unit-pro-155-fov\/#breadcrumb","itemListElement":[{"@type":"ListItem","position":1,"name":"Home","item":"https:\/\/1dronas.lt\/"},{"@type":"ListItem","position":2,"name":"Parduotuv\u0117","item":"https:\/\/1dronas.lt\/parduotuve\/"},{"@type":"ListItem","position":3,"name":"Flywoo O4 Wide Air Unit Pro 155\u00b0 FOV"}]},{"@type":"WebSite","@id":"https:\/\/1dronas.lt\/en\/#website","url":"https:\/\/1dronas.lt\/en\/","name":"1dronas.lt","description":"Online store","publisher":{"@id":"https:\/\/1dronas.lt\/en\/#organization"},"potentialAction":[{"@type":"SearchAction","target":{"@type":"EntryPoint","urlTemplate":"https:\/\/1dronas.lt\/en\/?s={search_term_string}"},"query-input":{"@type":"PropertyValueSpecification","valueRequired":true,"valueName":"search_term_string"}}],"inLanguage":"en-US"},{"@type":"Organization","@id":"https:\/\/1dronas.lt\/en\/#organization","name":"1dronas.lt","url":"https:\/\/1dronas.lt\/en\/","logo":{"@type":"ImageObject","inLanguage":"en-US","@id":"https:\/\/1dronas.lt\/en\/#\/schema\/logo\/image\/","url":"https:\/\/1dronas.lt\/wp-content\/uploads\/2020\/12\/Ekrano_kopija__2_-removebg-preview-1-1.png","contentUrl":"https:\/\/1dronas.lt\/wp-content\/uploads\/2020\/12\/Ekrano_kopija__2_-removebg-preview-1-1.png","width":234,"height":81,"caption":"1dronas.lt"},"image":{"@id":"https:\/\/1dronas.lt\/en\/#\/schema\/logo\/image\/"},"sameAs":["https:\/\/www.facebook.com\/1dronas\/"]}]}},"jetpack_sharing_enabled":true,"_links":{"self":[{"href":"https:\/\/1dronas.lt\/en\/wp-json\/wp\/v2\/product\/17887","targetHints":{"allow":["GET"]}}],"collection":[{"href":"https:\/\/1dronas.lt\/en\/wp-json\/wp\/v2\/product"}],"about":[{"href":"https:\/\/1dronas.lt\/en\/wp-json\/wp\/v2\/types\/product"}],"replies":[{"embeddable":true,"href":"https:\/\/1dronas.lt\/en\/wp-json\/wp\/v2\/comments?post=17887"}],"wp:featuredmedia":[{"embeddable":true,"href":"https:\/\/1dronas.lt\/en\/wp-json\/wp\/v2\/media\/17891"}],"wp:attachment":[{"href":"https:\/\/1dronas.lt\/en\/wp-json\/wp\/v2\/media?parent=17887"}],"wp:term":[{"taxonomy":"product_brand","embeddable":true,"href":"https:\/\/1dronas.lt\/en\/wp-json\/wp\/v2\/product_brand?post=17887"},{"taxonomy":"product_cat","embeddable":true,"href":"https:\/\/1dronas.lt\/en\/wp-json\/wp\/v2\/product_cat?post=17887"},{"taxonomy":"product_tag","embeddable":true,"href":"https:\/\/1dronas.lt\/en\/wp-json\/wp\/v2\/product_tag?post=17887"}],"curies":[{"name":"wp","href":"https:\/\/api.w.org\/{rel}","templated":true}]}}