{"id":17726,"date":"2026-03-21T22:01:26","date_gmt":"2026-03-21T20:01:26","guid":{"rendered":"https:\/\/1dronas.lt\/?post_type=product&#038;p=17726"},"modified":"2026-05-03T18:15:47","modified_gmt":"2026-05-03T15:15:47","slug":"akumuliatorius-flywoo-explorer-2s-550mah-lihv-80c-xt30-2-vnt","status":"publish","type":"product","link":"https:\/\/1dronas.lt\/en\/produktas\/akumuliatorius-flywoo-explorer-2s-550mah-lihv-80c-xt30-2-vnt\/","title":{"rendered":"Battery Flywoo Explorer 2S 550mAh LiHV 80C \u2013 XT30 (2 units)"},"content":{"rendered":"<p>\u201eExplorer Series high voltage batteries are meticulously engineered for longer flight times and higher power than standard batteries, featuring an improved design that ensures reliable and efficient performance. They are equipped with the innovative FLYWOO XT30UP connector and the durable Amass XT30 shell that prevents wire separation and provides a more convenient connection and disconnection process.<\/p>\n<p><strong>Specification:<\/strong><\/p>\n<p>\u2022 Capacity: 550 mAh;<br \/>\n\u2022 Configuration: 2S1P \/ 8.7 V (fully charged voltage) \/ 7.6 V (storage voltage);<br \/>\n\u2022 Discharge rate: 80C;<br \/>\n\u2022 Weight: 26.5 g;<br \/>\n\u2022 Discharge connector: XT30UP.<\/p>\n<p><strong>Measurements:<\/strong><\/p>\n<p><img loading=\"lazy\" decoding=\"async\" class=\"alignnone wp-image-17728\" src=\"https:\/\/1dronas.lt\/wp-content\/uploads\/2026\/03\/2S1P-550mah-2-0_1944x-e1774088863191-505x1024.webp\" alt=\"\" width=\"270\" height=\"547\" srcset=\"https:\/\/1dronas.lt\/wp-content\/uploads\/2026\/03\/2S1P-550mah-2-0_1944x-e1774088863191-505x1024.webp 505w, https:\/\/1dronas.lt\/wp-content\/uploads\/2026\/03\/2S1P-550mah-2-0_1944x-e1774088863191-148x300.webp 148w, https:\/\/1dronas.lt\/wp-content\/uploads\/2026\/03\/2S1P-550mah-2-0_1944x-e1774088863191-6x12.webp 6w, https:\/\/1dronas.lt\/wp-content\/uploads\/2026\/03\/2S1P-550mah-2-0_1944x-e1774088863191-510x1033.webp 510w, https:\/\/1dronas.lt\/wp-content\/uploads\/2026\/03\/2S1P-550mah-2-0_1944x-e1774088863191.webp 758w\" sizes=\"auto, (max-width: 270px) 100vw, 270px\" \/><\/p>\n<p><strong>Warning:<\/strong><\/p>\n<p><em>\u2022 Fully charge a new battery before use.<\/em><br \/>\n<em>\u2022 Only use a charger designed for lithium polymer\/lithium ion batteries and never leave the battery unattended while charging.<\/em><br \/>\n<em>\u2022 Always keep the battery away from flammable and explosive materials while charging.<\/em><br \/>\n<em>\u2022 Never overcharge a battery. The maximum voltage for a LiPo battery is 4.2 V per cell and for a LiHV battery it is 4.35 V per cell.<\/em><br \/>\n<em>\u2022 Never discharge the battery to a voltage below 3 V per cell under load.<\/em><br \/>\n<em>\u2022 Do not store fully charged batteries for more than 3 days. For long-term storage, maintain a voltage of 3.8-3.9 V.<\/em><br \/>\n<em>\u2022 Do not disassemble, crush, crush, expose to flame or other sources of ignition.<\/em><br \/>\n<em>\u2022 Do not use deformed or swollen batteries.<\/em><\/p>\n<p><strong>Package:<\/strong><\/p>\n<p>2x Flywoo Explorer 2S 550mAh LiHV 80C<\/p>","protected":false},"excerpt":{"rendered":"<p><span style=\"color: #333333;\">Flywoo Explorer Series HV LiPo batteries with XT30UP connector - lightweight, reliable, and provide longer flight time and greater power.<\/span><\/p>\n<div class=\"product-short-description\">\n<p><span style=\"color: #333333;\"><strong><img loading=\"lazy\" decoding=\"async\" class=\"alignnone wp-image-1806\" src=\"https:\/\/1dronas.lt\/wp-content\/uploads\/2021\/05\/delivery-icon.png.webp\" alt=\"\" width=\"24\" height=\"24\" srcset=\"https:\/\/1dronas.lt\/wp-content\/uploads\/2021\/05\/delivery-icon.png 35w, https:\/\/1dronas.lt\/wp-content\/uploads\/2021\/05\/delivery-icon-12x12.png 12w\" sizes=\"auto, (max-width: 24px) 100vw, 24px\" \/>\u00a0\u00a0\u00a01 \u2013 2 days<\/strong><\/span><\/p>\n<\/div>","protected":false},"featured_media":17730,"comment_status":"open","ping_status":"closed","template":"","meta":[],"product_brand":[1152],"product_cat":[738],"product_tag":[138,355,753,710,1167,90,93],"class_list":{"0":"post-17726","1":"product","2":"type-product","3":"status-publish","4":"has-post-thumbnail","6":"product_brand-flywoo","7":"product_cat-2s-lipo-akumuliatoriai","8":"product_tag-2s","9":"product_tag-550mah","10":"product_tag-80c","11":"product_tag-akumuliatorius","12":"product_tag-explorer","13":"product_tag-flywoo","14":"product_tag-xt30","16":"first","17":"instock","18":"taxable","19":"shipping-taxable","20":"purchasable","21":"product-type-simple"},"yoast_head":"<!-- This site is optimized with the Yoast SEO plugin v27.5 - https:\/\/yoast.com\/product\/yoast-seo-wordpress\/ -->\n<title>Akumuliatorius Flywoo Explorer 2S 550mAh LiHV 80C - XT30 (2vnt) - 1dronas.lt<\/title>\n<meta name=\"robots\" content=\"index, follow, max-snippet:-1, max-image-preview:large, max-video-preview:-1\" \/>\n<link rel=\"canonical\" href=\"https:\/\/1dronas.lt\/en\/produktas\/akumuliatorius-flywoo-explorer-2s-550mah-lihv-80c-xt30-2-vnt\/\" \/>\n<meta property=\"og:locale\" content=\"en_US\" \/>\n<meta property=\"og:type\" content=\"article\" \/>\n<meta property=\"og:title\" content=\"Akumuliatorius Flywoo Explorer 2S 550mAh LiHV 80C - XT30 (2vnt) - 1dronas.lt\" \/>\n<meta property=\"og:description\" content=\"Flywoo Explorer Series HV LiPo baterijos su XT30UP jungtimi \u2013 lengvos, patikimos ir u\u017etikrinan\u010dios ilgesn\u012f skryd\u017eio laik\u0105 bei didesn\u0119 gali\u0105.   \u00a0\u00a0\u00a01 \u2013 2 d. d.\" \/>\n<meta property=\"og:url\" content=\"https:\/\/1dronas.lt\/en\/produktas\/akumuliatorius-flywoo-explorer-2s-550mah-lihv-80c-xt30-2-vnt\/\" \/>\n<meta property=\"og:site_name\" content=\"1dronas.lt\" \/>\n<meta property=\"article:publisher\" content=\"https:\/\/www.facebook.com\/1dronas\/\" \/>\n<meta property=\"article:modified_time\" content=\"2026-05-03T15:15:47+00:00\" \/>\n<meta property=\"og:image\" content=\"https:\/\/1dronas.lt\/wp-content\/uploads\/2026\/03\/2S1P-550mah-1-0_1944x.webp\" \/>\n\t<meta property=\"og:image:width\" content=\"1944\" \/>\n\t<meta property=\"og:image:height\" content=\"1944\" \/>\n\t<meta property=\"og:image:type\" content=\"image\/webp\" \/>\n<meta name=\"twitter:card\" content=\"summary_large_image\" \/>\n<meta name=\"twitter:label1\" content=\"Est. reading time\" \/>\n\t<meta name=\"twitter:data1\" content=\"2 minutes\" \/>\n<script type=\"application\/ld+json\" class=\"yoast-schema-graph\">{\"@context\":\"https:\\\/\\\/schema.org\",\"@graph\":[{\"@type\":\"WebPage\",\"@id\":\"https:\\\/\\\/1dronas.lt\\\/en\\\/produktas\\\/akumuliatorius-flywoo-explorer-2s-550mah-lihv-80c-xt30-2-vnt\\\/\",\"url\":\"https:\\\/\\\/1dronas.lt\\\/en\\\/produktas\\\/akumuliatorius-flywoo-explorer-2s-550mah-lihv-80c-xt30-2-vnt\\\/\",\"name\":\"Akumuliatorius Flywoo Explorer 2S 550mAh LiHV 80C - XT30 (2vnt) - 1dronas.lt\",\"isPartOf\":{\"@id\":\"https:\\\/\\\/1dronas.lt\\\/en\\\/#website\"},\"primaryImageOfPage\":{\"@id\":\"https:\\\/\\\/1dronas.lt\\\/en\\\/produktas\\\/akumuliatorius-flywoo-explorer-2s-550mah-lihv-80c-xt30-2-vnt\\\/#primaryimage\"},\"image\":{\"@id\":\"https:\\\/\\\/1dronas.lt\\\/en\\\/produktas\\\/akumuliatorius-flywoo-explorer-2s-550mah-lihv-80c-xt30-2-vnt\\\/#primaryimage\"},\"thumbnailUrl\":\"https:\\\/\\\/1dronas.lt\\\/wp-content\\\/uploads\\\/2026\\\/03\\\/2S1P-550mah-1-0_1944x.webp\",\"datePublished\":\"2026-03-21T20:01:26+00:00\",\"dateModified\":\"2026-05-03T15:15:47+00:00\",\"breadcrumb\":{\"@id\":\"https:\\\/\\\/1dronas.lt\\\/en\\\/produktas\\\/akumuliatorius-flywoo-explorer-2s-550mah-lihv-80c-xt30-2-vnt\\\/#breadcrumb\"},\"inLanguage\":\"en-US\",\"potentialAction\":[{\"@type\":\"ReadAction\",\"target\":[\"https:\\\/\\\/1dronas.lt\\\/en\\\/produktas\\\/akumuliatorius-flywoo-explorer-2s-550mah-lihv-80c-xt30-2-vnt\\\/\"]}]},{\"@type\":\"ImageObject\",\"inLanguage\":\"en-US\",\"@id\":\"https:\\\/\\\/1dronas.lt\\\/en\\\/produktas\\\/akumuliatorius-flywoo-explorer-2s-550mah-lihv-80c-xt30-2-vnt\\\/#primaryimage\",\"url\":\"https:\\\/\\\/1dronas.lt\\\/wp-content\\\/uploads\\\/2026\\\/03\\\/2S1P-550mah-1-0_1944x.webp\",\"contentUrl\":\"https:\\\/\\\/1dronas.lt\\\/wp-content\\\/uploads\\\/2026\\\/03\\\/2S1P-550mah-1-0_1944x.webp\",\"width\":1944,\"height\":1944},{\"@type\":\"BreadcrumbList\",\"@id\":\"https:\\\/\\\/1dronas.lt\\\/en\\\/produktas\\\/akumuliatorius-flywoo-explorer-2s-550mah-lihv-80c-xt30-2-vnt\\\/#breadcrumb\",\"itemListElement\":[{\"@type\":\"ListItem\",\"position\":1,\"name\":\"Home\",\"item\":\"https:\\\/\\\/1dronas.lt\\\/\"},{\"@type\":\"ListItem\",\"position\":2,\"name\":\"Parduotuv\u0117\",\"item\":\"https:\\\/\\\/1dronas.lt\\\/parduotuve\\\/\"},{\"@type\":\"ListItem\",\"position\":3,\"name\":\"Akumuliatorius Flywoo Explorer 2S 550mAh LiHV 80C &#8211; XT30 (2vnt)\"}]},{\"@type\":\"WebSite\",\"@id\":\"https:\\\/\\\/1dronas.lt\\\/en\\\/#website\",\"url\":\"https:\\\/\\\/1dronas.lt\\\/en\\\/\",\"name\":\"1dronas.lt\",\"description\":\"Internetin\u0117 parduotuv\u0117\",\"publisher\":{\"@id\":\"https:\\\/\\\/1dronas.lt\\\/en\\\/#organization\"},\"potentialAction\":[{\"@type\":\"SearchAction\",\"target\":{\"@type\":\"EntryPoint\",\"urlTemplate\":\"https:\\\/\\\/1dronas.lt\\\/en\\\/?s={search_term_string}\"},\"query-input\":{\"@type\":\"PropertyValueSpecification\",\"valueRequired\":true,\"valueName\":\"search_term_string\"}}],\"inLanguage\":\"en-US\"},{\"@type\":\"Organization\",\"@id\":\"https:\\\/\\\/1dronas.lt\\\/en\\\/#organization\",\"name\":\"1dronas.lt\",\"url\":\"https:\\\/\\\/1dronas.lt\\\/en\\\/\",\"logo\":{\"@type\":\"ImageObject\",\"inLanguage\":\"en-US\",\"@id\":\"https:\\\/\\\/1dronas.lt\\\/en\\\/#\\\/schema\\\/logo\\\/image\\\/\",\"url\":\"https:\\\/\\\/1dronas.lt\\\/wp-content\\\/uploads\\\/2020\\\/12\\\/Ekrano_kopija__2_-removebg-preview-1-1.png\",\"contentUrl\":\"https:\\\/\\\/1dronas.lt\\\/wp-content\\\/uploads\\\/2020\\\/12\\\/Ekrano_kopija__2_-removebg-preview-1-1.png\",\"width\":234,\"height\":81,\"caption\":\"1dronas.lt\"},\"image\":{\"@id\":\"https:\\\/\\\/1dronas.lt\\\/en\\\/#\\\/schema\\\/logo\\\/image\\\/\"},\"sameAs\":[\"https:\\\/\\\/www.facebook.com\\\/1dronas\\\/\"]}]}<\/script>\n<!-- \/ Yoast SEO plugin. -->","yoast_head_json":{"title":"Akumuliatorius Flywoo Explorer 2S 550mAh LiHV 80C - XT30 (2vnt) - 1dronas.lt","robots":{"index":"index","follow":"follow","max-snippet":"max-snippet:-1","max-image-preview":"max-image-preview:large","max-video-preview":"max-video-preview:-1"},"canonical":"https:\/\/1dronas.lt\/en\/produktas\/akumuliatorius-flywoo-explorer-2s-550mah-lihv-80c-xt30-2-vnt\/","og_locale":"en_US","og_type":"article","og_title":"Akumuliatorius Flywoo Explorer 2S 550mAh LiHV 80C - XT30 (2vnt) - 1dronas.lt","og_description":"Flywoo Explorer Series HV LiPo baterijos su XT30UP jungtimi \u2013 lengvos, patikimos ir u\u017etikrinan\u010dios ilgesn\u012f skryd\u017eio laik\u0105 bei didesn\u0119 gali\u0105.   \u00a0\u00a0\u00a01 \u2013 2 d. d.","og_url":"https:\/\/1dronas.lt\/en\/produktas\/akumuliatorius-flywoo-explorer-2s-550mah-lihv-80c-xt30-2-vnt\/","og_site_name":"1dronas.lt","article_publisher":"https:\/\/www.facebook.com\/1dronas\/","article_modified_time":"2026-05-03T15:15:47+00:00","og_image":[{"width":1944,"height":1944,"url":"https:\/\/1dronas.lt\/wp-content\/uploads\/2026\/03\/2S1P-550mah-1-0_1944x.webp","type":"image\/webp"}],"twitter_card":"summary_large_image","twitter_misc":{"Est. reading time":"2 minutes"},"schema":{"@context":"https:\/\/schema.org","@graph":[{"@type":"WebPage","@id":"https:\/\/1dronas.lt\/en\/produktas\/akumuliatorius-flywoo-explorer-2s-550mah-lihv-80c-xt30-2-vnt\/","url":"https:\/\/1dronas.lt\/en\/produktas\/akumuliatorius-flywoo-explorer-2s-550mah-lihv-80c-xt30-2-vnt\/","name":"Akumuliatorius Flywoo Explorer 2S 550mAh LiHV 80C - XT30 (2vnt) - 1dronas.lt","isPartOf":{"@id":"https:\/\/1dronas.lt\/en\/#website"},"primaryImageOfPage":{"@id":"https:\/\/1dronas.lt\/en\/produktas\/akumuliatorius-flywoo-explorer-2s-550mah-lihv-80c-xt30-2-vnt\/#primaryimage"},"image":{"@id":"https:\/\/1dronas.lt\/en\/produktas\/akumuliatorius-flywoo-explorer-2s-550mah-lihv-80c-xt30-2-vnt\/#primaryimage"},"thumbnailUrl":"https:\/\/1dronas.lt\/wp-content\/uploads\/2026\/03\/2S1P-550mah-1-0_1944x.webp","datePublished":"2026-03-21T20:01:26+00:00","dateModified":"2026-05-03T15:15:47+00:00","breadcrumb":{"@id":"https:\/\/1dronas.lt\/en\/produktas\/akumuliatorius-flywoo-explorer-2s-550mah-lihv-80c-xt30-2-vnt\/#breadcrumb"},"inLanguage":"en-US","potentialAction":[{"@type":"ReadAction","target":["https:\/\/1dronas.lt\/en\/produktas\/akumuliatorius-flywoo-explorer-2s-550mah-lihv-80c-xt30-2-vnt\/"]}]},{"@type":"ImageObject","inLanguage":"en-US","@id":"https:\/\/1dronas.lt\/en\/produktas\/akumuliatorius-flywoo-explorer-2s-550mah-lihv-80c-xt30-2-vnt\/#primaryimage","url":"https:\/\/1dronas.lt\/wp-content\/uploads\/2026\/03\/2S1P-550mah-1-0_1944x.webp","contentUrl":"https:\/\/1dronas.lt\/wp-content\/uploads\/2026\/03\/2S1P-550mah-1-0_1944x.webp","width":1944,"height":1944},{"@type":"BreadcrumbList","@id":"https:\/\/1dronas.lt\/en\/produktas\/akumuliatorius-flywoo-explorer-2s-550mah-lihv-80c-xt30-2-vnt\/#breadcrumb","itemListElement":[{"@type":"ListItem","position":1,"name":"Home","item":"https:\/\/1dronas.lt\/"},{"@type":"ListItem","position":2,"name":"Parduotuv\u0117","item":"https:\/\/1dronas.lt\/parduotuve\/"},{"@type":"ListItem","position":3,"name":"Akumuliatorius Flywoo Explorer 2S 550mAh LiHV 80C &#8211; XT30 (2vnt)"}]},{"@type":"WebSite","@id":"https:\/\/1dronas.lt\/en\/#website","url":"https:\/\/1dronas.lt\/en\/","name":"1dronas.lt","description":"Online store","publisher":{"@id":"https:\/\/1dronas.lt\/en\/#organization"},"potentialAction":[{"@type":"SearchAction","target":{"@type":"EntryPoint","urlTemplate":"https:\/\/1dronas.lt\/en\/?s={search_term_string}"},"query-input":{"@type":"PropertyValueSpecification","valueRequired":true,"valueName":"search_term_string"}}],"inLanguage":"en-US"},{"@type":"Organization","@id":"https:\/\/1dronas.lt\/en\/#organization","name":"1dronas.lt","url":"https:\/\/1dronas.lt\/en\/","logo":{"@type":"ImageObject","inLanguage":"en-US","@id":"https:\/\/1dronas.lt\/en\/#\/schema\/logo\/image\/","url":"https:\/\/1dronas.lt\/wp-content\/uploads\/2020\/12\/Ekrano_kopija__2_-removebg-preview-1-1.png","contentUrl":"https:\/\/1dronas.lt\/wp-content\/uploads\/2020\/12\/Ekrano_kopija__2_-removebg-preview-1-1.png","width":234,"height":81,"caption":"1dronas.lt"},"image":{"@id":"https:\/\/1dronas.lt\/en\/#\/schema\/logo\/image\/"},"sameAs":["https:\/\/www.facebook.com\/1dronas\/"]}]}},"jetpack_sharing_enabled":true,"_links":{"self":[{"href":"https:\/\/1dronas.lt\/en\/wp-json\/wp\/v2\/product\/17726","targetHints":{"allow":["GET"]}}],"collection":[{"href":"https:\/\/1dronas.lt\/en\/wp-json\/wp\/v2\/product"}],"about":[{"href":"https:\/\/1dronas.lt\/en\/wp-json\/wp\/v2\/types\/product"}],"replies":[{"embeddable":true,"href":"https:\/\/1dronas.lt\/en\/wp-json\/wp\/v2\/comments?post=17726"}],"wp:featuredmedia":[{"embeddable":true,"href":"https:\/\/1dronas.lt\/en\/wp-json\/wp\/v2\/media\/17730"}],"wp:attachment":[{"href":"https:\/\/1dronas.lt\/en\/wp-json\/wp\/v2\/media?parent=17726"}],"wp:term":[{"taxonomy":"product_brand","embeddable":true,"href":"https:\/\/1dronas.lt\/en\/wp-json\/wp\/v2\/product_brand?post=17726"},{"taxonomy":"product_cat","embeddable":true,"href":"https:\/\/1dronas.lt\/en\/wp-json\/wp\/v2\/product_cat?post=17726"},{"taxonomy":"product_tag","embeddable":true,"href":"https:\/\/1dronas.lt\/en\/wp-json\/wp\/v2\/product_tag?post=17726"}],"curies":[{"name":"wp","href":"https:\/\/api.w.org\/{rel}","templated":true}]}}