{"id":17404,"date":"2026-03-10T00:33:39","date_gmt":"2026-03-09T22:33:39","guid":{"rendered":"https:\/\/1dronas.lt\/?post_type=product&#038;p=17404"},"modified":"2026-03-31T23:25:13","modified_gmt":"2026-03-31T20:25:13","slug":"sequre-h743-e70-g2-stack-fc-mpu6000-70a-128k-esc-4-8s","status":"publish","type":"product","link":"https:\/\/1dronas.lt\/en\/produktas\/sequre-h743-e70-g2-stack-fc-mpu6000-70a-128k-esc-4-8s\/","title":{"rendered":"SECURE H743 &amp; E70 G2 MPU6000 70A 128K ESC 4-8S Stack"},"content":{"rendered":"<p><strong>Features:<\/strong><\/p>\n<p><strong>FC:<\/strong><\/p>\n<p data-start=\"102\" data-end=\"243\">\u2022 Equipped with a high-performance STM32H743 processor with an operating frequency of up to 480 MHz, ensuring fast control response;<br \/>\n\u2022 MPU6000 gyroscope is used, which allows for precise movement detection and ensures stable control;<br \/>\n\u2022 SEQURE H743 has a built-in barometer, OSD and a 16 MB black box that efficiently records flight data;<br \/>\n\u2022 6 UART ports provided;<br \/>\n\u2022 Can control up to 8 motors, so an X8 configuration can easily be created;<br \/>\n\u2022 Equipped with a plug-in connector and two BEC outputs. The FC provides independent 10V voltage, allowing DJI O3\/O4\/O4 Pro and analog VTX to be connected directly;<br \/>\n\u2022 Supports a wide range of 4-8S LiPo voltage input.<\/p>\n<p data-start=\"102\" data-end=\"243\"><strong>ESC:<\/strong><\/p>\n<p data-start=\"1082\" data-end=\"1265\">\u2022 STM32G071 high-performance processor, supports AM32 firmware, 2-8S wide voltage input, 70 A continuous current per channel, peak current up to 150 A;<br \/>\n\u2022 Integrated current meter (galvanometer), supports telemetry return and transmits motor speed, temperature, current and other data in real time;<br \/>\n\u2022 High-quality high-power MOSFET transistors ensure highly efficient power conversion, reduce losses and extend flight time;<br \/>\n\u2022 Multi-layer PCB with thick copper layer increases resistance to high currents, improves heat dissipation and reliability under load;<br \/>\n\u2022 Precise control of switching intervals accelerates ESC response, providing smooth and precise control;<br \/>\n\u2022 PWM frequency 16-128 kHz, optimized circuit design helps prevent loss of synchronization;<br \/>\n\u2022 Innovative design with diagonal soldering contacts, making motor wiring neater and safer.<\/p>\n<p data-start=\"1082\" data-end=\"1265\"><strong>Specifications:<\/strong><\/p>\n<p data-start=\"1082\" data-end=\"1265\"><strong>FC:<\/strong><\/p>\n<p data-start=\"1082\" data-end=\"1265\">\u2022 Model: SEQURE H743;<br data-start=\"79\" data-end=\"82\" \/>\u2022 Processor: STM32H743;<br data-start=\"104\" data-end=\"107\" \/>\u2022 Gyroscope: MPU6000;<br data-start=\"126\" data-end=\"129\" \/>\u2022 Barometer: BMP280 \/ DPS310 \/ DPS368;<br data-start=\"165\" data-end=\"168\" \/>\u2022 OSD chip: AT7456E;<br data-start=\"187\" data-end=\"190\" \/>\u2022 Black Box memory: 16 MB;<br data-start=\"217\" data-end=\"220\" \/>\u2022 Software type: Betaflight (default), INAV, ArduPilot;<br data-start=\"302\" data-end=\"305\" \/>\u2022 Software name: SEQUREH7;<br data-start=\"346\" data-end=\"349\" \/>\u2022 Input voltage: 4-8S LiPo \/ LiHV;<br data-start=\"380\" data-end=\"383\" \/>\u2022 BEC output: 5 V \/ 2.5 A, 10 V \/ 2 A;<br data-start=\"420\" data-end=\"423\" \/>\u2022 UART connectors: 6;<br data-start=\"438\" data-end=\"441\" \/>\u2022 Controlled motors: M1\u2013M8 (up to 8 motors);<br data-start=\"482\" data-end=\"485\" \/>\u2022 LED support: WS2812 LED strip;<br data-start=\"518\" data-end=\"521\" \/>\u2022 Buzzer: supported;<br data-start=\"566\" data-end=\"569\" \/>\u2022 ESC telemetry: RX8;<br data-start=\"589\" data-end=\"592\" \/>\u2022 USB connector: Type-C;<br data-start=\"611\" data-end=\"614\" \/>\u2022 Mounting hole spacing: 20 x 20 mm (\u03a64 mm) \/ 30.5 x 30.5 mm (\u03a64 mm);<br data-start=\"684\" data-end=\"687\" \/>\u2022 Product size: 36.5 x 36.5 x 6 mm;<br data-start=\"721\" data-end=\"724\" \/>\u2022 Product weight: 7.3 g.<\/p>\n<p data-start=\"1082\" data-end=\"1265\"><strong>ESC:<\/strong><\/p>\n<p data-start=\"1082\" data-end=\"1265\">\u2022 Model: E70 G2;<br data-start=\"809\" data-end=\"812\" \/>\u2022 Processor: STM32G071;<br data-start=\"834\" data-end=\"837\" \/>\u2022 Software version: AM32;<br data-start=\"881\" data-end=\"884\" \/>\u2022 PWM frequency: 16 kHz - 128 kHz;<br data-start=\"912\" data-end=\"915\" \/>\u2022 Operating voltage: 2-8S LiPo \/ LiHV;<br data-start=\"947\" data-end=\"950\" \/>\u2022 Dual current: 70 A;<br data-start=\"971\" data-end=\"974\" \/>\u2022 Peak current: 150 A;<br data-start=\"993\" data-end=\"996\" \/>\u2022 Supported protocols: DShot600 \/ DShot300 \/ DShot150, Oneshot, Multishot, PWM;<br data-start=\"1073\" data-end=\"1076\" \/>\u2022 Telemetry return: yes;<br data-start=\"1105\" data-end=\"1108\" \/>\u2022 Current meter (galvanometer): yes;<br data-start=\"1146\" data-end=\"1149\" \/>\u2022 BEC: none;<br data-start=\"1158\" data-end=\"1161\" \/>\u2022 Mounting hole spacing: 30.5 x 30.5 mm (\u03a64 mm \/ M3);<br data-start=\"1215\" data-end=\"1218\" \/>\u2022 Product size: 45.5 x 42.5 x 6 mm;<br data-start=\"1252\" data-end=\"1255\" \/>\u2022 Product weight: 17.5 g.<\/p>\n<p data-start=\"1082\" data-end=\"1265\"><strong>Measurements:<\/strong><\/p>\n<p data-start=\"1082\" data-end=\"1265\"><img loading=\"lazy\" decoding=\"async\" class=\"alignnone wp-image-17412 size-full\" src=\"https:\/\/1dronas.lt\/wp-content\/uploads\/2026\/03\/8_SEQUREH743_E70G2SizePC.jpg\" alt=\"\" width=\"800\" height=\"800\" srcset=\"https:\/\/1dronas.lt\/wp-content\/uploads\/2026\/03\/8_SEQUREH743_E70G2SizePC.jpg 800w, https:\/\/1dronas.lt\/wp-content\/uploads\/2026\/03\/8_SEQUREH743_E70G2SizePC-300x300.jpg 300w, https:\/\/1dronas.lt\/wp-content\/uploads\/2026\/03\/8_SEQUREH743_E70G2SizePC-150x150.jpg 150w, https:\/\/1dronas.lt\/wp-content\/uploads\/2026\/03\/8_SEQUREH743_E70G2SizePC-768x768.jpg 768w, https:\/\/1dronas.lt\/wp-content\/uploads\/2026\/03\/8_SEQUREH743_E70G2SizePC-12x12.jpg 12w, https:\/\/1dronas.lt\/wp-content\/uploads\/2026\/03\/8_SEQUREH743_E70G2SizePC-247x247.jpg 247w, https:\/\/1dronas.lt\/wp-content\/uploads\/2026\/03\/8_SEQUREH743_E70G2SizePC-510x510.jpg 510w, https:\/\/1dronas.lt\/wp-content\/uploads\/2026\/03\/8_SEQUREH743_E70G2SizePC-100x100.jpg 100w\" sizes=\"auto, (max-width: 800px) 100vw, 800px\" \/><\/p>\n<p data-start=\"1082\" data-end=\"1265\"><strong>Package:<\/strong><\/p>\n<p data-start=\"1082\" data-end=\"1265\">1x SEQURE H743 FC;<br data-start=\"38\" data-end=\"41\" \/>1x E70 G2 4IN1 ESC;<br data-start=\"60\" data-end=\"63\" \/>1x 30AWG 40mm reverse dual head SH1.0-8P flat cable;<br data-start=\"136\" data-end=\"139\" \/>1x 30AWG 100mm single head SH1.0-4P flat cable;<br data-start=\"198\" data-end=\"201\" \/>1x 60 mm long 12095 5V buzzer (audible alarm);<br data-start=\"259\" data-end=\"262\" \/>10x M3 x 8 mm silicone anti-vibration washers (black);<br data-start=\"322\" data-end=\"325\" \/>2x 12AWG 100mm power cable;<br data-start=\"380\" data-end=\"383\" \/>1x XT60H-M black male connector;<br data-start=\"415\" data-end=\"418\" \/>1x 35 V 680 \u00b5F solid capacitor;<br data-start=\"457\" data-end=\"460\" \/>4x M3 x 25mm screws;<br data-start=\"482\" data-end=\"485\" \/>4x M3 sleeve nuts.<\/p>\n<p data-start=\"1082\" data-end=\"1265\"><img loading=\"lazy\" decoding=\"async\" class=\"alignnone wp-image-17405\" src=\"https:\/\/1dronas.lt\/wp-content\/uploads\/2026\/03\/1_SEQUREH743_E70G2-300x300.jpg\" alt=\"\" width=\"462\" height=\"462\" srcset=\"https:\/\/1dronas.lt\/wp-content\/uploads\/2026\/03\/1_SEQUREH743_E70G2-300x300.jpg 300w, https:\/\/1dronas.lt\/wp-content\/uploads\/2026\/03\/1_SEQUREH743_E70G2-150x150.jpg 150w, https:\/\/1dronas.lt\/wp-content\/uploads\/2026\/03\/1_SEQUREH743_E70G2-768x768.jpg 768w, https:\/\/1dronas.lt\/wp-content\/uploads\/2026\/03\/1_SEQUREH743_E70G2-12x12.jpg 12w, https:\/\/1dronas.lt\/wp-content\/uploads\/2026\/03\/1_SEQUREH743_E70G2-247x247.jpg 247w, https:\/\/1dronas.lt\/wp-content\/uploads\/2026\/03\/1_SEQUREH743_E70G2-510x510.jpg 510w, https:\/\/1dronas.lt\/wp-content\/uploads\/2026\/03\/1_SEQUREH743_E70G2-100x100.jpg 100w, https:\/\/1dronas.lt\/wp-content\/uploads\/2026\/03\/1_SEQUREH743_E70G2.jpg 800w\" sizes=\"auto, (max-width: 462px) 100vw, 462px\" \/><\/p>\n<p data-start=\"1082\" data-end=\"1265\"><strong>Connection\/Diagram:<\/strong><\/p>\n<p data-start=\"1082\" data-end=\"1265\"><img loading=\"lazy\" decoding=\"async\" class=\"alignnone wp-image-17414 size-full\" src=\"https:\/\/1dronas.lt\/wp-content\/uploads\/2026\/03\/Screenshot-2026-03-10-at-00.08.27.jpg\" alt=\"\" width=\"1188\" height=\"1402\" srcset=\"https:\/\/1dronas.lt\/wp-content\/uploads\/2026\/03\/Screenshot-2026-03-10-at-00.08.27.jpg 1188w, https:\/\/1dronas.lt\/wp-content\/uploads\/2026\/03\/Screenshot-2026-03-10-at-00.08.27-254x300.jpg 254w, https:\/\/1dronas.lt\/wp-content\/uploads\/2026\/03\/Screenshot-2026-03-10-at-00.08.27-868x1024.jpg 868w, https:\/\/1dronas.lt\/wp-content\/uploads\/2026\/03\/Screenshot-2026-03-10-at-00.08.27-768x906.jpg 768w, https:\/\/1dronas.lt\/wp-content\/uploads\/2026\/03\/Screenshot-2026-03-10-at-00.08.27-10x12.jpg 10w, https:\/\/1dronas.lt\/wp-content\/uploads\/2026\/03\/Screenshot-2026-03-10-at-00.08.27-510x602.jpg 510w\" sizes=\"auto, (max-width: 1188px) 100vw, 1188px\" \/> <img loading=\"lazy\" decoding=\"async\" class=\"alignnone wp-image-17415 size-full\" src=\"https:\/\/1dronas.lt\/wp-content\/uploads\/2026\/03\/Screenshot-2026-03-10-at-00.09.00-e1773095407796.jpg\" alt=\"\" width=\"1186\" height=\"1204\" srcset=\"https:\/\/1dronas.lt\/wp-content\/uploads\/2026\/03\/Screenshot-2026-03-10-at-00.09.00-e1773095407796.jpg 1186w, https:\/\/1dronas.lt\/wp-content\/uploads\/2026\/03\/Screenshot-2026-03-10-at-00.09.00-e1773095407796-296x300.jpg 296w, https:\/\/1dronas.lt\/wp-content\/uploads\/2026\/03\/Screenshot-2026-03-10-at-00.09.00-e1773095407796-1009x1024.jpg 1009w, https:\/\/1dronas.lt\/wp-content\/uploads\/2026\/03\/Screenshot-2026-03-10-at-00.09.00-e1773095407796-768x780.jpg 768w, https:\/\/1dronas.lt\/wp-content\/uploads\/2026\/03\/Screenshot-2026-03-10-at-00.09.00-e1773095407796-12x12.jpg 12w, https:\/\/1dronas.lt\/wp-content\/uploads\/2026\/03\/Screenshot-2026-03-10-at-00.09.00-e1773095407796-510x518.jpg 510w\" sizes=\"auto, (max-width: 1186px) 100vw, 1186px\" \/> <img loading=\"lazy\" decoding=\"async\" class=\"alignnone wp-image-17416 size-full\" src=\"https:\/\/1dronas.lt\/wp-content\/uploads\/2026\/03\/Screenshot-2026-03-10-at-00.09.36.jpg\" alt=\"\" width=\"1160\" height=\"1266\" srcset=\"https:\/\/1dronas.lt\/wp-content\/uploads\/2026\/03\/Screenshot-2026-03-10-at-00.09.36.jpg 1160w, https:\/\/1dronas.lt\/wp-content\/uploads\/2026\/03\/Screenshot-2026-03-10-at-00.09.36-275x300.jpg 275w, https:\/\/1dronas.lt\/wp-content\/uploads\/2026\/03\/Screenshot-2026-03-10-at-00.09.36-938x1024.jpg 938w, https:\/\/1dronas.lt\/wp-content\/uploads\/2026\/03\/Screenshot-2026-03-10-at-00.09.36-768x838.jpg 768w, https:\/\/1dronas.lt\/wp-content\/uploads\/2026\/03\/Screenshot-2026-03-10-at-00.09.36-11x12.jpg 11w, https:\/\/1dronas.lt\/wp-content\/uploads\/2026\/03\/Screenshot-2026-03-10-at-00.09.36-510x557.jpg 510w\" sizes=\"auto, (max-width: 1160px) 100vw, 1160px\" \/> <img loading=\"lazy\" decoding=\"async\" class=\"alignnone wp-image-17417 size-full\" src=\"https:\/\/1dronas.lt\/wp-content\/uploads\/2026\/03\/Screenshot-2026-03-10-at-00.09.46.jpg\" alt=\"\" width=\"1144\" height=\"1346\" srcset=\"https:\/\/1dronas.lt\/wp-content\/uploads\/2026\/03\/Screenshot-2026-03-10-at-00.09.46.jpg 1144w, https:\/\/1dronas.lt\/wp-content\/uploads\/2026\/03\/Screenshot-2026-03-10-at-00.09.46-255x300.jpg 255w, https:\/\/1dronas.lt\/wp-content\/uploads\/2026\/03\/Screenshot-2026-03-10-at-00.09.46-870x1024.jpg 870w, https:\/\/1dronas.lt\/wp-content\/uploads\/2026\/03\/Screenshot-2026-03-10-at-00.09.46-768x904.jpg 768w, https:\/\/1dronas.lt\/wp-content\/uploads\/2026\/03\/Screenshot-2026-03-10-at-00.09.46-10x12.jpg 10w, https:\/\/1dronas.lt\/wp-content\/uploads\/2026\/03\/Screenshot-2026-03-10-at-00.09.46-510x600.jpg 510w\" sizes=\"auto, (max-width: 1144px) 100vw, 1144px\" \/><\/p>","protected":false},"excerpt":{"rendered":"<p><span style=\"color: #333333;\">SEQURE H743 FC with E70 G2 4IN1 ESC - high-performance drone flight controller and ESC kit with STM32H743 processor, MPU6000 gyroscope, 4-8S LiPo support.<\/span><\/p>\n<p><span style=\"font-size: 90%; color: #333333;\"><strong><img loading=\"lazy\" decoding=\"async\" class=\"alignnone wp-image-1806\" src=\"https:\/\/1dronas.lt\/wp-content\/uploads\/2021\/05\/delivery-icon.png.webp\" alt=\"\" width=\"24\" height=\"24\" srcset=\"https:\/\/1dronas.lt\/wp-content\/uploads\/2021\/05\/delivery-icon.png 35w, https:\/\/1dronas.lt\/wp-content\/uploads\/2021\/05\/delivery-icon-12x12.png 12w\" sizes=\"auto, (max-width: 24px) 100vw, 24px\" \/>\u00a0 1 \u2013 2 days<\/strong><\/span><\/p>","protected":false},"featured_media":17406,"comment_status":"open","ping_status":"closed","template":"","meta":[],"product_brand":[892],"product_cat":[217],"product_tag":[982,985,981,151,620,987,379,893,153],"class_list":{"0":"post-17404","1":"product","2":"type-product","3":"status-publish","4":"has-post-thumbnail","6":"product_brand-sequre","7":"product_cat-skydzio-valdikliai-fc-aio-stack","8":"product_tag-4-8s","9":"product_tag-70a","10":"product_tag-e70-g2","11":"product_tag-fc","12":"product_tag-fc-esc","13":"product_tag-h743","14":"product_tag-komplektas","15":"product_tag-sequre","16":"product_tag-stack","18":"first","19":"instock","20":"taxable","21":"shipping-taxable","22":"purchasable","23":"product-type-simple"},"yoast_head":"<!-- This site is optimized with the Yoast SEO plugin v27.5 - https:\/\/yoast.com\/product\/yoast-seo-wordpress\/ -->\n<title>SEQURE H743 &amp; E70 G2 MPU6000 70A 128K ESC 4-8S Stack - 1dronas.lt<\/title>\n<meta name=\"robots\" content=\"index, follow, max-snippet:-1, max-image-preview:large, max-video-preview:-1\" \/>\n<link rel=\"canonical\" href=\"https:\/\/1dronas.lt\/en\/produktas\/sequre-h743-e70-g2-stack-fc-mpu6000-70a-128k-esc-4-8s\/\" \/>\n<meta property=\"og:locale\" content=\"en_US\" \/>\n<meta property=\"og:type\" content=\"article\" \/>\n<meta property=\"og:title\" content=\"SEQURE H743 &amp; E70 G2 MPU6000 70A 128K ESC 4-8S Stack - 1dronas.lt\" \/>\n<meta property=\"og:description\" content=\"SEQURE H743 FC su E70 G2 4IN1 ESC \u2013 auk\u0161to na\u0161umo drono skryd\u017eio valdiklio ir ESC komplektas su STM32H743 procesoriumi, MPU6000 giroskopu,, 4\u20138S LiPo palaikymu.  \u00a0 1 \u2013 2 d. d.\" \/>\n<meta property=\"og:url\" content=\"https:\/\/1dronas.lt\/en\/produktas\/sequre-h743-e70-g2-stack-fc-mpu6000-70a-128k-esc-4-8s\/\" \/>\n<meta property=\"og:site_name\" content=\"1dronas.lt\" \/>\n<meta property=\"article:publisher\" content=\"https:\/\/www.facebook.com\/1dronas\/\" \/>\n<meta property=\"article:modified_time\" content=\"2026-03-31T20:25:13+00:00\" \/>\n<meta property=\"og:image\" content=\"https:\/\/1dronas.lt\/wp-content\/uploads\/2026\/03\/2_SEQUREH743_E70G2.jpg\" \/>\n\t<meta property=\"og:image:width\" content=\"800\" \/>\n\t<meta property=\"og:image:height\" content=\"800\" \/>\n\t<meta property=\"og:image:type\" content=\"image\/jpeg\" \/>\n<meta name=\"twitter:card\" content=\"summary_large_image\" \/>\n<meta name=\"twitter:label1\" content=\"Est. reading time\" \/>\n\t<meta name=\"twitter:data1\" content=\"5 minutes\" \/>\n<script type=\"application\/ld+json\" class=\"yoast-schema-graph\">{\"@context\":\"https:\\\/\\\/schema.org\",\"@graph\":[{\"@type\":\"WebPage\",\"@id\":\"https:\\\/\\\/1dronas.lt\\\/en\\\/produktas\\\/sequre-h743-e70-g2-stack-fc-mpu6000-70a-128k-esc-4-8s\\\/\",\"url\":\"https:\\\/\\\/1dronas.lt\\\/en\\\/produktas\\\/sequre-h743-e70-g2-stack-fc-mpu6000-70a-128k-esc-4-8s\\\/\",\"name\":\"SEQURE H743 & E70 G2 MPU6000 70A 128K ESC 4-8S Stack - 1dronas.lt\",\"isPartOf\":{\"@id\":\"https:\\\/\\\/1dronas.lt\\\/en\\\/#website\"},\"primaryImageOfPage\":{\"@id\":\"https:\\\/\\\/1dronas.lt\\\/en\\\/produktas\\\/sequre-h743-e70-g2-stack-fc-mpu6000-70a-128k-esc-4-8s\\\/#primaryimage\"},\"image\":{\"@id\":\"https:\\\/\\\/1dronas.lt\\\/en\\\/produktas\\\/sequre-h743-e70-g2-stack-fc-mpu6000-70a-128k-esc-4-8s\\\/#primaryimage\"},\"thumbnailUrl\":\"https:\\\/\\\/1dronas.lt\\\/wp-content\\\/uploads\\\/2026\\\/03\\\/2_SEQUREH743_E70G2.jpg\",\"datePublished\":\"2026-03-09T22:33:39+00:00\",\"dateModified\":\"2026-03-31T20:25:13+00:00\",\"breadcrumb\":{\"@id\":\"https:\\\/\\\/1dronas.lt\\\/en\\\/produktas\\\/sequre-h743-e70-g2-stack-fc-mpu6000-70a-128k-esc-4-8s\\\/#breadcrumb\"},\"inLanguage\":\"en-US\",\"potentialAction\":[{\"@type\":\"ReadAction\",\"target\":[\"https:\\\/\\\/1dronas.lt\\\/en\\\/produktas\\\/sequre-h743-e70-g2-stack-fc-mpu6000-70a-128k-esc-4-8s\\\/\"]}]},{\"@type\":\"ImageObject\",\"inLanguage\":\"en-US\",\"@id\":\"https:\\\/\\\/1dronas.lt\\\/en\\\/produktas\\\/sequre-h743-e70-g2-stack-fc-mpu6000-70a-128k-esc-4-8s\\\/#primaryimage\",\"url\":\"https:\\\/\\\/1dronas.lt\\\/wp-content\\\/uploads\\\/2026\\\/03\\\/2_SEQUREH743_E70G2.jpg\",\"contentUrl\":\"https:\\\/\\\/1dronas.lt\\\/wp-content\\\/uploads\\\/2026\\\/03\\\/2_SEQUREH743_E70G2.jpg\",\"width\":800,\"height\":800},{\"@type\":\"BreadcrumbList\",\"@id\":\"https:\\\/\\\/1dronas.lt\\\/en\\\/produktas\\\/sequre-h743-e70-g2-stack-fc-mpu6000-70a-128k-esc-4-8s\\\/#breadcrumb\",\"itemListElement\":[{\"@type\":\"ListItem\",\"position\":1,\"name\":\"Home\",\"item\":\"https:\\\/\\\/1dronas.lt\\\/\"},{\"@type\":\"ListItem\",\"position\":2,\"name\":\"Parduotuv\u0117\",\"item\":\"https:\\\/\\\/1dronas.lt\\\/parduotuve\\\/\"},{\"@type\":\"ListItem\",\"position\":3,\"name\":\"SEQURE H743 &#038; E70 G2 MPU6000 70A 128K ESC 4-8S Stack\"}]},{\"@type\":\"WebSite\",\"@id\":\"https:\\\/\\\/1dronas.lt\\\/en\\\/#website\",\"url\":\"https:\\\/\\\/1dronas.lt\\\/en\\\/\",\"name\":\"1dronas.lt\",\"description\":\"Internetin\u0117 parduotuv\u0117\",\"publisher\":{\"@id\":\"https:\\\/\\\/1dronas.lt\\\/en\\\/#organization\"},\"potentialAction\":[{\"@type\":\"SearchAction\",\"target\":{\"@type\":\"EntryPoint\",\"urlTemplate\":\"https:\\\/\\\/1dronas.lt\\\/en\\\/?s={search_term_string}\"},\"query-input\":{\"@type\":\"PropertyValueSpecification\",\"valueRequired\":true,\"valueName\":\"search_term_string\"}}],\"inLanguage\":\"en-US\"},{\"@type\":\"Organization\",\"@id\":\"https:\\\/\\\/1dronas.lt\\\/en\\\/#organization\",\"name\":\"1dronas.lt\",\"url\":\"https:\\\/\\\/1dronas.lt\\\/en\\\/\",\"logo\":{\"@type\":\"ImageObject\",\"inLanguage\":\"en-US\",\"@id\":\"https:\\\/\\\/1dronas.lt\\\/en\\\/#\\\/schema\\\/logo\\\/image\\\/\",\"url\":\"https:\\\/\\\/1dronas.lt\\\/wp-content\\\/uploads\\\/2020\\\/12\\\/Ekrano_kopija__2_-removebg-preview-1-1.png\",\"contentUrl\":\"https:\\\/\\\/1dronas.lt\\\/wp-content\\\/uploads\\\/2020\\\/12\\\/Ekrano_kopija__2_-removebg-preview-1-1.png\",\"width\":234,\"height\":81,\"caption\":\"1dronas.lt\"},\"image\":{\"@id\":\"https:\\\/\\\/1dronas.lt\\\/en\\\/#\\\/schema\\\/logo\\\/image\\\/\"},\"sameAs\":[\"https:\\\/\\\/www.facebook.com\\\/1dronas\\\/\"]}]}<\/script>\n<!-- \/ Yoast SEO plugin. -->","yoast_head_json":{"title":"SEQURE H743 & E70 G2 MPU6000 70A 128K ESC 4-8S Stack - 1dronas.lt","robots":{"index":"index","follow":"follow","max-snippet":"max-snippet:-1","max-image-preview":"max-image-preview:large","max-video-preview":"max-video-preview:-1"},"canonical":"https:\/\/1dronas.lt\/en\/produktas\/sequre-h743-e70-g2-stack-fc-mpu6000-70a-128k-esc-4-8s\/","og_locale":"en_US","og_type":"article","og_title":"SEQURE H743 & E70 G2 MPU6000 70A 128K ESC 4-8S Stack - 1dronas.lt","og_description":"SEQURE H743 FC su E70 G2 4IN1 ESC \u2013 auk\u0161to na\u0161umo drono skryd\u017eio valdiklio ir ESC komplektas su STM32H743 procesoriumi, MPU6000 giroskopu,, 4\u20138S LiPo palaikymu.  \u00a0 1 \u2013 2 d. d.","og_url":"https:\/\/1dronas.lt\/en\/produktas\/sequre-h743-e70-g2-stack-fc-mpu6000-70a-128k-esc-4-8s\/","og_site_name":"1dronas.lt","article_publisher":"https:\/\/www.facebook.com\/1dronas\/","article_modified_time":"2026-03-31T20:25:13+00:00","og_image":[{"width":800,"height":800,"url":"https:\/\/1dronas.lt\/wp-content\/uploads\/2026\/03\/2_SEQUREH743_E70G2.jpg","type":"image\/jpeg"}],"twitter_card":"summary_large_image","twitter_misc":{"Est. reading time":"5 minutes"},"schema":{"@context":"https:\/\/schema.org","@graph":[{"@type":"WebPage","@id":"https:\/\/1dronas.lt\/en\/produktas\/sequre-h743-e70-g2-stack-fc-mpu6000-70a-128k-esc-4-8s\/","url":"https:\/\/1dronas.lt\/en\/produktas\/sequre-h743-e70-g2-stack-fc-mpu6000-70a-128k-esc-4-8s\/","name":"SEQURE H743 & E70 G2 MPU6000 70A 128K ESC 4-8S Stack - 1dronas.lt","isPartOf":{"@id":"https:\/\/1dronas.lt\/en\/#website"},"primaryImageOfPage":{"@id":"https:\/\/1dronas.lt\/en\/produktas\/sequre-h743-e70-g2-stack-fc-mpu6000-70a-128k-esc-4-8s\/#primaryimage"},"image":{"@id":"https:\/\/1dronas.lt\/en\/produktas\/sequre-h743-e70-g2-stack-fc-mpu6000-70a-128k-esc-4-8s\/#primaryimage"},"thumbnailUrl":"https:\/\/1dronas.lt\/wp-content\/uploads\/2026\/03\/2_SEQUREH743_E70G2.jpg","datePublished":"2026-03-09T22:33:39+00:00","dateModified":"2026-03-31T20:25:13+00:00","breadcrumb":{"@id":"https:\/\/1dronas.lt\/en\/produktas\/sequre-h743-e70-g2-stack-fc-mpu6000-70a-128k-esc-4-8s\/#breadcrumb"},"inLanguage":"en-US","potentialAction":[{"@type":"ReadAction","target":["https:\/\/1dronas.lt\/en\/produktas\/sequre-h743-e70-g2-stack-fc-mpu6000-70a-128k-esc-4-8s\/"]}]},{"@type":"ImageObject","inLanguage":"en-US","@id":"https:\/\/1dronas.lt\/en\/produktas\/sequre-h743-e70-g2-stack-fc-mpu6000-70a-128k-esc-4-8s\/#primaryimage","url":"https:\/\/1dronas.lt\/wp-content\/uploads\/2026\/03\/2_SEQUREH743_E70G2.jpg","contentUrl":"https:\/\/1dronas.lt\/wp-content\/uploads\/2026\/03\/2_SEQUREH743_E70G2.jpg","width":800,"height":800},{"@type":"BreadcrumbList","@id":"https:\/\/1dronas.lt\/en\/produktas\/sequre-h743-e70-g2-stack-fc-mpu6000-70a-128k-esc-4-8s\/#breadcrumb","itemListElement":[{"@type":"ListItem","position":1,"name":"Home","item":"https:\/\/1dronas.lt\/"},{"@type":"ListItem","position":2,"name":"Parduotuv\u0117","item":"https:\/\/1dronas.lt\/parduotuve\/"},{"@type":"ListItem","position":3,"name":"SEQURE H743 &#038; E70 G2 MPU6000 70A 128K ESC 4-8S Stack"}]},{"@type":"WebSite","@id":"https:\/\/1dronas.lt\/en\/#website","url":"https:\/\/1dronas.lt\/en\/","name":"1dronas.lt","description":"Online store","publisher":{"@id":"https:\/\/1dronas.lt\/en\/#organization"},"potentialAction":[{"@type":"SearchAction","target":{"@type":"EntryPoint","urlTemplate":"https:\/\/1dronas.lt\/en\/?s={search_term_string}"},"query-input":{"@type":"PropertyValueSpecification","valueRequired":true,"valueName":"search_term_string"}}],"inLanguage":"en-US"},{"@type":"Organization","@id":"https:\/\/1dronas.lt\/en\/#organization","name":"1dronas.lt","url":"https:\/\/1dronas.lt\/en\/","logo":{"@type":"ImageObject","inLanguage":"en-US","@id":"https:\/\/1dronas.lt\/en\/#\/schema\/logo\/image\/","url":"https:\/\/1dronas.lt\/wp-content\/uploads\/2020\/12\/Ekrano_kopija__2_-removebg-preview-1-1.png","contentUrl":"https:\/\/1dronas.lt\/wp-content\/uploads\/2020\/12\/Ekrano_kopija__2_-removebg-preview-1-1.png","width":234,"height":81,"caption":"1dronas.lt"},"image":{"@id":"https:\/\/1dronas.lt\/en\/#\/schema\/logo\/image\/"},"sameAs":["https:\/\/www.facebook.com\/1dronas\/"]}]}},"jetpack_sharing_enabled":true,"_links":{"self":[{"href":"https:\/\/1dronas.lt\/en\/wp-json\/wp\/v2\/product\/17404","targetHints":{"allow":["GET"]}}],"collection":[{"href":"https:\/\/1dronas.lt\/en\/wp-json\/wp\/v2\/product"}],"about":[{"href":"https:\/\/1dronas.lt\/en\/wp-json\/wp\/v2\/types\/product"}],"replies":[{"embeddable":true,"href":"https:\/\/1dronas.lt\/en\/wp-json\/wp\/v2\/comments?post=17404"}],"wp:featuredmedia":[{"embeddable":true,"href":"https:\/\/1dronas.lt\/en\/wp-json\/wp\/v2\/media\/17406"}],"wp:attachment":[{"href":"https:\/\/1dronas.lt\/en\/wp-json\/wp\/v2\/media?parent=17404"}],"wp:term":[{"taxonomy":"product_brand","embeddable":true,"href":"https:\/\/1dronas.lt\/en\/wp-json\/wp\/v2\/product_brand?post=17404"},{"taxonomy":"product_cat","embeddable":true,"href":"https:\/\/1dronas.lt\/en\/wp-json\/wp\/v2\/product_cat?post=17404"},{"taxonomy":"product_tag","embeddable":true,"href":"https:\/\/1dronas.lt\/en\/wp-json\/wp\/v2\/product_tag?post=17404"}],"curies":[{"name":"wp","href":"https:\/\/api.w.org\/{rel}","templated":true}]}}