{"id":17384,"date":"2026-03-09T00:00:48","date_gmt":"2026-03-08T22:00:48","guid":{"rendered":"https:\/\/1dronas.lt\/?post_type=product&#038;p=17384"},"modified":"2026-03-09T00:04:04","modified_gmt":"2026-03-08T22:04:04","slug":"flywoo-goku-bs-20a-6in1-2-4s-esc-w-led-v3","status":"publish","type":"product","link":"https:\/\/1dronas.lt\/en\/produktas\/flywoo-goku-bs-20a-6in1-2-4s-esc-w-led-v3\/","title":{"rendered":"Flywoo GOKU BS 20A 6in1 2-4S ESC w\/LED V3"},"content":{"rendered":"<p data-start=\"320\" data-end=\"612\">Flywoo GOKU HEX BS 20A ESC V3 is a compact electronic speed controller for micro and mini FPV drones. This version is designed for HEX (6 motors) configuration, making it ideal for small-sized drones. The board supports modern protocols such as DShot150, DShot300 and DShot600, ensuring fast and stable communication between FC and motors. The FC works with 2-4S LiPo batteries and can deliver up to 20A of continuous current.<\/p>\n<p data-start=\"320\" data-end=\"612\"><strong>Features:<\/strong><\/p>\n<p data-start=\"320\" data-end=\"612\">\u2022 20A DC current \u2013 suitable for small and medium FPV drones;<br data-start=\"64\" data-end=\"67\" \/>\u2022 HEX configuration \u2013 supports 6-motor drones;<br data-start=\"112\" data-end=\"115\" \/>\u2022 2-4S LiPo battery support;<br data-start=\"144\" data-end=\"147\" \/>\u2022 Fast ESC protocols \u2013 DShot150, DShot300, DShot600;<br data-start=\"199\" data-end=\"202\" \/>\u2022 BB21F16G ESC processor for stable motor control;<br data-start=\"255\" data-end=\"258\" \/>\u2022 16\u00d716 mm mounting standard;<br data-start=\"325\" data-end=\"328\" \/>\u2022 BLHeli_S software \u2013 reliable and widely used in the FPV ecosystem;<br data-start=\"403\" data-end=\"406\" \/>\u2022 LED indicator.<\/p>\n<p data-start=\"320\" data-end=\"612\"><strong>Specification:<\/strong><\/p>\n<p data-start=\"320\" data-end=\"612\">\u2022 Model: GOKU HEX BS 6-IN-1 20A ESC with LED V3;<br \/>\n\u2022 ESC microcontroller: BB21F16G;<br data-start=\"98\" data-end=\"101\" \/>\u2022 Power LED: No;<br data-start=\"118\" data-end=\"121\" \/>\u2022 Continuous current: 20 A;<br data-start=\"142\" data-end=\"145\" \/>\u2022 Input: 2-4S LiPo;<br data-start=\"163\" data-end=\"166\" \/>\u2022 Supported protocols: PWM, Oneshot125, Oneshot42, Multishot, DShot150, DShot300, DShot600;<br data-start=\"255\" data-end=\"258\" \/>\u2022 Size: 33 \u00d7 35 mm plate, 16 mm mounting holes (M3);<br data-start=\"312\" data-end=\"315\" \/>\u2022 Weight: 6.4 g.<\/p>\n<p data-start=\"320\" data-end=\"612\"><strong>Measurements:<\/strong><\/p>\n<p data-start=\"320\" data-end=\"612\"><img loading=\"lazy\" decoding=\"async\" class=\"alignnone wp-image-17389 size-large\" src=\"https:\/\/1dronas.lt\/wp-content\/uploads\/2026\/03\/5-42_1512x-e1773003446947-1024x802.jpg\" alt=\"\" width=\"1020\" height=\"799\" srcset=\"https:\/\/1dronas.lt\/wp-content\/uploads\/2026\/03\/5-42_1512x-e1773003446947-1024x802.jpg 1024w, https:\/\/1dronas.lt\/wp-content\/uploads\/2026\/03\/5-42_1512x-e1773003446947-300x235.jpg 300w, https:\/\/1dronas.lt\/wp-content\/uploads\/2026\/03\/5-42_1512x-e1773003446947-768x601.jpg 768w, https:\/\/1dronas.lt\/wp-content\/uploads\/2026\/03\/5-42_1512x-e1773003446947-15x12.jpg 15w, https:\/\/1dronas.lt\/wp-content\/uploads\/2026\/03\/5-42_1512x-e1773003446947-510x399.jpg 510w, https:\/\/1dronas.lt\/wp-content\/uploads\/2026\/03\/5-42_1512x-e1773003446947.jpg 1512w\" sizes=\"auto, (max-width: 1020px) 100vw, 1020px\" \/><\/p>\n<p data-start=\"320\" data-end=\"612\"><img loading=\"lazy\" decoding=\"async\" class=\"alignnone wp-image-17390 size-full\" src=\"https:\/\/1dronas.lt\/wp-content\/uploads\/2026\/03\/GOKU-GN405-Nano-FC-V3-w-ELRS-2-4g-16x16-EN-5-scaled.jpg\" alt=\"\" width=\"1495\" height=\"2560\" srcset=\"https:\/\/1dronas.lt\/wp-content\/uploads\/2026\/03\/GOKU-GN405-Nano-FC-V3-w-ELRS-2-4g-16x16-EN-5-scaled.jpg 1495w, https:\/\/1dronas.lt\/wp-content\/uploads\/2026\/03\/GOKU-GN405-Nano-FC-V3-w-ELRS-2-4g-16x16-EN-5-175x300.jpg 175w, https:\/\/1dronas.lt\/wp-content\/uploads\/2026\/03\/GOKU-GN405-Nano-FC-V3-w-ELRS-2-4g-16x16-EN-5-598x1024.jpg 598w, https:\/\/1dronas.lt\/wp-content\/uploads\/2026\/03\/GOKU-GN405-Nano-FC-V3-w-ELRS-2-4g-16x16-EN-5-768x1315.jpg 768w, https:\/\/1dronas.lt\/wp-content\/uploads\/2026\/03\/GOKU-GN405-Nano-FC-V3-w-ELRS-2-4g-16x16-EN-5-897x1536.jpg 897w, https:\/\/1dronas.lt\/wp-content\/uploads\/2026\/03\/GOKU-GN405-Nano-FC-V3-w-ELRS-2-4g-16x16-EN-5-1196x2048.jpg 1196w, https:\/\/1dronas.lt\/wp-content\/uploads\/2026\/03\/GOKU-GN405-Nano-FC-V3-w-ELRS-2-4g-16x16-EN-5-7x12.jpg 7w, https:\/\/1dronas.lt\/wp-content\/uploads\/2026\/03\/GOKU-GN405-Nano-FC-V3-w-ELRS-2-4g-16x16-EN-5-510x873.jpg 510w\" sizes=\"auto, (max-width: 1495px) 100vw, 1495px\" \/><\/p>\n<p data-start=\"320\" data-end=\"612\">GOKU HEX BS 6-IN-1 20A ESC V3 is a compact electronic speed controller for small FPV drones. It supports 2-4S LiPo batteries, provides up to 20A of continuous current, and supports PWM, Oneshot, and DShot protocols. The 16\u00d716 mm mounting standard allows for easy integration of the ESC into compact drone frames.<\/p>\n<p data-start=\"320\" data-end=\"612\"><strong>Package:<\/strong><\/p>\n<p data-start=\"320\" data-end=\"612\">1x Flywoo GOKU HEX V3 F4 20A 2-4S 6-in-1;<br data-start=\"102\" data-end=\"105\" \/>1x Anti-vibration rubber (Shock-Absorbing Ball);<br data-start=\"150\" data-end=\"153\" \/>1x XT30U power cable;<br data-start=\"180\" data-end=\"183\" \/>1x Capacitor.<\/p>","protected":false},"excerpt":{"rendered":"<p><span style=\"color: #333333;\">Lightweight and compact 6-in-1 ESC board for small FPV drones with 2-4S LiPo batteries.<\/span><\/p>\n<p><span style=\"color: #333333;\"><strong><img loading=\"lazy\" decoding=\"async\" class=\"alignnone wp-image-1806\" src=\"https:\/\/1dronas.lt\/wp-content\/uploads\/2021\/05\/delivery-icon.png\" alt=\"\" width=\"24\" height=\"24\" srcset=\"https:\/\/1dronas.lt\/wp-content\/uploads\/2021\/05\/delivery-icon.png 35w, https:\/\/1dronas.lt\/wp-content\/uploads\/2021\/05\/delivery-icon-12x12.png 12w\" sizes=\"auto, (max-width: 24px) 100vw, 24px\" \/>\u00a0\u00a0\u00a0<span style=\"font-size: 90%;\">1 \u2013 2 days<\/span><\/strong><\/span><\/p>","protected":false},"featured_media":17388,"comment_status":"open","ping_status":"closed","template":"","meta":[],"product_brand":[1152],"product_cat":[217],"product_tag":[730,1227,1228,152,90,1226,935,888],"class_list":{"0":"post-17384","1":"product","2":"type-product","3":"status-publish","4":"has-post-thumbnail","6":"product_brand-flywoo","7":"product_cat-skydzio-valdikliai-fc-aio-stack","8":"product_tag-2-4s","9":"product_tag-20a","10":"product_tag-6in1","11":"product_tag-esc","12":"product_tag-flywoo","13":"product_tag-goku-bs","14":"product_tag-led","15":"product_tag-v3","17":"first","18":"instock","19":"taxable","20":"shipping-taxable","21":"purchasable","22":"product-type-simple"},"yoast_head":"<!-- This site is optimized with the Yoast SEO plugin v27.4 - https:\/\/yoast.com\/product\/yoast-seo-wordpress\/ -->\n<title>Flywoo GOKU BS 20A 6in1 2-4S ESC w\/LED V3 - 1dronas.lt<\/title>\n<meta name=\"robots\" content=\"index, follow, max-snippet:-1, max-image-preview:large, max-video-preview:-1\" \/>\n<link rel=\"canonical\" href=\"https:\/\/1dronas.lt\/en\/produktas\/flywoo-goku-bs-20a-6in1-2-4s-esc-w-led-v3\/\" \/>\n<meta property=\"og:locale\" content=\"en_US\" \/>\n<meta property=\"og:type\" content=\"article\" \/>\n<meta property=\"og:title\" content=\"Flywoo GOKU BS 20A 6in1 2-4S ESC w\/LED V3 - 1dronas.lt\" \/>\n<meta property=\"og:description\" content=\"Lengva ir kompakti\u0161ka 6-in-1 ESC plok\u0161t\u0117, skirta ma\u017eiems FPV dronams su 2\u20134S LiPo baterijomis.  \u00a0\u00a0\u00a01 \u2013 2 d. d.\" \/>\n<meta property=\"og:url\" content=\"https:\/\/1dronas.lt\/en\/produktas\/flywoo-goku-bs-20a-6in1-2-4s-esc-w-led-v3\/\" \/>\n<meta property=\"og:site_name\" content=\"1dronas.lt\" \/>\n<meta property=\"article:publisher\" content=\"https:\/\/www.facebook.com\/1dronas\/\" \/>\n<meta property=\"article:modified_time\" content=\"2026-03-08T22:04:04+00:00\" \/>\n<meta property=\"og:image\" content=\"https:\/\/1dronas.lt\/wp-content\/uploads\/2026\/03\/3-58_1800x.jpg\" \/>\n\t<meta property=\"og:image:width\" content=\"1800\" \/>\n\t<meta property=\"og:image:height\" content=\"1800\" \/>\n\t<meta property=\"og:image:type\" content=\"image\/jpeg\" \/>\n<meta name=\"twitter:card\" content=\"summary_large_image\" \/>\n<meta name=\"twitter:label1\" content=\"Est. reading time\" \/>\n\t<meta name=\"twitter:data1\" content=\"2 minutes\" \/>\n<script type=\"application\/ld+json\" class=\"yoast-schema-graph\">{\"@context\":\"https:\\\/\\\/schema.org\",\"@graph\":[{\"@type\":\"WebPage\",\"@id\":\"https:\\\/\\\/1dronas.lt\\\/en\\\/produktas\\\/flywoo-goku-bs-20a-6in1-2-4s-esc-w-led-v3\\\/\",\"url\":\"https:\\\/\\\/1dronas.lt\\\/en\\\/produktas\\\/flywoo-goku-bs-20a-6in1-2-4s-esc-w-led-v3\\\/\",\"name\":\"Flywoo GOKU BS 20A 6in1 2-4S ESC w\\\/LED V3 - 1dronas.lt\",\"isPartOf\":{\"@id\":\"https:\\\/\\\/1dronas.lt\\\/en\\\/#website\"},\"primaryImageOfPage\":{\"@id\":\"https:\\\/\\\/1dronas.lt\\\/en\\\/produktas\\\/flywoo-goku-bs-20a-6in1-2-4s-esc-w-led-v3\\\/#primaryimage\"},\"image\":{\"@id\":\"https:\\\/\\\/1dronas.lt\\\/en\\\/produktas\\\/flywoo-goku-bs-20a-6in1-2-4s-esc-w-led-v3\\\/#primaryimage\"},\"thumbnailUrl\":\"https:\\\/\\\/1dronas.lt\\\/wp-content\\\/uploads\\\/2026\\\/03\\\/3-58_1800x.jpg\",\"datePublished\":\"2026-03-08T22:00:48+00:00\",\"dateModified\":\"2026-03-08T22:04:04+00:00\",\"breadcrumb\":{\"@id\":\"https:\\\/\\\/1dronas.lt\\\/en\\\/produktas\\\/flywoo-goku-bs-20a-6in1-2-4s-esc-w-led-v3\\\/#breadcrumb\"},\"inLanguage\":\"en-US\",\"potentialAction\":[{\"@type\":\"ReadAction\",\"target\":[\"https:\\\/\\\/1dronas.lt\\\/en\\\/produktas\\\/flywoo-goku-bs-20a-6in1-2-4s-esc-w-led-v3\\\/\"]}]},{\"@type\":\"ImageObject\",\"inLanguage\":\"en-US\",\"@id\":\"https:\\\/\\\/1dronas.lt\\\/en\\\/produktas\\\/flywoo-goku-bs-20a-6in1-2-4s-esc-w-led-v3\\\/#primaryimage\",\"url\":\"https:\\\/\\\/1dronas.lt\\\/wp-content\\\/uploads\\\/2026\\\/03\\\/3-58_1800x.jpg\",\"contentUrl\":\"https:\\\/\\\/1dronas.lt\\\/wp-content\\\/uploads\\\/2026\\\/03\\\/3-58_1800x.jpg\",\"width\":1800,\"height\":1800},{\"@type\":\"BreadcrumbList\",\"@id\":\"https:\\\/\\\/1dronas.lt\\\/en\\\/produktas\\\/flywoo-goku-bs-20a-6in1-2-4s-esc-w-led-v3\\\/#breadcrumb\",\"itemListElement\":[{\"@type\":\"ListItem\",\"position\":1,\"name\":\"Home\",\"item\":\"https:\\\/\\\/1dronas.lt\\\/\"},{\"@type\":\"ListItem\",\"position\":2,\"name\":\"Parduotuv\u0117\",\"item\":\"https:\\\/\\\/1dronas.lt\\\/parduotuve\\\/\"},{\"@type\":\"ListItem\",\"position\":3,\"name\":\"Flywoo GOKU BS 20A 6in1 2-4S ESC w\\\/LED V3\"}]},{\"@type\":\"WebSite\",\"@id\":\"https:\\\/\\\/1dronas.lt\\\/en\\\/#website\",\"url\":\"https:\\\/\\\/1dronas.lt\\\/en\\\/\",\"name\":\"1dronas.lt\",\"description\":\"Internetin\u0117 parduotuv\u0117\",\"publisher\":{\"@id\":\"https:\\\/\\\/1dronas.lt\\\/en\\\/#organization\"},\"potentialAction\":[{\"@type\":\"SearchAction\",\"target\":{\"@type\":\"EntryPoint\",\"urlTemplate\":\"https:\\\/\\\/1dronas.lt\\\/en\\\/?s={search_term_string}\"},\"query-input\":{\"@type\":\"PropertyValueSpecification\",\"valueRequired\":true,\"valueName\":\"search_term_string\"}}],\"inLanguage\":\"en-US\"},{\"@type\":\"Organization\",\"@id\":\"https:\\\/\\\/1dronas.lt\\\/en\\\/#organization\",\"name\":\"1dronas.lt\",\"url\":\"https:\\\/\\\/1dronas.lt\\\/en\\\/\",\"logo\":{\"@type\":\"ImageObject\",\"inLanguage\":\"en-US\",\"@id\":\"https:\\\/\\\/1dronas.lt\\\/en\\\/#\\\/schema\\\/logo\\\/image\\\/\",\"url\":\"https:\\\/\\\/1dronas.lt\\\/wp-content\\\/uploads\\\/2020\\\/12\\\/Ekrano_kopija__2_-removebg-preview-1-1.png\",\"contentUrl\":\"https:\\\/\\\/1dronas.lt\\\/wp-content\\\/uploads\\\/2020\\\/12\\\/Ekrano_kopija__2_-removebg-preview-1-1.png\",\"width\":234,\"height\":81,\"caption\":\"1dronas.lt\"},\"image\":{\"@id\":\"https:\\\/\\\/1dronas.lt\\\/en\\\/#\\\/schema\\\/logo\\\/image\\\/\"},\"sameAs\":[\"https:\\\/\\\/www.facebook.com\\\/1dronas\\\/\"]}]}<\/script>\n<!-- \/ Yoast SEO plugin. -->","yoast_head_json":{"title":"Flywoo GOKU BS 20A 6in1 2-4S ESC w\/LED V3 - 1dronas.lt","robots":{"index":"index","follow":"follow","max-snippet":"max-snippet:-1","max-image-preview":"max-image-preview:large","max-video-preview":"max-video-preview:-1"},"canonical":"https:\/\/1dronas.lt\/en\/produktas\/flywoo-goku-bs-20a-6in1-2-4s-esc-w-led-v3\/","og_locale":"en_US","og_type":"article","og_title":"Flywoo GOKU BS 20A 6in1 2-4S ESC w\/LED V3 - 1dronas.lt","og_description":"Lengva ir kompakti\u0161ka 6-in-1 ESC plok\u0161t\u0117, skirta ma\u017eiems FPV dronams su 2\u20134S LiPo baterijomis.  \u00a0\u00a0\u00a01 \u2013 2 d. d.","og_url":"https:\/\/1dronas.lt\/en\/produktas\/flywoo-goku-bs-20a-6in1-2-4s-esc-w-led-v3\/","og_site_name":"1dronas.lt","article_publisher":"https:\/\/www.facebook.com\/1dronas\/","article_modified_time":"2026-03-08T22:04:04+00:00","og_image":[{"width":1800,"height":1800,"url":"https:\/\/1dronas.lt\/wp-content\/uploads\/2026\/03\/3-58_1800x.jpg","type":"image\/jpeg"}],"twitter_card":"summary_large_image","twitter_misc":{"Est. reading time":"2 minutes"},"schema":{"@context":"https:\/\/schema.org","@graph":[{"@type":"WebPage","@id":"https:\/\/1dronas.lt\/en\/produktas\/flywoo-goku-bs-20a-6in1-2-4s-esc-w-led-v3\/","url":"https:\/\/1dronas.lt\/en\/produktas\/flywoo-goku-bs-20a-6in1-2-4s-esc-w-led-v3\/","name":"Flywoo GOKU BS 20A 6in1 2-4S ESC w\/LED V3 - 1dronas.lt","isPartOf":{"@id":"https:\/\/1dronas.lt\/en\/#website"},"primaryImageOfPage":{"@id":"https:\/\/1dronas.lt\/en\/produktas\/flywoo-goku-bs-20a-6in1-2-4s-esc-w-led-v3\/#primaryimage"},"image":{"@id":"https:\/\/1dronas.lt\/en\/produktas\/flywoo-goku-bs-20a-6in1-2-4s-esc-w-led-v3\/#primaryimage"},"thumbnailUrl":"https:\/\/1dronas.lt\/wp-content\/uploads\/2026\/03\/3-58_1800x.jpg","datePublished":"2026-03-08T22:00:48+00:00","dateModified":"2026-03-08T22:04:04+00:00","breadcrumb":{"@id":"https:\/\/1dronas.lt\/en\/produktas\/flywoo-goku-bs-20a-6in1-2-4s-esc-w-led-v3\/#breadcrumb"},"inLanguage":"en-US","potentialAction":[{"@type":"ReadAction","target":["https:\/\/1dronas.lt\/en\/produktas\/flywoo-goku-bs-20a-6in1-2-4s-esc-w-led-v3\/"]}]},{"@type":"ImageObject","inLanguage":"en-US","@id":"https:\/\/1dronas.lt\/en\/produktas\/flywoo-goku-bs-20a-6in1-2-4s-esc-w-led-v3\/#primaryimage","url":"https:\/\/1dronas.lt\/wp-content\/uploads\/2026\/03\/3-58_1800x.jpg","contentUrl":"https:\/\/1dronas.lt\/wp-content\/uploads\/2026\/03\/3-58_1800x.jpg","width":1800,"height":1800},{"@type":"BreadcrumbList","@id":"https:\/\/1dronas.lt\/en\/produktas\/flywoo-goku-bs-20a-6in1-2-4s-esc-w-led-v3\/#breadcrumb","itemListElement":[{"@type":"ListItem","position":1,"name":"Home","item":"https:\/\/1dronas.lt\/"},{"@type":"ListItem","position":2,"name":"Parduotuv\u0117","item":"https:\/\/1dronas.lt\/parduotuve\/"},{"@type":"ListItem","position":3,"name":"Flywoo GOKU BS 20A 6in1 2-4S ESC w\/LED V3"}]},{"@type":"WebSite","@id":"https:\/\/1dronas.lt\/en\/#website","url":"https:\/\/1dronas.lt\/en\/","name":"1dronas.lt","description":"Online store","publisher":{"@id":"https:\/\/1dronas.lt\/en\/#organization"},"potentialAction":[{"@type":"SearchAction","target":{"@type":"EntryPoint","urlTemplate":"https:\/\/1dronas.lt\/en\/?s={search_term_string}"},"query-input":{"@type":"PropertyValueSpecification","valueRequired":true,"valueName":"search_term_string"}}],"inLanguage":"en-US"},{"@type":"Organization","@id":"https:\/\/1dronas.lt\/en\/#organization","name":"1dronas.lt","url":"https:\/\/1dronas.lt\/en\/","logo":{"@type":"ImageObject","inLanguage":"en-US","@id":"https:\/\/1dronas.lt\/en\/#\/schema\/logo\/image\/","url":"https:\/\/1dronas.lt\/wp-content\/uploads\/2020\/12\/Ekrano_kopija__2_-removebg-preview-1-1.png","contentUrl":"https:\/\/1dronas.lt\/wp-content\/uploads\/2020\/12\/Ekrano_kopija__2_-removebg-preview-1-1.png","width":234,"height":81,"caption":"1dronas.lt"},"image":{"@id":"https:\/\/1dronas.lt\/en\/#\/schema\/logo\/image\/"},"sameAs":["https:\/\/www.facebook.com\/1dronas\/"]}]}},"jetpack_sharing_enabled":true,"_links":{"self":[{"href":"https:\/\/1dronas.lt\/en\/wp-json\/wp\/v2\/product\/17384","targetHints":{"allow":["GET"]}}],"collection":[{"href":"https:\/\/1dronas.lt\/en\/wp-json\/wp\/v2\/product"}],"about":[{"href":"https:\/\/1dronas.lt\/en\/wp-json\/wp\/v2\/types\/product"}],"replies":[{"embeddable":true,"href":"https:\/\/1dronas.lt\/en\/wp-json\/wp\/v2\/comments?post=17384"}],"wp:featuredmedia":[{"embeddable":true,"href":"https:\/\/1dronas.lt\/en\/wp-json\/wp\/v2\/media\/17388"}],"wp:attachment":[{"href":"https:\/\/1dronas.lt\/en\/wp-json\/wp\/v2\/media?parent=17384"}],"wp:term":[{"taxonomy":"product_brand","embeddable":true,"href":"https:\/\/1dronas.lt\/en\/wp-json\/wp\/v2\/product_brand?post=17384"},{"taxonomy":"product_cat","embeddable":true,"href":"https:\/\/1dronas.lt\/en\/wp-json\/wp\/v2\/product_cat?post=17384"},{"taxonomy":"product_tag","embeddable":true,"href":"https:\/\/1dronas.lt\/en\/wp-json\/wp\/v2\/product_tag?post=17384"}],"curies":[{"name":"wp","href":"https:\/\/api.w.org\/{rel}","templated":true}]}}