{"id":17128,"date":"2026-02-26T19:41:50","date_gmt":"2026-02-26T17:41:50","guid":{"rendered":"https:\/\/1dronas.lt\/?post_type=product&#038;p=17128"},"modified":"2026-04-15T16:56:22","modified_gmt":"2026-04-15T13:56:22","slug":"hota-s6-ultra-gan-ac-480w-dc-650w-1-6s-dual-channel-charger","status":"publish","type":"product","link":"https:\/\/1dronas.lt\/en\/produktas\/hota-s6-ultra-gan-ac-480w-dc-650w-1-6s-dual-channel-charger\/","title":{"rendered":"HOTA S6 Ultra GaN AC 480W DC 650W 1-6S Dual Channel Charger"},"content":{"rendered":"<p data-start=\"17\" data-end=\"83\">Universal dual-channel battery charger for various types of batteries - from LiPo to NiMH or lead-acid batteries. High total charging power of up to 500 W, precise balancing and a wide adjustment range allow for safe and efficient charging of batteries for both hobbyists and advanced users. Compact housing and additional USB port provide even more convenience for everyday use.<\/p>\n<p data-start=\"17\" data-end=\"83\"><strong>Features:<\/strong><\/p>\n<p data-start=\"17\" data-end=\"83\">\u2022 Wide input voltage range;<br \/>\n\u2022 Dual charging channel with up to 325 W power for each;<br \/>\n\u2022 Maximum total charging power \u2013 500 W;<br \/>\n\u2022 Adjustable charging current from 0.1 to 15 A (up to 22 A in total);<br \/>\n\u2022 Supports various battery types;<br \/>\n\u2022 Balancing function with 1600 mA current for precise cell equalization;<br \/>\n\u2022 Internal and external unloading function;<br \/>\n\u2022 USB output 5 V \/ 2.1 A for additional devices;<br \/>\n\u2022 Compact size.<\/p>\n<p><strong>Specification:<\/strong><\/p>\n<p data-start=\"0\" data-end=\"308\">\u2022 Input voltage: AC 100-240 V \/ DC 10.5-30 V;<br data-start=\"48\" data-end=\"51\" \/>\u2022 Charging power: DC 325 W \u00d72 when input voltage &gt;25 V;<br data-start=\"109\" data-end=\"112\" \/>\u2022 AC 480 W (power distribution supported);<br data-start=\"153\" data-end=\"156\" \/>\u2022 Charging current: 0.1\u201315 A \u00d72;<br data-start=\"187\" data-end=\"190\" \/>\u2022 Discharge power:<br data-start=\"210\" data-end=\"213\" \/>Internal discharge: 15 W \u00d72 (balancing connection 10 V \u00d72);<br data-start=\"268\" data-end=\"271\" \/>External discharge: 325 W \u00d72 (650 W);<br \/>\n\u2022 Battery types:<br data-start=\"329\" data-end=\"332\" \/>LiHV\/LiPo\/LiFe\/LiIon\/Lixx: 1-6S;<br data-start=\"371\" data-end=\"374\" \/>NiZn\/NiCd\/NiMH: 1-16S;<br data-start=\"399\" data-end=\"402\" \/>Smart battery: 1-6S;<br data-start=\"426\" data-end=\"429\" \/>Lead-acid (Pb): 1\u201312S (2\u201324 V);<br data-start=\"464\" data-end=\"467\" \/>Eneloop: 1\u201316S;<br \/>\n\u2022 Balancing current: 1600 mA \u00d72;<br data-start=\"518\" data-end=\"521\" \/>\u2022 Discharge current: 0.1\u20133 A \u00d72;<br \/>\n\u2022 Total charging power: 500 W;<br data-start=\"588\" data-end=\"591\" \/>\u2022 Total charging current: 0.1\u201322 A;<br \/>\n\u2022 USB output: 5V \/ 2.1A;<br \/>\n\u2022 Storage temperature: \u201320 ~ 60\u2103;<br data-start=\"698\" data-end=\"701\" \/>\u2022 Operating temperature: 0-40\u2103;<br \/>\n\u2022 Dimensions: 116 x 116 x 85 mm;<br data-start=\"767\" data-end=\"770\" \/>\u2022 Weight: 800 g.<\/p>\n<p data-start=\"0\" data-end=\"308\"><strong>Package:<\/strong><\/p>\n<p>1x HOTA S6 Ultra GaN AC 480W DC 650W 1-6S Dual Channel Charger;<br \/>\n1x Power cord;<br \/>\n1x User manual.<\/p>\n<p><img loading=\"lazy\" decoding=\"async\" class=\"alignnone wp-image-17129 size-large\" src=\"https:\/\/1dronas.lt\/wp-content\/uploads\/2026\/02\/S1d02c84d0b2f4fbfa1d87b48b9ce2aabS-e1772127551452-1024x448.jpg\" alt=\"\" width=\"1020\" height=\"446\" srcset=\"https:\/\/1dronas.lt\/wp-content\/uploads\/2026\/02\/S1d02c84d0b2f4fbfa1d87b48b9ce2aabS-e1772127551452-1024x448.jpg 1024w, https:\/\/1dronas.lt\/wp-content\/uploads\/2026\/02\/S1d02c84d0b2f4fbfa1d87b48b9ce2aabS-e1772127551452-300x131.jpg 300w, https:\/\/1dronas.lt\/wp-content\/uploads\/2026\/02\/S1d02c84d0b2f4fbfa1d87b48b9ce2aabS-e1772127551452-768x336.jpg 768w, https:\/\/1dronas.lt\/wp-content\/uploads\/2026\/02\/S1d02c84d0b2f4fbfa1d87b48b9ce2aabS-e1772127551452-1536x672.jpg 1536w, https:\/\/1dronas.lt\/wp-content\/uploads\/2026\/02\/S1d02c84d0b2f4fbfa1d87b48b9ce2aabS-e1772127551452-18x8.jpg 18w, https:\/\/1dronas.lt\/wp-content\/uploads\/2026\/02\/S1d02c84d0b2f4fbfa1d87b48b9ce2aabS-e1772127551452-510x223.jpg 510w, https:\/\/1dronas.lt\/wp-content\/uploads\/2026\/02\/S1d02c84d0b2f4fbfa1d87b48b9ce2aabS-e1772127551452.jpg 1920w\" sizes=\"auto, (max-width: 1020px) 100vw, 1020px\" \/><\/p>","protected":false},"excerpt":{"rendered":"<p><span style=\"color: #333333;\">Universal dual-channel battery charger for various types of batteries<\/span><\/p>\n<p><span style=\"color: #333333;\"><strong><img loading=\"lazy\" decoding=\"async\" class=\"alignnone wp-image-1806\" src=\"https:\/\/1dronas.lt\/wp-content\/uploads\/2021\/05\/delivery-icon.png\" alt=\"\" width=\"24\" height=\"24\" srcset=\"https:\/\/1dronas.lt\/wp-content\/uploads\/2021\/05\/delivery-icon.png 35w, https:\/\/1dronas.lt\/wp-content\/uploads\/2021\/05\/delivery-icon-12x12.png 12w\" sizes=\"auto, (max-width: 24px) 100vw, 24px\" \/>\u00a0 <span style=\"font-size: 90%;\">1 \u2013 2 days<\/span><\/strong><\/span><\/p>","protected":false},"featured_media":17132,"comment_status":"open","ping_status":"closed","template":"","meta":[],"product_brand":[646],"product_cat":[157],"product_tag":[591,728,586,1201,647,372,1022],"class_list":{"0":"post-17128","1":"product","2":"type-product","3":"status-publish","4":"has-post-thumbnail","6":"product_brand-hota","7":"product_cat-ikrovikliai","8":"product_tag-1-6s","9":"product_tag-ac-dc","10":"product_tag-dual-channel","11":"product_tag-gan","12":"product_tag-hota-s6","13":"product_tag-ikroviklis","14":"product_tag-ultra","16":"first","17":"instock","18":"taxable","19":"shipping-taxable","20":"purchasable","21":"product-type-simple"},"yoast_head":"<!-- This site is optimized with the Yoast SEO plugin v27.4 - https:\/\/yoast.com\/product\/yoast-seo-wordpress\/ -->\n<title>HOTA S6 Ultra GaN AC 480W DC 650W 1-6S Dual Channel Charger - 1dronas.lt<\/title>\n<meta name=\"robots\" content=\"index, follow, max-snippet:-1, max-image-preview:large, max-video-preview:-1\" \/>\n<link rel=\"canonical\" href=\"https:\/\/1dronas.lt\/en\/produktas\/hota-s6-ultra-gan-ac-480w-dc-650w-1-6s-dual-channel-charger\/\" \/>\n<meta property=\"og:locale\" content=\"en_US\" \/>\n<meta property=\"og:type\" content=\"article\" \/>\n<meta property=\"og:title\" content=\"HOTA S6 Ultra GaN AC 480W DC 650W 1-6S Dual Channel Charger - 1dronas.lt\" \/>\n<meta property=\"og:description\" content=\"Universalus dviej\u0173 kanal\u0173 baterij\u0173 \u012fkroviklis, skirtas \u012fvairi\u0173 tip\u0173 akumuliatoriams  \u00a0 1 \u2013 2 d. d.\" \/>\n<meta property=\"og:url\" content=\"https:\/\/1dronas.lt\/en\/produktas\/hota-s6-ultra-gan-ac-480w-dc-650w-1-6s-dual-channel-charger\/\" \/>\n<meta property=\"og:site_name\" content=\"1dronas.lt\" \/>\n<meta property=\"article:publisher\" content=\"https:\/\/www.facebook.com\/1dronas\/\" \/>\n<meta property=\"article:modified_time\" content=\"2026-04-15T13:56:22+00:00\" \/>\n<meta property=\"og:image\" content=\"https:\/\/1dronas.lt\/wp-content\/uploads\/2026\/02\/HOTA_S6_Ultra_AC_DC_Charger_1-2.png\" \/>\n\t<meta property=\"og:image:width\" content=\"1000\" \/>\n\t<meta property=\"og:image:height\" content=\"1000\" \/>\n\t<meta property=\"og:image:type\" content=\"image\/png\" \/>\n<meta name=\"twitter:card\" content=\"summary_large_image\" \/>\n<meta name=\"twitter:label1\" content=\"Est. reading time\" \/>\n\t<meta name=\"twitter:data1\" content=\"2 minutes\" \/>\n<script type=\"application\/ld+json\" class=\"yoast-schema-graph\">{\"@context\":\"https:\\\/\\\/schema.org\",\"@graph\":[{\"@type\":\"WebPage\",\"@id\":\"https:\\\/\\\/1dronas.lt\\\/en\\\/produktas\\\/hota-s6-ultra-gan-ac-480w-dc-650w-1-6s-dual-channel-charger\\\/\",\"url\":\"https:\\\/\\\/1dronas.lt\\\/en\\\/produktas\\\/hota-s6-ultra-gan-ac-480w-dc-650w-1-6s-dual-channel-charger\\\/\",\"name\":\"HOTA S6 Ultra GaN AC 480W DC 650W 1-6S Dual Channel Charger - 1dronas.lt\",\"isPartOf\":{\"@id\":\"https:\\\/\\\/1dronas.lt\\\/en\\\/#website\"},\"primaryImageOfPage\":{\"@id\":\"https:\\\/\\\/1dronas.lt\\\/en\\\/produktas\\\/hota-s6-ultra-gan-ac-480w-dc-650w-1-6s-dual-channel-charger\\\/#primaryimage\"},\"image\":{\"@id\":\"https:\\\/\\\/1dronas.lt\\\/en\\\/produktas\\\/hota-s6-ultra-gan-ac-480w-dc-650w-1-6s-dual-channel-charger\\\/#primaryimage\"},\"thumbnailUrl\":\"https:\\\/\\\/1dronas.lt\\\/wp-content\\\/uploads\\\/2026\\\/02\\\/HOTA_S6_Ultra_AC_DC_Charger_1-2.png\",\"datePublished\":\"2026-02-26T17:41:50+00:00\",\"dateModified\":\"2026-04-15T13:56:22+00:00\",\"breadcrumb\":{\"@id\":\"https:\\\/\\\/1dronas.lt\\\/en\\\/produktas\\\/hota-s6-ultra-gan-ac-480w-dc-650w-1-6s-dual-channel-charger\\\/#breadcrumb\"},\"inLanguage\":\"en-US\",\"potentialAction\":[{\"@type\":\"ReadAction\",\"target\":[\"https:\\\/\\\/1dronas.lt\\\/en\\\/produktas\\\/hota-s6-ultra-gan-ac-480w-dc-650w-1-6s-dual-channel-charger\\\/\"]}]},{\"@type\":\"ImageObject\",\"inLanguage\":\"en-US\",\"@id\":\"https:\\\/\\\/1dronas.lt\\\/en\\\/produktas\\\/hota-s6-ultra-gan-ac-480w-dc-650w-1-6s-dual-channel-charger\\\/#primaryimage\",\"url\":\"https:\\\/\\\/1dronas.lt\\\/wp-content\\\/uploads\\\/2026\\\/02\\\/HOTA_S6_Ultra_AC_DC_Charger_1-2.png\",\"contentUrl\":\"https:\\\/\\\/1dronas.lt\\\/wp-content\\\/uploads\\\/2026\\\/02\\\/HOTA_S6_Ultra_AC_DC_Charger_1-2.png\",\"width\":1000,\"height\":1000},{\"@type\":\"BreadcrumbList\",\"@id\":\"https:\\\/\\\/1dronas.lt\\\/en\\\/produktas\\\/hota-s6-ultra-gan-ac-480w-dc-650w-1-6s-dual-channel-charger\\\/#breadcrumb\",\"itemListElement\":[{\"@type\":\"ListItem\",\"position\":1,\"name\":\"Home\",\"item\":\"https:\\\/\\\/1dronas.lt\\\/\"},{\"@type\":\"ListItem\",\"position\":2,\"name\":\"Parduotuv\u0117\",\"item\":\"https:\\\/\\\/1dronas.lt\\\/parduotuve\\\/\"},{\"@type\":\"ListItem\",\"position\":3,\"name\":\"HOTA S6 Ultra GaN AC 480W DC 650W 1-6S Dual Channel Charger\"}]},{\"@type\":\"WebSite\",\"@id\":\"https:\\\/\\\/1dronas.lt\\\/en\\\/#website\",\"url\":\"https:\\\/\\\/1dronas.lt\\\/en\\\/\",\"name\":\"1dronas.lt\",\"description\":\"Internetin\u0117 parduotuv\u0117\",\"publisher\":{\"@id\":\"https:\\\/\\\/1dronas.lt\\\/en\\\/#organization\"},\"potentialAction\":[{\"@type\":\"SearchAction\",\"target\":{\"@type\":\"EntryPoint\",\"urlTemplate\":\"https:\\\/\\\/1dronas.lt\\\/en\\\/?s={search_term_string}\"},\"query-input\":{\"@type\":\"PropertyValueSpecification\",\"valueRequired\":true,\"valueName\":\"search_term_string\"}}],\"inLanguage\":\"en-US\"},{\"@type\":\"Organization\",\"@id\":\"https:\\\/\\\/1dronas.lt\\\/en\\\/#organization\",\"name\":\"1dronas.lt\",\"url\":\"https:\\\/\\\/1dronas.lt\\\/en\\\/\",\"logo\":{\"@type\":\"ImageObject\",\"inLanguage\":\"en-US\",\"@id\":\"https:\\\/\\\/1dronas.lt\\\/en\\\/#\\\/schema\\\/logo\\\/image\\\/\",\"url\":\"https:\\\/\\\/1dronas.lt\\\/wp-content\\\/uploads\\\/2020\\\/12\\\/Ekrano_kopija__2_-removebg-preview-1-1.png\",\"contentUrl\":\"https:\\\/\\\/1dronas.lt\\\/wp-content\\\/uploads\\\/2020\\\/12\\\/Ekrano_kopija__2_-removebg-preview-1-1.png\",\"width\":234,\"height\":81,\"caption\":\"1dronas.lt\"},\"image\":{\"@id\":\"https:\\\/\\\/1dronas.lt\\\/en\\\/#\\\/schema\\\/logo\\\/image\\\/\"},\"sameAs\":[\"https:\\\/\\\/www.facebook.com\\\/1dronas\\\/\"]}]}<\/script>\n<!-- \/ Yoast SEO plugin. -->","yoast_head_json":{"title":"HOTA S6 Ultra GaN AC 480W DC 650W 1-6S Dual Channel Charger - 1dronas.lt","robots":{"index":"index","follow":"follow","max-snippet":"max-snippet:-1","max-image-preview":"max-image-preview:large","max-video-preview":"max-video-preview:-1"},"canonical":"https:\/\/1dronas.lt\/en\/produktas\/hota-s6-ultra-gan-ac-480w-dc-650w-1-6s-dual-channel-charger\/","og_locale":"en_US","og_type":"article","og_title":"HOTA S6 Ultra GaN AC 480W DC 650W 1-6S Dual Channel Charger - 1dronas.lt","og_description":"Universalus dviej\u0173 kanal\u0173 baterij\u0173 \u012fkroviklis, skirtas \u012fvairi\u0173 tip\u0173 akumuliatoriams  \u00a0 1 \u2013 2 d. d.","og_url":"https:\/\/1dronas.lt\/en\/produktas\/hota-s6-ultra-gan-ac-480w-dc-650w-1-6s-dual-channel-charger\/","og_site_name":"1dronas.lt","article_publisher":"https:\/\/www.facebook.com\/1dronas\/","article_modified_time":"2026-04-15T13:56:22+00:00","og_image":[{"width":1000,"height":1000,"url":"https:\/\/1dronas.lt\/wp-content\/uploads\/2026\/02\/HOTA_S6_Ultra_AC_DC_Charger_1-2.png","type":"image\/png"}],"twitter_card":"summary_large_image","twitter_misc":{"Est. reading time":"2 minutes"},"schema":{"@context":"https:\/\/schema.org","@graph":[{"@type":"WebPage","@id":"https:\/\/1dronas.lt\/en\/produktas\/hota-s6-ultra-gan-ac-480w-dc-650w-1-6s-dual-channel-charger\/","url":"https:\/\/1dronas.lt\/en\/produktas\/hota-s6-ultra-gan-ac-480w-dc-650w-1-6s-dual-channel-charger\/","name":"HOTA S6 Ultra GaN AC 480W DC 650W 1-6S Dual Channel Charger - 1dronas.lt","isPartOf":{"@id":"https:\/\/1dronas.lt\/en\/#website"},"primaryImageOfPage":{"@id":"https:\/\/1dronas.lt\/en\/produktas\/hota-s6-ultra-gan-ac-480w-dc-650w-1-6s-dual-channel-charger\/#primaryimage"},"image":{"@id":"https:\/\/1dronas.lt\/en\/produktas\/hota-s6-ultra-gan-ac-480w-dc-650w-1-6s-dual-channel-charger\/#primaryimage"},"thumbnailUrl":"https:\/\/1dronas.lt\/wp-content\/uploads\/2026\/02\/HOTA_S6_Ultra_AC_DC_Charger_1-2.png","datePublished":"2026-02-26T17:41:50+00:00","dateModified":"2026-04-15T13:56:22+00:00","breadcrumb":{"@id":"https:\/\/1dronas.lt\/en\/produktas\/hota-s6-ultra-gan-ac-480w-dc-650w-1-6s-dual-channel-charger\/#breadcrumb"},"inLanguage":"en-US","potentialAction":[{"@type":"ReadAction","target":["https:\/\/1dronas.lt\/en\/produktas\/hota-s6-ultra-gan-ac-480w-dc-650w-1-6s-dual-channel-charger\/"]}]},{"@type":"ImageObject","inLanguage":"en-US","@id":"https:\/\/1dronas.lt\/en\/produktas\/hota-s6-ultra-gan-ac-480w-dc-650w-1-6s-dual-channel-charger\/#primaryimage","url":"https:\/\/1dronas.lt\/wp-content\/uploads\/2026\/02\/HOTA_S6_Ultra_AC_DC_Charger_1-2.png","contentUrl":"https:\/\/1dronas.lt\/wp-content\/uploads\/2026\/02\/HOTA_S6_Ultra_AC_DC_Charger_1-2.png","width":1000,"height":1000},{"@type":"BreadcrumbList","@id":"https:\/\/1dronas.lt\/en\/produktas\/hota-s6-ultra-gan-ac-480w-dc-650w-1-6s-dual-channel-charger\/#breadcrumb","itemListElement":[{"@type":"ListItem","position":1,"name":"Home","item":"https:\/\/1dronas.lt\/"},{"@type":"ListItem","position":2,"name":"Parduotuv\u0117","item":"https:\/\/1dronas.lt\/parduotuve\/"},{"@type":"ListItem","position":3,"name":"HOTA S6 Ultra GaN AC 480W DC 650W 1-6S Dual Channel Charger"}]},{"@type":"WebSite","@id":"https:\/\/1dronas.lt\/en\/#website","url":"https:\/\/1dronas.lt\/en\/","name":"1dronas.lt","description":"Online store","publisher":{"@id":"https:\/\/1dronas.lt\/en\/#organization"},"potentialAction":[{"@type":"SearchAction","target":{"@type":"EntryPoint","urlTemplate":"https:\/\/1dronas.lt\/en\/?s={search_term_string}"},"query-input":{"@type":"PropertyValueSpecification","valueRequired":true,"valueName":"search_term_string"}}],"inLanguage":"en-US"},{"@type":"Organization","@id":"https:\/\/1dronas.lt\/en\/#organization","name":"1dronas.lt","url":"https:\/\/1dronas.lt\/en\/","logo":{"@type":"ImageObject","inLanguage":"en-US","@id":"https:\/\/1dronas.lt\/en\/#\/schema\/logo\/image\/","url":"https:\/\/1dronas.lt\/wp-content\/uploads\/2020\/12\/Ekrano_kopija__2_-removebg-preview-1-1.png","contentUrl":"https:\/\/1dronas.lt\/wp-content\/uploads\/2020\/12\/Ekrano_kopija__2_-removebg-preview-1-1.png","width":234,"height":81,"caption":"1dronas.lt"},"image":{"@id":"https:\/\/1dronas.lt\/en\/#\/schema\/logo\/image\/"},"sameAs":["https:\/\/www.facebook.com\/1dronas\/"]}]}},"jetpack_sharing_enabled":true,"_links":{"self":[{"href":"https:\/\/1dronas.lt\/en\/wp-json\/wp\/v2\/product\/17128","targetHints":{"allow":["GET"]}}],"collection":[{"href":"https:\/\/1dronas.lt\/en\/wp-json\/wp\/v2\/product"}],"about":[{"href":"https:\/\/1dronas.lt\/en\/wp-json\/wp\/v2\/types\/product"}],"replies":[{"embeddable":true,"href":"https:\/\/1dronas.lt\/en\/wp-json\/wp\/v2\/comments?post=17128"}],"wp:featuredmedia":[{"embeddable":true,"href":"https:\/\/1dronas.lt\/en\/wp-json\/wp\/v2\/media\/17132"}],"wp:attachment":[{"href":"https:\/\/1dronas.lt\/en\/wp-json\/wp\/v2\/media?parent=17128"}],"wp:term":[{"taxonomy":"product_brand","embeddable":true,"href":"https:\/\/1dronas.lt\/en\/wp-json\/wp\/v2\/product_brand?post=17128"},{"taxonomy":"product_cat","embeddable":true,"href":"https:\/\/1dronas.lt\/en\/wp-json\/wp\/v2\/product_cat?post=17128"},{"taxonomy":"product_tag","embeddable":true,"href":"https:\/\/1dronas.lt\/en\/wp-json\/wp\/v2\/product_tag?post=17128"}],"curies":[{"name":"wp","href":"https:\/\/api.w.org\/{rel}","templated":true}]}}