{"id":17099,"date":"2026-02-25T21:07:43","date_gmt":"2026-02-25T19:07:43","guid":{"rendered":"https:\/\/1dronas.lt\/?post_type=product&#038;p=17099"},"modified":"2026-02-25T21:09:47","modified_gmt":"2026-02-25T19:09:47","slug":"geprc-elrs-nano-dual-2-4g-c3-true-diversity-receiver","status":"publish","type":"product","link":"https:\/\/1dronas.lt\/en\/produktas\/geprc-elrs-nano-dual-2-4g-c3-true-diversity-receiver\/","title":{"rendered":"GEPRC ELRS Nano DUAL 2.4G C3 True Diversity Receiver"},"content":{"rendered":"<p data-start=\"0\" data-end=\"276\"><img loading=\"lazy\" decoding=\"async\" class=\"alignnone wp-image-17101 size-full\" src=\"https:\/\/1dronas.lt\/wp-content\/uploads\/2026\/02\/1-3.jpg\" alt=\"\" width=\"1200\" height=\"1822\" srcset=\"https:\/\/1dronas.lt\/wp-content\/uploads\/2026\/02\/1-3.jpg 1200w, https:\/\/1dronas.lt\/wp-content\/uploads\/2026\/02\/1-3-198x300.jpg 198w, https:\/\/1dronas.lt\/wp-content\/uploads\/2026\/02\/1-3-674x1024.jpg 674w, https:\/\/1dronas.lt\/wp-content\/uploads\/2026\/02\/1-3-768x1166.jpg 768w, https:\/\/1dronas.lt\/wp-content\/uploads\/2026\/02\/1-3-1012x1536.jpg 1012w, https:\/\/1dronas.lt\/wp-content\/uploads\/2026\/02\/1-3-8x12.jpg 8w, https:\/\/1dronas.lt\/wp-content\/uploads\/2026\/02\/1-3-510x774.jpg 510w\" sizes=\"auto, (max-width: 1200px) 100vw, 1200px\" \/><\/p>\n<p data-start=\"0\" data-end=\"276\">GEPRC ELRS Nano DUAL 2.4G True Diversity RX is a new generation receiver based on the ExpressLRS open source project. ExpressLRS features long range, low latency, and up to 1000 Hz refresh rate. The ELRS Nano DUAL 2.4G True Diversity receiver has two optimally positioned antennas, which provides wider signal reception and more stable communication than conventional single-antenna receivers. It uses a TCXO to prevent frequency fluctuations due to temperature changes.<\/p>\n<p data-start=\"278\" data-end=\"589\"><strong>Features:<\/strong><\/p>\n<p data-start=\"609\" data-end=\"647\">\u2022 Compact size, weight only 1.1 g;<br \/>\n\u2022 Software update via WIFI;<br \/>\n\u2022 \u201eELRS\u201c open source project, for remote control;<br \/>\n\u2022 Maximum refresh rate \u2013 1000 Hz;<br \/>\n\u2022 Two independent RF receiving circuits;<br \/>\n\u2022 Use of TCXO \u2013 stable operation regardless of temperature;<br \/>\n\u2022 High-speed chips SX1281 and ESP32-C3.<\/p>\n<p data-start=\"609\" data-end=\"647\"><strong>Specification:<\/strong><\/p>\n<p data-start=\"1011\" data-end=\"1071\">\u2022 Model: GEPRC ELRS Nano DUAL 2.4G True Diversity Receiver;<br \/>\n\u2022 Size: 17 x 13 mm;<br \/>\n\u2022 Weight: 1.1 g (receiver only);<br \/>\n\u2022 Chips: ESP32-C3, SX1281 \u00d72;<br \/>\n\u2022 TCXO;<br \/>\n\u2022 Frequency band: 2.4 GHz ISM;<br \/>\n\u2022 Refresh rate: 25 Hz \u2013 1000 Hz;<br \/>\n\u2022 Input voltage: 5 V;<br \/>\n\u2022 Antenna connector: IPEX1;<br \/>\n\u2022 Indicator: RGB LED|;<br \/>\n\u2022 Telemetry power: 10 mW;<br \/>\n\u2022 Software: GEPRC Nano True Diversity 2.4GHz RX.<\/p>\n<p data-start=\"1011\" data-end=\"1071\"><strong>Connection:<\/strong><\/p>\n<p data-start=\"1011\" data-end=\"1071\"><img loading=\"lazy\" decoding=\"async\" class=\"alignnone wp-image-17107 size-large\" src=\"https:\/\/1dronas.lt\/wp-content\/uploads\/2026\/02\/6-3-e1772046364824-1024x667.jpg\" alt=\"\" width=\"1020\" height=\"664\" srcset=\"https:\/\/1dronas.lt\/wp-content\/uploads\/2026\/02\/6-3-e1772046364824-1024x667.jpg 1024w, https:\/\/1dronas.lt\/wp-content\/uploads\/2026\/02\/6-3-e1772046364824-300x196.jpg 300w, https:\/\/1dronas.lt\/wp-content\/uploads\/2026\/02\/6-3-e1772046364824-768x500.jpg 768w, https:\/\/1dronas.lt\/wp-content\/uploads\/2026\/02\/6-3-e1772046364824-18x12.jpg 18w, https:\/\/1dronas.lt\/wp-content\/uploads\/2026\/02\/6-3-e1772046364824-510x332.jpg 510w, https:\/\/1dronas.lt\/wp-content\/uploads\/2026\/02\/6-3-e1772046364824.jpg 1200w\" sizes=\"auto, (max-width: 1020px) 100vw, 1020px\" \/><\/p>\n<p data-start=\"1011\" data-end=\"1071\"><strong>Package:<\/strong><\/p>\n<p data-start=\"1448\" data-end=\"1496\">1x ELRS Nano DUAL 2.4G True Diversity receiver;<br \/>\n2x 2.4GT type antennas (IPEX1, 80 mm);<br \/>\n1x silicone receiver cable (SH1.0, 4-pin, 100 mm);<br \/>\n1x heat shrink tube;<br \/>\n1x user manual.<\/p>\n<p data-start=\"1448\" data-end=\"1496\"><img loading=\"lazy\" decoding=\"async\" class=\"alignnone wp-image-17108 size-large\" src=\"https:\/\/1dronas.lt\/wp-content\/uploads\/2026\/02\/12-4-e1772046410442-1024x695.jpg\" alt=\"\" width=\"1020\" height=\"692\" srcset=\"https:\/\/1dronas.lt\/wp-content\/uploads\/2026\/02\/12-4-e1772046410442-1024x695.jpg 1024w, https:\/\/1dronas.lt\/wp-content\/uploads\/2026\/02\/12-4-e1772046410442-300x204.jpg 300w, https:\/\/1dronas.lt\/wp-content\/uploads\/2026\/02\/12-4-e1772046410442-768x521.jpg 768w, https:\/\/1dronas.lt\/wp-content\/uploads\/2026\/02\/12-4-e1772046410442-18x12.jpg 18w, https:\/\/1dronas.lt\/wp-content\/uploads\/2026\/02\/12-4-e1772046410442-510x346.jpg 510w, https:\/\/1dronas.lt\/wp-content\/uploads\/2026\/02\/12-4-e1772046410442.jpg 1200w\" sizes=\"auto, (max-width: 1020px) 100vw, 1020px\" \/><\/p>","protected":false},"excerpt":{"rendered":"<p><span style=\"color: #333333;\">The receiver has two optimally positioned antennas, so the signal is received more widely and the connection is more stable than with conventional single-antenna receivers.<\/span><\/p>\n<p><span style=\"color: #333333;\"><strong><img loading=\"lazy\" decoding=\"async\" class=\"alignnone wp-image-1806\" src=\"https:\/\/1dronas.lt\/wp-content\/uploads\/2021\/05\/delivery-icon.png\" alt=\"\" width=\"24\" height=\"24\" srcset=\"https:\/\/1dronas.lt\/wp-content\/uploads\/2021\/05\/delivery-icon.png 35w, https:\/\/1dronas.lt\/wp-content\/uploads\/2021\/05\/delivery-icon-12x12.png 12w\" sizes=\"auto, (max-width: 24px) 100vw, 24px\" \/>\u00a0 <span style=\"font-size: 90%;\">1 \u2013 2 days<\/span><\/strong><\/span><\/p>","protected":false},"featured_media":17100,"comment_status":"open","ping_status":"closed","template":"","meta":[],"product_brand":[592],"product_cat":[682],"product_tag":[990,881,879,593,541],"class_list":{"0":"post-17099","1":"product","2":"type-product","3":"status-publish","4":"has-post-thumbnail","6":"product_brand-geprc","7":"product_cat-imtuvai-rx","8":"product_tag-2-4g","9":"product_tag-dual","10":"product_tag-elrs-nano","11":"product_tag-geprc","12":"product_tag-true-diversity-receiver","14":"first","15":"instock","16":"taxable","17":"shipping-taxable","18":"purchasable","19":"product-type-simple"},"yoast_head":"<!-- This site is optimized with the Yoast SEO plugin v27.3 - https:\/\/yoast.com\/product\/yoast-seo-wordpress\/ -->\n<title>GEPRC ELRS Nano DUAL 2.4G C3 True Diversity Receiver - 1dronas.lt<\/title>\n<meta name=\"robots\" content=\"index, follow, max-snippet:-1, max-image-preview:large, max-video-preview:-1\" \/>\n<link rel=\"canonical\" href=\"https:\/\/1dronas.lt\/en\/produktas\/geprc-elrs-nano-dual-2-4g-c3-true-diversity-receiver\/\" \/>\n<meta property=\"og:locale\" content=\"en_US\" \/>\n<meta property=\"og:type\" content=\"article\" \/>\n<meta property=\"og:title\" content=\"GEPRC ELRS Nano DUAL 2.4G C3 True Diversity Receiver - 1dronas.lt\" \/>\n<meta property=\"og:description\" content=\"Imtuvas turi optimaliai i\u0161d\u0117stytas dvi antenas, tod\u0117l signalas priimamas pla\u010diau ir ry\u0161ys yra stabilesnis nei \u012fprast\u0173 vienos antenos imtuv\u0173.  \u00a0 1 \u2013 2 d. d.\" \/>\n<meta property=\"og:url\" content=\"https:\/\/1dronas.lt\/en\/produktas\/geprc-elrs-nano-dual-2-4g-c3-true-diversity-receiver\/\" \/>\n<meta property=\"og:site_name\" content=\"1dronas.lt\" \/>\n<meta property=\"article:publisher\" content=\"https:\/\/www.facebook.com\/1dronas\/\" \/>\n<meta property=\"article:modified_time\" content=\"2026-02-25T19:09:47+00:00\" \/>\n<meta property=\"og:image\" content=\"https:\/\/1dronas.lt\/wp-content\/uploads\/2026\/02\/1_DeMain_0000-2.jpg\" \/>\n\t<meta property=\"og:image:width\" content=\"2000\" \/>\n\t<meta property=\"og:image:height\" content=\"2000\" \/>\n\t<meta property=\"og:image:type\" content=\"image\/jpeg\" \/>\n<meta name=\"twitter:card\" content=\"summary_large_image\" \/>\n<meta name=\"twitter:label1\" content=\"Est. reading time\" \/>\n\t<meta name=\"twitter:data1\" content=\"2 minutes\" \/>\n<script type=\"application\/ld+json\" class=\"yoast-schema-graph\">{\"@context\":\"https:\\\/\\\/schema.org\",\"@graph\":[{\"@type\":\"WebPage\",\"@id\":\"https:\\\/\\\/1dronas.lt\\\/en\\\/produktas\\\/geprc-elrs-nano-dual-2-4g-c3-true-diversity-receiver\\\/\",\"url\":\"https:\\\/\\\/1dronas.lt\\\/en\\\/produktas\\\/geprc-elrs-nano-dual-2-4g-c3-true-diversity-receiver\\\/\",\"name\":\"GEPRC ELRS Nano DUAL 2.4G C3 True Diversity Receiver - 1dronas.lt\",\"isPartOf\":{\"@id\":\"https:\\\/\\\/1dronas.lt\\\/en\\\/#website\"},\"primaryImageOfPage\":{\"@id\":\"https:\\\/\\\/1dronas.lt\\\/en\\\/produktas\\\/geprc-elrs-nano-dual-2-4g-c3-true-diversity-receiver\\\/#primaryimage\"},\"image\":{\"@id\":\"https:\\\/\\\/1dronas.lt\\\/en\\\/produktas\\\/geprc-elrs-nano-dual-2-4g-c3-true-diversity-receiver\\\/#primaryimage\"},\"thumbnailUrl\":\"https:\\\/\\\/1dronas.lt\\\/wp-content\\\/uploads\\\/2026\\\/02\\\/1_DeMain_0000-2.jpg\",\"datePublished\":\"2026-02-25T19:07:43+00:00\",\"dateModified\":\"2026-02-25T19:09:47+00:00\",\"breadcrumb\":{\"@id\":\"https:\\\/\\\/1dronas.lt\\\/en\\\/produktas\\\/geprc-elrs-nano-dual-2-4g-c3-true-diversity-receiver\\\/#breadcrumb\"},\"inLanguage\":\"en-US\",\"potentialAction\":[{\"@type\":\"ReadAction\",\"target\":[\"https:\\\/\\\/1dronas.lt\\\/en\\\/produktas\\\/geprc-elrs-nano-dual-2-4g-c3-true-diversity-receiver\\\/\"]}]},{\"@type\":\"ImageObject\",\"inLanguage\":\"en-US\",\"@id\":\"https:\\\/\\\/1dronas.lt\\\/en\\\/produktas\\\/geprc-elrs-nano-dual-2-4g-c3-true-diversity-receiver\\\/#primaryimage\",\"url\":\"https:\\\/\\\/1dronas.lt\\\/wp-content\\\/uploads\\\/2026\\\/02\\\/1_DeMain_0000-2.jpg\",\"contentUrl\":\"https:\\\/\\\/1dronas.lt\\\/wp-content\\\/uploads\\\/2026\\\/02\\\/1_DeMain_0000-2.jpg\",\"width\":2000,\"height\":2000},{\"@type\":\"BreadcrumbList\",\"@id\":\"https:\\\/\\\/1dronas.lt\\\/en\\\/produktas\\\/geprc-elrs-nano-dual-2-4g-c3-true-diversity-receiver\\\/#breadcrumb\",\"itemListElement\":[{\"@type\":\"ListItem\",\"position\":1,\"name\":\"Home\",\"item\":\"https:\\\/\\\/1dronas.lt\\\/\"},{\"@type\":\"ListItem\",\"position\":2,\"name\":\"Parduotuv\u0117\",\"item\":\"https:\\\/\\\/1dronas.lt\\\/parduotuve\\\/\"},{\"@type\":\"ListItem\",\"position\":3,\"name\":\"GEPRC ELRS Nano DUAL 2.4G C3 True Diversity Receiver\"}]},{\"@type\":\"WebSite\",\"@id\":\"https:\\\/\\\/1dronas.lt\\\/en\\\/#website\",\"url\":\"https:\\\/\\\/1dronas.lt\\\/en\\\/\",\"name\":\"1dronas.lt\",\"description\":\"Internetin\u0117 parduotuv\u0117\",\"publisher\":{\"@id\":\"https:\\\/\\\/1dronas.lt\\\/en\\\/#organization\"},\"potentialAction\":[{\"@type\":\"SearchAction\",\"target\":{\"@type\":\"EntryPoint\",\"urlTemplate\":\"https:\\\/\\\/1dronas.lt\\\/en\\\/?s={search_term_string}\"},\"query-input\":{\"@type\":\"PropertyValueSpecification\",\"valueRequired\":true,\"valueName\":\"search_term_string\"}}],\"inLanguage\":\"en-US\"},{\"@type\":\"Organization\",\"@id\":\"https:\\\/\\\/1dronas.lt\\\/en\\\/#organization\",\"name\":\"1dronas.lt\",\"url\":\"https:\\\/\\\/1dronas.lt\\\/en\\\/\",\"logo\":{\"@type\":\"ImageObject\",\"inLanguage\":\"en-US\",\"@id\":\"https:\\\/\\\/1dronas.lt\\\/en\\\/#\\\/schema\\\/logo\\\/image\\\/\",\"url\":\"https:\\\/\\\/1dronas.lt\\\/wp-content\\\/uploads\\\/2020\\\/12\\\/Ekrano_kopija__2_-removebg-preview-1-1.png\",\"contentUrl\":\"https:\\\/\\\/1dronas.lt\\\/wp-content\\\/uploads\\\/2020\\\/12\\\/Ekrano_kopija__2_-removebg-preview-1-1.png\",\"width\":234,\"height\":81,\"caption\":\"1dronas.lt\"},\"image\":{\"@id\":\"https:\\\/\\\/1dronas.lt\\\/en\\\/#\\\/schema\\\/logo\\\/image\\\/\"},\"sameAs\":[\"https:\\\/\\\/www.facebook.com\\\/1dronas\\\/\"]}]}<\/script>\n<!-- \/ Yoast SEO plugin. -->","yoast_head_json":{"title":"GEPRC ELRS Nano DUAL 2.4G C3 True Diversity Receiver - 1dronas.lt","robots":{"index":"index","follow":"follow","max-snippet":"max-snippet:-1","max-image-preview":"max-image-preview:large","max-video-preview":"max-video-preview:-1"},"canonical":"https:\/\/1dronas.lt\/en\/produktas\/geprc-elrs-nano-dual-2-4g-c3-true-diversity-receiver\/","og_locale":"en_US","og_type":"article","og_title":"GEPRC ELRS Nano DUAL 2.4G C3 True Diversity Receiver - 1dronas.lt","og_description":"Imtuvas turi optimaliai i\u0161d\u0117stytas dvi antenas, tod\u0117l signalas priimamas pla\u010diau ir ry\u0161ys yra stabilesnis nei \u012fprast\u0173 vienos antenos imtuv\u0173.  \u00a0 1 \u2013 2 d. d.","og_url":"https:\/\/1dronas.lt\/en\/produktas\/geprc-elrs-nano-dual-2-4g-c3-true-diversity-receiver\/","og_site_name":"1dronas.lt","article_publisher":"https:\/\/www.facebook.com\/1dronas\/","article_modified_time":"2026-02-25T19:09:47+00:00","og_image":[{"width":2000,"height":2000,"url":"https:\/\/1dronas.lt\/wp-content\/uploads\/2026\/02\/1_DeMain_0000-2.jpg","type":"image\/jpeg"}],"twitter_card":"summary_large_image","twitter_misc":{"Est. reading time":"2 minutes"},"schema":{"@context":"https:\/\/schema.org","@graph":[{"@type":"WebPage","@id":"https:\/\/1dronas.lt\/en\/produktas\/geprc-elrs-nano-dual-2-4g-c3-true-diversity-receiver\/","url":"https:\/\/1dronas.lt\/en\/produktas\/geprc-elrs-nano-dual-2-4g-c3-true-diversity-receiver\/","name":"GEPRC ELRS Nano DUAL 2.4G C3 True Diversity Receiver - 1dronas.lt","isPartOf":{"@id":"https:\/\/1dronas.lt\/en\/#website"},"primaryImageOfPage":{"@id":"https:\/\/1dronas.lt\/en\/produktas\/geprc-elrs-nano-dual-2-4g-c3-true-diversity-receiver\/#primaryimage"},"image":{"@id":"https:\/\/1dronas.lt\/en\/produktas\/geprc-elrs-nano-dual-2-4g-c3-true-diversity-receiver\/#primaryimage"},"thumbnailUrl":"https:\/\/1dronas.lt\/wp-content\/uploads\/2026\/02\/1_DeMain_0000-2.jpg","datePublished":"2026-02-25T19:07:43+00:00","dateModified":"2026-02-25T19:09:47+00:00","breadcrumb":{"@id":"https:\/\/1dronas.lt\/en\/produktas\/geprc-elrs-nano-dual-2-4g-c3-true-diversity-receiver\/#breadcrumb"},"inLanguage":"en-US","potentialAction":[{"@type":"ReadAction","target":["https:\/\/1dronas.lt\/en\/produktas\/geprc-elrs-nano-dual-2-4g-c3-true-diversity-receiver\/"]}]},{"@type":"ImageObject","inLanguage":"en-US","@id":"https:\/\/1dronas.lt\/en\/produktas\/geprc-elrs-nano-dual-2-4g-c3-true-diversity-receiver\/#primaryimage","url":"https:\/\/1dronas.lt\/wp-content\/uploads\/2026\/02\/1_DeMain_0000-2.jpg","contentUrl":"https:\/\/1dronas.lt\/wp-content\/uploads\/2026\/02\/1_DeMain_0000-2.jpg","width":2000,"height":2000},{"@type":"BreadcrumbList","@id":"https:\/\/1dronas.lt\/en\/produktas\/geprc-elrs-nano-dual-2-4g-c3-true-diversity-receiver\/#breadcrumb","itemListElement":[{"@type":"ListItem","position":1,"name":"Home","item":"https:\/\/1dronas.lt\/"},{"@type":"ListItem","position":2,"name":"Parduotuv\u0117","item":"https:\/\/1dronas.lt\/parduotuve\/"},{"@type":"ListItem","position":3,"name":"GEPRC ELRS Nano DUAL 2.4G C3 True Diversity Receiver"}]},{"@type":"WebSite","@id":"https:\/\/1dronas.lt\/en\/#website","url":"https:\/\/1dronas.lt\/en\/","name":"1dronas.lt","description":"Online store","publisher":{"@id":"https:\/\/1dronas.lt\/en\/#organization"},"potentialAction":[{"@type":"SearchAction","target":{"@type":"EntryPoint","urlTemplate":"https:\/\/1dronas.lt\/en\/?s={search_term_string}"},"query-input":{"@type":"PropertyValueSpecification","valueRequired":true,"valueName":"search_term_string"}}],"inLanguage":"en-US"},{"@type":"Organization","@id":"https:\/\/1dronas.lt\/en\/#organization","name":"1dronas.lt","url":"https:\/\/1dronas.lt\/en\/","logo":{"@type":"ImageObject","inLanguage":"en-US","@id":"https:\/\/1dronas.lt\/en\/#\/schema\/logo\/image\/","url":"https:\/\/1dronas.lt\/wp-content\/uploads\/2020\/12\/Ekrano_kopija__2_-removebg-preview-1-1.png","contentUrl":"https:\/\/1dronas.lt\/wp-content\/uploads\/2020\/12\/Ekrano_kopija__2_-removebg-preview-1-1.png","width":234,"height":81,"caption":"1dronas.lt"},"image":{"@id":"https:\/\/1dronas.lt\/en\/#\/schema\/logo\/image\/"},"sameAs":["https:\/\/www.facebook.com\/1dronas\/"]}]}},"jetpack_sharing_enabled":true,"_links":{"self":[{"href":"https:\/\/1dronas.lt\/en\/wp-json\/wp\/v2\/product\/17099","targetHints":{"allow":["GET"]}}],"collection":[{"href":"https:\/\/1dronas.lt\/en\/wp-json\/wp\/v2\/product"}],"about":[{"href":"https:\/\/1dronas.lt\/en\/wp-json\/wp\/v2\/types\/product"}],"replies":[{"embeddable":true,"href":"https:\/\/1dronas.lt\/en\/wp-json\/wp\/v2\/comments?post=17099"}],"wp:featuredmedia":[{"embeddable":true,"href":"https:\/\/1dronas.lt\/en\/wp-json\/wp\/v2\/media\/17100"}],"wp:attachment":[{"href":"https:\/\/1dronas.lt\/en\/wp-json\/wp\/v2\/media?parent=17099"}],"wp:term":[{"taxonomy":"product_brand","embeddable":true,"href":"https:\/\/1dronas.lt\/en\/wp-json\/wp\/v2\/product_brand?post=17099"},{"taxonomy":"product_cat","embeddable":true,"href":"https:\/\/1dronas.lt\/en\/wp-json\/wp\/v2\/product_cat?post=17099"},{"taxonomy":"product_tag","embeddable":true,"href":"https:\/\/1dronas.lt\/en\/wp-json\/wp\/v2\/product_tag?post=17099"}],"curies":[{"name":"wp","href":"https:\/\/api.w.org\/{rel}","templated":true}]}}