{"id":17083,"date":"2026-02-25T20:35:39","date_gmt":"2026-02-25T18:35:39","guid":{"rendered":"https:\/\/1dronas.lt\/?post_type=product&#038;p=17083"},"modified":"2026-04-11T12:06:37","modified_gmt":"2026-04-11T09:06:37","slug":"geprc-rad-tiny-5-8g-400mw-vtx","status":"publish","type":"product","link":"https:\/\/1dronas.lt\/en\/produktas\/geprc-rad-tiny-5-8g-400mw-vtx\/","title":{"rendered":"GEPRC RAD Tiny 5.8G 400mW VTX"},"content":{"rendered":"<p data-start=\"15\" data-end=\"470\">GEPRC RAD Tiny 5.8G 400mW VTX is compact and lightweight, so it can easily fit in tight spaces. It weighs only 1.1g (without antenna). It has 3 adjustable power levels, maximum power is 400mW, the signal is stable. Built-in temperature control protection to protect against overheating and damage. Supports IRC Tramp protocol, quick parameter adjustment via OSD, one-button settings control and three indicator lights.<\/p>\n<p data-start=\"497\" data-end=\"834\"><strong data-start=\"841\" data-end=\"852\">Features:<\/strong><\/p>\n<p data-start=\"856\" data-end=\"907\">\u2022 Compact size;<br \/>\n\u2022 400 mW power generates little heat, the signal is stable, suitable for medium and short-range flights;<br \/>\n\u2022 Temperature control protection against overheating;<br \/>\n\u2022 DC 5V input \u2013 convenient to power from the flight controller.<\/p>\n<p data-start=\"0\" data-end=\"48\"><strong data-start=\"0\" data-end=\"48\">Function button and indicator instructions:<\/strong><\/p>\n<p data-start=\"52\" data-end=\"254\">\u2022 Press and hold for 2 seconds to start from the frequency point settings. You can switch frequency points (green indicator), channel groups (blue indicator) and power (red indicator);<br \/>\n\u2022 Once the appropriate function is selected (the corresponding indicator lights up), press briefly to switch settings;<br \/>\n\u2022 Press and hold the side button for 2 seconds, the blue light will start flashing and the frequency adjustment mode will be activated. Short press to switch the frequency points from CH1 to CH8. After selecting the frequency band, the indicator will flash the corresponding number of times;<br \/>\n\u2022 After changing the frequency point, within 5 seconds, press the button again for 2 seconds. The green light will flash - the channel adjustment mode is activated. Press briefly to switch channels:<br \/>\nBand A (blinks 1 time);<br \/>\nBand B (blinks 2 times);<br \/>\nBand E (blinks 3 times);<br \/>\nBand F (blinks 4 times);<br \/>\nBand R (blinks 5 times);<br \/>\nBand L (blinks 6 times);<br \/>\n\u2022 After changing the channel, within 5 seconds, press the button again for 2 seconds. The red light will flash - the power adjustment mode is activated. Short press to switch the power:<br \/>\n25mW (blinks 1 time);<br \/>\n200mW (blinks 2 times);<br \/>\n400mW (blinks 3 times);<br \/>\nPIT mode.<\/p>\n<p data-start=\"15\" data-end=\"470\"><strong data-start=\"477\" data-end=\"495\">Specification:<\/strong><\/p>\n<p data-start=\"497\" data-end=\"834\">\u2022 Model: GEPRC RAD Tiny 5.8G 400mW VTX;<br data-start=\"535\" data-end=\"538\" \/>\u2022 Input voltage: DC 5V;<br data-start=\"558\" data-end=\"561\" \/>\u2022 Output voltage: 5V (5V power supply for camera);<br data-start=\"603\" data-end=\"606\" \/>\u2022 Input impedance: 75\u03a9;<br data-start=\"623\" data-end=\"626\" \/>\u2022 Control protocol: IRC Tramp;<br data-start=\"655\" data-end=\"658\" \/>\u2022 Antenna: UFL;<br data-start=\"669\" data-end=\"672\" \/>\u2022 Output power: 25mW \/ 200mW \/ 400mW \/ PIT mode;<br data-start=\"721\" data-end=\"724\" \/>\u2022 Channels: 48CH;<br data-start=\"737\" data-end=\"740\" \/>\u2022 Video format: PAL \/ NTSC;<br data-start=\"767\" data-end=\"770\" \/>\u2022 Dimensions: 14mm x 18.5mm;<br data-start=\"795\" data-end=\"798\" \/>\u2022 Weight: 1.1 g (without antenna).<\/p>\n<p data-start=\"497\" data-end=\"834\"><strong>Measurements:<\/strong><\/p>\n<p data-start=\"497\" data-end=\"834\"><img loading=\"lazy\" decoding=\"async\" class=\"alignnone wp-image-17093 size-large\" src=\"https:\/\/1dronas.lt\/wp-content\/uploads\/2026\/02\/\u5c3a\u5bf8\u56fe-e1772043817770-909x1024.jpg\" alt=\"\" width=\"909\" height=\"1024\" srcset=\"https:\/\/1dronas.lt\/wp-content\/uploads\/2026\/02\/\u5c3a\u5bf8\u56fe-e1772043817770-909x1024.jpg 909w, https:\/\/1dronas.lt\/wp-content\/uploads\/2026\/02\/\u5c3a\u5bf8\u56fe-e1772043817770-266x300.jpg 266w, https:\/\/1dronas.lt\/wp-content\/uploads\/2026\/02\/\u5c3a\u5bf8\u56fe-e1772043817770-768x865.jpg 768w, https:\/\/1dronas.lt\/wp-content\/uploads\/2026\/02\/\u5c3a\u5bf8\u56fe-e1772043817770-11x12.jpg 11w, https:\/\/1dronas.lt\/wp-content\/uploads\/2026\/02\/\u5c3a\u5bf8\u56fe-e1772043817770-510x575.jpg 510w, https:\/\/1dronas.lt\/wp-content\/uploads\/2026\/02\/\u5c3a\u5bf8\u56fe-e1772043817770.jpg 1127w\" sizes=\"auto, (max-width: 909px) 100vw, 909px\" \/><\/p>\n<p data-start=\"497\" data-end=\"834\"><strong>Connection:<\/strong><\/p>\n<p data-start=\"497\" data-end=\"834\"><img loading=\"lazy\" decoding=\"async\" class=\"alignnone wp-image-17094 size-large\" src=\"https:\/\/1dronas.lt\/wp-content\/uploads\/2026\/02\/\u63a5\u7ebf\u56fe\u82f1\u6587-e1772043963853-1024x732.jpg\" alt=\"\" width=\"1020\" height=\"729\" srcset=\"https:\/\/1dronas.lt\/wp-content\/uploads\/2026\/02\/\u63a5\u7ebf\u56fe\u82f1\u6587-e1772043963853-1024x732.jpg 1024w, https:\/\/1dronas.lt\/wp-content\/uploads\/2026\/02\/\u63a5\u7ebf\u56fe\u82f1\u6587-e1772043963853-300x215.jpg 300w, https:\/\/1dronas.lt\/wp-content\/uploads\/2026\/02\/\u63a5\u7ebf\u56fe\u82f1\u6587-e1772043963853-768x549.jpg 768w, https:\/\/1dronas.lt\/wp-content\/uploads\/2026\/02\/\u63a5\u7ebf\u56fe\u82f1\u6587-e1772043963853-18x12.jpg 18w, https:\/\/1dronas.lt\/wp-content\/uploads\/2026\/02\/\u63a5\u7ebf\u56fe\u82f1\u6587-e1772043963853-510x365.jpg 510w, https:\/\/1dronas.lt\/wp-content\/uploads\/2026\/02\/\u63a5\u7ebf\u56fe\u82f1\u6587-e1772043963853.jpg 1200w\" sizes=\"auto, (max-width: 1020px) 100vw, 1020px\" \/><\/p>\n<p data-start=\"497\" data-end=\"834\"><strong>Frequency table:<\/strong><\/p>\n<p data-start=\"497\" data-end=\"834\"><img loading=\"lazy\" decoding=\"async\" class=\"alignnone wp-image-17092 size-large\" src=\"https:\/\/1dronas.lt\/wp-content\/uploads\/2026\/02\/\u53c2\u6570\u56fe\u82f1\u6587-e1772044352829-1024x365.jpg\" alt=\"\" width=\"1020\" height=\"364\" srcset=\"https:\/\/1dronas.lt\/wp-content\/uploads\/2026\/02\/\u53c2\u6570\u56fe\u82f1\u6587-e1772044352829-1024x365.jpg 1024w, https:\/\/1dronas.lt\/wp-content\/uploads\/2026\/02\/\u53c2\u6570\u56fe\u82f1\u6587-e1772044352829-300x107.jpg 300w, https:\/\/1dronas.lt\/wp-content\/uploads\/2026\/02\/\u53c2\u6570\u56fe\u82f1\u6587-e1772044352829-768x274.jpg 768w, https:\/\/1dronas.lt\/wp-content\/uploads\/2026\/02\/\u53c2\u6570\u56fe\u82f1\u6587-e1772044352829-18x6.jpg 18w, https:\/\/1dronas.lt\/wp-content\/uploads\/2026\/02\/\u53c2\u6570\u56fe\u82f1\u6587-e1772044352829-510x182.jpg 510w, https:\/\/1dronas.lt\/wp-content\/uploads\/2026\/02\/\u53c2\u6570\u56fe\u82f1\u6587-e1772044352829.jpg 1200w\" sizes=\"auto, (max-width: 1020px) 100vw, 1020px\" \/><\/p>\n<p data-start=\"497\" data-end=\"834\"><strong>Package:<\/strong><\/p>\n<p data-start=\"497\" data-end=\"834\">1x GEPRC RAD Tiny 5.8G 400mW VTX;<br data-start=\"33\" data-end=\"36\" \/>1x black 1.13 copper tube antenna;<br data-start=\"75\" data-end=\"78\" \/>1x SH1.0-5P silicone cable with connector;<br data-start=\"122\" data-end=\"125\" \/>1x SH1.0-3P silicone cable with connector;<br data-start=\"169\" data-end=\"172\" \/>1x User manual.<\/p>","protected":false},"excerpt":{"rendered":"<p><span style=\"color: #000000;\">The GEPRC RAD Tiny 5.8G 400mW VTX is compact and lightweight, making it easy to fit into tight spaces.\u00a0<\/span><\/p>\n<p><span style=\"color: #000000;\"><strong><img loading=\"lazy\" decoding=\"async\" class=\"alignnone wp-image-1806\" src=\"https:\/\/1dronas.lt\/wp-content\/uploads\/2021\/05\/delivery-icon.png\" alt=\"\" width=\"24\" height=\"24\" srcset=\"https:\/\/1dronas.lt\/wp-content\/uploads\/2021\/05\/delivery-icon.png 35w, https:\/\/1dronas.lt\/wp-content\/uploads\/2021\/05\/delivery-icon-12x12.png 12w\" sizes=\"auto, (max-width: 24px) 100vw, 24px\" \/>\u00a0 \u00a01 \u2013 2 days<\/strong><\/span><\/p>","protected":false},"featured_media":17085,"comment_status":"open","ping_status":"closed","template":"","meta":[],"product_brand":[592],"product_cat":[218],"product_tag":[1198,439,593,1197,170],"class_list":{"0":"post-17083","1":"product","2":"type-product","3":"status-publish","4":"has-post-thumbnail","6":"product_brand-geprc","7":"product_cat-vaizdo-siustuvai-vtx","8":"product_tag-400mw","9":"product_tag-5-8g","10":"product_tag-geprc","11":"product_tag-rad-tiny","12":"product_tag-vtx","14":"first","15":"outofstock","16":"taxable","17":"shipping-taxable","18":"purchasable","19":"product-type-simple"},"yoast_head":"<!-- This site is optimized with the Yoast SEO plugin v27.3 - https:\/\/yoast.com\/product\/yoast-seo-wordpress\/ -->\n<title>GEPRC RAD Tiny 5.8G 400mW VTX - 1dronas.lt<\/title>\n<meta name=\"robots\" content=\"index, follow, max-snippet:-1, max-image-preview:large, max-video-preview:-1\" \/>\n<link rel=\"canonical\" href=\"https:\/\/1dronas.lt\/en\/produktas\/geprc-rad-tiny-5-8g-400mw-vtx\/\" \/>\n<meta property=\"og:locale\" content=\"en_US\" \/>\n<meta property=\"og:type\" content=\"article\" \/>\n<meta property=\"og:title\" content=\"GEPRC RAD Tiny 5.8G 400mW VTX - 1dronas.lt\" \/>\n<meta property=\"og:description\" content=\"GEPRC RAD Tiny 5.8G 400mW VTX yra kompakti\u0161kas ir lengvas, tod\u0117l lengvai telpa ank\u0161tose vietose.\u00a0  \u00a0 \u00a01 \u2013 2 d. d.\" \/>\n<meta property=\"og:url\" content=\"https:\/\/1dronas.lt\/en\/produktas\/geprc-rad-tiny-5-8g-400mw-vtx\/\" \/>\n<meta property=\"og:site_name\" content=\"1dronas.lt\" \/>\n<meta property=\"article:publisher\" content=\"https:\/\/www.facebook.com\/1dronas\/\" \/>\n<meta property=\"article:modified_time\" content=\"2026-04-11T09:06:37+00:00\" \/>\n<meta property=\"og:image\" content=\"https:\/\/1dronas.lt\/wp-content\/uploads\/2026\/02\/1_DeMain_0000_000003.jpg\" \/>\n\t<meta property=\"og:image:width\" content=\"2000\" \/>\n\t<meta property=\"og:image:height\" content=\"2000\" \/>\n\t<meta property=\"og:image:type\" content=\"image\/jpeg\" \/>\n<meta name=\"twitter:card\" content=\"summary_large_image\" \/>\n<meta name=\"twitter:label1\" content=\"Est. reading time\" \/>\n\t<meta name=\"twitter:data1\" content=\"3 minutes\" \/>\n<script type=\"application\/ld+json\" class=\"yoast-schema-graph\">{\"@context\":\"https:\\\/\\\/schema.org\",\"@graph\":[{\"@type\":\"WebPage\",\"@id\":\"https:\\\/\\\/1dronas.lt\\\/en\\\/produktas\\\/geprc-rad-tiny-5-8g-400mw-vtx\\\/\",\"url\":\"https:\\\/\\\/1dronas.lt\\\/en\\\/produktas\\\/geprc-rad-tiny-5-8g-400mw-vtx\\\/\",\"name\":\"GEPRC RAD Tiny 5.8G 400mW VTX - 1dronas.lt\",\"isPartOf\":{\"@id\":\"https:\\\/\\\/1dronas.lt\\\/en\\\/#website\"},\"primaryImageOfPage\":{\"@id\":\"https:\\\/\\\/1dronas.lt\\\/en\\\/produktas\\\/geprc-rad-tiny-5-8g-400mw-vtx\\\/#primaryimage\"},\"image\":{\"@id\":\"https:\\\/\\\/1dronas.lt\\\/en\\\/produktas\\\/geprc-rad-tiny-5-8g-400mw-vtx\\\/#primaryimage\"},\"thumbnailUrl\":\"https:\\\/\\\/1dronas.lt\\\/wp-content\\\/uploads\\\/2026\\\/02\\\/1_DeMain_0000_000003.jpg\",\"datePublished\":\"2026-02-25T18:35:39+00:00\",\"dateModified\":\"2026-04-11T09:06:37+00:00\",\"breadcrumb\":{\"@id\":\"https:\\\/\\\/1dronas.lt\\\/en\\\/produktas\\\/geprc-rad-tiny-5-8g-400mw-vtx\\\/#breadcrumb\"},\"inLanguage\":\"en-US\",\"potentialAction\":[{\"@type\":\"ReadAction\",\"target\":[\"https:\\\/\\\/1dronas.lt\\\/en\\\/produktas\\\/geprc-rad-tiny-5-8g-400mw-vtx\\\/\"]}]},{\"@type\":\"ImageObject\",\"inLanguage\":\"en-US\",\"@id\":\"https:\\\/\\\/1dronas.lt\\\/en\\\/produktas\\\/geprc-rad-tiny-5-8g-400mw-vtx\\\/#primaryimage\",\"url\":\"https:\\\/\\\/1dronas.lt\\\/wp-content\\\/uploads\\\/2026\\\/02\\\/1_DeMain_0000_000003.jpg\",\"contentUrl\":\"https:\\\/\\\/1dronas.lt\\\/wp-content\\\/uploads\\\/2026\\\/02\\\/1_DeMain_0000_000003.jpg\",\"width\":2000,\"height\":2000},{\"@type\":\"BreadcrumbList\",\"@id\":\"https:\\\/\\\/1dronas.lt\\\/en\\\/produktas\\\/geprc-rad-tiny-5-8g-400mw-vtx\\\/#breadcrumb\",\"itemListElement\":[{\"@type\":\"ListItem\",\"position\":1,\"name\":\"Home\",\"item\":\"https:\\\/\\\/1dronas.lt\\\/\"},{\"@type\":\"ListItem\",\"position\":2,\"name\":\"Parduotuv\u0117\",\"item\":\"https:\\\/\\\/1dronas.lt\\\/parduotuve\\\/\"},{\"@type\":\"ListItem\",\"position\":3,\"name\":\"GEPRC RAD Tiny 5.8G 400mW VTX\"}]},{\"@type\":\"WebSite\",\"@id\":\"https:\\\/\\\/1dronas.lt\\\/en\\\/#website\",\"url\":\"https:\\\/\\\/1dronas.lt\\\/en\\\/\",\"name\":\"1dronas.lt\",\"description\":\"Internetin\u0117 parduotuv\u0117\",\"publisher\":{\"@id\":\"https:\\\/\\\/1dronas.lt\\\/en\\\/#organization\"},\"potentialAction\":[{\"@type\":\"SearchAction\",\"target\":{\"@type\":\"EntryPoint\",\"urlTemplate\":\"https:\\\/\\\/1dronas.lt\\\/en\\\/?s={search_term_string}\"},\"query-input\":{\"@type\":\"PropertyValueSpecification\",\"valueRequired\":true,\"valueName\":\"search_term_string\"}}],\"inLanguage\":\"en-US\"},{\"@type\":\"Organization\",\"@id\":\"https:\\\/\\\/1dronas.lt\\\/en\\\/#organization\",\"name\":\"1dronas.lt\",\"url\":\"https:\\\/\\\/1dronas.lt\\\/en\\\/\",\"logo\":{\"@type\":\"ImageObject\",\"inLanguage\":\"en-US\",\"@id\":\"https:\\\/\\\/1dronas.lt\\\/en\\\/#\\\/schema\\\/logo\\\/image\\\/\",\"url\":\"https:\\\/\\\/1dronas.lt\\\/wp-content\\\/uploads\\\/2020\\\/12\\\/Ekrano_kopija__2_-removebg-preview-1-1.png\",\"contentUrl\":\"https:\\\/\\\/1dronas.lt\\\/wp-content\\\/uploads\\\/2020\\\/12\\\/Ekrano_kopija__2_-removebg-preview-1-1.png\",\"width\":234,\"height\":81,\"caption\":\"1dronas.lt\"},\"image\":{\"@id\":\"https:\\\/\\\/1dronas.lt\\\/en\\\/#\\\/schema\\\/logo\\\/image\\\/\"},\"sameAs\":[\"https:\\\/\\\/www.facebook.com\\\/1dronas\\\/\"]}]}<\/script>\n<!-- \/ Yoast SEO plugin. -->","yoast_head_json":{"title":"GEPRC RAD Tiny 5.8G 400mW VTX - 1dronas.lt","robots":{"index":"index","follow":"follow","max-snippet":"max-snippet:-1","max-image-preview":"max-image-preview:large","max-video-preview":"max-video-preview:-1"},"canonical":"https:\/\/1dronas.lt\/en\/produktas\/geprc-rad-tiny-5-8g-400mw-vtx\/","og_locale":"en_US","og_type":"article","og_title":"GEPRC RAD Tiny 5.8G 400mW VTX - 1dronas.lt","og_description":"GEPRC RAD Tiny 5.8G 400mW VTX yra kompakti\u0161kas ir lengvas, tod\u0117l lengvai telpa ank\u0161tose vietose.\u00a0  \u00a0 \u00a01 \u2013 2 d. d.","og_url":"https:\/\/1dronas.lt\/en\/produktas\/geprc-rad-tiny-5-8g-400mw-vtx\/","og_site_name":"1dronas.lt","article_publisher":"https:\/\/www.facebook.com\/1dronas\/","article_modified_time":"2026-04-11T09:06:37+00:00","og_image":[{"width":2000,"height":2000,"url":"https:\/\/1dronas.lt\/wp-content\/uploads\/2026\/02\/1_DeMain_0000_000003.jpg","type":"image\/jpeg"}],"twitter_card":"summary_large_image","twitter_misc":{"Est. reading time":"3 minutes"},"schema":{"@context":"https:\/\/schema.org","@graph":[{"@type":"WebPage","@id":"https:\/\/1dronas.lt\/en\/produktas\/geprc-rad-tiny-5-8g-400mw-vtx\/","url":"https:\/\/1dronas.lt\/en\/produktas\/geprc-rad-tiny-5-8g-400mw-vtx\/","name":"GEPRC RAD Tiny 5.8G 400mW VTX - 1dronas.lt","isPartOf":{"@id":"https:\/\/1dronas.lt\/en\/#website"},"primaryImageOfPage":{"@id":"https:\/\/1dronas.lt\/en\/produktas\/geprc-rad-tiny-5-8g-400mw-vtx\/#primaryimage"},"image":{"@id":"https:\/\/1dronas.lt\/en\/produktas\/geprc-rad-tiny-5-8g-400mw-vtx\/#primaryimage"},"thumbnailUrl":"https:\/\/1dronas.lt\/wp-content\/uploads\/2026\/02\/1_DeMain_0000_000003.jpg","datePublished":"2026-02-25T18:35:39+00:00","dateModified":"2026-04-11T09:06:37+00:00","breadcrumb":{"@id":"https:\/\/1dronas.lt\/en\/produktas\/geprc-rad-tiny-5-8g-400mw-vtx\/#breadcrumb"},"inLanguage":"en-US","potentialAction":[{"@type":"ReadAction","target":["https:\/\/1dronas.lt\/en\/produktas\/geprc-rad-tiny-5-8g-400mw-vtx\/"]}]},{"@type":"ImageObject","inLanguage":"en-US","@id":"https:\/\/1dronas.lt\/en\/produktas\/geprc-rad-tiny-5-8g-400mw-vtx\/#primaryimage","url":"https:\/\/1dronas.lt\/wp-content\/uploads\/2026\/02\/1_DeMain_0000_000003.jpg","contentUrl":"https:\/\/1dronas.lt\/wp-content\/uploads\/2026\/02\/1_DeMain_0000_000003.jpg","width":2000,"height":2000},{"@type":"BreadcrumbList","@id":"https:\/\/1dronas.lt\/en\/produktas\/geprc-rad-tiny-5-8g-400mw-vtx\/#breadcrumb","itemListElement":[{"@type":"ListItem","position":1,"name":"Home","item":"https:\/\/1dronas.lt\/"},{"@type":"ListItem","position":2,"name":"Parduotuv\u0117","item":"https:\/\/1dronas.lt\/parduotuve\/"},{"@type":"ListItem","position":3,"name":"GEPRC RAD Tiny 5.8G 400mW VTX"}]},{"@type":"WebSite","@id":"https:\/\/1dronas.lt\/en\/#website","url":"https:\/\/1dronas.lt\/en\/","name":"1dronas.lt","description":"Online store","publisher":{"@id":"https:\/\/1dronas.lt\/en\/#organization"},"potentialAction":[{"@type":"SearchAction","target":{"@type":"EntryPoint","urlTemplate":"https:\/\/1dronas.lt\/en\/?s={search_term_string}"},"query-input":{"@type":"PropertyValueSpecification","valueRequired":true,"valueName":"search_term_string"}}],"inLanguage":"en-US"},{"@type":"Organization","@id":"https:\/\/1dronas.lt\/en\/#organization","name":"1dronas.lt","url":"https:\/\/1dronas.lt\/en\/","logo":{"@type":"ImageObject","inLanguage":"en-US","@id":"https:\/\/1dronas.lt\/en\/#\/schema\/logo\/image\/","url":"https:\/\/1dronas.lt\/wp-content\/uploads\/2020\/12\/Ekrano_kopija__2_-removebg-preview-1-1.png","contentUrl":"https:\/\/1dronas.lt\/wp-content\/uploads\/2020\/12\/Ekrano_kopija__2_-removebg-preview-1-1.png","width":234,"height":81,"caption":"1dronas.lt"},"image":{"@id":"https:\/\/1dronas.lt\/en\/#\/schema\/logo\/image\/"},"sameAs":["https:\/\/www.facebook.com\/1dronas\/"]}]}},"jetpack_sharing_enabled":true,"_links":{"self":[{"href":"https:\/\/1dronas.lt\/en\/wp-json\/wp\/v2\/product\/17083","targetHints":{"allow":["GET"]}}],"collection":[{"href":"https:\/\/1dronas.lt\/en\/wp-json\/wp\/v2\/product"}],"about":[{"href":"https:\/\/1dronas.lt\/en\/wp-json\/wp\/v2\/types\/product"}],"replies":[{"embeddable":true,"href":"https:\/\/1dronas.lt\/en\/wp-json\/wp\/v2\/comments?post=17083"}],"wp:featuredmedia":[{"embeddable":true,"href":"https:\/\/1dronas.lt\/en\/wp-json\/wp\/v2\/media\/17085"}],"wp:attachment":[{"href":"https:\/\/1dronas.lt\/en\/wp-json\/wp\/v2\/media?parent=17083"}],"wp:term":[{"taxonomy":"product_brand","embeddable":true,"href":"https:\/\/1dronas.lt\/en\/wp-json\/wp\/v2\/product_brand?post=17083"},{"taxonomy":"product_cat","embeddable":true,"href":"https:\/\/1dronas.lt\/en\/wp-json\/wp\/v2\/product_cat?post=17083"},{"taxonomy":"product_tag","embeddable":true,"href":"https:\/\/1dronas.lt\/en\/wp-json\/wp\/v2\/product_tag?post=17083"}],"curies":[{"name":"wp","href":"https:\/\/api.w.org\/{rel}","templated":true}]}}