{"id":17071,"date":"2026-02-25T20:10:16","date_gmt":"2026-02-25T18:10:16","guid":{"rendered":"https:\/\/1dronas.lt\/?post_type=product&#038;p=17071"},"modified":"2026-04-09T02:05:30","modified_gmt":"2026-04-08T23:05:30","slug":"geprc-elrs-915m-2-4g-c3-gemini-xrossband-receiver","status":"publish","type":"product","link":"https:\/\/1dronas.lt\/en\/produktas\/geprc-elrs-915m-2-4g-c3-gemini-xrossband-receiver\/","title":{"rendered":"GEPRC ELRS 915M\/2.4G C3 Gemini Xcrossband Receiver"},"content":{"rendered":"<p><img loading=\"lazy\" decoding=\"async\" class=\"alignnone wp-image-17073 size-full\" src=\"https:\/\/1dronas.lt\/wp-content\/uploads\/2026\/02\/1-2.jpg\" alt=\"\" width=\"1200\" height=\"1822\" srcset=\"https:\/\/1dronas.lt\/wp-content\/uploads\/2026\/02\/1-2.jpg 1200w, https:\/\/1dronas.lt\/wp-content\/uploads\/2026\/02\/1-2-198x300.jpg 198w, https:\/\/1dronas.lt\/wp-content\/uploads\/2026\/02\/1-2-674x1024.jpg 674w, https:\/\/1dronas.lt\/wp-content\/uploads\/2026\/02\/1-2-768x1166.jpg 768w, https:\/\/1dronas.lt\/wp-content\/uploads\/2026\/02\/1-2-1012x1536.jpg 1012w, https:\/\/1dronas.lt\/wp-content\/uploads\/2026\/02\/1-2-8x12.jpg 8w, https:\/\/1dronas.lt\/wp-content\/uploads\/2026\/02\/1-2-510x774.jpg 510w\" sizes=\"auto, (max-width: 1200px) 100vw, 1200px\" \/><\/p>\n<p>The GEPRC ELRS 915M\/2.4G C3 GemX Gemini receiver is a dual-band ExpressLRS system with Semtech LR1121 and ESP32-C3 chips, supporting 150-960 MHz and 2.4 GHz bands and simultaneous dual-band communication. The receiver supports up to 1000 Hz refresh rate, 915M Gemini, 2.4G Gemini and dual mode (with GemX TX), ensuring better immunity to interference and stable communication. The integrated TCXO, up to 100 mW telemetry power, WiFi updates and SH1.0 connection allow for convenient use, and after writing the TX firmware it can also function as a Gemini Xrossband TX module.<\/p>\n<p><strong>Features:<\/strong><\/p>\n<p data-start=\"1276\" data-end=\"1330\">\u2022 Advanced ExpressLRS 915M\/2.4G dual-frequency system;<br \/>\n\u2022 Built using the third generation Semtech LR1121 RF chip;<br \/>\n\u2022 Compact size \u2013 18 x 23.6 x 5.7 mm, weight only 1.6 g;<br \/>\n\u2022 Supports 915M Gemini, 2.4G Gemini and 915M+2.4G dual RF mode;<br \/>\n\u2022 TCXO for stable operation at different temperatures;<br \/>\n\u2022 Telemetry power up to 100 mW;<br \/>\n\u2022 Refresh rate up to 1000 Hz;<br \/>\n\u2022 WiFi software updates;<br \/>\n\u2022 SH1.0 connector for easy installation.<\/p>\n<p data-start=\"1276\" data-end=\"1330\"><strong>Specification:<\/strong><\/p>\n<p data-start=\"1276\" data-end=\"1330\">\u2022 Model: GEPRC ELRS 915M\/2.4G C3 Gemini Xrossband receiver;<br data-start=\"61\" data-end=\"64\" \/>\u2022 Dimensions: 18 x 23.6 x 5.7 mm;<br data-start=\"96\" data-end=\"99\" \/>\u2022 Weight: 1.6 g (receiver only);<br data-start=\"130\" data-end=\"133\" \/>\u2022 Chips: ESP32-C3, LR1121 \u00d72;<br data-start=\"164\" data-end=\"167\" \/>\u2022 TCXO;<br data-start=\"199\" data-end=\"202\" \/>\u2022 Frequency bands: 915MHz Gemini, 2.4GHz Gemini, 915M+2.4G dual-frequency mode;<br data-start=\"283\" data-end=\"286\" \/>\u2022 Update rate: 25\u20131000 Hz (LoRa, FSK);<br data-start=\"332\" data-end=\"335\" \/>\u2022 Serial output protocols: CRSF, SBUS, SUMD, DJI RS2 Pro, MAVLink;<br data-start=\"409\" data-end=\"412\" \/>\u2022 Operating voltage: 5 V;<br data-start=\"435\" data-end=\"438\" \/>\u2022 Antenna connector: ipex1;<br data-start=\"463\" data-end=\"466\" \/>\u2022 Telemetry (TLM) power: 100 mW;<br data-start=\"502\" data-end=\"505\" \/>\u2022 Software: GEPRC C3 900\/2400 Gemini Xrossband RX firmware.<\/p>\n<p data-start=\"1276\" data-end=\"1330\"><img loading=\"lazy\" decoding=\"async\" class=\"alignnone wp-image-17076 size-full\" src=\"https:\/\/1dronas.lt\/wp-content\/uploads\/2026\/02\/3-3-e1772042733658.jpg\" alt=\"\" width=\"1200\" height=\"1360\" srcset=\"https:\/\/1dronas.lt\/wp-content\/uploads\/2026\/02\/3-3-e1772042733658.jpg 1200w, https:\/\/1dronas.lt\/wp-content\/uploads\/2026\/02\/3-3-e1772042733658-265x300.jpg 265w, https:\/\/1dronas.lt\/wp-content\/uploads\/2026\/02\/3-3-e1772042733658-904x1024.jpg 904w, https:\/\/1dronas.lt\/wp-content\/uploads\/2026\/02\/3-3-e1772042733658-768x870.jpg 768w, https:\/\/1dronas.lt\/wp-content\/uploads\/2026\/02\/3-3-e1772042733658-11x12.jpg 11w, https:\/\/1dronas.lt\/wp-content\/uploads\/2026\/02\/3-3-e1772042733658-510x578.jpg 510w\" sizes=\"auto, (max-width: 1200px) 100vw, 1200px\" \/><\/p>\n<p data-start=\"1276\" data-end=\"1330\">Operates in 915M Gemini, 2.4G Gemini and dual-frequency modes. In dual-frequency mode, it can communicate separately in the 915 MHz and 2.4 GHz bands, providing better immunity to interference.<\/p>\n<p data-start=\"1276\" data-end=\"1330\"><strong>Connection:<\/strong><\/p>\n<p data-start=\"1276\" data-end=\"1330\"><img loading=\"lazy\" decoding=\"async\" class=\"alignnone wp-image-17080 size-full\" src=\"https:\/\/1dronas.lt\/wp-content\/uploads\/2026\/02\/10-2-1-e1772041830371.jpg\" alt=\"\" width=\"1200\" height=\"757\" srcset=\"https:\/\/1dronas.lt\/wp-content\/uploads\/2026\/02\/10-2-1-e1772041830371.jpg 1200w, https:\/\/1dronas.lt\/wp-content\/uploads\/2026\/02\/10-2-1-e1772041830371-300x189.jpg 300w, https:\/\/1dronas.lt\/wp-content\/uploads\/2026\/02\/10-2-1-e1772041830371-1024x646.jpg 1024w, https:\/\/1dronas.lt\/wp-content\/uploads\/2026\/02\/10-2-1-e1772041830371-768x484.jpg 768w, https:\/\/1dronas.lt\/wp-content\/uploads\/2026\/02\/10-2-1-e1772041830371-18x12.jpg 18w, https:\/\/1dronas.lt\/wp-content\/uploads\/2026\/02\/10-2-1-e1772041830371-510x322.jpg 510w\" sizes=\"auto, (max-width: 1200px) 100vw, 1200px\" \/><\/p>\n<p data-start=\"1276\" data-end=\"1330\"><strong>Package:<\/strong><\/p>\n<p data-start=\"0\" data-end=\"54\">1x GEPRC ELRS 915M \/ 2.4G C3 Gemini Xrossband receiver;<br \/>\n2x 915M\/2.4G dual-frequency T antennas (ipex1, 80 mm);<br \/>\n1x Receiver silicone cable (SH1.0, 4-pin, 100 mm);<br \/>\n1x Heat shrink tube;<br \/>\n1x User manual.<\/p>\n<p data-start=\"0\" data-end=\"54\"><img loading=\"lazy\" decoding=\"async\" class=\"alignnone wp-image-17081 size-large\" src=\"https:\/\/1dronas.lt\/wp-content\/uploads\/2026\/02\/16-1-e1772041855672-1024x672.jpg\" alt=\"\" width=\"1020\" height=\"669\" srcset=\"https:\/\/1dronas.lt\/wp-content\/uploads\/2026\/02\/16-1-e1772041855672-1024x672.jpg 1024w, https:\/\/1dronas.lt\/wp-content\/uploads\/2026\/02\/16-1-e1772041855672-300x197.jpg 300w, https:\/\/1dronas.lt\/wp-content\/uploads\/2026\/02\/16-1-e1772041855672-768x504.jpg 768w, https:\/\/1dronas.lt\/wp-content\/uploads\/2026\/02\/16-1-e1772041855672-18x12.jpg 18w, https:\/\/1dronas.lt\/wp-content\/uploads\/2026\/02\/16-1-e1772041855672-510x335.jpg 510w, https:\/\/1dronas.lt\/wp-content\/uploads\/2026\/02\/16-1-e1772041855672.jpg 1200w\" sizes=\"auto, (max-width: 1020px) 100vw, 1020px\" \/><\/p>","protected":false},"excerpt":{"rendered":"<p><span style=\"color: #000000;\">GEPRC ELRS 915M\/2.4G C3 Gemini Xrossband Receiver in dual frequency mode can communicate separately in the 915 MHz and 2.4 GHz bands, ensuring better immunity to interference.<\/span><\/p>\n<p><span style=\"color: #000000;\"><strong><img loading=\"lazy\" decoding=\"async\" class=\"alignnone wp-image-1806\" src=\"https:\/\/1dronas.lt\/wp-content\/uploads\/2021\/05\/delivery-icon.png\" alt=\"\" width=\"24\" height=\"24\" srcset=\"https:\/\/1dronas.lt\/wp-content\/uploads\/2021\/05\/delivery-icon.png 35w, https:\/\/1dronas.lt\/wp-content\/uploads\/2021\/05\/delivery-icon-12x12.png 12w\" sizes=\"auto, (max-width: 24px) 100vw, 24px\" \/>\u00a0 \u00a01 \u2013 2 days<\/strong><\/span><\/p>","protected":false},"featured_media":17072,"comment_status":"open","ping_status":"closed","template":"","meta":[],"product_brand":[592],"product_cat":[682],"product_tag":[990,537,176,571,593,171],"class_list":{"0":"post-17071","1":"product","2":"type-product","3":"status-publish","4":"has-post-thumbnail","6":"product_brand-geprc","7":"product_cat-imtuvai-rx","8":"product_tag-2-4g","9":"product_tag-915mhz","10":"product_tag-elrs","11":"product_tag-gemini-xrossband","12":"product_tag-geprc","13":"product_tag-rx","15":"first","16":"instock","17":"taxable","18":"shipping-taxable","19":"purchasable","20":"product-type-simple"},"yoast_head":"<!-- This site is optimized with the Yoast SEO plugin v27.3 - https:\/\/yoast.com\/product\/yoast-seo-wordpress\/ -->\n<title>GEPRC ELRS 915M\/2.4G C3 Gemini Xrossband Receiver - 1dronas.lt<\/title>\n<meta name=\"robots\" content=\"index, follow, max-snippet:-1, max-image-preview:large, max-video-preview:-1\" \/>\n<link rel=\"canonical\" href=\"https:\/\/1dronas.lt\/en\/produktas\/geprc-elrs-915m-2-4g-c3-gemini-xrossband-receiver\/\" \/>\n<meta property=\"og:locale\" content=\"en_US\" \/>\n<meta property=\"og:type\" content=\"article\" \/>\n<meta property=\"og:title\" content=\"GEPRC ELRS 915M\/2.4G C3 Gemini Xrossband Receiver - 1dronas.lt\" \/>\n<meta property=\"og:description\" content=\"GEPRC ELRS 915M\/2.4G C3 Gemini Xrossband Imtuvas dvigubo da\u017enio re\u017eimu gali atskirai komunikuoti 915 MHz ir 2.4 GHz juostose, u\u017etikrindamas geresn\u012f atsparum\u0105 trikd\u017eiams.  \u00a0 \u00a01 \u2013 2 d. d.\" \/>\n<meta property=\"og:url\" content=\"https:\/\/1dronas.lt\/en\/produktas\/geprc-elrs-915m-2-4g-c3-gemini-xrossband-receiver\/\" \/>\n<meta property=\"og:site_name\" content=\"1dronas.lt\" \/>\n<meta property=\"article:publisher\" content=\"https:\/\/www.facebook.com\/1dronas\/\" \/>\n<meta property=\"article:modified_time\" content=\"2026-04-08T23:05:30+00:00\" \/>\n<meta property=\"og:image\" content=\"https:\/\/1dronas.lt\/wp-content\/uploads\/2026\/02\/1_DeMain_0000-1-1.jpg\" \/>\n\t<meta property=\"og:image:width\" content=\"2000\" \/>\n\t<meta property=\"og:image:height\" content=\"2000\" \/>\n\t<meta property=\"og:image:type\" content=\"image\/jpeg\" \/>\n<meta name=\"twitter:card\" content=\"summary_large_image\" \/>\n<meta name=\"twitter:label1\" content=\"Est. reading time\" \/>\n\t<meta name=\"twitter:data1\" content=\"3 minutes\" \/>\n<script type=\"application\/ld+json\" class=\"yoast-schema-graph\">{\"@context\":\"https:\\\/\\\/schema.org\",\"@graph\":[{\"@type\":\"WebPage\",\"@id\":\"https:\\\/\\\/1dronas.lt\\\/en\\\/produktas\\\/geprc-elrs-915m-2-4g-c3-gemini-xrossband-receiver\\\/\",\"url\":\"https:\\\/\\\/1dronas.lt\\\/en\\\/produktas\\\/geprc-elrs-915m-2-4g-c3-gemini-xrossband-receiver\\\/\",\"name\":\"GEPRC ELRS 915M\\\/2.4G C3 Gemini Xrossband Receiver - 1dronas.lt\",\"isPartOf\":{\"@id\":\"https:\\\/\\\/1dronas.lt\\\/en\\\/#website\"},\"primaryImageOfPage\":{\"@id\":\"https:\\\/\\\/1dronas.lt\\\/en\\\/produktas\\\/geprc-elrs-915m-2-4g-c3-gemini-xrossband-receiver\\\/#primaryimage\"},\"image\":{\"@id\":\"https:\\\/\\\/1dronas.lt\\\/en\\\/produktas\\\/geprc-elrs-915m-2-4g-c3-gemini-xrossband-receiver\\\/#primaryimage\"},\"thumbnailUrl\":\"https:\\\/\\\/1dronas.lt\\\/wp-content\\\/uploads\\\/2026\\\/02\\\/1_DeMain_0000-1-1.jpg\",\"datePublished\":\"2026-02-25T18:10:16+00:00\",\"dateModified\":\"2026-04-08T23:05:30+00:00\",\"breadcrumb\":{\"@id\":\"https:\\\/\\\/1dronas.lt\\\/en\\\/produktas\\\/geprc-elrs-915m-2-4g-c3-gemini-xrossband-receiver\\\/#breadcrumb\"},\"inLanguage\":\"en-US\",\"potentialAction\":[{\"@type\":\"ReadAction\",\"target\":[\"https:\\\/\\\/1dronas.lt\\\/en\\\/produktas\\\/geprc-elrs-915m-2-4g-c3-gemini-xrossband-receiver\\\/\"]}]},{\"@type\":\"ImageObject\",\"inLanguage\":\"en-US\",\"@id\":\"https:\\\/\\\/1dronas.lt\\\/en\\\/produktas\\\/geprc-elrs-915m-2-4g-c3-gemini-xrossband-receiver\\\/#primaryimage\",\"url\":\"https:\\\/\\\/1dronas.lt\\\/wp-content\\\/uploads\\\/2026\\\/02\\\/1_DeMain_0000-1-1.jpg\",\"contentUrl\":\"https:\\\/\\\/1dronas.lt\\\/wp-content\\\/uploads\\\/2026\\\/02\\\/1_DeMain_0000-1-1.jpg\",\"width\":2000,\"height\":2000},{\"@type\":\"BreadcrumbList\",\"@id\":\"https:\\\/\\\/1dronas.lt\\\/en\\\/produktas\\\/geprc-elrs-915m-2-4g-c3-gemini-xrossband-receiver\\\/#breadcrumb\",\"itemListElement\":[{\"@type\":\"ListItem\",\"position\":1,\"name\":\"Home\",\"item\":\"https:\\\/\\\/1dronas.lt\\\/\"},{\"@type\":\"ListItem\",\"position\":2,\"name\":\"Parduotuv\u0117\",\"item\":\"https:\\\/\\\/1dronas.lt\\\/parduotuve\\\/\"},{\"@type\":\"ListItem\",\"position\":3,\"name\":\"GEPRC ELRS 915M\\\/2.4G C3 Gemini Xrossband Receiver\"}]},{\"@type\":\"WebSite\",\"@id\":\"https:\\\/\\\/1dronas.lt\\\/en\\\/#website\",\"url\":\"https:\\\/\\\/1dronas.lt\\\/en\\\/\",\"name\":\"1dronas.lt\",\"description\":\"Internetin\u0117 parduotuv\u0117\",\"publisher\":{\"@id\":\"https:\\\/\\\/1dronas.lt\\\/en\\\/#organization\"},\"potentialAction\":[{\"@type\":\"SearchAction\",\"target\":{\"@type\":\"EntryPoint\",\"urlTemplate\":\"https:\\\/\\\/1dronas.lt\\\/en\\\/?s={search_term_string}\"},\"query-input\":{\"@type\":\"PropertyValueSpecification\",\"valueRequired\":true,\"valueName\":\"search_term_string\"}}],\"inLanguage\":\"en-US\"},{\"@type\":\"Organization\",\"@id\":\"https:\\\/\\\/1dronas.lt\\\/en\\\/#organization\",\"name\":\"1dronas.lt\",\"url\":\"https:\\\/\\\/1dronas.lt\\\/en\\\/\",\"logo\":{\"@type\":\"ImageObject\",\"inLanguage\":\"en-US\",\"@id\":\"https:\\\/\\\/1dronas.lt\\\/en\\\/#\\\/schema\\\/logo\\\/image\\\/\",\"url\":\"https:\\\/\\\/1dronas.lt\\\/wp-content\\\/uploads\\\/2020\\\/12\\\/Ekrano_kopija__2_-removebg-preview-1-1.png\",\"contentUrl\":\"https:\\\/\\\/1dronas.lt\\\/wp-content\\\/uploads\\\/2020\\\/12\\\/Ekrano_kopija__2_-removebg-preview-1-1.png\",\"width\":234,\"height\":81,\"caption\":\"1dronas.lt\"},\"image\":{\"@id\":\"https:\\\/\\\/1dronas.lt\\\/en\\\/#\\\/schema\\\/logo\\\/image\\\/\"},\"sameAs\":[\"https:\\\/\\\/www.facebook.com\\\/1dronas\\\/\"]}]}<\/script>\n<!-- \/ Yoast SEO plugin. -->","yoast_head_json":{"title":"GEPRC ELRS 915M\/2.4G C3 Gemini Xrossband Receiver - 1dronas.lt","robots":{"index":"index","follow":"follow","max-snippet":"max-snippet:-1","max-image-preview":"max-image-preview:large","max-video-preview":"max-video-preview:-1"},"canonical":"https:\/\/1dronas.lt\/en\/produktas\/geprc-elrs-915m-2-4g-c3-gemini-xrossband-receiver\/","og_locale":"en_US","og_type":"article","og_title":"GEPRC ELRS 915M\/2.4G C3 Gemini Xrossband Receiver - 1dronas.lt","og_description":"GEPRC ELRS 915M\/2.4G C3 Gemini Xrossband Imtuvas dvigubo da\u017enio re\u017eimu gali atskirai komunikuoti 915 MHz ir 2.4 GHz juostose, u\u017etikrindamas geresn\u012f atsparum\u0105 trikd\u017eiams.  \u00a0 \u00a01 \u2013 2 d. d.","og_url":"https:\/\/1dronas.lt\/en\/produktas\/geprc-elrs-915m-2-4g-c3-gemini-xrossband-receiver\/","og_site_name":"1dronas.lt","article_publisher":"https:\/\/www.facebook.com\/1dronas\/","article_modified_time":"2026-04-08T23:05:30+00:00","og_image":[{"width":2000,"height":2000,"url":"https:\/\/1dronas.lt\/wp-content\/uploads\/2026\/02\/1_DeMain_0000-1-1.jpg","type":"image\/jpeg"}],"twitter_card":"summary_large_image","twitter_misc":{"Est. reading time":"3 minutes"},"schema":{"@context":"https:\/\/schema.org","@graph":[{"@type":"WebPage","@id":"https:\/\/1dronas.lt\/en\/produktas\/geprc-elrs-915m-2-4g-c3-gemini-xrossband-receiver\/","url":"https:\/\/1dronas.lt\/en\/produktas\/geprc-elrs-915m-2-4g-c3-gemini-xrossband-receiver\/","name":"GEPRC ELRS 915M\/2.4G C3 Gemini Xrossband Receiver - 1dronas.lt","isPartOf":{"@id":"https:\/\/1dronas.lt\/en\/#website"},"primaryImageOfPage":{"@id":"https:\/\/1dronas.lt\/en\/produktas\/geprc-elrs-915m-2-4g-c3-gemini-xrossband-receiver\/#primaryimage"},"image":{"@id":"https:\/\/1dronas.lt\/en\/produktas\/geprc-elrs-915m-2-4g-c3-gemini-xrossband-receiver\/#primaryimage"},"thumbnailUrl":"https:\/\/1dronas.lt\/wp-content\/uploads\/2026\/02\/1_DeMain_0000-1-1.jpg","datePublished":"2026-02-25T18:10:16+00:00","dateModified":"2026-04-08T23:05:30+00:00","breadcrumb":{"@id":"https:\/\/1dronas.lt\/en\/produktas\/geprc-elrs-915m-2-4g-c3-gemini-xrossband-receiver\/#breadcrumb"},"inLanguage":"en-US","potentialAction":[{"@type":"ReadAction","target":["https:\/\/1dronas.lt\/en\/produktas\/geprc-elrs-915m-2-4g-c3-gemini-xrossband-receiver\/"]}]},{"@type":"ImageObject","inLanguage":"en-US","@id":"https:\/\/1dronas.lt\/en\/produktas\/geprc-elrs-915m-2-4g-c3-gemini-xrossband-receiver\/#primaryimage","url":"https:\/\/1dronas.lt\/wp-content\/uploads\/2026\/02\/1_DeMain_0000-1-1.jpg","contentUrl":"https:\/\/1dronas.lt\/wp-content\/uploads\/2026\/02\/1_DeMain_0000-1-1.jpg","width":2000,"height":2000},{"@type":"BreadcrumbList","@id":"https:\/\/1dronas.lt\/en\/produktas\/geprc-elrs-915m-2-4g-c3-gemini-xrossband-receiver\/#breadcrumb","itemListElement":[{"@type":"ListItem","position":1,"name":"Home","item":"https:\/\/1dronas.lt\/"},{"@type":"ListItem","position":2,"name":"Parduotuv\u0117","item":"https:\/\/1dronas.lt\/parduotuve\/"},{"@type":"ListItem","position":3,"name":"GEPRC ELRS 915M\/2.4G C3 Gemini Xrossband Receiver"}]},{"@type":"WebSite","@id":"https:\/\/1dronas.lt\/en\/#website","url":"https:\/\/1dronas.lt\/en\/","name":"1dronas.lt","description":"Online store","publisher":{"@id":"https:\/\/1dronas.lt\/en\/#organization"},"potentialAction":[{"@type":"SearchAction","target":{"@type":"EntryPoint","urlTemplate":"https:\/\/1dronas.lt\/en\/?s={search_term_string}"},"query-input":{"@type":"PropertyValueSpecification","valueRequired":true,"valueName":"search_term_string"}}],"inLanguage":"en-US"},{"@type":"Organization","@id":"https:\/\/1dronas.lt\/en\/#organization","name":"1dronas.lt","url":"https:\/\/1dronas.lt\/en\/","logo":{"@type":"ImageObject","inLanguage":"en-US","@id":"https:\/\/1dronas.lt\/en\/#\/schema\/logo\/image\/","url":"https:\/\/1dronas.lt\/wp-content\/uploads\/2020\/12\/Ekrano_kopija__2_-removebg-preview-1-1.png","contentUrl":"https:\/\/1dronas.lt\/wp-content\/uploads\/2020\/12\/Ekrano_kopija__2_-removebg-preview-1-1.png","width":234,"height":81,"caption":"1dronas.lt"},"image":{"@id":"https:\/\/1dronas.lt\/en\/#\/schema\/logo\/image\/"},"sameAs":["https:\/\/www.facebook.com\/1dronas\/"]}]}},"jetpack_sharing_enabled":true,"_links":{"self":[{"href":"https:\/\/1dronas.lt\/en\/wp-json\/wp\/v2\/product\/17071","targetHints":{"allow":["GET"]}}],"collection":[{"href":"https:\/\/1dronas.lt\/en\/wp-json\/wp\/v2\/product"}],"about":[{"href":"https:\/\/1dronas.lt\/en\/wp-json\/wp\/v2\/types\/product"}],"replies":[{"embeddable":true,"href":"https:\/\/1dronas.lt\/en\/wp-json\/wp\/v2\/comments?post=17071"}],"wp:featuredmedia":[{"embeddable":true,"href":"https:\/\/1dronas.lt\/en\/wp-json\/wp\/v2\/media\/17072"}],"wp:attachment":[{"href":"https:\/\/1dronas.lt\/en\/wp-json\/wp\/v2\/media?parent=17071"}],"wp:term":[{"taxonomy":"product_brand","embeddable":true,"href":"https:\/\/1dronas.lt\/en\/wp-json\/wp\/v2\/product_brand?post=17071"},{"taxonomy":"product_cat","embeddable":true,"href":"https:\/\/1dronas.lt\/en\/wp-json\/wp\/v2\/product_cat?post=17071"},{"taxonomy":"product_tag","embeddable":true,"href":"https:\/\/1dronas.lt\/en\/wp-json\/wp\/v2\/product_tag?post=17071"}],"curies":[{"name":"wp","href":"https:\/\/api.w.org\/{rel}","templated":true}]}}