{"id":17057,"date":"2026-02-24T22:12:13","date_gmt":"2026-02-24T20:12:13","guid":{"rendered":"https:\/\/1dronas.lt\/?post_type=product&#038;p=17057"},"modified":"2026-02-24T22:12:25","modified_gmt":"2026-02-24T20:12:25","slug":"geprc-taker-h80_bls-80a-4in1-esc","status":"publish","type":"product","link":"https:\/\/1dronas.lt\/en\/produktas\/geprc-taker-h80_bls-80a-4in1-esc\/","title":{"rendered":"GEPRC TAKER H80_BLS 80A 4IN1 ESC"},"content":{"rendered":"<p data-start=\"0\" data-end=\"18\">TAKER H80_BLS 80A 4IN1 ESC is a high-end 4-in-1 speed controller designed for powerful FPV drones that require stable operation and high current load. Supporting 3-6S LiPo batteries and up to 80A continuous current, it ensures smooth motor operation for both aggressive freestyle and racing flights. The ESC uses DShot150\/300\/600 protocols and has a built-in current meter.<\/p>\n<p data-start=\"0\" data-end=\"18\"><strong data-start=\"0\" data-end=\"18\">Specification:<\/strong><\/p>\n<p data-start=\"20\" data-end=\"338\">\u2022 Input voltage: 3-6S LiPo;<br data-start=\"44\" data-end=\"47\" \/>\u2022 Current meter: supported;<br data-start=\"75\" data-end=\"78\" \/>\u2022 Continuous current: 80A;<br data-start=\"98\" data-end=\"101\" \/>\u2022 Peak current: 85A (5 seconds);<br data-start=\"131\" data-end=\"134\" \/>\u2022 Supported protocols: DShot150\/300\/600;<br data-start=\"172\" data-end=\"175\" \/>\u2022 Size: 56.3 x 61.1 mm, mounting holes 30.5 x 30.5 mm, \u03c64 mm hole is reduced to \u03c63 mm using a silicone anti-vibration ring;<br data-start=\"302\" data-end=\"305\" \/>\u2022 Weight: 28.1 g;<br data-start=\"319\" data-end=\"322\" \/>\u2022 Target: B_X_30.<\/p>\n<p data-start=\"340\" data-end=\"353\"><strong data-start=\"340\" data-end=\"353\">Package:<\/strong><\/p>\n<p data-start=\"355\" data-end=\"574\" data-is-last-node=\"\" data-is-only-node=\"\">1x TAKER H80_BLS 80A 4IN1 ESC;<br data-start=\"385\" data-end=\"388\" \/>1x Electrolytic capacitor (50V 4700uF);<br data-start=\"434\" data-end=\"437\" \/>1x FC adapter cable (SH1.0 8 pin 30 mm);<br data-start=\"481\" data-end=\"484\" \/>1x XT90 power cable (10AWG 230 mm);<br data-start=\"525\" data-end=\"528\" \/>4x Silicone anti-vibration pads (M3).<\/p>","protected":false},"excerpt":{"rendered":"<p><span style=\"color: #000000;\">High-end 4in1 speed controller designed for powerful FPV drones that require stable operation and high current load.<\/span><\/p>\n<p><span style=\"color: #000000;\"><strong><img loading=\"lazy\" decoding=\"async\" class=\"alignnone wp-image-1806\" src=\"https:\/\/1dronas.lt\/wp-content\/uploads\/2021\/05\/delivery-icon.png\" alt=\"\" width=\"24\" height=\"24\" srcset=\"https:\/\/1dronas.lt\/wp-content\/uploads\/2021\/05\/delivery-icon.png 35w, https:\/\/1dronas.lt\/wp-content\/uploads\/2021\/05\/delivery-icon-12x12.png 12w\" sizes=\"auto, (max-width: 24px) 100vw, 24px\" \/>\u00a0 \u00a01 \u2013 2 days<\/strong><\/span><\/p>","protected":false},"featured_media":17059,"comment_status":"open","ping_status":"closed","template":"","meta":[],"product_brand":[592],"product_cat":[217],"product_tag":[364,152,593,1196],"class_list":{"0":"post-17057","1":"product","2":"type-product","3":"status-publish","4":"has-post-thumbnail","6":"product_brand-geprc","7":"product_cat-skydzio-valdikliai-fc-aio-stack","8":"product_tag-4in1","9":"product_tag-esc","10":"product_tag-geprc","11":"product_tag-taker-h80_bls","13":"first","14":"instock","15":"taxable","16":"shipping-taxable","17":"purchasable","18":"product-type-simple"},"yoast_head":"<!-- This site is optimized with the Yoast SEO plugin v27.3 - https:\/\/yoast.com\/product\/yoast-seo-wordpress\/ -->\n<title>GEPRC TAKER H80_BLS 80A 4IN1 ESC - 1dronas.lt<\/title>\n<meta name=\"robots\" content=\"index, follow, max-snippet:-1, max-image-preview:large, max-video-preview:-1\" \/>\n<link rel=\"canonical\" href=\"https:\/\/1dronas.lt\/en\/produktas\/geprc-taker-h80_bls-80a-4in1-esc\/\" \/>\n<meta property=\"og:locale\" content=\"en_US\" \/>\n<meta property=\"og:type\" content=\"article\" \/>\n<meta property=\"og:title\" content=\"GEPRC TAKER H80_BLS 80A 4IN1 ESC - 1dronas.lt\" \/>\n<meta property=\"og:description\" content=\"Auk\u0161tos klas\u0117s 4in1 grei\u010dio reguliatorius, sukurtas galingiems FPV dronams, kuriems reikalingas stabilus veikimas ir didel\u0117 srov\u0117s apkrova.  \u00a0 \u00a01 \u2013 2 d. d.\" \/>\n<meta property=\"og:url\" content=\"https:\/\/1dronas.lt\/en\/produktas\/geprc-taker-h80_bls-80a-4in1-esc\/\" \/>\n<meta property=\"og:site_name\" content=\"1dronas.lt\" \/>\n<meta property=\"article:publisher\" content=\"https:\/\/www.facebook.com\/1dronas\/\" \/>\n<meta property=\"article:modified_time\" content=\"2026-02-24T20:12:25+00:00\" \/>\n<meta property=\"og:image\" content=\"https:\/\/1dronas.lt\/wp-content\/uploads\/2026\/02\/1_DeMain_0000-1.jpg\" \/>\n\t<meta property=\"og:image:width\" content=\"1500\" \/>\n\t<meta property=\"og:image:height\" content=\"1500\" \/>\n\t<meta property=\"og:image:type\" content=\"image\/jpeg\" \/>\n<meta name=\"twitter:card\" content=\"summary_large_image\" \/>\n<meta name=\"twitter:label1\" content=\"Est. reading time\" \/>\n\t<meta name=\"twitter:data1\" content=\"1 minute\" \/>\n<script type=\"application\/ld+json\" class=\"yoast-schema-graph\">{\"@context\":\"https:\\\/\\\/schema.org\",\"@graph\":[{\"@type\":\"WebPage\",\"@id\":\"https:\\\/\\\/1dronas.lt\\\/en\\\/produktas\\\/geprc-taker-h80_bls-80a-4in1-esc\\\/\",\"url\":\"https:\\\/\\\/1dronas.lt\\\/en\\\/produktas\\\/geprc-taker-h80_bls-80a-4in1-esc\\\/\",\"name\":\"GEPRC TAKER H80_BLS 80A 4IN1 ESC - 1dronas.lt\",\"isPartOf\":{\"@id\":\"https:\\\/\\\/1dronas.lt\\\/en\\\/#website\"},\"primaryImageOfPage\":{\"@id\":\"https:\\\/\\\/1dronas.lt\\\/en\\\/produktas\\\/geprc-taker-h80_bls-80a-4in1-esc\\\/#primaryimage\"},\"image\":{\"@id\":\"https:\\\/\\\/1dronas.lt\\\/en\\\/produktas\\\/geprc-taker-h80_bls-80a-4in1-esc\\\/#primaryimage\"},\"thumbnailUrl\":\"https:\\\/\\\/1dronas.lt\\\/wp-content\\\/uploads\\\/2026\\\/02\\\/1_DeMain_0000-1.jpg\",\"datePublished\":\"2026-02-24T20:12:13+00:00\",\"dateModified\":\"2026-02-24T20:12:25+00:00\",\"breadcrumb\":{\"@id\":\"https:\\\/\\\/1dronas.lt\\\/en\\\/produktas\\\/geprc-taker-h80_bls-80a-4in1-esc\\\/#breadcrumb\"},\"inLanguage\":\"en-US\",\"potentialAction\":[{\"@type\":\"ReadAction\",\"target\":[\"https:\\\/\\\/1dronas.lt\\\/en\\\/produktas\\\/geprc-taker-h80_bls-80a-4in1-esc\\\/\"]}]},{\"@type\":\"ImageObject\",\"inLanguage\":\"en-US\",\"@id\":\"https:\\\/\\\/1dronas.lt\\\/en\\\/produktas\\\/geprc-taker-h80_bls-80a-4in1-esc\\\/#primaryimage\",\"url\":\"https:\\\/\\\/1dronas.lt\\\/wp-content\\\/uploads\\\/2026\\\/02\\\/1_DeMain_0000-1.jpg\",\"contentUrl\":\"https:\\\/\\\/1dronas.lt\\\/wp-content\\\/uploads\\\/2026\\\/02\\\/1_DeMain_0000-1.jpg\",\"width\":1500,\"height\":1500},{\"@type\":\"BreadcrumbList\",\"@id\":\"https:\\\/\\\/1dronas.lt\\\/en\\\/produktas\\\/geprc-taker-h80_bls-80a-4in1-esc\\\/#breadcrumb\",\"itemListElement\":[{\"@type\":\"ListItem\",\"position\":1,\"name\":\"Home\",\"item\":\"https:\\\/\\\/1dronas.lt\\\/\"},{\"@type\":\"ListItem\",\"position\":2,\"name\":\"Parduotuv\u0117\",\"item\":\"https:\\\/\\\/1dronas.lt\\\/parduotuve\\\/\"},{\"@type\":\"ListItem\",\"position\":3,\"name\":\"GEPRC TAKER H80_BLS 80A 4IN1 ESC\"}]},{\"@type\":\"WebSite\",\"@id\":\"https:\\\/\\\/1dronas.lt\\\/en\\\/#website\",\"url\":\"https:\\\/\\\/1dronas.lt\\\/en\\\/\",\"name\":\"1dronas.lt\",\"description\":\"Internetin\u0117 parduotuv\u0117\",\"publisher\":{\"@id\":\"https:\\\/\\\/1dronas.lt\\\/en\\\/#organization\"},\"potentialAction\":[{\"@type\":\"SearchAction\",\"target\":{\"@type\":\"EntryPoint\",\"urlTemplate\":\"https:\\\/\\\/1dronas.lt\\\/en\\\/?s={search_term_string}\"},\"query-input\":{\"@type\":\"PropertyValueSpecification\",\"valueRequired\":true,\"valueName\":\"search_term_string\"}}],\"inLanguage\":\"en-US\"},{\"@type\":\"Organization\",\"@id\":\"https:\\\/\\\/1dronas.lt\\\/en\\\/#organization\",\"name\":\"1dronas.lt\",\"url\":\"https:\\\/\\\/1dronas.lt\\\/en\\\/\",\"logo\":{\"@type\":\"ImageObject\",\"inLanguage\":\"en-US\",\"@id\":\"https:\\\/\\\/1dronas.lt\\\/en\\\/#\\\/schema\\\/logo\\\/image\\\/\",\"url\":\"https:\\\/\\\/1dronas.lt\\\/wp-content\\\/uploads\\\/2020\\\/12\\\/Ekrano_kopija__2_-removebg-preview-1-1.png\",\"contentUrl\":\"https:\\\/\\\/1dronas.lt\\\/wp-content\\\/uploads\\\/2020\\\/12\\\/Ekrano_kopija__2_-removebg-preview-1-1.png\",\"width\":234,\"height\":81,\"caption\":\"1dronas.lt\"},\"image\":{\"@id\":\"https:\\\/\\\/1dronas.lt\\\/en\\\/#\\\/schema\\\/logo\\\/image\\\/\"},\"sameAs\":[\"https:\\\/\\\/www.facebook.com\\\/1dronas\\\/\"]}]}<\/script>\n<!-- \/ Yoast SEO plugin. -->","yoast_head_json":{"title":"GEPRC TAKER H80_BLS 80A 4IN1 ESC - 1dronas.lt","robots":{"index":"index","follow":"follow","max-snippet":"max-snippet:-1","max-image-preview":"max-image-preview:large","max-video-preview":"max-video-preview:-1"},"canonical":"https:\/\/1dronas.lt\/en\/produktas\/geprc-taker-h80_bls-80a-4in1-esc\/","og_locale":"en_US","og_type":"article","og_title":"GEPRC TAKER H80_BLS 80A 4IN1 ESC - 1dronas.lt","og_description":"Auk\u0161tos klas\u0117s 4in1 grei\u010dio reguliatorius, sukurtas galingiems FPV dronams, kuriems reikalingas stabilus veikimas ir didel\u0117 srov\u0117s apkrova.  \u00a0 \u00a01 \u2013 2 d. d.","og_url":"https:\/\/1dronas.lt\/en\/produktas\/geprc-taker-h80_bls-80a-4in1-esc\/","og_site_name":"1dronas.lt","article_publisher":"https:\/\/www.facebook.com\/1dronas\/","article_modified_time":"2026-02-24T20:12:25+00:00","og_image":[{"width":1500,"height":1500,"url":"https:\/\/1dronas.lt\/wp-content\/uploads\/2026\/02\/1_DeMain_0000-1.jpg","type":"image\/jpeg"}],"twitter_card":"summary_large_image","twitter_misc":{"Est. reading time":"1 minute"},"schema":{"@context":"https:\/\/schema.org","@graph":[{"@type":"WebPage","@id":"https:\/\/1dronas.lt\/en\/produktas\/geprc-taker-h80_bls-80a-4in1-esc\/","url":"https:\/\/1dronas.lt\/en\/produktas\/geprc-taker-h80_bls-80a-4in1-esc\/","name":"GEPRC TAKER H80_BLS 80A 4IN1 ESC - 1dronas.lt","isPartOf":{"@id":"https:\/\/1dronas.lt\/en\/#website"},"primaryImageOfPage":{"@id":"https:\/\/1dronas.lt\/en\/produktas\/geprc-taker-h80_bls-80a-4in1-esc\/#primaryimage"},"image":{"@id":"https:\/\/1dronas.lt\/en\/produktas\/geprc-taker-h80_bls-80a-4in1-esc\/#primaryimage"},"thumbnailUrl":"https:\/\/1dronas.lt\/wp-content\/uploads\/2026\/02\/1_DeMain_0000-1.jpg","datePublished":"2026-02-24T20:12:13+00:00","dateModified":"2026-02-24T20:12:25+00:00","breadcrumb":{"@id":"https:\/\/1dronas.lt\/en\/produktas\/geprc-taker-h80_bls-80a-4in1-esc\/#breadcrumb"},"inLanguage":"en-US","potentialAction":[{"@type":"ReadAction","target":["https:\/\/1dronas.lt\/en\/produktas\/geprc-taker-h80_bls-80a-4in1-esc\/"]}]},{"@type":"ImageObject","inLanguage":"en-US","@id":"https:\/\/1dronas.lt\/en\/produktas\/geprc-taker-h80_bls-80a-4in1-esc\/#primaryimage","url":"https:\/\/1dronas.lt\/wp-content\/uploads\/2026\/02\/1_DeMain_0000-1.jpg","contentUrl":"https:\/\/1dronas.lt\/wp-content\/uploads\/2026\/02\/1_DeMain_0000-1.jpg","width":1500,"height":1500},{"@type":"BreadcrumbList","@id":"https:\/\/1dronas.lt\/en\/produktas\/geprc-taker-h80_bls-80a-4in1-esc\/#breadcrumb","itemListElement":[{"@type":"ListItem","position":1,"name":"Home","item":"https:\/\/1dronas.lt\/"},{"@type":"ListItem","position":2,"name":"Parduotuv\u0117","item":"https:\/\/1dronas.lt\/parduotuve\/"},{"@type":"ListItem","position":3,"name":"GEPRC TAKER H80_BLS 80A 4IN1 ESC"}]},{"@type":"WebSite","@id":"https:\/\/1dronas.lt\/en\/#website","url":"https:\/\/1dronas.lt\/en\/","name":"1dronas.lt","description":"Online store","publisher":{"@id":"https:\/\/1dronas.lt\/en\/#organization"},"potentialAction":[{"@type":"SearchAction","target":{"@type":"EntryPoint","urlTemplate":"https:\/\/1dronas.lt\/en\/?s={search_term_string}"},"query-input":{"@type":"PropertyValueSpecification","valueRequired":true,"valueName":"search_term_string"}}],"inLanguage":"en-US"},{"@type":"Organization","@id":"https:\/\/1dronas.lt\/en\/#organization","name":"1dronas.lt","url":"https:\/\/1dronas.lt\/en\/","logo":{"@type":"ImageObject","inLanguage":"en-US","@id":"https:\/\/1dronas.lt\/en\/#\/schema\/logo\/image\/","url":"https:\/\/1dronas.lt\/wp-content\/uploads\/2020\/12\/Ekrano_kopija__2_-removebg-preview-1-1.png","contentUrl":"https:\/\/1dronas.lt\/wp-content\/uploads\/2020\/12\/Ekrano_kopija__2_-removebg-preview-1-1.png","width":234,"height":81,"caption":"1dronas.lt"},"image":{"@id":"https:\/\/1dronas.lt\/en\/#\/schema\/logo\/image\/"},"sameAs":["https:\/\/www.facebook.com\/1dronas\/"]}]}},"jetpack_sharing_enabled":true,"_links":{"self":[{"href":"https:\/\/1dronas.lt\/en\/wp-json\/wp\/v2\/product\/17057","targetHints":{"allow":["GET"]}}],"collection":[{"href":"https:\/\/1dronas.lt\/en\/wp-json\/wp\/v2\/product"}],"about":[{"href":"https:\/\/1dronas.lt\/en\/wp-json\/wp\/v2\/types\/product"}],"replies":[{"embeddable":true,"href":"https:\/\/1dronas.lt\/en\/wp-json\/wp\/v2\/comments?post=17057"}],"wp:featuredmedia":[{"embeddable":true,"href":"https:\/\/1dronas.lt\/en\/wp-json\/wp\/v2\/media\/17059"}],"wp:attachment":[{"href":"https:\/\/1dronas.lt\/en\/wp-json\/wp\/v2\/media?parent=17057"}],"wp:term":[{"taxonomy":"product_brand","embeddable":true,"href":"https:\/\/1dronas.lt\/en\/wp-json\/wp\/v2\/product_brand?post=17057"},{"taxonomy":"product_cat","embeddable":true,"href":"https:\/\/1dronas.lt\/en\/wp-json\/wp\/v2\/product_cat?post=17057"},{"taxonomy":"product_tag","embeddable":true,"href":"https:\/\/1dronas.lt\/en\/wp-json\/wp\/v2\/product_tag?post=17057"}],"curies":[{"name":"wp","href":"https:\/\/api.w.org\/{rel}","templated":true}]}}