{"id":17048,"date":"2026-02-24T22:01:08","date_gmt":"2026-02-24T20:01:08","guid":{"rendered":"https:\/\/1dronas.lt\/?post_type=product&#038;p=17048"},"modified":"2026-03-30T22:32:18","modified_gmt":"2026-03-30T19:32:18","slug":"geprc-taker-h743-bt-8bit-80a-stack","status":"publish","type":"product","link":"https:\/\/1dronas.lt\/en\/produktas\/geprc-taker-h743-bt-8bit-80a-stack\/","title":{"rendered":"GEPRC TAKER H743 BT 8Bit 80A STACK"},"content":{"rendered":"<p data-start=\"0\" data-end=\"550\"><img loading=\"lazy\" decoding=\"async\" class=\"alignnone wp-image-17050 size-full\" src=\"https:\/\/1dronas.lt\/wp-content\/uploads\/2026\/02\/1-e1771962300521.jpg\" alt=\"\" width=\"1200\" height=\"1403\" srcset=\"https:\/\/1dronas.lt\/wp-content\/uploads\/2026\/02\/1-e1771962300521.jpg 1200w, https:\/\/1dronas.lt\/wp-content\/uploads\/2026\/02\/1-e1771962300521-257x300.jpg 257w, https:\/\/1dronas.lt\/wp-content\/uploads\/2026\/02\/1-e1771962300521-876x1024.jpg 876w, https:\/\/1dronas.lt\/wp-content\/uploads\/2026\/02\/1-e1771962300521-768x898.jpg 768w, https:\/\/1dronas.lt\/wp-content\/uploads\/2026\/02\/1-e1771962300521-10x12.jpg 10w, https:\/\/1dronas.lt\/wp-content\/uploads\/2026\/02\/1-e1771962300521-510x596.jpg 510w\" sizes=\"auto, (max-width: 1200px) 100vw, 1200px\" \/><\/p>\n<p data-start=\"0\" data-end=\"550\">TAKER H743 BT 8Bit 80A STACK is the latest Stack system developed by the GEPRC team. It uses a high-performance STM32H743VIH6 chip with a Cortex-M7 core operating at up to 480 MHz, making it perfect for both racing and freestyle flights. The dual gyro system (MPU6000 and ICM42688-P) ensures precise control. Built-in Bluetooth allows for wireless parameter changes, and a 512 MB blackbox memory allows for flight data storage. There are also eight motor outputs and compatibility with X8 models. The system is compatible with Betaflight, INAV and Ardupilot, providing flexibility. Dual independent BEC (5V@3A + <a class=\"decorated-link cursor-pointer\" rel=\"noopener\" data-start=\"680\" data-end=\"688\">12V@2.5A<\/a>) ensures stable power supply. Has 7 UART ports, integrated barometer and plug-and-play functionality. With TAKER H80_BLS 80A 4IN1 ESC ensures extremely smooth flight.<\/p>\n<p data-start=\"0\" data-end=\"550\"><strong>Features:<\/strong><\/p>\n<p data-start=\"882\" data-end=\"935\">\u2022 Uses high-performance STM32H743 main controller;<br \/>\n\u2022 Equipped with MPU6000 and ICM42688-P dual gyroscopes;<br \/>\n\u2022 512 MB high-capacity blackbox memory;<br \/>\n\u2022 Adjusting Bluetooth settings;<br \/>\n\u2022 Plug-and-play \u2013 no soldering required;<br \/>\n\u2022 Integrated barometer;<br \/>\n\u2022 7 UART ports;<br \/>\n\u2022 Independent BEC outputs: <a class=\"decorated-link cursor-pointer\" rel=\"noopener\" data-start=\"1199\" data-end=\"1207\">12V@2.5A<\/a> and 5V@3A;<br \/>\n\u2022 Supports multiple firmware versions;<br \/>\n\u2022 Includes TAKER H80_BLS 80A 4IN1 ESC for smooth flight.<\/p>\n<p data-start=\"882\" data-end=\"935\"><strong>Specification:<\/strong><\/p>\n<p data-start=\"1379\" data-end=\"1423\">FC: TAKER H743 BT<\/p>\n<p data-start=\"1426\" data-end=\"1442\">\u2022 MCU: STM32H743;<br \/>\n\u2022 IMU: MPU6000 + ICM42688-P (dual gyroscope);<br \/>\n\u2022 Air Unit connector: direct connection to DJI Air Unit;<br \/>\n\u2022 Blackbox: 512 MB integrated;<br \/>\n\u2022 Bluetooth: supported;<br \/>\n\u2022 Barometer: yes;<br \/>\n\u2022 USB: Type-C;<br \/>\n\u2022 OSD: Betaflight OSD with AT7456E chip;<br \/>\n\u2022 BEC outputs: 5V@3A and <a class=\"decorated-link cursor-pointer\" rel=\"noopener\" data-start=\"1714\" data-end=\"1722\">12V@2.5A;<\/a><br \/>\n\u2022 Target: GEPRC_TAKER_H743;<br \/>\n\u2022 Dimensions: 38.5 x 38.5 mm, mounting holes 30.5 x 30.5 mmInput voltage: 3\u20136S LiPo;<br \/>\n\u2022 UART ports: 7 (UART3 reserved for Bluetooth);<br \/>\n\u2022 Power supply filtering: integrated LC filter;<br \/>\n\u2022 Weight: 8.4 g.<\/p>\n<p data-start=\"1426\" data-end=\"1442\">ESC: TAKER H80_BLS 80A 4IN1 ESC<\/p>\n<p data-start=\"1426\" data-end=\"1442\">\u2022 Input voltage: 3-6S LiPo;<br \/>\n\u2022 Current meter: supported;<br \/>\n\u2022 Continuous current: 80A;<br \/>\n\u2022 Peak current: 85A (5 s);<br \/>\n\u2022 Protocols: DShot150\/300\/600;<br \/>\n\u2022 Size: 56.3 \u00d7 61.1 mm, mounting 30.5 x 30.5 mm;<br \/>\n\u2022 Holes: \u03c64 mm (with silicone shock absorbers \u2192 \u03c63 mm);<br \/>\n\u2022 Weight: 28.1 g;<br \/>\n\u2022 Target: B_X_30.<\/p>\n<p data-start=\"1426\" data-end=\"1442\"><img loading=\"lazy\" decoding=\"async\" class=\"alignnone wp-image-17054 size-full\" src=\"https:\/\/1dronas.lt\/wp-content\/uploads\/2026\/02\/4.jpg\" alt=\"\" width=\"1200\" height=\"1991\" srcset=\"https:\/\/1dronas.lt\/wp-content\/uploads\/2026\/02\/4.jpg 1200w, https:\/\/1dronas.lt\/wp-content\/uploads\/2026\/02\/4-181x300.jpg 181w, https:\/\/1dronas.lt\/wp-content\/uploads\/2026\/02\/4-617x1024.jpg 617w, https:\/\/1dronas.lt\/wp-content\/uploads\/2026\/02\/4-768x1274.jpg 768w, https:\/\/1dronas.lt\/wp-content\/uploads\/2026\/02\/4-926x1536.jpg 926w, https:\/\/1dronas.lt\/wp-content\/uploads\/2026\/02\/4-7x12.jpg 7w, https:\/\/1dronas.lt\/wp-content\/uploads\/2026\/02\/4-510x846.jpg 510w\" sizes=\"auto, (max-width: 1200px) 100vw, 1200px\" \/><\/p>\n<p data-start=\"1426\" data-end=\"1442\">This TAKER H743 BT flight controller supports Bluetooth Wireless Tuning, so you can adjust the drone&#039;s settings directly through the SpeedyBee app on your phone - quickly change parameters, check information, and configure the system wirelessly without a USB cable.<\/p>\n<p data-start=\"1426\" data-end=\"1442\"><strong>Package:<\/strong><\/p>\n<p data-start=\"0\" data-end=\"58\">1x TAKER H743 BT Flight Controller;<br \/>\n1x TAKER H80_BLS 80A 4IN1 ESC;<br \/>\n1x Electrolytic capacitor (50V 4700uF);<br \/>\n1x DJI connection cable (SH1.0 6 pin 100 mm);<br \/>\n1x FC adapter cable (SH1.0 8 pin 30 mm);<br \/>\n1x Receiver silicone cable (SH1.0 4 pin 150 mm);<br \/>\n1x Camera connection cable (SH1.0\u2013SH1.25 3 pin 60 mm);<br \/>\n1x VTX connection cable (SH1.0 4 pin\u20136 pin 100 mm);<br \/>\n1x XT90 power cable (10AWG 230 mm);<br \/>\n4x M3\u00d730 screws;<br \/>\n4x M3\u00d725 screws:<br \/>\n8x Nylon nuts (M3):<br \/>\n12x Silicone anti-vibration pads (M3).<\/p>","protected":false},"excerpt":{"rendered":"<p><span style=\"color: #000000;\">High-end GEPRC TAKER H743 BT 8Bit 80A drone stack system with powerful H743 controller, dual gyro, Bluetooth control and 80A 4in1 ESC for smooth and efficient FPV flight.<\/span><\/p>\n<p><span style=\"color: #000000;\"><strong><img loading=\"lazy\" decoding=\"async\" class=\"alignnone wp-image-1806\" src=\"https:\/\/1dronas.lt\/wp-content\/uploads\/2021\/05\/delivery-icon.png\" alt=\"\" width=\"24\" height=\"24\" srcset=\"https:\/\/1dronas.lt\/wp-content\/uploads\/2021\/05\/delivery-icon.png 35w, https:\/\/1dronas.lt\/wp-content\/uploads\/2021\/05\/delivery-icon-12x12.png 12w\" sizes=\"auto, (max-width: 24px) 100vw, 24px\" \/>\u00a0 \u00a01 \u2013 2 days<\/strong><\/span><\/p>","protected":false},"featured_media":17049,"comment_status":"open","ping_status":"closed","template":"","meta":[],"product_brand":[592],"product_cat":[217],"product_tag":[1195,620,593,153,1193],"class_list":{"0":"post-17048","1":"product","2":"type-product","3":"status-publish","4":"has-post-thumbnail","6":"product_brand-geprc","7":"product_cat-skydzio-valdikliai-fc-aio-stack","8":"product_tag-80a","9":"product_tag-fc-esc","10":"product_tag-geprc","11":"product_tag-stack","12":"product_tag-taker-h743","14":"first","15":"outofstock","16":"taxable","17":"shipping-taxable","18":"purchasable","19":"product-type-simple"},"yoast_head":"<!-- This site is optimized with the Yoast SEO plugin v27.3 - https:\/\/yoast.com\/product\/yoast-seo-wordpress\/ -->\n<title>GEPRC TAKER H743 BT 8Bit 80A STACK - 1dronas.lt<\/title>\n<meta name=\"robots\" content=\"index, follow, max-snippet:-1, max-image-preview:large, max-video-preview:-1\" \/>\n<link rel=\"canonical\" href=\"https:\/\/1dronas.lt\/en\/produktas\/geprc-taker-h743-bt-8bit-80a-stack\/\" \/>\n<meta property=\"og:locale\" content=\"en_US\" \/>\n<meta property=\"og:type\" content=\"article\" \/>\n<meta property=\"og:title\" content=\"GEPRC TAKER H743 BT 8Bit 80A STACK - 1dronas.lt\" \/>\n<meta property=\"og:description\" content=\"Auk\u0161tos klas\u0117s GEPRC TAKER H743 BT 8Bit 80A drono \u201estack\u201c sistema su galingu H743 valdikliu, dvigubu giroskopu, Bluetooth reguliavimu ir 80A 4in1 ESC, skirta skland\u017eiam bei na\u0161iam FPV skryd\u017eiui.  \u00a0 \u00a01 \u2013 2 d. d.\" \/>\n<meta property=\"og:url\" content=\"https:\/\/1dronas.lt\/en\/produktas\/geprc-taker-h743-bt-8bit-80a-stack\/\" \/>\n<meta property=\"og:site_name\" content=\"1dronas.lt\" \/>\n<meta property=\"article:publisher\" content=\"https:\/\/www.facebook.com\/1dronas\/\" \/>\n<meta property=\"article:modified_time\" content=\"2026-03-30T19:32:18+00:00\" \/>\n<meta property=\"og:image\" content=\"https:\/\/1dronas.lt\/wp-content\/uploads\/2026\/02\/1_DeMain_0000.jpg\" \/>\n\t<meta property=\"og:image:width\" content=\"2000\" \/>\n\t<meta property=\"og:image:height\" content=\"2000\" \/>\n\t<meta property=\"og:image:type\" content=\"image\/jpeg\" \/>\n<meta name=\"twitter:card\" content=\"summary_large_image\" \/>\n<meta name=\"twitter:label1\" content=\"Est. reading time\" \/>\n\t<meta name=\"twitter:data1\" content=\"3 minutes\" \/>\n<script type=\"application\/ld+json\" class=\"yoast-schema-graph\">{\"@context\":\"https:\\\/\\\/schema.org\",\"@graph\":[{\"@type\":\"WebPage\",\"@id\":\"https:\\\/\\\/1dronas.lt\\\/en\\\/produktas\\\/geprc-taker-h743-bt-8bit-80a-stack\\\/\",\"url\":\"https:\\\/\\\/1dronas.lt\\\/en\\\/produktas\\\/geprc-taker-h743-bt-8bit-80a-stack\\\/\",\"name\":\"GEPRC TAKER H743 BT 8Bit 80A STACK - 1dronas.lt\",\"isPartOf\":{\"@id\":\"https:\\\/\\\/1dronas.lt\\\/en\\\/#website\"},\"primaryImageOfPage\":{\"@id\":\"https:\\\/\\\/1dronas.lt\\\/en\\\/produktas\\\/geprc-taker-h743-bt-8bit-80a-stack\\\/#primaryimage\"},\"image\":{\"@id\":\"https:\\\/\\\/1dronas.lt\\\/en\\\/produktas\\\/geprc-taker-h743-bt-8bit-80a-stack\\\/#primaryimage\"},\"thumbnailUrl\":\"https:\\\/\\\/1dronas.lt\\\/wp-content\\\/uploads\\\/2026\\\/02\\\/1_DeMain_0000.jpg\",\"datePublished\":\"2026-02-24T20:01:08+00:00\",\"dateModified\":\"2026-03-30T19:32:18+00:00\",\"breadcrumb\":{\"@id\":\"https:\\\/\\\/1dronas.lt\\\/en\\\/produktas\\\/geprc-taker-h743-bt-8bit-80a-stack\\\/#breadcrumb\"},\"inLanguage\":\"en-US\",\"potentialAction\":[{\"@type\":\"ReadAction\",\"target\":[\"https:\\\/\\\/1dronas.lt\\\/en\\\/produktas\\\/geprc-taker-h743-bt-8bit-80a-stack\\\/\"]}]},{\"@type\":\"ImageObject\",\"inLanguage\":\"en-US\",\"@id\":\"https:\\\/\\\/1dronas.lt\\\/en\\\/produktas\\\/geprc-taker-h743-bt-8bit-80a-stack\\\/#primaryimage\",\"url\":\"https:\\\/\\\/1dronas.lt\\\/wp-content\\\/uploads\\\/2026\\\/02\\\/1_DeMain_0000.jpg\",\"contentUrl\":\"https:\\\/\\\/1dronas.lt\\\/wp-content\\\/uploads\\\/2026\\\/02\\\/1_DeMain_0000.jpg\",\"width\":2000,\"height\":2000},{\"@type\":\"BreadcrumbList\",\"@id\":\"https:\\\/\\\/1dronas.lt\\\/en\\\/produktas\\\/geprc-taker-h743-bt-8bit-80a-stack\\\/#breadcrumb\",\"itemListElement\":[{\"@type\":\"ListItem\",\"position\":1,\"name\":\"Home\",\"item\":\"https:\\\/\\\/1dronas.lt\\\/\"},{\"@type\":\"ListItem\",\"position\":2,\"name\":\"Parduotuv\u0117\",\"item\":\"https:\\\/\\\/1dronas.lt\\\/parduotuve\\\/\"},{\"@type\":\"ListItem\",\"position\":3,\"name\":\"GEPRC TAKER H743 BT 8Bit 80A STACK\"}]},{\"@type\":\"WebSite\",\"@id\":\"https:\\\/\\\/1dronas.lt\\\/en\\\/#website\",\"url\":\"https:\\\/\\\/1dronas.lt\\\/en\\\/\",\"name\":\"1dronas.lt\",\"description\":\"Internetin\u0117 parduotuv\u0117\",\"publisher\":{\"@id\":\"https:\\\/\\\/1dronas.lt\\\/en\\\/#organization\"},\"potentialAction\":[{\"@type\":\"SearchAction\",\"target\":{\"@type\":\"EntryPoint\",\"urlTemplate\":\"https:\\\/\\\/1dronas.lt\\\/en\\\/?s={search_term_string}\"},\"query-input\":{\"@type\":\"PropertyValueSpecification\",\"valueRequired\":true,\"valueName\":\"search_term_string\"}}],\"inLanguage\":\"en-US\"},{\"@type\":\"Organization\",\"@id\":\"https:\\\/\\\/1dronas.lt\\\/en\\\/#organization\",\"name\":\"1dronas.lt\",\"url\":\"https:\\\/\\\/1dronas.lt\\\/en\\\/\",\"logo\":{\"@type\":\"ImageObject\",\"inLanguage\":\"en-US\",\"@id\":\"https:\\\/\\\/1dronas.lt\\\/en\\\/#\\\/schema\\\/logo\\\/image\\\/\",\"url\":\"https:\\\/\\\/1dronas.lt\\\/wp-content\\\/uploads\\\/2020\\\/12\\\/Ekrano_kopija__2_-removebg-preview-1-1.png\",\"contentUrl\":\"https:\\\/\\\/1dronas.lt\\\/wp-content\\\/uploads\\\/2020\\\/12\\\/Ekrano_kopija__2_-removebg-preview-1-1.png\",\"width\":234,\"height\":81,\"caption\":\"1dronas.lt\"},\"image\":{\"@id\":\"https:\\\/\\\/1dronas.lt\\\/en\\\/#\\\/schema\\\/logo\\\/image\\\/\"},\"sameAs\":[\"https:\\\/\\\/www.facebook.com\\\/1dronas\\\/\"]}]}<\/script>\n<!-- \/ Yoast SEO plugin. -->","yoast_head_json":{"title":"GEPRC TAKER H743 BT 8Bit 80A STACK - 1dronas.lt","robots":{"index":"index","follow":"follow","max-snippet":"max-snippet:-1","max-image-preview":"max-image-preview:large","max-video-preview":"max-video-preview:-1"},"canonical":"https:\/\/1dronas.lt\/en\/produktas\/geprc-taker-h743-bt-8bit-80a-stack\/","og_locale":"en_US","og_type":"article","og_title":"GEPRC TAKER H743 BT 8Bit 80A STACK - 1dronas.lt","og_description":"Auk\u0161tos klas\u0117s GEPRC TAKER H743 BT 8Bit 80A drono \u201estack\u201c sistema su galingu H743 valdikliu, dvigubu giroskopu, Bluetooth reguliavimu ir 80A 4in1 ESC, skirta skland\u017eiam bei na\u0161iam FPV skryd\u017eiui.  \u00a0 \u00a01 \u2013 2 d. d.","og_url":"https:\/\/1dronas.lt\/en\/produktas\/geprc-taker-h743-bt-8bit-80a-stack\/","og_site_name":"1dronas.lt","article_publisher":"https:\/\/www.facebook.com\/1dronas\/","article_modified_time":"2026-03-30T19:32:18+00:00","og_image":[{"width":2000,"height":2000,"url":"https:\/\/1dronas.lt\/wp-content\/uploads\/2026\/02\/1_DeMain_0000.jpg","type":"image\/jpeg"}],"twitter_card":"summary_large_image","twitter_misc":{"Est. reading time":"3 minutes"},"schema":{"@context":"https:\/\/schema.org","@graph":[{"@type":"WebPage","@id":"https:\/\/1dronas.lt\/en\/produktas\/geprc-taker-h743-bt-8bit-80a-stack\/","url":"https:\/\/1dronas.lt\/en\/produktas\/geprc-taker-h743-bt-8bit-80a-stack\/","name":"GEPRC TAKER H743 BT 8Bit 80A STACK - 1dronas.lt","isPartOf":{"@id":"https:\/\/1dronas.lt\/en\/#website"},"primaryImageOfPage":{"@id":"https:\/\/1dronas.lt\/en\/produktas\/geprc-taker-h743-bt-8bit-80a-stack\/#primaryimage"},"image":{"@id":"https:\/\/1dronas.lt\/en\/produktas\/geprc-taker-h743-bt-8bit-80a-stack\/#primaryimage"},"thumbnailUrl":"https:\/\/1dronas.lt\/wp-content\/uploads\/2026\/02\/1_DeMain_0000.jpg","datePublished":"2026-02-24T20:01:08+00:00","dateModified":"2026-03-30T19:32:18+00:00","breadcrumb":{"@id":"https:\/\/1dronas.lt\/en\/produktas\/geprc-taker-h743-bt-8bit-80a-stack\/#breadcrumb"},"inLanguage":"en-US","potentialAction":[{"@type":"ReadAction","target":["https:\/\/1dronas.lt\/en\/produktas\/geprc-taker-h743-bt-8bit-80a-stack\/"]}]},{"@type":"ImageObject","inLanguage":"en-US","@id":"https:\/\/1dronas.lt\/en\/produktas\/geprc-taker-h743-bt-8bit-80a-stack\/#primaryimage","url":"https:\/\/1dronas.lt\/wp-content\/uploads\/2026\/02\/1_DeMain_0000.jpg","contentUrl":"https:\/\/1dronas.lt\/wp-content\/uploads\/2026\/02\/1_DeMain_0000.jpg","width":2000,"height":2000},{"@type":"BreadcrumbList","@id":"https:\/\/1dronas.lt\/en\/produktas\/geprc-taker-h743-bt-8bit-80a-stack\/#breadcrumb","itemListElement":[{"@type":"ListItem","position":1,"name":"Home","item":"https:\/\/1dronas.lt\/"},{"@type":"ListItem","position":2,"name":"Parduotuv\u0117","item":"https:\/\/1dronas.lt\/parduotuve\/"},{"@type":"ListItem","position":3,"name":"GEPRC TAKER H743 BT 8Bit 80A STACK"}]},{"@type":"WebSite","@id":"https:\/\/1dronas.lt\/en\/#website","url":"https:\/\/1dronas.lt\/en\/","name":"1dronas.lt","description":"Online store","publisher":{"@id":"https:\/\/1dronas.lt\/en\/#organization"},"potentialAction":[{"@type":"SearchAction","target":{"@type":"EntryPoint","urlTemplate":"https:\/\/1dronas.lt\/en\/?s={search_term_string}"},"query-input":{"@type":"PropertyValueSpecification","valueRequired":true,"valueName":"search_term_string"}}],"inLanguage":"en-US"},{"@type":"Organization","@id":"https:\/\/1dronas.lt\/en\/#organization","name":"1dronas.lt","url":"https:\/\/1dronas.lt\/en\/","logo":{"@type":"ImageObject","inLanguage":"en-US","@id":"https:\/\/1dronas.lt\/en\/#\/schema\/logo\/image\/","url":"https:\/\/1dronas.lt\/wp-content\/uploads\/2020\/12\/Ekrano_kopija__2_-removebg-preview-1-1.png","contentUrl":"https:\/\/1dronas.lt\/wp-content\/uploads\/2020\/12\/Ekrano_kopija__2_-removebg-preview-1-1.png","width":234,"height":81,"caption":"1dronas.lt"},"image":{"@id":"https:\/\/1dronas.lt\/en\/#\/schema\/logo\/image\/"},"sameAs":["https:\/\/www.facebook.com\/1dronas\/"]}]}},"jetpack_sharing_enabled":true,"_links":{"self":[{"href":"https:\/\/1dronas.lt\/en\/wp-json\/wp\/v2\/product\/17048","targetHints":{"allow":["GET"]}}],"collection":[{"href":"https:\/\/1dronas.lt\/en\/wp-json\/wp\/v2\/product"}],"about":[{"href":"https:\/\/1dronas.lt\/en\/wp-json\/wp\/v2\/types\/product"}],"replies":[{"embeddable":true,"href":"https:\/\/1dronas.lt\/en\/wp-json\/wp\/v2\/comments?post=17048"}],"wp:featuredmedia":[{"embeddable":true,"href":"https:\/\/1dronas.lt\/en\/wp-json\/wp\/v2\/media\/17049"}],"wp:attachment":[{"href":"https:\/\/1dronas.lt\/en\/wp-json\/wp\/v2\/media?parent=17048"}],"wp:term":[{"taxonomy":"product_brand","embeddable":true,"href":"https:\/\/1dronas.lt\/en\/wp-json\/wp\/v2\/product_brand?post=17048"},{"taxonomy":"product_cat","embeddable":true,"href":"https:\/\/1dronas.lt\/en\/wp-json\/wp\/v2\/product_cat?post=17048"},{"taxonomy":"product_tag","embeddable":true,"href":"https:\/\/1dronas.lt\/en\/wp-json\/wp\/v2\/product_tag?post=17048"}],"curies":[{"name":"wp","href":"https:\/\/api.w.org\/{rel}","templated":true}]}}