{"id":17042,"date":"2026-02-24T21:16:41","date_gmt":"2026-02-24T19:16:41","guid":{"rendered":"https:\/\/1dronas.lt\/?post_type=product&#038;p=17042"},"modified":"2026-03-02T11:55:10","modified_gmt":"2026-03-02T09:55:10","slug":"gep-f405-hd-v3-fc","status":"publish","type":"product","link":"https:\/\/1dronas.lt\/en\/produktas\/gep-f405-hd-v3-fc\/","title":{"rendered":"GEP-F405-HD V3 FC"},"content":{"rendered":"<p><strong>Features:<\/strong><\/p>\n<p>\u2022 The main STM32F405 chip is used;<br data-start=\"43\" data-end=\"46\" \/>\u2022 Equipped with the latest 42688-P gyroscope;<br data-start=\"88\" data-end=\"91\" \/>\u2022 16 MB Blackbox memory;<br data-start=\"116\" data-end=\"119\" \/>\u2022 5V@3A + <a class=\"decorated-link cursor-pointer\" rel=\"noopener\" data-start=\"127\" data-end=\"135\">12V@2.5A<\/a> dual independent BEC;<br data-start=\"163\" data-end=\"166\" \/>\u2022 Integrated LC filter;<br data-start=\"188\" data-end=\"191\" \/>\u2022 Updated Type-C USB connector;<br data-start=\"224\" data-end=\"227\" \/>\u2022 Direct connection to DJI Air Unit;<br data-start=\"272\" data-end=\"275\" \/>\u2022 Simple and rational installation method, shock absorbers allow the gyroscope to operate very stably;<br data-start=\"372\" data-end=\"375\" \/>\u2022 Integrated barometer.<\/p>\n<p><strong>Specification:<\/strong><\/p>\n<p>\u2022 MCU: STM32F405;<br data-start=\"18\" data-end=\"21\" \/>\u2022 IMU: ICM42688-P (SPI);<br data-start=\"46\" data-end=\"49\" \/>\u2022 Air Unit connection: direct connection to DJI Air Unit;<br data-start=\"116\" data-end=\"119\" \/>\u2022 Blackbox: integrated 16 MB memory;<br data-start=\"158\" data-end=\"161\" \/>\u2022 Barometer: supported;<br data-start=\"187\" data-end=\"190\" \/>\u2022 Motor outputs: M1\u2013M6;<br data-start=\"218\" data-end=\"221\" \/>\u2022 USB interface: Type-C;<br data-start=\"243\" data-end=\"246\" \/>\u2022 OSD: Betaflight OSD with AT7456E chip;<br data-start=\"286\" data-end=\"289\" \/>\u2022 BEC: 5V@3A, <a class=\"decorated-link cursor-pointer\" rel=\"noopener\" data-start=\"305\" data-end=\"313\">12V@2.5A<\/a> dual BEC;<br data-start=\"326\" data-end=\"329\" \/>\u2022 Firmware: GEPRCF405;<br data-start=\"360\" data-end=\"363\" \/>\u2022 Mounting: 30.5 x 30.5 mm, \u03c64 mm hole becomes \u03c63 mm using a silicone anti-vibration ring;<br data-start=\"457\" data-end=\"460\" \/>\u2022 Input voltage: 3-6S LiPo;<br data-start=\"488\" data-end=\"491\" \/>\u2022 UART: 6 UART connectors;<br data-start=\"515\" data-end=\"518\" \/>\u2022 Power filter: integrated LC filter;<br data-start=\"563\" data-end=\"566\" \/>\u2022 Weight: 7.3 g.<\/p>\n<p><strong>Package:<\/strong><\/p>\n<p>1x Flight controller;<br data-start=\"22\" data-end=\"25\" \/>1x DJI Air Unit adapter cable;<br data-start=\"59\" data-end=\"62\" \/>1x Flight controller adapter cable;<br data-start=\"102\" data-end=\"105\" \/>4x Nylon nuts;<br data-start=\"127\" data-end=\"130\" \/>4x Silicone bushings (rubber shock absorbers);<br data-start=\"178\" data-end=\"181\" \/>2x SH1.0 4-pin ribbon cables;<br data-start=\"221\" data-end=\"224\" \/>1x Camera connection cable.<\/p>","protected":false},"excerpt":{"rendered":"<p><span style=\"color: #000000;\">A high-end flight controller designed for FPV drone enthusiasts and professionals looking for a reliable, stable, and functional solution.<\/span><\/p>\n<p><span style=\"color: #000000;\"><strong><img loading=\"lazy\" decoding=\"async\" class=\"alignnone wp-image-1806\" src=\"https:\/\/1dronas.lt\/wp-content\/uploads\/2021\/05\/delivery-icon.png\" alt=\"\" width=\"24\" height=\"24\" srcset=\"https:\/\/1dronas.lt\/wp-content\/uploads\/2021\/05\/delivery-icon.png 35w, https:\/\/1dronas.lt\/wp-content\/uploads\/2021\/05\/delivery-icon-12x12.png 12w\" sizes=\"auto, (max-width: 24px) 100vw, 24px\" \/>\u00a0 \u00a01 \u2013 2 days<\/strong><\/span><\/p>","protected":false},"featured_media":17043,"comment_status":"open","ping_status":"closed","template":"","meta":[],"product_brand":[592],"product_cat":[217],"product_tag":[885,593,888],"class_list":{"0":"post-17042","1":"product","2":"type-product","3":"status-publish","4":"has-post-thumbnail","6":"product_brand-geprc","7":"product_cat-skydzio-valdikliai-fc-aio-stack","8":"product_tag-gep-f405-hd","9":"product_tag-geprc","10":"product_tag-v3","12":"first","13":"outofstock","14":"taxable","15":"shipping-taxable","16":"purchasable","17":"product-type-simple"},"yoast_head":"<!-- This site is optimized with the Yoast SEO plugin v27.4 - https:\/\/yoast.com\/product\/yoast-seo-wordpress\/ -->\n<title>GEP-F405-HD V3 FC - 1dronas.lt<\/title>\n<meta name=\"robots\" content=\"index, follow, max-snippet:-1, max-image-preview:large, max-video-preview:-1\" \/>\n<link rel=\"canonical\" href=\"https:\/\/1dronas.lt\/en\/produktas\/gep-f405-hd-v3-fc\/\" \/>\n<meta property=\"og:locale\" content=\"en_US\" \/>\n<meta property=\"og:type\" content=\"article\" \/>\n<meta property=\"og:title\" content=\"GEP-F405-HD V3 FC - 1dronas.lt\" \/>\n<meta property=\"og:description\" content=\"Auk\u0161tos klas\u0117s skryd\u017eio valdiklis sukurtas FPV dron\u0173 entuziastams ir profesionalams, ie\u0161kantiems patikimo, stabilaus ir funkcionalaus sprendimo.  \u00a0 \u00a01 \u2013 2 d. d.\" \/>\n<meta property=\"og:url\" content=\"https:\/\/1dronas.lt\/en\/produktas\/gep-f405-hd-v3-fc\/\" \/>\n<meta property=\"og:site_name\" content=\"1dronas.lt\" \/>\n<meta property=\"article:publisher\" content=\"https:\/\/www.facebook.com\/1dronas\/\" \/>\n<meta property=\"article:modified_time\" content=\"2026-03-02T09:55:10+00:00\" \/>\n<meta property=\"og:image\" content=\"https:\/\/1dronas.lt\/wp-content\/uploads\/2026\/02\/1_DeMain_0000-6.jpg\" \/>\n\t<meta property=\"og:image:width\" content=\"2000\" \/>\n\t<meta property=\"og:image:height\" content=\"2000\" \/>\n\t<meta property=\"og:image:type\" content=\"image\/jpeg\" \/>\n<meta name=\"twitter:card\" content=\"summary_large_image\" \/>\n<meta name=\"twitter:label1\" content=\"Est. reading time\" \/>\n\t<meta name=\"twitter:data1\" content=\"2 minutes\" \/>\n<script type=\"application\/ld+json\" class=\"yoast-schema-graph\">{\"@context\":\"https:\\\/\\\/schema.org\",\"@graph\":[{\"@type\":\"WebPage\",\"@id\":\"https:\\\/\\\/1dronas.lt\\\/en\\\/produktas\\\/gep-f405-hd-v3-fc\\\/\",\"url\":\"https:\\\/\\\/1dronas.lt\\\/en\\\/produktas\\\/gep-f405-hd-v3-fc\\\/\",\"name\":\"GEP-F405-HD V3 FC - 1dronas.lt\",\"isPartOf\":{\"@id\":\"https:\\\/\\\/1dronas.lt\\\/en\\\/#website\"},\"primaryImageOfPage\":{\"@id\":\"https:\\\/\\\/1dronas.lt\\\/en\\\/produktas\\\/gep-f405-hd-v3-fc\\\/#primaryimage\"},\"image\":{\"@id\":\"https:\\\/\\\/1dronas.lt\\\/en\\\/produktas\\\/gep-f405-hd-v3-fc\\\/#primaryimage\"},\"thumbnailUrl\":\"https:\\\/\\\/1dronas.lt\\\/wp-content\\\/uploads\\\/2026\\\/02\\\/1_DeMain_0000-6.jpg\",\"datePublished\":\"2026-02-24T19:16:41+00:00\",\"dateModified\":\"2026-03-02T09:55:10+00:00\",\"breadcrumb\":{\"@id\":\"https:\\\/\\\/1dronas.lt\\\/en\\\/produktas\\\/gep-f405-hd-v3-fc\\\/#breadcrumb\"},\"inLanguage\":\"en-US\",\"potentialAction\":[{\"@type\":\"ReadAction\",\"target\":[\"https:\\\/\\\/1dronas.lt\\\/en\\\/produktas\\\/gep-f405-hd-v3-fc\\\/\"]}]},{\"@type\":\"ImageObject\",\"inLanguage\":\"en-US\",\"@id\":\"https:\\\/\\\/1dronas.lt\\\/en\\\/produktas\\\/gep-f405-hd-v3-fc\\\/#primaryimage\",\"url\":\"https:\\\/\\\/1dronas.lt\\\/wp-content\\\/uploads\\\/2026\\\/02\\\/1_DeMain_0000-6.jpg\",\"contentUrl\":\"https:\\\/\\\/1dronas.lt\\\/wp-content\\\/uploads\\\/2026\\\/02\\\/1_DeMain_0000-6.jpg\",\"width\":2000,\"height\":2000},{\"@type\":\"BreadcrumbList\",\"@id\":\"https:\\\/\\\/1dronas.lt\\\/en\\\/produktas\\\/gep-f405-hd-v3-fc\\\/#breadcrumb\",\"itemListElement\":[{\"@type\":\"ListItem\",\"position\":1,\"name\":\"Home\",\"item\":\"https:\\\/\\\/1dronas.lt\\\/\"},{\"@type\":\"ListItem\",\"position\":2,\"name\":\"Parduotuv\u0117\",\"item\":\"https:\\\/\\\/1dronas.lt\\\/parduotuve\\\/\"},{\"@type\":\"ListItem\",\"position\":3,\"name\":\"GEP-F405-HD V3 FC\"}]},{\"@type\":\"WebSite\",\"@id\":\"https:\\\/\\\/1dronas.lt\\\/en\\\/#website\",\"url\":\"https:\\\/\\\/1dronas.lt\\\/en\\\/\",\"name\":\"1dronas.lt\",\"description\":\"Internetin\u0117 parduotuv\u0117\",\"publisher\":{\"@id\":\"https:\\\/\\\/1dronas.lt\\\/en\\\/#organization\"},\"potentialAction\":[{\"@type\":\"SearchAction\",\"target\":{\"@type\":\"EntryPoint\",\"urlTemplate\":\"https:\\\/\\\/1dronas.lt\\\/en\\\/?s={search_term_string}\"},\"query-input\":{\"@type\":\"PropertyValueSpecification\",\"valueRequired\":true,\"valueName\":\"search_term_string\"}}],\"inLanguage\":\"en-US\"},{\"@type\":\"Organization\",\"@id\":\"https:\\\/\\\/1dronas.lt\\\/en\\\/#organization\",\"name\":\"1dronas.lt\",\"url\":\"https:\\\/\\\/1dronas.lt\\\/en\\\/\",\"logo\":{\"@type\":\"ImageObject\",\"inLanguage\":\"en-US\",\"@id\":\"https:\\\/\\\/1dronas.lt\\\/en\\\/#\\\/schema\\\/logo\\\/image\\\/\",\"url\":\"https:\\\/\\\/1dronas.lt\\\/wp-content\\\/uploads\\\/2020\\\/12\\\/Ekrano_kopija__2_-removebg-preview-1-1.png\",\"contentUrl\":\"https:\\\/\\\/1dronas.lt\\\/wp-content\\\/uploads\\\/2020\\\/12\\\/Ekrano_kopija__2_-removebg-preview-1-1.png\",\"width\":234,\"height\":81,\"caption\":\"1dronas.lt\"},\"image\":{\"@id\":\"https:\\\/\\\/1dronas.lt\\\/en\\\/#\\\/schema\\\/logo\\\/image\\\/\"},\"sameAs\":[\"https:\\\/\\\/www.facebook.com\\\/1dronas\\\/\"]}]}<\/script>\n<!-- \/ Yoast SEO plugin. -->","yoast_head_json":{"title":"GEP-F405-HD V3 FC - 1dronas.lt","robots":{"index":"index","follow":"follow","max-snippet":"max-snippet:-1","max-image-preview":"max-image-preview:large","max-video-preview":"max-video-preview:-1"},"canonical":"https:\/\/1dronas.lt\/en\/produktas\/gep-f405-hd-v3-fc\/","og_locale":"en_US","og_type":"article","og_title":"GEP-F405-HD V3 FC - 1dronas.lt","og_description":"Auk\u0161tos klas\u0117s skryd\u017eio valdiklis sukurtas FPV dron\u0173 entuziastams ir profesionalams, ie\u0161kantiems patikimo, stabilaus ir funkcionalaus sprendimo.  \u00a0 \u00a01 \u2013 2 d. d.","og_url":"https:\/\/1dronas.lt\/en\/produktas\/gep-f405-hd-v3-fc\/","og_site_name":"1dronas.lt","article_publisher":"https:\/\/www.facebook.com\/1dronas\/","article_modified_time":"2026-03-02T09:55:10+00:00","og_image":[{"width":2000,"height":2000,"url":"https:\/\/1dronas.lt\/wp-content\/uploads\/2026\/02\/1_DeMain_0000-6.jpg","type":"image\/jpeg"}],"twitter_card":"summary_large_image","twitter_misc":{"Est. reading time":"2 minutes"},"schema":{"@context":"https:\/\/schema.org","@graph":[{"@type":"WebPage","@id":"https:\/\/1dronas.lt\/en\/produktas\/gep-f405-hd-v3-fc\/","url":"https:\/\/1dronas.lt\/en\/produktas\/gep-f405-hd-v3-fc\/","name":"GEP-F405-HD V3 FC - 1dronas.lt","isPartOf":{"@id":"https:\/\/1dronas.lt\/en\/#website"},"primaryImageOfPage":{"@id":"https:\/\/1dronas.lt\/en\/produktas\/gep-f405-hd-v3-fc\/#primaryimage"},"image":{"@id":"https:\/\/1dronas.lt\/en\/produktas\/gep-f405-hd-v3-fc\/#primaryimage"},"thumbnailUrl":"https:\/\/1dronas.lt\/wp-content\/uploads\/2026\/02\/1_DeMain_0000-6.jpg","datePublished":"2026-02-24T19:16:41+00:00","dateModified":"2026-03-02T09:55:10+00:00","breadcrumb":{"@id":"https:\/\/1dronas.lt\/en\/produktas\/gep-f405-hd-v3-fc\/#breadcrumb"},"inLanguage":"en-US","potentialAction":[{"@type":"ReadAction","target":["https:\/\/1dronas.lt\/en\/produktas\/gep-f405-hd-v3-fc\/"]}]},{"@type":"ImageObject","inLanguage":"en-US","@id":"https:\/\/1dronas.lt\/en\/produktas\/gep-f405-hd-v3-fc\/#primaryimage","url":"https:\/\/1dronas.lt\/wp-content\/uploads\/2026\/02\/1_DeMain_0000-6.jpg","contentUrl":"https:\/\/1dronas.lt\/wp-content\/uploads\/2026\/02\/1_DeMain_0000-6.jpg","width":2000,"height":2000},{"@type":"BreadcrumbList","@id":"https:\/\/1dronas.lt\/en\/produktas\/gep-f405-hd-v3-fc\/#breadcrumb","itemListElement":[{"@type":"ListItem","position":1,"name":"Home","item":"https:\/\/1dronas.lt\/"},{"@type":"ListItem","position":2,"name":"Parduotuv\u0117","item":"https:\/\/1dronas.lt\/parduotuve\/"},{"@type":"ListItem","position":3,"name":"GEP-F405-HD V3 FC"}]},{"@type":"WebSite","@id":"https:\/\/1dronas.lt\/en\/#website","url":"https:\/\/1dronas.lt\/en\/","name":"1dronas.lt","description":"Online store","publisher":{"@id":"https:\/\/1dronas.lt\/en\/#organization"},"potentialAction":[{"@type":"SearchAction","target":{"@type":"EntryPoint","urlTemplate":"https:\/\/1dronas.lt\/en\/?s={search_term_string}"},"query-input":{"@type":"PropertyValueSpecification","valueRequired":true,"valueName":"search_term_string"}}],"inLanguage":"en-US"},{"@type":"Organization","@id":"https:\/\/1dronas.lt\/en\/#organization","name":"1dronas.lt","url":"https:\/\/1dronas.lt\/en\/","logo":{"@type":"ImageObject","inLanguage":"en-US","@id":"https:\/\/1dronas.lt\/en\/#\/schema\/logo\/image\/","url":"https:\/\/1dronas.lt\/wp-content\/uploads\/2020\/12\/Ekrano_kopija__2_-removebg-preview-1-1.png","contentUrl":"https:\/\/1dronas.lt\/wp-content\/uploads\/2020\/12\/Ekrano_kopija__2_-removebg-preview-1-1.png","width":234,"height":81,"caption":"1dronas.lt"},"image":{"@id":"https:\/\/1dronas.lt\/en\/#\/schema\/logo\/image\/"},"sameAs":["https:\/\/www.facebook.com\/1dronas\/"]}]}},"jetpack_sharing_enabled":true,"_links":{"self":[{"href":"https:\/\/1dronas.lt\/en\/wp-json\/wp\/v2\/product\/17042","targetHints":{"allow":["GET"]}}],"collection":[{"href":"https:\/\/1dronas.lt\/en\/wp-json\/wp\/v2\/product"}],"about":[{"href":"https:\/\/1dronas.lt\/en\/wp-json\/wp\/v2\/types\/product"}],"replies":[{"embeddable":true,"href":"https:\/\/1dronas.lt\/en\/wp-json\/wp\/v2\/comments?post=17042"}],"wp:featuredmedia":[{"embeddable":true,"href":"https:\/\/1dronas.lt\/en\/wp-json\/wp\/v2\/media\/17043"}],"wp:attachment":[{"href":"https:\/\/1dronas.lt\/en\/wp-json\/wp\/v2\/media?parent=17042"}],"wp:term":[{"taxonomy":"product_brand","embeddable":true,"href":"https:\/\/1dronas.lt\/en\/wp-json\/wp\/v2\/product_brand?post=17042"},{"taxonomy":"product_cat","embeddable":true,"href":"https:\/\/1dronas.lt\/en\/wp-json\/wp\/v2\/product_cat?post=17042"},{"taxonomy":"product_tag","embeddable":true,"href":"https:\/\/1dronas.lt\/en\/wp-json\/wp\/v2\/product_tag?post=17042"}],"curies":[{"name":"wp","href":"https:\/\/api.w.org\/{rel}","templated":true}]}}