{"id":17031,"date":"2026-02-24T20:52:51","date_gmt":"2026-02-24T18:52:51","guid":{"rendered":"https:\/\/1dronas.lt\/?post_type=product&#038;p=17031"},"modified":"2026-03-13T15:04:22","modified_gmt":"2026-03-13T13:04:22","slug":"geprc-fpv-irangos-rinkinys","status":"publish","type":"product","link":"https:\/\/1dronas.lt\/en\/produktas\/geprc-fpv-irangos-rinkinys\/","title":{"rendered":"GEPRC FPV equipment kit"},"content":{"rendered":"<p data-start=\"0\" data-end=\"107\">The GEPRC FPV Hardware Pack is a multi-purpose storage box specifically designed for FPV pilots. It contains essential parts and tools for flight maintenance, allowing you to quickly and efficiently organize and maintain your equipment. This kit will help you keep everything organized and ready for your next flight.<\/p>\n<p data-start=\"0\" data-end=\"107\"><img loading=\"lazy\" decoding=\"async\" class=\"alignnone wp-image-17038 size-large\" src=\"https:\/\/1dronas.lt\/wp-content\/uploads\/2026\/02\/51-1024x1024.jpg\" alt=\"\" width=\"1020\" height=\"1020\" srcset=\"https:\/\/1dronas.lt\/wp-content\/uploads\/2026\/02\/51-1024x1024.jpg 1024w, https:\/\/1dronas.lt\/wp-content\/uploads\/2026\/02\/51-300x300.jpg 300w, https:\/\/1dronas.lt\/wp-content\/uploads\/2026\/02\/51-150x150.jpg 150w, https:\/\/1dronas.lt\/wp-content\/uploads\/2026\/02\/51-768x768.jpg 768w, https:\/\/1dronas.lt\/wp-content\/uploads\/2026\/02\/51-12x12.jpg 12w, https:\/\/1dronas.lt\/wp-content\/uploads\/2026\/02\/51-247x247.jpg 247w, https:\/\/1dronas.lt\/wp-content\/uploads\/2026\/02\/51-510x510.jpg 510w, https:\/\/1dronas.lt\/wp-content\/uploads\/2026\/02\/51-100x100.jpg 100w, https:\/\/1dronas.lt\/wp-content\/uploads\/2026\/02\/51.jpg 1200w\" sizes=\"auto, (max-width: 1020px) 100vw, 1020px\" \/><\/p>\n<p data-start=\"398\" data-end=\"411\"><strong data-start=\"398\" data-end=\"409\">Features:<\/strong><\/p>\n<p data-start=\"413\" data-end=\"606\">\u2022 All in one: The kit includes various screws, nuts, gaskets and tools. You will be able to quickly replace damaged parts and increase maintenance;<br \/>\n\u2022 Multifunctional compartments: The internal compartment design allows for separate storage of parts and tools of different sizes;<br \/>\n\u2022 Durable material: Made of strong, impact-resistant materials that protect against dust, moisture and shock, ensuring the safety of the components inside;<br \/>\n\u2022 Compact and portable: The great design makes it convenient to take the kit with you for everyday use or outdoor flights, so your FPV gear is always ready.<\/p>\n<p data-start=\"413\" data-end=\"606\"><strong>Measurements:<\/strong><\/p>\n<p data-start=\"413\" data-end=\"606\"><img loading=\"lazy\" decoding=\"async\" class=\"alignnone wp-image-17032 size-large\" src=\"https:\/\/1dronas.lt\/wp-content\/uploads\/2026\/02\/7-1-e1771958143431-1024x589.jpg\" alt=\"\" width=\"1020\" height=\"587\" srcset=\"https:\/\/1dronas.lt\/wp-content\/uploads\/2026\/02\/7-1-e1771958143431-1024x589.jpg 1024w, https:\/\/1dronas.lt\/wp-content\/uploads\/2026\/02\/7-1-e1771958143431-300x173.jpg 300w, https:\/\/1dronas.lt\/wp-content\/uploads\/2026\/02\/7-1-e1771958143431-768x442.jpg 768w, https:\/\/1dronas.lt\/wp-content\/uploads\/2026\/02\/7-1-e1771958143431-18x10.jpg 18w, https:\/\/1dronas.lt\/wp-content\/uploads\/2026\/02\/7-1-e1771958143431-510x293.jpg 510w, https:\/\/1dronas.lt\/wp-content\/uploads\/2026\/02\/7-1-e1771958143431.jpg 1200w\" sizes=\"auto, (max-width: 1020px) 100vw, 1020px\" \/><\/p>\n<p data-start=\"413\" data-end=\"606\"><strong>In the kit you will find:<\/strong><\/p>\n<p data-start=\"413\" data-end=\"606\"><strong>Screws:<\/strong><\/p>\n<p data-start=\"44\" data-end=\"282\">M3 series:<br data-start=\"58\" data-end=\"61\" \/>50x Round head M3\u00d76;<br data-start=\"85\" data-end=\"88\" \/>50x Flat head M3\u00d78;<br data-start=\"113\" data-end=\"116\" \/>50x Round head M3\u00d78;<br data-start=\"140\" data-end=\"143\" \/>50x Round head M3\u00d710;<br data-start=\"168\" data-end=\"171\" \/>50x Round head M3\u00d712;<br data-start=\"196\" data-end=\"199\" \/>50x Round head M3\u00d714;<br data-start=\"224\" data-end=\"227\" \/>50x Round head M3\u00d718;<br data-start=\"252\" data-end=\"255\" \/>25x Round head M3\u00d727.<\/p>\n<p data-start=\"284\" data-end=\"522\">M2 series:<br \/>\n50x Round head M2\u00d76;<br data-start=\"325\" data-end=\"328\" \/>50x Flat head M2\u00d77;<br data-start=\"353\" data-end=\"356\" \/>50x Round head M2\u00d78;<br data-start=\"380\" data-end=\"383\" \/>50x Round head M2\u00d710;<br data-start=\"408\" data-end=\"411\" \/>50x Round head M2\u00d712;<br data-start=\"436\" data-end=\"439\" \/>50x Round head M2\u00d714;<br data-start=\"464\" data-end=\"467\" \/>50x Round head M2\u00d718;<br data-start=\"492\" data-end=\"495\" \/>20x Round head M2\u00d723.<\/p>\n<p data-start=\"284\" data-end=\"522\"><strong data-start=\"533\" data-end=\"544\">Nuts:<\/strong><\/p>\n<p data-start=\"546\" data-end=\"788\">8x M5 flange nuts;<br data-start=\"569\" data-end=\"572\" \/>15x M2 brass press-in nuts;<br data-start=\"610\" data-end=\"613\" \/>15x M2 press-in nuts;<br data-start=\"640\" data-end=\"643\" \/>15x M3 press-in nuts;<br data-start=\"670\" data-end=\"673\" \/>15x M3 lock nuts;<br data-start=\"701\" data-end=\"704\" \/>15x M2 lock nuts;<br data-start=\"732\" data-end=\"735\" \/>15x M2 steel nuts;<br data-start=\"759\" data-end=\"762\" \/>15x M3 steel nuts.<\/p>\n<p data-start=\"546\" data-end=\"788\"><strong data-start=\"799\" data-end=\"860\">Flight controller damping rubbers;<\/strong><\/p>\n<p data-start=\"862\" data-end=\"921\">15x M3 FC damping rubbers;<br data-start=\"889\" data-end=\"892\" \/>15x M2 FC damping rubbers.<\/p>\n<p data-start=\"862\" data-end=\"921\"><strong data-start=\"932\" data-end=\"973\">Aluminum gaskets:<\/strong><\/p>\n<p data-start=\"975\" data-end=\"1186\">10x M3\u00d75\u00d725 textured aluminum spacers;<br data-start=\"1024\" data-end=\"1027\" \/>10x M3\u00d76\u00d723 textured aluminum spacers;<br data-start=\"1076\" data-end=\"1079\" \/>12x M2\u00d73.5\u00d712.5 textured aluminum spacers;<br data-start=\"1132\" data-end=\"1135\" \/>12x M2\u00d74\u00d720 textured aluminum spacers.<\/p>\n<p data-start=\"975\" data-end=\"1186\"><strong data-start=\"1197\" data-end=\"1213\">Other accessories:<\/strong><\/p>\n<p data-start=\"1215\" data-end=\"1468\">8x 70mm\u00d710mm motor cable protectors;<br data-start=\"1251\" data-end=\"1254\" \/>8x 43mm\u00d77mm motor cable protectors;<br data-start=\"1289\" data-end=\"1292\" \/>3x Amass XT30U-F connectors;<br data-start=\"1316\" data-end=\"1319\" \/>3x Amass XT30U-M connectors;<br data-start=\"1343\" data-end=\"1346\" \/>3x Amass XT60PB-F connectors;<br data-start=\"1371\" data-end=\"1374\" \/>3x Amass XT60H-M connectors;<br data-start=\"1398\" data-end=\"1401\" \/>2x Amass XT60 power cable;<br data-start=\"1432\" data-end=\"1435\" \/>2x Amass XT30 power cable;<br \/>\n2x 6S balance wire extension cable;<br data-start=\"1513\" data-end=\"1516\" \/>2x 4S balance wire extension cable;<br \/>\n2x SH1.0-8P female connector cable set<br data-start=\"1610\" data-end=\"1613\" \/>2x DJI HD VTX cable;<br data-start=\"1634\" data-end=\"1637\" \/>2x SH1.0-5P female connector cable;<br data-start=\"1674\" data-end=\"1677\" \/>2x SH1.0-4P female connector cable;<br data-start=\"1714\" data-end=\"1717\" \/>2x GH1.25-6P GHR connector cable;<br data-start=\"1750\" data-end=\"1753\" \/>2x SH1.0-3P female \u2192 MOLEX1.25-3P female connector cable;<br \/>\n1x Electrolytic capacitor 50V 1000\u03bcF;<br data-start=\"1863\" data-end=\"1866\" \/>2x Electrolytic capacitor 35V 680\u03bcF;<br data-start=\"1908\" data-end=\"1911\" \/>2x Electrolytic capacitor 35V 1000\u03bcF;<br \/>\n20x 3\u00d780mm nylon zip ties;<br data-start=\"2011\" data-end=\"2014\" \/>10x 3\u00d7200mm nylon tensioning straps.<\/p>\n<p data-start=\"1215\" data-end=\"1468\"><strong data-start=\"2070\" data-end=\"2082\">Tools:<\/strong><\/p>\n<p data-start=\"2084\" data-end=\"2157\" data-is-last-node=\"\" data-is-only-node=\"\">1x 8mm ratchet wrench;<br data-start=\"2108\" data-end=\"2111\" \/>1x 4-in-1 hex screwdriver;<br data-start=\"2143\" data-end=\"2146\" \/>1x Tweezers.<\/p>\n<p data-start=\"2084\" data-end=\"2157\" data-is-last-node=\"\" data-is-only-node=\"\"><img loading=\"lazy\" decoding=\"async\" class=\"alignnone wp-image-17035 size-full\" src=\"https:\/\/1dronas.lt\/wp-content\/uploads\/2026\/02\/11-e1771958846183.jpg\" alt=\"\" width=\"1200\" height=\"1292\" srcset=\"https:\/\/1dronas.lt\/wp-content\/uploads\/2026\/02\/11-e1771958846183.jpg 1200w, https:\/\/1dronas.lt\/wp-content\/uploads\/2026\/02\/11-e1771958846183-279x300.jpg 279w, https:\/\/1dronas.lt\/wp-content\/uploads\/2026\/02\/11-e1771958846183-951x1024.jpg 951w, https:\/\/1dronas.lt\/wp-content\/uploads\/2026\/02\/11-e1771958846183-768x827.jpg 768w, https:\/\/1dronas.lt\/wp-content\/uploads\/2026\/02\/11-e1771958846183-11x12.jpg 11w, https:\/\/1dronas.lt\/wp-content\/uploads\/2026\/02\/11-e1771958846183-510x549.jpg 510w\" sizes=\"auto, (max-width: 1200px) 100vw, 1200px\" \/><\/p>\n<p data-start=\"2084\" data-end=\"2157\" data-is-last-node=\"\" data-is-only-node=\"\"><img loading=\"lazy\" decoding=\"async\" class=\"alignnone wp-image-17034 size-full\" src=\"https:\/\/1dronas.lt\/wp-content\/uploads\/2026\/02\/10-2.jpg\" alt=\"\" width=\"1200\" height=\"1537\" srcset=\"https:\/\/1dronas.lt\/wp-content\/uploads\/2026\/02\/10-2.jpg 1200w, https:\/\/1dronas.lt\/wp-content\/uploads\/2026\/02\/10-2-234x300.jpg 234w, https:\/\/1dronas.lt\/wp-content\/uploads\/2026\/02\/10-2-799x1024.jpg 799w, https:\/\/1dronas.lt\/wp-content\/uploads\/2026\/02\/10-2-768x984.jpg 768w, https:\/\/1dronas.lt\/wp-content\/uploads\/2026\/02\/10-2-9x12.jpg 9w, https:\/\/1dronas.lt\/wp-content\/uploads\/2026\/02\/10-2-510x653.jpg 510w\" sizes=\"auto, (max-width: 1200px) 100vw, 1200px\" \/> <img loading=\"lazy\" decoding=\"async\" class=\"alignnone wp-image-17033 size-full\" src=\"https:\/\/1dronas.lt\/wp-content\/uploads\/2026\/02\/9-e1771958953547.jpg\" alt=\"\" width=\"1197\" height=\"1110\" srcset=\"https:\/\/1dronas.lt\/wp-content\/uploads\/2026\/02\/9-e1771958953547.jpg 1197w, https:\/\/1dronas.lt\/wp-content\/uploads\/2026\/02\/9-e1771958953547-300x278.jpg 300w, https:\/\/1dronas.lt\/wp-content\/uploads\/2026\/02\/9-e1771958953547-1024x950.jpg 1024w, https:\/\/1dronas.lt\/wp-content\/uploads\/2026\/02\/9-e1771958953547-768x712.jpg 768w, https:\/\/1dronas.lt\/wp-content\/uploads\/2026\/02\/9-e1771958953547-13x12.jpg 13w, https:\/\/1dronas.lt\/wp-content\/uploads\/2026\/02\/9-e1771958953547-510x473.jpg 510w\" sizes=\"auto, (max-width: 1197px) 100vw, 1197px\" \/> <img loading=\"lazy\" decoding=\"async\" class=\"alignnone wp-image-17036 size-full\" src=\"https:\/\/1dronas.lt\/wp-content\/uploads\/2026\/02\/12-1.jpg\" alt=\"\" width=\"1200\" height=\"1369\" srcset=\"https:\/\/1dronas.lt\/wp-content\/uploads\/2026\/02\/12-1.jpg 1200w, https:\/\/1dronas.lt\/wp-content\/uploads\/2026\/02\/12-1-263x300.jpg 263w, https:\/\/1dronas.lt\/wp-content\/uploads\/2026\/02\/12-1-898x1024.jpg 898w, https:\/\/1dronas.lt\/wp-content\/uploads\/2026\/02\/12-1-768x876.jpg 768w, https:\/\/1dronas.lt\/wp-content\/uploads\/2026\/02\/12-1-11x12.jpg 11w, https:\/\/1dronas.lt\/wp-content\/uploads\/2026\/02\/12-1-510x582.jpg 510w\" sizes=\"auto, (max-width: 1200px) 100vw, 1200px\" \/><\/p>","protected":false},"excerpt":{"rendered":"<p><span style=\"color: #000000;\"> The GEPRC FPV Hardware Pack is a multi-purpose box specifically designed for FPV pilots. It contains the essential parts and tools for flight maintenance, allowing you to quickly and efficiently organize and maintain your equipment.<\/span><\/p>\n<p><span style=\"color: #000000;\"><strong><img loading=\"lazy\" decoding=\"async\" class=\"alignnone wp-image-1806\" src=\"https:\/\/1dronas.lt\/wp-content\/uploads\/2021\/05\/delivery-icon.png\" alt=\"\" width=\"24\" height=\"24\" srcset=\"https:\/\/1dronas.lt\/wp-content\/uploads\/2021\/05\/delivery-icon.png 35w, https:\/\/1dronas.lt\/wp-content\/uploads\/2021\/05\/delivery-icon-12x12.png 12w\" sizes=\"auto, (max-width: 24px) 100vw, 24px\" \/>\u00a0 \u00a01 \u2013 2 days<\/strong><\/span><\/p>","protected":false},"featured_media":17039,"comment_status":"open","ping_status":"closed","template":"","meta":[],"product_brand":[592],"product_cat":[679,676,684],"product_tag":[593,1073],"class_list":{"0":"post-17031","1":"product","2":"type-product","3":"status-publish","4":"has-post-thumbnail","6":"product_brand-geprc","7":"product_cat-irankiai","8":"product_cat-laidai-jungtys","9":"product_cat-sraigtai-tarpines","10":"product_tag-geprc","11":"product_tag-irankiu-rinkinys","13":"first","14":"outofstock","15":"taxable","16":"shipping-taxable","17":"purchasable","18":"product-type-simple"},"yoast_head":"<!-- This site is optimized with the Yoast SEO plugin v27.4 - https:\/\/yoast.com\/product\/yoast-seo-wordpress\/ -->\n<title>GEPRC FPV \u012frangos rinkinys - 1dronas.lt<\/title>\n<meta name=\"robots\" content=\"index, follow, max-snippet:-1, max-image-preview:large, max-video-preview:-1\" \/>\n<link rel=\"canonical\" href=\"https:\/\/1dronas.lt\/en\/produktas\/geprc-fpv-irangos-rinkinys\/\" \/>\n<meta property=\"og:locale\" content=\"en_US\" \/>\n<meta property=\"og:type\" content=\"article\" \/>\n<meta property=\"og:title\" content=\"GEPRC FPV \u012frangos rinkinys - 1dronas.lt\" \/>\n<meta property=\"og:description\" content=\"GEPRC FPV Hardware Pack \u2013 tai daugiafunkc\u0117 d\u0117\u017e\u0117, specialiai sukurta FPV pilotams. Joje rasite svarbiausias dalis ir \u012frankius skryd\u017ei\u0173 prie\u017ei\u016brai, tod\u0117l gal\u0117site greitai ir efektyviai susitvarkyti bei pri\u017ei\u016br\u0117ti savo \u012frang\u0105.  \u00a0 \u00a01 \u2013 2 d. d.\" \/>\n<meta property=\"og:url\" content=\"https:\/\/1dronas.lt\/en\/produktas\/geprc-fpv-irangos-rinkinys\/\" \/>\n<meta property=\"og:site_name\" content=\"1dronas.lt\" \/>\n<meta property=\"article:publisher\" content=\"https:\/\/www.facebook.com\/1dronas\/\" \/>\n<meta property=\"article:modified_time\" content=\"2026-03-13T13:04:22+00:00\" \/>\n<meta property=\"og:image\" content=\"https:\/\/1dronas.lt\/wp-content\/uploads\/2026\/02\/TKL.jpg\" \/>\n\t<meta property=\"og:image:width\" content=\"1200\" \/>\n\t<meta property=\"og:image:height\" content=\"1200\" \/>\n\t<meta property=\"og:image:type\" content=\"image\/jpeg\" \/>\n<meta name=\"twitter:card\" content=\"summary_large_image\" \/>\n<meta name=\"twitter:label1\" content=\"Est. reading time\" \/>\n\t<meta name=\"twitter:data1\" content=\"4 minutes\" \/>\n<script type=\"application\/ld+json\" class=\"yoast-schema-graph\">{\"@context\":\"https:\\\/\\\/schema.org\",\"@graph\":[{\"@type\":\"WebPage\",\"@id\":\"https:\\\/\\\/1dronas.lt\\\/en\\\/produktas\\\/geprc-fpv-irangos-rinkinys\\\/\",\"url\":\"https:\\\/\\\/1dronas.lt\\\/en\\\/produktas\\\/geprc-fpv-irangos-rinkinys\\\/\",\"name\":\"GEPRC FPV \u012frangos rinkinys - 1dronas.lt\",\"isPartOf\":{\"@id\":\"https:\\\/\\\/1dronas.lt\\\/en\\\/#website\"},\"primaryImageOfPage\":{\"@id\":\"https:\\\/\\\/1dronas.lt\\\/en\\\/produktas\\\/geprc-fpv-irangos-rinkinys\\\/#primaryimage\"},\"image\":{\"@id\":\"https:\\\/\\\/1dronas.lt\\\/en\\\/produktas\\\/geprc-fpv-irangos-rinkinys\\\/#primaryimage\"},\"thumbnailUrl\":\"https:\\\/\\\/1dronas.lt\\\/wp-content\\\/uploads\\\/2026\\\/02\\\/TKL.jpg\",\"datePublished\":\"2026-02-24T18:52:51+00:00\",\"dateModified\":\"2026-03-13T13:04:22+00:00\",\"breadcrumb\":{\"@id\":\"https:\\\/\\\/1dronas.lt\\\/en\\\/produktas\\\/geprc-fpv-irangos-rinkinys\\\/#breadcrumb\"},\"inLanguage\":\"en-US\",\"potentialAction\":[{\"@type\":\"ReadAction\",\"target\":[\"https:\\\/\\\/1dronas.lt\\\/en\\\/produktas\\\/geprc-fpv-irangos-rinkinys\\\/\"]}]},{\"@type\":\"ImageObject\",\"inLanguage\":\"en-US\",\"@id\":\"https:\\\/\\\/1dronas.lt\\\/en\\\/produktas\\\/geprc-fpv-irangos-rinkinys\\\/#primaryimage\",\"url\":\"https:\\\/\\\/1dronas.lt\\\/wp-content\\\/uploads\\\/2026\\\/02\\\/TKL.jpg\",\"contentUrl\":\"https:\\\/\\\/1dronas.lt\\\/wp-content\\\/uploads\\\/2026\\\/02\\\/TKL.jpg\",\"width\":1200,\"height\":1200},{\"@type\":\"BreadcrumbList\",\"@id\":\"https:\\\/\\\/1dronas.lt\\\/en\\\/produktas\\\/geprc-fpv-irangos-rinkinys\\\/#breadcrumb\",\"itemListElement\":[{\"@type\":\"ListItem\",\"position\":1,\"name\":\"Home\",\"item\":\"https:\\\/\\\/1dronas.lt\\\/\"},{\"@type\":\"ListItem\",\"position\":2,\"name\":\"Parduotuv\u0117\",\"item\":\"https:\\\/\\\/1dronas.lt\\\/parduotuve\\\/\"},{\"@type\":\"ListItem\",\"position\":3,\"name\":\"GEPRC FPV \u012frangos rinkinys\"}]},{\"@type\":\"WebSite\",\"@id\":\"https:\\\/\\\/1dronas.lt\\\/en\\\/#website\",\"url\":\"https:\\\/\\\/1dronas.lt\\\/en\\\/\",\"name\":\"1dronas.lt\",\"description\":\"Internetin\u0117 parduotuv\u0117\",\"publisher\":{\"@id\":\"https:\\\/\\\/1dronas.lt\\\/en\\\/#organization\"},\"potentialAction\":[{\"@type\":\"SearchAction\",\"target\":{\"@type\":\"EntryPoint\",\"urlTemplate\":\"https:\\\/\\\/1dronas.lt\\\/en\\\/?s={search_term_string}\"},\"query-input\":{\"@type\":\"PropertyValueSpecification\",\"valueRequired\":true,\"valueName\":\"search_term_string\"}}],\"inLanguage\":\"en-US\"},{\"@type\":\"Organization\",\"@id\":\"https:\\\/\\\/1dronas.lt\\\/en\\\/#organization\",\"name\":\"1dronas.lt\",\"url\":\"https:\\\/\\\/1dronas.lt\\\/en\\\/\",\"logo\":{\"@type\":\"ImageObject\",\"inLanguage\":\"en-US\",\"@id\":\"https:\\\/\\\/1dronas.lt\\\/en\\\/#\\\/schema\\\/logo\\\/image\\\/\",\"url\":\"https:\\\/\\\/1dronas.lt\\\/wp-content\\\/uploads\\\/2020\\\/12\\\/Ekrano_kopija__2_-removebg-preview-1-1.png\",\"contentUrl\":\"https:\\\/\\\/1dronas.lt\\\/wp-content\\\/uploads\\\/2020\\\/12\\\/Ekrano_kopija__2_-removebg-preview-1-1.png\",\"width\":234,\"height\":81,\"caption\":\"1dronas.lt\"},\"image\":{\"@id\":\"https:\\\/\\\/1dronas.lt\\\/en\\\/#\\\/schema\\\/logo\\\/image\\\/\"},\"sameAs\":[\"https:\\\/\\\/www.facebook.com\\\/1dronas\\\/\"]}]}<\/script>\n<!-- \/ Yoast SEO plugin. -->","yoast_head_json":{"title":"GEPRC FPV \u012frangos rinkinys - 1dronas.lt","robots":{"index":"index","follow":"follow","max-snippet":"max-snippet:-1","max-image-preview":"max-image-preview:large","max-video-preview":"max-video-preview:-1"},"canonical":"https:\/\/1dronas.lt\/en\/produktas\/geprc-fpv-irangos-rinkinys\/","og_locale":"en_US","og_type":"article","og_title":"GEPRC FPV \u012frangos rinkinys - 1dronas.lt","og_description":"GEPRC FPV Hardware Pack \u2013 tai daugiafunkc\u0117 d\u0117\u017e\u0117, specialiai sukurta FPV pilotams. Joje rasite svarbiausias dalis ir \u012frankius skryd\u017ei\u0173 prie\u017ei\u016brai, tod\u0117l gal\u0117site greitai ir efektyviai susitvarkyti bei pri\u017ei\u016br\u0117ti savo \u012frang\u0105.  \u00a0 \u00a01 \u2013 2 d. d.","og_url":"https:\/\/1dronas.lt\/en\/produktas\/geprc-fpv-irangos-rinkinys\/","og_site_name":"1dronas.lt","article_publisher":"https:\/\/www.facebook.com\/1dronas\/","article_modified_time":"2026-03-13T13:04:22+00:00","og_image":[{"width":1200,"height":1200,"url":"https:\/\/1dronas.lt\/wp-content\/uploads\/2026\/02\/TKL.jpg","type":"image\/jpeg"}],"twitter_card":"summary_large_image","twitter_misc":{"Est. reading time":"4 minutes"},"schema":{"@context":"https:\/\/schema.org","@graph":[{"@type":"WebPage","@id":"https:\/\/1dronas.lt\/en\/produktas\/geprc-fpv-irangos-rinkinys\/","url":"https:\/\/1dronas.lt\/en\/produktas\/geprc-fpv-irangos-rinkinys\/","name":"GEPRC FPV \u012frangos rinkinys - 1dronas.lt","isPartOf":{"@id":"https:\/\/1dronas.lt\/en\/#website"},"primaryImageOfPage":{"@id":"https:\/\/1dronas.lt\/en\/produktas\/geprc-fpv-irangos-rinkinys\/#primaryimage"},"image":{"@id":"https:\/\/1dronas.lt\/en\/produktas\/geprc-fpv-irangos-rinkinys\/#primaryimage"},"thumbnailUrl":"https:\/\/1dronas.lt\/wp-content\/uploads\/2026\/02\/TKL.jpg","datePublished":"2026-02-24T18:52:51+00:00","dateModified":"2026-03-13T13:04:22+00:00","breadcrumb":{"@id":"https:\/\/1dronas.lt\/en\/produktas\/geprc-fpv-irangos-rinkinys\/#breadcrumb"},"inLanguage":"en-US","potentialAction":[{"@type":"ReadAction","target":["https:\/\/1dronas.lt\/en\/produktas\/geprc-fpv-irangos-rinkinys\/"]}]},{"@type":"ImageObject","inLanguage":"en-US","@id":"https:\/\/1dronas.lt\/en\/produktas\/geprc-fpv-irangos-rinkinys\/#primaryimage","url":"https:\/\/1dronas.lt\/wp-content\/uploads\/2026\/02\/TKL.jpg","contentUrl":"https:\/\/1dronas.lt\/wp-content\/uploads\/2026\/02\/TKL.jpg","width":1200,"height":1200},{"@type":"BreadcrumbList","@id":"https:\/\/1dronas.lt\/en\/produktas\/geprc-fpv-irangos-rinkinys\/#breadcrumb","itemListElement":[{"@type":"ListItem","position":1,"name":"Home","item":"https:\/\/1dronas.lt\/"},{"@type":"ListItem","position":2,"name":"Parduotuv\u0117","item":"https:\/\/1dronas.lt\/parduotuve\/"},{"@type":"ListItem","position":3,"name":"GEPRC FPV \u012frangos rinkinys"}]},{"@type":"WebSite","@id":"https:\/\/1dronas.lt\/en\/#website","url":"https:\/\/1dronas.lt\/en\/","name":"1dronas.lt","description":"Online store","publisher":{"@id":"https:\/\/1dronas.lt\/en\/#organization"},"potentialAction":[{"@type":"SearchAction","target":{"@type":"EntryPoint","urlTemplate":"https:\/\/1dronas.lt\/en\/?s={search_term_string}"},"query-input":{"@type":"PropertyValueSpecification","valueRequired":true,"valueName":"search_term_string"}}],"inLanguage":"en-US"},{"@type":"Organization","@id":"https:\/\/1dronas.lt\/en\/#organization","name":"1dronas.lt","url":"https:\/\/1dronas.lt\/en\/","logo":{"@type":"ImageObject","inLanguage":"en-US","@id":"https:\/\/1dronas.lt\/en\/#\/schema\/logo\/image\/","url":"https:\/\/1dronas.lt\/wp-content\/uploads\/2020\/12\/Ekrano_kopija__2_-removebg-preview-1-1.png","contentUrl":"https:\/\/1dronas.lt\/wp-content\/uploads\/2020\/12\/Ekrano_kopija__2_-removebg-preview-1-1.png","width":234,"height":81,"caption":"1dronas.lt"},"image":{"@id":"https:\/\/1dronas.lt\/en\/#\/schema\/logo\/image\/"},"sameAs":["https:\/\/www.facebook.com\/1dronas\/"]}]}},"jetpack_sharing_enabled":true,"_links":{"self":[{"href":"https:\/\/1dronas.lt\/en\/wp-json\/wp\/v2\/product\/17031","targetHints":{"allow":["GET"]}}],"collection":[{"href":"https:\/\/1dronas.lt\/en\/wp-json\/wp\/v2\/product"}],"about":[{"href":"https:\/\/1dronas.lt\/en\/wp-json\/wp\/v2\/types\/product"}],"replies":[{"embeddable":true,"href":"https:\/\/1dronas.lt\/en\/wp-json\/wp\/v2\/comments?post=17031"}],"wp:featuredmedia":[{"embeddable":true,"href":"https:\/\/1dronas.lt\/en\/wp-json\/wp\/v2\/media\/17039"}],"wp:attachment":[{"href":"https:\/\/1dronas.lt\/en\/wp-json\/wp\/v2\/media?parent=17031"}],"wp:term":[{"taxonomy":"product_brand","embeddable":true,"href":"https:\/\/1dronas.lt\/en\/wp-json\/wp\/v2\/product_brand?post=17031"},{"taxonomy":"product_cat","embeddable":true,"href":"https:\/\/1dronas.lt\/en\/wp-json\/wp\/v2\/product_cat?post=17031"},{"taxonomy":"product_tag","embeddable":true,"href":"https:\/\/1dronas.lt\/en\/wp-json\/wp\/v2\/product_tag?post=17031"}],"curies":[{"name":"wp","href":"https:\/\/api.w.org\/{rel}","templated":true}]}}