{"id":17017,"date":"2026-02-24T20:01:52","date_gmt":"2026-02-24T18:01:52","guid":{"rendered":"https:\/\/1dronas.lt\/?post_type=product&#038;p=17017"},"modified":"2026-02-24T20:02:52","modified_gmt":"2026-02-24T18:02:52","slug":"geprc-maten-5-8g-5w-vtx-pro","status":"publish","type":"product","link":"https:\/\/1dronas.lt\/en\/produktas\/geprc-maten-5-8g-5w-vtx-pro\/","title":{"rendered":"GEPRC MATEN 5.8G 5W VTX PRO"},"content":{"rendered":"<p>MATEN 5.8G 5W VTX PRO is a high-end video transmitter with five adjustable power levels up to 5000mW, ensuring a stable signal. The sturdy CNC aluminum body and integrated cooling fan improve heat dissipation and reliability, and the built-in microphone allows you to transmit real-time audio from the FPV drone. The VTX supports the IRC Tramp protocol for parameter control via OSD, operates in the 7-36V voltage range, has temperature protection and 80 channels.<\/p>\n<p><strong>Features:<\/strong><\/p>\n<p data-start=\"898\" data-end=\"987\">\u2022 Five adjustable power levels up to 5000 mW \u2013 ideal for long-range flights;<br \/>\n\u2022 Sturdy CNC aluminum alloy body helps dissipate heat effectively;<br \/>\n\u2022 Integrated micro turbo fan for active cooling;<br \/>\n\u2022 Wide input voltage range: 7\u201336 V;<br \/>\n\u2022 One function button and three indicator lights for easy operation;<br \/>\n\u2022 Supports IRC Tramp VTX control protocol for parameter adjustment via OSD;<br \/>\n\u2022 Temperature protection against overheating;<br \/>\n\u2022 Integrated microphone for real-time audio transmission;<br \/>\n\u2022 Supports 80 transmission channels.<\/p>\n<p data-start=\"917\" data-end=\"1004\"><strong>Specification:<\/strong><\/p>\n<p data-start=\"917\" data-end=\"1004\">\u2022 Model: GEPRC MATEN 5.8G 5W VTX PRO;<br data-start=\"40\" data-end=\"43\" \/>\u2022 Dimensions: 60 x 33.2 x 19.1 mm;<br data-start=\"76\" data-end=\"79\" \/>\u2022 Mounting hole size: 20 x 20 mm (M2), 25.5 x 25.5 mm (M2);<br data-start=\"139\" data-end=\"142\" \/>\u2022 Output power: 300 mW \/ 600 mW \/ 1600 mW \/ 3000 mW \/ 5000 mW \/ Pit mode;<br data-start=\"220\" data-end=\"223\" \/>\u2022 Frequency range: 4.9\u20135.8 GHz;<br data-start=\"257\" data-end=\"260\" \/>\u2022 Channels: 80CH;<br data-start=\"277\" data-end=\"280\" \/>\u2022 Input voltage: DC 7-36V (2-8S battery);<br data-start=\"326\" data-end=\"329\" \/>\u2022 Output voltage: 5 V @ 600 mA;<br data-start=\"361\" data-end=\"364\" \/>\u2022 Protocol: IRC Tramp;<br data-start=\"389\" data-end=\"392\" \/>\u2022 Antenna connector: SMA;<br data-start=\"416\" data-end=\"419\" \/>\u2022 Wiring connector: SH1.25 6 pin;<br data-start=\"450\" data-end=\"453\" \/>\u2022 Microphone: Built-in microphone;<br data-start=\"491\" data-end=\"494\" \/>\u2022 Weight: 49.5 g (VTX only).<\/p>\n<p data-start=\"917\" data-end=\"1004\"><strong>Measurements:<\/strong><\/p>\n<p data-start=\"917\" data-end=\"1004\"><img loading=\"lazy\" decoding=\"async\" class=\"alignnone wp-image-17025 size-large\" src=\"https:\/\/1dronas.lt\/wp-content\/uploads\/2026\/02\/S39a62f681c2c45c9a996d03b1fa2b075o-e1771955247734-1024x544.jpg\" alt=\"\" width=\"1020\" height=\"542\" srcset=\"https:\/\/1dronas.lt\/wp-content\/uploads\/2026\/02\/S39a62f681c2c45c9a996d03b1fa2b075o-e1771955247734-1024x544.jpg 1024w, https:\/\/1dronas.lt\/wp-content\/uploads\/2026\/02\/S39a62f681c2c45c9a996d03b1fa2b075o-e1771955247734-300x160.jpg 300w, https:\/\/1dronas.lt\/wp-content\/uploads\/2026\/02\/S39a62f681c2c45c9a996d03b1fa2b075o-e1771955247734-768x408.jpg 768w, https:\/\/1dronas.lt\/wp-content\/uploads\/2026\/02\/S39a62f681c2c45c9a996d03b1fa2b075o-e1771955247734-18x10.jpg 18w, https:\/\/1dronas.lt\/wp-content\/uploads\/2026\/02\/S39a62f681c2c45c9a996d03b1fa2b075o-e1771955247734-510x271.jpg 510w, https:\/\/1dronas.lt\/wp-content\/uploads\/2026\/02\/S39a62f681c2c45c9a996d03b1fa2b075o-e1771955247734.jpg 1200w\" sizes=\"auto, (max-width: 1020px) 100vw, 1020px\" \/><\/p>\n<p data-start=\"917\" data-end=\"1004\"><strong>Mounting holes:<\/strong><\/p>\n<p data-start=\"917\" data-end=\"1004\"><img loading=\"lazy\" decoding=\"async\" class=\"alignnone wp-image-17027 size-large\" src=\"https:\/\/1dronas.lt\/wp-content\/uploads\/2026\/02\/S06707b58bfd9479083a68cd4608dcdc26-e1771955212440-1024x604.jpg\" alt=\"\" width=\"1020\" height=\"602\" srcset=\"https:\/\/1dronas.lt\/wp-content\/uploads\/2026\/02\/S06707b58bfd9479083a68cd4608dcdc26-e1771955212440-1024x604.jpg 1024w, https:\/\/1dronas.lt\/wp-content\/uploads\/2026\/02\/S06707b58bfd9479083a68cd4608dcdc26-e1771955212440-300x177.jpg 300w, https:\/\/1dronas.lt\/wp-content\/uploads\/2026\/02\/S06707b58bfd9479083a68cd4608dcdc26-e1771955212440-768x453.jpg 768w, https:\/\/1dronas.lt\/wp-content\/uploads\/2026\/02\/S06707b58bfd9479083a68cd4608dcdc26-e1771955212440-18x12.jpg 18w, https:\/\/1dronas.lt\/wp-content\/uploads\/2026\/02\/S06707b58bfd9479083a68cd4608dcdc26-e1771955212440-510x301.jpg 510w, https:\/\/1dronas.lt\/wp-content\/uploads\/2026\/02\/S06707b58bfd9479083a68cd4608dcdc26-e1771955212440.jpg 1200w\" sizes=\"auto, (max-width: 1020px) 100vw, 1020px\" \/><\/p>\n<p data-start=\"917\" data-end=\"1004\"><img loading=\"lazy\" decoding=\"async\" class=\"alignnone wp-image-17024 size-large\" src=\"https:\/\/1dronas.lt\/wp-content\/uploads\/2026\/02\/S2e84345c0bdd430eae963a15e5d153b2F-e1771955265343-1024x469.jpg\" alt=\"\" width=\"1020\" height=\"467\" srcset=\"https:\/\/1dronas.lt\/wp-content\/uploads\/2026\/02\/S2e84345c0bdd430eae963a15e5d153b2F-e1771955265343-1024x469.jpg 1024w, https:\/\/1dronas.lt\/wp-content\/uploads\/2026\/02\/S2e84345c0bdd430eae963a15e5d153b2F-e1771955265343-300x138.jpg 300w, https:\/\/1dronas.lt\/wp-content\/uploads\/2026\/02\/S2e84345c0bdd430eae963a15e5d153b2F-e1771955265343-768x352.jpg 768w, https:\/\/1dronas.lt\/wp-content\/uploads\/2026\/02\/S2e84345c0bdd430eae963a15e5d153b2F-e1771955265343-18x8.jpg 18w, https:\/\/1dronas.lt\/wp-content\/uploads\/2026\/02\/S2e84345c0bdd430eae963a15e5d153b2F-e1771955265343-510x234.jpg 510w, https:\/\/1dronas.lt\/wp-content\/uploads\/2026\/02\/S2e84345c0bdd430eae963a15e5d153b2F-e1771955265343.jpg 1200w\" sizes=\"auto, (max-width: 1020px) 100vw, 1020px\" \/><\/p>\n<p data-start=\"917\" data-end=\"1004\">\u2022 Channel light: blue;<br \/>\n\u2022 Band light \u2013 frequency band light: green;<br \/>\n\u2022 Power light: red;<br \/>\n\u2022 Switch \u2013 switch.<\/p>\n<p data-start=\"3\" data-end=\"178\">1. Press and hold the button for 2 seconds - the blue light will start flashing and the device will enter frequency adjustment mode. Short presses will quickly switch frequencies.<\/p>\n<p data-start=\"3\" data-end=\"178\"><img loading=\"lazy\" decoding=\"async\" class=\"alignnone wp-image-17028 size-large\" src=\"https:\/\/1dronas.lt\/wp-content\/uploads\/2026\/02\/Screenshot-2026-02-24-at-19.43.24-1024x142.jpg\" alt=\"\" width=\"1020\" height=\"141\" srcset=\"https:\/\/1dronas.lt\/wp-content\/uploads\/2026\/02\/Screenshot-2026-02-24-at-19.43.24-1024x142.jpg 1024w, https:\/\/1dronas.lt\/wp-content\/uploads\/2026\/02\/Screenshot-2026-02-24-at-19.43.24-300x41.jpg 300w, https:\/\/1dronas.lt\/wp-content\/uploads\/2026\/02\/Screenshot-2026-02-24-at-19.43.24-768x106.jpg 768w, https:\/\/1dronas.lt\/wp-content\/uploads\/2026\/02\/Screenshot-2026-02-24-at-19.43.24-1536x212.jpg 1536w, https:\/\/1dronas.lt\/wp-content\/uploads\/2026\/02\/Screenshot-2026-02-24-at-19.43.24-18x2.jpg 18w, https:\/\/1dronas.lt\/wp-content\/uploads\/2026\/02\/Screenshot-2026-02-24-at-19.43.24-510x71.jpg 510w, https:\/\/1dronas.lt\/wp-content\/uploads\/2026\/02\/Screenshot-2026-02-24-at-19.43.24.jpg 1938w\" sizes=\"auto, (max-width: 1020px) 100vw, 1020px\" \/><\/p>\n<p data-start=\"183\" data-end=\"401\">2. After changing the frequency, within five seconds, press and hold the button again for 2 seconds - the green light will start flashing and the device will enter the Band adjustment mode. Change the band with short presses.<\/p>\n<p data-start=\"183\" data-end=\"401\"><img loading=\"lazy\" decoding=\"async\" class=\"alignnone wp-image-17029 size-large\" src=\"https:\/\/1dronas.lt\/wp-content\/uploads\/2026\/02\/Screenshot-2026-02-24-at-19.43.32-1024x113.jpg\" alt=\"\" width=\"1020\" height=\"113\" srcset=\"https:\/\/1dronas.lt\/wp-content\/uploads\/2026\/02\/Screenshot-2026-02-24-at-19.43.32-1024x113.jpg 1024w, https:\/\/1dronas.lt\/wp-content\/uploads\/2026\/02\/Screenshot-2026-02-24-at-19.43.32-300x33.jpg 300w, https:\/\/1dronas.lt\/wp-content\/uploads\/2026\/02\/Screenshot-2026-02-24-at-19.43.32-768x85.jpg 768w, https:\/\/1dronas.lt\/wp-content\/uploads\/2026\/02\/Screenshot-2026-02-24-at-19.43.32-1536x169.jpg 1536w, https:\/\/1dronas.lt\/wp-content\/uploads\/2026\/02\/Screenshot-2026-02-24-at-19.43.32-2048x226.jpg 2048w, https:\/\/1dronas.lt\/wp-content\/uploads\/2026\/02\/Screenshot-2026-02-24-at-19.43.32-18x2.jpg 18w, https:\/\/1dronas.lt\/wp-content\/uploads\/2026\/02\/Screenshot-2026-02-24-at-19.43.32-510x56.jpg 510w\" sizes=\"auto, (max-width: 1020px) 100vw, 1020px\" \/><\/p>\n<p data-start=\"406\" data-end=\"622\" data-is-last-node=\"\">3. After switching the band, within five seconds, press and hold the button again for 2 seconds - the red light will start flashing and the device will enter power adjustment mode. Adjust the power with short presses.<\/p>\n<p data-start=\"406\" data-end=\"622\" data-is-last-node=\"\"><img loading=\"lazy\" decoding=\"async\" class=\"alignnone wp-image-17030 size-large\" src=\"https:\/\/1dronas.lt\/wp-content\/uploads\/2026\/02\/Screenshot-2026-02-24-at-19.43.39-1024x170.jpg\" alt=\"\" width=\"1020\" height=\"169\" srcset=\"https:\/\/1dronas.lt\/wp-content\/uploads\/2026\/02\/Screenshot-2026-02-24-at-19.43.39-1024x170.jpg 1024w, https:\/\/1dronas.lt\/wp-content\/uploads\/2026\/02\/Screenshot-2026-02-24-at-19.43.39-300x50.jpg 300w, https:\/\/1dronas.lt\/wp-content\/uploads\/2026\/02\/Screenshot-2026-02-24-at-19.43.39-768x127.jpg 768w, https:\/\/1dronas.lt\/wp-content\/uploads\/2026\/02\/Screenshot-2026-02-24-at-19.43.39-18x3.jpg 18w, https:\/\/1dronas.lt\/wp-content\/uploads\/2026\/02\/Screenshot-2026-02-24-at-19.43.39-510x85.jpg 510w, https:\/\/1dronas.lt\/wp-content\/uploads\/2026\/02\/Screenshot-2026-02-24-at-19.43.39.jpg 1532w\" sizes=\"auto, (max-width: 1020px) 100vw, 1020px\" \/><\/p>\n<p data-start=\"593\" data-end=\"915\"><strong>Notes:<\/strong><\/p>\n<p data-start=\"2088\" data-end=\"2130\">\u2022 Always connect the antenna before use;<br \/>\n\u2022 It is essential to fly with constant airflow and good ventilation to avoid overheating; in enclosed environments, use an additional cooling fan;<br \/>\n\u2022 The 5V output is only for the camera or cooling fan! Never connect a battery to the 5V output - this may damage the VTX.<\/p>\n<p data-start=\"2088\" data-end=\"2130\"><strong>Frequency table:<\/strong><\/p>\n<p data-start=\"2088\" data-end=\"2130\"><img loading=\"lazy\" decoding=\"async\" class=\"alignnone wp-image-17026 size-large\" src=\"https:\/\/1dronas.lt\/wp-content\/uploads\/2026\/02\/S593de533259a46c7a45f672bb111a7644-e1771955229378-1024x485.jpg\" alt=\"\" width=\"1020\" height=\"483\" srcset=\"https:\/\/1dronas.lt\/wp-content\/uploads\/2026\/02\/S593de533259a46c7a45f672bb111a7644-e1771955229378-1024x485.jpg 1024w, https:\/\/1dronas.lt\/wp-content\/uploads\/2026\/02\/S593de533259a46c7a45f672bb111a7644-e1771955229378-300x142.jpg 300w, https:\/\/1dronas.lt\/wp-content\/uploads\/2026\/02\/S593de533259a46c7a45f672bb111a7644-e1771955229378-768x364.jpg 768w, https:\/\/1dronas.lt\/wp-content\/uploads\/2026\/02\/S593de533259a46c7a45f672bb111a7644-e1771955229378-18x9.jpg 18w, https:\/\/1dronas.lt\/wp-content\/uploads\/2026\/02\/S593de533259a46c7a45f672bb111a7644-e1771955229378-510x241.jpg 510w, https:\/\/1dronas.lt\/wp-content\/uploads\/2026\/02\/S593de533259a46c7a45f672bb111a7644-e1771955229378.jpg 1200w\" sizes=\"auto, (max-width: 1020px) 100vw, 1020px\" \/><\/p>\n<p data-start=\"2088\" data-end=\"2130\"><span style=\"color: #ed1c24;\">Important* The VTX transmitter supports 80 channels. If you use it with Betaflight Configurator, only 64 channels will be adjustable due to ground station limitations, so you can delete unused channels.<\/span><\/p>\n<p data-start=\"2088\" data-end=\"2130\"><strong>Package:<\/strong><\/p>\n<p data-start=\"2088\" data-end=\"2130\">1x MATEN 5.8G 5W VTX PRO VTX;<br data-start=\"29\" data-end=\"32\" \/>1x SMA (inner needle) to SMA (inner hole) connector;<br data-start=\"83\" data-end=\"86\" \/>1x SH1.25 6P connection cable;<br data-start=\"114\" data-end=\"117\" \/>6x M2\u00d75 screws;<br data-start=\"133\" data-end=\"136\" \/>6x M2\u00d76 screws;<br data-start=\"152\" data-end=\"155\" \/>1x Instruction.<\/p>","protected":false},"excerpt":{"rendered":"<p><span style=\"color: #000000;\">This is a high-end video transmitter with five adjustable power levels up to 5000 mW, ensuring a stable signal<\/span><\/p>\n<p><span style=\"color: #000000;\"><strong><img loading=\"lazy\" decoding=\"async\" class=\"alignnone wp-image-1806\" src=\"https:\/\/1dronas.lt\/wp-content\/uploads\/2021\/05\/delivery-icon.png\" alt=\"\" width=\"24\" height=\"24\" srcset=\"https:\/\/1dronas.lt\/wp-content\/uploads\/2021\/05\/delivery-icon.png 35w, https:\/\/1dronas.lt\/wp-content\/uploads\/2021\/05\/delivery-icon-12x12.png 12w\" sizes=\"auto, (max-width: 24px) 100vw, 24px\" \/>\u00a0 \u00a01 \u2013 2 days<\/strong><\/span><\/p>","protected":false},"featured_media":17021,"comment_status":"open","ping_status":"closed","template":"","meta":[],"product_brand":[592],"product_cat":[218],"product_tag":[439,1192,593,791],"class_list":{"0":"post-17017","1":"product","2":"type-product","3":"status-publish","4":"has-post-thumbnail","6":"product_brand-geprc","7":"product_cat-vaizdo-siustuvai-vtx","8":"product_tag-5-8g","9":"product_tag-5w-vtx-pro","10":"product_tag-geprc","11":"product_tag-maten","13":"first","14":"instock","15":"taxable","16":"shipping-taxable","17":"purchasable","18":"product-type-simple"},"yoast_head":"<!-- This site is optimized with the Yoast SEO plugin v27.3 - https:\/\/yoast.com\/product\/yoast-seo-wordpress\/ -->\n<title>GEPRC MATEN 5.8G 5W VTX PRO - 1dronas.lt<\/title>\n<meta name=\"robots\" content=\"index, follow, max-snippet:-1, max-image-preview:large, max-video-preview:-1\" \/>\n<link rel=\"canonical\" href=\"https:\/\/1dronas.lt\/en\/produktas\/geprc-maten-5-8g-5w-vtx-pro\/\" \/>\n<meta property=\"og:locale\" content=\"en_US\" \/>\n<meta property=\"og:type\" content=\"article\" \/>\n<meta property=\"og:title\" content=\"GEPRC MATEN 5.8G 5W VTX PRO - 1dronas.lt\" \/>\n<meta property=\"og:description\" content=\"Tai auk\u0161tos klas\u0117s vaizdo si\u0173stuvas su penkiais reguliuojamais galios lygiais iki 5000 mW, u\u017etikrinantis stabil\u0173 signal\u0105  \u00a0 \u00a01 \u2013 2 d. d.\" \/>\n<meta property=\"og:url\" content=\"https:\/\/1dronas.lt\/en\/produktas\/geprc-maten-5-8g-5w-vtx-pro\/\" \/>\n<meta property=\"og:site_name\" content=\"1dronas.lt\" \/>\n<meta property=\"article:publisher\" content=\"https:\/\/www.facebook.com\/1dronas\/\" \/>\n<meta property=\"article:modified_time\" content=\"2026-02-24T18:02:52+00:00\" \/>\n<meta property=\"og:image\" content=\"https:\/\/1dronas.lt\/wp-content\/uploads\/2026\/02\/4_Main_0000.jpg\" \/>\n\t<meta property=\"og:image:width\" content=\"2000\" \/>\n\t<meta property=\"og:image:height\" content=\"2000\" \/>\n\t<meta property=\"og:image:type\" content=\"image\/jpeg\" \/>\n<meta name=\"twitter:card\" content=\"summary_large_image\" \/>\n<meta name=\"twitter:label1\" content=\"Est. reading time\" \/>\n\t<meta name=\"twitter:data1\" content=\"5 minutes\" \/>\n<script type=\"application\/ld+json\" class=\"yoast-schema-graph\">{\"@context\":\"https:\\\/\\\/schema.org\",\"@graph\":[{\"@type\":\"WebPage\",\"@id\":\"https:\\\/\\\/1dronas.lt\\\/en\\\/produktas\\\/geprc-maten-5-8g-5w-vtx-pro\\\/\",\"url\":\"https:\\\/\\\/1dronas.lt\\\/en\\\/produktas\\\/geprc-maten-5-8g-5w-vtx-pro\\\/\",\"name\":\"GEPRC MATEN 5.8G 5W VTX PRO - 1dronas.lt\",\"isPartOf\":{\"@id\":\"https:\\\/\\\/1dronas.lt\\\/en\\\/#website\"},\"primaryImageOfPage\":{\"@id\":\"https:\\\/\\\/1dronas.lt\\\/en\\\/produktas\\\/geprc-maten-5-8g-5w-vtx-pro\\\/#primaryimage\"},\"image\":{\"@id\":\"https:\\\/\\\/1dronas.lt\\\/en\\\/produktas\\\/geprc-maten-5-8g-5w-vtx-pro\\\/#primaryimage\"},\"thumbnailUrl\":\"https:\\\/\\\/1dronas.lt\\\/wp-content\\\/uploads\\\/2026\\\/02\\\/4_Main_0000.jpg\",\"datePublished\":\"2026-02-24T18:01:52+00:00\",\"dateModified\":\"2026-02-24T18:02:52+00:00\",\"breadcrumb\":{\"@id\":\"https:\\\/\\\/1dronas.lt\\\/en\\\/produktas\\\/geprc-maten-5-8g-5w-vtx-pro\\\/#breadcrumb\"},\"inLanguage\":\"en-US\",\"potentialAction\":[{\"@type\":\"ReadAction\",\"target\":[\"https:\\\/\\\/1dronas.lt\\\/en\\\/produktas\\\/geprc-maten-5-8g-5w-vtx-pro\\\/\"]}]},{\"@type\":\"ImageObject\",\"inLanguage\":\"en-US\",\"@id\":\"https:\\\/\\\/1dronas.lt\\\/en\\\/produktas\\\/geprc-maten-5-8g-5w-vtx-pro\\\/#primaryimage\",\"url\":\"https:\\\/\\\/1dronas.lt\\\/wp-content\\\/uploads\\\/2026\\\/02\\\/4_Main_0000.jpg\",\"contentUrl\":\"https:\\\/\\\/1dronas.lt\\\/wp-content\\\/uploads\\\/2026\\\/02\\\/4_Main_0000.jpg\",\"width\":2000,\"height\":2000},{\"@type\":\"BreadcrumbList\",\"@id\":\"https:\\\/\\\/1dronas.lt\\\/en\\\/produktas\\\/geprc-maten-5-8g-5w-vtx-pro\\\/#breadcrumb\",\"itemListElement\":[{\"@type\":\"ListItem\",\"position\":1,\"name\":\"Home\",\"item\":\"https:\\\/\\\/1dronas.lt\\\/\"},{\"@type\":\"ListItem\",\"position\":2,\"name\":\"Parduotuv\u0117\",\"item\":\"https:\\\/\\\/1dronas.lt\\\/parduotuve\\\/\"},{\"@type\":\"ListItem\",\"position\":3,\"name\":\"GEPRC MATEN 5.8G 5W VTX PRO\"}]},{\"@type\":\"WebSite\",\"@id\":\"https:\\\/\\\/1dronas.lt\\\/en\\\/#website\",\"url\":\"https:\\\/\\\/1dronas.lt\\\/en\\\/\",\"name\":\"1dronas.lt\",\"description\":\"Internetin\u0117 parduotuv\u0117\",\"publisher\":{\"@id\":\"https:\\\/\\\/1dronas.lt\\\/en\\\/#organization\"},\"potentialAction\":[{\"@type\":\"SearchAction\",\"target\":{\"@type\":\"EntryPoint\",\"urlTemplate\":\"https:\\\/\\\/1dronas.lt\\\/en\\\/?s={search_term_string}\"},\"query-input\":{\"@type\":\"PropertyValueSpecification\",\"valueRequired\":true,\"valueName\":\"search_term_string\"}}],\"inLanguage\":\"en-US\"},{\"@type\":\"Organization\",\"@id\":\"https:\\\/\\\/1dronas.lt\\\/en\\\/#organization\",\"name\":\"1dronas.lt\",\"url\":\"https:\\\/\\\/1dronas.lt\\\/en\\\/\",\"logo\":{\"@type\":\"ImageObject\",\"inLanguage\":\"en-US\",\"@id\":\"https:\\\/\\\/1dronas.lt\\\/en\\\/#\\\/schema\\\/logo\\\/image\\\/\",\"url\":\"https:\\\/\\\/1dronas.lt\\\/wp-content\\\/uploads\\\/2020\\\/12\\\/Ekrano_kopija__2_-removebg-preview-1-1.png\",\"contentUrl\":\"https:\\\/\\\/1dronas.lt\\\/wp-content\\\/uploads\\\/2020\\\/12\\\/Ekrano_kopija__2_-removebg-preview-1-1.png\",\"width\":234,\"height\":81,\"caption\":\"1dronas.lt\"},\"image\":{\"@id\":\"https:\\\/\\\/1dronas.lt\\\/en\\\/#\\\/schema\\\/logo\\\/image\\\/\"},\"sameAs\":[\"https:\\\/\\\/www.facebook.com\\\/1dronas\\\/\"]}]}<\/script>\n<!-- \/ Yoast SEO plugin. -->","yoast_head_json":{"title":"GEPRC MATEN 5.8G 5W VTX PRO - 1dronas.lt","robots":{"index":"index","follow":"follow","max-snippet":"max-snippet:-1","max-image-preview":"max-image-preview:large","max-video-preview":"max-video-preview:-1"},"canonical":"https:\/\/1dronas.lt\/en\/produktas\/geprc-maten-5-8g-5w-vtx-pro\/","og_locale":"en_US","og_type":"article","og_title":"GEPRC MATEN 5.8G 5W VTX PRO - 1dronas.lt","og_description":"Tai auk\u0161tos klas\u0117s vaizdo si\u0173stuvas su penkiais reguliuojamais galios lygiais iki 5000 mW, u\u017etikrinantis stabil\u0173 signal\u0105  \u00a0 \u00a01 \u2013 2 d. d.","og_url":"https:\/\/1dronas.lt\/en\/produktas\/geprc-maten-5-8g-5w-vtx-pro\/","og_site_name":"1dronas.lt","article_publisher":"https:\/\/www.facebook.com\/1dronas\/","article_modified_time":"2026-02-24T18:02:52+00:00","og_image":[{"width":2000,"height":2000,"url":"https:\/\/1dronas.lt\/wp-content\/uploads\/2026\/02\/4_Main_0000.jpg","type":"image\/jpeg"}],"twitter_card":"summary_large_image","twitter_misc":{"Est. reading time":"5 minutes"},"schema":{"@context":"https:\/\/schema.org","@graph":[{"@type":"WebPage","@id":"https:\/\/1dronas.lt\/en\/produktas\/geprc-maten-5-8g-5w-vtx-pro\/","url":"https:\/\/1dronas.lt\/en\/produktas\/geprc-maten-5-8g-5w-vtx-pro\/","name":"GEPRC MATEN 5.8G 5W VTX PRO - 1dronas.lt","isPartOf":{"@id":"https:\/\/1dronas.lt\/en\/#website"},"primaryImageOfPage":{"@id":"https:\/\/1dronas.lt\/en\/produktas\/geprc-maten-5-8g-5w-vtx-pro\/#primaryimage"},"image":{"@id":"https:\/\/1dronas.lt\/en\/produktas\/geprc-maten-5-8g-5w-vtx-pro\/#primaryimage"},"thumbnailUrl":"https:\/\/1dronas.lt\/wp-content\/uploads\/2026\/02\/4_Main_0000.jpg","datePublished":"2026-02-24T18:01:52+00:00","dateModified":"2026-02-24T18:02:52+00:00","breadcrumb":{"@id":"https:\/\/1dronas.lt\/en\/produktas\/geprc-maten-5-8g-5w-vtx-pro\/#breadcrumb"},"inLanguage":"en-US","potentialAction":[{"@type":"ReadAction","target":["https:\/\/1dronas.lt\/en\/produktas\/geprc-maten-5-8g-5w-vtx-pro\/"]}]},{"@type":"ImageObject","inLanguage":"en-US","@id":"https:\/\/1dronas.lt\/en\/produktas\/geprc-maten-5-8g-5w-vtx-pro\/#primaryimage","url":"https:\/\/1dronas.lt\/wp-content\/uploads\/2026\/02\/4_Main_0000.jpg","contentUrl":"https:\/\/1dronas.lt\/wp-content\/uploads\/2026\/02\/4_Main_0000.jpg","width":2000,"height":2000},{"@type":"BreadcrumbList","@id":"https:\/\/1dronas.lt\/en\/produktas\/geprc-maten-5-8g-5w-vtx-pro\/#breadcrumb","itemListElement":[{"@type":"ListItem","position":1,"name":"Home","item":"https:\/\/1dronas.lt\/"},{"@type":"ListItem","position":2,"name":"Parduotuv\u0117","item":"https:\/\/1dronas.lt\/parduotuve\/"},{"@type":"ListItem","position":3,"name":"GEPRC MATEN 5.8G 5W VTX PRO"}]},{"@type":"WebSite","@id":"https:\/\/1dronas.lt\/en\/#website","url":"https:\/\/1dronas.lt\/en\/","name":"1dronas.lt","description":"Online store","publisher":{"@id":"https:\/\/1dronas.lt\/en\/#organization"},"potentialAction":[{"@type":"SearchAction","target":{"@type":"EntryPoint","urlTemplate":"https:\/\/1dronas.lt\/en\/?s={search_term_string}"},"query-input":{"@type":"PropertyValueSpecification","valueRequired":true,"valueName":"search_term_string"}}],"inLanguage":"en-US"},{"@type":"Organization","@id":"https:\/\/1dronas.lt\/en\/#organization","name":"1dronas.lt","url":"https:\/\/1dronas.lt\/en\/","logo":{"@type":"ImageObject","inLanguage":"en-US","@id":"https:\/\/1dronas.lt\/en\/#\/schema\/logo\/image\/","url":"https:\/\/1dronas.lt\/wp-content\/uploads\/2020\/12\/Ekrano_kopija__2_-removebg-preview-1-1.png","contentUrl":"https:\/\/1dronas.lt\/wp-content\/uploads\/2020\/12\/Ekrano_kopija__2_-removebg-preview-1-1.png","width":234,"height":81,"caption":"1dronas.lt"},"image":{"@id":"https:\/\/1dronas.lt\/en\/#\/schema\/logo\/image\/"},"sameAs":["https:\/\/www.facebook.com\/1dronas\/"]}]}},"jetpack_sharing_enabled":true,"_links":{"self":[{"href":"https:\/\/1dronas.lt\/en\/wp-json\/wp\/v2\/product\/17017","targetHints":{"allow":["GET"]}}],"collection":[{"href":"https:\/\/1dronas.lt\/en\/wp-json\/wp\/v2\/product"}],"about":[{"href":"https:\/\/1dronas.lt\/en\/wp-json\/wp\/v2\/types\/product"}],"replies":[{"embeddable":true,"href":"https:\/\/1dronas.lt\/en\/wp-json\/wp\/v2\/comments?post=17017"}],"wp:featuredmedia":[{"embeddable":true,"href":"https:\/\/1dronas.lt\/en\/wp-json\/wp\/v2\/media\/17021"}],"wp:attachment":[{"href":"https:\/\/1dronas.lt\/en\/wp-json\/wp\/v2\/media?parent=17017"}],"wp:term":[{"taxonomy":"product_brand","embeddable":true,"href":"https:\/\/1dronas.lt\/en\/wp-json\/wp\/v2\/product_brand?post=17017"},{"taxonomy":"product_cat","embeddable":true,"href":"https:\/\/1dronas.lt\/en\/wp-json\/wp\/v2\/product_cat?post=17017"},{"taxonomy":"product_tag","embeddable":true,"href":"https:\/\/1dronas.lt\/en\/wp-json\/wp\/v2\/product_tag?post=17017"}],"curies":[{"name":"wp","href":"https:\/\/api.w.org\/{rel}","templated":true}]}}