{"id":17000,"date":"2026-02-24T19:38:31","date_gmt":"2026-02-24T17:38:31","guid":{"rendered":"https:\/\/1dronas.lt\/?post_type=product&#038;p=17000"},"modified":"2026-02-24T19:40:19","modified_gmt":"2026-02-24T17:40:19","slug":"geprc-maten-5-8g-10w-vtx-pro","status":"publish","type":"product","link":"https:\/\/1dronas.lt\/en\/produktas\/geprc-maten-5-8g-10w-vtx-pro\/","title":{"rendered":"GEPRC MATEN 5.8G 10W VTX PRO"},"content":{"rendered":"<p>MATEN 5.8G 10W VTX PRO is a high-end video transmitter with four adjustable power levels up to 10 W, operating in the 4884-6184 MHz frequency range and allowing direct frequency input in the configurator, ensuring a stable signal. The robust CNC aluminum housing and integrated cooling fan improve heat dissipation and reliability, and the IRC Tramp protocol allows you to control settings via OSD. The device supports 12-36 V voltage, has temperature protection and 104 channels.<\/p>\n<p><strong>Features:<\/strong><\/p>\n<p data-start=\"917\" data-end=\"1004\">\u2022 Four adjustable power levels up to 10 W \u2013 ideal for long-haul flights;<br \/>\n\u2022 Sturdy CNC aluminum alloy body helps dissipate heat effectively;<br \/>\n\u2022 Integrated micro turbo fan for active cooling;<br \/>\n\u2022 Wide input voltage range: 12\u201336 V;<br \/>\n\u2022 One function button and three indicator lights for easy operation;<br \/>\n\u2022 Supports IRC Tramp VTX control protocol for parameter adjustment via OSD;<br \/>\n\u2022 Temperature protection against overheating;<br \/>\n\u2022 Supports 104 transmission channels;<br \/>\n\u2022 It is possible to enter the frequency directly in the configurator.<\/p>\n<p data-start=\"917\" data-end=\"1004\"><strong>Specification:<\/strong><\/p>\n<p data-start=\"917\" data-end=\"1004\">\u2022 Model: GEPRC MATEN 5.8G 10W VTX PRO;<br data-start=\"41\" data-end=\"44\" \/>\u2022 Dimensions: 78.5 x 43.6 x 25.3 mm;<br data-start=\"79\" data-end=\"82\" \/>\u2022 Mounting hole size: 20 x 20 mm (M2), 30.5 x 30.5 mm (M3);<br data-start=\"142\" data-end=\"145\" \/>\u2022 Output power: 25 mW \/ 2.5 W \/ 5 W \/ 10 W \/ Pit mode;<br data-start=\"204\" data-end=\"207\" \/>\u2022 Frequency range: 4884\u20136184 MHz;<br data-start=\"243\" data-end=\"246\" \/>\u2022 Channels: 104CH;<br data-start=\"264\" data-end=\"267\" \/>\u2022 Direct frequency input: Supported;<br data-start=\"310\" data-end=\"313\" \/>\u2022 Protocol: IRC Tramp;<br data-start=\"338\" data-end=\"341\" \/>\u2022 Input voltage: DC 12-36V (3-8S battery);<br data-start=\"388\" data-end=\"391\" \/>\u2022 Maximum operating current: 3.5 A;<br data-start=\"425\" data-end=\"428\" \/>\u2022 Output voltage: 5 V @ 600 mA;<br data-start=\"460\" data-end=\"463\" \/>\u2022 Antenna connector: SMA;<br data-start=\"486\" data-end=\"489\" \/>\u2022 Cable connectors: PH2.0 2 pin, GH1.25 5 pin;<br data-start=\"533\" data-end=\"536\" \/>\u2022 Weight: 110 g (VTX only).<\/p>\n<p data-start=\"917\" data-end=\"1004\"><strong>Measurements:<\/strong><\/p>\n<p data-start=\"917\" data-end=\"1004\"><img loading=\"lazy\" decoding=\"async\" class=\"alignnone wp-image-17005 size-large\" src=\"https:\/\/1dronas.lt\/wp-content\/uploads\/2026\/02\/4-2-e1771953727626-1024x601.jpg\" alt=\"\" width=\"1020\" height=\"599\" srcset=\"https:\/\/1dronas.lt\/wp-content\/uploads\/2026\/02\/4-2-e1771953727626-1024x601.jpg 1024w, https:\/\/1dronas.lt\/wp-content\/uploads\/2026\/02\/4-2-e1771953727626-300x176.jpg 300w, https:\/\/1dronas.lt\/wp-content\/uploads\/2026\/02\/4-2-e1771953727626-768x451.jpg 768w, https:\/\/1dronas.lt\/wp-content\/uploads\/2026\/02\/4-2-e1771953727626-18x12.jpg 18w, https:\/\/1dronas.lt\/wp-content\/uploads\/2026\/02\/4-2-e1771953727626-510x299.jpg 510w, https:\/\/1dronas.lt\/wp-content\/uploads\/2026\/02\/4-2-e1771953727626.jpg 1200w\" sizes=\"auto, (max-width: 1020px) 100vw, 1020px\" \/><\/p>\n<p data-start=\"917\" data-end=\"1004\"><strong>Mounting holes:<\/strong><\/p>\n<p data-start=\"917\" data-end=\"1004\"><img loading=\"lazy\" decoding=\"async\" class=\"alignnone wp-image-17006 size-large\" src=\"https:\/\/1dronas.lt\/wp-content\/uploads\/2026\/02\/5-2-e1771953708553-1024x457.jpg\" alt=\"\" width=\"1020\" height=\"455\" srcset=\"https:\/\/1dronas.lt\/wp-content\/uploads\/2026\/02\/5-2-e1771953708553-1024x457.jpg 1024w, https:\/\/1dronas.lt\/wp-content\/uploads\/2026\/02\/5-2-e1771953708553-300x134.jpg 300w, https:\/\/1dronas.lt\/wp-content\/uploads\/2026\/02\/5-2-e1771953708553-768x343.jpg 768w, https:\/\/1dronas.lt\/wp-content\/uploads\/2026\/02\/5-2-e1771953708553-18x8.jpg 18w, https:\/\/1dronas.lt\/wp-content\/uploads\/2026\/02\/5-2-e1771953708553-510x228.jpg 510w, https:\/\/1dronas.lt\/wp-content\/uploads\/2026\/02\/5-2-e1771953708553.jpg 1200w\" sizes=\"auto, (max-width: 1020px) 100vw, 1020px\" \/><\/p>\n<p data-start=\"917\" data-end=\"1004\"><img loading=\"lazy\" decoding=\"async\" class=\"alignnone wp-image-17007 size-large\" src=\"https:\/\/1dronas.lt\/wp-content\/uploads\/2026\/02\/6-1-e1771953673765-1024x649.jpg\" alt=\"\" width=\"1020\" height=\"646\" srcset=\"https:\/\/1dronas.lt\/wp-content\/uploads\/2026\/02\/6-1-e1771953673765-1024x649.jpg 1024w, https:\/\/1dronas.lt\/wp-content\/uploads\/2026\/02\/6-1-e1771953673765-300x190.jpg 300w, https:\/\/1dronas.lt\/wp-content\/uploads\/2026\/02\/6-1-e1771953673765-768x486.jpg 768w, https:\/\/1dronas.lt\/wp-content\/uploads\/2026\/02\/6-1-e1771953673765-18x12.jpg 18w, https:\/\/1dronas.lt\/wp-content\/uploads\/2026\/02\/6-1-e1771953673765-510x323.jpg 510w, https:\/\/1dronas.lt\/wp-content\/uploads\/2026\/02\/6-1-e1771953673765.jpg 1200w\" sizes=\"auto, (max-width: 1020px) 100vw, 1020px\" \/><\/p>\n<p data-start=\"917\" data-end=\"1004\">\u2022 Channel light: blue;<br \/>\n\u2022 Band light \u2013 frequency band light: green;<br \/>\n\u2022 Power light: red;<br \/>\n\u2022 Switch \u2013 switch.<\/p>\n<p data-start=\"3\" data-end=\"178\">1. Press and hold the button for 2 seconds - the blue light will start flashing and the device will enter frequency adjustment mode. Short presses will quickly switch frequencies.<\/p>\n<p data-start=\"3\" data-end=\"178\"><img loading=\"lazy\" decoding=\"async\" class=\"alignnone wp-image-17012 size-large\" src=\"https:\/\/1dronas.lt\/wp-content\/uploads\/2026\/02\/Screenshot-2026-02-24-at-19.11.49-1024x138.png\" alt=\"\" width=\"1020\" height=\"137\" srcset=\"https:\/\/1dronas.lt\/wp-content\/uploads\/2026\/02\/Screenshot-2026-02-24-at-19.11.49-1024x138.png 1024w, https:\/\/1dronas.lt\/wp-content\/uploads\/2026\/02\/Screenshot-2026-02-24-at-19.11.49-300x40.png 300w, https:\/\/1dronas.lt\/wp-content\/uploads\/2026\/02\/Screenshot-2026-02-24-at-19.11.49-768x103.png 768w, https:\/\/1dronas.lt\/wp-content\/uploads\/2026\/02\/Screenshot-2026-02-24-at-19.11.49-1536x207.png 1536w, https:\/\/1dronas.lt\/wp-content\/uploads\/2026\/02\/Screenshot-2026-02-24-at-19.11.49-18x2.png 18w, https:\/\/1dronas.lt\/wp-content\/uploads\/2026\/02\/Screenshot-2026-02-24-at-19.11.49-510x69.png 510w, https:\/\/1dronas.lt\/wp-content\/uploads\/2026\/02\/Screenshot-2026-02-24-at-19.11.49.png 1948w\" sizes=\"auto, (max-width: 1020px) 100vw, 1020px\" \/><\/p>\n<p data-start=\"183\" data-end=\"401\">2. After changing the frequency, within five seconds, press and hold the button again for 2 seconds - the green light will start flashing and the device will enter the Band adjustment mode. Change the band with short presses.<\/p>\n<p data-start=\"183\" data-end=\"401\"><img loading=\"lazy\" decoding=\"async\" class=\"alignnone wp-image-17013 size-large\" src=\"https:\/\/1dronas.lt\/wp-content\/uploads\/2026\/02\/Screenshot-2026-02-24-at-19.11.57-1024x119.png\" alt=\"\" width=\"1020\" height=\"119\" srcset=\"https:\/\/1dronas.lt\/wp-content\/uploads\/2026\/02\/Screenshot-2026-02-24-at-19.11.57-1024x119.png 1024w, https:\/\/1dronas.lt\/wp-content\/uploads\/2026\/02\/Screenshot-2026-02-24-at-19.11.57-300x35.png 300w, https:\/\/1dronas.lt\/wp-content\/uploads\/2026\/02\/Screenshot-2026-02-24-at-19.11.57-768x89.png 768w, https:\/\/1dronas.lt\/wp-content\/uploads\/2026\/02\/Screenshot-2026-02-24-at-19.11.57-1536x178.png 1536w, https:\/\/1dronas.lt\/wp-content\/uploads\/2026\/02\/Screenshot-2026-02-24-at-19.11.57-2048x238.png 2048w, https:\/\/1dronas.lt\/wp-content\/uploads\/2026\/02\/Screenshot-2026-02-24-at-19.11.57-18x2.png 18w, https:\/\/1dronas.lt\/wp-content\/uploads\/2026\/02\/Screenshot-2026-02-24-at-19.11.57-510x59.png 510w\" sizes=\"auto, (max-width: 1020px) 100vw, 1020px\" \/><\/p>\n<p data-start=\"406\" data-end=\"622\" data-is-last-node=\"\">3. After switching the band, within five seconds, press and hold the button again for 2 seconds - the red light will start flashing and the device will enter power adjustment mode. Adjust the power with short presses.<\/p>\n<p data-start=\"406\" data-end=\"622\" data-is-last-node=\"\"><img loading=\"lazy\" decoding=\"async\" class=\"alignnone wp-image-17014 size-large\" src=\"https:\/\/1dronas.lt\/wp-content\/uploads\/2026\/02\/Screenshot-2026-02-24-at-19.12.04-1024x207.png\" alt=\"\" width=\"1020\" height=\"206\" srcset=\"https:\/\/1dronas.lt\/wp-content\/uploads\/2026\/02\/Screenshot-2026-02-24-at-19.12.04-1024x207.png 1024w, https:\/\/1dronas.lt\/wp-content\/uploads\/2026\/02\/Screenshot-2026-02-24-at-19.12.04-300x61.png 300w, https:\/\/1dronas.lt\/wp-content\/uploads\/2026\/02\/Screenshot-2026-02-24-at-19.12.04-768x155.png 768w, https:\/\/1dronas.lt\/wp-content\/uploads\/2026\/02\/Screenshot-2026-02-24-at-19.12.04-18x4.png 18w, https:\/\/1dronas.lt\/wp-content\/uploads\/2026\/02\/Screenshot-2026-02-24-at-19.12.04-510x103.png 510w, https:\/\/1dronas.lt\/wp-content\/uploads\/2026\/02\/Screenshot-2026-02-24-at-19.12.04.png 1298w\" sizes=\"auto, (max-width: 1020px) 100vw, 1020px\" \/><\/p>\n<p data-start=\"593\" data-end=\"915\"><strong>Notes:<\/strong><\/p>\n<p data-start=\"2088\" data-end=\"2130\">\u2022 Always connect the antenna before use;<br \/>\n\u2022 It is essential to fly with constant airflow and good ventilation to avoid overheating; in enclosed environments, use an additional cooling fan;<br \/>\n\u2022 The 5V output is only for the camera or cooling fan! Never connect a battery to the 5V output - this may damage the VTX.<\/p>\n<p data-start=\"2088\" data-end=\"2130\"><strong>Frequency table:<\/strong><\/p>\n<p data-start=\"2088\" data-end=\"2130\"><img loading=\"lazy\" decoding=\"async\" class=\"alignnone wp-image-17009 size-large\" src=\"https:\/\/1dronas.lt\/wp-content\/uploads\/2026\/02\/7-e1771953772401-1024x485.jpg\" alt=\"\" width=\"1020\" height=\"483\" srcset=\"https:\/\/1dronas.lt\/wp-content\/uploads\/2026\/02\/7-e1771953772401-1024x485.jpg 1024w, https:\/\/1dronas.lt\/wp-content\/uploads\/2026\/02\/7-e1771953772401-300x142.jpg 300w, https:\/\/1dronas.lt\/wp-content\/uploads\/2026\/02\/7-e1771953772401-768x364.jpg 768w, https:\/\/1dronas.lt\/wp-content\/uploads\/2026\/02\/7-e1771953772401-18x9.jpg 18w, https:\/\/1dronas.lt\/wp-content\/uploads\/2026\/02\/7-e1771953772401-510x241.jpg 510w, https:\/\/1dronas.lt\/wp-content\/uploads\/2026\/02\/7-e1771953772401.jpg 1200w\" sizes=\"auto, (max-width: 1020px) 100vw, 1020px\" \/><\/p>\n<p data-start=\"2088\" data-end=\"2130\"><span style=\"color: #ed1c24;\">Important* The VTX transmitter supports 104 channels. If you use it with the Betaflight Configurator, only 64 channels will be adjustable due to ground station limitations, so you can delete unused channels.<\/span><\/p>\n<p data-start=\"2088\" data-end=\"2130\"><strong>Package:<\/strong><\/p>\n<p data-start=\"2088\" data-end=\"2130\">1x MATEN 5.8G 10W VTX PRO;<br data-start=\"26\" data-end=\"29\" \/>1x Power cable (PH1.25 2 pin, 150 mm);<br data-start=\"72\" data-end=\"75\" \/>1x FC cable (GH1.25 5 pin, 150 mm);<br data-start=\"111\" data-end=\"114\" \/>6x M2\u00d75 screws;<br data-start=\"130\" data-end=\"133\" \/>6x M3\u00d75 screws;<br data-start=\"149\" data-end=\"152\" \/>1x Instruction.<\/p>\n<p data-start=\"2088\" data-end=\"2130\"><img loading=\"lazy\" decoding=\"async\" class=\"alignnone wp-image-17011 size-large\" src=\"https:\/\/1dronas.lt\/wp-content\/uploads\/2026\/02\/10-1-e1771953742321-1024x454.jpg\" alt=\"\" width=\"1020\" height=\"452\" srcset=\"https:\/\/1dronas.lt\/wp-content\/uploads\/2026\/02\/10-1-e1771953742321-1024x454.jpg 1024w, https:\/\/1dronas.lt\/wp-content\/uploads\/2026\/02\/10-1-e1771953742321-300x133.jpg 300w, https:\/\/1dronas.lt\/wp-content\/uploads\/2026\/02\/10-1-e1771953742321-768x340.jpg 768w, https:\/\/1dronas.lt\/wp-content\/uploads\/2026\/02\/10-1-e1771953742321-18x8.jpg 18w, https:\/\/1dronas.lt\/wp-content\/uploads\/2026\/02\/10-1-e1771953742321-510x226.jpg 510w, https:\/\/1dronas.lt\/wp-content\/uploads\/2026\/02\/10-1-e1771953742321.jpg 1200w\" sizes=\"auto, (max-width: 1020px) 100vw, 1020px\" \/><\/p>\n<p data-start=\"2088\" data-end=\"2130\">","protected":false},"excerpt":{"rendered":"<p><span style=\"color: #000000;\">High-end video transmitter with four adjustable power levels up to 10 W.<\/span><\/p>\n<p><span style=\"color: #000000;\"><strong><img loading=\"lazy\" decoding=\"async\" class=\"alignnone wp-image-1806\" src=\"https:\/\/1dronas.lt\/wp-content\/uploads\/2021\/05\/delivery-icon.png\" alt=\"\" width=\"24\" height=\"24\" srcset=\"https:\/\/1dronas.lt\/wp-content\/uploads\/2021\/05\/delivery-icon.png 35w, https:\/\/1dronas.lt\/wp-content\/uploads\/2021\/05\/delivery-icon-12x12.png 12w\" sizes=\"auto, (max-width: 24px) 100vw, 24px\" \/>\u00a0 \u00a01 \u2013 2 days<\/strong><\/span><\/p>","protected":false},"featured_media":17001,"comment_status":"open","ping_status":"closed","template":"","meta":[],"product_brand":[592],"product_cat":[218],"product_tag":[1191,439,593,791],"class_list":{"0":"post-17000","1":"product","2":"type-product","3":"status-publish","4":"has-post-thumbnail","6":"product_brand-geprc","7":"product_cat-vaizdo-siustuvai-vtx","8":"product_tag-10w-vtx-pro","9":"product_tag-5-8g","10":"product_tag-geprc","11":"product_tag-maten","13":"first","14":"instock","15":"taxable","16":"shipping-taxable","17":"purchasable","18":"product-type-simple"},"yoast_head":"<!-- This site is optimized with the Yoast SEO plugin v27.3 - https:\/\/yoast.com\/product\/yoast-seo-wordpress\/ -->\n<title>GEPRC MATEN 5.8G 10W VTX PRO - 1dronas.lt<\/title>\n<meta name=\"robots\" content=\"index, follow, max-snippet:-1, max-image-preview:large, max-video-preview:-1\" \/>\n<link rel=\"canonical\" href=\"https:\/\/1dronas.lt\/en\/produktas\/geprc-maten-5-8g-10w-vtx-pro\/\" \/>\n<meta property=\"og:locale\" content=\"en_US\" \/>\n<meta property=\"og:type\" content=\"article\" \/>\n<meta property=\"og:title\" content=\"GEPRC MATEN 5.8G 10W VTX PRO - 1dronas.lt\" \/>\n<meta property=\"og:description\" content=\"Auk\u0161tos klas\u0117s vaizdo si\u0173stuvas su keturiais reguliuojamais galios lygiais iki 10 W.  \u00a0 \u00a01 \u2013 2 d. d.\" \/>\n<meta property=\"og:url\" content=\"https:\/\/1dronas.lt\/en\/produktas\/geprc-maten-5-8g-10w-vtx-pro\/\" \/>\n<meta property=\"og:site_name\" content=\"1dronas.lt\" \/>\n<meta property=\"article:publisher\" content=\"https:\/\/www.facebook.com\/1dronas\/\" \/>\n<meta property=\"article:modified_time\" content=\"2026-02-24T17:40:19+00:00\" \/>\n<meta property=\"og:image\" content=\"https:\/\/1dronas.lt\/wp-content\/uploads\/2026\/02\/1_Main_0000-3.jpg\" \/>\n\t<meta property=\"og:image:width\" content=\"2000\" \/>\n\t<meta property=\"og:image:height\" content=\"2000\" \/>\n\t<meta property=\"og:image:type\" content=\"image\/jpeg\" \/>\n<meta name=\"twitter:card\" content=\"summary_large_image\" \/>\n<meta name=\"twitter:label1\" content=\"Est. reading time\" \/>\n\t<meta name=\"twitter:data1\" content=\"5 minutes\" \/>\n<script type=\"application\/ld+json\" class=\"yoast-schema-graph\">{\"@context\":\"https:\\\/\\\/schema.org\",\"@graph\":[{\"@type\":\"WebPage\",\"@id\":\"https:\\\/\\\/1dronas.lt\\\/en\\\/produktas\\\/geprc-maten-5-8g-10w-vtx-pro\\\/\",\"url\":\"https:\\\/\\\/1dronas.lt\\\/en\\\/produktas\\\/geprc-maten-5-8g-10w-vtx-pro\\\/\",\"name\":\"GEPRC MATEN 5.8G 10W VTX PRO - 1dronas.lt\",\"isPartOf\":{\"@id\":\"https:\\\/\\\/1dronas.lt\\\/en\\\/#website\"},\"primaryImageOfPage\":{\"@id\":\"https:\\\/\\\/1dronas.lt\\\/en\\\/produktas\\\/geprc-maten-5-8g-10w-vtx-pro\\\/#primaryimage\"},\"image\":{\"@id\":\"https:\\\/\\\/1dronas.lt\\\/en\\\/produktas\\\/geprc-maten-5-8g-10w-vtx-pro\\\/#primaryimage\"},\"thumbnailUrl\":\"https:\\\/\\\/1dronas.lt\\\/wp-content\\\/uploads\\\/2026\\\/02\\\/1_Main_0000-3.jpg\",\"datePublished\":\"2026-02-24T17:38:31+00:00\",\"dateModified\":\"2026-02-24T17:40:19+00:00\",\"breadcrumb\":{\"@id\":\"https:\\\/\\\/1dronas.lt\\\/en\\\/produktas\\\/geprc-maten-5-8g-10w-vtx-pro\\\/#breadcrumb\"},\"inLanguage\":\"en-US\",\"potentialAction\":[{\"@type\":\"ReadAction\",\"target\":[\"https:\\\/\\\/1dronas.lt\\\/en\\\/produktas\\\/geprc-maten-5-8g-10w-vtx-pro\\\/\"]}]},{\"@type\":\"ImageObject\",\"inLanguage\":\"en-US\",\"@id\":\"https:\\\/\\\/1dronas.lt\\\/en\\\/produktas\\\/geprc-maten-5-8g-10w-vtx-pro\\\/#primaryimage\",\"url\":\"https:\\\/\\\/1dronas.lt\\\/wp-content\\\/uploads\\\/2026\\\/02\\\/1_Main_0000-3.jpg\",\"contentUrl\":\"https:\\\/\\\/1dronas.lt\\\/wp-content\\\/uploads\\\/2026\\\/02\\\/1_Main_0000-3.jpg\",\"width\":2000,\"height\":2000},{\"@type\":\"BreadcrumbList\",\"@id\":\"https:\\\/\\\/1dronas.lt\\\/en\\\/produktas\\\/geprc-maten-5-8g-10w-vtx-pro\\\/#breadcrumb\",\"itemListElement\":[{\"@type\":\"ListItem\",\"position\":1,\"name\":\"Home\",\"item\":\"https:\\\/\\\/1dronas.lt\\\/\"},{\"@type\":\"ListItem\",\"position\":2,\"name\":\"Parduotuv\u0117\",\"item\":\"https:\\\/\\\/1dronas.lt\\\/parduotuve\\\/\"},{\"@type\":\"ListItem\",\"position\":3,\"name\":\"GEPRC MATEN 5.8G 10W VTX PRO\"}]},{\"@type\":\"WebSite\",\"@id\":\"https:\\\/\\\/1dronas.lt\\\/en\\\/#website\",\"url\":\"https:\\\/\\\/1dronas.lt\\\/en\\\/\",\"name\":\"1dronas.lt\",\"description\":\"Internetin\u0117 parduotuv\u0117\",\"publisher\":{\"@id\":\"https:\\\/\\\/1dronas.lt\\\/en\\\/#organization\"},\"potentialAction\":[{\"@type\":\"SearchAction\",\"target\":{\"@type\":\"EntryPoint\",\"urlTemplate\":\"https:\\\/\\\/1dronas.lt\\\/en\\\/?s={search_term_string}\"},\"query-input\":{\"@type\":\"PropertyValueSpecification\",\"valueRequired\":true,\"valueName\":\"search_term_string\"}}],\"inLanguage\":\"en-US\"},{\"@type\":\"Organization\",\"@id\":\"https:\\\/\\\/1dronas.lt\\\/en\\\/#organization\",\"name\":\"1dronas.lt\",\"url\":\"https:\\\/\\\/1dronas.lt\\\/en\\\/\",\"logo\":{\"@type\":\"ImageObject\",\"inLanguage\":\"en-US\",\"@id\":\"https:\\\/\\\/1dronas.lt\\\/en\\\/#\\\/schema\\\/logo\\\/image\\\/\",\"url\":\"https:\\\/\\\/1dronas.lt\\\/wp-content\\\/uploads\\\/2020\\\/12\\\/Ekrano_kopija__2_-removebg-preview-1-1.png\",\"contentUrl\":\"https:\\\/\\\/1dronas.lt\\\/wp-content\\\/uploads\\\/2020\\\/12\\\/Ekrano_kopija__2_-removebg-preview-1-1.png\",\"width\":234,\"height\":81,\"caption\":\"1dronas.lt\"},\"image\":{\"@id\":\"https:\\\/\\\/1dronas.lt\\\/en\\\/#\\\/schema\\\/logo\\\/image\\\/\"},\"sameAs\":[\"https:\\\/\\\/www.facebook.com\\\/1dronas\\\/\"]}]}<\/script>\n<!-- \/ Yoast SEO plugin. -->","yoast_head_json":{"title":"GEPRC MATEN 5.8G 10W VTX PRO - 1dronas.lt","robots":{"index":"index","follow":"follow","max-snippet":"max-snippet:-1","max-image-preview":"max-image-preview:large","max-video-preview":"max-video-preview:-1"},"canonical":"https:\/\/1dronas.lt\/en\/produktas\/geprc-maten-5-8g-10w-vtx-pro\/","og_locale":"en_US","og_type":"article","og_title":"GEPRC MATEN 5.8G 10W VTX PRO - 1dronas.lt","og_description":"Auk\u0161tos klas\u0117s vaizdo si\u0173stuvas su keturiais reguliuojamais galios lygiais iki 10 W.  \u00a0 \u00a01 \u2013 2 d. d.","og_url":"https:\/\/1dronas.lt\/en\/produktas\/geprc-maten-5-8g-10w-vtx-pro\/","og_site_name":"1dronas.lt","article_publisher":"https:\/\/www.facebook.com\/1dronas\/","article_modified_time":"2026-02-24T17:40:19+00:00","og_image":[{"width":2000,"height":2000,"url":"https:\/\/1dronas.lt\/wp-content\/uploads\/2026\/02\/1_Main_0000-3.jpg","type":"image\/jpeg"}],"twitter_card":"summary_large_image","twitter_misc":{"Est. reading time":"5 minutes"},"schema":{"@context":"https:\/\/schema.org","@graph":[{"@type":"WebPage","@id":"https:\/\/1dronas.lt\/en\/produktas\/geprc-maten-5-8g-10w-vtx-pro\/","url":"https:\/\/1dronas.lt\/en\/produktas\/geprc-maten-5-8g-10w-vtx-pro\/","name":"GEPRC MATEN 5.8G 10W VTX PRO - 1dronas.lt","isPartOf":{"@id":"https:\/\/1dronas.lt\/en\/#website"},"primaryImageOfPage":{"@id":"https:\/\/1dronas.lt\/en\/produktas\/geprc-maten-5-8g-10w-vtx-pro\/#primaryimage"},"image":{"@id":"https:\/\/1dronas.lt\/en\/produktas\/geprc-maten-5-8g-10w-vtx-pro\/#primaryimage"},"thumbnailUrl":"https:\/\/1dronas.lt\/wp-content\/uploads\/2026\/02\/1_Main_0000-3.jpg","datePublished":"2026-02-24T17:38:31+00:00","dateModified":"2026-02-24T17:40:19+00:00","breadcrumb":{"@id":"https:\/\/1dronas.lt\/en\/produktas\/geprc-maten-5-8g-10w-vtx-pro\/#breadcrumb"},"inLanguage":"en-US","potentialAction":[{"@type":"ReadAction","target":["https:\/\/1dronas.lt\/en\/produktas\/geprc-maten-5-8g-10w-vtx-pro\/"]}]},{"@type":"ImageObject","inLanguage":"en-US","@id":"https:\/\/1dronas.lt\/en\/produktas\/geprc-maten-5-8g-10w-vtx-pro\/#primaryimage","url":"https:\/\/1dronas.lt\/wp-content\/uploads\/2026\/02\/1_Main_0000-3.jpg","contentUrl":"https:\/\/1dronas.lt\/wp-content\/uploads\/2026\/02\/1_Main_0000-3.jpg","width":2000,"height":2000},{"@type":"BreadcrumbList","@id":"https:\/\/1dronas.lt\/en\/produktas\/geprc-maten-5-8g-10w-vtx-pro\/#breadcrumb","itemListElement":[{"@type":"ListItem","position":1,"name":"Home","item":"https:\/\/1dronas.lt\/"},{"@type":"ListItem","position":2,"name":"Parduotuv\u0117","item":"https:\/\/1dronas.lt\/parduotuve\/"},{"@type":"ListItem","position":3,"name":"GEPRC MATEN 5.8G 10W VTX PRO"}]},{"@type":"WebSite","@id":"https:\/\/1dronas.lt\/en\/#website","url":"https:\/\/1dronas.lt\/en\/","name":"1dronas.lt","description":"Online store","publisher":{"@id":"https:\/\/1dronas.lt\/en\/#organization"},"potentialAction":[{"@type":"SearchAction","target":{"@type":"EntryPoint","urlTemplate":"https:\/\/1dronas.lt\/en\/?s={search_term_string}"},"query-input":{"@type":"PropertyValueSpecification","valueRequired":true,"valueName":"search_term_string"}}],"inLanguage":"en-US"},{"@type":"Organization","@id":"https:\/\/1dronas.lt\/en\/#organization","name":"1dronas.lt","url":"https:\/\/1dronas.lt\/en\/","logo":{"@type":"ImageObject","inLanguage":"en-US","@id":"https:\/\/1dronas.lt\/en\/#\/schema\/logo\/image\/","url":"https:\/\/1dronas.lt\/wp-content\/uploads\/2020\/12\/Ekrano_kopija__2_-removebg-preview-1-1.png","contentUrl":"https:\/\/1dronas.lt\/wp-content\/uploads\/2020\/12\/Ekrano_kopija__2_-removebg-preview-1-1.png","width":234,"height":81,"caption":"1dronas.lt"},"image":{"@id":"https:\/\/1dronas.lt\/en\/#\/schema\/logo\/image\/"},"sameAs":["https:\/\/www.facebook.com\/1dronas\/"]}]}},"jetpack_sharing_enabled":true,"_links":{"self":[{"href":"https:\/\/1dronas.lt\/en\/wp-json\/wp\/v2\/product\/17000","targetHints":{"allow":["GET"]}}],"collection":[{"href":"https:\/\/1dronas.lt\/en\/wp-json\/wp\/v2\/product"}],"about":[{"href":"https:\/\/1dronas.lt\/en\/wp-json\/wp\/v2\/types\/product"}],"replies":[{"embeddable":true,"href":"https:\/\/1dronas.lt\/en\/wp-json\/wp\/v2\/comments?post=17000"}],"wp:featuredmedia":[{"embeddable":true,"href":"https:\/\/1dronas.lt\/en\/wp-json\/wp\/v2\/media\/17001"}],"wp:attachment":[{"href":"https:\/\/1dronas.lt\/en\/wp-json\/wp\/v2\/media?parent=17000"}],"wp:term":[{"taxonomy":"product_brand","embeddable":true,"href":"https:\/\/1dronas.lt\/en\/wp-json\/wp\/v2\/product_brand?post=17000"},{"taxonomy":"product_cat","embeddable":true,"href":"https:\/\/1dronas.lt\/en\/wp-json\/wp\/v2\/product_cat?post=17000"},{"taxonomy":"product_tag","embeddable":true,"href":"https:\/\/1dronas.lt\/en\/wp-json\/wp\/v2\/product_tag?post=17000"}],"curies":[{"name":"wp","href":"https:\/\/api.w.org\/{rel}","templated":true}]}}