{"id":16960,"date":"2026-02-23T21:36:22","date_gmt":"2026-02-23T19:36:22","guid":{"rendered":"https:\/\/1dronas.lt\/?post_type=product&#038;p=16960"},"modified":"2026-02-23T21:36:22","modified_gmt":"2026-02-23T19:36:22","slug":"geprc-rad-vtx-5-8g-1-6w","status":"publish","type":"product","link":"https:\/\/1dronas.lt\/en\/produktas\/geprc-rad-vtx-5-8g-1-6w\/","title":{"rendered":"GEPRC RAD VTX 5.8G 1.6W"},"content":{"rendered":"<p>GEPRC RAD VTX 1.6W is a powerful next-generation video transmitter that can reach up to 1600mW of power and has five adjustable modes: Pit, 25mW, 200mW, 600mW and 1600mW. The double-layer PCB design reduces interference and improves heat dissipation, and the integrated microphone allows you to transmit sound along with the image. The device supports 7-36V (2-8S) power supply, uses an MMCX antenna connector and a standard 30.5 x 30.5mm mounting layout, making it easy to adapt to various FPV drone systems.<\/p>\n<p><iframe loading=\"lazy\" title=\"GEPRC RAD Long Range 1.6W VTX - Output Power &amp; Range Tests\" width=\"1020\" height=\"574\" src=\"https:\/\/www.youtube.com\/embed\/isRetR1_uRo?feature=oembed\" frameborder=\"0\" allow=\"accelerometer; autoplay; clipboard-write; encrypted-media; gyroscope; picture-in-picture; web-share\" referrerpolicy=\"strict-origin-when-cross-origin\" allowfullscreen><\/iframe><\/p>\n<p><strong>Features:<\/strong><\/p>\n<p>\u2022 1600 mW extremely high power \u2013 suitable for Long Range flights, ensures a stable signal;<br \/>\n\u2022 Five power modes: PIT \/ 25 mW \/ 200 mW \/ 600 mW \/ 1600 mW;<br \/>\n\u2022 Two-layer board cooling design, separated power BEC and motherboard \u2013 less interference;<br \/>\n\u2022 Temperature control protection against overheating and damage;<br \/>\n\u2022 Wide power supply range \u2013 supports 7V\u201336V input voltage;<br \/>\n\u2022 IRC Tramp VTX control protocol, supports parameter adjustment via OSD;<br \/>\n\u2022 Integrated microphone \u2013 real-time transmission of drone sounds;<br \/>\n\u2022 3 regional frequency tables for different regional requirements;<br \/>\n\u2022 Two function buttons and three indicator lights for convenient operation.<\/p>\n<p><strong>Specification:<\/strong><\/p>\n<p>\u2022 Model: GEPRC RAD VTX 5.8G 1.6W;<br \/>\n\u2022 Input voltage: DC 7-36V (2-8S battery);<br \/>\n\u2022 Output: 5V@600mA (5V power supply for camera);<br \/>\n\u2022 Input impedance: 75\u03a9;<br \/>\n\u2022 Protocol: IRC Tramp;<br \/>\n\u2022 Antenna connector: MMCX;<br \/>\n\u2022 Output power: PIT mode \/ 25mW \/ 200mW \/ 600mW \/ 1600mW;<br \/>\n\u2022 Frequency tables: Universal (40CH), US FCC (37CH), European EU (26CH);<br \/>\n\u2022 Video format: PAL \/ NTSC;<br \/>\n\u2022 Microphone: Integrated;<br \/>\n\u2022 Dimensions: 36 x 36.5 x 5.5 mm;<br \/>\n\u2022 Weight: 9.7 g (without cables);<br \/>\n\u2022 Mounting holes: 30 x 30 mm (M3).<\/p>\n<p><strong>Measurements:<\/strong><\/p>\n<p><img loading=\"lazy\" decoding=\"async\" class=\"alignnone wp-image-16962 size-large\" src=\"https:\/\/1dronas.lt\/wp-content\/uploads\/2026\/02\/1.3-e1771758017376-1024x317.jpg\" alt=\"\" width=\"1020\" height=\"316\" \/><\/p>\n<p>&nbsp;<\/p>\n<p><strong>Warning<\/strong><\/p>\n<p>Be sure to connect the antenna before use. To avoid overheating, ensure constant air flow and good ventilation. If the VTX is used in a confined space, it is recommended to install an additional cooling fan. The 5V output is only for powering the camera or cooling fan! Do not connect the power input or battery to the 5V Out - this may cause serious damage to the VTX.<\/p>\n<p><strong>Connection description:<\/strong><\/p>\n<p>\u2022 DC 7\u201336V: 2\u20138S battery power input;<br \/>\n\u2022 GND: Common ground wire;<br \/>\n\u2022 Video: connect to FC or camera video output;<br \/>\n\u2022 IRC: connect to FC UART TX port;<br \/>\n\u2022 5V OUT: 5V power output for the camera;<br \/>\n\u2022 GND: Common ground wire.<\/p>\n<p><img loading=\"lazy\" decoding=\"async\" class=\"alignnone wp-image-16971 size-large\" src=\"https:\/\/1dronas.lt\/wp-content\/uploads\/2026\/02\/11-3-e1771866489635-1024x832.jpg\" alt=\"\" width=\"1020\" height=\"829\" srcset=\"https:\/\/1dronas.lt\/wp-content\/uploads\/2026\/02\/11-3-e1771866489635-1024x832.jpg 1024w, https:\/\/1dronas.lt\/wp-content\/uploads\/2026\/02\/11-3-e1771866489635-300x244.jpg 300w, https:\/\/1dronas.lt\/wp-content\/uploads\/2026\/02\/11-3-e1771866489635-768x624.jpg 768w, https:\/\/1dronas.lt\/wp-content\/uploads\/2026\/02\/11-3-e1771866489635-15x12.jpg 15w, https:\/\/1dronas.lt\/wp-content\/uploads\/2026\/02\/11-3-e1771866489635-510x414.jpg 510w, https:\/\/1dronas.lt\/wp-content\/uploads\/2026\/02\/11-3-e1771866489635.jpg 1330w\" sizes=\"auto, (max-width: 1020px) 100vw, 1020px\" \/><\/p>\n<p><strong>Description of buttons and indicators:<\/strong><\/p>\n<p>\u2022 The two function buttons in the VTX circuit are connected in parallel, so their operation and functions are the same;<br \/>\n\u2022 Blue light: channel (CH) indicator;<br \/>\n\u2022 Green light: frequency band (Band) indicator;<br \/>\n\u2022 Red light: power indicator.<\/p>\n<p><img loading=\"lazy\" decoding=\"async\" class=\"alignnone wp-image-16965 size-full\" src=\"https:\/\/1dronas.lt\/wp-content\/uploads\/2026\/02\/4-11-scaled-1-e1771874960703.jpg\" alt=\"\" width=\"1200\" height=\"2240\" srcset=\"https:\/\/1dronas.lt\/wp-content\/uploads\/2026\/02\/4-11-scaled-1-e1771874960703.jpg 1200w, https:\/\/1dronas.lt\/wp-content\/uploads\/2026\/02\/4-11-scaled-1-e1771874960703-161x300.jpg 161w, https:\/\/1dronas.lt\/wp-content\/uploads\/2026\/02\/4-11-scaled-1-e1771874960703-549x1024.jpg 549w, https:\/\/1dronas.lt\/wp-content\/uploads\/2026\/02\/4-11-scaled-1-e1771874960703-768x1434.jpg 768w, https:\/\/1dronas.lt\/wp-content\/uploads\/2026\/02\/4-11-scaled-1-e1771874960703-823x1536.jpg 823w, https:\/\/1dronas.lt\/wp-content\/uploads\/2026\/02\/4-11-scaled-1-e1771874960703-1097x2048.jpg 1097w, https:\/\/1dronas.lt\/wp-content\/uploads\/2026\/02\/4-11-scaled-1-e1771874960703-6x12.jpg 6w, https:\/\/1dronas.lt\/wp-content\/uploads\/2026\/02\/4-11-scaled-1-e1771874960703-510x952.jpg 510w\" sizes=\"auto, (max-width: 1200px) 100vw, 1200px\" \/><\/p>\n<p><strong>Package:<\/strong><\/p>\n<p>1x GEPRC RAD VTX 5G8 1.6W;<br \/>\n1x 72 mm MMCX copper tube antenna;<br \/>\n1x GH 1.25*6P 150 mm connection cable;<br \/>\n1x MMCX to SMA connector;<br \/>\n1x Set of mounting screws.<\/p>\n<p><img loading=\"lazy\" decoding=\"async\" class=\"alignnone wp-image-16973 size-large\" src=\"https:\/\/1dronas.lt\/wp-content\/uploads\/2026\/02\/13-2-e1771875113850-1024x493.jpg\" alt=\"\" width=\"1020\" height=\"491\" srcset=\"https:\/\/1dronas.lt\/wp-content\/uploads\/2026\/02\/13-2-e1771875113850-1024x493.jpg 1024w, https:\/\/1dronas.lt\/wp-content\/uploads\/2026\/02\/13-2-e1771875113850-300x144.jpg 300w, https:\/\/1dronas.lt\/wp-content\/uploads\/2026\/02\/13-2-e1771875113850-768x370.jpg 768w, https:\/\/1dronas.lt\/wp-content\/uploads\/2026\/02\/13-2-e1771875113850-1536x740.jpg 1536w, https:\/\/1dronas.lt\/wp-content\/uploads\/2026\/02\/13-2-e1771875113850-18x9.jpg 18w, https:\/\/1dronas.lt\/wp-content\/uploads\/2026\/02\/13-2-e1771875113850-510x246.jpg 510w, https:\/\/1dronas.lt\/wp-content\/uploads\/2026\/02\/13-2-e1771875113850.jpg 2000w\" sizes=\"auto, (max-width: 1020px) 100vw, 1020px\" \/><\/p>\n<p>&nbsp;<\/p>","protected":false},"excerpt":{"rendered":"<p><span style=\"color: #000000;\">GEPRC RAD VTX 1.6W is a powerful next-generation video transmitter that reaches up to 1600 mW of power and has five adjustable modes.<\/span><\/p>\n<p><span style=\"color: #000000;\"><strong><img loading=\"lazy\" decoding=\"async\" class=\"alignnone wp-image-1806\" src=\"https:\/\/1dronas.lt\/wp-content\/uploads\/2021\/05\/delivery-icon.png\" alt=\"\" width=\"24\" height=\"24\" srcset=\"https:\/\/1dronas.lt\/wp-content\/uploads\/2021\/05\/delivery-icon.png 35w, https:\/\/1dronas.lt\/wp-content\/uploads\/2021\/05\/delivery-icon-12x12.png 12w\" sizes=\"auto, (max-width: 24px) 100vw, 24px\" \/>\u00a0 1 \u2013 2 days<\/strong><\/span><\/p>","protected":false},"featured_media":16967,"comment_status":"open","ping_status":"closed","template":"","meta":[],"product_brand":[592],"product_cat":[218],"product_tag":[799,593,1000],"class_list":{"0":"post-16960","1":"product","2":"type-product","3":"status-publish","4":"has-post-thumbnail","6":"product_brand-geprc","7":"product_cat-vaizdo-siustuvai-vtx","8":"product_tag-5-8g-1-6w-vtx","9":"product_tag-geprc","10":"product_tag-rad","12":"first","13":"instock","14":"taxable","15":"shipping-taxable","16":"purchasable","17":"product-type-simple"},"yoast_head":"<!-- This site is optimized with the Yoast SEO plugin v27.3 - https:\/\/yoast.com\/product\/yoast-seo-wordpress\/ -->\n<title>GEPRC RAD VTX 5.8G 1.6W - 1dronas.lt<\/title>\n<meta name=\"robots\" content=\"index, follow, max-snippet:-1, max-image-preview:large, max-video-preview:-1\" \/>\n<link rel=\"canonical\" href=\"https:\/\/1dronas.lt\/en\/produktas\/geprc-rad-vtx-5-8g-1-6w\/\" \/>\n<meta property=\"og:locale\" content=\"en_US\" \/>\n<meta property=\"og:type\" content=\"article\" \/>\n<meta property=\"og:title\" content=\"GEPRC RAD VTX 5.8G 1.6W - 1dronas.lt\" \/>\n<meta property=\"og:description\" content=\"GEPRC RAD VTX 1.6W \u2013 tai galingas naujos kartos vaizdo si\u0173stuvas, pasiekiantis iki 1600 mW gali\u0105 ir turintis penkis reguliuojamus re\u017eimus.  \u00a0 1 \u2013 2 d. d.\" \/>\n<meta property=\"og:url\" content=\"https:\/\/1dronas.lt\/en\/produktas\/geprc-rad-vtx-5-8g-1-6w\/\" \/>\n<meta property=\"og:site_name\" content=\"1dronas.lt\" \/>\n<meta property=\"article:publisher\" content=\"https:\/\/www.facebook.com\/1dronas\/\" \/>\n<meta property=\"og:image\" content=\"https:\/\/1dronas.lt\/wp-content\/uploads\/2026\/02\/6-8.jpg\" \/>\n\t<meta property=\"og:image:width\" content=\"2000\" \/>\n\t<meta property=\"og:image:height\" content=\"2000\" \/>\n\t<meta property=\"og:image:type\" content=\"image\/jpeg\" \/>\n<meta name=\"twitter:card\" content=\"summary_large_image\" \/>\n<meta name=\"twitter:label1\" content=\"Est. reading time\" \/>\n\t<meta name=\"twitter:data1\" content=\"4 minutes\" \/>\n<script type=\"application\/ld+json\" class=\"yoast-schema-graph\">{\"@context\":\"https:\\\/\\\/schema.org\",\"@graph\":[{\"@type\":\"WebPage\",\"@id\":\"https:\\\/\\\/1dronas.lt\\\/en\\\/produktas\\\/geprc-rad-vtx-5-8g-1-6w\\\/\",\"url\":\"https:\\\/\\\/1dronas.lt\\\/en\\\/produktas\\\/geprc-rad-vtx-5-8g-1-6w\\\/\",\"name\":\"GEPRC RAD VTX 5.8G 1.6W - 1dronas.lt\",\"isPartOf\":{\"@id\":\"https:\\\/\\\/1dronas.lt\\\/en\\\/#website\"},\"primaryImageOfPage\":{\"@id\":\"https:\\\/\\\/1dronas.lt\\\/en\\\/produktas\\\/geprc-rad-vtx-5-8g-1-6w\\\/#primaryimage\"},\"image\":{\"@id\":\"https:\\\/\\\/1dronas.lt\\\/en\\\/produktas\\\/geprc-rad-vtx-5-8g-1-6w\\\/#primaryimage\"},\"thumbnailUrl\":\"https:\\\/\\\/1dronas.lt\\\/wp-content\\\/uploads\\\/2026\\\/02\\\/6-8.jpg\",\"datePublished\":\"2026-02-23T19:36:22+00:00\",\"breadcrumb\":{\"@id\":\"https:\\\/\\\/1dronas.lt\\\/en\\\/produktas\\\/geprc-rad-vtx-5-8g-1-6w\\\/#breadcrumb\"},\"inLanguage\":\"en-US\",\"potentialAction\":[{\"@type\":\"ReadAction\",\"target\":[\"https:\\\/\\\/1dronas.lt\\\/en\\\/produktas\\\/geprc-rad-vtx-5-8g-1-6w\\\/\"]}]},{\"@type\":\"ImageObject\",\"inLanguage\":\"en-US\",\"@id\":\"https:\\\/\\\/1dronas.lt\\\/en\\\/produktas\\\/geprc-rad-vtx-5-8g-1-6w\\\/#primaryimage\",\"url\":\"https:\\\/\\\/1dronas.lt\\\/wp-content\\\/uploads\\\/2026\\\/02\\\/6-8.jpg\",\"contentUrl\":\"https:\\\/\\\/1dronas.lt\\\/wp-content\\\/uploads\\\/2026\\\/02\\\/6-8.jpg\",\"width\":2000,\"height\":2000},{\"@type\":\"BreadcrumbList\",\"@id\":\"https:\\\/\\\/1dronas.lt\\\/en\\\/produktas\\\/geprc-rad-vtx-5-8g-1-6w\\\/#breadcrumb\",\"itemListElement\":[{\"@type\":\"ListItem\",\"position\":1,\"name\":\"Home\",\"item\":\"https:\\\/\\\/1dronas.lt\\\/\"},{\"@type\":\"ListItem\",\"position\":2,\"name\":\"Parduotuv\u0117\",\"item\":\"https:\\\/\\\/1dronas.lt\\\/parduotuve\\\/\"},{\"@type\":\"ListItem\",\"position\":3,\"name\":\"GEPRC RAD VTX 5.8G 1.6W\"}]},{\"@type\":\"WebSite\",\"@id\":\"https:\\\/\\\/1dronas.lt\\\/en\\\/#website\",\"url\":\"https:\\\/\\\/1dronas.lt\\\/en\\\/\",\"name\":\"1dronas.lt\",\"description\":\"Internetin\u0117 parduotuv\u0117\",\"publisher\":{\"@id\":\"https:\\\/\\\/1dronas.lt\\\/en\\\/#organization\"},\"potentialAction\":[{\"@type\":\"SearchAction\",\"target\":{\"@type\":\"EntryPoint\",\"urlTemplate\":\"https:\\\/\\\/1dronas.lt\\\/en\\\/?s={search_term_string}\"},\"query-input\":{\"@type\":\"PropertyValueSpecification\",\"valueRequired\":true,\"valueName\":\"search_term_string\"}}],\"inLanguage\":\"en-US\"},{\"@type\":\"Organization\",\"@id\":\"https:\\\/\\\/1dronas.lt\\\/en\\\/#organization\",\"name\":\"1dronas.lt\",\"url\":\"https:\\\/\\\/1dronas.lt\\\/en\\\/\",\"logo\":{\"@type\":\"ImageObject\",\"inLanguage\":\"en-US\",\"@id\":\"https:\\\/\\\/1dronas.lt\\\/en\\\/#\\\/schema\\\/logo\\\/image\\\/\",\"url\":\"https:\\\/\\\/1dronas.lt\\\/wp-content\\\/uploads\\\/2020\\\/12\\\/Ekrano_kopija__2_-removebg-preview-1-1.png\",\"contentUrl\":\"https:\\\/\\\/1dronas.lt\\\/wp-content\\\/uploads\\\/2020\\\/12\\\/Ekrano_kopija__2_-removebg-preview-1-1.png\",\"width\":234,\"height\":81,\"caption\":\"1dronas.lt\"},\"image\":{\"@id\":\"https:\\\/\\\/1dronas.lt\\\/en\\\/#\\\/schema\\\/logo\\\/image\\\/\"},\"sameAs\":[\"https:\\\/\\\/www.facebook.com\\\/1dronas\\\/\"]}]}<\/script>\n<!-- \/ Yoast SEO plugin. -->","yoast_head_json":{"title":"GEPRC RAD VTX 5.8G 1.6W - 1dronas.lt","robots":{"index":"index","follow":"follow","max-snippet":"max-snippet:-1","max-image-preview":"max-image-preview:large","max-video-preview":"max-video-preview:-1"},"canonical":"https:\/\/1dronas.lt\/en\/produktas\/geprc-rad-vtx-5-8g-1-6w\/","og_locale":"en_US","og_type":"article","og_title":"GEPRC RAD VTX 5.8G 1.6W - 1dronas.lt","og_description":"GEPRC RAD VTX 1.6W \u2013 tai galingas naujos kartos vaizdo si\u0173stuvas, pasiekiantis iki 1600 mW gali\u0105 ir turintis penkis reguliuojamus re\u017eimus.  \u00a0 1 \u2013 2 d. d.","og_url":"https:\/\/1dronas.lt\/en\/produktas\/geprc-rad-vtx-5-8g-1-6w\/","og_site_name":"1dronas.lt","article_publisher":"https:\/\/www.facebook.com\/1dronas\/","og_image":[{"width":2000,"height":2000,"url":"https:\/\/1dronas.lt\/wp-content\/uploads\/2026\/02\/6-8.jpg","type":"image\/jpeg"}],"twitter_card":"summary_large_image","twitter_misc":{"Est. reading time":"4 minutes"},"schema":{"@context":"https:\/\/schema.org","@graph":[{"@type":"WebPage","@id":"https:\/\/1dronas.lt\/en\/produktas\/geprc-rad-vtx-5-8g-1-6w\/","url":"https:\/\/1dronas.lt\/en\/produktas\/geprc-rad-vtx-5-8g-1-6w\/","name":"GEPRC RAD VTX 5.8G 1.6W - 1dronas.lt","isPartOf":{"@id":"https:\/\/1dronas.lt\/en\/#website"},"primaryImageOfPage":{"@id":"https:\/\/1dronas.lt\/en\/produktas\/geprc-rad-vtx-5-8g-1-6w\/#primaryimage"},"image":{"@id":"https:\/\/1dronas.lt\/en\/produktas\/geprc-rad-vtx-5-8g-1-6w\/#primaryimage"},"thumbnailUrl":"https:\/\/1dronas.lt\/wp-content\/uploads\/2026\/02\/6-8.jpg","datePublished":"2026-02-23T19:36:22+00:00","breadcrumb":{"@id":"https:\/\/1dronas.lt\/en\/produktas\/geprc-rad-vtx-5-8g-1-6w\/#breadcrumb"},"inLanguage":"en-US","potentialAction":[{"@type":"ReadAction","target":["https:\/\/1dronas.lt\/en\/produktas\/geprc-rad-vtx-5-8g-1-6w\/"]}]},{"@type":"ImageObject","inLanguage":"en-US","@id":"https:\/\/1dronas.lt\/en\/produktas\/geprc-rad-vtx-5-8g-1-6w\/#primaryimage","url":"https:\/\/1dronas.lt\/wp-content\/uploads\/2026\/02\/6-8.jpg","contentUrl":"https:\/\/1dronas.lt\/wp-content\/uploads\/2026\/02\/6-8.jpg","width":2000,"height":2000},{"@type":"BreadcrumbList","@id":"https:\/\/1dronas.lt\/en\/produktas\/geprc-rad-vtx-5-8g-1-6w\/#breadcrumb","itemListElement":[{"@type":"ListItem","position":1,"name":"Home","item":"https:\/\/1dronas.lt\/"},{"@type":"ListItem","position":2,"name":"Parduotuv\u0117","item":"https:\/\/1dronas.lt\/parduotuve\/"},{"@type":"ListItem","position":3,"name":"GEPRC RAD VTX 5.8G 1.6W"}]},{"@type":"WebSite","@id":"https:\/\/1dronas.lt\/en\/#website","url":"https:\/\/1dronas.lt\/en\/","name":"1dronas.lt","description":"Online store","publisher":{"@id":"https:\/\/1dronas.lt\/en\/#organization"},"potentialAction":[{"@type":"SearchAction","target":{"@type":"EntryPoint","urlTemplate":"https:\/\/1dronas.lt\/en\/?s={search_term_string}"},"query-input":{"@type":"PropertyValueSpecification","valueRequired":true,"valueName":"search_term_string"}}],"inLanguage":"en-US"},{"@type":"Organization","@id":"https:\/\/1dronas.lt\/en\/#organization","name":"1dronas.lt","url":"https:\/\/1dronas.lt\/en\/","logo":{"@type":"ImageObject","inLanguage":"en-US","@id":"https:\/\/1dronas.lt\/en\/#\/schema\/logo\/image\/","url":"https:\/\/1dronas.lt\/wp-content\/uploads\/2020\/12\/Ekrano_kopija__2_-removebg-preview-1-1.png","contentUrl":"https:\/\/1dronas.lt\/wp-content\/uploads\/2020\/12\/Ekrano_kopija__2_-removebg-preview-1-1.png","width":234,"height":81,"caption":"1dronas.lt"},"image":{"@id":"https:\/\/1dronas.lt\/en\/#\/schema\/logo\/image\/"},"sameAs":["https:\/\/www.facebook.com\/1dronas\/"]}]}},"jetpack_sharing_enabled":true,"_links":{"self":[{"href":"https:\/\/1dronas.lt\/en\/wp-json\/wp\/v2\/product\/16960","targetHints":{"allow":["GET"]}}],"collection":[{"href":"https:\/\/1dronas.lt\/en\/wp-json\/wp\/v2\/product"}],"about":[{"href":"https:\/\/1dronas.lt\/en\/wp-json\/wp\/v2\/types\/product"}],"replies":[{"embeddable":true,"href":"https:\/\/1dronas.lt\/en\/wp-json\/wp\/v2\/comments?post=16960"}],"wp:featuredmedia":[{"embeddable":true,"href":"https:\/\/1dronas.lt\/en\/wp-json\/wp\/v2\/media\/16967"}],"wp:attachment":[{"href":"https:\/\/1dronas.lt\/en\/wp-json\/wp\/v2\/media?parent=16960"}],"wp:term":[{"taxonomy":"product_brand","embeddable":true,"href":"https:\/\/1dronas.lt\/en\/wp-json\/wp\/v2\/product_brand?post=16960"},{"taxonomy":"product_cat","embeddable":true,"href":"https:\/\/1dronas.lt\/en\/wp-json\/wp\/v2\/product_cat?post=16960"},{"taxonomy":"product_tag","embeddable":true,"href":"https:\/\/1dronas.lt\/en\/wp-json\/wp\/v2\/product_tag?post=16960"}],"curies":[{"name":"wp","href":"https:\/\/api.w.org\/{rel}","templated":true}]}}