{"id":16874,"date":"2026-02-21T16:41:22","date_gmt":"2026-02-21T14:41:22","guid":{"rendered":"https:\/\/1dronas.lt\/?post_type=product&#038;p=16874"},"modified":"2026-03-27T14:26:44","modified_gmt":"2026-03-27T12:26:44","slug":"akumuliatorius-betafpv-lava-ii-3s-580mah-95c-xt30-2vnt","status":"publish","type":"product","link":"https:\/\/1dronas.lt\/en\/produktas\/akumuliatorius-betafpv-lava-ii-3s-580mah-95c-xt30-2vnt\/","title":{"rendered":"Battery BETAFPV LAVA II 3S 580mAh 95C \u2013 XT30 (2pcs)"},"content":{"rendered":"<p>The LAVA II 3S battery delivers next-generation power and performance with 5.5-7.7 % higher capacity and 95C discharge for fast and stable power delivery. Z-Folding technology increases energy density and reliability.<\/p>\n<p><img loading=\"lazy\" decoding=\"async\" class=\"alignnone wp-image-16878 size-full\" src=\"https:\/\/1dronas.lt\/wp-content\/uploads\/2026\/02\/LAVA_II_3S_Battery_-_Power_More_Fly_Longer.jpg\" alt=\"\" width=\"1600\" height=\"900\" srcset=\"https:\/\/1dronas.lt\/wp-content\/uploads\/2026\/02\/LAVA_II_3S_Battery_-_Power_More_Fly_Longer.jpg 1600w, https:\/\/1dronas.lt\/wp-content\/uploads\/2026\/02\/LAVA_II_3S_Battery_-_Power_More_Fly_Longer-300x169.jpg 300w, https:\/\/1dronas.lt\/wp-content\/uploads\/2026\/02\/LAVA_II_3S_Battery_-_Power_More_Fly_Longer-1024x576.jpg 1024w, https:\/\/1dronas.lt\/wp-content\/uploads\/2026\/02\/LAVA_II_3S_Battery_-_Power_More_Fly_Longer-768x432.jpg 768w, https:\/\/1dronas.lt\/wp-content\/uploads\/2026\/02\/LAVA_II_3S_Battery_-_Power_More_Fly_Longer-1536x864.jpg 1536w, https:\/\/1dronas.lt\/wp-content\/uploads\/2026\/02\/LAVA_II_3S_Battery_-_Power_More_Fly_Longer-18x10.jpg 18w, https:\/\/1dronas.lt\/wp-content\/uploads\/2026\/02\/LAVA_II_3S_Battery_-_Power_More_Fly_Longer-510x287.jpg 510w\" sizes=\"auto, (max-width: 1600px) 100vw, 1600px\" \/><\/p>\n<p><strong>Features:<\/strong><\/p>\n<p><strong>\u2022<\/strong>\u00a0Up to 33.6 % higher current and longer flight time due to 26.7 % increased discharge rate (95C) and 5.5-7.7 % higher capacity, while maintaining the same compact size;<br data-start=\"198\" data-end=\"201\" \/><strong>\u2022<\/strong>\u00a0The patented Z-Folding process provides about 5 % higher energy density and longer cycle life, ensuring stronger power surges and reliability;<br data-start=\"401\" data-end=\"404\" \/><strong>\u2022<\/strong>\u00a0New exclusive design: bright green and yellow appearance.<\/p>\n<p><strong>Specification:<\/strong><\/p>\n<p><strong>\u2022<\/strong>\u00a0Product: LAVA II 3S battery;<br data-start=\"34\" data-end=\"37\" \/><strong>\u2022<\/strong>\u00a0Capacity: 580mAh;<br data-start=\"65\" data-end=\"68\" \/><strong>\u2022<\/strong>\u00a0Battery type: LiHV;<br data-start=\"93\" data-end=\"96\" \/><strong>\u2022<\/strong>\u00a0Voltage: 11.4V;<br data-start=\"114\" data-end=\"117\" \/><strong>\u2022<\/strong>\u00a0C rating: 95C;<br data-start=\"137\" data-end=\"140\" \/><strong>\u2022<\/strong>\u00a0Charging connector: JST-XH2.54;<br data-start=\"172\" data-end=\"175\" \/><strong>\u2022<\/strong> Connector: XT30 with 18AWG silicone wire;<br data-start=\"223\" data-end=\"226\" \/><strong>\u2022<\/strong> Weight: 42 g.<\/p>\n<p><strong>Measurements:<\/strong><\/p>\n<p><img loading=\"lazy\" decoding=\"async\" class=\"alignnone wp-image-16879 size-full\" src=\"https:\/\/1dronas.lt\/wp-content\/uploads\/2026\/02\/LAVA_II_3S_Battery_580mAh_dimensions_1024x1024-e1771684197319.jpg\" alt=\"\" width=\"1024\" height=\"544\" srcset=\"https:\/\/1dronas.lt\/wp-content\/uploads\/2026\/02\/LAVA_II_3S_Battery_580mAh_dimensions_1024x1024-e1771684197319.jpg 1024w, https:\/\/1dronas.lt\/wp-content\/uploads\/2026\/02\/LAVA_II_3S_Battery_580mAh_dimensions_1024x1024-e1771684197319-300x159.jpg 300w, https:\/\/1dronas.lt\/wp-content\/uploads\/2026\/02\/LAVA_II_3S_Battery_580mAh_dimensions_1024x1024-e1771684197319-768x408.jpg 768w, https:\/\/1dronas.lt\/wp-content\/uploads\/2026\/02\/LAVA_II_3S_Battery_580mAh_dimensions_1024x1024-e1771684197319-18x10.jpg 18w, https:\/\/1dronas.lt\/wp-content\/uploads\/2026\/02\/LAVA_II_3S_Battery_580mAh_dimensions_1024x1024-e1771684197319-510x271.jpg 510w\" sizes=\"auto, (max-width: 1024px) 100vw, 1024px\" \/><\/p>\n<p>The following image shows battery discharge information.<\/p>\n<p><img loading=\"lazy\" decoding=\"async\" class=\"alignnone wp-image-16880 size-large\" src=\"https:\/\/1dronas.lt\/wp-content\/uploads\/2026\/02\/LAVA_II_3S_Battery_580mAh_discharge_curve-1024x576.jpg\" alt=\"\" width=\"1020\" height=\"574\" srcset=\"https:\/\/1dronas.lt\/wp-content\/uploads\/2026\/02\/LAVA_II_3S_Battery_580mAh_discharge_curve-1024x576.jpg 1024w, https:\/\/1dronas.lt\/wp-content\/uploads\/2026\/02\/LAVA_II_3S_Battery_580mAh_discharge_curve-300x169.jpg 300w, https:\/\/1dronas.lt\/wp-content\/uploads\/2026\/02\/LAVA_II_3S_Battery_580mAh_discharge_curve-768x432.jpg 768w, https:\/\/1dronas.lt\/wp-content\/uploads\/2026\/02\/LAVA_II_3S_Battery_580mAh_discharge_curve-1536x864.jpg 1536w, https:\/\/1dronas.lt\/wp-content\/uploads\/2026\/02\/LAVA_II_3S_Battery_580mAh_discharge_curve-2048x1152.jpg 2048w, https:\/\/1dronas.lt\/wp-content\/uploads\/2026\/02\/LAVA_II_3S_Battery_580mAh_discharge_curve-18x10.jpg 18w, https:\/\/1dronas.lt\/wp-content\/uploads\/2026\/02\/LAVA_II_3S_Battery_580mAh_discharge_curve-510x287.jpg 510w\" sizes=\"auto, (max-width: 1020px) 100vw, 1020px\" \/><\/p>\n<p><strong>Z-Folding process<\/strong><\/p>\n<p>The Z-Folding Process battery demonstrates impressive performance and versatility. By taking advantage of low internal resistance, it enables efficient discharge of a high-current battery in a shorter time. Compared to the Winding Process battery, it achieves a 0.2V higher discharge at equivalent loads, ensuring consistent and reliable power, and also has a 5 % higher energy density in the same volume and longer cycle life. The Z-Folding Process allows for precise electrode sizes to be tailored to the dimensions of the lithium battery, optimizing control over the size and shape of the battery. The battery performance is improved, and there is a wider range of appearance and shape options, and its application possibilities are also wider compared to a battery made using the winding process.<\/p>\n<p><img loading=\"lazy\" decoding=\"async\" class=\"alignnone wp-image-16886 size-full\" src=\"https:\/\/1dronas.lt\/wp-content\/uploads\/2026\/02\/LAVA_II_3S_Battery_z-folding_process.jpg\" alt=\"\" width=\"1600\" height=\"900\" srcset=\"https:\/\/1dronas.lt\/wp-content\/uploads\/2026\/02\/LAVA_II_3S_Battery_z-folding_process.jpg 1600w, https:\/\/1dronas.lt\/wp-content\/uploads\/2026\/02\/LAVA_II_3S_Battery_z-folding_process-300x169.jpg 300w, https:\/\/1dronas.lt\/wp-content\/uploads\/2026\/02\/LAVA_II_3S_Battery_z-folding_process-1024x576.jpg 1024w, https:\/\/1dronas.lt\/wp-content\/uploads\/2026\/02\/LAVA_II_3S_Battery_z-folding_process-768x432.jpg 768w, https:\/\/1dronas.lt\/wp-content\/uploads\/2026\/02\/LAVA_II_3S_Battery_z-folding_process-1536x864.jpg 1536w, https:\/\/1dronas.lt\/wp-content\/uploads\/2026\/02\/LAVA_II_3S_Battery_z-folding_process-18x10.jpg 18w, https:\/\/1dronas.lt\/wp-content\/uploads\/2026\/02\/LAVA_II_3S_Battery_z-folding_process-510x287.jpg 510w\" sizes=\"auto, (max-width: 1600px) 100vw, 1600px\" \/><\/p>\n<p><strong>Warning<\/strong><\/p>\n<p><em>\u2022 Fully charge a new battery before use.<\/em><br \/>\n<em>\u2022 Only use a charger designed for lithium polymer\/lithium ion batteries and never leave the battery unattended while charging.<\/em><br \/>\n<em>\u2022 Always keep the battery away from flammable and explosive materials while charging.<\/em><br \/>\n<em>\u2022 Never overcharge a battery. The maximum voltage for a LiPo battery is 4.2 V per cell and for a LiHV battery it is 4.35 V per cell.<\/em><br \/>\n<em>\u2022 Never discharge the battery to a voltage below 3 V per cell under load.<\/em><br \/>\n<em>\u2022 Do not store fully charged batteries for more than 3 days. For long-term storage, maintain a voltage of 3.8-3.9 V.<\/em><br \/>\n<em>\u2022 Do not disassemble, crush, crush, expose to flame or other sources of ignition.<\/em><br \/>\n<em>\u2022 Do not use deformed or swollen batteries.<\/em><\/p>\n<p><strong>Package:<\/strong><\/p>\n<p>2x LAVA II 3S 580mAh batteries.<\/p>\n<p><img loading=\"lazy\" decoding=\"async\" class=\"alignnone wp-image-16881 size-full\" src=\"https:\/\/1dronas.lt\/wp-content\/uploads\/2026\/02\/LAVA_II_3S_Battery_580mAh_package_600x600.jpg\" alt=\"\" width=\"600\" height=\"600\" srcset=\"https:\/\/1dronas.lt\/wp-content\/uploads\/2026\/02\/LAVA_II_3S_Battery_580mAh_package_600x600.jpg 600w, https:\/\/1dronas.lt\/wp-content\/uploads\/2026\/02\/LAVA_II_3S_Battery_580mAh_package_600x600-300x300.jpg 300w, https:\/\/1dronas.lt\/wp-content\/uploads\/2026\/02\/LAVA_II_3S_Battery_580mAh_package_600x600-150x150.jpg 150w, https:\/\/1dronas.lt\/wp-content\/uploads\/2026\/02\/LAVA_II_3S_Battery_580mAh_package_600x600-12x12.jpg 12w, https:\/\/1dronas.lt\/wp-content\/uploads\/2026\/02\/LAVA_II_3S_Battery_580mAh_package_600x600-247x247.jpg 247w, https:\/\/1dronas.lt\/wp-content\/uploads\/2026\/02\/LAVA_II_3S_Battery_580mAh_package_600x600-510x510.jpg 510w, https:\/\/1dronas.lt\/wp-content\/uploads\/2026\/02\/LAVA_II_3S_Battery_580mAh_package_600x600-100x100.jpg 100w\" sizes=\"auto, (max-width: 600px) 100vw, 600px\" \/><\/p>\n<p>&nbsp;<\/p>","protected":false},"excerpt":{"rendered":"<p><span style=\"color: #000000;\">The 95C discharge rate provides up to 35% more instantaneous current, improving motor response and flight dynamics.\u00a0<\/span><\/p>\n<p><span style=\"color: #000000;\"><strong><img loading=\"lazy\" decoding=\"async\" class=\"alignnone wp-image-1806\" src=\"https:\/\/1dronas.lt\/wp-content\/uploads\/2021\/05\/delivery-icon.png.webp\" alt=\"\" width=\"24\" height=\"24\" srcset=\"https:\/\/1dronas.lt\/wp-content\/uploads\/2021\/05\/delivery-icon.png 35w, https:\/\/1dronas.lt\/wp-content\/uploads\/2021\/05\/delivery-icon-12x12.png 12w\" sizes=\"auto, (max-width: 24px) 100vw, 24px\" \/>\u00a0\u00a01 \u2013 2 days<\/strong><\/span><\/p>","protected":false},"featured_media":16876,"comment_status":"open","ping_status":"closed","template":"","meta":[],"product_brand":[489],"product_cat":[739],"product_tag":[708,1031,720,710,822,69,1028,93],"class_list":{"0":"post-16874","1":"product","2":"type-product","3":"status-publish","4":"has-post-thumbnail","6":"product_brand-betafpv","7":"product_cat-3s-lipo-akumuliatoriai","8":"product_tag-3s","9":"product_tag-580mah","10":"product_tag-95c","11":"product_tag-akumuliatorius","12":"product_tag-battery","13":"product_tag-betafpv","14":"product_tag-lava-ii","15":"product_tag-xt30","17":"first","18":"outofstock","19":"taxable","20":"shipping-taxable","21":"purchasable","22":"product-type-simple"},"yoast_head":"<!-- This site is optimized with the Yoast SEO plugin v27.3 - https:\/\/yoast.com\/product\/yoast-seo-wordpress\/ -->\n<title>Akumuliatorius BETAFPV LAVA II 3S 580mAh 95C \u2013 XT30 (2vnt) - 1dronas.lt<\/title>\n<meta name=\"robots\" content=\"index, follow, max-snippet:-1, max-image-preview:large, max-video-preview:-1\" \/>\n<link rel=\"canonical\" href=\"https:\/\/1dronas.lt\/en\/produktas\/akumuliatorius-betafpv-lava-ii-3s-580mah-95c-xt30-2vnt\/\" \/>\n<meta property=\"og:locale\" content=\"en_US\" \/>\n<meta property=\"og:type\" content=\"article\" \/>\n<meta property=\"og:title\" content=\"Akumuliatorius BETAFPV LAVA II 3S 580mAh 95C \u2013 XT30 (2vnt) - 1dronas.lt\" \/>\n<meta property=\"og:description\" content=\"95C i\u0161krovos sparta suteikia iki 35 % daugiau momentin\u0117s srov\u0117s, tod\u0117l ger\u0117ja varikli\u0173 reakcija ir skryd\u017eio dinamika.\u00a0  \u00a0\u00a01 \u2013 2 d.d.\" \/>\n<meta property=\"og:url\" content=\"https:\/\/1dronas.lt\/en\/produktas\/akumuliatorius-betafpv-lava-ii-3s-580mah-95c-xt30-2vnt\/\" \/>\n<meta property=\"og:site_name\" content=\"1dronas.lt\" \/>\n<meta property=\"article:publisher\" content=\"https:\/\/www.facebook.com\/1dronas\/\" \/>\n<meta property=\"article:modified_time\" content=\"2026-03-27T12:26:44+00:00\" \/>\n<meta property=\"og:image\" content=\"https:\/\/1dronas.lt\/wp-content\/uploads\/2026\/02\/LAVA_II_3S_580mAh_Battery_1080x.jpg\" \/>\n\t<meta property=\"og:image:width\" content=\"1080\" \/>\n\t<meta property=\"og:image:height\" content=\"1080\" \/>\n\t<meta property=\"og:image:type\" content=\"image\/jpeg\" \/>\n<meta name=\"twitter:card\" content=\"summary_large_image\" \/>\n<meta name=\"twitter:label1\" content=\"Est. reading time\" \/>\n\t<meta name=\"twitter:data1\" content=\"4 minutes\" \/>\n<script type=\"application\/ld+json\" class=\"yoast-schema-graph\">{\"@context\":\"https:\\\/\\\/schema.org\",\"@graph\":[{\"@type\":\"WebPage\",\"@id\":\"https:\\\/\\\/1dronas.lt\\\/en\\\/produktas\\\/akumuliatorius-betafpv-lava-ii-3s-580mah-95c-xt30-2vnt\\\/\",\"url\":\"https:\\\/\\\/1dronas.lt\\\/en\\\/produktas\\\/akumuliatorius-betafpv-lava-ii-3s-580mah-95c-xt30-2vnt\\\/\",\"name\":\"Akumuliatorius BETAFPV LAVA II 3S 580mAh 95C \u2013 XT30 (2vnt) - 1dronas.lt\",\"isPartOf\":{\"@id\":\"https:\\\/\\\/1dronas.lt\\\/en\\\/#website\"},\"primaryImageOfPage\":{\"@id\":\"https:\\\/\\\/1dronas.lt\\\/en\\\/produktas\\\/akumuliatorius-betafpv-lava-ii-3s-580mah-95c-xt30-2vnt\\\/#primaryimage\"},\"image\":{\"@id\":\"https:\\\/\\\/1dronas.lt\\\/en\\\/produktas\\\/akumuliatorius-betafpv-lava-ii-3s-580mah-95c-xt30-2vnt\\\/#primaryimage\"},\"thumbnailUrl\":\"https:\\\/\\\/1dronas.lt\\\/wp-content\\\/uploads\\\/2026\\\/02\\\/LAVA_II_3S_580mAh_Battery_1080x.jpg\",\"datePublished\":\"2026-02-21T14:41:22+00:00\",\"dateModified\":\"2026-03-27T12:26:44+00:00\",\"breadcrumb\":{\"@id\":\"https:\\\/\\\/1dronas.lt\\\/en\\\/produktas\\\/akumuliatorius-betafpv-lava-ii-3s-580mah-95c-xt30-2vnt\\\/#breadcrumb\"},\"inLanguage\":\"en-US\",\"potentialAction\":[{\"@type\":\"ReadAction\",\"target\":[\"https:\\\/\\\/1dronas.lt\\\/en\\\/produktas\\\/akumuliatorius-betafpv-lava-ii-3s-580mah-95c-xt30-2vnt\\\/\"]}]},{\"@type\":\"ImageObject\",\"inLanguage\":\"en-US\",\"@id\":\"https:\\\/\\\/1dronas.lt\\\/en\\\/produktas\\\/akumuliatorius-betafpv-lava-ii-3s-580mah-95c-xt30-2vnt\\\/#primaryimage\",\"url\":\"https:\\\/\\\/1dronas.lt\\\/wp-content\\\/uploads\\\/2026\\\/02\\\/LAVA_II_3S_580mAh_Battery_1080x.jpg\",\"contentUrl\":\"https:\\\/\\\/1dronas.lt\\\/wp-content\\\/uploads\\\/2026\\\/02\\\/LAVA_II_3S_580mAh_Battery_1080x.jpg\",\"width\":1080,\"height\":1080},{\"@type\":\"BreadcrumbList\",\"@id\":\"https:\\\/\\\/1dronas.lt\\\/en\\\/produktas\\\/akumuliatorius-betafpv-lava-ii-3s-580mah-95c-xt30-2vnt\\\/#breadcrumb\",\"itemListElement\":[{\"@type\":\"ListItem\",\"position\":1,\"name\":\"Home\",\"item\":\"https:\\\/\\\/1dronas.lt\\\/\"},{\"@type\":\"ListItem\",\"position\":2,\"name\":\"Parduotuv\u0117\",\"item\":\"https:\\\/\\\/1dronas.lt\\\/parduotuve\\\/\"},{\"@type\":\"ListItem\",\"position\":3,\"name\":\"Akumuliatorius BETAFPV LAVA II 3S 580mAh 95C \u2013 XT30 (2vnt)\"}]},{\"@type\":\"WebSite\",\"@id\":\"https:\\\/\\\/1dronas.lt\\\/en\\\/#website\",\"url\":\"https:\\\/\\\/1dronas.lt\\\/en\\\/\",\"name\":\"1dronas.lt\",\"description\":\"Internetin\u0117 parduotuv\u0117\",\"publisher\":{\"@id\":\"https:\\\/\\\/1dronas.lt\\\/en\\\/#organization\"},\"potentialAction\":[{\"@type\":\"SearchAction\",\"target\":{\"@type\":\"EntryPoint\",\"urlTemplate\":\"https:\\\/\\\/1dronas.lt\\\/en\\\/?s={search_term_string}\"},\"query-input\":{\"@type\":\"PropertyValueSpecification\",\"valueRequired\":true,\"valueName\":\"search_term_string\"}}],\"inLanguage\":\"en-US\"},{\"@type\":\"Organization\",\"@id\":\"https:\\\/\\\/1dronas.lt\\\/en\\\/#organization\",\"name\":\"1dronas.lt\",\"url\":\"https:\\\/\\\/1dronas.lt\\\/en\\\/\",\"logo\":{\"@type\":\"ImageObject\",\"inLanguage\":\"en-US\",\"@id\":\"https:\\\/\\\/1dronas.lt\\\/en\\\/#\\\/schema\\\/logo\\\/image\\\/\",\"url\":\"https:\\\/\\\/1dronas.lt\\\/wp-content\\\/uploads\\\/2020\\\/12\\\/Ekrano_kopija__2_-removebg-preview-1-1.png\",\"contentUrl\":\"https:\\\/\\\/1dronas.lt\\\/wp-content\\\/uploads\\\/2020\\\/12\\\/Ekrano_kopija__2_-removebg-preview-1-1.png\",\"width\":234,\"height\":81,\"caption\":\"1dronas.lt\"},\"image\":{\"@id\":\"https:\\\/\\\/1dronas.lt\\\/en\\\/#\\\/schema\\\/logo\\\/image\\\/\"},\"sameAs\":[\"https:\\\/\\\/www.facebook.com\\\/1dronas\\\/\"]}]}<\/script>\n<!-- \/ Yoast SEO plugin. -->","yoast_head_json":{"title":"Akumuliatorius BETAFPV LAVA II 3S 580mAh 95C \u2013 XT30 (2vnt) - 1dronas.lt","robots":{"index":"index","follow":"follow","max-snippet":"max-snippet:-1","max-image-preview":"max-image-preview:large","max-video-preview":"max-video-preview:-1"},"canonical":"https:\/\/1dronas.lt\/en\/produktas\/akumuliatorius-betafpv-lava-ii-3s-580mah-95c-xt30-2vnt\/","og_locale":"en_US","og_type":"article","og_title":"Akumuliatorius BETAFPV LAVA II 3S 580mAh 95C \u2013 XT30 (2vnt) - 1dronas.lt","og_description":"95C i\u0161krovos sparta suteikia iki 35 % daugiau momentin\u0117s srov\u0117s, tod\u0117l ger\u0117ja varikli\u0173 reakcija ir skryd\u017eio dinamika.\u00a0  \u00a0\u00a01 \u2013 2 d.d.","og_url":"https:\/\/1dronas.lt\/en\/produktas\/akumuliatorius-betafpv-lava-ii-3s-580mah-95c-xt30-2vnt\/","og_site_name":"1dronas.lt","article_publisher":"https:\/\/www.facebook.com\/1dronas\/","article_modified_time":"2026-03-27T12:26:44+00:00","og_image":[{"width":1080,"height":1080,"url":"https:\/\/1dronas.lt\/wp-content\/uploads\/2026\/02\/LAVA_II_3S_580mAh_Battery_1080x.jpg","type":"image\/jpeg"}],"twitter_card":"summary_large_image","twitter_misc":{"Est. reading time":"4 minutes"},"schema":{"@context":"https:\/\/schema.org","@graph":[{"@type":"WebPage","@id":"https:\/\/1dronas.lt\/en\/produktas\/akumuliatorius-betafpv-lava-ii-3s-580mah-95c-xt30-2vnt\/","url":"https:\/\/1dronas.lt\/en\/produktas\/akumuliatorius-betafpv-lava-ii-3s-580mah-95c-xt30-2vnt\/","name":"Akumuliatorius BETAFPV LAVA II 3S 580mAh 95C \u2013 XT30 (2vnt) - 1dronas.lt","isPartOf":{"@id":"https:\/\/1dronas.lt\/en\/#website"},"primaryImageOfPage":{"@id":"https:\/\/1dronas.lt\/en\/produktas\/akumuliatorius-betafpv-lava-ii-3s-580mah-95c-xt30-2vnt\/#primaryimage"},"image":{"@id":"https:\/\/1dronas.lt\/en\/produktas\/akumuliatorius-betafpv-lava-ii-3s-580mah-95c-xt30-2vnt\/#primaryimage"},"thumbnailUrl":"https:\/\/1dronas.lt\/wp-content\/uploads\/2026\/02\/LAVA_II_3S_580mAh_Battery_1080x.jpg","datePublished":"2026-02-21T14:41:22+00:00","dateModified":"2026-03-27T12:26:44+00:00","breadcrumb":{"@id":"https:\/\/1dronas.lt\/en\/produktas\/akumuliatorius-betafpv-lava-ii-3s-580mah-95c-xt30-2vnt\/#breadcrumb"},"inLanguage":"en-US","potentialAction":[{"@type":"ReadAction","target":["https:\/\/1dronas.lt\/en\/produktas\/akumuliatorius-betafpv-lava-ii-3s-580mah-95c-xt30-2vnt\/"]}]},{"@type":"ImageObject","inLanguage":"en-US","@id":"https:\/\/1dronas.lt\/en\/produktas\/akumuliatorius-betafpv-lava-ii-3s-580mah-95c-xt30-2vnt\/#primaryimage","url":"https:\/\/1dronas.lt\/wp-content\/uploads\/2026\/02\/LAVA_II_3S_580mAh_Battery_1080x.jpg","contentUrl":"https:\/\/1dronas.lt\/wp-content\/uploads\/2026\/02\/LAVA_II_3S_580mAh_Battery_1080x.jpg","width":1080,"height":1080},{"@type":"BreadcrumbList","@id":"https:\/\/1dronas.lt\/en\/produktas\/akumuliatorius-betafpv-lava-ii-3s-580mah-95c-xt30-2vnt\/#breadcrumb","itemListElement":[{"@type":"ListItem","position":1,"name":"Home","item":"https:\/\/1dronas.lt\/"},{"@type":"ListItem","position":2,"name":"Parduotuv\u0117","item":"https:\/\/1dronas.lt\/parduotuve\/"},{"@type":"ListItem","position":3,"name":"Akumuliatorius BETAFPV LAVA II 3S 580mAh 95C \u2013 XT30 (2vnt)"}]},{"@type":"WebSite","@id":"https:\/\/1dronas.lt\/en\/#website","url":"https:\/\/1dronas.lt\/en\/","name":"1dronas.lt","description":"Online store","publisher":{"@id":"https:\/\/1dronas.lt\/en\/#organization"},"potentialAction":[{"@type":"SearchAction","target":{"@type":"EntryPoint","urlTemplate":"https:\/\/1dronas.lt\/en\/?s={search_term_string}"},"query-input":{"@type":"PropertyValueSpecification","valueRequired":true,"valueName":"search_term_string"}}],"inLanguage":"en-US"},{"@type":"Organization","@id":"https:\/\/1dronas.lt\/en\/#organization","name":"1dronas.lt","url":"https:\/\/1dronas.lt\/en\/","logo":{"@type":"ImageObject","inLanguage":"en-US","@id":"https:\/\/1dronas.lt\/en\/#\/schema\/logo\/image\/","url":"https:\/\/1dronas.lt\/wp-content\/uploads\/2020\/12\/Ekrano_kopija__2_-removebg-preview-1-1.png","contentUrl":"https:\/\/1dronas.lt\/wp-content\/uploads\/2020\/12\/Ekrano_kopija__2_-removebg-preview-1-1.png","width":234,"height":81,"caption":"1dronas.lt"},"image":{"@id":"https:\/\/1dronas.lt\/en\/#\/schema\/logo\/image\/"},"sameAs":["https:\/\/www.facebook.com\/1dronas\/"]}]}},"jetpack_sharing_enabled":true,"_links":{"self":[{"href":"https:\/\/1dronas.lt\/en\/wp-json\/wp\/v2\/product\/16874","targetHints":{"allow":["GET"]}}],"collection":[{"href":"https:\/\/1dronas.lt\/en\/wp-json\/wp\/v2\/product"}],"about":[{"href":"https:\/\/1dronas.lt\/en\/wp-json\/wp\/v2\/types\/product"}],"replies":[{"embeddable":true,"href":"https:\/\/1dronas.lt\/en\/wp-json\/wp\/v2\/comments?post=16874"}],"wp:featuredmedia":[{"embeddable":true,"href":"https:\/\/1dronas.lt\/en\/wp-json\/wp\/v2\/media\/16876"}],"wp:attachment":[{"href":"https:\/\/1dronas.lt\/en\/wp-json\/wp\/v2\/media?parent=16874"}],"wp:term":[{"taxonomy":"product_brand","embeddable":true,"href":"https:\/\/1dronas.lt\/en\/wp-json\/wp\/v2\/product_brand?post=16874"},{"taxonomy":"product_cat","embeddable":true,"href":"https:\/\/1dronas.lt\/en\/wp-json\/wp\/v2\/product_cat?post=16874"},{"taxonomy":"product_tag","embeddable":true,"href":"https:\/\/1dronas.lt\/en\/wp-json\/wp\/v2\/product_tag?post=16874"}],"curies":[{"name":"wp","href":"https:\/\/api.w.org\/{rel}","templated":true}]}}