{"id":16851,"date":"2026-02-21T15:05:33","date_gmt":"2026-02-21T13:05:33","guid":{"rendered":"https:\/\/1dronas.lt\/?post_type=product&#038;p=16851"},"modified":"2026-02-21T15:05:33","modified_gmt":"2026-02-21T13:05:33","slug":"betafpv-aquila20-varztu-rinkinys","status":"publish","type":"product","link":"https:\/\/1dronas.lt\/en\/produktas\/betafpv-aquila20-varztu-rinkinys\/","title":{"rendered":"BETAFPV Aquila20 Screw Set"},"content":{"rendered":"<p>Maintain peak performance with the original BETAFPV screw kits, designed specifically for drones from this manufacturer. Each kit contains precisely matched parts for the most important components - motors, frames, cameras and vibration damping systems. Forget about compatibility issues - these parts ensure perfect fit and durability for your Pavo, Air, Meteor, Cetus and Aquila series drones.<\/p>\n<p data-start=\"0\" data-end=\"28\"><strong data-start=\"0\" data-end=\"28\">Aquila20 screw set<\/strong><\/p>\n<p data-start=\"72\" data-end=\"744\" data-is-last-node=\"\" data-is-only-node=\"\">Compatible with: Aquila20<br \/>\n<b>\u2022\u00a0<\/b>H1.2 white vibration dampening pads: for vibration reduction for the Aquila20 flight controller (FC);<br data-start=\"173\" data-end=\"176\" \/><b>\u2022\u00a0<\/b>M2\u00d73 cross-head screws: for mounting the camera in the Aquila20 O4 version;<br data-start=\"263\" data-end=\"266\" \/><b>\u2022\u00a0<\/b>M2\u00d75 cross-head screws: for mounting the camera in the Aquila20 Analog\/HD version;<br data-start=\"360\" data-end=\"363\" \/><b>\u2022\u00a0<\/b>M1.4\u00d75 cross recessed self-tapping screws: for mounting the Aquila20 analog VTX;<br data-start=\"461\" data-end=\"464\" \/><b>\u2022\u00a0<\/b>M1.7\u00d78 cross recessed self-tapping screws: for fastening the bottom part of the Aquila20;<br data-start=\"563\" data-end=\"566\" \/><b>\u2022\u00a0<\/b>M1.2\u00d74 cross washer head self-tapping screws: FC and P1 for mounting VTX Aquila20;<br data-start=\"662\" data-end=\"665\" \/><b>\u2022\u00a0<\/b>M1.4\u00d73.5 cross-head flat head screws: for mounting Aquila20 motors.<\/p>\n<p data-start=\"72\" data-end=\"744\" data-is-last-node=\"\" data-is-only-node=\"\"><strong>Package:<\/strong><\/p>\n<p data-start=\"72\" data-end=\"744\" data-is-last-node=\"\" data-is-only-node=\"\">5x H1.2 white vibration-damping pads;<br data-start=\"75\" data-end=\"78\" \/>5x M2\u00d73 cross-head flat head screws;<br data-start=\"122\" data-end=\"125\" \/>5x M2\u00d75 cross-head flat head screws;<br data-start=\"169\" data-end=\"172\" \/>5x M1.4\u00d75 cross recessed self-tapping screws;<br data-start=\"233\" data-end=\"236\" \/>10x M1.7\u00d78 cross recessed self-tapping screws;<br data-start=\"298\" data-end=\"301\" \/>10x M1.2\u00d74 cross washer head self-tapping screws;<br data-start=\"363\" data-end=\"366\" \/>15x M1.4\u00d73.5 cross-head flat head screws.<\/p>","protected":false},"excerpt":{"rendered":"<p><span style=\"color: #333333;\">The kit includes precisely tailored parts for key components \u2013 engines, frames, chambers and vibration damping gaskets.<\/span><\/p>\n<p><span style=\"color: #333333;\"><strong><img loading=\"lazy\" decoding=\"async\" class=\"alignnone wp-image-1806\" src=\"https:\/\/1dronas.lt\/wp-content\/uploads\/2021\/05\/delivery-icon.png.webp\" alt=\"\" width=\"24\" height=\"24\" srcset=\"https:\/\/1dronas.lt\/wp-content\/uploads\/2021\/05\/delivery-icon.png 35w, https:\/\/1dronas.lt\/wp-content\/uploads\/2021\/05\/delivery-icon-12x12.png 12w\" sizes=\"auto, (max-width: 24px) 100vw, 24px\" \/>\u00a0\u00a0<span style=\"font-size: 90%;\">1 \u2013 2 days<\/span><\/strong><\/span><\/p>","protected":false},"featured_media":16854,"comment_status":"open","ping_status":"closed","template":"","meta":[],"product_brand":[489],"product_cat":[684],"product_tag":[1033,69,802,804,342,803],"class_list":{"0":"post-16851","1":"product","2":"type-product","3":"status-publish","4":"has-post-thumbnail","6":"product_brand-betafpv","7":"product_cat-sraigtai-tarpines","8":"product_tag-aquila20","9":"product_tag-betafpv","10":"product_tag-screws","11":"product_tag-sraigtai","12":"product_tag-tarpines","13":"product_tag-varztai","15":"first","16":"instock","17":"taxable","18":"shipping-taxable","19":"purchasable","20":"product-type-simple"},"yoast_head":"<!-- This site is optimized with the Yoast SEO plugin v27.3 - https:\/\/yoast.com\/product\/yoast-seo-wordpress\/ -->\n<title>BETAFPV Aquila20 var\u017et\u0173 rinkinys - 1dronas.lt<\/title>\n<meta name=\"robots\" content=\"index, follow, max-snippet:-1, max-image-preview:large, max-video-preview:-1\" \/>\n<link rel=\"canonical\" href=\"https:\/\/1dronas.lt\/en\/produktas\/betafpv-aquila20-varztu-rinkinys\/\" \/>\n<meta property=\"og:locale\" content=\"en_US\" \/>\n<meta property=\"og:type\" content=\"article\" \/>\n<meta property=\"og:title\" content=\"BETAFPV Aquila20 var\u017et\u0173 rinkinys - 1dronas.lt\" \/>\n<meta property=\"og:description\" content=\"Rinkinyje rasite tiksliai pritaikyt\u0173 dali\u0173, skirt\u0173 svarbiausiems mazgams \u2013 varikliams, r\u0117mams, kameroms ir vibracijos slopinimui skirt\u0173 tarpini\u0173.  \u00a0\u00a01 \u2013 2 d. d.\" \/>\n<meta property=\"og:url\" content=\"https:\/\/1dronas.lt\/en\/produktas\/betafpv-aquila20-varztu-rinkinys\/\" \/>\n<meta property=\"og:site_name\" content=\"1dronas.lt\" \/>\n<meta property=\"article:publisher\" content=\"https:\/\/www.facebook.com\/1dronas\/\" \/>\n<meta property=\"og:image\" content=\"https:\/\/1dronas.lt\/wp-content\/uploads\/2026\/02\/Aquila20_Screw_Pack_1080x.jpg\" \/>\n\t<meta property=\"og:image:width\" content=\"1080\" \/>\n\t<meta property=\"og:image:height\" content=\"1080\" \/>\n\t<meta property=\"og:image:type\" content=\"image\/jpeg\" \/>\n<meta name=\"twitter:card\" content=\"summary_large_image\" \/>\n<meta name=\"twitter:label1\" content=\"Est. reading time\" \/>\n\t<meta name=\"twitter:data1\" content=\"2 minutes\" \/>\n<script type=\"application\/ld+json\" class=\"yoast-schema-graph\">{\"@context\":\"https:\\\/\\\/schema.org\",\"@graph\":[{\"@type\":\"WebPage\",\"@id\":\"https:\\\/\\\/1dronas.lt\\\/en\\\/produktas\\\/betafpv-aquila20-varztu-rinkinys\\\/\",\"url\":\"https:\\\/\\\/1dronas.lt\\\/en\\\/produktas\\\/betafpv-aquila20-varztu-rinkinys\\\/\",\"name\":\"BETAFPV Aquila20 var\u017et\u0173 rinkinys - 1dronas.lt\",\"isPartOf\":{\"@id\":\"https:\\\/\\\/1dronas.lt\\\/en\\\/#website\"},\"primaryImageOfPage\":{\"@id\":\"https:\\\/\\\/1dronas.lt\\\/en\\\/produktas\\\/betafpv-aquila20-varztu-rinkinys\\\/#primaryimage\"},\"image\":{\"@id\":\"https:\\\/\\\/1dronas.lt\\\/en\\\/produktas\\\/betafpv-aquila20-varztu-rinkinys\\\/#primaryimage\"},\"thumbnailUrl\":\"https:\\\/\\\/1dronas.lt\\\/wp-content\\\/uploads\\\/2026\\\/02\\\/Aquila20_Screw_Pack_1080x.jpg\",\"datePublished\":\"2026-02-21T13:05:33+00:00\",\"breadcrumb\":{\"@id\":\"https:\\\/\\\/1dronas.lt\\\/en\\\/produktas\\\/betafpv-aquila20-varztu-rinkinys\\\/#breadcrumb\"},\"inLanguage\":\"en-US\",\"potentialAction\":[{\"@type\":\"ReadAction\",\"target\":[\"https:\\\/\\\/1dronas.lt\\\/en\\\/produktas\\\/betafpv-aquila20-varztu-rinkinys\\\/\"]}]},{\"@type\":\"ImageObject\",\"inLanguage\":\"en-US\",\"@id\":\"https:\\\/\\\/1dronas.lt\\\/en\\\/produktas\\\/betafpv-aquila20-varztu-rinkinys\\\/#primaryimage\",\"url\":\"https:\\\/\\\/1dronas.lt\\\/wp-content\\\/uploads\\\/2026\\\/02\\\/Aquila20_Screw_Pack_1080x.jpg\",\"contentUrl\":\"https:\\\/\\\/1dronas.lt\\\/wp-content\\\/uploads\\\/2026\\\/02\\\/Aquila20_Screw_Pack_1080x.jpg\",\"width\":1080,\"height\":1080},{\"@type\":\"BreadcrumbList\",\"@id\":\"https:\\\/\\\/1dronas.lt\\\/en\\\/produktas\\\/betafpv-aquila20-varztu-rinkinys\\\/#breadcrumb\",\"itemListElement\":[{\"@type\":\"ListItem\",\"position\":1,\"name\":\"Home\",\"item\":\"https:\\\/\\\/1dronas.lt\\\/\"},{\"@type\":\"ListItem\",\"position\":2,\"name\":\"Parduotuv\u0117\",\"item\":\"https:\\\/\\\/1dronas.lt\\\/parduotuve\\\/\"},{\"@type\":\"ListItem\",\"position\":3,\"name\":\"BETAFPV Aquila20 var\u017et\u0173 rinkinys\"}]},{\"@type\":\"WebSite\",\"@id\":\"https:\\\/\\\/1dronas.lt\\\/en\\\/#website\",\"url\":\"https:\\\/\\\/1dronas.lt\\\/en\\\/\",\"name\":\"1dronas.lt\",\"description\":\"Internetin\u0117 parduotuv\u0117\",\"publisher\":{\"@id\":\"https:\\\/\\\/1dronas.lt\\\/en\\\/#organization\"},\"potentialAction\":[{\"@type\":\"SearchAction\",\"target\":{\"@type\":\"EntryPoint\",\"urlTemplate\":\"https:\\\/\\\/1dronas.lt\\\/en\\\/?s={search_term_string}\"},\"query-input\":{\"@type\":\"PropertyValueSpecification\",\"valueRequired\":true,\"valueName\":\"search_term_string\"}}],\"inLanguage\":\"en-US\"},{\"@type\":\"Organization\",\"@id\":\"https:\\\/\\\/1dronas.lt\\\/en\\\/#organization\",\"name\":\"1dronas.lt\",\"url\":\"https:\\\/\\\/1dronas.lt\\\/en\\\/\",\"logo\":{\"@type\":\"ImageObject\",\"inLanguage\":\"en-US\",\"@id\":\"https:\\\/\\\/1dronas.lt\\\/en\\\/#\\\/schema\\\/logo\\\/image\\\/\",\"url\":\"https:\\\/\\\/1dronas.lt\\\/wp-content\\\/uploads\\\/2020\\\/12\\\/Ekrano_kopija__2_-removebg-preview-1-1.png\",\"contentUrl\":\"https:\\\/\\\/1dronas.lt\\\/wp-content\\\/uploads\\\/2020\\\/12\\\/Ekrano_kopija__2_-removebg-preview-1-1.png\",\"width\":234,\"height\":81,\"caption\":\"1dronas.lt\"},\"image\":{\"@id\":\"https:\\\/\\\/1dronas.lt\\\/en\\\/#\\\/schema\\\/logo\\\/image\\\/\"},\"sameAs\":[\"https:\\\/\\\/www.facebook.com\\\/1dronas\\\/\"]}]}<\/script>\n<!-- \/ Yoast SEO plugin. -->","yoast_head_json":{"title":"BETAFPV Aquila20 var\u017et\u0173 rinkinys - 1dronas.lt","robots":{"index":"index","follow":"follow","max-snippet":"max-snippet:-1","max-image-preview":"max-image-preview:large","max-video-preview":"max-video-preview:-1"},"canonical":"https:\/\/1dronas.lt\/en\/produktas\/betafpv-aquila20-varztu-rinkinys\/","og_locale":"en_US","og_type":"article","og_title":"BETAFPV Aquila20 var\u017et\u0173 rinkinys - 1dronas.lt","og_description":"Rinkinyje rasite tiksliai pritaikyt\u0173 dali\u0173, skirt\u0173 svarbiausiems mazgams \u2013 varikliams, r\u0117mams, kameroms ir vibracijos slopinimui skirt\u0173 tarpini\u0173.  \u00a0\u00a01 \u2013 2 d. d.","og_url":"https:\/\/1dronas.lt\/en\/produktas\/betafpv-aquila20-varztu-rinkinys\/","og_site_name":"1dronas.lt","article_publisher":"https:\/\/www.facebook.com\/1dronas\/","og_image":[{"width":1080,"height":1080,"url":"https:\/\/1dronas.lt\/wp-content\/uploads\/2026\/02\/Aquila20_Screw_Pack_1080x.jpg","type":"image\/jpeg"}],"twitter_card":"summary_large_image","twitter_misc":{"Est. reading time":"2 minutes"},"schema":{"@context":"https:\/\/schema.org","@graph":[{"@type":"WebPage","@id":"https:\/\/1dronas.lt\/en\/produktas\/betafpv-aquila20-varztu-rinkinys\/","url":"https:\/\/1dronas.lt\/en\/produktas\/betafpv-aquila20-varztu-rinkinys\/","name":"BETAFPV Aquila20 var\u017et\u0173 rinkinys - 1dronas.lt","isPartOf":{"@id":"https:\/\/1dronas.lt\/en\/#website"},"primaryImageOfPage":{"@id":"https:\/\/1dronas.lt\/en\/produktas\/betafpv-aquila20-varztu-rinkinys\/#primaryimage"},"image":{"@id":"https:\/\/1dronas.lt\/en\/produktas\/betafpv-aquila20-varztu-rinkinys\/#primaryimage"},"thumbnailUrl":"https:\/\/1dronas.lt\/wp-content\/uploads\/2026\/02\/Aquila20_Screw_Pack_1080x.jpg","datePublished":"2026-02-21T13:05:33+00:00","breadcrumb":{"@id":"https:\/\/1dronas.lt\/en\/produktas\/betafpv-aquila20-varztu-rinkinys\/#breadcrumb"},"inLanguage":"en-US","potentialAction":[{"@type":"ReadAction","target":["https:\/\/1dronas.lt\/en\/produktas\/betafpv-aquila20-varztu-rinkinys\/"]}]},{"@type":"ImageObject","inLanguage":"en-US","@id":"https:\/\/1dronas.lt\/en\/produktas\/betafpv-aquila20-varztu-rinkinys\/#primaryimage","url":"https:\/\/1dronas.lt\/wp-content\/uploads\/2026\/02\/Aquila20_Screw_Pack_1080x.jpg","contentUrl":"https:\/\/1dronas.lt\/wp-content\/uploads\/2026\/02\/Aquila20_Screw_Pack_1080x.jpg","width":1080,"height":1080},{"@type":"BreadcrumbList","@id":"https:\/\/1dronas.lt\/en\/produktas\/betafpv-aquila20-varztu-rinkinys\/#breadcrumb","itemListElement":[{"@type":"ListItem","position":1,"name":"Home","item":"https:\/\/1dronas.lt\/"},{"@type":"ListItem","position":2,"name":"Parduotuv\u0117","item":"https:\/\/1dronas.lt\/parduotuve\/"},{"@type":"ListItem","position":3,"name":"BETAFPV Aquila20 var\u017et\u0173 rinkinys"}]},{"@type":"WebSite","@id":"https:\/\/1dronas.lt\/en\/#website","url":"https:\/\/1dronas.lt\/en\/","name":"1dronas.lt","description":"Online store","publisher":{"@id":"https:\/\/1dronas.lt\/en\/#organization"},"potentialAction":[{"@type":"SearchAction","target":{"@type":"EntryPoint","urlTemplate":"https:\/\/1dronas.lt\/en\/?s={search_term_string}"},"query-input":{"@type":"PropertyValueSpecification","valueRequired":true,"valueName":"search_term_string"}}],"inLanguage":"en-US"},{"@type":"Organization","@id":"https:\/\/1dronas.lt\/en\/#organization","name":"1dronas.lt","url":"https:\/\/1dronas.lt\/en\/","logo":{"@type":"ImageObject","inLanguage":"en-US","@id":"https:\/\/1dronas.lt\/en\/#\/schema\/logo\/image\/","url":"https:\/\/1dronas.lt\/wp-content\/uploads\/2020\/12\/Ekrano_kopija__2_-removebg-preview-1-1.png","contentUrl":"https:\/\/1dronas.lt\/wp-content\/uploads\/2020\/12\/Ekrano_kopija__2_-removebg-preview-1-1.png","width":234,"height":81,"caption":"1dronas.lt"},"image":{"@id":"https:\/\/1dronas.lt\/en\/#\/schema\/logo\/image\/"},"sameAs":["https:\/\/www.facebook.com\/1dronas\/"]}]}},"jetpack_sharing_enabled":true,"_links":{"self":[{"href":"https:\/\/1dronas.lt\/en\/wp-json\/wp\/v2\/product\/16851","targetHints":{"allow":["GET"]}}],"collection":[{"href":"https:\/\/1dronas.lt\/en\/wp-json\/wp\/v2\/product"}],"about":[{"href":"https:\/\/1dronas.lt\/en\/wp-json\/wp\/v2\/types\/product"}],"replies":[{"embeddable":true,"href":"https:\/\/1dronas.lt\/en\/wp-json\/wp\/v2\/comments?post=16851"}],"wp:featuredmedia":[{"embeddable":true,"href":"https:\/\/1dronas.lt\/en\/wp-json\/wp\/v2\/media\/16854"}],"wp:attachment":[{"href":"https:\/\/1dronas.lt\/en\/wp-json\/wp\/v2\/media?parent=16851"}],"wp:term":[{"taxonomy":"product_brand","embeddable":true,"href":"https:\/\/1dronas.lt\/en\/wp-json\/wp\/v2\/product_brand?post=16851"},{"taxonomy":"product_cat","embeddable":true,"href":"https:\/\/1dronas.lt\/en\/wp-json\/wp\/v2\/product_cat?post=16851"},{"taxonomy":"product_tag","embeddable":true,"href":"https:\/\/1dronas.lt\/en\/wp-json\/wp\/v2\/product_tag?post=16851"}],"curies":[{"name":"wp","href":"https:\/\/api.w.org\/{rel}","templated":true}]}}