{"id":16835,"date":"2026-02-21T14:46:43","date_gmt":"2026-02-21T12:46:43","guid":{"rendered":"https:\/\/1dronas.lt\/?post_type=product&#038;p=16835"},"modified":"2026-03-31T17:42:35","modified_gmt":"2026-03-31T14:42:35","slug":"betafpv-p1-air-unit-hd-vtx","status":"publish","type":"product","link":"https:\/\/1dronas.lt\/en\/produktas\/betafpv-p1-air-unit-hd-vtx\/","title":{"rendered":"BETAFPV P1 Air Unit HD VTX"},"content":{"rendered":"<p>The P1 Air Unit HD VTX (ArtLynk ecosystem) transmits 1080p@60fps live video with ~60ms latency and a range of over 5km. The 1\/2.9\u201e CMOS sensor and 170\u00b0 field of view ensure detailed, immersive images, while the extremely stable, interference-resistant connection allows for reliable flying in both nature and the city.<\/p>\n<p><img loading=\"lazy\" decoding=\"async\" class=\"alignnone wp-image-16842 size-full\" src=\"https:\/\/1dronas.lt\/wp-content\/uploads\/2026\/02\/P1_Air_Unit_HD_VTX.jpg\" alt=\"\" width=\"1600\" height=\"899\" srcset=\"https:\/\/1dronas.lt\/wp-content\/uploads\/2026\/02\/P1_Air_Unit_HD_VTX.jpg 1600w, https:\/\/1dronas.lt\/wp-content\/uploads\/2026\/02\/P1_Air_Unit_HD_VTX-300x169.jpg 300w, https:\/\/1dronas.lt\/wp-content\/uploads\/2026\/02\/P1_Air_Unit_HD_VTX-1024x575.jpg 1024w, https:\/\/1dronas.lt\/wp-content\/uploads\/2026\/02\/P1_Air_Unit_HD_VTX-768x432.jpg 768w, https:\/\/1dronas.lt\/wp-content\/uploads\/2026\/02\/P1_Air_Unit_HD_VTX-1536x863.jpg 1536w, https:\/\/1dronas.lt\/wp-content\/uploads\/2026\/02\/P1_Air_Unit_HD_VTX-18x10.jpg 18w, https:\/\/1dronas.lt\/wp-content\/uploads\/2026\/02\/P1_Air_Unit_HD_VTX-510x287.jpg 510w\" sizes=\"auto, (max-width: 1600px) 100vw, 1600px\" \/><\/p>\n<p><strong>Features:<\/strong><\/p>\n<p>\u2022 ArtLynk protocol: a low-latency, long-range drone communication protocol with better stability and operating distance than traditional analog VTXs;<br data-start=\"162\" data-end=\"165\" \/>\u2022 Lightweight and affordable HD solution weighing only 6.8 g;<br data-start=\"258\" data-end=\"261\" \/>\u2022 Reliable video transmission: smooth image with ~60 ms latency and over 5 km range;<br data-start=\"356\" data-end=\"359\" \/>\u2022 Wide-angle 1080p quality: 1\/2.9\u201d CMOS sensor and 170\u00b0 viewing angle ensure a sharp, immersive image;<br data-start=\"481\" data-end=\"484\" \/>\u2022 Plug-and-Play Compatibility: Standard 6-pin connector works seamlessly with Betaflight and BETAFPV flight controllers.<\/p>\n<p><strong>Specification:<\/strong><\/p>\n<p data-start=\"0\" data-end=\"12\">Air Unit<\/p>\n<p data-start=\"14\" data-end=\"121\">\u2022 Weight: without camera: 3.61 g. \/ with camera: 6.5 g. \/ Antenna: 0.44 g;<br \/>\n\u2022 Mounting hole size: 25.5 x 25.5 mm;<br data-start=\"166\" data-end=\"169\" \/>\u2022 Diameter of mounting holes: \u00f8 2.5 mm;<br \/>\n\u2022 Dimensions (L x W x H): Air Unit: 30 x 30 x 5.5 mm \/ Camera: 14 x 14 x 17 mm;<br \/>\n\u2022 Connectors: SH 1.0 6-pin (FC) \/ SH 1.0 4-pin (USB);<\/p>\n<p data-start=\"363\" data-end=\"370\">VTX<\/p>\n<p data-start=\"372\" data-end=\"684\">\u2022 Frequency: 5.1-5.9 GHz;<br data-start=\"395\" data-end=\"398\" \/>\u2022 Radiated power (EIRP): &lt;200 mW (FCC\/SRRC), &lt;25 mW (CE);<br data-start=\"484\" data-end=\"487\" \/>\u2022 Video transmission distance: &gt;5 km;<br data-start=\"523\" data-end=\"526\" \/>\u2022 Video transmission delay: about 60 ms;<br data-start=\"564\" data-end=\"567\" \/>\u2022 Live video quality: 1080p@60fps;<br data-start=\"609\" data-end=\"612\" \/>\u2022 Bandwidth: 10 MHz;<br data-start=\"638\" data-end=\"641\" \/>\u2022 Antenna: single antenna;<br data-start=\"665\" data-end=\"668\" \/>\u2022 Channels: 3.<\/p>\n<p data-start=\"686\" data-end=\"696\">Camera<\/p>\n<p data-start=\"698\" data-end=\"915\">\u2022 Mounting width: 14 mm;<br data-start=\"726\" data-end=\"729\" \/>\u2022 Mounting holes: M2;<br data-start=\"754\" data-end=\"757\" \/>\u2022 Image sensor: 1\/2.9\u201d CMOS;<br data-start=\"790\" data-end=\"793\" \/>\u2022 Lens: 170\u00b0 field of view (FOV);<br data-start=\"833\" data-end=\"836\" \/>\u2022 Video format: MP4;<br data-start=\"860\" data-end=\"863\" \/>\u2022 Maximum video transfer speed: 20 Mbps;<br \/>\n\u2022 OSD: Canvas mode.<\/p>\n<p data-start=\"944\" data-end=\"976\">Software<\/p>\n<p data-start=\"978\" data-end=\"1048\">\u2022 Input voltage: 5 V<br data-start=\"1000\" data-end=\"1003\" \/>\u2022 Operating temperature: -10\u2103 to 40\u2103.<\/p>\n<p data-start=\"978\" data-end=\"1048\"><strong>Measurements:<\/strong><\/p>\n<p data-start=\"978\" data-end=\"1048\"><img loading=\"lazy\" decoding=\"async\" class=\"alignnone wp-image-16840 size-large\" src=\"https:\/\/1dronas.lt\/wp-content\/uploads\/2026\/02\/P1_Air_Unit_Dimensions-e1771675067309-1024x463.jpg\" alt=\"\" width=\"1020\" height=\"461\" srcset=\"https:\/\/1dronas.lt\/wp-content\/uploads\/2026\/02\/P1_Air_Unit_Dimensions-e1771675067309-1024x463.jpg 1024w, https:\/\/1dronas.lt\/wp-content\/uploads\/2026\/02\/P1_Air_Unit_Dimensions-e1771675067309-300x136.jpg 300w, https:\/\/1dronas.lt\/wp-content\/uploads\/2026\/02\/P1_Air_Unit_Dimensions-e1771675067309-768x347.jpg 768w, https:\/\/1dronas.lt\/wp-content\/uploads\/2026\/02\/P1_Air_Unit_Dimensions-e1771675067309-1536x694.jpg 1536w, https:\/\/1dronas.lt\/wp-content\/uploads\/2026\/02\/P1_Air_Unit_Dimensions-e1771675067309-18x8.jpg 18w, https:\/\/1dronas.lt\/wp-content\/uploads\/2026\/02\/P1_Air_Unit_Dimensions-e1771675067309-510x230.jpg 510w, https:\/\/1dronas.lt\/wp-content\/uploads\/2026\/02\/P1_Air_Unit_Dimensions-e1771675067309.jpg 1600w\" sizes=\"auto, (max-width: 1020px) 100vw, 1020px\" \/><\/p>\n<p data-start=\"978\" data-end=\"1048\">The P1 Air Unit delivers reliable and clear video transmission with a maximum output power of 200mW and a range of over 5km*. Low latency means you can enjoy a stable, interference-free view, so you can fly further and explore with confidence. Standby mode automatically adjusts power based on the distance between your goggles and the drone, maintaining a live view even if the drone falls.<\/p>\n<p data-start=\"978\" data-end=\"1048\"><img loading=\"lazy\" decoding=\"async\" class=\"alignnone wp-image-16846 size-full\" src=\"https:\/\/1dronas.lt\/wp-content\/uploads\/2026\/02\/P1_Air_Unit_transmission_range_5km.jpg\" alt=\"\" width=\"1600\" height=\"899\" srcset=\"https:\/\/1dronas.lt\/wp-content\/uploads\/2026\/02\/P1_Air_Unit_transmission_range_5km.jpg 1600w, https:\/\/1dronas.lt\/wp-content\/uploads\/2026\/02\/P1_Air_Unit_transmission_range_5km-300x169.jpg 300w, https:\/\/1dronas.lt\/wp-content\/uploads\/2026\/02\/P1_Air_Unit_transmission_range_5km-1024x575.jpg 1024w, https:\/\/1dronas.lt\/wp-content\/uploads\/2026\/02\/P1_Air_Unit_transmission_range_5km-768x432.jpg 768w, https:\/\/1dronas.lt\/wp-content\/uploads\/2026\/02\/P1_Air_Unit_transmission_range_5km-1536x863.jpg 1536w, https:\/\/1dronas.lt\/wp-content\/uploads\/2026\/02\/P1_Air_Unit_transmission_range_5km-18x10.jpg 18w, https:\/\/1dronas.lt\/wp-content\/uploads\/2026\/02\/P1_Air_Unit_transmission_range_5km-510x287.jpg 510w\" sizes=\"auto, (max-width: 1600px) 100vw, 1600px\" \/><\/p>\n<p data-start=\"978\" data-end=\"1048\">* Real-world tests in open areas using 200mW power have shown a transmission distance of over 5km. Actual range may vary depending on environment and interference.<\/p>\n<p><iframe loading=\"lazy\" title=\"BETAFPV P1 Air Unit HD VTX | Flight Test Over 5KM\" width=\"1020\" height=\"574\" src=\"https:\/\/www.youtube.com\/embed\/1NE93wp63pM?feature=oembed\" frameborder=\"0\" allow=\"accelerometer; autoplay; clipboard-write; encrypted-media; gyroscope; picture-in-picture; web-share\" referrerpolicy=\"strict-origin-when-cross-origin\" allowfullscreen><\/iframe><\/p>\n<p>Weighing just 6.5g (without antenna), the P1 Air Unit is a compact and budget-friendly HD video solution, so you can build your ideal HD whoop without sacrificing quality or functionality.<\/p>\n<p><img loading=\"lazy\" decoding=\"async\" class=\"alignnone wp-image-16847 size-full\" src=\"https:\/\/1dronas.lt\/wp-content\/uploads\/2026\/02\/P1_Air_Unit_weight_6.5g.jpg\" alt=\"\" width=\"1600\" height=\"899\" srcset=\"https:\/\/1dronas.lt\/wp-content\/uploads\/2026\/02\/P1_Air_Unit_weight_6.5g.jpg 1600w, https:\/\/1dronas.lt\/wp-content\/uploads\/2026\/02\/P1_Air_Unit_weight_6.5g-300x169.jpg 300w, https:\/\/1dronas.lt\/wp-content\/uploads\/2026\/02\/P1_Air_Unit_weight_6.5g-1024x575.jpg 1024w, https:\/\/1dronas.lt\/wp-content\/uploads\/2026\/02\/P1_Air_Unit_weight_6.5g-768x432.jpg 768w, https:\/\/1dronas.lt\/wp-content\/uploads\/2026\/02\/P1_Air_Unit_weight_6.5g-1536x863.jpg 1536w, https:\/\/1dronas.lt\/wp-content\/uploads\/2026\/02\/P1_Air_Unit_weight_6.5g-18x10.jpg 18w, https:\/\/1dronas.lt\/wp-content\/uploads\/2026\/02\/P1_Air_Unit_weight_6.5g-510x287.jpg 510w\" sizes=\"auto, (max-width: 1600px) 100vw, 1600px\" \/><\/p>\n<p>The P1 Air Unit has a standard SH1.0 6-pin connector and uses the MSP communication protocol for OSD function, making it easily and seamlessly compatible with Betaflight and BETAFPV flight controllers.<\/p>\n<p><img loading=\"lazy\" decoding=\"async\" class=\"alignnone wp-image-16837 size-full\" src=\"https:\/\/1dronas.lt\/wp-content\/uploads\/2026\/02\/P1_Air_Unit_-_Standard_Fit_and_Protocol.jpg\" alt=\"\" width=\"1600\" height=\"900\" srcset=\"https:\/\/1dronas.lt\/wp-content\/uploads\/2026\/02\/P1_Air_Unit_-_Standard_Fit_and_Protocol.jpg 1600w, https:\/\/1dronas.lt\/wp-content\/uploads\/2026\/02\/P1_Air_Unit_-_Standard_Fit_and_Protocol-300x169.jpg 300w, https:\/\/1dronas.lt\/wp-content\/uploads\/2026\/02\/P1_Air_Unit_-_Standard_Fit_and_Protocol-1024x576.jpg 1024w, https:\/\/1dronas.lt\/wp-content\/uploads\/2026\/02\/P1_Air_Unit_-_Standard_Fit_and_Protocol-768x432.jpg 768w, https:\/\/1dronas.lt\/wp-content\/uploads\/2026\/02\/P1_Air_Unit_-_Standard_Fit_and_Protocol-1536x864.jpg 1536w, https:\/\/1dronas.lt\/wp-content\/uploads\/2026\/02\/P1_Air_Unit_-_Standard_Fit_and_Protocol-18x10.jpg 18w, https:\/\/1dronas.lt\/wp-content\/uploads\/2026\/02\/P1_Air_Unit_-_Standard_Fit_and_Protocol-510x287.jpg 510w\" sizes=\"auto, (max-width: 1600px) 100vw, 1600px\" \/><\/p>\n<p data-start=\"78\" data-end=\"357\"><strong>Learn more about the ArtLynk protocol<\/strong><\/p>\n<p data-start=\"122\" data-end=\"258\">ArtLynk is a low-latency, long-range digital FPV protocol for drones, offering a more stable connection than analog VTX. It transmits HD video in real time (~60ms latency), ensuring smooth control and a clear FPV image.<\/p>\n<p data-start=\"260\" data-end=\"372\"><strong>Features:<\/strong><\/p>\n<p data-start=\"409\" data-end=\"566\">\u2022 Artosyn inside + KAP support \u2013 Uses the AR803X chip, with KAP technology support, ensuring compatibility between various FPV devices;<br \/>\n\u2022 Open ecosystem \u2013 ArtLynk is not a single company system \u2013 it is used by many FPV manufacturers, so you can choose from a wide range of compatible products;<br \/>\n\u2022 Wide Compatibility \u2013 Works with VR04 HD, Aquila20 HD, Meteor75 Pro P1, etc.<\/p>\n<p data-start=\"409\" data-end=\"566\"><img loading=\"lazy\" decoding=\"async\" class=\"alignnone wp-image-16172 size-full\" src=\"https:\/\/1dronas.lt\/wp-content\/uploads\/2026\/02\/ArtLynk_Protocol.jpg\" alt=\"\" width=\"1600\" height=\"900\" srcset=\"https:\/\/1dronas.lt\/wp-content\/uploads\/2026\/02\/ArtLynk_Protocol.jpg 1600w, https:\/\/1dronas.lt\/wp-content\/uploads\/2026\/02\/ArtLynk_Protocol-300x169.jpg 300w, https:\/\/1dronas.lt\/wp-content\/uploads\/2026\/02\/ArtLynk_Protocol-1024x576.jpg 1024w, https:\/\/1dronas.lt\/wp-content\/uploads\/2026\/02\/ArtLynk_Protocol-768x432.jpg 768w, https:\/\/1dronas.lt\/wp-content\/uploads\/2026\/02\/ArtLynk_Protocol-1536x864.jpg 1536w, https:\/\/1dronas.lt\/wp-content\/uploads\/2026\/02\/ArtLynk_Protocol-18x10.jpg 18w, https:\/\/1dronas.lt\/wp-content\/uploads\/2026\/02\/ArtLynk_Protocol-510x287.jpg 510w\" sizes=\"auto, (max-width: 1600px) 100vw, 1600px\" \/><\/p>\n<p data-start=\"409\" data-end=\"566\"><a href=\"https:\/\/support.betafpv.com\/hc\/en-us\/articles\/53202850073497-Firmware-for-P1-Air-Unit-HD-VTX\">P1 Air Unit software<\/a><\/p>\n<p data-start=\"409\" data-end=\"566\"><strong>Package:<\/strong><\/p>\n<p data-start=\"409\" data-end=\"566\">1x P1 Air Unit HD VTX;<br data-start=\"22\" data-end=\"25\" \/>1x 6-pin cable;<br data-start=\"47\" data-end=\"50\" \/>1x accessory kit (4 \u00d7 vibration-damping balls, 2 \u00d7 M2-4 screws, 4 \u00d7 M2-6 screws);<br data-start=\"145\" data-end=\"148\" \/>1x user manual.<\/p>\n<p data-start=\"409\" data-end=\"566\"><img loading=\"lazy\" decoding=\"async\" class=\"alignnone wp-image-16843 size-full\" src=\"https:\/\/1dronas.lt\/wp-content\/uploads\/2026\/02\/P1_Air_Unit_package_600x600.jpg\" alt=\"\" width=\"600\" height=\"600\" srcset=\"https:\/\/1dronas.lt\/wp-content\/uploads\/2026\/02\/P1_Air_Unit_package_600x600.jpg 600w, https:\/\/1dronas.lt\/wp-content\/uploads\/2026\/02\/P1_Air_Unit_package_600x600-300x300.jpg 300w, https:\/\/1dronas.lt\/wp-content\/uploads\/2026\/02\/P1_Air_Unit_package_600x600-150x150.jpg 150w, https:\/\/1dronas.lt\/wp-content\/uploads\/2026\/02\/P1_Air_Unit_package_600x600-12x12.jpg 12w, https:\/\/1dronas.lt\/wp-content\/uploads\/2026\/02\/P1_Air_Unit_package_600x600-247x247.jpg 247w, https:\/\/1dronas.lt\/wp-content\/uploads\/2026\/02\/P1_Air_Unit_package_600x600-510x510.jpg 510w, https:\/\/1dronas.lt\/wp-content\/uploads\/2026\/02\/P1_Air_Unit_package_600x600-100x100.jpg 100w\" sizes=\"auto, (max-width: 600px) 100vw, 600px\" \/><\/p>\n<p data-start=\"409\" data-end=\"566\"><strong>Diagram \/ Connection:<\/strong><\/p>\n<p data-start=\"409\" data-end=\"566\"><img loading=\"lazy\" decoding=\"async\" class=\"alignnone wp-image-16844 size-full\" src=\"https:\/\/1dronas.lt\/wp-content\/uploads\/2026\/02\/P1_Air_Unit_pin_diagram_600x600.jpg\" alt=\"\" width=\"600\" height=\"513\" srcset=\"https:\/\/1dronas.lt\/wp-content\/uploads\/2026\/02\/P1_Air_Unit_pin_diagram_600x600.jpg 600w, https:\/\/1dronas.lt\/wp-content\/uploads\/2026\/02\/P1_Air_Unit_pin_diagram_600x600-300x257.jpg 300w, https:\/\/1dronas.lt\/wp-content\/uploads\/2026\/02\/P1_Air_Unit_pin_diagram_600x600-14x12.jpg 14w, https:\/\/1dronas.lt\/wp-content\/uploads\/2026\/02\/P1_Air_Unit_pin_diagram_600x600-510x436.jpg 510w\" sizes=\"auto, (max-width: 600px) 100vw, 600px\" \/> <img loading=\"lazy\" decoding=\"async\" class=\"alignnone wp-image-16839 size-full\" src=\"https:\/\/1dronas.lt\/wp-content\/uploads\/2026\/02\/P1_Air_Unit_diagram-e1771675045595.jpg\" alt=\"\" width=\"1600\" height=\"660\" srcset=\"https:\/\/1dronas.lt\/wp-content\/uploads\/2026\/02\/P1_Air_Unit_diagram-e1771675045595.jpg 1600w, https:\/\/1dronas.lt\/wp-content\/uploads\/2026\/02\/P1_Air_Unit_diagram-e1771675045595-300x124.jpg 300w, https:\/\/1dronas.lt\/wp-content\/uploads\/2026\/02\/P1_Air_Unit_diagram-e1771675045595-1024x422.jpg 1024w, https:\/\/1dronas.lt\/wp-content\/uploads\/2026\/02\/P1_Air_Unit_diagram-e1771675045595-768x317.jpg 768w, https:\/\/1dronas.lt\/wp-content\/uploads\/2026\/02\/P1_Air_Unit_diagram-e1771675045595-1536x634.jpg 1536w, https:\/\/1dronas.lt\/wp-content\/uploads\/2026\/02\/P1_Air_Unit_diagram-e1771675045595-18x7.jpg 18w, https:\/\/1dronas.lt\/wp-content\/uploads\/2026\/02\/P1_Air_Unit_diagram-e1771675045595-510x210.jpg 510w\" sizes=\"auto, (max-width: 1600px) 100vw, 1600px\" \/><\/p>\n<p>&nbsp;<\/p>\n<p>&nbsp;<\/p>","protected":false},"excerpt":{"rendered":"<p><span style=\"color: #333333;\"> The P1 Air Unit HD VTX is a lightweight, compact, and Betaflight-compatible digital drone video transmitter that transmits 1080p@60fps video with ~60 ms latency and a range of over 5 km, ensuring stable and high-quality flight video.<\/span><\/p>\n<p><span style=\"color: #333333;\"><strong><img loading=\"lazy\" decoding=\"async\" class=\"alignnone wp-image-1806\" src=\"https:\/\/1dronas.lt\/wp-content\/uploads\/2021\/05\/delivery-icon.png.webp\" alt=\"\" width=\"24\" height=\"24\" srcset=\"https:\/\/1dronas.lt\/wp-content\/uploads\/2021\/05\/delivery-icon.png 35w, https:\/\/1dronas.lt\/wp-content\/uploads\/2021\/05\/delivery-icon-12x12.png 12w\" sizes=\"auto, (max-width: 24px) 100vw, 24px\" \/><span style=\"font-size: 90%;\">\u00a01 \u2013 2 days<\/span><\/strong><\/span><\/p>","protected":false},"featured_media":16838,"comment_status":"open","ping_status":"closed","template":"","meta":[],"product_brand":[489],"product_cat":[218],"product_tag":[69,43,1158,170],"class_list":{"0":"post-16835","1":"product","2":"type-product","3":"status-publish","4":"has-post-thumbnail","6":"product_brand-betafpv","7":"product_cat-vaizdo-siustuvai-vtx","8":"product_tag-betafpv","9":"product_tag-hd","10":"product_tag-p1-air-unit","11":"product_tag-vtx","13":"first","14":"instock","15":"taxable","16":"shipping-taxable","17":"purchasable","18":"product-type-simple"},"yoast_head":"<!-- This site is optimized with the Yoast SEO plugin v27.3 - https:\/\/yoast.com\/product\/yoast-seo-wordpress\/ -->\n<title>BETAFPV P1 Air Unit HD VTX - 1dronas.lt<\/title>\n<meta name=\"robots\" content=\"index, follow, max-snippet:-1, max-image-preview:large, max-video-preview:-1\" \/>\n<link rel=\"canonical\" href=\"https:\/\/1dronas.lt\/en\/produktas\/betafpv-p1-air-unit-hd-vtx\/\" \/>\n<meta property=\"og:locale\" content=\"en_US\" \/>\n<meta property=\"og:type\" content=\"article\" \/>\n<meta property=\"og:title\" content=\"BETAFPV P1 Air Unit HD VTX - 1dronas.lt\" \/>\n<meta property=\"og:description\" content=\"P1 Air Unit HD VTX \u2013 tai lengvas, kompakti\u0161kas ir su \u201eBetaflight\u201c suderinamas skaitmeninis dron\u0173 vaizdo si\u0173stuvas, perduodantis 1080p@60fps vaizd\u0105 su ~60 ms delsa ir daugiau nei 5 km nuotoliu, u\u017etikrinantis stabil\u0173 ir auk\u0161tos kokyb\u0117s skryd\u017eio vaizd\u0105.  \u00a01 \u2013 2 d. d.\" \/>\n<meta property=\"og:url\" content=\"https:\/\/1dronas.lt\/en\/produktas\/betafpv-p1-air-unit-hd-vtx\/\" \/>\n<meta property=\"og:site_name\" content=\"1dronas.lt\" \/>\n<meta property=\"article:publisher\" content=\"https:\/\/www.facebook.com\/1dronas\/\" \/>\n<meta property=\"article:modified_time\" content=\"2026-03-31T14:42:35+00:00\" \/>\n<meta property=\"og:image\" content=\"https:\/\/1dronas.lt\/wp-content\/uploads\/2026\/02\/P1_Air_Unit_1080x.jpg\" \/>\n\t<meta property=\"og:image:width\" content=\"1080\" \/>\n\t<meta property=\"og:image:height\" content=\"1080\" \/>\n\t<meta property=\"og:image:type\" content=\"image\/jpeg\" \/>\n<meta name=\"twitter:card\" content=\"summary_large_image\" \/>\n<meta name=\"twitter:label1\" content=\"Est. reading time\" \/>\n\t<meta name=\"twitter:data1\" content=\"6 minutes\" \/>\n<script type=\"application\/ld+json\" class=\"yoast-schema-graph\">{\"@context\":\"https:\\\/\\\/schema.org\",\"@graph\":[{\"@type\":\"WebPage\",\"@id\":\"https:\\\/\\\/1dronas.lt\\\/en\\\/produktas\\\/betafpv-p1-air-unit-hd-vtx\\\/\",\"url\":\"https:\\\/\\\/1dronas.lt\\\/en\\\/produktas\\\/betafpv-p1-air-unit-hd-vtx\\\/\",\"name\":\"BETAFPV P1 Air Unit HD VTX - 1dronas.lt\",\"isPartOf\":{\"@id\":\"https:\\\/\\\/1dronas.lt\\\/en\\\/#website\"},\"primaryImageOfPage\":{\"@id\":\"https:\\\/\\\/1dronas.lt\\\/en\\\/produktas\\\/betafpv-p1-air-unit-hd-vtx\\\/#primaryimage\"},\"image\":{\"@id\":\"https:\\\/\\\/1dronas.lt\\\/en\\\/produktas\\\/betafpv-p1-air-unit-hd-vtx\\\/#primaryimage\"},\"thumbnailUrl\":\"https:\\\/\\\/1dronas.lt\\\/wp-content\\\/uploads\\\/2026\\\/02\\\/P1_Air_Unit_1080x.jpg\",\"datePublished\":\"2026-02-21T12:46:43+00:00\",\"dateModified\":\"2026-03-31T14:42:35+00:00\",\"breadcrumb\":{\"@id\":\"https:\\\/\\\/1dronas.lt\\\/en\\\/produktas\\\/betafpv-p1-air-unit-hd-vtx\\\/#breadcrumb\"},\"inLanguage\":\"en-US\",\"potentialAction\":[{\"@type\":\"ReadAction\",\"target\":[\"https:\\\/\\\/1dronas.lt\\\/en\\\/produktas\\\/betafpv-p1-air-unit-hd-vtx\\\/\"]}]},{\"@type\":\"ImageObject\",\"inLanguage\":\"en-US\",\"@id\":\"https:\\\/\\\/1dronas.lt\\\/en\\\/produktas\\\/betafpv-p1-air-unit-hd-vtx\\\/#primaryimage\",\"url\":\"https:\\\/\\\/1dronas.lt\\\/wp-content\\\/uploads\\\/2026\\\/02\\\/P1_Air_Unit_1080x.jpg\",\"contentUrl\":\"https:\\\/\\\/1dronas.lt\\\/wp-content\\\/uploads\\\/2026\\\/02\\\/P1_Air_Unit_1080x.jpg\",\"width\":1080,\"height\":1080},{\"@type\":\"BreadcrumbList\",\"@id\":\"https:\\\/\\\/1dronas.lt\\\/en\\\/produktas\\\/betafpv-p1-air-unit-hd-vtx\\\/#breadcrumb\",\"itemListElement\":[{\"@type\":\"ListItem\",\"position\":1,\"name\":\"Home\",\"item\":\"https:\\\/\\\/1dronas.lt\\\/\"},{\"@type\":\"ListItem\",\"position\":2,\"name\":\"Parduotuv\u0117\",\"item\":\"https:\\\/\\\/1dronas.lt\\\/parduotuve\\\/\"},{\"@type\":\"ListItem\",\"position\":3,\"name\":\"BETAFPV P1 Air Unit HD VTX\"}]},{\"@type\":\"WebSite\",\"@id\":\"https:\\\/\\\/1dronas.lt\\\/en\\\/#website\",\"url\":\"https:\\\/\\\/1dronas.lt\\\/en\\\/\",\"name\":\"1dronas.lt\",\"description\":\"Internetin\u0117 parduotuv\u0117\",\"publisher\":{\"@id\":\"https:\\\/\\\/1dronas.lt\\\/en\\\/#organization\"},\"potentialAction\":[{\"@type\":\"SearchAction\",\"target\":{\"@type\":\"EntryPoint\",\"urlTemplate\":\"https:\\\/\\\/1dronas.lt\\\/en\\\/?s={search_term_string}\"},\"query-input\":{\"@type\":\"PropertyValueSpecification\",\"valueRequired\":true,\"valueName\":\"search_term_string\"}}],\"inLanguage\":\"en-US\"},{\"@type\":\"Organization\",\"@id\":\"https:\\\/\\\/1dronas.lt\\\/en\\\/#organization\",\"name\":\"1dronas.lt\",\"url\":\"https:\\\/\\\/1dronas.lt\\\/en\\\/\",\"logo\":{\"@type\":\"ImageObject\",\"inLanguage\":\"en-US\",\"@id\":\"https:\\\/\\\/1dronas.lt\\\/en\\\/#\\\/schema\\\/logo\\\/image\\\/\",\"url\":\"https:\\\/\\\/1dronas.lt\\\/wp-content\\\/uploads\\\/2020\\\/12\\\/Ekrano_kopija__2_-removebg-preview-1-1.png\",\"contentUrl\":\"https:\\\/\\\/1dronas.lt\\\/wp-content\\\/uploads\\\/2020\\\/12\\\/Ekrano_kopija__2_-removebg-preview-1-1.png\",\"width\":234,\"height\":81,\"caption\":\"1dronas.lt\"},\"image\":{\"@id\":\"https:\\\/\\\/1dronas.lt\\\/en\\\/#\\\/schema\\\/logo\\\/image\\\/\"},\"sameAs\":[\"https:\\\/\\\/www.facebook.com\\\/1dronas\\\/\"]}]}<\/script>\n<!-- \/ Yoast SEO plugin. -->","yoast_head_json":{"title":"BETAFPV P1 Air Unit HD VTX - 1dronas.lt","robots":{"index":"index","follow":"follow","max-snippet":"max-snippet:-1","max-image-preview":"max-image-preview:large","max-video-preview":"max-video-preview:-1"},"canonical":"https:\/\/1dronas.lt\/en\/produktas\/betafpv-p1-air-unit-hd-vtx\/","og_locale":"en_US","og_type":"article","og_title":"BETAFPV P1 Air Unit HD VTX - 1dronas.lt","og_description":"P1 Air Unit HD VTX \u2013 tai lengvas, kompakti\u0161kas ir su \u201eBetaflight\u201c suderinamas skaitmeninis dron\u0173 vaizdo si\u0173stuvas, perduodantis 1080p@60fps vaizd\u0105 su ~60 ms delsa ir daugiau nei 5 km nuotoliu, u\u017etikrinantis stabil\u0173 ir auk\u0161tos kokyb\u0117s skryd\u017eio vaizd\u0105.  \u00a01 \u2013 2 d. d.","og_url":"https:\/\/1dronas.lt\/en\/produktas\/betafpv-p1-air-unit-hd-vtx\/","og_site_name":"1dronas.lt","article_publisher":"https:\/\/www.facebook.com\/1dronas\/","article_modified_time":"2026-03-31T14:42:35+00:00","og_image":[{"width":1080,"height":1080,"url":"https:\/\/1dronas.lt\/wp-content\/uploads\/2026\/02\/P1_Air_Unit_1080x.jpg","type":"image\/jpeg"}],"twitter_card":"summary_large_image","twitter_misc":{"Est. reading time":"6 minutes"},"schema":{"@context":"https:\/\/schema.org","@graph":[{"@type":"WebPage","@id":"https:\/\/1dronas.lt\/en\/produktas\/betafpv-p1-air-unit-hd-vtx\/","url":"https:\/\/1dronas.lt\/en\/produktas\/betafpv-p1-air-unit-hd-vtx\/","name":"BETAFPV P1 Air Unit HD VTX - 1dronas.lt","isPartOf":{"@id":"https:\/\/1dronas.lt\/en\/#website"},"primaryImageOfPage":{"@id":"https:\/\/1dronas.lt\/en\/produktas\/betafpv-p1-air-unit-hd-vtx\/#primaryimage"},"image":{"@id":"https:\/\/1dronas.lt\/en\/produktas\/betafpv-p1-air-unit-hd-vtx\/#primaryimage"},"thumbnailUrl":"https:\/\/1dronas.lt\/wp-content\/uploads\/2026\/02\/P1_Air_Unit_1080x.jpg","datePublished":"2026-02-21T12:46:43+00:00","dateModified":"2026-03-31T14:42:35+00:00","breadcrumb":{"@id":"https:\/\/1dronas.lt\/en\/produktas\/betafpv-p1-air-unit-hd-vtx\/#breadcrumb"},"inLanguage":"en-US","potentialAction":[{"@type":"ReadAction","target":["https:\/\/1dronas.lt\/en\/produktas\/betafpv-p1-air-unit-hd-vtx\/"]}]},{"@type":"ImageObject","inLanguage":"en-US","@id":"https:\/\/1dronas.lt\/en\/produktas\/betafpv-p1-air-unit-hd-vtx\/#primaryimage","url":"https:\/\/1dronas.lt\/wp-content\/uploads\/2026\/02\/P1_Air_Unit_1080x.jpg","contentUrl":"https:\/\/1dronas.lt\/wp-content\/uploads\/2026\/02\/P1_Air_Unit_1080x.jpg","width":1080,"height":1080},{"@type":"BreadcrumbList","@id":"https:\/\/1dronas.lt\/en\/produktas\/betafpv-p1-air-unit-hd-vtx\/#breadcrumb","itemListElement":[{"@type":"ListItem","position":1,"name":"Home","item":"https:\/\/1dronas.lt\/"},{"@type":"ListItem","position":2,"name":"Parduotuv\u0117","item":"https:\/\/1dronas.lt\/parduotuve\/"},{"@type":"ListItem","position":3,"name":"BETAFPV P1 Air Unit HD VTX"}]},{"@type":"WebSite","@id":"https:\/\/1dronas.lt\/en\/#website","url":"https:\/\/1dronas.lt\/en\/","name":"1dronas.lt","description":"Online store","publisher":{"@id":"https:\/\/1dronas.lt\/en\/#organization"},"potentialAction":[{"@type":"SearchAction","target":{"@type":"EntryPoint","urlTemplate":"https:\/\/1dronas.lt\/en\/?s={search_term_string}"},"query-input":{"@type":"PropertyValueSpecification","valueRequired":true,"valueName":"search_term_string"}}],"inLanguage":"en-US"},{"@type":"Organization","@id":"https:\/\/1dronas.lt\/en\/#organization","name":"1dronas.lt","url":"https:\/\/1dronas.lt\/en\/","logo":{"@type":"ImageObject","inLanguage":"en-US","@id":"https:\/\/1dronas.lt\/en\/#\/schema\/logo\/image\/","url":"https:\/\/1dronas.lt\/wp-content\/uploads\/2020\/12\/Ekrano_kopija__2_-removebg-preview-1-1.png","contentUrl":"https:\/\/1dronas.lt\/wp-content\/uploads\/2020\/12\/Ekrano_kopija__2_-removebg-preview-1-1.png","width":234,"height":81,"caption":"1dronas.lt"},"image":{"@id":"https:\/\/1dronas.lt\/en\/#\/schema\/logo\/image\/"},"sameAs":["https:\/\/www.facebook.com\/1dronas\/"]}]}},"jetpack_sharing_enabled":true,"_links":{"self":[{"href":"https:\/\/1dronas.lt\/en\/wp-json\/wp\/v2\/product\/16835","targetHints":{"allow":["GET"]}}],"collection":[{"href":"https:\/\/1dronas.lt\/en\/wp-json\/wp\/v2\/product"}],"about":[{"href":"https:\/\/1dronas.lt\/en\/wp-json\/wp\/v2\/types\/product"}],"replies":[{"embeddable":true,"href":"https:\/\/1dronas.lt\/en\/wp-json\/wp\/v2\/comments?post=16835"}],"wp:featuredmedia":[{"embeddable":true,"href":"https:\/\/1dronas.lt\/en\/wp-json\/wp\/v2\/media\/16838"}],"wp:attachment":[{"href":"https:\/\/1dronas.lt\/en\/wp-json\/wp\/v2\/media?parent=16835"}],"wp:term":[{"taxonomy":"product_brand","embeddable":true,"href":"https:\/\/1dronas.lt\/en\/wp-json\/wp\/v2\/product_brand?post=16835"},{"taxonomy":"product_cat","embeddable":true,"href":"https:\/\/1dronas.lt\/en\/wp-json\/wp\/v2\/product_cat?post=16835"},{"taxonomy":"product_tag","embeddable":true,"href":"https:\/\/1dronas.lt\/en\/wp-json\/wp\/v2\/product_tag?post=16835"}],"curies":[{"name":"wp","href":"https:\/\/api.w.org\/{rel}","templated":true}]}}