{"id":16811,"date":"2026-02-20T14:59:08","date_gmt":"2026-02-20T12:59:08","guid":{"rendered":"https:\/\/1dronas.lt\/?post_type=product&#038;p=16811"},"modified":"2026-03-30T23:49:14","modified_gmt":"2026-03-30T20:49:14","slug":"geprc-woopower-w63-1s-bateriju-ikroviklis","status":"publish","type":"product","link":"https:\/\/1dronas.lt\/en\/produktas\/geprc-woopower-w63-1s-bateriju-ikroviklis\/","title":{"rendered":"GEPRC WooPower W63 1S battery charger"},"content":{"rendered":"<p>\u201eWooPower W63 is the first GEPRC 1S charger with six independent slots, allowing you to simultaneously charge, discharge and store batteries without interference. Each channel supports up to 3.0A charging current, and the discharge current is up to 0.5A per channel. Built-in safety features provide more peace of mind during use. The IPS screen provides a bright and clear image, and intuitive button control makes the device easy to use. The compact body, weighing only 160g, ensures convenient transportation and mobility.<\/p>\n<p><img loading=\"lazy\" decoding=\"async\" class=\"alignnone size-full wp-image-16813\" src=\"https:\/\/1dronas.lt\/wp-content\/uploads\/2026\/02\/GEPRC-WooPower-W63-1S-bateriju-ikroviklis.jpg\" alt=\"\" width=\"1920\" height=\"900\" srcset=\"https:\/\/1dronas.lt\/wp-content\/uploads\/2026\/02\/GEPRC-WooPower-W63-1S-bateriju-ikroviklis.jpg 1920w, https:\/\/1dronas.lt\/wp-content\/uploads\/2026\/02\/GEPRC-WooPower-W63-1S-bateriju-ikroviklis-300x141.jpg 300w, https:\/\/1dronas.lt\/wp-content\/uploads\/2026\/02\/GEPRC-WooPower-W63-1S-bateriju-ikroviklis-1024x480.jpg 1024w, https:\/\/1dronas.lt\/wp-content\/uploads\/2026\/02\/GEPRC-WooPower-W63-1S-bateriju-ikroviklis-768x360.jpg 768w, https:\/\/1dronas.lt\/wp-content\/uploads\/2026\/02\/GEPRC-WooPower-W63-1S-bateriju-ikroviklis-1536x720.jpg 1536w, https:\/\/1dronas.lt\/wp-content\/uploads\/2026\/02\/GEPRC-WooPower-W63-1S-bateriju-ikroviklis-18x8.jpg 18w, https:\/\/1dronas.lt\/wp-content\/uploads\/2026\/02\/GEPRC-WooPower-W63-1S-bateriju-ikroviklis-510x239.jpg 510w\" sizes=\"auto, (max-width: 1920px) 100vw, 1920px\" \/><\/p>\n<p><strong>Features:<\/strong><\/p>\n<p>\u2022 Six independent sockets allow simultaneous charging, discharging and storage of batteries without interference.<br \/>\n\u2022 All six ports support up to 3A of charging current simultaneously \u2013 for longer flight times.<br \/>\n\u2022 Each channel can discharge up to 0.5 A, making battery storage simple and convenient.<br \/>\n\u2022 XT60 input (for LiPo 3-6S batteries), supports voltages of 7-26 V.<br \/>\n\u2022 Type-C fast charging (compatible with PD3.0 and newer chargers or external batteries; PD3.0 recommended).<br \/>\n\u2022 Compatible with PH2.0 and BT2.0 connectors (also works with A30).<br \/>\n\u2022 The 1.54-inch IPS display displays clear, easy-to-read information, and simple controls ensure a comfortable user experience.<br \/>\n\u2022 Compact and lightweight \u2013 just 160 g, making it perfect for travel.<br \/>\n\u2022 Large radiator and cooling fan effectively dissipate heat and extend the life of the device.<br \/>\n\u2022 Supports LiPo, LiHV and LiFe 1S batteries \u2013 easy switching and wide voltage range allow the use of other batteries as well.<br \/>\n\u2022 Five safety functions (temperature, time, capacity and short circuit protection, etc.) ensure stable operation and safety.<\/p>\n<p><strong>Specification:<\/strong><\/p>\n<p>\u2022 Dimensions: 125 \u00d7 61 \u00d7 28 mm;<br \/>\n\u2022 Weight: 160 g;<br \/>\n\u2022 Output connectors: PH2.0 \/ BT2.0 (compatible with A30);<br \/>\n\u2022 Input connectors: XT60 \/ Type-C (PD3.0);<br \/>\n\u2022 Display: 1.54 inch IPS, 240 \u00d7 240 resolution;<br \/>\n\u2022 Minimum input power: 100 W (at maximum charging load);<br \/>\n\u2022 Maximum output power: 78 W;<br \/>\n\u2022 Maximum charging current: 3.0 A \u00d7 6;<br \/>\n\u2022 Maximum discharge current: 0.5 A \u00d7 6;<br \/>\n\u2022 Input voltage range: 7\u201326 V;<br \/>\n\u2022 Operating temperature: 0 \u00b0C \u2013 75 \u00b0C;<br \/>\n\u2022 Supported battery types: LiPo \/ LiHV \/ LiFe 1S;<br \/>\n\u2022 Functions: charging \/ discharging \/ storage mode (Storage).<\/p>\n<p><strong>Instructions for use and safety<\/strong><\/p>\n<p>\u2022 Never leave the charger running unattended. If you notice any malfunction, stop using it immediately and consult the user manual or contact technical support.<br \/>\n\u2022 Keep the charger away from dust, sand, moisture, rain, high temperatures, direct sunlight and strong vibrations.<br \/>\n\u2022 Make sure the power supply voltage is within the range of 7-26 V. Do not connect the XT60 and Type-C connectors at the same time.<br \/>\n\u2022 Do not use BT2.0 and PH2.0 connectors in the same socket for charging or discharging at the same time.<br \/>\n\u2022 Remove all batteries before restarting the charger.<br \/>\n\u2022 If you reconnect the Type-C cable too quickly, the charger may not turn on - wait about 8 seconds before connecting.<br \/>\n\u2022 Place the charger on a heat-resistant, non-flammable, and insulated surface. Do not use it on car seats, carpets, cardboard, or similar surfaces. Keep liquids and metal particles away from connectors and ventilation openings, and do not store flammable or explosive materials nearby.<br \/>\n\u2022 Do not use the charger in high temperature environments and do not cover the bottom ventilation holes to ensure proper airflow.<br \/>\n\u2022 Familiarize yourself with the battery specifications and set the charger parameters correctly to avoid damage or dangerous situations such as fire or explosion.<br \/>\n\u2022 Remove the battery from the charger immediately after charging or discharging is complete.<br \/>\n<span style=\"color: #ed1c24;\"><em><strong>If you have any questions, please contact the GEPRC technical support team immediately to avoid potential violations.<\/strong><\/em><\/span><\/p>\n<p><strong>Package:<\/strong><\/p>\n<p>1 x W63 charger;<br \/>\n1 x Type-C to Type-C charging cable;<br \/>\n1 x User manual.<\/p>\n<p>&nbsp;<\/p>\n<p><iframe loading=\"lazy\" title=\"WooPower W63 1S Charger Calibration Guide\" width=\"1020\" height=\"574\" src=\"https:\/\/www.youtube.com\/embed\/UVnj7pm2QX4?feature=oembed\" frameborder=\"0\" allow=\"accelerometer; autoplay; clipboard-write; encrypted-media; gyroscope; picture-in-picture; web-share\" referrerpolicy=\"strict-origin-when-cross-origin\" allowfullscreen><\/iframe><\/p>\n<p><img loading=\"lazy\" decoding=\"async\" class=\"alignnone size-full wp-image-16815\" src=\"https:\/\/1dronas.lt\/wp-content\/uploads\/2026\/02\/1-17.jpg\" alt=\"\" width=\"1200\" height=\"1610\" srcset=\"https:\/\/1dronas.lt\/wp-content\/uploads\/2026\/02\/1-17.jpg 1200w, https:\/\/1dronas.lt\/wp-content\/uploads\/2026\/02\/1-17-224x300.jpg 224w, https:\/\/1dronas.lt\/wp-content\/uploads\/2026\/02\/1-17-763x1024.jpg 763w, https:\/\/1dronas.lt\/wp-content\/uploads\/2026\/02\/1-17-768x1030.jpg 768w, https:\/\/1dronas.lt\/wp-content\/uploads\/2026\/02\/1-17-1145x1536.jpg 1145w, https:\/\/1dronas.lt\/wp-content\/uploads\/2026\/02\/1-17-9x12.jpg 9w, https:\/\/1dronas.lt\/wp-content\/uploads\/2026\/02\/1-17-510x684.jpg 510w\" sizes=\"auto, (max-width: 1200px) 100vw, 1200px\" \/> <img loading=\"lazy\" decoding=\"async\" class=\"alignnone size-full wp-image-16817\" src=\"https:\/\/1dronas.lt\/wp-content\/uploads\/2026\/02\/2-18.jpg\" alt=\"\" width=\"1200\" height=\"1509\" srcset=\"https:\/\/1dronas.lt\/wp-content\/uploads\/2026\/02\/2-18.jpg 1200w, https:\/\/1dronas.lt\/wp-content\/uploads\/2026\/02\/2-18-239x300.jpg 239w, https:\/\/1dronas.lt\/wp-content\/uploads\/2026\/02\/2-18-814x1024.jpg 814w, https:\/\/1dronas.lt\/wp-content\/uploads\/2026\/02\/2-18-768x966.jpg 768w, https:\/\/1dronas.lt\/wp-content\/uploads\/2026\/02\/2-18-10x12.jpg 10w, https:\/\/1dronas.lt\/wp-content\/uploads\/2026\/02\/2-18-510x641.jpg 510w\" sizes=\"auto, (max-width: 1200px) 100vw, 1200px\" \/> <img loading=\"lazy\" decoding=\"async\" class=\"alignnone size-full wp-image-16819\" src=\"https:\/\/1dronas.lt\/wp-content\/uploads\/2026\/02\/3-19.jpg\" alt=\"\" width=\"1200\" height=\"1471\" srcset=\"https:\/\/1dronas.lt\/wp-content\/uploads\/2026\/02\/3-19.jpg 1200w, https:\/\/1dronas.lt\/wp-content\/uploads\/2026\/02\/3-19-245x300.jpg 245w, https:\/\/1dronas.lt\/wp-content\/uploads\/2026\/02\/3-19-835x1024.jpg 835w, https:\/\/1dronas.lt\/wp-content\/uploads\/2026\/02\/3-19-768x941.jpg 768w, https:\/\/1dronas.lt\/wp-content\/uploads\/2026\/02\/3-19-10x12.jpg 10w, https:\/\/1dronas.lt\/wp-content\/uploads\/2026\/02\/3-19-510x625.jpg 510w\" sizes=\"auto, (max-width: 1200px) 100vw, 1200px\" \/> <img loading=\"lazy\" decoding=\"async\" class=\"alignnone size-full wp-image-16821\" src=\"https:\/\/1dronas.lt\/wp-content\/uploads\/2026\/02\/4-18.jpg\" alt=\"\" width=\"1200\" height=\"1684\" srcset=\"https:\/\/1dronas.lt\/wp-content\/uploads\/2026\/02\/4-18.jpg 1200w, https:\/\/1dronas.lt\/wp-content\/uploads\/2026\/02\/4-18-214x300.jpg 214w, https:\/\/1dronas.lt\/wp-content\/uploads\/2026\/02\/4-18-730x1024.jpg 730w, https:\/\/1dronas.lt\/wp-content\/uploads\/2026\/02\/4-18-768x1078.jpg 768w, https:\/\/1dronas.lt\/wp-content\/uploads\/2026\/02\/4-18-1095x1536.jpg 1095w, https:\/\/1dronas.lt\/wp-content\/uploads\/2026\/02\/4-18-9x12.jpg 9w, https:\/\/1dronas.lt\/wp-content\/uploads\/2026\/02\/4-18-510x716.jpg 510w\" sizes=\"auto, (max-width: 1200px) 100vw, 1200px\" \/> <img loading=\"lazy\" decoding=\"async\" class=\"alignnone size-full wp-image-16823\" src=\"https:\/\/1dronas.lt\/wp-content\/uploads\/2026\/02\/5-16.jpg\" alt=\"\" width=\"1200\" height=\"1711\" srcset=\"https:\/\/1dronas.lt\/wp-content\/uploads\/2026\/02\/5-16.jpg 1200w, https:\/\/1dronas.lt\/wp-content\/uploads\/2026\/02\/5-16-210x300.jpg 210w, https:\/\/1dronas.lt\/wp-content\/uploads\/2026\/02\/5-16-718x1024.jpg 718w, https:\/\/1dronas.lt\/wp-content\/uploads\/2026\/02\/5-16-768x1095.jpg 768w, https:\/\/1dronas.lt\/wp-content\/uploads\/2026\/02\/5-16-1077x1536.jpg 1077w, https:\/\/1dronas.lt\/wp-content\/uploads\/2026\/02\/5-16-8x12.jpg 8w, https:\/\/1dronas.lt\/wp-content\/uploads\/2026\/02\/5-16-510x727.jpg 510w\" sizes=\"auto, (max-width: 1200px) 100vw, 1200px\" \/> <img loading=\"lazy\" decoding=\"async\" class=\"alignnone size-full wp-image-16825\" src=\"https:\/\/1dronas.lt\/wp-content\/uploads\/2026\/02\/6-17.jpg\" alt=\"\" width=\"1200\" height=\"1638\" srcset=\"https:\/\/1dronas.lt\/wp-content\/uploads\/2026\/02\/6-17.jpg 1200w, https:\/\/1dronas.lt\/wp-content\/uploads\/2026\/02\/6-17-220x300.jpg 220w, https:\/\/1dronas.lt\/wp-content\/uploads\/2026\/02\/6-17-750x1024.jpg 750w, https:\/\/1dronas.lt\/wp-content\/uploads\/2026\/02\/6-17-768x1048.jpg 768w, https:\/\/1dronas.lt\/wp-content\/uploads\/2026\/02\/6-17-1125x1536.jpg 1125w, https:\/\/1dronas.lt\/wp-content\/uploads\/2026\/02\/6-17-9x12.jpg 9w, https:\/\/1dronas.lt\/wp-content\/uploads\/2026\/02\/6-17-510x696.jpg 510w\" sizes=\"auto, (max-width: 1200px) 100vw, 1200px\" \/> <img loading=\"lazy\" decoding=\"async\" class=\"alignnone size-full wp-image-16826\" src=\"https:\/\/1dronas.lt\/wp-content\/uploads\/2026\/02\/7-18.jpg\" alt=\"\" width=\"1200\" height=\"1212\" srcset=\"https:\/\/1dronas.lt\/wp-content\/uploads\/2026\/02\/7-18.jpg 1200w, https:\/\/1dronas.lt\/wp-content\/uploads\/2026\/02\/7-18-297x300.jpg 297w, https:\/\/1dronas.lt\/wp-content\/uploads\/2026\/02\/7-18-1014x1024.jpg 1014w, https:\/\/1dronas.lt\/wp-content\/uploads\/2026\/02\/7-18-768x776.jpg 768w, https:\/\/1dronas.lt\/wp-content\/uploads\/2026\/02\/7-18-12x12.jpg 12w, https:\/\/1dronas.lt\/wp-content\/uploads\/2026\/02\/7-18-510x515.jpg 510w, https:\/\/1dronas.lt\/wp-content\/uploads\/2026\/02\/7-18-100x100.jpg 100w\" sizes=\"auto, (max-width: 1200px) 100vw, 1200px\" \/> <img loading=\"lazy\" decoding=\"async\" class=\"alignnone size-full wp-image-16827\" src=\"https:\/\/1dronas.lt\/wp-content\/uploads\/2026\/02\/8-18.jpg\" alt=\"\" width=\"1200\" height=\"1056\" srcset=\"https:\/\/1dronas.lt\/wp-content\/uploads\/2026\/02\/8-18.jpg 1200w, https:\/\/1dronas.lt\/wp-content\/uploads\/2026\/02\/8-18-300x264.jpg 300w, https:\/\/1dronas.lt\/wp-content\/uploads\/2026\/02\/8-18-1024x901.jpg 1024w, https:\/\/1dronas.lt\/wp-content\/uploads\/2026\/02\/8-18-768x676.jpg 768w, https:\/\/1dronas.lt\/wp-content\/uploads\/2026\/02\/8-18-14x12.jpg 14w, https:\/\/1dronas.lt\/wp-content\/uploads\/2026\/02\/8-18-510x449.jpg 510w\" sizes=\"auto, (max-width: 1200px) 100vw, 1200px\" \/><\/p>","protected":false},"excerpt":{"rendered":"<p><span style=\"color: #333333;\">Compact 1S battery charger with 6 independent channels, allowing you to safely charge, discharge and prepare batteries for storage simultaneously. Up to 3A charging current per channel, PD3.0 power supply and wide compatibility make it a convenient choice for both home and travel.<\/span><\/p>\n<p><span style=\"font-size: 90%; color: #333333;\"><strong><img loading=\"lazy\" decoding=\"async\" class=\"alignnone wp-image-1806\" src=\"https:\/\/1dronas.lt\/wp-content\/uploads\/2021\/05\/delivery-icon.png.webp\" alt=\"\" width=\"24\" height=\"24\" srcset=\"https:\/\/1dronas.lt\/wp-content\/uploads\/2021\/05\/delivery-icon.png 35w, https:\/\/1dronas.lt\/wp-content\/uploads\/2021\/05\/delivery-icon-12x12.png 12w\" sizes=\"auto, (max-width: 24px) 100vw, 24px\" \/>\u00a0\u00a01 \u2013 2 days<\/strong><\/span><\/p>","protected":false},"featured_media":16824,"comment_status":"open","ping_status":"closed","template":"","meta":[],"product_brand":[592],"product_cat":[157],"product_tag":[1187,166,1190,96,593,100,1188,1189],"class_list":{"0":"post-16811","1":"product","2":"type-product","3":"status-publish","4":"has-post-thumbnail","6":"product_brand-geprc","7":"product_cat-ikrovikliai","8":"product_tag-1s-charger","9":"product_tag-6-jungciu-1s-bateriju-ikroviklis","10":"product_tag-a30","11":"product_tag-bt2-0","12":"product_tag-geprc","13":"product_tag-ph2-0","14":"product_tag-w63","15":"product_tag-woopower","17":"first","18":"outofstock","19":"taxable","20":"shipping-taxable","21":"purchasable","22":"product-type-simple"},"yoast_head":"<!-- This site is optimized with the Yoast SEO plugin v27.3 - https:\/\/yoast.com\/product\/yoast-seo-wordpress\/ -->\n<title>GEPRC WooPower W63 1S baterij\u0173 \u012fkroviklis - 1dronas.lt<\/title>\n<meta name=\"robots\" content=\"index, follow, max-snippet:-1, max-image-preview:large, max-video-preview:-1\" \/>\n<link rel=\"canonical\" href=\"https:\/\/1dronas.lt\/en\/produktas\/geprc-woopower-w63-1s-bateriju-ikroviklis\/\" \/>\n<meta property=\"og:locale\" content=\"en_US\" \/>\n<meta property=\"og:type\" content=\"article\" \/>\n<meta property=\"og:title\" content=\"GEPRC WooPower W63 1S baterij\u0173 \u012fkroviklis - 1dronas.lt\" \/>\n<meta property=\"og:description\" content=\"Kompakti\u0161kas 1S baterij\u0173 \u012fkroviklis su 6 nepriklausomais kanalais, leid\u017eiantis vienu metu saugiai \u012fkrauti, i\u0161krauti ir paruo\u0161ti baterijas laikymui. Iki 3A \u012fkrovimo srov\u0117 vienam kanalui, PD3.0 maitinimas ir platus suderinamumas daro j\u012f patogiu pasirinkimu tiek namuose, tiek kelion\u0117se.  \u00a0\u00a01 \u2013 2 d. d.\" \/>\n<meta property=\"og:url\" content=\"https:\/\/1dronas.lt\/en\/produktas\/geprc-woopower-w63-1s-bateriju-ikroviklis\/\" \/>\n<meta property=\"og:site_name\" content=\"1dronas.lt\" \/>\n<meta property=\"article:publisher\" content=\"https:\/\/www.facebook.com\/1dronas\/\" \/>\n<meta property=\"article:modified_time\" content=\"2026-03-30T20:49:14+00:00\" \/>\n<meta property=\"og:image\" content=\"https:\/\/1dronas.lt\/wp-content\/uploads\/2026\/02\/6_Main_0000-1.jpg\" \/>\n\t<meta property=\"og:image:width\" content=\"2000\" \/>\n\t<meta property=\"og:image:height\" content=\"2000\" \/>\n\t<meta property=\"og:image:type\" content=\"image\/jpeg\" \/>\n<meta name=\"twitter:card\" content=\"summary_large_image\" \/>\n<meta name=\"twitter:label1\" content=\"Est. reading time\" \/>\n\t<meta name=\"twitter:data1\" content=\"6 minutes\" \/>\n<script type=\"application\/ld+json\" class=\"yoast-schema-graph\">{\"@context\":\"https:\\\/\\\/schema.org\",\"@graph\":[{\"@type\":\"WebPage\",\"@id\":\"https:\\\/\\\/1dronas.lt\\\/en\\\/produktas\\\/geprc-woopower-w63-1s-bateriju-ikroviklis\\\/\",\"url\":\"https:\\\/\\\/1dronas.lt\\\/en\\\/produktas\\\/geprc-woopower-w63-1s-bateriju-ikroviklis\\\/\",\"name\":\"GEPRC WooPower W63 1S baterij\u0173 \u012fkroviklis - 1dronas.lt\",\"isPartOf\":{\"@id\":\"https:\\\/\\\/1dronas.lt\\\/en\\\/#website\"},\"primaryImageOfPage\":{\"@id\":\"https:\\\/\\\/1dronas.lt\\\/en\\\/produktas\\\/geprc-woopower-w63-1s-bateriju-ikroviklis\\\/#primaryimage\"},\"image\":{\"@id\":\"https:\\\/\\\/1dronas.lt\\\/en\\\/produktas\\\/geprc-woopower-w63-1s-bateriju-ikroviklis\\\/#primaryimage\"},\"thumbnailUrl\":\"https:\\\/\\\/1dronas.lt\\\/wp-content\\\/uploads\\\/2026\\\/02\\\/6_Main_0000-1.jpg\",\"datePublished\":\"2026-02-20T12:59:08+00:00\",\"dateModified\":\"2026-03-30T20:49:14+00:00\",\"breadcrumb\":{\"@id\":\"https:\\\/\\\/1dronas.lt\\\/en\\\/produktas\\\/geprc-woopower-w63-1s-bateriju-ikroviklis\\\/#breadcrumb\"},\"inLanguage\":\"en-US\",\"potentialAction\":[{\"@type\":\"ReadAction\",\"target\":[\"https:\\\/\\\/1dronas.lt\\\/en\\\/produktas\\\/geprc-woopower-w63-1s-bateriju-ikroviklis\\\/\"]}]},{\"@type\":\"ImageObject\",\"inLanguage\":\"en-US\",\"@id\":\"https:\\\/\\\/1dronas.lt\\\/en\\\/produktas\\\/geprc-woopower-w63-1s-bateriju-ikroviklis\\\/#primaryimage\",\"url\":\"https:\\\/\\\/1dronas.lt\\\/wp-content\\\/uploads\\\/2026\\\/02\\\/6_Main_0000-1.jpg\",\"contentUrl\":\"https:\\\/\\\/1dronas.lt\\\/wp-content\\\/uploads\\\/2026\\\/02\\\/6_Main_0000-1.jpg\",\"width\":2000,\"height\":2000},{\"@type\":\"BreadcrumbList\",\"@id\":\"https:\\\/\\\/1dronas.lt\\\/en\\\/produktas\\\/geprc-woopower-w63-1s-bateriju-ikroviklis\\\/#breadcrumb\",\"itemListElement\":[{\"@type\":\"ListItem\",\"position\":1,\"name\":\"Home\",\"item\":\"https:\\\/\\\/1dronas.lt\\\/\"},{\"@type\":\"ListItem\",\"position\":2,\"name\":\"Parduotuv\u0117\",\"item\":\"https:\\\/\\\/1dronas.lt\\\/parduotuve\\\/\"},{\"@type\":\"ListItem\",\"position\":3,\"name\":\"GEPRC WooPower W63 1S baterij\u0173 \u012fkroviklis\"}]},{\"@type\":\"WebSite\",\"@id\":\"https:\\\/\\\/1dronas.lt\\\/en\\\/#website\",\"url\":\"https:\\\/\\\/1dronas.lt\\\/en\\\/\",\"name\":\"1dronas.lt\",\"description\":\"Internetin\u0117 parduotuv\u0117\",\"publisher\":{\"@id\":\"https:\\\/\\\/1dronas.lt\\\/en\\\/#organization\"},\"potentialAction\":[{\"@type\":\"SearchAction\",\"target\":{\"@type\":\"EntryPoint\",\"urlTemplate\":\"https:\\\/\\\/1dronas.lt\\\/en\\\/?s={search_term_string}\"},\"query-input\":{\"@type\":\"PropertyValueSpecification\",\"valueRequired\":true,\"valueName\":\"search_term_string\"}}],\"inLanguage\":\"en-US\"},{\"@type\":\"Organization\",\"@id\":\"https:\\\/\\\/1dronas.lt\\\/en\\\/#organization\",\"name\":\"1dronas.lt\",\"url\":\"https:\\\/\\\/1dronas.lt\\\/en\\\/\",\"logo\":{\"@type\":\"ImageObject\",\"inLanguage\":\"en-US\",\"@id\":\"https:\\\/\\\/1dronas.lt\\\/en\\\/#\\\/schema\\\/logo\\\/image\\\/\",\"url\":\"https:\\\/\\\/1dronas.lt\\\/wp-content\\\/uploads\\\/2020\\\/12\\\/Ekrano_kopija__2_-removebg-preview-1-1.png\",\"contentUrl\":\"https:\\\/\\\/1dronas.lt\\\/wp-content\\\/uploads\\\/2020\\\/12\\\/Ekrano_kopija__2_-removebg-preview-1-1.png\",\"width\":234,\"height\":81,\"caption\":\"1dronas.lt\"},\"image\":{\"@id\":\"https:\\\/\\\/1dronas.lt\\\/en\\\/#\\\/schema\\\/logo\\\/image\\\/\"},\"sameAs\":[\"https:\\\/\\\/www.facebook.com\\\/1dronas\\\/\"]}]}<\/script>\n<!-- \/ Yoast SEO plugin. -->","yoast_head_json":{"title":"GEPRC WooPower W63 1S baterij\u0173 \u012fkroviklis - 1dronas.lt","robots":{"index":"index","follow":"follow","max-snippet":"max-snippet:-1","max-image-preview":"max-image-preview:large","max-video-preview":"max-video-preview:-1"},"canonical":"https:\/\/1dronas.lt\/en\/produktas\/geprc-woopower-w63-1s-bateriju-ikroviklis\/","og_locale":"en_US","og_type":"article","og_title":"GEPRC WooPower W63 1S baterij\u0173 \u012fkroviklis - 1dronas.lt","og_description":"Kompakti\u0161kas 1S baterij\u0173 \u012fkroviklis su 6 nepriklausomais kanalais, leid\u017eiantis vienu metu saugiai \u012fkrauti, i\u0161krauti ir paruo\u0161ti baterijas laikymui. Iki 3A \u012fkrovimo srov\u0117 vienam kanalui, PD3.0 maitinimas ir platus suderinamumas daro j\u012f patogiu pasirinkimu tiek namuose, tiek kelion\u0117se.  \u00a0\u00a01 \u2013 2 d. d.","og_url":"https:\/\/1dronas.lt\/en\/produktas\/geprc-woopower-w63-1s-bateriju-ikroviklis\/","og_site_name":"1dronas.lt","article_publisher":"https:\/\/www.facebook.com\/1dronas\/","article_modified_time":"2026-03-30T20:49:14+00:00","og_image":[{"width":2000,"height":2000,"url":"https:\/\/1dronas.lt\/wp-content\/uploads\/2026\/02\/6_Main_0000-1.jpg","type":"image\/jpeg"}],"twitter_card":"summary_large_image","twitter_misc":{"Est. reading time":"6 minutes"},"schema":{"@context":"https:\/\/schema.org","@graph":[{"@type":"WebPage","@id":"https:\/\/1dronas.lt\/en\/produktas\/geprc-woopower-w63-1s-bateriju-ikroviklis\/","url":"https:\/\/1dronas.lt\/en\/produktas\/geprc-woopower-w63-1s-bateriju-ikroviklis\/","name":"GEPRC WooPower W63 1S baterij\u0173 \u012fkroviklis - 1dronas.lt","isPartOf":{"@id":"https:\/\/1dronas.lt\/en\/#website"},"primaryImageOfPage":{"@id":"https:\/\/1dronas.lt\/en\/produktas\/geprc-woopower-w63-1s-bateriju-ikroviklis\/#primaryimage"},"image":{"@id":"https:\/\/1dronas.lt\/en\/produktas\/geprc-woopower-w63-1s-bateriju-ikroviklis\/#primaryimage"},"thumbnailUrl":"https:\/\/1dronas.lt\/wp-content\/uploads\/2026\/02\/6_Main_0000-1.jpg","datePublished":"2026-02-20T12:59:08+00:00","dateModified":"2026-03-30T20:49:14+00:00","breadcrumb":{"@id":"https:\/\/1dronas.lt\/en\/produktas\/geprc-woopower-w63-1s-bateriju-ikroviklis\/#breadcrumb"},"inLanguage":"en-US","potentialAction":[{"@type":"ReadAction","target":["https:\/\/1dronas.lt\/en\/produktas\/geprc-woopower-w63-1s-bateriju-ikroviklis\/"]}]},{"@type":"ImageObject","inLanguage":"en-US","@id":"https:\/\/1dronas.lt\/en\/produktas\/geprc-woopower-w63-1s-bateriju-ikroviklis\/#primaryimage","url":"https:\/\/1dronas.lt\/wp-content\/uploads\/2026\/02\/6_Main_0000-1.jpg","contentUrl":"https:\/\/1dronas.lt\/wp-content\/uploads\/2026\/02\/6_Main_0000-1.jpg","width":2000,"height":2000},{"@type":"BreadcrumbList","@id":"https:\/\/1dronas.lt\/en\/produktas\/geprc-woopower-w63-1s-bateriju-ikroviklis\/#breadcrumb","itemListElement":[{"@type":"ListItem","position":1,"name":"Home","item":"https:\/\/1dronas.lt\/"},{"@type":"ListItem","position":2,"name":"Parduotuv\u0117","item":"https:\/\/1dronas.lt\/parduotuve\/"},{"@type":"ListItem","position":3,"name":"GEPRC WooPower W63 1S baterij\u0173 \u012fkroviklis"}]},{"@type":"WebSite","@id":"https:\/\/1dronas.lt\/en\/#website","url":"https:\/\/1dronas.lt\/en\/","name":"1dronas.lt","description":"Online store","publisher":{"@id":"https:\/\/1dronas.lt\/en\/#organization"},"potentialAction":[{"@type":"SearchAction","target":{"@type":"EntryPoint","urlTemplate":"https:\/\/1dronas.lt\/en\/?s={search_term_string}"},"query-input":{"@type":"PropertyValueSpecification","valueRequired":true,"valueName":"search_term_string"}}],"inLanguage":"en-US"},{"@type":"Organization","@id":"https:\/\/1dronas.lt\/en\/#organization","name":"1dronas.lt","url":"https:\/\/1dronas.lt\/en\/","logo":{"@type":"ImageObject","inLanguage":"en-US","@id":"https:\/\/1dronas.lt\/en\/#\/schema\/logo\/image\/","url":"https:\/\/1dronas.lt\/wp-content\/uploads\/2020\/12\/Ekrano_kopija__2_-removebg-preview-1-1.png","contentUrl":"https:\/\/1dronas.lt\/wp-content\/uploads\/2020\/12\/Ekrano_kopija__2_-removebg-preview-1-1.png","width":234,"height":81,"caption":"1dronas.lt"},"image":{"@id":"https:\/\/1dronas.lt\/en\/#\/schema\/logo\/image\/"},"sameAs":["https:\/\/www.facebook.com\/1dronas\/"]}]}},"jetpack_sharing_enabled":true,"_links":{"self":[{"href":"https:\/\/1dronas.lt\/en\/wp-json\/wp\/v2\/product\/16811","targetHints":{"allow":["GET"]}}],"collection":[{"href":"https:\/\/1dronas.lt\/en\/wp-json\/wp\/v2\/product"}],"about":[{"href":"https:\/\/1dronas.lt\/en\/wp-json\/wp\/v2\/types\/product"}],"replies":[{"embeddable":true,"href":"https:\/\/1dronas.lt\/en\/wp-json\/wp\/v2\/comments?post=16811"}],"wp:featuredmedia":[{"embeddable":true,"href":"https:\/\/1dronas.lt\/en\/wp-json\/wp\/v2\/media\/16824"}],"wp:attachment":[{"href":"https:\/\/1dronas.lt\/en\/wp-json\/wp\/v2\/media?parent=16811"}],"wp:term":[{"taxonomy":"product_brand","embeddable":true,"href":"https:\/\/1dronas.lt\/en\/wp-json\/wp\/v2\/product_brand?post=16811"},{"taxonomy":"product_cat","embeddable":true,"href":"https:\/\/1dronas.lt\/en\/wp-json\/wp\/v2\/product_cat?post=16811"},{"taxonomy":"product_tag","embeddable":true,"href":"https:\/\/1dronas.lt\/en\/wp-json\/wp\/v2\/product_tag?post=16811"}],"curies":[{"name":"wp","href":"https:\/\/api.w.org\/{rel}","templated":true}]}}