{"id":1676,"date":"2021-05-15T11:39:40","date_gmt":"2021-05-15T11:39:40","guid":{"rendered":"https:\/\/1dronas.lt\/?post_type=product&#038;p=1676"},"modified":"2024-02-08T23:28:48","modified_gmt":"2024-02-08T23:28:48","slug":"betafpv-pavo30-cinewhoop-hd-digital-vtx","status":"publish","type":"product","link":"https:\/\/1dronas.lt\/en\/produktas\/betafpv-pavo30-cinewhoop-hd-digital-vtx\/","title":{"rendered":"BETAFPV Pavo30 CineWhoop - (HD Digital VTX)"},"content":{"rendered":"<p><strong>SMO 4K camera is not included.<\/strong><\/p>\n<p><strong>Specification:<\/strong><\/p>\n<p style=\"text-align: left;\"><strong>\u2022 <\/strong>Engines:<br \/>\nManufacturer: BETAFPV;<br \/>\nModel: 1506 3000KV brushless motors;<br \/>\nInput voltage: 3-6S;<br \/>\nKV: 3400KV.<\/p>\n\t<div id=\"accordion-2792938399\" class=\"accordion-item\">\n\t\t<a id=\"accordion-2792938399-label\" class=\"accordion-title plain\" href=\"#accordion-item-i\u0161matavimai\" aria-expanded=\"false\" aria-controls=\"accordion-2792938399-content\">\n\t\t\t<button class=\"toggle\" aria-label=\"Toggle\"><i class=\"icon-angle-down\" aria-hidden=\"true\"><\/i><\/button>\n\t\t\t<span>Measurements<\/span>\n\t\t<\/a>\n\t\t<div id=\"accordion-2792938399-content\" class=\"accordion-inner\" aria-labelledby=\"accordion-2792938399-label\">\n\t\t\t\n<img loading=\"lazy\" decoding=\"async\" class=\"alignnone wp-image-1636 size-full\" src=\"https:\/\/1dronas.lt\/wp-content\/uploads\/2021\/05\/887744466.jpg\" alt=\"\" width=\"600\" height=\"214\" srcset=\"https:\/\/1dronas.lt\/wp-content\/uploads\/2021\/05\/887744466.jpg 600w, https:\/\/1dronas.lt\/wp-content\/uploads\/2021\/05\/887744466-300x107.jpg 300w, https:\/\/1dronas.lt\/wp-content\/uploads\/2021\/05\/887744466-18x6.jpg 18w, https:\/\/1dronas.lt\/wp-content\/uploads\/2021\/05\/887744466-510x182.jpg 510w\" sizes=\"auto, (max-width: 600px) 100vw, 600px\" \/><br \/>\n\t\t<\/div>\n\t<\/div>\n\t\n\t<div id=\"accordion-779622710\" class=\"accordion-item\">\n\t\t<a id=\"accordion-779622710-label\" class=\"accordion-title plain\" href=\"#accordion-item-apkrovos-testavimas\" aria-expanded=\"false\" aria-controls=\"accordion-779622710-content\">\n\t\t\t<button class=\"toggle\" aria-label=\"Toggle\"><i class=\"icon-angle-down\" aria-hidden=\"true\"><\/i><\/button>\n\t\t\t<span>Load testing<\/span>\n\t\t<\/a>\n\t\t<div id=\"accordion-779622710-content\" class=\"accordion-inner\" aria-labelledby=\"accordion-779622710-label\">\n\t\t\t\n<img loading=\"lazy\" decoding=\"async\" class=\"alignnone wp-image-1638 size-full\" src=\"https:\/\/1dronas.lt\/wp-content\/uploads\/2021\/05\/var.jpg\" alt=\"\" width=\"600\" height=\"336\" srcset=\"https:\/\/1dronas.lt\/wp-content\/uploads\/2021\/05\/var.jpg 600w, https:\/\/1dronas.lt\/wp-content\/uploads\/2021\/05\/var-300x168.jpg 300w, https:\/\/1dronas.lt\/wp-content\/uploads\/2021\/05\/var-18x10.jpg 18w, https:\/\/1dronas.lt\/wp-content\/uploads\/2021\/05\/var-510x286.jpg 510w\" sizes=\"auto, (max-width: 600px) 100vw, 600px\" \/><\/p>\n\t\t<\/div>\n\t<\/div>\n\t\n<p>&nbsp;<\/p>\n<p><strong>\u2022<\/strong> RX:<br \/>\nModel: Frsky FCC.<\/p>\n<p style=\"text-align: left;\"><strong style=\"font-weight: 400;\"><b>\u2022 <\/b><\/strong>ESC:<br \/>\nManufacturer: BETAFPV;<br \/>\nContinuous current: 40A;<br \/>\nInput: 2-4s Lipo;<br \/>\nSupports: PWM, Oneshot125, Oneshot42, Multishot, Dshot150, Dshot300, Dshot600;<br \/>\nSupports RX: Support Frsky XM\/XM+ Receiver\/ Futaba Receiver\/Flysky Receiver\/DSMX Receiver\/TBS Crossfire Receiver (requires external connection);<br \/>\nMounting arrangement: 25.8 x 25.8mm;<br \/>\nSize: 33 x 33mm.<\/p>\n<p><strong style=\"font-weight: 400;\"><b>\u2022 <\/b><\/strong>VTX:<br \/>\nModel: Vista HD Digital;<br \/>\nAntenna: 3.5g;<br \/>\nOperating frequency: 5.725GHz \u2013 5.850GHz;<br \/>\nTransmitter Power(EiRP):FCC\/SRRC\/MIC: &lt;30dBm CE:&lt;14dBm;<br \/>\nMaximum transmission distance: FCC\/SRRC: 4km; CE: 0.7km;<br \/>\nInput voltage: 7.4 \u2013 26.4V;<br \/>\nDimensions: Vista Unit: 30mm x 29mm x 13mm;<br \/>\nWeight: 24g.<\/p>\n<p><strong style=\"font-weight: 400;\"><b>\u2022 <\/b><\/strong>Camera: Caddx Polar.<\/p>\n<p><strong style=\"font-weight: 400;\"><b>\u2022 <\/b><\/strong>FC:<br \/>\nManufacturer:BETAFPV;<br \/>\nModel: F722 35A AIO FC(BLHeli_S);<br \/>\nMCU: STM32F722RET6;<br \/>\nIMU: MPU6000 gyro\/accelerometer (SPI);<br \/>\nOSD: Built-in BetaFlight OSD (OSD chip: AT7456E);<br \/>\nInput voltage: 2-4s;<br \/>\nWeight: ~7.6g.<\/p>\n\t<div id=\"accordion-1228414664\" class=\"accordion-item\">\n\t\t<a id=\"accordion-1228414664-label\" class=\"accordion-title plain\" href=\"#accordion-item-i\u0161matavimai\" aria-expanded=\"false\" aria-controls=\"accordion-1228414664-content\">\n\t\t\t<button class=\"toggle\" aria-label=\"Toggle\"><i class=\"icon-angle-down\" aria-hidden=\"true\"><\/i><\/button>\n\t\t\t<span>Measurements<\/span>\n\t\t<\/a>\n\t\t<div id=\"accordion-1228414664-content\" class=\"accordion-inner\" aria-labelledby=\"accordion-1228414664-label\">\n\t\t\t\n<img loading=\"lazy\" decoding=\"async\" class=\"alignnone wp-image-1658 size-full\" src=\"https:\/\/1dronas.lt\/wp-content\/uploads\/2021\/05\/Plokst.jpg\" alt=\"\" width=\"600\" height=\"464\" srcset=\"https:\/\/1dronas.lt\/wp-content\/uploads\/2021\/05\/Plokst.jpg 600w, https:\/\/1dronas.lt\/wp-content\/uploads\/2021\/05\/Plokst-300x232.jpg 300w, https:\/\/1dronas.lt\/wp-content\/uploads\/2021\/05\/Plokst-16x12.jpg 16w, https:\/\/1dronas.lt\/wp-content\/uploads\/2021\/05\/Plokst-510x394.jpg 510w\" sizes=\"auto, (max-width: 600px) 100vw, 600px\" \/><br \/>\n\t\t<\/div>\n\t<\/div>\n\t\n\t<div id=\"accordion-3811090878\" class=\"accordion-item\">\n\t\t<a id=\"accordion-3811090878-label\" class=\"accordion-title plain\" href=\"#accordion-item-schema\" aria-expanded=\"false\" aria-controls=\"accordion-3811090878-content\">\n\t\t\t<button class=\"toggle\" aria-label=\"Toggle\"><i class=\"icon-angle-down\" aria-hidden=\"true\"><\/i><\/button>\n\t\t\t<span>Scheme<\/span>\n\t\t<\/a>\n\t\t<div id=\"accordion-3811090878-content\" class=\"accordion-inner\" aria-labelledby=\"accordion-3811090878-label\">\n\t\t\t\n<p><img loading=\"lazy\" decoding=\"async\" class=\"alignnone wp-image-1659 size-full\" src=\"https:\/\/1dronas.lt\/wp-content\/uploads\/2021\/05\/Diagram.jpg\" alt=\"\" width=\"600\" height=\"600\" srcset=\"https:\/\/1dronas.lt\/wp-content\/uploads\/2021\/05\/Diagram.jpg 600w, https:\/\/1dronas.lt\/wp-content\/uploads\/2021\/05\/Diagram-300x300.jpg 300w, https:\/\/1dronas.lt\/wp-content\/uploads\/2021\/05\/Diagram-150x150.jpg 150w, https:\/\/1dronas.lt\/wp-content\/uploads\/2021\/05\/Diagram-12x12.jpg 12w, https:\/\/1dronas.lt\/wp-content\/uploads\/2021\/05\/Diagram-247x247.jpg 247w, https:\/\/1dronas.lt\/wp-content\/uploads\/2021\/05\/Diagram-510x510.jpg 510w, https:\/\/1dronas.lt\/wp-content\/uploads\/2021\/05\/Diagram-100x100.jpg 100w\" sizes=\"auto, (max-width: 600px) 100vw, 600px\" \/><br \/>\n\t\t<\/div>\n\t<\/div>\n\t\n<p>&nbsp;<\/p>\n<p><strong style=\"font-weight: 400;\"><b>\u2022 <\/b><\/strong>Propellers:<br \/>\nModel: Gemfan D76 5-blade propellers;<br \/>\nMaterial: PC;<br \/>\nBlades: 5.<\/p>\n\t<div id=\"accordion-868851792\" class=\"accordion-item\">\n\t\t<a id=\"accordion-868851792-label\" class=\"accordion-title plain\" href=\"#accordion-item-i\u0161matavimai\" aria-expanded=\"false\" aria-controls=\"accordion-868851792-content\">\n\t\t\t<button class=\"toggle\" aria-label=\"Toggle\"><i class=\"icon-angle-down\" aria-hidden=\"true\"><\/i><\/button>\n\t\t\t<span>Measurements<\/span>\n\t\t<\/a>\n\t\t<div id=\"accordion-868851792-content\" class=\"accordion-inner\" aria-labelledby=\"accordion-868851792-label\">\n\t\t\t\n<img loading=\"lazy\" decoding=\"async\" class=\"alignnone wp-image-1677\" src=\"https:\/\/1dronas.lt\/wp-content\/uploads\/2021\/05\/Props.jpg\" alt=\"\" width=\"678\" height=\"339\" srcset=\"https:\/\/1dronas.lt\/wp-content\/uploads\/2021\/05\/Props.jpg 1024w, https:\/\/1dronas.lt\/wp-content\/uploads\/2021\/05\/Props-300x150.jpg 300w, https:\/\/1dronas.lt\/wp-content\/uploads\/2021\/05\/Props-768x384.jpg 768w, https:\/\/1dronas.lt\/wp-content\/uploads\/2021\/05\/Props-18x9.jpg 18w, https:\/\/1dronas.lt\/wp-content\/uploads\/2021\/05\/Props-510x255.jpg 510w\" sizes=\"auto, (max-width: 678px) 100vw, 678px\" \/><br \/>\n\t\t<\/div>\n\t<\/div>\n\t\n<p><strong>Package:<\/strong><\/p>\n<p>1x ready-to-fly drone;<br \/>\n<span style=\"color: #666666;\">1x 20mm FPV camera mount<\/span><span style=\"color: #666666;\">;<\/span><br \/>\n1x propeller set Gemfan D76-5 5-blade (2CW+2CCW);<br \/>\n1x Adapter Cable for Customized Naked Camera;<br \/>\n1x USB Adapter Board for FC.<\/p>\n<p><span style=\"color: #ed1c24;\">Battery is not included. <\/span><\/p>\n<p><strong>We recommend:<\/strong><\/p>\n<div class=\"woocommerce columns-4\"><div class=\"products row row-small large-columns-4 medium-columns-3 small-columns-2 has-shadow row-box-shadow-3 row-box-shadow-4-hover has-equal-box-heights equalize-box\">\n<\/div><!-- row -->\n<\/div>\n<p><span style=\"color: #ed1c24;\">\u00a0<\/span><\/p>","protected":false},"excerpt":{"rendered":"<p><span style=\"color: #333333;\">The newly designed Pavo30 frame is made of PA12 material and features a robustness that shows strong impact resistance in drop and impact tests.<\/span><\/p>\n<p><span style=\"color: #000000;\"><strong><img loading=\"lazy\" decoding=\"async\" class=\"alignnone wp-image-1806\" src=\"https:\/\/1dronas.lt\/wp-content\/uploads\/2021\/05\/delivery-icon.png\" alt=\"\" width=\"24\" height=\"24\" srcset=\"https:\/\/1dronas.lt\/wp-content\/uploads\/2021\/05\/delivery-icon.png 35w, https:\/\/1dronas.lt\/wp-content\/uploads\/2021\/05\/delivery-icon-12x12.png 12w\" sizes=\"auto, (max-width: 24px) 100vw, 24px\" \/>\u00a0 \u00a0<span style=\"font-size: 90%;\">1 \u2013 4 days<\/span><\/strong><\/span><\/p>","protected":false},"featured_media":1628,"comment_status":"open","ping_status":"closed","template":"","meta":[],"product_brand":[],"product_cat":[109,105,104],"product_tag":[69,110,54],"class_list":{"0":"post-1676","1":"product","2":"type-product","3":"status-publish","4":"has-post-thumbnail","6":"product_cat-cinewhoop","7":"product_cat-fpv-bnf-dronai","8":"product_cat-orlaiviai","9":"product_tag-betafpv","10":"product_tag-cinewhoop","11":"product_tag-fpv","13":"first","14":"outofstock","15":"sale","16":"featured","17":"purchasable","18":"product-type-simple"},"yoast_head":"<!-- This site is optimized with the Yoast SEO plugin v27.5 - https:\/\/yoast.com\/product\/yoast-seo-wordpress\/ -->\n<title>BETAFPV Pavo30 CineWhoop \u2013 (HD Digital VTX) - 1dronas.lt<\/title>\n<meta name=\"robots\" content=\"index, follow, max-snippet:-1, max-image-preview:large, max-video-preview:-1\" \/>\n<link rel=\"canonical\" href=\"https:\/\/1dronas.lt\/en\/produktas\/betafpv-pavo30-cinewhoop-hd-digital-vtx\/\" \/>\n<meta property=\"og:locale\" content=\"en_US\" \/>\n<meta property=\"og:type\" content=\"article\" \/>\n<meta property=\"og:title\" content=\"BETAFPV Pavo30 CineWhoop \u2013 (HD Digital VTX) - 1dronas.lt\" \/>\n<meta property=\"og:description\" content=\"Naujai sukurtas \u201ePavo30\u201c r\u0117mas pagamintas i\u0161 PA12 med\u017eiagos pasi\u017eymi tvirtumu, kuris rodo stipr\u0173 atsparum\u0105 sm\u016bgiams atliekant kritimo ir sm\u016bgio bandymus.  \u00a0 \u00a01 - 4 d. d.\" \/>\n<meta property=\"og:url\" content=\"https:\/\/1dronas.lt\/en\/produktas\/betafpv-pavo30-cinewhoop-hd-digital-vtx\/\" \/>\n<meta property=\"og:site_name\" content=\"1dronas.lt\" \/>\n<meta property=\"article:publisher\" content=\"https:\/\/www.facebook.com\/1dronas\/\" \/>\n<meta property=\"article:modified_time\" content=\"2024-02-08T23:28:48+00:00\" \/>\n<meta property=\"og:image\" content=\"https:\/\/1dronas.lt\/wp-content\/uploads\/2021\/05\/beta1.jpg\" \/>\n\t<meta property=\"og:image:width\" content=\"720\" \/>\n\t<meta property=\"og:image:height\" content=\"720\" \/>\n\t<meta property=\"og:image:type\" content=\"image\/jpeg\" \/>\n<meta name=\"twitter:card\" content=\"summary_large_image\" \/>\n<meta name=\"twitter:label1\" content=\"Est. reading time\" \/>\n\t<meta name=\"twitter:data1\" content=\"3 minutes\" \/>\n<script type=\"application\/ld+json\" class=\"yoast-schema-graph\">{\"@context\":\"https:\\\/\\\/schema.org\",\"@graph\":[{\"@type\":\"WebPage\",\"@id\":\"https:\\\/\\\/1dronas.lt\\\/en\\\/produktas\\\/betafpv-pavo30-cinewhoop-hd-digital-vtx\\\/\",\"url\":\"https:\\\/\\\/1dronas.lt\\\/en\\\/produktas\\\/betafpv-pavo30-cinewhoop-hd-digital-vtx\\\/\",\"name\":\"BETAFPV Pavo30 CineWhoop \u2013 (HD Digital VTX) - 1dronas.lt\",\"isPartOf\":{\"@id\":\"https:\\\/\\\/1dronas.lt\\\/en\\\/#website\"},\"primaryImageOfPage\":{\"@id\":\"https:\\\/\\\/1dronas.lt\\\/en\\\/produktas\\\/betafpv-pavo30-cinewhoop-hd-digital-vtx\\\/#primaryimage\"},\"image\":{\"@id\":\"https:\\\/\\\/1dronas.lt\\\/en\\\/produktas\\\/betafpv-pavo30-cinewhoop-hd-digital-vtx\\\/#primaryimage\"},\"thumbnailUrl\":\"https:\\\/\\\/1dronas.lt\\\/wp-content\\\/uploads\\\/2021\\\/05\\\/beta1.jpg\",\"datePublished\":\"2021-05-15T11:39:40+00:00\",\"dateModified\":\"2024-02-08T23:28:48+00:00\",\"breadcrumb\":{\"@id\":\"https:\\\/\\\/1dronas.lt\\\/en\\\/produktas\\\/betafpv-pavo30-cinewhoop-hd-digital-vtx\\\/#breadcrumb\"},\"inLanguage\":\"en-US\",\"potentialAction\":[{\"@type\":\"ReadAction\",\"target\":[\"https:\\\/\\\/1dronas.lt\\\/en\\\/produktas\\\/betafpv-pavo30-cinewhoop-hd-digital-vtx\\\/\"]}]},{\"@type\":\"ImageObject\",\"inLanguage\":\"en-US\",\"@id\":\"https:\\\/\\\/1dronas.lt\\\/en\\\/produktas\\\/betafpv-pavo30-cinewhoop-hd-digital-vtx\\\/#primaryimage\",\"url\":\"https:\\\/\\\/1dronas.lt\\\/wp-content\\\/uploads\\\/2021\\\/05\\\/beta1.jpg\",\"contentUrl\":\"https:\\\/\\\/1dronas.lt\\\/wp-content\\\/uploads\\\/2021\\\/05\\\/beta1.jpg\",\"width\":720,\"height\":720},{\"@type\":\"BreadcrumbList\",\"@id\":\"https:\\\/\\\/1dronas.lt\\\/en\\\/produktas\\\/betafpv-pavo30-cinewhoop-hd-digital-vtx\\\/#breadcrumb\",\"itemListElement\":[{\"@type\":\"ListItem\",\"position\":1,\"name\":\"Home\",\"item\":\"https:\\\/\\\/1dronas.lt\\\/\"},{\"@type\":\"ListItem\",\"position\":2,\"name\":\"Parduotuv\u0117\",\"item\":\"https:\\\/\\\/1dronas.lt\\\/parduotuve\\\/\"},{\"@type\":\"ListItem\",\"position\":3,\"name\":\"BETAFPV Pavo30 CineWhoop \u2013 (HD Digital VTX)\"}]},{\"@type\":\"WebSite\",\"@id\":\"https:\\\/\\\/1dronas.lt\\\/en\\\/#website\",\"url\":\"https:\\\/\\\/1dronas.lt\\\/en\\\/\",\"name\":\"1dronas.lt\",\"description\":\"Internetin\u0117 parduotuv\u0117\",\"publisher\":{\"@id\":\"https:\\\/\\\/1dronas.lt\\\/en\\\/#organization\"},\"potentialAction\":[{\"@type\":\"SearchAction\",\"target\":{\"@type\":\"EntryPoint\",\"urlTemplate\":\"https:\\\/\\\/1dronas.lt\\\/en\\\/?s={search_term_string}\"},\"query-input\":{\"@type\":\"PropertyValueSpecification\",\"valueRequired\":true,\"valueName\":\"search_term_string\"}}],\"inLanguage\":\"en-US\"},{\"@type\":\"Organization\",\"@id\":\"https:\\\/\\\/1dronas.lt\\\/en\\\/#organization\",\"name\":\"1dronas.lt\",\"url\":\"https:\\\/\\\/1dronas.lt\\\/en\\\/\",\"logo\":{\"@type\":\"ImageObject\",\"inLanguage\":\"en-US\",\"@id\":\"https:\\\/\\\/1dronas.lt\\\/en\\\/#\\\/schema\\\/logo\\\/image\\\/\",\"url\":\"https:\\\/\\\/1dronas.lt\\\/wp-content\\\/uploads\\\/2020\\\/12\\\/Ekrano_kopija__2_-removebg-preview-1-1.png\",\"contentUrl\":\"https:\\\/\\\/1dronas.lt\\\/wp-content\\\/uploads\\\/2020\\\/12\\\/Ekrano_kopija__2_-removebg-preview-1-1.png\",\"width\":234,\"height\":81,\"caption\":\"1dronas.lt\"},\"image\":{\"@id\":\"https:\\\/\\\/1dronas.lt\\\/en\\\/#\\\/schema\\\/logo\\\/image\\\/\"},\"sameAs\":[\"https:\\\/\\\/www.facebook.com\\\/1dronas\\\/\"]}]}<\/script>\n<!-- \/ Yoast SEO plugin. -->","yoast_head_json":{"title":"BETAFPV Pavo30 CineWhoop \u2013 (HD Digital VTX) - 1dronas.lt","robots":{"index":"index","follow":"follow","max-snippet":"max-snippet:-1","max-image-preview":"max-image-preview:large","max-video-preview":"max-video-preview:-1"},"canonical":"https:\/\/1dronas.lt\/en\/produktas\/betafpv-pavo30-cinewhoop-hd-digital-vtx\/","og_locale":"en_US","og_type":"article","og_title":"BETAFPV Pavo30 CineWhoop \u2013 (HD Digital VTX) - 1dronas.lt","og_description":"Naujai sukurtas \u201ePavo30\u201c r\u0117mas pagamintas i\u0161 PA12 med\u017eiagos pasi\u017eymi tvirtumu, kuris rodo stipr\u0173 atsparum\u0105 sm\u016bgiams atliekant kritimo ir sm\u016bgio bandymus.  \u00a0 \u00a01 - 4 d. d.","og_url":"https:\/\/1dronas.lt\/en\/produktas\/betafpv-pavo30-cinewhoop-hd-digital-vtx\/","og_site_name":"1dronas.lt","article_publisher":"https:\/\/www.facebook.com\/1dronas\/","article_modified_time":"2024-02-08T23:28:48+00:00","og_image":[{"width":720,"height":720,"url":"https:\/\/1dronas.lt\/wp-content\/uploads\/2021\/05\/beta1.jpg","type":"image\/jpeg"}],"twitter_card":"summary_large_image","twitter_misc":{"Est. reading time":"3 minutes"},"schema":{"@context":"https:\/\/schema.org","@graph":[{"@type":"WebPage","@id":"https:\/\/1dronas.lt\/en\/produktas\/betafpv-pavo30-cinewhoop-hd-digital-vtx\/","url":"https:\/\/1dronas.lt\/en\/produktas\/betafpv-pavo30-cinewhoop-hd-digital-vtx\/","name":"BETAFPV Pavo30 CineWhoop \u2013 (HD Digital VTX) - 1dronas.lt","isPartOf":{"@id":"https:\/\/1dronas.lt\/en\/#website"},"primaryImageOfPage":{"@id":"https:\/\/1dronas.lt\/en\/produktas\/betafpv-pavo30-cinewhoop-hd-digital-vtx\/#primaryimage"},"image":{"@id":"https:\/\/1dronas.lt\/en\/produktas\/betafpv-pavo30-cinewhoop-hd-digital-vtx\/#primaryimage"},"thumbnailUrl":"https:\/\/1dronas.lt\/wp-content\/uploads\/2021\/05\/beta1.jpg","datePublished":"2021-05-15T11:39:40+00:00","dateModified":"2024-02-08T23:28:48+00:00","breadcrumb":{"@id":"https:\/\/1dronas.lt\/en\/produktas\/betafpv-pavo30-cinewhoop-hd-digital-vtx\/#breadcrumb"},"inLanguage":"en-US","potentialAction":[{"@type":"ReadAction","target":["https:\/\/1dronas.lt\/en\/produktas\/betafpv-pavo30-cinewhoop-hd-digital-vtx\/"]}]},{"@type":"ImageObject","inLanguage":"en-US","@id":"https:\/\/1dronas.lt\/en\/produktas\/betafpv-pavo30-cinewhoop-hd-digital-vtx\/#primaryimage","url":"https:\/\/1dronas.lt\/wp-content\/uploads\/2021\/05\/beta1.jpg","contentUrl":"https:\/\/1dronas.lt\/wp-content\/uploads\/2021\/05\/beta1.jpg","width":720,"height":720},{"@type":"BreadcrumbList","@id":"https:\/\/1dronas.lt\/en\/produktas\/betafpv-pavo30-cinewhoop-hd-digital-vtx\/#breadcrumb","itemListElement":[{"@type":"ListItem","position":1,"name":"Home","item":"https:\/\/1dronas.lt\/"},{"@type":"ListItem","position":2,"name":"Parduotuv\u0117","item":"https:\/\/1dronas.lt\/parduotuve\/"},{"@type":"ListItem","position":3,"name":"BETAFPV Pavo30 CineWhoop \u2013 (HD Digital VTX)"}]},{"@type":"WebSite","@id":"https:\/\/1dronas.lt\/en\/#website","url":"https:\/\/1dronas.lt\/en\/","name":"1dronas.lt","description":"Online store","publisher":{"@id":"https:\/\/1dronas.lt\/en\/#organization"},"potentialAction":[{"@type":"SearchAction","target":{"@type":"EntryPoint","urlTemplate":"https:\/\/1dronas.lt\/en\/?s={search_term_string}"},"query-input":{"@type":"PropertyValueSpecification","valueRequired":true,"valueName":"search_term_string"}}],"inLanguage":"en-US"},{"@type":"Organization","@id":"https:\/\/1dronas.lt\/en\/#organization","name":"1dronas.lt","url":"https:\/\/1dronas.lt\/en\/","logo":{"@type":"ImageObject","inLanguage":"en-US","@id":"https:\/\/1dronas.lt\/en\/#\/schema\/logo\/image\/","url":"https:\/\/1dronas.lt\/wp-content\/uploads\/2020\/12\/Ekrano_kopija__2_-removebg-preview-1-1.png","contentUrl":"https:\/\/1dronas.lt\/wp-content\/uploads\/2020\/12\/Ekrano_kopija__2_-removebg-preview-1-1.png","width":234,"height":81,"caption":"1dronas.lt"},"image":{"@id":"https:\/\/1dronas.lt\/en\/#\/schema\/logo\/image\/"},"sameAs":["https:\/\/www.facebook.com\/1dronas\/"]}]}},"jetpack_sharing_enabled":true,"_links":{"self":[{"href":"https:\/\/1dronas.lt\/en\/wp-json\/wp\/v2\/product\/1676","targetHints":{"allow":["GET"]}}],"collection":[{"href":"https:\/\/1dronas.lt\/en\/wp-json\/wp\/v2\/product"}],"about":[{"href":"https:\/\/1dronas.lt\/en\/wp-json\/wp\/v2\/types\/product"}],"replies":[{"embeddable":true,"href":"https:\/\/1dronas.lt\/en\/wp-json\/wp\/v2\/comments?post=1676"}],"wp:featuredmedia":[{"embeddable":true,"href":"https:\/\/1dronas.lt\/en\/wp-json\/wp\/v2\/media\/1628"}],"wp:attachment":[{"href":"https:\/\/1dronas.lt\/en\/wp-json\/wp\/v2\/media?parent=1676"}],"wp:term":[{"taxonomy":"product_brand","embeddable":true,"href":"https:\/\/1dronas.lt\/en\/wp-json\/wp\/v2\/product_brand?post=1676"},{"taxonomy":"product_cat","embeddable":true,"href":"https:\/\/1dronas.lt\/en\/wp-json\/wp\/v2\/product_cat?post=1676"},{"taxonomy":"product_tag","embeddable":true,"href":"https:\/\/1dronas.lt\/en\/wp-json\/wp\/v2\/product_tag?post=1676"}],"curies":[{"name":"wp","href":"https:\/\/api.w.org\/{rel}","templated":true}]}}