{"id":16631,"date":"2026-02-13T19:23:31","date_gmt":"2026-02-13T17:23:31","guid":{"rendered":"https:\/\/1dronas.lt\/?post_type=product&#038;p=16631"},"modified":"2026-03-03T15:32:13","modified_gmt":"2026-03-03T13:32:13","slug":"flywoo-goku-gn405-nano-hd-fc-v3-w-txco-elrs-2-4g-plugplay-o4-o4-pro","status":"publish","type":"product","link":"https:\/\/1dronas.lt\/en\/produktas\/flywoo-goku-gn405-nano-hd-fc-v3-w-txco-elrs-2-4g-plugplay-o4-o4-pro\/","title":{"rendered":"Flywoo GOKU GN405 Nano HD FC V3 W\/ TXCO ELRS 2.4g Plug&amp;Play O4 \/ O4 Pro"},"content":{"rendered":"<p>Flywoo GOKU GN405 Nano FC V3 with ELRS 2.4G is a compact and updated flight controller (FC) board with a reduced design. It has a universal USB-C port and six UART ports, providing extensive connectivity options. The integrated high-precision TCXO ELRS receiver saves space in micro drones, and compatibility with QUAD and HEX configurations ensures flexible use in different projects.<\/p>\n<p><img loading=\"lazy\" decoding=\"async\" class=\"alignnone wp-image-16642 size-full\" src=\"https:\/\/1dronas.lt\/wp-content\/uploads\/2026\/02\/GOKU-GN405-Nano-FC-V3-w-ELRS-2-4g-16x16-EN-5-scaled.jpg\" alt=\"\" width=\"1495\" height=\"2560\" srcset=\"https:\/\/1dronas.lt\/wp-content\/uploads\/2026\/02\/GOKU-GN405-Nano-FC-V3-w-ELRS-2-4g-16x16-EN-5-scaled.jpg 1495w, https:\/\/1dronas.lt\/wp-content\/uploads\/2026\/02\/GOKU-GN405-Nano-FC-V3-w-ELRS-2-4g-16x16-EN-5-175x300.jpg 175w, https:\/\/1dronas.lt\/wp-content\/uploads\/2026\/02\/GOKU-GN405-Nano-FC-V3-w-ELRS-2-4g-16x16-EN-5-598x1024.jpg 598w, https:\/\/1dronas.lt\/wp-content\/uploads\/2026\/02\/GOKU-GN405-Nano-FC-V3-w-ELRS-2-4g-16x16-EN-5-768x1315.jpg 768w, https:\/\/1dronas.lt\/wp-content\/uploads\/2026\/02\/GOKU-GN405-Nano-FC-V3-w-ELRS-2-4g-16x16-EN-5-897x1536.jpg 897w, https:\/\/1dronas.lt\/wp-content\/uploads\/2026\/02\/GOKU-GN405-Nano-FC-V3-w-ELRS-2-4g-16x16-EN-5-1196x2048.jpg 1196w, https:\/\/1dronas.lt\/wp-content\/uploads\/2026\/02\/GOKU-GN405-Nano-FC-V3-w-ELRS-2-4g-16x16-EN-5-7x12.jpg 7w, https:\/\/1dronas.lt\/wp-content\/uploads\/2026\/02\/GOKU-GN405-Nano-FC-V3-w-ELRS-2-4g-16x16-EN-5-510x873.jpg 510w\" sizes=\"auto, (max-width: 1495px) 100vw, 1495px\" \/><\/p>\n<p><strong>Features:<\/strong><\/p>\n<p data-start=\"1022\" data-end=\"1071\">\u2022 16 x16 mounting holes and compact design;<br \/>\n\u2022 Integrated TCXO ELRS receiver;<br \/>\n\u2022 Direct connection to DJI O3\/O4 Air Unit;<br \/>\n\u2022 FC\/ESC connector system, compatible with QUAD\/HEX;<br \/>\n\u2022 Integrated barometer;<br \/>\n\u2022 16 MB Blackbox memory;<br \/>\n\u2022 Universal USB-C port.<\/p>\n<p data-start=\"1022\" data-end=\"1071\"><strong>Specification:<\/strong><\/p>\n<p data-start=\"1022\" data-end=\"1071\">\u2022 Model: Flywoo GOKU GN405 Nano HD FC V3 with ELRS 2.4G;<br data-start=\"72\" data-end=\"75\" \/>\u2022 MCU: STM32F405 BGA;<br data-start=\"93\" data-end=\"96\" \/>\u2022 Gyroscope (IMU): ICM-42688P (SPI);<br data-start=\"130\" data-end=\"133\" \/>\u2022 OSD: None;<br data-start=\"142\" data-end=\"145\" \/>\u2022 Barometer: DP310;<br data-start=\"162\" data-end=\"165\" \/>\u2022 Black Box memory: 16MB;<br data-start=\"189\" data-end=\"192\" \/>\u2022 USB connector: Type-C;<br data-start=\"211\" data-end=\"214\" \/>\u2022 UART: UART1, UART2, UART3, UART4, UART5 (SBUS), UART6 (ELRS);<br data-start=\"274\" data-end=\"277\" \/>\u2022 Input voltage: 7.4V \u2013 24V \/ 2\u20136S LiPo;<br data-start=\"314\" data-end=\"317\" \/>\u2022 BEC: 5V 2A \/ 3.3V 0.5A;<br data-start=\"339\" data-end=\"342\" \/>\u2022 Dimensions: 25mm x 23mm x 8mm;<br data-start=\"369\" data-end=\"372\" \/>\u2022 Mounting holes: M2 16 x 16mm;<br data-start=\"401\" data-end=\"404\" \/>\u2022 Weight: 3g (FC), 7.8g (FC+20A), 9.4g (FC+20A HEX), 6.5g (FC+35A).<\/p>\n<p data-start=\"1022\" data-end=\"1071\"><strong>Measurements:<\/strong><\/p>\n<p data-start=\"1022\" data-end=\"1071\"><img loading=\"lazy\" decoding=\"async\" class=\"alignnone wp-image-16637 size-large\" src=\"https:\/\/1dronas.lt\/wp-content\/uploads\/2026\/02\/4-35_1512x-e1771001941156-1024x752.jpg\" alt=\"\" width=\"1020\" height=\"749\" srcset=\"https:\/\/1dronas.lt\/wp-content\/uploads\/2026\/02\/4-35_1512x-e1771001941156-1024x752.jpg 1024w, https:\/\/1dronas.lt\/wp-content\/uploads\/2026\/02\/4-35_1512x-e1771001941156-300x220.jpg 300w, https:\/\/1dronas.lt\/wp-content\/uploads\/2026\/02\/4-35_1512x-e1771001941156-768x564.jpg 768w, https:\/\/1dronas.lt\/wp-content\/uploads\/2026\/02\/4-35_1512x-e1771001941156-16x12.jpg 16w, https:\/\/1dronas.lt\/wp-content\/uploads\/2026\/02\/4-35_1512x-e1771001941156-510x374.jpg 510w, https:\/\/1dronas.lt\/wp-content\/uploads\/2026\/02\/4-35_1512x-e1771001941156.jpg 1512w\" sizes=\"auto, (max-width: 1020px) 100vw, 1020px\" \/><\/p>\n<p data-start=\"1022\" data-end=\"1071\">This flight controller integrates the new Flywoo TCXO 2.4G ELRS receiver, which is more stable and reliable. This solution allows for neat assembly of drone components and avoids complicated soldering.<\/p>\n<p data-start=\"1022\" data-end=\"1071\"><img loading=\"lazy\" decoding=\"async\" class=\"alignnone wp-image-16641 size-full\" src=\"https:\/\/1dronas.lt\/wp-content\/uploads\/2026\/02\/GOKU-GN405-Nano-FC-V3-w-ELRS-2-4g-16x16-EN-4.jpg\" alt=\"\" width=\"1600\" height=\"2007\" srcset=\"https:\/\/1dronas.lt\/wp-content\/uploads\/2026\/02\/GOKU-GN405-Nano-FC-V3-w-ELRS-2-4g-16x16-EN-4.jpg 1600w, https:\/\/1dronas.lt\/wp-content\/uploads\/2026\/02\/GOKU-GN405-Nano-FC-V3-w-ELRS-2-4g-16x16-EN-4-239x300.jpg 239w, https:\/\/1dronas.lt\/wp-content\/uploads\/2026\/02\/GOKU-GN405-Nano-FC-V3-w-ELRS-2-4g-16x16-EN-4-816x1024.jpg 816w, https:\/\/1dronas.lt\/wp-content\/uploads\/2026\/02\/GOKU-GN405-Nano-FC-V3-w-ELRS-2-4g-16x16-EN-4-768x963.jpg 768w, https:\/\/1dronas.lt\/wp-content\/uploads\/2026\/02\/GOKU-GN405-Nano-FC-V3-w-ELRS-2-4g-16x16-EN-4-1225x1536.jpg 1225w, https:\/\/1dronas.lt\/wp-content\/uploads\/2026\/02\/GOKU-GN405-Nano-FC-V3-w-ELRS-2-4g-16x16-EN-4-10x12.jpg 10w, https:\/\/1dronas.lt\/wp-content\/uploads\/2026\/02\/GOKU-GN405-Nano-FC-V3-w-ELRS-2-4g-16x16-EN-4-510x640.jpg 510w\" sizes=\"auto, (max-width: 1600px) 100vw, 1600px\" \/><\/p>\n<p data-start=\"1022\" data-end=\"1071\"><strong>Package:<\/strong><\/p>\n<p data-start=\"177\" data-end=\"369\">1x Flywoo GOKU GN405 Nano HD FC V3 with TCXO ELRS;<br data-start=\"224\" data-end=\"227\" \/>1x T-type 2.4G antenna;<br data-start=\"248\" data-end=\"251\" \/>1x DJI O3 connection cable;<br data-start=\"279\" data-end=\"282\" \/>4x anti-vibration balls.<\/p>\n<p data-start=\"177\" data-end=\"369\"><strong>Connection \/ Diagram:<\/strong><\/p>\n<p data-start=\"177\" data-end=\"369\"><img loading=\"lazy\" decoding=\"async\" class=\"alignnone wp-image-16644 size-full\" src=\"https:\/\/1dronas.lt\/wp-content\/uploads\/2026\/02\/img-v3-02mv-abe96880-00f6-4265-9594-35cdf35b16eg.jpg\" alt=\"\" width=\"1600\" height=\"2472\" \/><\/p>\n<p data-start=\"1022\" data-end=\"1071\"><img loading=\"lazy\" decoding=\"async\" class=\"alignnone wp-image-16643 size-full\" src=\"https:\/\/1dronas.lt\/wp-content\/uploads\/2026\/02\/img-v3-02mv-678524cd-906c-4f19-b509-0f0f1feb286g-scaled-e1771003835734.jpg\" alt=\"\" width=\"1300\" height=\"2368\" srcset=\"https:\/\/1dronas.lt\/wp-content\/uploads\/2026\/02\/img-v3-02mv-678524cd-906c-4f19-b509-0f0f1feb286g-scaled-e1771003835734.jpg 1300w, https:\/\/1dronas.lt\/wp-content\/uploads\/2026\/02\/img-v3-02mv-678524cd-906c-4f19-b509-0f0f1feb286g-scaled-e1771003835734-165x300.jpg 165w, https:\/\/1dronas.lt\/wp-content\/uploads\/2026\/02\/img-v3-02mv-678524cd-906c-4f19-b509-0f0f1feb286g-scaled-e1771003835734-562x1024.jpg 562w, https:\/\/1dronas.lt\/wp-content\/uploads\/2026\/02\/img-v3-02mv-678524cd-906c-4f19-b509-0f0f1feb286g-scaled-e1771003835734-768x1399.jpg 768w, https:\/\/1dronas.lt\/wp-content\/uploads\/2026\/02\/img-v3-02mv-678524cd-906c-4f19-b509-0f0f1feb286g-scaled-e1771003835734-843x1536.jpg 843w, https:\/\/1dronas.lt\/wp-content\/uploads\/2026\/02\/img-v3-02mv-678524cd-906c-4f19-b509-0f0f1feb286g-scaled-e1771003835734-1124x2048.jpg 1124w, https:\/\/1dronas.lt\/wp-content\/uploads\/2026\/02\/img-v3-02mv-678524cd-906c-4f19-b509-0f0f1feb286g-scaled-e1771003835734-7x12.jpg 7w, https:\/\/1dronas.lt\/wp-content\/uploads\/2026\/02\/img-v3-02mv-678524cd-906c-4f19-b509-0f0f1feb286g-scaled-e1771003835734-510x929.jpg 510w\" sizes=\"auto, (max-width: 1300px) 100vw, 1300px\" \/><\/p>","protected":false},"excerpt":{"rendered":"<p><span style=\"color: #333333;\">Flywoo GOKU GN405 Nano HD FC V3 is a modern, ultra-compact flight controller board with an integrated TCXO ELRS receiver and USB-C connector. Designed to ensure stable operation, clean assembly, and maximum performance in even the smallest FPV drones.<\/span><\/p>\n<p><span style=\"color: #333333;\"><strong><img loading=\"lazy\" decoding=\"async\" class=\"alignnone wp-image-1806\" src=\"https:\/\/1dronas.lt\/wp-content\/uploads\/2021\/05\/delivery-icon.png\" alt=\"\" width=\"24\" height=\"24\" srcset=\"https:\/\/1dronas.lt\/wp-content\/uploads\/2021\/05\/delivery-icon.png 35w, https:\/\/1dronas.lt\/wp-content\/uploads\/2021\/05\/delivery-icon-12x12.png 12w\" sizes=\"auto, (max-width: 24px) 100vw, 24px\" \/>\u00a0\u00a0\u00a0<span style=\"font-size: 90%;\">1 \u2013 2 days<\/span><\/strong><\/span><\/p>","protected":false},"featured_media":16635,"comment_status":"open","ping_status":"closed","template":"","meta":[],"product_brand":[1152],"product_cat":[217],"product_tag":[494,493,176,151,90,1183,43,965,1179],"class_list":{"0":"post-16631","1":"product","2":"type-product","3":"status-publish","4":"has-post-thumbnail","6":"product_brand-flywoo","7":"product_cat-skydzio-valdikliai-fc-aio-stack","8":"product_tag-dji-o4-air-unit","9":"product_tag-dji-o4-air-unit-pro","10":"product_tag-elrs","11":"product_tag-fc","12":"product_tag-flywoo","13":"product_tag-goku-gn405","14":"product_tag-hd","15":"product_tag-nano","16":"product_tag-plugplay","18":"first","19":"outofstock","20":"taxable","21":"shipping-taxable","22":"purchasable","23":"product-type-simple"},"yoast_head":"<!-- This site is optimized with the Yoast SEO plugin v27.4 - https:\/\/yoast.com\/product\/yoast-seo-wordpress\/ -->\n<title>Flywoo GOKU GN405 Nano HD FC V3 W\/ TXCO ELRS 2.4g Plug&amp;Play O4 \/ O4 Pro - 1dronas.lt<\/title>\n<meta name=\"robots\" content=\"index, follow, max-snippet:-1, max-image-preview:large, max-video-preview:-1\" \/>\n<link rel=\"canonical\" href=\"https:\/\/1dronas.lt\/en\/produktas\/flywoo-goku-gn405-nano-hd-fc-v3-w-txco-elrs-2-4g-plugplay-o4-o4-pro\/\" \/>\n<meta property=\"og:locale\" content=\"en_US\" \/>\n<meta property=\"og:type\" content=\"article\" \/>\n<meta property=\"og:title\" content=\"Flywoo GOKU GN405 Nano HD FC V3 W\/ TXCO ELRS 2.4g Plug&amp;Play O4 \/ O4 Pro - 1dronas.lt\" \/>\n<meta property=\"og:description\" content=\"Flywoo GOKU GN405 Nano HD FC V3 \u2013 tai moderni, itin kompakti\u0161ka skryd\u017eio valdiklio plok\u0161t\u0117 su integruotu TCXO ELRS imtuvu ir USB-C jungtimi. Sukurta u\u017etikrinti stabil\u0173 veikim\u0105, \u0161var\u0173 surinkim\u0105 ir maksimal\u0173 na\u0161um\u0105 net ma\u017eiausiuose FPV dronuose.  \u00a0\u00a0\u00a01 \u2013 2 d. d.\" \/>\n<meta property=\"og:url\" content=\"https:\/\/1dronas.lt\/en\/produktas\/flywoo-goku-gn405-nano-hd-fc-v3-w-txco-elrs-2-4g-plugplay-o4-o4-pro\/\" \/>\n<meta property=\"og:site_name\" content=\"1dronas.lt\" \/>\n<meta property=\"article:publisher\" content=\"https:\/\/www.facebook.com\/1dronas\/\" \/>\n<meta property=\"article:modified_time\" content=\"2026-03-03T13:32:13+00:00\" \/>\n<meta property=\"og:image\" content=\"https:\/\/1dronas.lt\/wp-content\/uploads\/2026\/02\/3-54_1512x.jpg\" \/>\n\t<meta property=\"og:image:width\" content=\"1512\" \/>\n\t<meta property=\"og:image:height\" content=\"1512\" \/>\n\t<meta property=\"og:image:type\" content=\"image\/jpeg\" \/>\n<meta name=\"twitter:card\" content=\"summary_large_image\" \/>\n<meta name=\"twitter:label1\" content=\"Est. reading time\" \/>\n\t<meta name=\"twitter:data1\" content=\"3 minutes\" \/>\n<script type=\"application\/ld+json\" class=\"yoast-schema-graph\">{\"@context\":\"https:\\\/\\\/schema.org\",\"@graph\":[{\"@type\":\"WebPage\",\"@id\":\"https:\\\/\\\/1dronas.lt\\\/en\\\/produktas\\\/flywoo-goku-gn405-nano-hd-fc-v3-w-txco-elrs-2-4g-plugplay-o4-o4-pro\\\/\",\"url\":\"https:\\\/\\\/1dronas.lt\\\/en\\\/produktas\\\/flywoo-goku-gn405-nano-hd-fc-v3-w-txco-elrs-2-4g-plugplay-o4-o4-pro\\\/\",\"name\":\"Flywoo GOKU GN405 Nano HD FC V3 W\\\/ TXCO ELRS 2.4g Plug&Play O4 \\\/ O4 Pro - 1dronas.lt\",\"isPartOf\":{\"@id\":\"https:\\\/\\\/1dronas.lt\\\/en\\\/#website\"},\"primaryImageOfPage\":{\"@id\":\"https:\\\/\\\/1dronas.lt\\\/en\\\/produktas\\\/flywoo-goku-gn405-nano-hd-fc-v3-w-txco-elrs-2-4g-plugplay-o4-o4-pro\\\/#primaryimage\"},\"image\":{\"@id\":\"https:\\\/\\\/1dronas.lt\\\/en\\\/produktas\\\/flywoo-goku-gn405-nano-hd-fc-v3-w-txco-elrs-2-4g-plugplay-o4-o4-pro\\\/#primaryimage\"},\"thumbnailUrl\":\"https:\\\/\\\/1dronas.lt\\\/wp-content\\\/uploads\\\/2026\\\/02\\\/3-54_1512x.jpg\",\"datePublished\":\"2026-02-13T17:23:31+00:00\",\"dateModified\":\"2026-03-03T13:32:13+00:00\",\"breadcrumb\":{\"@id\":\"https:\\\/\\\/1dronas.lt\\\/en\\\/produktas\\\/flywoo-goku-gn405-nano-hd-fc-v3-w-txco-elrs-2-4g-plugplay-o4-o4-pro\\\/#breadcrumb\"},\"inLanguage\":\"en-US\",\"potentialAction\":[{\"@type\":\"ReadAction\",\"target\":[\"https:\\\/\\\/1dronas.lt\\\/en\\\/produktas\\\/flywoo-goku-gn405-nano-hd-fc-v3-w-txco-elrs-2-4g-plugplay-o4-o4-pro\\\/\"]}]},{\"@type\":\"ImageObject\",\"inLanguage\":\"en-US\",\"@id\":\"https:\\\/\\\/1dronas.lt\\\/en\\\/produktas\\\/flywoo-goku-gn405-nano-hd-fc-v3-w-txco-elrs-2-4g-plugplay-o4-o4-pro\\\/#primaryimage\",\"url\":\"https:\\\/\\\/1dronas.lt\\\/wp-content\\\/uploads\\\/2026\\\/02\\\/3-54_1512x.jpg\",\"contentUrl\":\"https:\\\/\\\/1dronas.lt\\\/wp-content\\\/uploads\\\/2026\\\/02\\\/3-54_1512x.jpg\",\"width\":1512,\"height\":1512},{\"@type\":\"BreadcrumbList\",\"@id\":\"https:\\\/\\\/1dronas.lt\\\/en\\\/produktas\\\/flywoo-goku-gn405-nano-hd-fc-v3-w-txco-elrs-2-4g-plugplay-o4-o4-pro\\\/#breadcrumb\",\"itemListElement\":[{\"@type\":\"ListItem\",\"position\":1,\"name\":\"Home\",\"item\":\"https:\\\/\\\/1dronas.lt\\\/\"},{\"@type\":\"ListItem\",\"position\":2,\"name\":\"Parduotuv\u0117\",\"item\":\"https:\\\/\\\/1dronas.lt\\\/parduotuve\\\/\"},{\"@type\":\"ListItem\",\"position\":3,\"name\":\"Flywoo GOKU GN405 Nano HD FC V3 W\\\/ TXCO ELRS 2.4g Plug&#038;Play O4 \\\/ O4 Pro\"}]},{\"@type\":\"WebSite\",\"@id\":\"https:\\\/\\\/1dronas.lt\\\/en\\\/#website\",\"url\":\"https:\\\/\\\/1dronas.lt\\\/en\\\/\",\"name\":\"1dronas.lt\",\"description\":\"Internetin\u0117 parduotuv\u0117\",\"publisher\":{\"@id\":\"https:\\\/\\\/1dronas.lt\\\/en\\\/#organization\"},\"potentialAction\":[{\"@type\":\"SearchAction\",\"target\":{\"@type\":\"EntryPoint\",\"urlTemplate\":\"https:\\\/\\\/1dronas.lt\\\/en\\\/?s={search_term_string}\"},\"query-input\":{\"@type\":\"PropertyValueSpecification\",\"valueRequired\":true,\"valueName\":\"search_term_string\"}}],\"inLanguage\":\"en-US\"},{\"@type\":\"Organization\",\"@id\":\"https:\\\/\\\/1dronas.lt\\\/en\\\/#organization\",\"name\":\"1dronas.lt\",\"url\":\"https:\\\/\\\/1dronas.lt\\\/en\\\/\",\"logo\":{\"@type\":\"ImageObject\",\"inLanguage\":\"en-US\",\"@id\":\"https:\\\/\\\/1dronas.lt\\\/en\\\/#\\\/schema\\\/logo\\\/image\\\/\",\"url\":\"https:\\\/\\\/1dronas.lt\\\/wp-content\\\/uploads\\\/2020\\\/12\\\/Ekrano_kopija__2_-removebg-preview-1-1.png\",\"contentUrl\":\"https:\\\/\\\/1dronas.lt\\\/wp-content\\\/uploads\\\/2020\\\/12\\\/Ekrano_kopija__2_-removebg-preview-1-1.png\",\"width\":234,\"height\":81,\"caption\":\"1dronas.lt\"},\"image\":{\"@id\":\"https:\\\/\\\/1dronas.lt\\\/en\\\/#\\\/schema\\\/logo\\\/image\\\/\"},\"sameAs\":[\"https:\\\/\\\/www.facebook.com\\\/1dronas\\\/\"]}]}<\/script>\n<!-- \/ Yoast SEO plugin. -->","yoast_head_json":{"title":"Flywoo GOKU GN405 Nano HD FC V3 W\/ TXCO ELRS 2.4g Plug&Play O4 \/ O4 Pro - 1dronas.lt","robots":{"index":"index","follow":"follow","max-snippet":"max-snippet:-1","max-image-preview":"max-image-preview:large","max-video-preview":"max-video-preview:-1"},"canonical":"https:\/\/1dronas.lt\/en\/produktas\/flywoo-goku-gn405-nano-hd-fc-v3-w-txco-elrs-2-4g-plugplay-o4-o4-pro\/","og_locale":"en_US","og_type":"article","og_title":"Flywoo GOKU GN405 Nano HD FC V3 W\/ TXCO ELRS 2.4g Plug&Play O4 \/ O4 Pro - 1dronas.lt","og_description":"Flywoo GOKU GN405 Nano HD FC V3 \u2013 tai moderni, itin kompakti\u0161ka skryd\u017eio valdiklio plok\u0161t\u0117 su integruotu TCXO ELRS imtuvu ir USB-C jungtimi. Sukurta u\u017etikrinti stabil\u0173 veikim\u0105, \u0161var\u0173 surinkim\u0105 ir maksimal\u0173 na\u0161um\u0105 net ma\u017eiausiuose FPV dronuose.  \u00a0\u00a0\u00a01 \u2013 2 d. d.","og_url":"https:\/\/1dronas.lt\/en\/produktas\/flywoo-goku-gn405-nano-hd-fc-v3-w-txco-elrs-2-4g-plugplay-o4-o4-pro\/","og_site_name":"1dronas.lt","article_publisher":"https:\/\/www.facebook.com\/1dronas\/","article_modified_time":"2026-03-03T13:32:13+00:00","og_image":[{"width":1512,"height":1512,"url":"https:\/\/1dronas.lt\/wp-content\/uploads\/2026\/02\/3-54_1512x.jpg","type":"image\/jpeg"}],"twitter_card":"summary_large_image","twitter_misc":{"Est. reading time":"3 minutes"},"schema":{"@context":"https:\/\/schema.org","@graph":[{"@type":"WebPage","@id":"https:\/\/1dronas.lt\/en\/produktas\/flywoo-goku-gn405-nano-hd-fc-v3-w-txco-elrs-2-4g-plugplay-o4-o4-pro\/","url":"https:\/\/1dronas.lt\/en\/produktas\/flywoo-goku-gn405-nano-hd-fc-v3-w-txco-elrs-2-4g-plugplay-o4-o4-pro\/","name":"Flywoo GOKU GN405 Nano HD FC V3 W\/ TXCO ELRS 2.4g Plug&Play O4 \/ O4 Pro - 1dronas.lt","isPartOf":{"@id":"https:\/\/1dronas.lt\/en\/#website"},"primaryImageOfPage":{"@id":"https:\/\/1dronas.lt\/en\/produktas\/flywoo-goku-gn405-nano-hd-fc-v3-w-txco-elrs-2-4g-plugplay-o4-o4-pro\/#primaryimage"},"image":{"@id":"https:\/\/1dronas.lt\/en\/produktas\/flywoo-goku-gn405-nano-hd-fc-v3-w-txco-elrs-2-4g-plugplay-o4-o4-pro\/#primaryimage"},"thumbnailUrl":"https:\/\/1dronas.lt\/wp-content\/uploads\/2026\/02\/3-54_1512x.jpg","datePublished":"2026-02-13T17:23:31+00:00","dateModified":"2026-03-03T13:32:13+00:00","breadcrumb":{"@id":"https:\/\/1dronas.lt\/en\/produktas\/flywoo-goku-gn405-nano-hd-fc-v3-w-txco-elrs-2-4g-plugplay-o4-o4-pro\/#breadcrumb"},"inLanguage":"en-US","potentialAction":[{"@type":"ReadAction","target":["https:\/\/1dronas.lt\/en\/produktas\/flywoo-goku-gn405-nano-hd-fc-v3-w-txco-elrs-2-4g-plugplay-o4-o4-pro\/"]}]},{"@type":"ImageObject","inLanguage":"en-US","@id":"https:\/\/1dronas.lt\/en\/produktas\/flywoo-goku-gn405-nano-hd-fc-v3-w-txco-elrs-2-4g-plugplay-o4-o4-pro\/#primaryimage","url":"https:\/\/1dronas.lt\/wp-content\/uploads\/2026\/02\/3-54_1512x.jpg","contentUrl":"https:\/\/1dronas.lt\/wp-content\/uploads\/2026\/02\/3-54_1512x.jpg","width":1512,"height":1512},{"@type":"BreadcrumbList","@id":"https:\/\/1dronas.lt\/en\/produktas\/flywoo-goku-gn405-nano-hd-fc-v3-w-txco-elrs-2-4g-plugplay-o4-o4-pro\/#breadcrumb","itemListElement":[{"@type":"ListItem","position":1,"name":"Home","item":"https:\/\/1dronas.lt\/"},{"@type":"ListItem","position":2,"name":"Parduotuv\u0117","item":"https:\/\/1dronas.lt\/parduotuve\/"},{"@type":"ListItem","position":3,"name":"Flywoo GOKU GN405 Nano HD FC V3 W\/ TXCO ELRS 2.4g Plug&#038;Play O4 \/ O4 Pro"}]},{"@type":"WebSite","@id":"https:\/\/1dronas.lt\/en\/#website","url":"https:\/\/1dronas.lt\/en\/","name":"1dronas.lt","description":"Online store","publisher":{"@id":"https:\/\/1dronas.lt\/en\/#organization"},"potentialAction":[{"@type":"SearchAction","target":{"@type":"EntryPoint","urlTemplate":"https:\/\/1dronas.lt\/en\/?s={search_term_string}"},"query-input":{"@type":"PropertyValueSpecification","valueRequired":true,"valueName":"search_term_string"}}],"inLanguage":"en-US"},{"@type":"Organization","@id":"https:\/\/1dronas.lt\/en\/#organization","name":"1dronas.lt","url":"https:\/\/1dronas.lt\/en\/","logo":{"@type":"ImageObject","inLanguage":"en-US","@id":"https:\/\/1dronas.lt\/en\/#\/schema\/logo\/image\/","url":"https:\/\/1dronas.lt\/wp-content\/uploads\/2020\/12\/Ekrano_kopija__2_-removebg-preview-1-1.png","contentUrl":"https:\/\/1dronas.lt\/wp-content\/uploads\/2020\/12\/Ekrano_kopija__2_-removebg-preview-1-1.png","width":234,"height":81,"caption":"1dronas.lt"},"image":{"@id":"https:\/\/1dronas.lt\/en\/#\/schema\/logo\/image\/"},"sameAs":["https:\/\/www.facebook.com\/1dronas\/"]}]}},"jetpack_sharing_enabled":true,"_links":{"self":[{"href":"https:\/\/1dronas.lt\/en\/wp-json\/wp\/v2\/product\/16631","targetHints":{"allow":["GET"]}}],"collection":[{"href":"https:\/\/1dronas.lt\/en\/wp-json\/wp\/v2\/product"}],"about":[{"href":"https:\/\/1dronas.lt\/en\/wp-json\/wp\/v2\/types\/product"}],"replies":[{"embeddable":true,"href":"https:\/\/1dronas.lt\/en\/wp-json\/wp\/v2\/comments?post=16631"}],"wp:featuredmedia":[{"embeddable":true,"href":"https:\/\/1dronas.lt\/en\/wp-json\/wp\/v2\/media\/16635"}],"wp:attachment":[{"href":"https:\/\/1dronas.lt\/en\/wp-json\/wp\/v2\/media?parent=16631"}],"wp:term":[{"taxonomy":"product_brand","embeddable":true,"href":"https:\/\/1dronas.lt\/en\/wp-json\/wp\/v2\/product_brand?post=16631"},{"taxonomy":"product_cat","embeddable":true,"href":"https:\/\/1dronas.lt\/en\/wp-json\/wp\/v2\/product_cat?post=16631"},{"taxonomy":"product_tag","embeddable":true,"href":"https:\/\/1dronas.lt\/en\/wp-json\/wp\/v2\/product_tag?post=16631"}],"curies":[{"name":"wp","href":"https:\/\/api.w.org\/{rel}","templated":true}]}}