{"id":16569,"date":"2026-02-11T20:39:10","date_gmt":"2026-02-11T18:39:10","guid":{"rendered":"https:\/\/1dronas.lt\/?post_type=product&#038;p=16569"},"modified":"2026-02-20T10:12:25","modified_gmt":"2026-02-20T08:12:25","slug":"flywoo-goku-h743-pro-55a-32bit-128k-stack-plugplay-o4-o4-pro","status":"publish","type":"product","link":"https:\/\/1dronas.lt\/en\/produktas\/flywoo-goku-h743-pro-55a-32bit-128k-stack-plugplay-o4-o4-pro\/","title":{"rendered":"Flywoo GOKU H743 PRO FC Plug&amp;Play O4 \/ O4 Pro"},"content":{"rendered":"<p>GOKU H743 PRO FC is a high-end flight controller with a powerful STM32H743VIH6 (480 MHz) processor and dual ICM42688P gyroscopes, ensuring precise and stable flight. The built-in 512 MB &quot;Blackbox&quot; memory allows you to store detailed flight data for analysis, and the DPS310\/SPL06 barometer and AT7456E OSD provide additional functions for navigation and video information. The controller has 7 UART ports, 12 PWM outputs, dual camera support, 10V\/5V 3A BEC power supply and works with Betaflight, INAV and Ardupilot software, making it suitable for both freestyle and more advanced projects.<\/p>\n<p><strong>Features:<\/strong><\/p>\n<p data-start=\"690\" data-end=\"803\">\u2022 Powerful: 480 MHz STM32H743 chip enables more complex functions and expansion;<br \/>\n\u2022 Dual gyroscope for stability: ICM42688P dual gyroscopes reduce noise and delay, making flight smoother;<br \/>\n\u2022 Efficient power supply: Dual 10V\/5V 3A BEC ensures stable power supply for devices;<br \/>\n\u2022 Universal connections: 7 UART ports and 8 motor outputs, integrated dual camera switching, VTX, GPS, receiver and dual ESC interfaces;<br \/>\n\u2022 Multiple firmware support: Compatible with Betaflight, INAV and Ardupilot;<br \/>\n\u2022 Large memory: 512 MB blackbox.<\/p>\n<p data-start=\"690\" data-end=\"803\"><strong>Specification:<\/strong><\/p>\n<p data-start=\"0\" data-end=\"581\"><strong data-start=\"0\" data-end=\"35\">GOKU H743 PRO Flight Controller<\/strong><\/p>\n<p data-start=\"0\" data-end=\"581\">\u2022 BetaFlight software: Flywoo H743PRO;<br data-start=\"82\" data-end=\"85\" \/>\u2022 INAV software: Flywoo H743PRO;<br data-start=\"123\" data-end=\"126\" \/>\u2022 APM software: Flywoo H743PRO;<br data-start=\"163\" data-end=\"166\" \/>\u2022 Memory (Flash): 2MB;<br data-start=\"187\" data-end=\"190\" \/>\u2022 MCU: STM32H743VIH6;<br data-start=\"208\" data-end=\"211\" \/>\u2022 Gyroscope: ICM42688P \u00d72;<br data-start=\"235\" data-end=\"238\" \/>\u2022 OSD: AT7456E (LGA16);<br data-start=\"258\" data-end=\"261\" \/>\u2022 Barometer: DPS310\/SPL06;<br data-start=\"285\" data-end=\"288\" \/>\u2022 Blackbox memory: 512MB;<br data-start=\"312\" data-end=\"315\" \/>\u2022 UART connectors: 1\/2\/3\/4\/6\/7\/8;<br data-start=\"342\" data-end=\"345\" \/>\u2022 I2C: 2;<br data-start=\"351\" data-end=\"354\" \/>\u2022 PWM: 12;<br data-start=\"361\" data-end=\"364\" \/>\u2022 Input voltage: 7.4V\u201326V \/ 2\u20136S LiPo\/LiHV;<br data-start=\"404\" data-end=\"407\" \/>\u2022 BEC: 10V 3A \/ 5V 3A;<br data-start=\"426\" data-end=\"429\" \/>\u2022 Camera support: CAM1, CAM2;<br data-start=\"458\" data-end=\"461\" \/>\u2022 Flight controller size: 36.5 x 36.5 x 8.45 mm (height with connector);<br data-start=\"530\" data-end=\"533\" \/>\u2022 Mounting holes: M3 30 x 30 mm;<br data-start=\"563\" data-end=\"566\" \/>\u2022 Weight: 9.9 g.<\/p>\n<p data-start=\"581\" data-end=\"636\">Why choose GOKU H743 PRO flight controller? High-performance STM32H743 MCU, dual gyroscope, 12 channels, PWM output support.<\/p>\n<p data-start=\"581\" data-end=\"636\"><img loading=\"lazy\" decoding=\"async\" class=\"alignnone wp-image-16511 size-full\" src=\"https:\/\/1dronas.lt\/wp-content\/uploads\/2026\/02\/2-124.jpg\" alt=\"\" width=\"1600\" height=\"1626\" srcset=\"https:\/\/1dronas.lt\/wp-content\/uploads\/2026\/02\/2-124.jpg 1600w, https:\/\/1dronas.lt\/wp-content\/uploads\/2026\/02\/2-124-295x300.jpg 295w, https:\/\/1dronas.lt\/wp-content\/uploads\/2026\/02\/2-124-1008x1024.jpg 1008w, https:\/\/1dronas.lt\/wp-content\/uploads\/2026\/02\/2-124-768x780.jpg 768w, https:\/\/1dronas.lt\/wp-content\/uploads\/2026\/02\/2-124-1511x1536.jpg 1511w, https:\/\/1dronas.lt\/wp-content\/uploads\/2026\/02\/2-124-12x12.jpg 12w, https:\/\/1dronas.lt\/wp-content\/uploads\/2026\/02\/2-124-510x518.jpg 510w\" sizes=\"auto, (max-width: 1600px) 100vw, 1600px\" \/><\/p>\n<p data-start=\"581\" data-end=\"636\">Dual 10V\/5V 3A BEC ensures stable power supply for additional devices. Integrated two ESC ports and two camera connectors provide more flexibility for assembly, and a large 512MB Flash memory allows you to store detailed flight data. The controller is compatible with Betaflight, INAV and Ardupilot software, making it suitable for a variety of flight styles and configurations.<\/p>\n<p data-start=\"581\" data-end=\"636\"><img loading=\"lazy\" decoding=\"async\" class=\"alignnone wp-image-16575 size-full\" src=\"https:\/\/1dronas.lt\/wp-content\/uploads\/2026\/02\/3-96.jpg\" alt=\"\" width=\"1600\" height=\"1870\" srcset=\"https:\/\/1dronas.lt\/wp-content\/uploads\/2026\/02\/3-96.jpg 1600w, https:\/\/1dronas.lt\/wp-content\/uploads\/2026\/02\/3-96-257x300.jpg 257w, https:\/\/1dronas.lt\/wp-content\/uploads\/2026\/02\/3-96-876x1024.jpg 876w, https:\/\/1dronas.lt\/wp-content\/uploads\/2026\/02\/3-96-768x898.jpg 768w, https:\/\/1dronas.lt\/wp-content\/uploads\/2026\/02\/3-96-1314x1536.jpg 1314w, https:\/\/1dronas.lt\/wp-content\/uploads\/2026\/02\/3-96-10x12.jpg 10w, https:\/\/1dronas.lt\/wp-content\/uploads\/2026\/02\/3-96-510x596.jpg 510w\" sizes=\"auto, (max-width: 1600px) 100vw, 1600px\" \/><\/p>\n<p data-start=\"752\" data-end=\"818\">The flight stability, response speed and scalability of FPV drones directly depend on the performance of the main control chip. Compared with the STM32F722, the STM32H743 is a new generation of high-performance MCU with significant improvements in key parameters, ensuring higher control accuracy, flight stability and device compatibility.<\/p>\n<p data-start=\"752\" data-end=\"818\"><img loading=\"lazy\" decoding=\"async\" class=\"alignnone wp-image-16518 size-full\" src=\"https:\/\/1dronas.lt\/wp-content\/uploads\/2026\/02\/7-36.jpg\" alt=\"\" width=\"1600\" height=\"2119\" srcset=\"https:\/\/1dronas.lt\/wp-content\/uploads\/2026\/02\/7-36.jpg 1600w, https:\/\/1dronas.lt\/wp-content\/uploads\/2026\/02\/7-36-227x300.jpg 227w, https:\/\/1dronas.lt\/wp-content\/uploads\/2026\/02\/7-36-773x1024.jpg 773w, https:\/\/1dronas.lt\/wp-content\/uploads\/2026\/02\/7-36-768x1017.jpg 768w, https:\/\/1dronas.lt\/wp-content\/uploads\/2026\/02\/7-36-1160x1536.jpg 1160w, https:\/\/1dronas.lt\/wp-content\/uploads\/2026\/02\/7-36-1546x2048.jpg 1546w, https:\/\/1dronas.lt\/wp-content\/uploads\/2026\/02\/7-36-9x12.jpg 9w, https:\/\/1dronas.lt\/wp-content\/uploads\/2026\/02\/7-36-510x675.jpg 510w\" sizes=\"auto, (max-width: 1600px) 100vw, 1600px\" \/><\/p>\n<p data-start=\"92\" data-end=\"254\">The flight controller uses two independent ICM42688P gyroscopes, which help ensure stable operation, more precise flight control, and smoother flight.<\/p>\n<p data-start=\"1538\" data-end=\"1738\"><img loading=\"lazy\" decoding=\"async\" class=\"alignnone wp-image-16519 size-full\" src=\"https:\/\/1dronas.lt\/wp-content\/uploads\/2026\/02\/8-31.jpg\" alt=\"\" width=\"1600\" height=\"2000\" srcset=\"https:\/\/1dronas.lt\/wp-content\/uploads\/2026\/02\/8-31.jpg 1600w, https:\/\/1dronas.lt\/wp-content\/uploads\/2026\/02\/8-31-240x300.jpg 240w, https:\/\/1dronas.lt\/wp-content\/uploads\/2026\/02\/8-31-819x1024.jpg 819w, https:\/\/1dronas.lt\/wp-content\/uploads\/2026\/02\/8-31-768x960.jpg 768w, https:\/\/1dronas.lt\/wp-content\/uploads\/2026\/02\/8-31-1229x1536.jpg 1229w, https:\/\/1dronas.lt\/wp-content\/uploads\/2026\/02\/8-31-10x12.jpg 10w, https:\/\/1dronas.lt\/wp-content\/uploads\/2026\/02\/8-31-510x638.jpg 510w\" sizes=\"auto, (max-width: 1600px) 100vw, 1600px\" \/><\/p>\n<p data-start=\"1794\" data-end=\"1964\">The integrated electronic switch allows you to directly switch the image between the two cameras. PAL and NTSC formats are supported.<br data-start=\"1916\" data-end=\"1919\" \/>(This function is only supported with analog VTX)<\/p>\n<p data-start=\"1966\" data-end=\"2027\">\u2022 F743PRO: On mode activates CAM2, off mode activates CAM1;<br \/>\n\u2022 F745PROMINI: On mode activates CAM1, off mode activates CAM2.<\/p>\n<p data-start=\"1966\" data-end=\"2027\"><img loading=\"lazy\" decoding=\"async\" class=\"alignnone wp-image-16580 size-full\" src=\"https:\/\/1dronas.lt\/wp-content\/uploads\/2026\/02\/10.jpg\" alt=\"\" width=\"1600\" height=\"1911\" srcset=\"https:\/\/1dronas.lt\/wp-content\/uploads\/2026\/02\/10.jpg 1600w, https:\/\/1dronas.lt\/wp-content\/uploads\/2026\/02\/10-251x300.jpg 251w, https:\/\/1dronas.lt\/wp-content\/uploads\/2026\/02\/10-857x1024.jpg 857w, https:\/\/1dronas.lt\/wp-content\/uploads\/2026\/02\/10-768x917.jpg 768w, https:\/\/1dronas.lt\/wp-content\/uploads\/2026\/02\/10-1286x1536.jpg 1286w, https:\/\/1dronas.lt\/wp-content\/uploads\/2026\/02\/10-10x12.jpg 10w, https:\/\/1dronas.lt\/wp-content\/uploads\/2026\/02\/10-510x609.jpg 510w\" sizes=\"auto, (max-width: 1600px) 100vw, 1600px\" \/><\/p>\n<p data-start=\"1966\" data-end=\"2027\">The built-in 10V BEC solves the problem of VTX overheating during drone tuning.<\/p>\n<p data-start=\"1966\" data-end=\"2027\"><img loading=\"lazy\" decoding=\"async\" class=\"alignnone wp-image-16581 size-full\" src=\"https:\/\/1dronas.lt\/wp-content\/uploads\/2026\/02\/12.jpg\" alt=\"\" width=\"1600\" height=\"2000\" srcset=\"https:\/\/1dronas.lt\/wp-content\/uploads\/2026\/02\/12.jpg 1600w, https:\/\/1dronas.lt\/wp-content\/uploads\/2026\/02\/12-240x300.jpg 240w, https:\/\/1dronas.lt\/wp-content\/uploads\/2026\/02\/12-819x1024.jpg 819w, https:\/\/1dronas.lt\/wp-content\/uploads\/2026\/02\/12-768x960.jpg 768w, https:\/\/1dronas.lt\/wp-content\/uploads\/2026\/02\/12-1229x1536.jpg 1229w, https:\/\/1dronas.lt\/wp-content\/uploads\/2026\/02\/12-10x12.jpg 10w, https:\/\/1dronas.lt\/wp-content\/uploads\/2026\/02\/12-510x638.jpg 510w\" sizes=\"auto, (max-width: 1600px) 100vw, 1600px\" \/><\/p>\n<p data-start=\"1966\" data-end=\"2027\"><strong>Package:<\/strong><\/p>\n<p data-start=\"1966\" data-end=\"2027\">1x GOKU H743 PRO controller;<br data-start=\"22\" data-end=\"25\" \/>1x cable set;<br data-start=\"45\" data-end=\"48\" \/>1x soft mounting kit;<br data-start=\"79\" data-end=\"82\" \/>1x set of screws.<\/p>\n<p data-start=\"1966\" data-end=\"2027\"><strong>Connection \/ Diagram:<\/strong><\/p>\n<p data-start=\"1966\" data-end=\"2027\"><img loading=\"lazy\" decoding=\"async\" class=\"alignnone wp-image-16584 size-full\" src=\"https:\/\/1dronas.lt\/wp-content\/uploads\/2026\/02\/H743-pro-1.jpg\" alt=\"\" width=\"1600\" height=\"2538\" srcset=\"https:\/\/1dronas.lt\/wp-content\/uploads\/2026\/02\/H743-pro-1.jpg 1600w, https:\/\/1dronas.lt\/wp-content\/uploads\/2026\/02\/H743-pro-1-189x300.jpg 189w, https:\/\/1dronas.lt\/wp-content\/uploads\/2026\/02\/H743-pro-1-646x1024.jpg 646w, https:\/\/1dronas.lt\/wp-content\/uploads\/2026\/02\/H743-pro-1-768x1218.jpg 768w, https:\/\/1dronas.lt\/wp-content\/uploads\/2026\/02\/H743-pro-1-968x1536.jpg 968w, https:\/\/1dronas.lt\/wp-content\/uploads\/2026\/02\/H743-pro-1-1291x2048.jpg 1291w, https:\/\/1dronas.lt\/wp-content\/uploads\/2026\/02\/H743-pro-1-8x12.jpg 8w, https:\/\/1dronas.lt\/wp-content\/uploads\/2026\/02\/H743-pro-1-510x809.jpg 510w\" sizes=\"auto, (max-width: 1600px) 100vw, 1600px\" \/> <img loading=\"lazy\" decoding=\"async\" class=\"alignnone wp-image-16586 size-full\" src=\"https:\/\/1dronas.lt\/wp-content\/uploads\/2026\/02\/H743-pro-3.jpg\" alt=\"\" width=\"1600\" height=\"2000\" srcset=\"https:\/\/1dronas.lt\/wp-content\/uploads\/2026\/02\/H743-pro-3.jpg 1600w, https:\/\/1dronas.lt\/wp-content\/uploads\/2026\/02\/H743-pro-3-240x300.jpg 240w, https:\/\/1dronas.lt\/wp-content\/uploads\/2026\/02\/H743-pro-3-819x1024.jpg 819w, https:\/\/1dronas.lt\/wp-content\/uploads\/2026\/02\/H743-pro-3-768x960.jpg 768w, https:\/\/1dronas.lt\/wp-content\/uploads\/2026\/02\/H743-pro-3-1229x1536.jpg 1229w, https:\/\/1dronas.lt\/wp-content\/uploads\/2026\/02\/H743-pro-3-10x12.jpg 10w, https:\/\/1dronas.lt\/wp-content\/uploads\/2026\/02\/H743-pro-3-510x638.jpg 510w\" sizes=\"auto, (max-width: 1600px) 100vw, 1600px\" \/> <img loading=\"lazy\" decoding=\"async\" class=\"alignnone wp-image-16585 size-full\" src=\"https:\/\/1dronas.lt\/wp-content\/uploads\/2026\/02\/H743-pro-2.jpg\" alt=\"\" width=\"1600\" height=\"1600\" srcset=\"https:\/\/1dronas.lt\/wp-content\/uploads\/2026\/02\/H743-pro-2.jpg 1600w, https:\/\/1dronas.lt\/wp-content\/uploads\/2026\/02\/H743-pro-2-300x300.jpg 300w, https:\/\/1dronas.lt\/wp-content\/uploads\/2026\/02\/H743-pro-2-1024x1024.jpg 1024w, https:\/\/1dronas.lt\/wp-content\/uploads\/2026\/02\/H743-pro-2-150x150.jpg 150w, https:\/\/1dronas.lt\/wp-content\/uploads\/2026\/02\/H743-pro-2-768x768.jpg 768w, https:\/\/1dronas.lt\/wp-content\/uploads\/2026\/02\/H743-pro-2-1536x1536.jpg 1536w, https:\/\/1dronas.lt\/wp-content\/uploads\/2026\/02\/H743-pro-2-12x12.jpg 12w, https:\/\/1dronas.lt\/wp-content\/uploads\/2026\/02\/H743-pro-2-247x247.jpg 247w, https:\/\/1dronas.lt\/wp-content\/uploads\/2026\/02\/H743-pro-2-510x510.jpg 510w, https:\/\/1dronas.lt\/wp-content\/uploads\/2026\/02\/H743-pro-2-100x100.jpg 100w\" sizes=\"auto, (max-width: 1600px) 100vw, 1600px\" \/><\/p>","protected":false},"excerpt":{"rendered":"<p><span style=\"color: #333333;\">GOKU H743 Pro FC is a powerful high-end and reliable flight controller that ensures fast response, stable performance, and smooth flight for racing and freestyle FPV drones.<\/span><\/p>\n<p><span style=\"color: #333333;\"><strong><img loading=\"lazy\" decoding=\"async\" class=\"alignnone wp-image-1806\" src=\"https:\/\/1dronas.lt\/wp-content\/uploads\/2021\/05\/delivery-icon.png\" alt=\"\" width=\"24\" height=\"24\" srcset=\"https:\/\/1dronas.lt\/wp-content\/uploads\/2021\/05\/delivery-icon.png 35w, https:\/\/1dronas.lt\/wp-content\/uploads\/2021\/05\/delivery-icon-12x12.png 12w\" sizes=\"auto, (max-width: 24px) 100vw, 24px\" \/>\u00a0\u00a0\u00a0<span style=\"font-size: 90%;\">1 \u2013 2 days<\/span><\/strong><\/span><\/p>","protected":false},"featured_media":16574,"comment_status":"open","ping_status":"closed","template":"","meta":[],"product_brand":[1152],"product_cat":[217],"product_tag":[494,493,151,90,1180,1179],"class_list":{"0":"post-16569","1":"product","2":"type-product","3":"status-publish","4":"has-post-thumbnail","6":"product_brand-flywoo","7":"product_cat-skydzio-valdikliai-fc-aio-stack","8":"product_tag-dji-o4-air-unit","9":"product_tag-dji-o4-air-unit-pro","10":"product_tag-fc","11":"product_tag-flywoo","12":"product_tag-goku-h743-pro","13":"product_tag-plugplay","15":"first","16":"outofstock","17":"taxable","18":"shipping-taxable","19":"purchasable","20":"product-type-simple"},"yoast_head":"<!-- This site is optimized with the Yoast SEO plugin v27.4 - https:\/\/yoast.com\/product\/yoast-seo-wordpress\/ -->\n<title>Flywoo GOKU H743 PRO FC Plug&amp;Play O4 \/ O4 Pro - 1dronas.lt<\/title>\n<meta name=\"robots\" content=\"index, follow, max-snippet:-1, max-image-preview:large, max-video-preview:-1\" \/>\n<link rel=\"canonical\" href=\"https:\/\/1dronas.lt\/en\/produktas\/flywoo-goku-h743-pro-55a-32bit-128k-stack-plugplay-o4-o4-pro\/\" \/>\n<meta property=\"og:locale\" content=\"en_US\" \/>\n<meta property=\"og:type\" content=\"article\" \/>\n<meta property=\"og:title\" content=\"Flywoo GOKU H743 PRO FC Plug&amp;Play O4 \/ O4 Pro - 1dronas.lt\" \/>\n<meta property=\"og:description\" content=\"GOKU H743 Pro FC \u2013 tai galingas auk\u0161tos klas\u0117s ir patikimas skryd\u017eio valdiklis, u\u017etikrinantis greit\u0105 reakcij\u0105, stabil\u0173 veikim\u0105 ir skland\u0173 skryd\u012f lenktyni\u0173 bei freestyle FPV dronams.  \u00a0\u00a0\u00a01 \u2013 2 d. d.\" \/>\n<meta property=\"og:url\" content=\"https:\/\/1dronas.lt\/en\/produktas\/flywoo-goku-h743-pro-55a-32bit-128k-stack-plugplay-o4-o4-pro\/\" \/>\n<meta property=\"og:site_name\" content=\"1dronas.lt\" \/>\n<meta property=\"article:publisher\" content=\"https:\/\/www.facebook.com\/1dronas\/\" \/>\n<meta property=\"article:modified_time\" content=\"2026-02-20T08:12:25+00:00\" \/>\n<meta property=\"og:image\" content=\"https:\/\/1dronas.lt\/wp-content\/uploads\/2026\/02\/3-95_1512x.jpg\" \/>\n\t<meta property=\"og:image:width\" content=\"1512\" \/>\n\t<meta property=\"og:image:height\" content=\"1512\" \/>\n\t<meta property=\"og:image:type\" content=\"image\/jpeg\" \/>\n<meta name=\"twitter:card\" content=\"summary_large_image\" \/>\n<meta name=\"twitter:label1\" content=\"Est. reading time\" \/>\n\t<meta name=\"twitter:data1\" content=\"5 minutes\" \/>\n<script type=\"application\/ld+json\" class=\"yoast-schema-graph\">{\"@context\":\"https:\\\/\\\/schema.org\",\"@graph\":[{\"@type\":\"WebPage\",\"@id\":\"https:\\\/\\\/1dronas.lt\\\/en\\\/produktas\\\/flywoo-goku-h743-pro-55a-32bit-128k-stack-plugplay-o4-o4-pro\\\/\",\"url\":\"https:\\\/\\\/1dronas.lt\\\/en\\\/produktas\\\/flywoo-goku-h743-pro-55a-32bit-128k-stack-plugplay-o4-o4-pro\\\/\",\"name\":\"Flywoo GOKU H743 PRO FC Plug&Play O4 \\\/ O4 Pro - 1dronas.lt\",\"isPartOf\":{\"@id\":\"https:\\\/\\\/1dronas.lt\\\/en\\\/#website\"},\"primaryImageOfPage\":{\"@id\":\"https:\\\/\\\/1dronas.lt\\\/en\\\/produktas\\\/flywoo-goku-h743-pro-55a-32bit-128k-stack-plugplay-o4-o4-pro\\\/#primaryimage\"},\"image\":{\"@id\":\"https:\\\/\\\/1dronas.lt\\\/en\\\/produktas\\\/flywoo-goku-h743-pro-55a-32bit-128k-stack-plugplay-o4-o4-pro\\\/#primaryimage\"},\"thumbnailUrl\":\"https:\\\/\\\/1dronas.lt\\\/wp-content\\\/uploads\\\/2026\\\/02\\\/3-95_1512x.jpg\",\"datePublished\":\"2026-02-11T18:39:10+00:00\",\"dateModified\":\"2026-02-20T08:12:25+00:00\",\"breadcrumb\":{\"@id\":\"https:\\\/\\\/1dronas.lt\\\/en\\\/produktas\\\/flywoo-goku-h743-pro-55a-32bit-128k-stack-plugplay-o4-o4-pro\\\/#breadcrumb\"},\"inLanguage\":\"en-US\",\"potentialAction\":[{\"@type\":\"ReadAction\",\"target\":[\"https:\\\/\\\/1dronas.lt\\\/en\\\/produktas\\\/flywoo-goku-h743-pro-55a-32bit-128k-stack-plugplay-o4-o4-pro\\\/\"]}]},{\"@type\":\"ImageObject\",\"inLanguage\":\"en-US\",\"@id\":\"https:\\\/\\\/1dronas.lt\\\/en\\\/produktas\\\/flywoo-goku-h743-pro-55a-32bit-128k-stack-plugplay-o4-o4-pro\\\/#primaryimage\",\"url\":\"https:\\\/\\\/1dronas.lt\\\/wp-content\\\/uploads\\\/2026\\\/02\\\/3-95_1512x.jpg\",\"contentUrl\":\"https:\\\/\\\/1dronas.lt\\\/wp-content\\\/uploads\\\/2026\\\/02\\\/3-95_1512x.jpg\",\"width\":1512,\"height\":1512},{\"@type\":\"BreadcrumbList\",\"@id\":\"https:\\\/\\\/1dronas.lt\\\/en\\\/produktas\\\/flywoo-goku-h743-pro-55a-32bit-128k-stack-plugplay-o4-o4-pro\\\/#breadcrumb\",\"itemListElement\":[{\"@type\":\"ListItem\",\"position\":1,\"name\":\"Home\",\"item\":\"https:\\\/\\\/1dronas.lt\\\/\"},{\"@type\":\"ListItem\",\"position\":2,\"name\":\"Parduotuv\u0117\",\"item\":\"https:\\\/\\\/1dronas.lt\\\/parduotuve\\\/\"},{\"@type\":\"ListItem\",\"position\":3,\"name\":\"Flywoo GOKU H743 PRO FC Plug&#038;Play O4 \\\/ O4 Pro\"}]},{\"@type\":\"WebSite\",\"@id\":\"https:\\\/\\\/1dronas.lt\\\/en\\\/#website\",\"url\":\"https:\\\/\\\/1dronas.lt\\\/en\\\/\",\"name\":\"1dronas.lt\",\"description\":\"Internetin\u0117 parduotuv\u0117\",\"publisher\":{\"@id\":\"https:\\\/\\\/1dronas.lt\\\/en\\\/#organization\"},\"potentialAction\":[{\"@type\":\"SearchAction\",\"target\":{\"@type\":\"EntryPoint\",\"urlTemplate\":\"https:\\\/\\\/1dronas.lt\\\/en\\\/?s={search_term_string}\"},\"query-input\":{\"@type\":\"PropertyValueSpecification\",\"valueRequired\":true,\"valueName\":\"search_term_string\"}}],\"inLanguage\":\"en-US\"},{\"@type\":\"Organization\",\"@id\":\"https:\\\/\\\/1dronas.lt\\\/en\\\/#organization\",\"name\":\"1dronas.lt\",\"url\":\"https:\\\/\\\/1dronas.lt\\\/en\\\/\",\"logo\":{\"@type\":\"ImageObject\",\"inLanguage\":\"en-US\",\"@id\":\"https:\\\/\\\/1dronas.lt\\\/en\\\/#\\\/schema\\\/logo\\\/image\\\/\",\"url\":\"https:\\\/\\\/1dronas.lt\\\/wp-content\\\/uploads\\\/2020\\\/12\\\/Ekrano_kopija__2_-removebg-preview-1-1.png\",\"contentUrl\":\"https:\\\/\\\/1dronas.lt\\\/wp-content\\\/uploads\\\/2020\\\/12\\\/Ekrano_kopija__2_-removebg-preview-1-1.png\",\"width\":234,\"height\":81,\"caption\":\"1dronas.lt\"},\"image\":{\"@id\":\"https:\\\/\\\/1dronas.lt\\\/en\\\/#\\\/schema\\\/logo\\\/image\\\/\"},\"sameAs\":[\"https:\\\/\\\/www.facebook.com\\\/1dronas\\\/\"]}]}<\/script>\n<!-- \/ Yoast SEO plugin. -->","yoast_head_json":{"title":"Flywoo GOKU H743 PRO FC Plug&Play O4 \/ O4 Pro - 1dronas.lt","robots":{"index":"index","follow":"follow","max-snippet":"max-snippet:-1","max-image-preview":"max-image-preview:large","max-video-preview":"max-video-preview:-1"},"canonical":"https:\/\/1dronas.lt\/en\/produktas\/flywoo-goku-h743-pro-55a-32bit-128k-stack-plugplay-o4-o4-pro\/","og_locale":"en_US","og_type":"article","og_title":"Flywoo GOKU H743 PRO FC Plug&Play O4 \/ O4 Pro - 1dronas.lt","og_description":"GOKU H743 Pro FC \u2013 tai galingas auk\u0161tos klas\u0117s ir patikimas skryd\u017eio valdiklis, u\u017etikrinantis greit\u0105 reakcij\u0105, stabil\u0173 veikim\u0105 ir skland\u0173 skryd\u012f lenktyni\u0173 bei freestyle FPV dronams.  \u00a0\u00a0\u00a01 \u2013 2 d. d.","og_url":"https:\/\/1dronas.lt\/en\/produktas\/flywoo-goku-h743-pro-55a-32bit-128k-stack-plugplay-o4-o4-pro\/","og_site_name":"1dronas.lt","article_publisher":"https:\/\/www.facebook.com\/1dronas\/","article_modified_time":"2026-02-20T08:12:25+00:00","og_image":[{"width":1512,"height":1512,"url":"https:\/\/1dronas.lt\/wp-content\/uploads\/2026\/02\/3-95_1512x.jpg","type":"image\/jpeg"}],"twitter_card":"summary_large_image","twitter_misc":{"Est. reading time":"5 minutes"},"schema":{"@context":"https:\/\/schema.org","@graph":[{"@type":"WebPage","@id":"https:\/\/1dronas.lt\/en\/produktas\/flywoo-goku-h743-pro-55a-32bit-128k-stack-plugplay-o4-o4-pro\/","url":"https:\/\/1dronas.lt\/en\/produktas\/flywoo-goku-h743-pro-55a-32bit-128k-stack-plugplay-o4-o4-pro\/","name":"Flywoo GOKU H743 PRO FC Plug&Play O4 \/ O4 Pro - 1dronas.lt","isPartOf":{"@id":"https:\/\/1dronas.lt\/en\/#website"},"primaryImageOfPage":{"@id":"https:\/\/1dronas.lt\/en\/produktas\/flywoo-goku-h743-pro-55a-32bit-128k-stack-plugplay-o4-o4-pro\/#primaryimage"},"image":{"@id":"https:\/\/1dronas.lt\/en\/produktas\/flywoo-goku-h743-pro-55a-32bit-128k-stack-plugplay-o4-o4-pro\/#primaryimage"},"thumbnailUrl":"https:\/\/1dronas.lt\/wp-content\/uploads\/2026\/02\/3-95_1512x.jpg","datePublished":"2026-02-11T18:39:10+00:00","dateModified":"2026-02-20T08:12:25+00:00","breadcrumb":{"@id":"https:\/\/1dronas.lt\/en\/produktas\/flywoo-goku-h743-pro-55a-32bit-128k-stack-plugplay-o4-o4-pro\/#breadcrumb"},"inLanguage":"en-US","potentialAction":[{"@type":"ReadAction","target":["https:\/\/1dronas.lt\/en\/produktas\/flywoo-goku-h743-pro-55a-32bit-128k-stack-plugplay-o4-o4-pro\/"]}]},{"@type":"ImageObject","inLanguage":"en-US","@id":"https:\/\/1dronas.lt\/en\/produktas\/flywoo-goku-h743-pro-55a-32bit-128k-stack-plugplay-o4-o4-pro\/#primaryimage","url":"https:\/\/1dronas.lt\/wp-content\/uploads\/2026\/02\/3-95_1512x.jpg","contentUrl":"https:\/\/1dronas.lt\/wp-content\/uploads\/2026\/02\/3-95_1512x.jpg","width":1512,"height":1512},{"@type":"BreadcrumbList","@id":"https:\/\/1dronas.lt\/en\/produktas\/flywoo-goku-h743-pro-55a-32bit-128k-stack-plugplay-o4-o4-pro\/#breadcrumb","itemListElement":[{"@type":"ListItem","position":1,"name":"Home","item":"https:\/\/1dronas.lt\/"},{"@type":"ListItem","position":2,"name":"Parduotuv\u0117","item":"https:\/\/1dronas.lt\/parduotuve\/"},{"@type":"ListItem","position":3,"name":"Flywoo GOKU H743 PRO FC Plug&#038;Play O4 \/ O4 Pro"}]},{"@type":"WebSite","@id":"https:\/\/1dronas.lt\/en\/#website","url":"https:\/\/1dronas.lt\/en\/","name":"1dronas.lt","description":"Online store","publisher":{"@id":"https:\/\/1dronas.lt\/en\/#organization"},"potentialAction":[{"@type":"SearchAction","target":{"@type":"EntryPoint","urlTemplate":"https:\/\/1dronas.lt\/en\/?s={search_term_string}"},"query-input":{"@type":"PropertyValueSpecification","valueRequired":true,"valueName":"search_term_string"}}],"inLanguage":"en-US"},{"@type":"Organization","@id":"https:\/\/1dronas.lt\/en\/#organization","name":"1dronas.lt","url":"https:\/\/1dronas.lt\/en\/","logo":{"@type":"ImageObject","inLanguage":"en-US","@id":"https:\/\/1dronas.lt\/en\/#\/schema\/logo\/image\/","url":"https:\/\/1dronas.lt\/wp-content\/uploads\/2020\/12\/Ekrano_kopija__2_-removebg-preview-1-1.png","contentUrl":"https:\/\/1dronas.lt\/wp-content\/uploads\/2020\/12\/Ekrano_kopija__2_-removebg-preview-1-1.png","width":234,"height":81,"caption":"1dronas.lt"},"image":{"@id":"https:\/\/1dronas.lt\/en\/#\/schema\/logo\/image\/"},"sameAs":["https:\/\/www.facebook.com\/1dronas\/"]}]}},"jetpack_sharing_enabled":true,"_links":{"self":[{"href":"https:\/\/1dronas.lt\/en\/wp-json\/wp\/v2\/product\/16569","targetHints":{"allow":["GET"]}}],"collection":[{"href":"https:\/\/1dronas.lt\/en\/wp-json\/wp\/v2\/product"}],"about":[{"href":"https:\/\/1dronas.lt\/en\/wp-json\/wp\/v2\/types\/product"}],"replies":[{"embeddable":true,"href":"https:\/\/1dronas.lt\/en\/wp-json\/wp\/v2\/comments?post=16569"}],"wp:featuredmedia":[{"embeddable":true,"href":"https:\/\/1dronas.lt\/en\/wp-json\/wp\/v2\/media\/16574"}],"wp:attachment":[{"href":"https:\/\/1dronas.lt\/en\/wp-json\/wp\/v2\/media?parent=16569"}],"wp:term":[{"taxonomy":"product_brand","embeddable":true,"href":"https:\/\/1dronas.lt\/en\/wp-json\/wp\/v2\/product_brand?post=16569"},{"taxonomy":"product_cat","embeddable":true,"href":"https:\/\/1dronas.lt\/en\/wp-json\/wp\/v2\/product_cat?post=16569"},{"taxonomy":"product_tag","embeddable":true,"href":"https:\/\/1dronas.lt\/en\/wp-json\/wp\/v2\/product_tag?post=16569"}],"curies":[{"name":"wp","href":"https:\/\/api.w.org\/{rel}","templated":true}]}}