{"id":16543,"date":"2026-02-11T00:21:55","date_gmt":"2026-02-10T22:21:55","guid":{"rendered":"https:\/\/1dronas.lt\/?post_type=product&#038;p=16543"},"modified":"2026-03-25T13:46:12","modified_gmt":"2026-03-25T11:46:12","slug":"betafpv-vr04-analog-fpv-akiniai","status":"publish","type":"product","link":"https:\/\/1dronas.lt\/en\/produktas\/betafpv-vr04-analog-fpv-akiniai\/","title":{"rendered":"BETAFPV VR04 Analog FPV Goggles"},"content":{"rendered":"<p>The VR04 FPV goggles are designed for comfortable and immersive use. They can also be used with prescription glasses - there is enough space inside, so you don&#039;t have to remove them. Soft, contoured ear cushions and a rubber nose pad provide a snug fit, block out extraneous light and allow for comfortable use for extended periods. The built-in 2000 mAh battery provides up to 2 hours of standby time. Video recording can be started with the press of a button - the footage is saved to a microSD card so you can review your flights at any time.<\/p>\n<p><img loading=\"lazy\" decoding=\"async\" class=\"alignnone size-full wp-image-16554\" src=\"https:\/\/1dronas.lt\/wp-content\/uploads\/2026\/02\/VR04_FPV_Goggles_-_All-around_comfort_and_convenience.webp\" alt=\"\" width=\"1600\" height=\"900\" srcset=\"https:\/\/1dronas.lt\/wp-content\/uploads\/2026\/02\/VR04_FPV_Goggles_-_All-around_comfort_and_convenience.webp 1600w, https:\/\/1dronas.lt\/wp-content\/uploads\/2026\/02\/VR04_FPV_Goggles_-_All-around_comfort_and_convenience-300x169.webp 300w, https:\/\/1dronas.lt\/wp-content\/uploads\/2026\/02\/VR04_FPV_Goggles_-_All-around_comfort_and_convenience-1024x576.webp 1024w, https:\/\/1dronas.lt\/wp-content\/uploads\/2026\/02\/VR04_FPV_Goggles_-_All-around_comfort_and_convenience-768x432.webp 768w, https:\/\/1dronas.lt\/wp-content\/uploads\/2026\/02\/VR04_FPV_Goggles_-_All-around_comfort_and_convenience-1536x864.webp 1536w, https:\/\/1dronas.lt\/wp-content\/uploads\/2026\/02\/VR04_FPV_Goggles_-_All-around_comfort_and_convenience-18x10.webp 18w, https:\/\/1dronas.lt\/wp-content\/uploads\/2026\/02\/VR04_FPV_Goggles_-_All-around_comfort_and_convenience-510x287.webp 510w\" sizes=\"auto, (max-width: 1600px) 100vw, 1600px\" \/><strong>Features:<\/strong><\/p>\n<p>\u2022 Suitable for eyeglass wearers \u2013 the spacious interior allows you to comfortably use your glasses without removing your prescription glasses.<br \/>\n\u2022 Blocks external light well \u2013 the contoured cushions and soft nose pad reduce reflections and allow for better concentration.<br \/>\n\u2022 Built-in 2000 mAh battery \u2013 provides up to 2 hours of use and can be powered by 2-6S \u201ewhoop\u201c type batteries.<br \/>\n\u2022 One-button recording \u2013 video can be started instantly, it is recorded directly into the glasses.<\/p>\n<p><strong>Specification:<\/strong><\/p>\n<p>\u2022 Dimensions: 168.8 \u00d7 182.1 \u00d7 98.5 mm;<br \/>\n\u2022 Weight: 425 g \u00b110 g.;<br \/>\n\u2022 Video format: NTSC \/ PAL;<br \/>\n\u2022 Supported channels: 48 CH;<br \/>\n\u2022 Screen size: 4.3 inches;<br \/>\n\u2022 Screen resolution: 800 \u00d7 480;<br \/>\n\u2022 Battery: 3.7 V, 2000 mAh;<br \/>\n\u2022 Operating time: about 2 hours in normal mode, about 1 hour in recording mode;<br \/>\n\u2022 Antenna connector: RP-SMA;<br \/>\n\u2022 Charging port: USB Type-C;<br \/>\n\u2022 Memory card: microSD (not included), FAT32, up to 64 GB;<br \/>\n\u2022 Recording resolution: 480p @ 30 fps;<br \/>\n\u2022 Video format: AVI.<\/p>\n<p><img loading=\"lazy\" decoding=\"async\" class=\"alignnone wp-image-16553\" src=\"https:\/\/1dronas.lt\/wp-content\/uploads\/2026\/02\/VR04_FPV_Goggles_diagram.webp\" alt=\"\" width=\"1001\" height=\"797\" srcset=\"https:\/\/1dronas.lt\/wp-content\/uploads\/2026\/02\/VR04_FPV_Goggles_diagram.webp 1600w, https:\/\/1dronas.lt\/wp-content\/uploads\/2026\/02\/VR04_FPV_Goggles_diagram-300x239.webp 300w, https:\/\/1dronas.lt\/wp-content\/uploads\/2026\/02\/VR04_FPV_Goggles_diagram-1024x816.webp 1024w, https:\/\/1dronas.lt\/wp-content\/uploads\/2026\/02\/VR04_FPV_Goggles_diagram-768x612.webp 768w, https:\/\/1dronas.lt\/wp-content\/uploads\/2026\/02\/VR04_FPV_Goggles_diagram-1536x1224.webp 1536w, https:\/\/1dronas.lt\/wp-content\/uploads\/2026\/02\/VR04_FPV_Goggles_diagram-15x12.webp 15w, https:\/\/1dronas.lt\/wp-content\/uploads\/2026\/02\/VR04_FPV_Goggles_diagram-510x406.webp 510w\" sizes=\"auto, (max-width: 1001px) 100vw, 1001px\" \/><\/p>\n<p><strong>Full engagement and convenience<\/strong><\/p>\n<p>The VR04 FPV goggles are designed for comfortable use over extended periods of time. The interior is designed to accommodate most glasses, so most glasses fit without a problem. High-quality PU face pads ensure a stable and comfortable fit, while the soft silicone nose pad blocks out external light and allows you to fully immerse yourself in the flight.<\/p>\n<p><img loading=\"lazy\" decoding=\"async\" class=\"alignnone size-full wp-image-16552\" src=\"https:\/\/1dronas.lt\/wp-content\/uploads\/2026\/02\/Aquila20_FPV_Kit_-_VR04_Goggles.webp\" alt=\"\" width=\"1600\" height=\"900\" srcset=\"https:\/\/1dronas.lt\/wp-content\/uploads\/2026\/02\/Aquila20_FPV_Kit_-_VR04_Goggles.webp 1600w, https:\/\/1dronas.lt\/wp-content\/uploads\/2026\/02\/Aquila20_FPV_Kit_-_VR04_Goggles-300x169.webp 300w, https:\/\/1dronas.lt\/wp-content\/uploads\/2026\/02\/Aquila20_FPV_Kit_-_VR04_Goggles-1024x576.webp 1024w, https:\/\/1dronas.lt\/wp-content\/uploads\/2026\/02\/Aquila20_FPV_Kit_-_VR04_Goggles-768x432.webp 768w, https:\/\/1dronas.lt\/wp-content\/uploads\/2026\/02\/Aquila20_FPV_Kit_-_VR04_Goggles-1536x864.webp 1536w, https:\/\/1dronas.lt\/wp-content\/uploads\/2026\/02\/Aquila20_FPV_Kit_-_VR04_Goggles-18x10.webp 18w, https:\/\/1dronas.lt\/wp-content\/uploads\/2026\/02\/Aquila20_FPV_Kit_-_VR04_Goggles-510x287.webp 510w\" sizes=\"auto, (max-width: 1600px) 100vw, 1600px\" \/><strong>Flexible power supply<\/strong><\/p>\n<p>The VR04 FPV goggles have a built-in 2000mAh battery that allows for up to 2 hours of use on a single charge. For more flexibility, the goggles can also be powered directly from any 2-6S whoop battery, making it convenient for longer flights or quick battery swaps.<\/p>\n<p><img loading=\"lazy\" decoding=\"async\" class=\"alignnone size-full wp-image-16551\" src=\"https:\/\/1dronas.lt\/wp-content\/uploads\/2026\/02\/cd88c7a4cfde4f0344cada9ac8f2f809.webp\" alt=\"\" width=\"1600\" height=\"900\" srcset=\"https:\/\/1dronas.lt\/wp-content\/uploads\/2026\/02\/cd88c7a4cfde4f0344cada9ac8f2f809.webp 1600w, https:\/\/1dronas.lt\/wp-content\/uploads\/2026\/02\/cd88c7a4cfde4f0344cada9ac8f2f809-300x169.webp 300w, https:\/\/1dronas.lt\/wp-content\/uploads\/2026\/02\/cd88c7a4cfde4f0344cada9ac8f2f809-1024x576.webp 1024w, https:\/\/1dronas.lt\/wp-content\/uploads\/2026\/02\/cd88c7a4cfde4f0344cada9ac8f2f809-768x432.webp 768w, https:\/\/1dronas.lt\/wp-content\/uploads\/2026\/02\/cd88c7a4cfde4f0344cada9ac8f2f809-1536x864.webp 1536w, https:\/\/1dronas.lt\/wp-content\/uploads\/2026\/02\/cd88c7a4cfde4f0344cada9ac8f2f809-18x10.webp 18w, https:\/\/1dronas.lt\/wp-content\/uploads\/2026\/02\/cd88c7a4cfde4f0344cada9ac8f2f809-510x287.webp 510w\" sizes=\"auto, (max-width: 1600px) 100vw, 1600px\" \/><strong>Record and review<\/strong><\/p>\n<p>You can easily record each flight with the touch of a button - the footage is immediately saved to a microSD card (up to 64 GB supported). No additional equipment is required, and you can review the recordings at any time and relive the most memorable moments.<\/p>\n<p><img loading=\"lazy\" decoding=\"async\" class=\"alignnone size-full wp-image-16550\" src=\"https:\/\/1dronas.lt\/wp-content\/uploads\/2026\/02\/VR04_FPV_Goggles_record_your_flight.webp\" alt=\"\" width=\"1600\" height=\"900\" srcset=\"https:\/\/1dronas.lt\/wp-content\/uploads\/2026\/02\/VR04_FPV_Goggles_record_your_flight.webp 1600w, https:\/\/1dronas.lt\/wp-content\/uploads\/2026\/02\/VR04_FPV_Goggles_record_your_flight-300x169.webp 300w, https:\/\/1dronas.lt\/wp-content\/uploads\/2026\/02\/VR04_FPV_Goggles_record_your_flight-1024x576.webp 1024w, https:\/\/1dronas.lt\/wp-content\/uploads\/2026\/02\/VR04_FPV_Goggles_record_your_flight-768x432.webp 768w, https:\/\/1dronas.lt\/wp-content\/uploads\/2026\/02\/VR04_FPV_Goggles_record_your_flight-1536x864.webp 1536w, https:\/\/1dronas.lt\/wp-content\/uploads\/2026\/02\/VR04_FPV_Goggles_record_your_flight-18x10.webp 18w, https:\/\/1dronas.lt\/wp-content\/uploads\/2026\/02\/VR04_FPV_Goggles_record_your_flight-510x287.webp 510w\" sizes=\"auto, (max-width: 1600px) 100vw, 1600px\" \/><strong>How to record a video?<\/strong><\/p>\n<p>\u2022 Insert a microSD card into the memory card slot (FAT32 format only, maximum capacity \u2013 64 GB).<br \/>\n\u2022 Briefly press the record button once. A red dot will appear in the upper left corner of the screen and the glasses will beep.<br \/>\n\u2022 Wait about 8 seconds. The red dot and the recording LED will start flashing, and a timer will appear on the screen, indicating that recording has started.<br \/>\n\u2022 To stop recording, briefly press the record button again. After 2-3 seconds, the red dot will stop flashing, the timer will disappear, and the recording LED indicator will turn off.<\/p>\n<p><em><strong>Notes<\/strong><\/em><\/p>\n<p>\u2022 <em>After pressing the record button, it takes about 8-10 seconds for the DVR function to turn on, so it is important to wait a while.<\/em><br \/>\n\u2022 <em>The maximum duration of a single recording is 10 minutes. If the recording exceeds 10 minutes, a new video file is automatically created.<\/em><\/p>\n<p>The VR04 FPV goggles support 5.8G frequency and 48 channels. To automatically find the most suitable frequency, press and hold the 5D button for 2-3 seconds. After about 3 seconds, a beep will sound and the goggles will automatically select the best possible frequency. The signal quality of each frequency is displayed in colors:<\/p>\n<p>\u2022 Green (0 &lt; RSSI &lt; 20) \u2013 the frequency is free and usable.<br \/>\n\u2022 Yellow (20 &lt; RSSI &lt; 70) \u2013 the frequency has moderate interference from another transmitter.<br \/>\n\u2022 Red (RSSI &gt; 70) \u2013 the frequency is already in use by another transmitter.<br \/>\n\u2022 White \u2013 the strongest signal the glasses detected during the scan.<\/p>\n<p><strong>Package:<\/strong><\/p>\n<p>1 \u00d7 VR04 FPV Goggles<br \/>\n1 \u00d7 adjustable head strap<br \/>\n1 \u00d7 User Manual<\/p>\n<p><img loading=\"lazy\" decoding=\"async\" class=\"alignnone size-full wp-image-16549\" src=\"https:\/\/1dronas.lt\/wp-content\/uploads\/2026\/02\/VR04_FPV_Goggles_package_600x600.webp\" alt=\"\" width=\"600\" height=\"600\" srcset=\"https:\/\/1dronas.lt\/wp-content\/uploads\/2026\/02\/VR04_FPV_Goggles_package_600x600.webp 600w, https:\/\/1dronas.lt\/wp-content\/uploads\/2026\/02\/VR04_FPV_Goggles_package_600x600-300x300.webp 300w, https:\/\/1dronas.lt\/wp-content\/uploads\/2026\/02\/VR04_FPV_Goggles_package_600x600-150x150.webp 150w, https:\/\/1dronas.lt\/wp-content\/uploads\/2026\/02\/VR04_FPV_Goggles_package_600x600-12x12.webp 12w, https:\/\/1dronas.lt\/wp-content\/uploads\/2026\/02\/VR04_FPV_Goggles_package_600x600-247x247.webp 247w, https:\/\/1dronas.lt\/wp-content\/uploads\/2026\/02\/VR04_FPV_Goggles_package_600x600-510x510.webp 510w, https:\/\/1dronas.lt\/wp-content\/uploads\/2026\/02\/VR04_FPV_Goggles_package_600x600-100x100.webp 100w\" sizes=\"auto, (max-width: 600px) 100vw, 600px\" \/><\/p>","protected":false},"excerpt":{"rendered":"<p><span style=\"color: #333333;\">Comfortable FPV goggles with integrated 2000 mAh battery and video recording function. Thanks to the spacious design, it is also suitable for use with prescription glasses.<\/span><\/p>\n<div class=\"product-short-description\">\n<p><span style=\"color: #333333;\"><strong><img loading=\"lazy\" decoding=\"async\" class=\"alignnone wp-image-1806\" src=\"https:\/\/1dronas.lt\/wp-content\/uploads\/2021\/05\/delivery-icon.png.webp\" alt=\"\" width=\"24\" height=\"24\" srcset=\"https:\/\/1dronas.lt\/wp-content\/uploads\/2021\/05\/delivery-icon.png 35w, https:\/\/1dronas.lt\/wp-content\/uploads\/2021\/05\/delivery-icon-12x12.png 12w\" sizes=\"auto, (max-width: 24px) 100vw, 24px\" \/>\u00a0\u00a0<span style=\"font-size: 90%;\">1 \u2013 2 days<\/span><\/strong><\/span><\/p>\n<\/div>","protected":false},"featured_media":16548,"comment_status":"open","ping_status":"closed","template":"","meta":[],"product_brand":[489],"product_cat":[223],"product_tag":[386,468,69,160,54,1157],"class_list":{"0":"post-16543","1":"product","2":"type-product","3":"status-publish","4":"has-post-thumbnail","6":"product_brand-betafpv","7":"product_cat-fpv-akiniai","8":"product_tag-akiniai","9":"product_tag-analog","10":"product_tag-betafpv","11":"product_tag-dvr","12":"product_tag-fpv","13":"product_tag-vr04","15":"first","16":"outofstock","17":"taxable","18":"shipping-taxable","19":"purchasable","20":"product-type-simple"},"yoast_head":"<!-- This site is optimized with the Yoast SEO plugin v27.3 - https:\/\/yoast.com\/product\/yoast-seo-wordpress\/ -->\n<title>BETAFPV VR04 Analog FPV akiniai - 1dronas.lt<\/title>\n<meta name=\"robots\" content=\"index, follow, max-snippet:-1, max-image-preview:large, max-video-preview:-1\" \/>\n<link rel=\"canonical\" href=\"https:\/\/1dronas.lt\/en\/produktas\/betafpv-vr04-analog-fpv-akiniai\/\" \/>\n<meta property=\"og:locale\" content=\"en_US\" \/>\n<meta property=\"og:type\" content=\"article\" \/>\n<meta property=\"og:title\" content=\"BETAFPV VR04 Analog FPV akiniai - 1dronas.lt\" \/>\n<meta property=\"og:description\" content=\"Patog\u016bs FPV akiniai su integruota 2000 mAh baterija ir vaizdo \u012fra\u0161ymo funkcija. D\u0117l erdvaus dizaino tinka naudoti ir su reg\u0117jimo akiniais.   \u00a0\u00a01 \u2013 2 d.d.\" \/>\n<meta property=\"og:url\" content=\"https:\/\/1dronas.lt\/en\/produktas\/betafpv-vr04-analog-fpv-akiniai\/\" \/>\n<meta property=\"og:site_name\" content=\"1dronas.lt\" \/>\n<meta property=\"article:publisher\" content=\"https:\/\/www.facebook.com\/1dronas\/\" \/>\n<meta property=\"article:modified_time\" content=\"2026-03-25T11:46:12+00:00\" \/>\n<meta property=\"og:image\" content=\"https:\/\/1dronas.lt\/wp-content\/uploads\/2026\/02\/VR04_FPV_Goggles.webp\" \/>\n\t<meta property=\"og:image:width\" content=\"1600\" \/>\n\t<meta property=\"og:image:height\" content=\"1600\" \/>\n\t<meta property=\"og:image:type\" content=\"image\/webp\" \/>\n<meta name=\"twitter:card\" content=\"summary_large_image\" \/>\n<meta name=\"twitter:label1\" content=\"Est. reading time\" \/>\n\t<meta name=\"twitter:data1\" content=\"5 minutes\" \/>\n<script type=\"application\/ld+json\" class=\"yoast-schema-graph\">{\"@context\":\"https:\\\/\\\/schema.org\",\"@graph\":[{\"@type\":\"WebPage\",\"@id\":\"https:\\\/\\\/1dronas.lt\\\/en\\\/produktas\\\/betafpv-vr04-analog-fpv-akiniai\\\/\",\"url\":\"https:\\\/\\\/1dronas.lt\\\/en\\\/produktas\\\/betafpv-vr04-analog-fpv-akiniai\\\/\",\"name\":\"BETAFPV VR04 Analog FPV akiniai - 1dronas.lt\",\"isPartOf\":{\"@id\":\"https:\\\/\\\/1dronas.lt\\\/en\\\/#website\"},\"primaryImageOfPage\":{\"@id\":\"https:\\\/\\\/1dronas.lt\\\/en\\\/produktas\\\/betafpv-vr04-analog-fpv-akiniai\\\/#primaryimage\"},\"image\":{\"@id\":\"https:\\\/\\\/1dronas.lt\\\/en\\\/produktas\\\/betafpv-vr04-analog-fpv-akiniai\\\/#primaryimage\"},\"thumbnailUrl\":\"https:\\\/\\\/1dronas.lt\\\/wp-content\\\/uploads\\\/2026\\\/02\\\/VR04_FPV_Goggles.webp\",\"datePublished\":\"2026-02-10T22:21:55+00:00\",\"dateModified\":\"2026-03-25T11:46:12+00:00\",\"breadcrumb\":{\"@id\":\"https:\\\/\\\/1dronas.lt\\\/en\\\/produktas\\\/betafpv-vr04-analog-fpv-akiniai\\\/#breadcrumb\"},\"inLanguage\":\"en-US\",\"potentialAction\":[{\"@type\":\"ReadAction\",\"target\":[\"https:\\\/\\\/1dronas.lt\\\/en\\\/produktas\\\/betafpv-vr04-analog-fpv-akiniai\\\/\"]}]},{\"@type\":\"ImageObject\",\"inLanguage\":\"en-US\",\"@id\":\"https:\\\/\\\/1dronas.lt\\\/en\\\/produktas\\\/betafpv-vr04-analog-fpv-akiniai\\\/#primaryimage\",\"url\":\"https:\\\/\\\/1dronas.lt\\\/wp-content\\\/uploads\\\/2026\\\/02\\\/VR04_FPV_Goggles.webp\",\"contentUrl\":\"https:\\\/\\\/1dronas.lt\\\/wp-content\\\/uploads\\\/2026\\\/02\\\/VR04_FPV_Goggles.webp\",\"width\":1600,\"height\":1600},{\"@type\":\"BreadcrumbList\",\"@id\":\"https:\\\/\\\/1dronas.lt\\\/en\\\/produktas\\\/betafpv-vr04-analog-fpv-akiniai\\\/#breadcrumb\",\"itemListElement\":[{\"@type\":\"ListItem\",\"position\":1,\"name\":\"Home\",\"item\":\"https:\\\/\\\/1dronas.lt\\\/\"},{\"@type\":\"ListItem\",\"position\":2,\"name\":\"Parduotuv\u0117\",\"item\":\"https:\\\/\\\/1dronas.lt\\\/parduotuve\\\/\"},{\"@type\":\"ListItem\",\"position\":3,\"name\":\"BETAFPV VR04 Analog FPV akiniai\"}]},{\"@type\":\"WebSite\",\"@id\":\"https:\\\/\\\/1dronas.lt\\\/en\\\/#website\",\"url\":\"https:\\\/\\\/1dronas.lt\\\/en\\\/\",\"name\":\"1dronas.lt\",\"description\":\"Internetin\u0117 parduotuv\u0117\",\"publisher\":{\"@id\":\"https:\\\/\\\/1dronas.lt\\\/en\\\/#organization\"},\"potentialAction\":[{\"@type\":\"SearchAction\",\"target\":{\"@type\":\"EntryPoint\",\"urlTemplate\":\"https:\\\/\\\/1dronas.lt\\\/en\\\/?s={search_term_string}\"},\"query-input\":{\"@type\":\"PropertyValueSpecification\",\"valueRequired\":true,\"valueName\":\"search_term_string\"}}],\"inLanguage\":\"en-US\"},{\"@type\":\"Organization\",\"@id\":\"https:\\\/\\\/1dronas.lt\\\/en\\\/#organization\",\"name\":\"1dronas.lt\",\"url\":\"https:\\\/\\\/1dronas.lt\\\/en\\\/\",\"logo\":{\"@type\":\"ImageObject\",\"inLanguage\":\"en-US\",\"@id\":\"https:\\\/\\\/1dronas.lt\\\/en\\\/#\\\/schema\\\/logo\\\/image\\\/\",\"url\":\"https:\\\/\\\/1dronas.lt\\\/wp-content\\\/uploads\\\/2020\\\/12\\\/Ekrano_kopija__2_-removebg-preview-1-1.png\",\"contentUrl\":\"https:\\\/\\\/1dronas.lt\\\/wp-content\\\/uploads\\\/2020\\\/12\\\/Ekrano_kopija__2_-removebg-preview-1-1.png\",\"width\":234,\"height\":81,\"caption\":\"1dronas.lt\"},\"image\":{\"@id\":\"https:\\\/\\\/1dronas.lt\\\/en\\\/#\\\/schema\\\/logo\\\/image\\\/\"},\"sameAs\":[\"https:\\\/\\\/www.facebook.com\\\/1dronas\\\/\"]}]}<\/script>\n<!-- \/ Yoast SEO plugin. -->","yoast_head_json":{"title":"BETAFPV VR04 Analog FPV akiniai - 1dronas.lt","robots":{"index":"index","follow":"follow","max-snippet":"max-snippet:-1","max-image-preview":"max-image-preview:large","max-video-preview":"max-video-preview:-1"},"canonical":"https:\/\/1dronas.lt\/en\/produktas\/betafpv-vr04-analog-fpv-akiniai\/","og_locale":"en_US","og_type":"article","og_title":"BETAFPV VR04 Analog FPV akiniai - 1dronas.lt","og_description":"Patog\u016bs FPV akiniai su integruota 2000 mAh baterija ir vaizdo \u012fra\u0161ymo funkcija. D\u0117l erdvaus dizaino tinka naudoti ir su reg\u0117jimo akiniais.   \u00a0\u00a01 \u2013 2 d.d.","og_url":"https:\/\/1dronas.lt\/en\/produktas\/betafpv-vr04-analog-fpv-akiniai\/","og_site_name":"1dronas.lt","article_publisher":"https:\/\/www.facebook.com\/1dronas\/","article_modified_time":"2026-03-25T11:46:12+00:00","og_image":[{"width":1600,"height":1600,"url":"https:\/\/1dronas.lt\/wp-content\/uploads\/2026\/02\/VR04_FPV_Goggles.webp","type":"image\/webp"}],"twitter_card":"summary_large_image","twitter_misc":{"Est. reading time":"5 minutes"},"schema":{"@context":"https:\/\/schema.org","@graph":[{"@type":"WebPage","@id":"https:\/\/1dronas.lt\/en\/produktas\/betafpv-vr04-analog-fpv-akiniai\/","url":"https:\/\/1dronas.lt\/en\/produktas\/betafpv-vr04-analog-fpv-akiniai\/","name":"BETAFPV VR04 Analog FPV akiniai - 1dronas.lt","isPartOf":{"@id":"https:\/\/1dronas.lt\/en\/#website"},"primaryImageOfPage":{"@id":"https:\/\/1dronas.lt\/en\/produktas\/betafpv-vr04-analog-fpv-akiniai\/#primaryimage"},"image":{"@id":"https:\/\/1dronas.lt\/en\/produktas\/betafpv-vr04-analog-fpv-akiniai\/#primaryimage"},"thumbnailUrl":"https:\/\/1dronas.lt\/wp-content\/uploads\/2026\/02\/VR04_FPV_Goggles.webp","datePublished":"2026-02-10T22:21:55+00:00","dateModified":"2026-03-25T11:46:12+00:00","breadcrumb":{"@id":"https:\/\/1dronas.lt\/en\/produktas\/betafpv-vr04-analog-fpv-akiniai\/#breadcrumb"},"inLanguage":"en-US","potentialAction":[{"@type":"ReadAction","target":["https:\/\/1dronas.lt\/en\/produktas\/betafpv-vr04-analog-fpv-akiniai\/"]}]},{"@type":"ImageObject","inLanguage":"en-US","@id":"https:\/\/1dronas.lt\/en\/produktas\/betafpv-vr04-analog-fpv-akiniai\/#primaryimage","url":"https:\/\/1dronas.lt\/wp-content\/uploads\/2026\/02\/VR04_FPV_Goggles.webp","contentUrl":"https:\/\/1dronas.lt\/wp-content\/uploads\/2026\/02\/VR04_FPV_Goggles.webp","width":1600,"height":1600},{"@type":"BreadcrumbList","@id":"https:\/\/1dronas.lt\/en\/produktas\/betafpv-vr04-analog-fpv-akiniai\/#breadcrumb","itemListElement":[{"@type":"ListItem","position":1,"name":"Home","item":"https:\/\/1dronas.lt\/"},{"@type":"ListItem","position":2,"name":"Parduotuv\u0117","item":"https:\/\/1dronas.lt\/parduotuve\/"},{"@type":"ListItem","position":3,"name":"BETAFPV VR04 Analog FPV akiniai"}]},{"@type":"WebSite","@id":"https:\/\/1dronas.lt\/en\/#website","url":"https:\/\/1dronas.lt\/en\/","name":"1dronas.lt","description":"Online store","publisher":{"@id":"https:\/\/1dronas.lt\/en\/#organization"},"potentialAction":[{"@type":"SearchAction","target":{"@type":"EntryPoint","urlTemplate":"https:\/\/1dronas.lt\/en\/?s={search_term_string}"},"query-input":{"@type":"PropertyValueSpecification","valueRequired":true,"valueName":"search_term_string"}}],"inLanguage":"en-US"},{"@type":"Organization","@id":"https:\/\/1dronas.lt\/en\/#organization","name":"1dronas.lt","url":"https:\/\/1dronas.lt\/en\/","logo":{"@type":"ImageObject","inLanguage":"en-US","@id":"https:\/\/1dronas.lt\/en\/#\/schema\/logo\/image\/","url":"https:\/\/1dronas.lt\/wp-content\/uploads\/2020\/12\/Ekrano_kopija__2_-removebg-preview-1-1.png","contentUrl":"https:\/\/1dronas.lt\/wp-content\/uploads\/2020\/12\/Ekrano_kopija__2_-removebg-preview-1-1.png","width":234,"height":81,"caption":"1dronas.lt"},"image":{"@id":"https:\/\/1dronas.lt\/en\/#\/schema\/logo\/image\/"},"sameAs":["https:\/\/www.facebook.com\/1dronas\/"]}]}},"jetpack_sharing_enabled":true,"_links":{"self":[{"href":"https:\/\/1dronas.lt\/en\/wp-json\/wp\/v2\/product\/16543","targetHints":{"allow":["GET"]}}],"collection":[{"href":"https:\/\/1dronas.lt\/en\/wp-json\/wp\/v2\/product"}],"about":[{"href":"https:\/\/1dronas.lt\/en\/wp-json\/wp\/v2\/types\/product"}],"replies":[{"embeddable":true,"href":"https:\/\/1dronas.lt\/en\/wp-json\/wp\/v2\/comments?post=16543"}],"wp:featuredmedia":[{"embeddable":true,"href":"https:\/\/1dronas.lt\/en\/wp-json\/wp\/v2\/media\/16548"}],"wp:attachment":[{"href":"https:\/\/1dronas.lt\/en\/wp-json\/wp\/v2\/media?parent=16543"}],"wp:term":[{"taxonomy":"product_brand","embeddable":true,"href":"https:\/\/1dronas.lt\/en\/wp-json\/wp\/v2\/product_brand?post=16543"},{"taxonomy":"product_cat","embeddable":true,"href":"https:\/\/1dronas.lt\/en\/wp-json\/wp\/v2\/product_cat?post=16543"},{"taxonomy":"product_tag","embeddable":true,"href":"https:\/\/1dronas.lt\/en\/wp-json\/wp\/v2\/product_tag?post=16543"}],"curies":[{"name":"wp","href":"https:\/\/api.w.org\/{rel}","templated":true}]}}