{"id":16393,"date":"2026-02-06T21:13:36","date_gmt":"2026-02-06T19:13:36","guid":{"rendered":"https:\/\/1dronas.lt\/?post_type=product&#038;p=16393"},"modified":"2026-02-07T10:01:36","modified_gmt":"2026-02-07T08:01:36","slug":"flywoo-explorer-lr-4-o4-pro-micro-long-range-elrs","status":"publish","type":"product","link":"https:\/\/1dronas.lt\/en\/produktas\/flywoo-explorer-lr-4-o4-pro-micro-long-range-elrs\/","title":{"rendered":"Flywoo Explorer LR 4 O4 PRO Micro Long Range ELRS"},"content":{"rendered":"<p>The Explorer LR 4 is a lightweight, long-range drone designed for capturing stunning aerial images. The updated DJI O4 Pro Air Unit delivers 4K\/120fps video recording, ultra-low latency, and up to 15km transmission range, while the GOKU MINI GPS V3 supports up to 30 satellites for accurate and reliable navigation.<\/p>\n<p><img loading=\"lazy\" decoding=\"async\" class=\"alignnone wp-image-16388 size-full\" src=\"https:\/\/1dronas.lt\/wp-content\/uploads\/2026\/02\/20250219-212613-1.jpg\" alt=\"\" width=\"1401\" height=\"789\" srcset=\"https:\/\/1dronas.lt\/wp-content\/uploads\/2026\/02\/20250219-212613-1.jpg 1401w, https:\/\/1dronas.lt\/wp-content\/uploads\/2026\/02\/20250219-212613-1-300x169.jpg 300w, https:\/\/1dronas.lt\/wp-content\/uploads\/2026\/02\/20250219-212613-1-1024x577.jpg 1024w, https:\/\/1dronas.lt\/wp-content\/uploads\/2026\/02\/20250219-212613-1-768x433.jpg 768w, https:\/\/1dronas.lt\/wp-content\/uploads\/2026\/02\/20250219-212613-1-18x10.jpg 18w, https:\/\/1dronas.lt\/wp-content\/uploads\/2026\/02\/20250219-212613-1-510x287.jpg 510w\" sizes=\"auto, (max-width: 1401px) 100vw, 1401px\" \/><img loading=\"lazy\" decoding=\"async\" class=\"alignnone wp-image-16398 size-full\" src=\"https:\/\/1dronas.lt\/wp-content\/uploads\/2026\/02\/e686b8d38f3ea001ec705e518545264.jpg\" alt=\"\" width=\"1600\" height=\"900\" srcset=\"https:\/\/1dronas.lt\/wp-content\/uploads\/2026\/02\/e686b8d38f3ea001ec705e518545264.jpg 1600w, https:\/\/1dronas.lt\/wp-content\/uploads\/2026\/02\/e686b8d38f3ea001ec705e518545264-300x169.jpg 300w, https:\/\/1dronas.lt\/wp-content\/uploads\/2026\/02\/e686b8d38f3ea001ec705e518545264-1024x576.jpg 1024w, https:\/\/1dronas.lt\/wp-content\/uploads\/2026\/02\/e686b8d38f3ea001ec705e518545264-768x432.jpg 768w, https:\/\/1dronas.lt\/wp-content\/uploads\/2026\/02\/e686b8d38f3ea001ec705e518545264-1536x864.jpg 1536w, https:\/\/1dronas.lt\/wp-content\/uploads\/2026\/02\/e686b8d38f3ea001ec705e518545264-18x10.jpg 18w, https:\/\/1dronas.lt\/wp-content\/uploads\/2026\/02\/e686b8d38f3ea001ec705e518545264-510x287.jpg 510w\" sizes=\"auto, (max-width: 1600px) 100vw, 1600px\" \/><\/p>\n<p><strong>Features:<\/strong><\/p>\n<p data-start=\"60\" data-end=\"151\">\u2022 Lightweight, long-range drone;<br \/>\n\u2022 DJI O4 Pro Air Unit \u2013 4K\/120fps video recording and ultra-low latency;<br \/>\n\u2022 Up to 20 km video transmission distance \u2013 reliable connection over long distances;<br \/>\n\u2022 High image quality in real time \u2013 bright and detailed FPV image;<br \/>\n\u2022 GOKU MINI GPS V3 \u2013 supports up to 30 satellites for precise positioning;<br \/>\n\u2022 Precision navigation \u2013 more stable and safer long-range flights;<br \/>\n\u2022 Optimized design \u2013 balanced for performance and flight efficiency.<\/p>\n<p data-start=\"60\" data-end=\"151\"><strong>Specification:<\/strong><\/p>\n<p data-start=\"83\" data-end=\"118\"><strong>\u2022 <\/strong>Model: Explorer LR 4 O4 PRO;<br \/>\n<strong>\u2022 <\/strong>Frame: Explorer LR 4 O4 PRO frameset;<br \/>\n<strong>\u2022 <\/strong>FC: Goku F722 Mini Stack;<br \/>\n<strong>\u2022 <\/strong>VTX: DJI O4 Pro Air Unit;<br \/>\n<strong>\u2022 <\/strong>Camera: DJI O4 Pro Air Unit;<br \/>\n<strong>\u2022 <\/strong>Propellers: 4024-2 blades;<br \/>\n<strong>\u2022 <\/strong>Motors: Nin V2 1404 2750KV;<br \/>\n<strong>\u2022 <\/strong>GPS: GOKU GM10 Mini V3 GPS;<br \/>\n<strong>\u2022 <\/strong>Battery connector: Flywoo XT30UP;<br \/>\n<strong>\u2022 <\/strong>Voltage range: 4S;<br \/>\n<strong>\u2022 <\/strong>Weight: 177.8 g.<\/p>\n<p data-start=\"60\" data-end=\"151\"><strong>Measurements:<\/strong><\/p>\n<p data-start=\"60\" data-end=\"151\"><img loading=\"lazy\" decoding=\"async\" class=\"alignnone wp-image-16401 size-large\" src=\"https:\/\/1dronas.lt\/wp-content\/uploads\/2026\/02\/Explorer-O4PRO-4_1512x-1024x1024.jpg\" alt=\"\" width=\"1020\" height=\"1020\" srcset=\"https:\/\/1dronas.lt\/wp-content\/uploads\/2026\/02\/Explorer-O4PRO-4_1512x-1024x1024.jpg 1024w, https:\/\/1dronas.lt\/wp-content\/uploads\/2026\/02\/Explorer-O4PRO-4_1512x-300x300.jpg 300w, https:\/\/1dronas.lt\/wp-content\/uploads\/2026\/02\/Explorer-O4PRO-4_1512x-150x150.jpg 150w, https:\/\/1dronas.lt\/wp-content\/uploads\/2026\/02\/Explorer-O4PRO-4_1512x-768x768.jpg 768w, https:\/\/1dronas.lt\/wp-content\/uploads\/2026\/02\/Explorer-O4PRO-4_1512x-12x12.jpg 12w, https:\/\/1dronas.lt\/wp-content\/uploads\/2026\/02\/Explorer-O4PRO-4_1512x-247x247.jpg 247w, https:\/\/1dronas.lt\/wp-content\/uploads\/2026\/02\/Explorer-O4PRO-4_1512x-510x510.jpg 510w, https:\/\/1dronas.lt\/wp-content\/uploads\/2026\/02\/Explorer-O4PRO-4_1512x-100x100.jpg 100w, https:\/\/1dronas.lt\/wp-content\/uploads\/2026\/02\/Explorer-O4PRO-4_1512x.jpg 1512w\" sizes=\"auto, (max-width: 1020px) 100vw, 1020px\" \/><\/p>\n<p data-start=\"60\" data-end=\"151\">Ultra-high-definition images are provided by a 1\/1.3-inch sensor that supports 4K\/120fps video recording. The dual-antenna transmission system allows for a transmission distance of up to 15 km with enhanced protection against interference.<\/p>\n<p data-start=\"60\" data-end=\"151\"><img loading=\"lazy\" decoding=\"async\" class=\"alignnone wp-image-16395 size-full\" src=\"https:\/\/1dronas.lt\/wp-content\/uploads\/2026\/02\/1-84.jpg\" alt=\"\" width=\"1600\" height=\"2096\" srcset=\"https:\/\/1dronas.lt\/wp-content\/uploads\/2026\/02\/1-84.jpg 1600w, https:\/\/1dronas.lt\/wp-content\/uploads\/2026\/02\/1-84-229x300.jpg 229w, https:\/\/1dronas.lt\/wp-content\/uploads\/2026\/02\/1-84-782x1024.jpg 782w, https:\/\/1dronas.lt\/wp-content\/uploads\/2026\/02\/1-84-768x1006.jpg 768w, https:\/\/1dronas.lt\/wp-content\/uploads\/2026\/02\/1-84-1173x1536.jpg 1173w, https:\/\/1dronas.lt\/wp-content\/uploads\/2026\/02\/1-84-1563x2048.jpg 1563w, https:\/\/1dronas.lt\/wp-content\/uploads\/2026\/02\/1-84-9x12.jpg 9w, https:\/\/1dronas.lt\/wp-content\/uploads\/2026\/02\/1-84-510x668.jpg 510w\" sizes=\"auto, (max-width: 1600px) 100vw, 1600px\" \/><\/p>\n<p data-start=\"69\" data-end=\"100\">GOKU GM10 Mini V3 GPS provides precise positioning and one-button return. 30-second cold start allows for quick positioning in open spaces, and home point locking helps protect the drone from being lost. The system supports GPS, GLONASS, Galileo, BeiDou, QZSS, and SBAS and can track up to 30 satellites, ensuring stable and reliable flight.<\/p>\n<p data-start=\"69\" data-end=\"100\"><img loading=\"lazy\" decoding=\"async\" class=\"alignnone wp-image-16381 size-full\" src=\"https:\/\/1dronas.lt\/wp-content\/uploads\/2026\/02\/1-82.jpg\" alt=\"\" width=\"1600\" height=\"1985\" srcset=\"https:\/\/1dronas.lt\/wp-content\/uploads\/2026\/02\/1-82.jpg 1600w, https:\/\/1dronas.lt\/wp-content\/uploads\/2026\/02\/1-82-242x300.jpg 242w, https:\/\/1dronas.lt\/wp-content\/uploads\/2026\/02\/1-82-825x1024.jpg 825w, https:\/\/1dronas.lt\/wp-content\/uploads\/2026\/02\/1-82-768x953.jpg 768w, https:\/\/1dronas.lt\/wp-content\/uploads\/2026\/02\/1-82-1238x1536.jpg 1238w, https:\/\/1dronas.lt\/wp-content\/uploads\/2026\/02\/1-82-10x12.jpg 10w, https:\/\/1dronas.lt\/wp-content\/uploads\/2026\/02\/1-82-510x633.jpg 510w\" sizes=\"auto, (max-width: 1600px) 100vw, 1600px\" \/><\/p>\n<p data-start=\"769\" data-end=\"1192\">Modular plug-and-play design ensures compatibility with O4 PRO\/O4, receiver, camera, LED and GPS. Electronic 10V switch allows you to turn 10V power on or off via Betaflight, helping to prevent overheating. Ultra-compact 20\u00d720mm size and lightweight stack design are optimized for efficient space utilization and high performance.<\/p>\n<p data-start=\"769\" data-end=\"1192\"><img loading=\"lazy\" decoding=\"async\" class=\"alignnone wp-image-16384 size-full\" src=\"https:\/\/1dronas.lt\/wp-content\/uploads\/2026\/02\/2-75.jpg\" alt=\"\" width=\"1600\" height=\"1985\" srcset=\"https:\/\/1dronas.lt\/wp-content\/uploads\/2026\/02\/2-75.jpg 1600w, https:\/\/1dronas.lt\/wp-content\/uploads\/2026\/02\/2-75-242x300.jpg 242w, https:\/\/1dronas.lt\/wp-content\/uploads\/2026\/02\/2-75-825x1024.jpg 825w, https:\/\/1dronas.lt\/wp-content\/uploads\/2026\/02\/2-75-768x953.jpg 768w, https:\/\/1dronas.lt\/wp-content\/uploads\/2026\/02\/2-75-1238x1536.jpg 1238w, https:\/\/1dronas.lt\/wp-content\/uploads\/2026\/02\/2-75-10x12.jpg 10w, https:\/\/1dronas.lt\/wp-content\/uploads\/2026\/02\/2-75-510x633.jpg 510w\" sizes=\"auto, (max-width: 1600px) 100vw, 1600px\" \/><\/p>\n<p data-start=\"235\" data-end=\"539\">The built-in 100 dB audible alarm and white LED light automatically turn on 30 seconds after power loss, helping you quickly locate your drone. The internal battery allows you to maintain the alarm for up to 5 hours in standby mode, ensuring reliable search even in difficult conditions.<\/p>\n<p data-start=\"235\" data-end=\"539\"><img loading=\"lazy\" decoding=\"async\" class=\"alignnone wp-image-16382 size-full\" src=\"https:\/\/1dronas.lt\/wp-content\/uploads\/2026\/02\/1ff729f0c6834fffbbbe706b8102a0ab.jpg\" alt=\"\" width=\"1600\" height=\"2006\" srcset=\"https:\/\/1dronas.lt\/wp-content\/uploads\/2026\/02\/1ff729f0c6834fffbbbe706b8102a0ab.jpg 1600w, https:\/\/1dronas.lt\/wp-content\/uploads\/2026\/02\/1ff729f0c6834fffbbbe706b8102a0ab-239x300.jpg 239w, https:\/\/1dronas.lt\/wp-content\/uploads\/2026\/02\/1ff729f0c6834fffbbbe706b8102a0ab-817x1024.jpg 817w, https:\/\/1dronas.lt\/wp-content\/uploads\/2026\/02\/1ff729f0c6834fffbbbe706b8102a0ab-768x963.jpg 768w, https:\/\/1dronas.lt\/wp-content\/uploads\/2026\/02\/1ff729f0c6834fffbbbe706b8102a0ab-1225x1536.jpg 1225w, https:\/\/1dronas.lt\/wp-content\/uploads\/2026\/02\/1ff729f0c6834fffbbbe706b8102a0ab-10x12.jpg 10w, https:\/\/1dronas.lt\/wp-content\/uploads\/2026\/02\/1ff729f0c6834fffbbbe706b8102a0ab-510x639.jpg 510w\" sizes=\"auto, (max-width: 1600px) 100vw, 1600px\" \/><\/p>\n<p data-start=\"235\" data-end=\"539\">The 2750KV high-efficiency motors reduce energy consumption to 30 % during cruise flight, while the 4024-2 blade propellers reduce air turbulence interference and noise to 25 %, ensuring smoother, quieter and longer flight.<\/p>\n<p data-start=\"235\" data-end=\"539\"><img loading=\"lazy\" decoding=\"async\" class=\"alignnone wp-image-16387 size-full\" src=\"https:\/\/1dronas.lt\/wp-content\/uploads\/2026\/02\/4-49.jpg\" alt=\"\" width=\"1600\" height=\"1865\" srcset=\"https:\/\/1dronas.lt\/wp-content\/uploads\/2026\/02\/4-49.jpg 1600w, https:\/\/1dronas.lt\/wp-content\/uploads\/2026\/02\/4-49-257x300.jpg 257w, https:\/\/1dronas.lt\/wp-content\/uploads\/2026\/02\/4-49-878x1024.jpg 878w, https:\/\/1dronas.lt\/wp-content\/uploads\/2026\/02\/4-49-768x895.jpg 768w, https:\/\/1dronas.lt\/wp-content\/uploads\/2026\/02\/4-49-1318x1536.jpg 1318w, https:\/\/1dronas.lt\/wp-content\/uploads\/2026\/02\/4-49-10x12.jpg 10w, https:\/\/1dronas.lt\/wp-content\/uploads\/2026\/02\/4-49-510x594.jpg 510w\" sizes=\"auto, (max-width: 1600px) 100vw, 1600px\" \/><\/p>\n<p data-start=\"235\" data-end=\"539\"><strong>Package:<\/strong><\/p>\n<p data-start=\"35\" data-end=\"65\">1x Explorer LR 4 O4 PRO;<br \/>\n1x Flywoo O4 PRO V2 filter;<br \/>\n8x Gemfan 4024-2 blade black propellers;<br \/>\n2x battery straps 15 \u00d7 180 mm;<br \/>\n1x set of screws.<\/p>\n<p data-start=\"35\" data-end=\"65\"><img loading=\"lazy\" decoding=\"async\" class=\"alignnone wp-image-16396 size-large\" src=\"https:\/\/1dronas.lt\/wp-content\/uploads\/2026\/02\/82-0_1512x-e1770405098205-1024x908.jpg\" alt=\"\" width=\"1020\" height=\"904\" srcset=\"https:\/\/1dronas.lt\/wp-content\/uploads\/2026\/02\/82-0_1512x-e1770405098205-1024x908.jpg 1024w, https:\/\/1dronas.lt\/wp-content\/uploads\/2026\/02\/82-0_1512x-e1770405098205-300x266.jpg 300w, https:\/\/1dronas.lt\/wp-content\/uploads\/2026\/02\/82-0_1512x-e1770405098205-768x681.jpg 768w, https:\/\/1dronas.lt\/wp-content\/uploads\/2026\/02\/82-0_1512x-e1770405098205-14x12.jpg 14w, https:\/\/1dronas.lt\/wp-content\/uploads\/2026\/02\/82-0_1512x-e1770405098205-510x452.jpg 510w, https:\/\/1dronas.lt\/wp-content\/uploads\/2026\/02\/82-0_1512x-e1770405098205.jpg 1512w\" sizes=\"auto, (max-width: 1020px) 100vw, 1020px\" \/><\/p>","protected":false},"excerpt":{"rendered":"<p><span style=\"color: #333333;\">The Explorer LR 4 O4 is a lightweight, sub-250g long-range FPV drone designed for stable, precise and efficient flight. Optimized motor and propeller configuration allows for up to 25 minutes of flight time, while integrated safety and search features ensure reliable operation even in challenging conditions.<\/span><\/p>\n<p><span style=\"color: #333333;\"><strong><img loading=\"lazy\" decoding=\"async\" class=\"alignnone wp-image-1806\" src=\"https:\/\/1dronas.lt\/wp-content\/uploads\/2021\/05\/delivery-icon.png\" alt=\"\" width=\"24\" height=\"24\" srcset=\"https:\/\/1dronas.lt\/wp-content\/uploads\/2021\/05\/delivery-icon.png 35w, https:\/\/1dronas.lt\/wp-content\/uploads\/2021\/05\/delivery-icon-12x12.png 12w\" sizes=\"auto, (max-width: 24px) 100vw, 24px\" \/>\u00a0\u00a0\u00a0<span style=\"font-size: 90%;\">1 \u2013 2 days<\/span><\/strong><\/span><\/p>","protected":false},"featured_media":16397,"comment_status":"open","ping_status":"closed","template":"","meta":[],"product_brand":[1152],"product_cat":[107],"product_tag":[493,176,1167,90,332,1174],"class_list":{"0":"post-16393","1":"product","2":"type-product","3":"status-publish","4":"has-post-thumbnail","6":"product_brand-flywoo","7":"product_cat-long-range","8":"product_tag-dji-o4-air-unit-pro","9":"product_tag-elrs","10":"product_tag-explorer","11":"product_tag-flywoo","12":"product_tag-long-range","13":"product_tag-lr4","15":"first","16":"instock","17":"taxable","18":"shipping-taxable","19":"purchasable","20":"product-type-simple"},"yoast_head":"<!-- This site is optimized with the Yoast SEO plugin v27.5 - https:\/\/yoast.com\/product\/yoast-seo-wordpress\/ -->\n<title>Flywoo Explorer LR 4 O4 PRO Micro Long Range ELRS - 1dronas.lt<\/title>\n<meta name=\"robots\" content=\"index, follow, max-snippet:-1, max-image-preview:large, max-video-preview:-1\" \/>\n<link rel=\"canonical\" href=\"https:\/\/1dronas.lt\/en\/produktas\/flywoo-explorer-lr-4-o4-pro-micro-long-range-elrs\/\" \/>\n<meta property=\"og:locale\" content=\"en_US\" \/>\n<meta property=\"og:type\" content=\"article\" \/>\n<meta property=\"og:title\" content=\"Flywoo Explorer LR 4 O4 PRO Micro Long Range ELRS - 1dronas.lt\" \/>\n<meta property=\"og:description\" content=\"Explorer LR 4 O4 \u2013 tai lengvas, sub-250 g ilgo nuotolio FPV dronas,\u00a0sukurtas stabiliam, tiksliam ir efektyviam skryd\u017eiui. Optimizuota varikli\u0173 ir sraigt\u0173 konfig\u016bracija leid\u017eia pasiekti iki 25 minu\u010di\u0173 skryd\u017eio laik\u0105, o integruotos saugumo ir paie\u0161kos funkcijos u\u017etikrina patikim\u0105 naudojim\u0105 net sud\u0117tingomis s\u0105lygomis.  \u00a0\u00a0\u00a01 \u2013 2 d. d.\" \/>\n<meta property=\"og:url\" content=\"https:\/\/1dronas.lt\/en\/produktas\/flywoo-explorer-lr-4-o4-pro-micro-long-range-elrs\/\" \/>\n<meta property=\"og:site_name\" content=\"1dronas.lt\" \/>\n<meta property=\"article:publisher\" content=\"https:\/\/www.facebook.com\/1dronas\/\" \/>\n<meta property=\"article:modified_time\" content=\"2026-02-07T08:01:36+00:00\" \/>\n<meta property=\"og:image\" content=\"https:\/\/1dronas.lt\/wp-content\/uploads\/2026\/02\/d8f02719134b401bbeb637f180b98d15_1512x.jpg\" \/>\n\t<meta property=\"og:image:width\" content=\"1512\" \/>\n\t<meta property=\"og:image:height\" content=\"1512\" \/>\n\t<meta property=\"og:image:type\" content=\"image\/jpeg\" \/>\n<meta name=\"twitter:card\" content=\"summary_large_image\" \/>\n<meta name=\"twitter:label1\" content=\"Est. reading time\" \/>\n\t<meta name=\"twitter:data1\" content=\"5 minutes\" \/>\n<script type=\"application\/ld+json\" class=\"yoast-schema-graph\">{\"@context\":\"https:\\\/\\\/schema.org\",\"@graph\":[{\"@type\":\"WebPage\",\"@id\":\"https:\\\/\\\/1dronas.lt\\\/en\\\/produktas\\\/flywoo-explorer-lr-4-o4-pro-micro-long-range-elrs\\\/\",\"url\":\"https:\\\/\\\/1dronas.lt\\\/en\\\/produktas\\\/flywoo-explorer-lr-4-o4-pro-micro-long-range-elrs\\\/\",\"name\":\"Flywoo Explorer LR 4 O4 PRO Micro Long Range ELRS - 1dronas.lt\",\"isPartOf\":{\"@id\":\"https:\\\/\\\/1dronas.lt\\\/en\\\/#website\"},\"primaryImageOfPage\":{\"@id\":\"https:\\\/\\\/1dronas.lt\\\/en\\\/produktas\\\/flywoo-explorer-lr-4-o4-pro-micro-long-range-elrs\\\/#primaryimage\"},\"image\":{\"@id\":\"https:\\\/\\\/1dronas.lt\\\/en\\\/produktas\\\/flywoo-explorer-lr-4-o4-pro-micro-long-range-elrs\\\/#primaryimage\"},\"thumbnailUrl\":\"https:\\\/\\\/1dronas.lt\\\/wp-content\\\/uploads\\\/2026\\\/02\\\/d8f02719134b401bbeb637f180b98d15_1512x.jpg\",\"datePublished\":\"2026-02-06T19:13:36+00:00\",\"dateModified\":\"2026-02-07T08:01:36+00:00\",\"breadcrumb\":{\"@id\":\"https:\\\/\\\/1dronas.lt\\\/en\\\/produktas\\\/flywoo-explorer-lr-4-o4-pro-micro-long-range-elrs\\\/#breadcrumb\"},\"inLanguage\":\"en-US\",\"potentialAction\":[{\"@type\":\"ReadAction\",\"target\":[\"https:\\\/\\\/1dronas.lt\\\/en\\\/produktas\\\/flywoo-explorer-lr-4-o4-pro-micro-long-range-elrs\\\/\"]}]},{\"@type\":\"ImageObject\",\"inLanguage\":\"en-US\",\"@id\":\"https:\\\/\\\/1dronas.lt\\\/en\\\/produktas\\\/flywoo-explorer-lr-4-o4-pro-micro-long-range-elrs\\\/#primaryimage\",\"url\":\"https:\\\/\\\/1dronas.lt\\\/wp-content\\\/uploads\\\/2026\\\/02\\\/d8f02719134b401bbeb637f180b98d15_1512x.jpg\",\"contentUrl\":\"https:\\\/\\\/1dronas.lt\\\/wp-content\\\/uploads\\\/2026\\\/02\\\/d8f02719134b401bbeb637f180b98d15_1512x.jpg\",\"width\":1512,\"height\":1512},{\"@type\":\"BreadcrumbList\",\"@id\":\"https:\\\/\\\/1dronas.lt\\\/en\\\/produktas\\\/flywoo-explorer-lr-4-o4-pro-micro-long-range-elrs\\\/#breadcrumb\",\"itemListElement\":[{\"@type\":\"ListItem\",\"position\":1,\"name\":\"Home\",\"item\":\"https:\\\/\\\/1dronas.lt\\\/\"},{\"@type\":\"ListItem\",\"position\":2,\"name\":\"Parduotuv\u0117\",\"item\":\"https:\\\/\\\/1dronas.lt\\\/parduotuve\\\/\"},{\"@type\":\"ListItem\",\"position\":3,\"name\":\"Flywoo Explorer LR 4 O4 PRO Micro Long Range ELRS\"}]},{\"@type\":\"WebSite\",\"@id\":\"https:\\\/\\\/1dronas.lt\\\/en\\\/#website\",\"url\":\"https:\\\/\\\/1dronas.lt\\\/en\\\/\",\"name\":\"1dronas.lt\",\"description\":\"Internetin\u0117 parduotuv\u0117\",\"publisher\":{\"@id\":\"https:\\\/\\\/1dronas.lt\\\/en\\\/#organization\"},\"potentialAction\":[{\"@type\":\"SearchAction\",\"target\":{\"@type\":\"EntryPoint\",\"urlTemplate\":\"https:\\\/\\\/1dronas.lt\\\/en\\\/?s={search_term_string}\"},\"query-input\":{\"@type\":\"PropertyValueSpecification\",\"valueRequired\":true,\"valueName\":\"search_term_string\"}}],\"inLanguage\":\"en-US\"},{\"@type\":\"Organization\",\"@id\":\"https:\\\/\\\/1dronas.lt\\\/en\\\/#organization\",\"name\":\"1dronas.lt\",\"url\":\"https:\\\/\\\/1dronas.lt\\\/en\\\/\",\"logo\":{\"@type\":\"ImageObject\",\"inLanguage\":\"en-US\",\"@id\":\"https:\\\/\\\/1dronas.lt\\\/en\\\/#\\\/schema\\\/logo\\\/image\\\/\",\"url\":\"https:\\\/\\\/1dronas.lt\\\/wp-content\\\/uploads\\\/2020\\\/12\\\/Ekrano_kopija__2_-removebg-preview-1-1.png\",\"contentUrl\":\"https:\\\/\\\/1dronas.lt\\\/wp-content\\\/uploads\\\/2020\\\/12\\\/Ekrano_kopija__2_-removebg-preview-1-1.png\",\"width\":234,\"height\":81,\"caption\":\"1dronas.lt\"},\"image\":{\"@id\":\"https:\\\/\\\/1dronas.lt\\\/en\\\/#\\\/schema\\\/logo\\\/image\\\/\"},\"sameAs\":[\"https:\\\/\\\/www.facebook.com\\\/1dronas\\\/\"]}]}<\/script>\n<!-- \/ Yoast SEO plugin. -->","yoast_head_json":{"title":"Flywoo Explorer LR 4 O4 PRO Micro Long Range ELRS - 1dronas.lt","robots":{"index":"index","follow":"follow","max-snippet":"max-snippet:-1","max-image-preview":"max-image-preview:large","max-video-preview":"max-video-preview:-1"},"canonical":"https:\/\/1dronas.lt\/en\/produktas\/flywoo-explorer-lr-4-o4-pro-micro-long-range-elrs\/","og_locale":"en_US","og_type":"article","og_title":"Flywoo Explorer LR 4 O4 PRO Micro Long Range ELRS - 1dronas.lt","og_description":"Explorer LR 4 O4 \u2013 tai lengvas, sub-250 g ilgo nuotolio FPV dronas,\u00a0sukurtas stabiliam, tiksliam ir efektyviam skryd\u017eiui. Optimizuota varikli\u0173 ir sraigt\u0173 konfig\u016bracija leid\u017eia pasiekti iki 25 minu\u010di\u0173 skryd\u017eio laik\u0105, o integruotos saugumo ir paie\u0161kos funkcijos u\u017etikrina patikim\u0105 naudojim\u0105 net sud\u0117tingomis s\u0105lygomis.  \u00a0\u00a0\u00a01 \u2013 2 d. d.","og_url":"https:\/\/1dronas.lt\/en\/produktas\/flywoo-explorer-lr-4-o4-pro-micro-long-range-elrs\/","og_site_name":"1dronas.lt","article_publisher":"https:\/\/www.facebook.com\/1dronas\/","article_modified_time":"2026-02-07T08:01:36+00:00","og_image":[{"width":1512,"height":1512,"url":"https:\/\/1dronas.lt\/wp-content\/uploads\/2026\/02\/d8f02719134b401bbeb637f180b98d15_1512x.jpg","type":"image\/jpeg"}],"twitter_card":"summary_large_image","twitter_misc":{"Est. reading time":"5 minutes"},"schema":{"@context":"https:\/\/schema.org","@graph":[{"@type":"WebPage","@id":"https:\/\/1dronas.lt\/en\/produktas\/flywoo-explorer-lr-4-o4-pro-micro-long-range-elrs\/","url":"https:\/\/1dronas.lt\/en\/produktas\/flywoo-explorer-lr-4-o4-pro-micro-long-range-elrs\/","name":"Flywoo Explorer LR 4 O4 PRO Micro Long Range ELRS - 1dronas.lt","isPartOf":{"@id":"https:\/\/1dronas.lt\/en\/#website"},"primaryImageOfPage":{"@id":"https:\/\/1dronas.lt\/en\/produktas\/flywoo-explorer-lr-4-o4-pro-micro-long-range-elrs\/#primaryimage"},"image":{"@id":"https:\/\/1dronas.lt\/en\/produktas\/flywoo-explorer-lr-4-o4-pro-micro-long-range-elrs\/#primaryimage"},"thumbnailUrl":"https:\/\/1dronas.lt\/wp-content\/uploads\/2026\/02\/d8f02719134b401bbeb637f180b98d15_1512x.jpg","datePublished":"2026-02-06T19:13:36+00:00","dateModified":"2026-02-07T08:01:36+00:00","breadcrumb":{"@id":"https:\/\/1dronas.lt\/en\/produktas\/flywoo-explorer-lr-4-o4-pro-micro-long-range-elrs\/#breadcrumb"},"inLanguage":"en-US","potentialAction":[{"@type":"ReadAction","target":["https:\/\/1dronas.lt\/en\/produktas\/flywoo-explorer-lr-4-o4-pro-micro-long-range-elrs\/"]}]},{"@type":"ImageObject","inLanguage":"en-US","@id":"https:\/\/1dronas.lt\/en\/produktas\/flywoo-explorer-lr-4-o4-pro-micro-long-range-elrs\/#primaryimage","url":"https:\/\/1dronas.lt\/wp-content\/uploads\/2026\/02\/d8f02719134b401bbeb637f180b98d15_1512x.jpg","contentUrl":"https:\/\/1dronas.lt\/wp-content\/uploads\/2026\/02\/d8f02719134b401bbeb637f180b98d15_1512x.jpg","width":1512,"height":1512},{"@type":"BreadcrumbList","@id":"https:\/\/1dronas.lt\/en\/produktas\/flywoo-explorer-lr-4-o4-pro-micro-long-range-elrs\/#breadcrumb","itemListElement":[{"@type":"ListItem","position":1,"name":"Home","item":"https:\/\/1dronas.lt\/"},{"@type":"ListItem","position":2,"name":"Parduotuv\u0117","item":"https:\/\/1dronas.lt\/parduotuve\/"},{"@type":"ListItem","position":3,"name":"Flywoo Explorer LR 4 O4 PRO Micro Long Range ELRS"}]},{"@type":"WebSite","@id":"https:\/\/1dronas.lt\/en\/#website","url":"https:\/\/1dronas.lt\/en\/","name":"1dronas.lt","description":"Online store","publisher":{"@id":"https:\/\/1dronas.lt\/en\/#organization"},"potentialAction":[{"@type":"SearchAction","target":{"@type":"EntryPoint","urlTemplate":"https:\/\/1dronas.lt\/en\/?s={search_term_string}"},"query-input":{"@type":"PropertyValueSpecification","valueRequired":true,"valueName":"search_term_string"}}],"inLanguage":"en-US"},{"@type":"Organization","@id":"https:\/\/1dronas.lt\/en\/#organization","name":"1dronas.lt","url":"https:\/\/1dronas.lt\/en\/","logo":{"@type":"ImageObject","inLanguage":"en-US","@id":"https:\/\/1dronas.lt\/en\/#\/schema\/logo\/image\/","url":"https:\/\/1dronas.lt\/wp-content\/uploads\/2020\/12\/Ekrano_kopija__2_-removebg-preview-1-1.png","contentUrl":"https:\/\/1dronas.lt\/wp-content\/uploads\/2020\/12\/Ekrano_kopija__2_-removebg-preview-1-1.png","width":234,"height":81,"caption":"1dronas.lt"},"image":{"@id":"https:\/\/1dronas.lt\/en\/#\/schema\/logo\/image\/"},"sameAs":["https:\/\/www.facebook.com\/1dronas\/"]}]}},"jetpack_sharing_enabled":true,"_links":{"self":[{"href":"https:\/\/1dronas.lt\/en\/wp-json\/wp\/v2\/product\/16393","targetHints":{"allow":["GET"]}}],"collection":[{"href":"https:\/\/1dronas.lt\/en\/wp-json\/wp\/v2\/product"}],"about":[{"href":"https:\/\/1dronas.lt\/en\/wp-json\/wp\/v2\/types\/product"}],"replies":[{"embeddable":true,"href":"https:\/\/1dronas.lt\/en\/wp-json\/wp\/v2\/comments?post=16393"}],"wp:featuredmedia":[{"embeddable":true,"href":"https:\/\/1dronas.lt\/en\/wp-json\/wp\/v2\/media\/16397"}],"wp:attachment":[{"href":"https:\/\/1dronas.lt\/en\/wp-json\/wp\/v2\/media?parent=16393"}],"wp:term":[{"taxonomy":"product_brand","embeddable":true,"href":"https:\/\/1dronas.lt\/en\/wp-json\/wp\/v2\/product_brand?post=16393"},{"taxonomy":"product_cat","embeddable":true,"href":"https:\/\/1dronas.lt\/en\/wp-json\/wp\/v2\/product_cat?post=16393"},{"taxonomy":"product_tag","embeddable":true,"href":"https:\/\/1dronas.lt\/en\/wp-json\/wp\/v2\/product_tag?post=16393"}],"curies":[{"name":"wp","href":"https:\/\/api.w.org\/{rel}","templated":true}]}}