{"id":16353,"date":"2026-02-06T16:40:58","date_gmt":"2026-02-06T14:40:58","guid":{"rendered":"https:\/\/1dronas.lt\/?post_type=product&#038;p=16353"},"modified":"2026-02-07T09:57:59","modified_gmt":"2026-02-07T07:57:59","slug":"flybee-16-hd-walksnail-2s-ultralight-fpv-drone","status":"publish","type":"product","link":"https:\/\/1dronas.lt\/en\/produktas\/flybee-16-hd-walksnail-2s-ultralight-fpv-drone\/","title":{"rendered":"Flybee 16 HD Walksnail 2S Ultralight FPV Drone"},"content":{"rendered":"<p>The Flybee 16 is designed for HD VTX systems and is compatible with DJI O4, Walksnail and HDZero. The unique &quot;toothpick&quot; design ensures an ultra-compact size, low weight and exceptional maneuverability.<\/p>\n<p><img loading=\"lazy\" decoding=\"async\" class=\"alignnone wp-image-16327 size-full\" src=\"https:\/\/1dronas.lt\/wp-content\/uploads\/2026\/02\/FLYBEE.jpg\" alt=\"\" width=\"1200\" height=\"763\" srcset=\"https:\/\/1dronas.lt\/wp-content\/uploads\/2026\/02\/FLYBEE.jpg 1200w, https:\/\/1dronas.lt\/wp-content\/uploads\/2026\/02\/FLYBEE-300x191.jpg 300w, https:\/\/1dronas.lt\/wp-content\/uploads\/2026\/02\/FLYBEE-1024x651.jpg 1024w, https:\/\/1dronas.lt\/wp-content\/uploads\/2026\/02\/FLYBEE-768x488.jpg 768w, https:\/\/1dronas.lt\/wp-content\/uploads\/2026\/02\/FLYBEE-18x12.jpg 18w, https:\/\/1dronas.lt\/wp-content\/uploads\/2026\/02\/FLYBEE-510x324.jpg 510w\" sizes=\"auto, (max-width: 1200px) 100vw, 1200px\" \/><\/p>\n<p><strong>Features:<\/strong><\/p>\n<p data-start=\"761\" data-end=\"918\">\u2022 Lightweight and mobile: unique \u201etoothpick\u201c design and ultra-compact body allow for easy flying in tight spaces;<br \/>\n\u2022 Reverse thrust: the system improves flight stability and helps use energy more efficiently;<br \/>\n\u2022 Quick battery change: the new locking system allows the battery to be quickly removed and securely attached;<br \/>\n\u2022 Energy efficiency: The 611-3 40 mm propellers used ensure high efficiency and longer flight time.<\/p>\n<p data-start=\"761\" data-end=\"918\"><strong>Specification:<\/strong><\/p>\n<p data-start=\"761\" data-end=\"918\">\u2022 Model: Flybee 16 HD Walksnail 2S Ultralight FPV Drone;<br data-start=\"146\" data-end=\"149\" \/>\u2022 Frame: Flybee 16 Walksnail;<br data-start=\"191\" data-end=\"194\" \/>\u2022 FC: GOKU F405 HD 1-2S ELRS AIO V2 (42688);<br data-start=\"243\" data-end=\"246\" \/>\u2022 VTX: Walksnail Avatar HD Mini 1S kit;<br data-start=\"318\" data-end=\"321\" \/>\u2022 Camera: HD Nano camera;<br \/>\n\u2022 Battery connector: XT30;<br data-start=\"382\" data-end=\"385\" \/>\u2022 Propellers: 1611-3 40mm 1.5mm;<br data-start=\"419\" data-end=\"422\" \/>\u2022 Motor: ROBO 1003 14800KV;<br data-start=\"448\" data-end=\"451\" \/>\u2022 Antenna: Flywoo 5.8G Light 3dBi brass antenna UFL;<br data-start=\"501\" data-end=\"504\" \/>\u2022 Weight: 45.7g.<\/p>\n<p data-start=\"761\" data-end=\"918\"><strong>Measurements:<\/strong><\/p>\n<p data-start=\"761\" data-end=\"918\"><img loading=\"lazy\" decoding=\"async\" class=\"alignnone wp-image-16358 size-large\" src=\"https:\/\/1dronas.lt\/wp-content\/uploads\/2026\/02\/flybee16-Waiksnail-4_1512x-1024x1024.jpg\" alt=\"\" width=\"1020\" height=\"1020\" srcset=\"https:\/\/1dronas.lt\/wp-content\/uploads\/2026\/02\/flybee16-Waiksnail-4_1512x-1024x1024.jpg 1024w, https:\/\/1dronas.lt\/wp-content\/uploads\/2026\/02\/flybee16-Waiksnail-4_1512x-300x300.jpg 300w, https:\/\/1dronas.lt\/wp-content\/uploads\/2026\/02\/flybee16-Waiksnail-4_1512x-150x150.jpg 150w, https:\/\/1dronas.lt\/wp-content\/uploads\/2026\/02\/flybee16-Waiksnail-4_1512x-768x768.jpg 768w, https:\/\/1dronas.lt\/wp-content\/uploads\/2026\/02\/flybee16-Waiksnail-4_1512x-12x12.jpg 12w, https:\/\/1dronas.lt\/wp-content\/uploads\/2026\/02\/flybee16-Waiksnail-4_1512x-247x247.jpg 247w, https:\/\/1dronas.lt\/wp-content\/uploads\/2026\/02\/flybee16-Waiksnail-4_1512x-510x510.jpg 510w, https:\/\/1dronas.lt\/wp-content\/uploads\/2026\/02\/flybee16-Waiksnail-4_1512x-100x100.jpg 100w, https:\/\/1dronas.lt\/wp-content\/uploads\/2026\/02\/flybee16-Waiksnail-4_1512x.jpg 1512w\" sizes=\"auto, (max-width: 1020px) 100vw, 1020px\" \/><\/p>\n<p data-start=\"0\" data-end=\"39\"><strong data-start=\"0\" data-end=\"39\">Why choose Flybee 16?<\/strong><\/p>\n<p data-start=\"41\" data-end=\"183\">\u2022 Ultra-compact and portable: Palm-sized and weighing less than 50g, making it extremely compact and convenient to carry for flights anywhere;<br \/>\n\u2022 Adapted to the Walksnail system, Flybee ensures high-definition and low-latency video transmission;<br \/>\n\u2022 Powerful thrust: Flybee 16: ROBO 1003 motors and 1611-3 40mm propellers for efficient power;<br \/>\n\u2022 Quick-Release Battery: New lockable battery compartment allows for quick and safe battery replacement;<br \/>\n\u2022 Three-point shock absorption: Filters vibrations and helps to achieve a more stable image;<br \/>\n\u2022 Bottom Locking Mount: Works in conjunction with the flight controller, reduces module vibrations and helps dissipate heat generated by the propellers;<br \/>\n\u2022 Impact-resistant engines: Engine corner guards with TPU bushings absorb impacts during collisions;<br \/>\n\u2022 Long flight time: With 2S 550 mAh battery \u2013 up to 5 minutes of flight \/ With 2S 750 mAh battery \u2013 up to 7 minutes of flight.<\/p>\n<p data-start=\"41\" data-end=\"183\"><img loading=\"lazy\" decoding=\"async\" class=\"alignnone wp-image-16328 size-full\" src=\"https:\/\/1dronas.lt\/wp-content\/uploads\/2026\/02\/flybee16-20-EN-2-scaled.jpg\" alt=\"\" width=\"1089\" height=\"2560\" srcset=\"https:\/\/1dronas.lt\/wp-content\/uploads\/2026\/02\/flybee16-20-EN-2-scaled.jpg 1089w, https:\/\/1dronas.lt\/wp-content\/uploads\/2026\/02\/flybee16-20-EN-2-128x300.jpg 128w, https:\/\/1dronas.lt\/wp-content\/uploads\/2026\/02\/flybee16-20-EN-2-436x1024.jpg 436w, https:\/\/1dronas.lt\/wp-content\/uploads\/2026\/02\/flybee16-20-EN-2-768x1806.jpg 768w, https:\/\/1dronas.lt\/wp-content\/uploads\/2026\/02\/flybee16-20-EN-2-653x1536.jpg 653w, https:\/\/1dronas.lt\/wp-content\/uploads\/2026\/02\/flybee16-20-EN-2-871x2048.jpg 871w, https:\/\/1dronas.lt\/wp-content\/uploads\/2026\/02\/flybee16-20-EN-2-5x12.jpg 5w, https:\/\/1dronas.lt\/wp-content\/uploads\/2026\/02\/flybee16-20-EN-2-510x1199.jpg 510w\" sizes=\"auto, (max-width: 1089px) 100vw, 1089px\" \/><\/p>\n<p data-start=\"0\" data-end=\"44\"><strong data-start=\"0\" data-end=\"44\">Compact design and protection<\/strong><\/p>\n<p data-start=\"46\" data-end=\"169\">\u2022 The Flybee 16 features a unique design that combines safety, compactness, high performance, and stable flight;<br \/>\n\u2022 Integrated USB-C (Type-C) port allows for convenient and fast access and data transfer;<br \/>\n\u2022 Compatible with Flywoo 14mm and 18mm camera mounts, allowing the use of cameras of various sizes;<br \/>\n\u2022 Perforated construction reduces module vibrations and, together with the flight controller, ensures more stable flight;<br \/>\n\u2022 TPU motor mounts are designed to protect motors from damage during impact;<br \/>\n\u2022 The bottom VTX design effectively dissipates heat during HD video transmission, ensuring a stable signal;<br \/>\n\u2022 USB-C (Type-C) connector allows for quick and convenient data access without additional disassembly.<\/p>\n<p data-start=\"46\" data-end=\"169\"><img loading=\"lazy\" decoding=\"async\" class=\"alignnone wp-image-16329 size-full\" src=\"https:\/\/1dronas.lt\/wp-content\/uploads\/2026\/02\/flybee16-20-EN-3-2.jpg\" alt=\"\" width=\"1600\" height=\"1882\" srcset=\"https:\/\/1dronas.lt\/wp-content\/uploads\/2026\/02\/flybee16-20-EN-3-2.jpg 1600w, https:\/\/1dronas.lt\/wp-content\/uploads\/2026\/02\/flybee16-20-EN-3-2-255x300.jpg 255w, https:\/\/1dronas.lt\/wp-content\/uploads\/2026\/02\/flybee16-20-EN-3-2-871x1024.jpg 871w, https:\/\/1dronas.lt\/wp-content\/uploads\/2026\/02\/flybee16-20-EN-3-2-768x903.jpg 768w, https:\/\/1dronas.lt\/wp-content\/uploads\/2026\/02\/flybee16-20-EN-3-2-1306x1536.jpg 1306w, https:\/\/1dronas.lt\/wp-content\/uploads\/2026\/02\/flybee16-20-EN-3-2-10x12.jpg 10w, https:\/\/1dronas.lt\/wp-content\/uploads\/2026\/02\/flybee16-20-EN-3-2-510x600.jpg 510w\" sizes=\"auto, (max-width: 1600px) 100vw, 1600px\" \/><\/p>\n<p data-start=\"33\" data-end=\"79\"><strong data-start=\"33\" data-end=\"79\">High-performance F405 BGA flight controller<\/strong><\/p>\n<p data-start=\"81\" data-end=\"293\">GOKU F405 12A AIO is an integrated flight controller with advanced features. It uses the F405 BGA chip for higher processing power and integrates a 12A 4-in-1 ESC for smooth operation. With 5 UART ports, I2C compass input and integrated 2.4G receiver, it allows for easy connection of additional modules and upgrades. Lightweight construction and 8MB Blackbox memory.<\/p>\n<p data-start=\"81\" data-end=\"293\"><img loading=\"lazy\" decoding=\"async\" class=\"alignnone wp-image-16209 size-full\" src=\"https:\/\/1dronas.lt\/wp-content\/uploads\/2026\/02\/Flylens-85-AIO.jpg\" alt=\"\" width=\"1600\" height=\"1000\" srcset=\"https:\/\/1dronas.lt\/wp-content\/uploads\/2026\/02\/Flylens-85-AIO.jpg 1600w, https:\/\/1dronas.lt\/wp-content\/uploads\/2026\/02\/Flylens-85-AIO-300x188.jpg 300w, https:\/\/1dronas.lt\/wp-content\/uploads\/2026\/02\/Flylens-85-AIO-1024x640.jpg 1024w, https:\/\/1dronas.lt\/wp-content\/uploads\/2026\/02\/Flylens-85-AIO-768x480.jpg 768w, https:\/\/1dronas.lt\/wp-content\/uploads\/2026\/02\/Flylens-85-AIO-1536x960.jpg 1536w, https:\/\/1dronas.lt\/wp-content\/uploads\/2026\/02\/Flylens-85-AIO-18x12.jpg 18w, https:\/\/1dronas.lt\/wp-content\/uploads\/2026\/02\/Flylens-85-AIO-510x319.jpg 510w\" sizes=\"auto, (max-width: 1600px) 100vw, 1600px\" \/><\/p>\n<p data-start=\"0\" data-end=\"37\"><strong data-start=\"0\" data-end=\"37\">High-efficiency power system<\/strong><\/p>\n<p data-start=\"39\" data-end=\"209\">\u2022 Specially designed for micro-class drones \u2013 this system maximizes the potential of a lightweight body, allowing you to easily cope with complex air flows and maneuvers;<br \/>\n\u2022 1611-3 propellers \/ 2015-2 propellers;<br \/>\n\u2022 ROBO 1003 14800KV;<br \/>\n\u2022 Recommended battery: 2S 550 mAh \u2013 2S 1000 mAh.<\/p>\n<p data-start=\"39\" data-end=\"209\"><img loading=\"lazy\" decoding=\"async\" class=\"alignnone wp-image-16330 size-full\" src=\"https:\/\/1dronas.lt\/wp-content\/uploads\/2026\/02\/flybee16-20-EN-5.jpg\" alt=\"\" width=\"1600\" height=\"1022\" srcset=\"https:\/\/1dronas.lt\/wp-content\/uploads\/2026\/02\/flybee16-20-EN-5.jpg 1600w, https:\/\/1dronas.lt\/wp-content\/uploads\/2026\/02\/flybee16-20-EN-5-300x192.jpg 300w, https:\/\/1dronas.lt\/wp-content\/uploads\/2026\/02\/flybee16-20-EN-5-1024x654.jpg 1024w, https:\/\/1dronas.lt\/wp-content\/uploads\/2026\/02\/flybee16-20-EN-5-768x491.jpg 768w, https:\/\/1dronas.lt\/wp-content\/uploads\/2026\/02\/flybee16-20-EN-5-1536x981.jpg 1536w, https:\/\/1dronas.lt\/wp-content\/uploads\/2026\/02\/flybee16-20-EN-5-18x12.jpg 18w, https:\/\/1dronas.lt\/wp-content\/uploads\/2026\/02\/flybee16-20-EN-5-510x326.jpg 510w\" sizes=\"auto, (max-width: 1600px) 100vw, 1600px\" \/><\/p>\n<p data-start=\"39\" data-end=\"209\"><strong>Package:<\/strong><\/p>\n<p data-start=\"39\" data-end=\"209\">1x Flybee 16 HD Walksnail 2S Ultralight FPV drone;<br data-start=\"117\" data-end=\"120\" \/>1x 2S 550 mAh battery TPU holder;<br data-start=\"157\" data-end=\"160\" data-is-only-node=\"\" \/>1x 2S 750 mAh battery TPU holder;<br data-start=\"197\" data-end=\"200\" \/>1x 2S 1000 mAh battery TPU holder;<br data-start=\"238\" data-end=\"241\" \/>8x 1611-4 propellers;<br data-start=\"262\" data-end=\"265\" \/>1x Screwdriver;<br data-start=\"278\" data-end=\"281\" \/>1x Fastener set.<\/p>\n<p data-start=\"39\" data-end=\"209\"><img loading=\"lazy\" decoding=\"async\" src=\"https:\/\/img-va.myshopline.com\/image\/store\/1673593876355\/16-WALKSNAIL-EN.jpeg?w=2000&amp;h=2000\" alt=\"\" width=\"2000\" height=\"2000\" \/><\/p>\n<p data-start=\"39\" data-end=\"209\">","protected":false},"excerpt":{"rendered":"<p><span style=\"color: #333333;\">Flybee 16 2S is an ultra-light and compact FPV drone with a Walksnail digital video transmission system, designed for precise and dynamic flights in tight spaces.\u00a0<\/span><\/p>\n<p><span style=\"color: #333333;\"><strong><img loading=\"lazy\" decoding=\"async\" class=\"alignnone wp-image-1806\" src=\"https:\/\/1dronas.lt\/wp-content\/uploads\/2021\/05\/delivery-icon.png\" alt=\"\" width=\"24\" height=\"24\" srcset=\"https:\/\/1dronas.lt\/wp-content\/uploads\/2021\/05\/delivery-icon.png 35w, https:\/\/1dronas.lt\/wp-content\/uploads\/2021\/05\/delivery-icon-12x12.png 12w\" sizes=\"auto, (max-width: 24px) 100vw, 24px\" \/>\u00a0\u00a0\u00a0<span style=\"font-size: 90%;\">1 \u2013 2 days<\/span><\/strong><\/span><\/p>","protected":false},"featured_media":16356,"comment_status":"open","ping_status":"closed","template":"","meta":[],"product_brand":[1152],"product_cat":[109],"product_tag":[138,176,1171,90,43,130,1117],"class_list":{"0":"post-16353","1":"product","2":"type-product","3":"status-publish","4":"has-post-thumbnail","6":"product_brand-flywoo","7":"product_cat-cinewhoop","8":"product_tag-2s","9":"product_tag-elrs","10":"product_tag-flybee-16","11":"product_tag-flywoo","12":"product_tag-hd","13":"product_tag-ultralight","14":"product_tag-walksnail","16":"first","17":"instock","18":"taxable","19":"shipping-taxable","20":"purchasable","21":"product-type-simple"},"yoast_head":"<!-- This site is optimized with the Yoast SEO plugin v27.5 - https:\/\/yoast.com\/product\/yoast-seo-wordpress\/ -->\n<title>Flybee 16 HD Walksnail 2S Ultralight FPV Drone - 1dronas.lt<\/title>\n<meta name=\"robots\" content=\"index, follow, max-snippet:-1, max-image-preview:large, max-video-preview:-1\" \/>\n<link rel=\"canonical\" href=\"https:\/\/1dronas.lt\/en\/produktas\/flybee-16-hd-walksnail-2s-ultralight-fpv-drone\/\" \/>\n<meta property=\"og:locale\" content=\"en_US\" \/>\n<meta property=\"og:type\" content=\"article\" \/>\n<meta property=\"og:title\" content=\"Flybee 16 HD Walksnail 2S Ultralight FPV Drone - 1dronas.lt\" \/>\n<meta property=\"og:description\" content=\"Flybee 16 2S \u2013 itin lengvas ir kompakti\u0161kas FPV dronas su Walksnail skaitmenine vaizdo perdavimo sistema, skirtas tiksliems ir dinami\u0161kiems skryd\u017eiams siaurose erdv\u0117se.\u00a0  \u00a0\u00a0\u00a01 \u2013 2 d. d.\" \/>\n<meta property=\"og:url\" content=\"https:\/\/1dronas.lt\/en\/produktas\/flybee-16-hd-walksnail-2s-ultralight-fpv-drone\/\" \/>\n<meta property=\"og:site_name\" content=\"1dronas.lt\" \/>\n<meta property=\"article:publisher\" content=\"https:\/\/www.facebook.com\/1dronas\/\" \/>\n<meta property=\"article:modified_time\" content=\"2026-02-07T07:57:59+00:00\" \/>\n<meta property=\"og:image\" content=\"https:\/\/1dronas.lt\/wp-content\/uploads\/2026\/02\/flybee16-Waiksnail-2_1512x.jpg\" \/>\n\t<meta property=\"og:image:width\" content=\"1512\" \/>\n\t<meta property=\"og:image:height\" content=\"1512\" \/>\n\t<meta property=\"og:image:type\" content=\"image\/jpeg\" \/>\n<meta name=\"twitter:card\" content=\"summary_large_image\" \/>\n<meta name=\"twitter:label1\" content=\"Est. reading time\" \/>\n\t<meta name=\"twitter:data1\" content=\"5 minutes\" \/>\n<script type=\"application\/ld+json\" class=\"yoast-schema-graph\">{\"@context\":\"https:\\\/\\\/schema.org\",\"@graph\":[{\"@type\":\"WebPage\",\"@id\":\"https:\\\/\\\/1dronas.lt\\\/en\\\/produktas\\\/flybee-16-hd-walksnail-2s-ultralight-fpv-drone\\\/\",\"url\":\"https:\\\/\\\/1dronas.lt\\\/en\\\/produktas\\\/flybee-16-hd-walksnail-2s-ultralight-fpv-drone\\\/\",\"name\":\"Flybee 16 HD Walksnail 2S Ultralight FPV Drone - 1dronas.lt\",\"isPartOf\":{\"@id\":\"https:\\\/\\\/1dronas.lt\\\/en\\\/#website\"},\"primaryImageOfPage\":{\"@id\":\"https:\\\/\\\/1dronas.lt\\\/en\\\/produktas\\\/flybee-16-hd-walksnail-2s-ultralight-fpv-drone\\\/#primaryimage\"},\"image\":{\"@id\":\"https:\\\/\\\/1dronas.lt\\\/en\\\/produktas\\\/flybee-16-hd-walksnail-2s-ultralight-fpv-drone\\\/#primaryimage\"},\"thumbnailUrl\":\"https:\\\/\\\/1dronas.lt\\\/wp-content\\\/uploads\\\/2026\\\/02\\\/flybee16-Waiksnail-2_1512x.jpg\",\"datePublished\":\"2026-02-06T14:40:58+00:00\",\"dateModified\":\"2026-02-07T07:57:59+00:00\",\"breadcrumb\":{\"@id\":\"https:\\\/\\\/1dronas.lt\\\/en\\\/produktas\\\/flybee-16-hd-walksnail-2s-ultralight-fpv-drone\\\/#breadcrumb\"},\"inLanguage\":\"en-US\",\"potentialAction\":[{\"@type\":\"ReadAction\",\"target\":[\"https:\\\/\\\/1dronas.lt\\\/en\\\/produktas\\\/flybee-16-hd-walksnail-2s-ultralight-fpv-drone\\\/\"]}]},{\"@type\":\"ImageObject\",\"inLanguage\":\"en-US\",\"@id\":\"https:\\\/\\\/1dronas.lt\\\/en\\\/produktas\\\/flybee-16-hd-walksnail-2s-ultralight-fpv-drone\\\/#primaryimage\",\"url\":\"https:\\\/\\\/1dronas.lt\\\/wp-content\\\/uploads\\\/2026\\\/02\\\/flybee16-Waiksnail-2_1512x.jpg\",\"contentUrl\":\"https:\\\/\\\/1dronas.lt\\\/wp-content\\\/uploads\\\/2026\\\/02\\\/flybee16-Waiksnail-2_1512x.jpg\",\"width\":1512,\"height\":1512},{\"@type\":\"BreadcrumbList\",\"@id\":\"https:\\\/\\\/1dronas.lt\\\/en\\\/produktas\\\/flybee-16-hd-walksnail-2s-ultralight-fpv-drone\\\/#breadcrumb\",\"itemListElement\":[{\"@type\":\"ListItem\",\"position\":1,\"name\":\"Home\",\"item\":\"https:\\\/\\\/1dronas.lt\\\/\"},{\"@type\":\"ListItem\",\"position\":2,\"name\":\"Parduotuv\u0117\",\"item\":\"https:\\\/\\\/1dronas.lt\\\/parduotuve\\\/\"},{\"@type\":\"ListItem\",\"position\":3,\"name\":\"Flybee 16 HD Walksnail 2S Ultralight FPV Drone\"}]},{\"@type\":\"WebSite\",\"@id\":\"https:\\\/\\\/1dronas.lt\\\/en\\\/#website\",\"url\":\"https:\\\/\\\/1dronas.lt\\\/en\\\/\",\"name\":\"1dronas.lt\",\"description\":\"Internetin\u0117 parduotuv\u0117\",\"publisher\":{\"@id\":\"https:\\\/\\\/1dronas.lt\\\/en\\\/#organization\"},\"potentialAction\":[{\"@type\":\"SearchAction\",\"target\":{\"@type\":\"EntryPoint\",\"urlTemplate\":\"https:\\\/\\\/1dronas.lt\\\/en\\\/?s={search_term_string}\"},\"query-input\":{\"@type\":\"PropertyValueSpecification\",\"valueRequired\":true,\"valueName\":\"search_term_string\"}}],\"inLanguage\":\"en-US\"},{\"@type\":\"Organization\",\"@id\":\"https:\\\/\\\/1dronas.lt\\\/en\\\/#organization\",\"name\":\"1dronas.lt\",\"url\":\"https:\\\/\\\/1dronas.lt\\\/en\\\/\",\"logo\":{\"@type\":\"ImageObject\",\"inLanguage\":\"en-US\",\"@id\":\"https:\\\/\\\/1dronas.lt\\\/en\\\/#\\\/schema\\\/logo\\\/image\\\/\",\"url\":\"https:\\\/\\\/1dronas.lt\\\/wp-content\\\/uploads\\\/2020\\\/12\\\/Ekrano_kopija__2_-removebg-preview-1-1.png\",\"contentUrl\":\"https:\\\/\\\/1dronas.lt\\\/wp-content\\\/uploads\\\/2020\\\/12\\\/Ekrano_kopija__2_-removebg-preview-1-1.png\",\"width\":234,\"height\":81,\"caption\":\"1dronas.lt\"},\"image\":{\"@id\":\"https:\\\/\\\/1dronas.lt\\\/en\\\/#\\\/schema\\\/logo\\\/image\\\/\"},\"sameAs\":[\"https:\\\/\\\/www.facebook.com\\\/1dronas\\\/\"]}]}<\/script>\n<!-- \/ Yoast SEO plugin. -->","yoast_head_json":{"title":"Flybee 16 HD Walksnail 2S Ultralight FPV Drone - 1dronas.lt","robots":{"index":"index","follow":"follow","max-snippet":"max-snippet:-1","max-image-preview":"max-image-preview:large","max-video-preview":"max-video-preview:-1"},"canonical":"https:\/\/1dronas.lt\/en\/produktas\/flybee-16-hd-walksnail-2s-ultralight-fpv-drone\/","og_locale":"en_US","og_type":"article","og_title":"Flybee 16 HD Walksnail 2S Ultralight FPV Drone - 1dronas.lt","og_description":"Flybee 16 2S \u2013 itin lengvas ir kompakti\u0161kas FPV dronas su Walksnail skaitmenine vaizdo perdavimo sistema, skirtas tiksliems ir dinami\u0161kiems skryd\u017eiams siaurose erdv\u0117se.\u00a0  \u00a0\u00a0\u00a01 \u2013 2 d. d.","og_url":"https:\/\/1dronas.lt\/en\/produktas\/flybee-16-hd-walksnail-2s-ultralight-fpv-drone\/","og_site_name":"1dronas.lt","article_publisher":"https:\/\/www.facebook.com\/1dronas\/","article_modified_time":"2026-02-07T07:57:59+00:00","og_image":[{"width":1512,"height":1512,"url":"https:\/\/1dronas.lt\/wp-content\/uploads\/2026\/02\/flybee16-Waiksnail-2_1512x.jpg","type":"image\/jpeg"}],"twitter_card":"summary_large_image","twitter_misc":{"Est. reading time":"5 minutes"},"schema":{"@context":"https:\/\/schema.org","@graph":[{"@type":"WebPage","@id":"https:\/\/1dronas.lt\/en\/produktas\/flybee-16-hd-walksnail-2s-ultralight-fpv-drone\/","url":"https:\/\/1dronas.lt\/en\/produktas\/flybee-16-hd-walksnail-2s-ultralight-fpv-drone\/","name":"Flybee 16 HD Walksnail 2S Ultralight FPV Drone - 1dronas.lt","isPartOf":{"@id":"https:\/\/1dronas.lt\/en\/#website"},"primaryImageOfPage":{"@id":"https:\/\/1dronas.lt\/en\/produktas\/flybee-16-hd-walksnail-2s-ultralight-fpv-drone\/#primaryimage"},"image":{"@id":"https:\/\/1dronas.lt\/en\/produktas\/flybee-16-hd-walksnail-2s-ultralight-fpv-drone\/#primaryimage"},"thumbnailUrl":"https:\/\/1dronas.lt\/wp-content\/uploads\/2026\/02\/flybee16-Waiksnail-2_1512x.jpg","datePublished":"2026-02-06T14:40:58+00:00","dateModified":"2026-02-07T07:57:59+00:00","breadcrumb":{"@id":"https:\/\/1dronas.lt\/en\/produktas\/flybee-16-hd-walksnail-2s-ultralight-fpv-drone\/#breadcrumb"},"inLanguage":"en-US","potentialAction":[{"@type":"ReadAction","target":["https:\/\/1dronas.lt\/en\/produktas\/flybee-16-hd-walksnail-2s-ultralight-fpv-drone\/"]}]},{"@type":"ImageObject","inLanguage":"en-US","@id":"https:\/\/1dronas.lt\/en\/produktas\/flybee-16-hd-walksnail-2s-ultralight-fpv-drone\/#primaryimage","url":"https:\/\/1dronas.lt\/wp-content\/uploads\/2026\/02\/flybee16-Waiksnail-2_1512x.jpg","contentUrl":"https:\/\/1dronas.lt\/wp-content\/uploads\/2026\/02\/flybee16-Waiksnail-2_1512x.jpg","width":1512,"height":1512},{"@type":"BreadcrumbList","@id":"https:\/\/1dronas.lt\/en\/produktas\/flybee-16-hd-walksnail-2s-ultralight-fpv-drone\/#breadcrumb","itemListElement":[{"@type":"ListItem","position":1,"name":"Home","item":"https:\/\/1dronas.lt\/"},{"@type":"ListItem","position":2,"name":"Parduotuv\u0117","item":"https:\/\/1dronas.lt\/parduotuve\/"},{"@type":"ListItem","position":3,"name":"Flybee 16 HD Walksnail 2S Ultralight FPV Drone"}]},{"@type":"WebSite","@id":"https:\/\/1dronas.lt\/en\/#website","url":"https:\/\/1dronas.lt\/en\/","name":"1dronas.lt","description":"Online store","publisher":{"@id":"https:\/\/1dronas.lt\/en\/#organization"},"potentialAction":[{"@type":"SearchAction","target":{"@type":"EntryPoint","urlTemplate":"https:\/\/1dronas.lt\/en\/?s={search_term_string}"},"query-input":{"@type":"PropertyValueSpecification","valueRequired":true,"valueName":"search_term_string"}}],"inLanguage":"en-US"},{"@type":"Organization","@id":"https:\/\/1dronas.lt\/en\/#organization","name":"1dronas.lt","url":"https:\/\/1dronas.lt\/en\/","logo":{"@type":"ImageObject","inLanguage":"en-US","@id":"https:\/\/1dronas.lt\/en\/#\/schema\/logo\/image\/","url":"https:\/\/1dronas.lt\/wp-content\/uploads\/2020\/12\/Ekrano_kopija__2_-removebg-preview-1-1.png","contentUrl":"https:\/\/1dronas.lt\/wp-content\/uploads\/2020\/12\/Ekrano_kopija__2_-removebg-preview-1-1.png","width":234,"height":81,"caption":"1dronas.lt"},"image":{"@id":"https:\/\/1dronas.lt\/en\/#\/schema\/logo\/image\/"},"sameAs":["https:\/\/www.facebook.com\/1dronas\/"]}]}},"jetpack_sharing_enabled":true,"_links":{"self":[{"href":"https:\/\/1dronas.lt\/en\/wp-json\/wp\/v2\/product\/16353","targetHints":{"allow":["GET"]}}],"collection":[{"href":"https:\/\/1dronas.lt\/en\/wp-json\/wp\/v2\/product"}],"about":[{"href":"https:\/\/1dronas.lt\/en\/wp-json\/wp\/v2\/types\/product"}],"replies":[{"embeddable":true,"href":"https:\/\/1dronas.lt\/en\/wp-json\/wp\/v2\/comments?post=16353"}],"wp:featuredmedia":[{"embeddable":true,"href":"https:\/\/1dronas.lt\/en\/wp-json\/wp\/v2\/media\/16356"}],"wp:attachment":[{"href":"https:\/\/1dronas.lt\/en\/wp-json\/wp\/v2\/media?parent=16353"}],"wp:term":[{"taxonomy":"product_brand","embeddable":true,"href":"https:\/\/1dronas.lt\/en\/wp-json\/wp\/v2\/product_brand?post=16353"},{"taxonomy":"product_cat","embeddable":true,"href":"https:\/\/1dronas.lt\/en\/wp-json\/wp\/v2\/product_cat?post=16353"},{"taxonomy":"product_tag","embeddable":true,"href":"https:\/\/1dronas.lt\/en\/wp-json\/wp\/v2\/product_tag?post=16353"}],"curies":[{"name":"wp","href":"https:\/\/api.w.org\/{rel}","templated":true}]}}