{"id":16325,"date":"2026-02-06T13:26:29","date_gmt":"2026-02-06T11:26:29","guid":{"rendered":"https:\/\/1dronas.lt\/?post_type=product&#038;p=16325"},"modified":"2026-02-07T09:55:46","modified_gmt":"2026-02-07T07:55:46","slug":"flywoo-flybee-16-hd-o4-2s-ultralight-fpv-drone-erls","status":"publish","type":"product","link":"https:\/\/1dronas.lt\/en\/produktas\/flywoo-flybee-16-hd-o4-2s-ultralight-fpv-drone-erls\/","title":{"rendered":"Flywoo Flybee 16 HD O4 2S Ultralight FPV Drone ERLS"},"content":{"rendered":"<p data-start=\"110\" data-end=\"669\">Flywoo Flybee 16 HD O4 is one of the smallest and lightest HD FPV drones, designed for smooth flight in both narrow spaces and outdoor spaces. It is a member of the new FLY series, featuring a special &quot;toothpick&quot; type design that provides high agility and maneuverability and allows easy flying in difficult environments. This model is popular among video enthusiasts and professionals who appreciate the compact size and high quality image.<\/p>\n<p data-start=\"110\" data-end=\"669\"><img loading=\"lazy\" decoding=\"async\" class=\"alignnone wp-image-16327 size-full\" src=\"https:\/\/1dronas.lt\/wp-content\/uploads\/2026\/02\/FLYBEE.jpg\" alt=\"\" width=\"1200\" height=\"763\" srcset=\"https:\/\/1dronas.lt\/wp-content\/uploads\/2026\/02\/FLYBEE.jpg 1200w, https:\/\/1dronas.lt\/wp-content\/uploads\/2026\/02\/FLYBEE-300x191.jpg 300w, https:\/\/1dronas.lt\/wp-content\/uploads\/2026\/02\/FLYBEE-1024x651.jpg 1024w, https:\/\/1dronas.lt\/wp-content\/uploads\/2026\/02\/FLYBEE-768x488.jpg 768w, https:\/\/1dronas.lt\/wp-content\/uploads\/2026\/02\/FLYBEE-18x12.jpg 18w, https:\/\/1dronas.lt\/wp-content\/uploads\/2026\/02\/FLYBEE-510x324.jpg 510w\" sizes=\"auto, (max-width: 1200px) 100vw, 1200px\" \/><\/p>\n<p data-start=\"110\" data-end=\"669\"><strong>Features:<\/strong><\/p>\n<p data-start=\"122\" data-end=\"217\">\u2022 Lightweight and mobile: unique \u201etoothpick\u201c design and ultra-compact body allow for easy flying in tight spaces;<br \/>\n\u2022 Excellent image quality: The O4 Air Unit system captures 1080p\u20134K\/60 fps HD images with rich detail;<br \/>\n\u2022 Stable platform: three-point shock-absorbing platform adapted to the O4 Air Unit system helps prevent the visual &quot;jelly&quot; effect;<br \/>\n\u2022 Reverse thrust: the system improves flight stability and helps use energy more efficiently;<br \/>\n\u2022 Quick battery change: the new locking system allows the battery to be quickly removed and securely attached;<br \/>\n\u2022 Energy efficiency: The 611-3 40 mm propellers used ensure high efficiency and longer flight time.<\/p>\n<p data-start=\"122\" data-end=\"217\"><strong>Specification:<\/strong><\/p>\n<p data-start=\"122\" data-end=\"217\">\u2022 Model: Flybee 16 HD O4 Ultralight FPV drone;<br data-start=\"50\" data-end=\"53\" \/>\u2022 Frame: Flybee 16 O4 frame kit;<br data-start=\"92\" data-end=\"95\" \/>\u2022 FC: GOKU F405 HD 1-2S ELRS AIO V2 (ICM42688);<br data-start=\"152\" data-end=\"155\" \/>\u2022 ESC: DJI O4 Air Unit;<br data-start=\"193\" data-end=\"196\" \/>\u2022 Camera: DJI O4 camera;<br \/>\n\u2022 Battery connector: XT30;<br data-start=\"221\" data-end=\"224\" \/>\u2022 Propellers: 1611-3 blades 40 mm, 1.5 mm;<br data-start=\"270\" data-end=\"273\" \/>\u2022 Motors: ROBO 1003 14800KV;<br data-start=\"305\" data-end=\"308\" \/>\u2022 Antenna: Flywoo 5.8G Light 5.8 GHz 3 dBi brass antenna (UFL);<br data-start=\"374\" data-end=\"377\" \/>\u2022 Weight: 45.7 g.<\/p>\n<p data-start=\"122\" data-end=\"217\"><strong>Measurements:<\/strong><\/p>\n<p data-start=\"122\" data-end=\"217\"><img loading=\"lazy\" decoding=\"async\" class=\"alignnone wp-image-16337 size-large\" src=\"https:\/\/1dronas.lt\/wp-content\/uploads\/2026\/02\/flybee16-O4-7_1512x-1024x1024.jpg\" alt=\"\" width=\"1020\" height=\"1020\" srcset=\"https:\/\/1dronas.lt\/wp-content\/uploads\/2026\/02\/flybee16-O4-7_1512x-1024x1024.jpg 1024w, https:\/\/1dronas.lt\/wp-content\/uploads\/2026\/02\/flybee16-O4-7_1512x-300x300.jpg 300w, https:\/\/1dronas.lt\/wp-content\/uploads\/2026\/02\/flybee16-O4-7_1512x-150x150.jpg 150w, https:\/\/1dronas.lt\/wp-content\/uploads\/2026\/02\/flybee16-O4-7_1512x-768x768.jpg 768w, https:\/\/1dronas.lt\/wp-content\/uploads\/2026\/02\/flybee16-O4-7_1512x-12x12.jpg 12w, https:\/\/1dronas.lt\/wp-content\/uploads\/2026\/02\/flybee16-O4-7_1512x-247x247.jpg 247w, https:\/\/1dronas.lt\/wp-content\/uploads\/2026\/02\/flybee16-O4-7_1512x-510x510.jpg 510w, https:\/\/1dronas.lt\/wp-content\/uploads\/2026\/02\/flybee16-O4-7_1512x-100x100.jpg 100w, https:\/\/1dronas.lt\/wp-content\/uploads\/2026\/02\/flybee16-O4-7_1512x.jpg 1512w\" sizes=\"auto, (max-width: 1020px) 100vw, 1020px\" \/><\/p>\n<p data-start=\"0\" data-end=\"39\"><strong data-start=\"0\" data-end=\"39\">Why choose Flybee 16\/20?<\/strong><\/p>\n<p data-start=\"41\" data-end=\"183\"><em>\u2022 <\/em>Ultra-compact and portable: Palm-sized and weighing less than 50g, making it extremely compact and convenient to carry for flights anywhere;<br \/>\n<em>\u2022 <\/em>DJI O4 video transmission: Adapted to the DJI O4 system, Flybee ensures high-definition and low-latency video transmission;<br \/>\n\u2022 Powerful thrust: Flybee 16: ROBO 1003 motors and 1611-3 40mm propellers for efficient power;<br \/>\n\u2022 Quick-Release Battery: New lockable battery compartment allows for quick and safe battery replacement;<br \/>\n\u2022 Three-point shock absorption: Filters vibrations and helps to achieve a more stable image;<br \/>\n\u2022 Bottom Locking Mount: Works in conjunction with the flight controller, reduces module vibrations and helps dissipate heat generated by the propellers;<br \/>\n\u2022 Impact-resistant engines: Engine corner guards with TPU bushings absorb impacts during collisions;<br \/>\n\u2022 Long flight time: With 2S 550 mAh battery \u2013 up to 5 minutes of flight \/ With 2S 750 mAh battery \u2013 up to 7 minutes of flight.<\/p>\n<p data-start=\"41\" data-end=\"183\"><img loading=\"lazy\" decoding=\"async\" class=\"alignnone wp-image-16328 size-full\" src=\"https:\/\/1dronas.lt\/wp-content\/uploads\/2026\/02\/flybee16-20-EN-2-scaled.jpg\" alt=\"\" width=\"1089\" height=\"2560\" srcset=\"https:\/\/1dronas.lt\/wp-content\/uploads\/2026\/02\/flybee16-20-EN-2-scaled.jpg 1089w, https:\/\/1dronas.lt\/wp-content\/uploads\/2026\/02\/flybee16-20-EN-2-128x300.jpg 128w, https:\/\/1dronas.lt\/wp-content\/uploads\/2026\/02\/flybee16-20-EN-2-436x1024.jpg 436w, https:\/\/1dronas.lt\/wp-content\/uploads\/2026\/02\/flybee16-20-EN-2-768x1806.jpg 768w, https:\/\/1dronas.lt\/wp-content\/uploads\/2026\/02\/flybee16-20-EN-2-653x1536.jpg 653w, https:\/\/1dronas.lt\/wp-content\/uploads\/2026\/02\/flybee16-20-EN-2-871x2048.jpg 871w, https:\/\/1dronas.lt\/wp-content\/uploads\/2026\/02\/flybee16-20-EN-2-5x12.jpg 5w, https:\/\/1dronas.lt\/wp-content\/uploads\/2026\/02\/flybee16-20-EN-2-510x1199.jpg 510w\" sizes=\"auto, (max-width: 1089px) 100vw, 1089px\" \/><\/p>\n<p data-start=\"0\" data-end=\"44\"><strong data-start=\"0\" data-end=\"44\">Compact design and protection<\/strong><\/p>\n<p data-start=\"46\" data-end=\"169\">\u2022 The Flybee 16 features a unique design that combines safety, compactness, high performance, and stable flight;<br \/>\n\u2022 Integrated USB-C (Type-C) port allows for convenient and fast access and data transfer;<br \/>\n\u2022 Compatible with Flywoo 14mm and 18mm camera mounts, allowing the use of cameras of various sizes;<br \/>\n\u2022 Perforated construction reduces module vibrations and, together with the flight controller, ensures more stable flight;<br \/>\n\u2022 TPU motor mounts are designed to protect motors from damage during impact;<br \/>\n\u2022 The bottom VTX design effectively dissipates heat during HD video transmission, ensuring a stable signal;<br \/>\n\u2022 USB-C (Type-C) connector allows for quick and convenient data access without additional disassembly.<\/p>\n<p data-start=\"46\" data-end=\"169\"><img loading=\"lazy\" decoding=\"async\" class=\"alignnone wp-image-16329 size-full\" src=\"https:\/\/1dronas.lt\/wp-content\/uploads\/2026\/02\/flybee16-20-EN-3-2.jpg\" alt=\"\" width=\"1600\" height=\"1882\" srcset=\"https:\/\/1dronas.lt\/wp-content\/uploads\/2026\/02\/flybee16-20-EN-3-2.jpg 1600w, https:\/\/1dronas.lt\/wp-content\/uploads\/2026\/02\/flybee16-20-EN-3-2-255x300.jpg 255w, https:\/\/1dronas.lt\/wp-content\/uploads\/2026\/02\/flybee16-20-EN-3-2-871x1024.jpg 871w, https:\/\/1dronas.lt\/wp-content\/uploads\/2026\/02\/flybee16-20-EN-3-2-768x903.jpg 768w, https:\/\/1dronas.lt\/wp-content\/uploads\/2026\/02\/flybee16-20-EN-3-2-1306x1536.jpg 1306w, https:\/\/1dronas.lt\/wp-content\/uploads\/2026\/02\/flybee16-20-EN-3-2-10x12.jpg 10w, https:\/\/1dronas.lt\/wp-content\/uploads\/2026\/02\/flybee16-20-EN-3-2-510x600.jpg 510w\" sizes=\"auto, (max-width: 1600px) 100vw, 1600px\" \/><\/p>\n<p><strong>Premium video recording and streaming<\/strong><\/p>\n<p data-start=\"769\" data-end=\"1192\">The Flywoo Flybee 16 HD O4 Wide is equipped with the DJI O4 digital transmission system and a specially designed O4 Wide camera, which provides high-definition, wide-angle images and extremely low latency during flight. This allows you to capture smooth and detailed images directly from the drone&#039;s perspective, making it perfect for filming, adrenaline-filled FPV courses or video content creation.<\/p>\n<p data-start=\"769\" data-end=\"1192\"><img loading=\"lazy\" decoding=\"async\" class=\"alignnone wp-image-16206 size-full\" src=\"https:\/\/1dronas.lt\/wp-content\/uploads\/2026\/02\/flybee16-20-EN-4-2.jpg\" alt=\"\" width=\"1600\" height=\"1878\" srcset=\"https:\/\/1dronas.lt\/wp-content\/uploads\/2026\/02\/flybee16-20-EN-4-2.jpg 1600w, https:\/\/1dronas.lt\/wp-content\/uploads\/2026\/02\/flybee16-20-EN-4-2-256x300.jpg 256w, https:\/\/1dronas.lt\/wp-content\/uploads\/2026\/02\/flybee16-20-EN-4-2-872x1024.jpg 872w, https:\/\/1dronas.lt\/wp-content\/uploads\/2026\/02\/flybee16-20-EN-4-2-768x901.jpg 768w, https:\/\/1dronas.lt\/wp-content\/uploads\/2026\/02\/flybee16-20-EN-4-2-1309x1536.jpg 1309w, https:\/\/1dronas.lt\/wp-content\/uploads\/2026\/02\/flybee16-20-EN-4-2-10x12.jpg 10w, https:\/\/1dronas.lt\/wp-content\/uploads\/2026\/02\/flybee16-20-EN-4-2-510x599.jpg 510w\" sizes=\"auto, (max-width: 1600px) 100vw, 1600px\" \/><\/p>\n<p data-start=\"33\" data-end=\"79\"><strong data-start=\"33\" data-end=\"79\">High-performance F405 BGA flight controller<\/strong><\/p>\n<p data-start=\"81\" data-end=\"293\">GOKU F405 12A AIO is an integrated flight controller with advanced features. It uses the F405 BGA chip for higher processing power and integrates a 12A 4-in-1 ESC for smooth operation. With 5 UART ports, I2C compass input and integrated 2.4G receiver, it allows for easy connection of additional modules and upgrades. Lightweight construction and 8MB Blackbox memory.<\/p>\n<p data-start=\"81\" data-end=\"293\"><img loading=\"lazy\" decoding=\"async\" class=\"alignnone wp-image-16209 size-full\" src=\"https:\/\/1dronas.lt\/wp-content\/uploads\/2026\/02\/Flylens-85-AIO.jpg\" alt=\"\" width=\"1600\" height=\"1000\" srcset=\"https:\/\/1dronas.lt\/wp-content\/uploads\/2026\/02\/Flylens-85-AIO.jpg 1600w, https:\/\/1dronas.lt\/wp-content\/uploads\/2026\/02\/Flylens-85-AIO-300x188.jpg 300w, https:\/\/1dronas.lt\/wp-content\/uploads\/2026\/02\/Flylens-85-AIO-1024x640.jpg 1024w, https:\/\/1dronas.lt\/wp-content\/uploads\/2026\/02\/Flylens-85-AIO-768x480.jpg 768w, https:\/\/1dronas.lt\/wp-content\/uploads\/2026\/02\/Flylens-85-AIO-1536x960.jpg 1536w, https:\/\/1dronas.lt\/wp-content\/uploads\/2026\/02\/Flylens-85-AIO-18x12.jpg 18w, https:\/\/1dronas.lt\/wp-content\/uploads\/2026\/02\/Flylens-85-AIO-510x319.jpg 510w\" sizes=\"auto, (max-width: 1600px) 100vw, 1600px\" \/><\/p>\n<p data-start=\"0\" data-end=\"37\"><strong data-start=\"0\" data-end=\"37\">High-efficiency power system<\/strong><\/p>\n<p data-start=\"39\" data-end=\"209\">\u2022 Specially designed for micro-class drones \u2013 this system maximizes the potential of a lightweight body, allowing you to easily cope with complex air flows and maneuvers;<br \/>\n\u2022 1611-3 propellers \/ 2015-2 propellers;<br \/>\n\u2022 ROBO 1003 14800KV;<br \/>\n\u2022 Recommended battery: 2S 550 mAh \u2013 2S 1000 mAh.<\/p>\n<p data-start=\"39\" data-end=\"209\"><img loading=\"lazy\" decoding=\"async\" class=\"alignnone wp-image-16330 size-full\" src=\"https:\/\/1dronas.lt\/wp-content\/uploads\/2026\/02\/flybee16-20-EN-5.jpg\" alt=\"\" width=\"1600\" height=\"1022\" srcset=\"https:\/\/1dronas.lt\/wp-content\/uploads\/2026\/02\/flybee16-20-EN-5.jpg 1600w, https:\/\/1dronas.lt\/wp-content\/uploads\/2026\/02\/flybee16-20-EN-5-300x192.jpg 300w, https:\/\/1dronas.lt\/wp-content\/uploads\/2026\/02\/flybee16-20-EN-5-1024x654.jpg 1024w, https:\/\/1dronas.lt\/wp-content\/uploads\/2026\/02\/flybee16-20-EN-5-768x491.jpg 768w, https:\/\/1dronas.lt\/wp-content\/uploads\/2026\/02\/flybee16-20-EN-5-1536x981.jpg 1536w, https:\/\/1dronas.lt\/wp-content\/uploads\/2026\/02\/flybee16-20-EN-5-18x12.jpg 18w, https:\/\/1dronas.lt\/wp-content\/uploads\/2026\/02\/flybee16-20-EN-5-510x326.jpg 510w\" sizes=\"auto, (max-width: 1600px) 100vw, 1600px\" \/><\/p>\n<p data-start=\"39\" data-end=\"209\"><strong>Package:<\/strong><\/p>\n<p data-start=\"39\" data-end=\"209\">1x Flybee 16 HD O4 Ultralight FPV drone;<br data-start=\"63\" data-end=\"66\" \/>1x USB data cable O4 Air Unit (90\u00b0 Type-C);<br data-start=\"113\" data-end=\"116\" \/>1x 2S 550 mAh battery TPU holder;<br data-start=\"160\" data-end=\"163\" \/>1x 2S 750 mAh battery TPU holder;<br data-start=\"207\" data-end=\"210\" \/>1x O4 UV filter;<br data-start=\"246\" data-end=\"249\" \/>8x 1611-4 propellers;<br data-start=\"271\" data-end=\"274\" \/>1x screwdriver;<br data-start=\"288\" data-end=\"291\" \/>1x set of fasteners;<br data-start=\"324\" data-end=\"327\" \/>4x propeller guards.<\/p>\n<p data-start=\"39\" data-end=\"209\"><img loading=\"lazy\" decoding=\"async\" class=\"alignnone wp-image-16326 size-large\" src=\"https:\/\/1dronas.lt\/wp-content\/uploads\/2026\/02\/16-O4-EN-2_1512x-1024x1024.jpg\" alt=\"\" width=\"1020\" height=\"1020\" srcset=\"https:\/\/1dronas.lt\/wp-content\/uploads\/2026\/02\/16-O4-EN-2_1512x-1024x1024.jpg 1024w, https:\/\/1dronas.lt\/wp-content\/uploads\/2026\/02\/16-O4-EN-2_1512x-300x300.jpg 300w, https:\/\/1dronas.lt\/wp-content\/uploads\/2026\/02\/16-O4-EN-2_1512x-150x150.jpg 150w, https:\/\/1dronas.lt\/wp-content\/uploads\/2026\/02\/16-O4-EN-2_1512x-768x768.jpg 768w, https:\/\/1dronas.lt\/wp-content\/uploads\/2026\/02\/16-O4-EN-2_1512x-12x12.jpg 12w, https:\/\/1dronas.lt\/wp-content\/uploads\/2026\/02\/16-O4-EN-2_1512x-247x247.jpg 247w, https:\/\/1dronas.lt\/wp-content\/uploads\/2026\/02\/16-O4-EN-2_1512x-510x510.jpg 510w, https:\/\/1dronas.lt\/wp-content\/uploads\/2026\/02\/16-O4-EN-2_1512x-100x100.jpg 100w, https:\/\/1dronas.lt\/wp-content\/uploads\/2026\/02\/16-O4-EN-2_1512x.jpg 1512w\" sizes=\"auto, (max-width: 1020px) 100vw, 1020px\" \/><\/p>","protected":false},"excerpt":{"rendered":"<p><span style=\"color: #333333;\"> The Flybee 16 HD O4 is an ultra-lightweight and compact FPV drone designed for smooth flight in tight spaces and convenient everyday use. The integrated DJI O4 HD video system ensures high-quality video transmission and stable filming in its class.<\/span><\/p>\n<p><span style=\"color: #333333;\"><strong><img loading=\"lazy\" decoding=\"async\" class=\"alignnone wp-image-1806\" src=\"https:\/\/1dronas.lt\/wp-content\/uploads\/2021\/05\/delivery-icon.png\" alt=\"\" width=\"24\" height=\"24\" srcset=\"https:\/\/1dronas.lt\/wp-content\/uploads\/2021\/05\/delivery-icon.png 35w, https:\/\/1dronas.lt\/wp-content\/uploads\/2021\/05\/delivery-icon-12x12.png 12w\" sizes=\"auto, (max-width: 24px) 100vw, 24px\" \/>\u00a0\u00a0\u00a0<span style=\"font-size: 90%;\">1 \u2013 2 days<\/span><\/strong><\/span><\/p>","protected":false},"featured_media":16331,"comment_status":"open","ping_status":"closed","template":"","meta":[],"product_brand":[1152],"product_cat":[109],"product_tag":[138,494,176,1171,90,130],"class_list":{"0":"post-16325","1":"product","2":"type-product","3":"status-publish","4":"has-post-thumbnail","6":"product_brand-flywoo","7":"product_cat-cinewhoop","8":"product_tag-2s","9":"product_tag-dji-o4-air-unit","10":"product_tag-elrs","11":"product_tag-flybee-16","12":"product_tag-flywoo","13":"product_tag-ultralight","15":"first","16":"instock","17":"taxable","18":"shipping-taxable","19":"purchasable","20":"product-type-simple"},"yoast_head":"<!-- This site is optimized with the Yoast SEO plugin v27.5 - https:\/\/yoast.com\/product\/yoast-seo-wordpress\/ -->\n<title>Flywoo Flybee 16 HD O4 2S Ultralight FPV Drone ERLS - 1dronas.lt<\/title>\n<meta name=\"robots\" content=\"index, follow, max-snippet:-1, max-image-preview:large, max-video-preview:-1\" \/>\n<link rel=\"canonical\" href=\"https:\/\/1dronas.lt\/en\/produktas\/flywoo-flybee-16-hd-o4-2s-ultralight-fpv-drone-erls\/\" \/>\n<meta property=\"og:locale\" content=\"en_US\" \/>\n<meta property=\"og:type\" content=\"article\" \/>\n<meta property=\"og:title\" content=\"Flywoo Flybee 16 HD O4 2S Ultralight FPV Drone ERLS - 1dronas.lt\" \/>\n<meta property=\"og:description\" content=\"Flybee 16 HD O4 \u2013 itin lengvas ir kompakti\u0161kas FPV dronas, sukurtas skland\u017eiam skryd\u017eiui siaurose erdv\u0117se ir patogiam naudojimui kasdien. Integruota DJI O4 HD vaizdo sistema u\u017etikrina auk\u0161tos kokyb\u0117s vaizdo perdavim\u0105 bei stabil\u0173 filmavim\u0105 savo klas\u0117je.  \u00a0\u00a0\u00a01 \u2013 2 d. d.\" \/>\n<meta property=\"og:url\" content=\"https:\/\/1dronas.lt\/en\/produktas\/flywoo-flybee-16-hd-o4-2s-ultralight-fpv-drone-erls\/\" \/>\n<meta property=\"og:site_name\" content=\"1dronas.lt\" \/>\n<meta property=\"article:publisher\" content=\"https:\/\/www.facebook.com\/1dronas\/\" \/>\n<meta property=\"article:modified_time\" content=\"2026-02-07T07:55:46+00:00\" \/>\n<meta property=\"og:image\" content=\"https:\/\/1dronas.lt\/wp-content\/uploads\/2026\/02\/flybee16-O4-1_1512x.jpg\" \/>\n\t<meta property=\"og:image:width\" content=\"1512\" \/>\n\t<meta property=\"og:image:height\" content=\"1512\" \/>\n\t<meta property=\"og:image:type\" content=\"image\/jpeg\" \/>\n<meta name=\"twitter:card\" content=\"summary_large_image\" \/>\n<meta name=\"twitter:label1\" content=\"Est. reading time\" \/>\n\t<meta name=\"twitter:data1\" content=\"6 minutes\" \/>\n<script type=\"application\/ld+json\" class=\"yoast-schema-graph\">{\"@context\":\"https:\\\/\\\/schema.org\",\"@graph\":[{\"@type\":\"WebPage\",\"@id\":\"https:\\\/\\\/1dronas.lt\\\/en\\\/produktas\\\/flywoo-flybee-16-hd-o4-2s-ultralight-fpv-drone-erls\\\/\",\"url\":\"https:\\\/\\\/1dronas.lt\\\/en\\\/produktas\\\/flywoo-flybee-16-hd-o4-2s-ultralight-fpv-drone-erls\\\/\",\"name\":\"Flywoo Flybee 16 HD O4 2S Ultralight FPV Drone ERLS - 1dronas.lt\",\"isPartOf\":{\"@id\":\"https:\\\/\\\/1dronas.lt\\\/en\\\/#website\"},\"primaryImageOfPage\":{\"@id\":\"https:\\\/\\\/1dronas.lt\\\/en\\\/produktas\\\/flywoo-flybee-16-hd-o4-2s-ultralight-fpv-drone-erls\\\/#primaryimage\"},\"image\":{\"@id\":\"https:\\\/\\\/1dronas.lt\\\/en\\\/produktas\\\/flywoo-flybee-16-hd-o4-2s-ultralight-fpv-drone-erls\\\/#primaryimage\"},\"thumbnailUrl\":\"https:\\\/\\\/1dronas.lt\\\/wp-content\\\/uploads\\\/2026\\\/02\\\/flybee16-O4-1_1512x.jpg\",\"datePublished\":\"2026-02-06T11:26:29+00:00\",\"dateModified\":\"2026-02-07T07:55:46+00:00\",\"breadcrumb\":{\"@id\":\"https:\\\/\\\/1dronas.lt\\\/en\\\/produktas\\\/flywoo-flybee-16-hd-o4-2s-ultralight-fpv-drone-erls\\\/#breadcrumb\"},\"inLanguage\":\"en-US\",\"potentialAction\":[{\"@type\":\"ReadAction\",\"target\":[\"https:\\\/\\\/1dronas.lt\\\/en\\\/produktas\\\/flywoo-flybee-16-hd-o4-2s-ultralight-fpv-drone-erls\\\/\"]}]},{\"@type\":\"ImageObject\",\"inLanguage\":\"en-US\",\"@id\":\"https:\\\/\\\/1dronas.lt\\\/en\\\/produktas\\\/flywoo-flybee-16-hd-o4-2s-ultralight-fpv-drone-erls\\\/#primaryimage\",\"url\":\"https:\\\/\\\/1dronas.lt\\\/wp-content\\\/uploads\\\/2026\\\/02\\\/flybee16-O4-1_1512x.jpg\",\"contentUrl\":\"https:\\\/\\\/1dronas.lt\\\/wp-content\\\/uploads\\\/2026\\\/02\\\/flybee16-O4-1_1512x.jpg\",\"width\":1512,\"height\":1512},{\"@type\":\"BreadcrumbList\",\"@id\":\"https:\\\/\\\/1dronas.lt\\\/en\\\/produktas\\\/flywoo-flybee-16-hd-o4-2s-ultralight-fpv-drone-erls\\\/#breadcrumb\",\"itemListElement\":[{\"@type\":\"ListItem\",\"position\":1,\"name\":\"Home\",\"item\":\"https:\\\/\\\/1dronas.lt\\\/\"},{\"@type\":\"ListItem\",\"position\":2,\"name\":\"Parduotuv\u0117\",\"item\":\"https:\\\/\\\/1dronas.lt\\\/parduotuve\\\/\"},{\"@type\":\"ListItem\",\"position\":3,\"name\":\"Flywoo Flybee 16 HD O4 2S Ultralight FPV Drone ERLS\"}]},{\"@type\":\"WebSite\",\"@id\":\"https:\\\/\\\/1dronas.lt\\\/en\\\/#website\",\"url\":\"https:\\\/\\\/1dronas.lt\\\/en\\\/\",\"name\":\"1dronas.lt\",\"description\":\"Internetin\u0117 parduotuv\u0117\",\"publisher\":{\"@id\":\"https:\\\/\\\/1dronas.lt\\\/en\\\/#organization\"},\"potentialAction\":[{\"@type\":\"SearchAction\",\"target\":{\"@type\":\"EntryPoint\",\"urlTemplate\":\"https:\\\/\\\/1dronas.lt\\\/en\\\/?s={search_term_string}\"},\"query-input\":{\"@type\":\"PropertyValueSpecification\",\"valueRequired\":true,\"valueName\":\"search_term_string\"}}],\"inLanguage\":\"en-US\"},{\"@type\":\"Organization\",\"@id\":\"https:\\\/\\\/1dronas.lt\\\/en\\\/#organization\",\"name\":\"1dronas.lt\",\"url\":\"https:\\\/\\\/1dronas.lt\\\/en\\\/\",\"logo\":{\"@type\":\"ImageObject\",\"inLanguage\":\"en-US\",\"@id\":\"https:\\\/\\\/1dronas.lt\\\/en\\\/#\\\/schema\\\/logo\\\/image\\\/\",\"url\":\"https:\\\/\\\/1dronas.lt\\\/wp-content\\\/uploads\\\/2020\\\/12\\\/Ekrano_kopija__2_-removebg-preview-1-1.png\",\"contentUrl\":\"https:\\\/\\\/1dronas.lt\\\/wp-content\\\/uploads\\\/2020\\\/12\\\/Ekrano_kopija__2_-removebg-preview-1-1.png\",\"width\":234,\"height\":81,\"caption\":\"1dronas.lt\"},\"image\":{\"@id\":\"https:\\\/\\\/1dronas.lt\\\/en\\\/#\\\/schema\\\/logo\\\/image\\\/\"},\"sameAs\":[\"https:\\\/\\\/www.facebook.com\\\/1dronas\\\/\"]}]}<\/script>\n<!-- \/ Yoast SEO plugin. -->","yoast_head_json":{"title":"Flywoo Flybee 16 HD O4 2S Ultralight FPV Drone ERLS - 1dronas.lt","robots":{"index":"index","follow":"follow","max-snippet":"max-snippet:-1","max-image-preview":"max-image-preview:large","max-video-preview":"max-video-preview:-1"},"canonical":"https:\/\/1dronas.lt\/en\/produktas\/flywoo-flybee-16-hd-o4-2s-ultralight-fpv-drone-erls\/","og_locale":"en_US","og_type":"article","og_title":"Flywoo Flybee 16 HD O4 2S Ultralight FPV Drone ERLS - 1dronas.lt","og_description":"Flybee 16 HD O4 \u2013 itin lengvas ir kompakti\u0161kas FPV dronas, sukurtas skland\u017eiam skryd\u017eiui siaurose erdv\u0117se ir patogiam naudojimui kasdien. Integruota DJI O4 HD vaizdo sistema u\u017etikrina auk\u0161tos kokyb\u0117s vaizdo perdavim\u0105 bei stabil\u0173 filmavim\u0105 savo klas\u0117je.  \u00a0\u00a0\u00a01 \u2013 2 d. d.","og_url":"https:\/\/1dronas.lt\/en\/produktas\/flywoo-flybee-16-hd-o4-2s-ultralight-fpv-drone-erls\/","og_site_name":"1dronas.lt","article_publisher":"https:\/\/www.facebook.com\/1dronas\/","article_modified_time":"2026-02-07T07:55:46+00:00","og_image":[{"width":1512,"height":1512,"url":"https:\/\/1dronas.lt\/wp-content\/uploads\/2026\/02\/flybee16-O4-1_1512x.jpg","type":"image\/jpeg"}],"twitter_card":"summary_large_image","twitter_misc":{"Est. reading time":"6 minutes"},"schema":{"@context":"https:\/\/schema.org","@graph":[{"@type":"WebPage","@id":"https:\/\/1dronas.lt\/en\/produktas\/flywoo-flybee-16-hd-o4-2s-ultralight-fpv-drone-erls\/","url":"https:\/\/1dronas.lt\/en\/produktas\/flywoo-flybee-16-hd-o4-2s-ultralight-fpv-drone-erls\/","name":"Flywoo Flybee 16 HD O4 2S Ultralight FPV Drone ERLS - 1dronas.lt","isPartOf":{"@id":"https:\/\/1dronas.lt\/en\/#website"},"primaryImageOfPage":{"@id":"https:\/\/1dronas.lt\/en\/produktas\/flywoo-flybee-16-hd-o4-2s-ultralight-fpv-drone-erls\/#primaryimage"},"image":{"@id":"https:\/\/1dronas.lt\/en\/produktas\/flywoo-flybee-16-hd-o4-2s-ultralight-fpv-drone-erls\/#primaryimage"},"thumbnailUrl":"https:\/\/1dronas.lt\/wp-content\/uploads\/2026\/02\/flybee16-O4-1_1512x.jpg","datePublished":"2026-02-06T11:26:29+00:00","dateModified":"2026-02-07T07:55:46+00:00","breadcrumb":{"@id":"https:\/\/1dronas.lt\/en\/produktas\/flywoo-flybee-16-hd-o4-2s-ultralight-fpv-drone-erls\/#breadcrumb"},"inLanguage":"en-US","potentialAction":[{"@type":"ReadAction","target":["https:\/\/1dronas.lt\/en\/produktas\/flywoo-flybee-16-hd-o4-2s-ultralight-fpv-drone-erls\/"]}]},{"@type":"ImageObject","inLanguage":"en-US","@id":"https:\/\/1dronas.lt\/en\/produktas\/flywoo-flybee-16-hd-o4-2s-ultralight-fpv-drone-erls\/#primaryimage","url":"https:\/\/1dronas.lt\/wp-content\/uploads\/2026\/02\/flybee16-O4-1_1512x.jpg","contentUrl":"https:\/\/1dronas.lt\/wp-content\/uploads\/2026\/02\/flybee16-O4-1_1512x.jpg","width":1512,"height":1512},{"@type":"BreadcrumbList","@id":"https:\/\/1dronas.lt\/en\/produktas\/flywoo-flybee-16-hd-o4-2s-ultralight-fpv-drone-erls\/#breadcrumb","itemListElement":[{"@type":"ListItem","position":1,"name":"Home","item":"https:\/\/1dronas.lt\/"},{"@type":"ListItem","position":2,"name":"Parduotuv\u0117","item":"https:\/\/1dronas.lt\/parduotuve\/"},{"@type":"ListItem","position":3,"name":"Flywoo Flybee 16 HD O4 2S Ultralight FPV Drone ERLS"}]},{"@type":"WebSite","@id":"https:\/\/1dronas.lt\/en\/#website","url":"https:\/\/1dronas.lt\/en\/","name":"1dronas.lt","description":"Online store","publisher":{"@id":"https:\/\/1dronas.lt\/en\/#organization"},"potentialAction":[{"@type":"SearchAction","target":{"@type":"EntryPoint","urlTemplate":"https:\/\/1dronas.lt\/en\/?s={search_term_string}"},"query-input":{"@type":"PropertyValueSpecification","valueRequired":true,"valueName":"search_term_string"}}],"inLanguage":"en-US"},{"@type":"Organization","@id":"https:\/\/1dronas.lt\/en\/#organization","name":"1dronas.lt","url":"https:\/\/1dronas.lt\/en\/","logo":{"@type":"ImageObject","inLanguage":"en-US","@id":"https:\/\/1dronas.lt\/en\/#\/schema\/logo\/image\/","url":"https:\/\/1dronas.lt\/wp-content\/uploads\/2020\/12\/Ekrano_kopija__2_-removebg-preview-1-1.png","contentUrl":"https:\/\/1dronas.lt\/wp-content\/uploads\/2020\/12\/Ekrano_kopija__2_-removebg-preview-1-1.png","width":234,"height":81,"caption":"1dronas.lt"},"image":{"@id":"https:\/\/1dronas.lt\/en\/#\/schema\/logo\/image\/"},"sameAs":["https:\/\/www.facebook.com\/1dronas\/"]}]}},"jetpack_sharing_enabled":true,"_links":{"self":[{"href":"https:\/\/1dronas.lt\/en\/wp-json\/wp\/v2\/product\/16325","targetHints":{"allow":["GET"]}}],"collection":[{"href":"https:\/\/1dronas.lt\/en\/wp-json\/wp\/v2\/product"}],"about":[{"href":"https:\/\/1dronas.lt\/en\/wp-json\/wp\/v2\/types\/product"}],"replies":[{"embeddable":true,"href":"https:\/\/1dronas.lt\/en\/wp-json\/wp\/v2\/comments?post=16325"}],"wp:featuredmedia":[{"embeddable":true,"href":"https:\/\/1dronas.lt\/en\/wp-json\/wp\/v2\/media\/16331"}],"wp:attachment":[{"href":"https:\/\/1dronas.lt\/en\/wp-json\/wp\/v2\/media?parent=16325"}],"wp:term":[{"taxonomy":"product_brand","embeddable":true,"href":"https:\/\/1dronas.lt\/en\/wp-json\/wp\/v2\/product_brand?post=16325"},{"taxonomy":"product_cat","embeddable":true,"href":"https:\/\/1dronas.lt\/en\/wp-json\/wp\/v2\/product_cat?post=16325"},{"taxonomy":"product_tag","embeddable":true,"href":"https:\/\/1dronas.lt\/en\/wp-json\/wp\/v2\/product_tag?post=16325"}],"curies":[{"name":"wp","href":"https:\/\/api.w.org\/{rel}","templated":true}]}}