{"id":16285,"date":"2026-02-05T20:50:27","date_gmt":"2026-02-05T18:50:27","guid":{"rendered":"https:\/\/1dronas.lt\/?post_type=product&#038;p=16285"},"modified":"2026-02-07T09:53:55","modified_gmt":"2026-02-07T07:53:55","slug":"flywoo-firefly16-1s-nano-baby-v3-analog-tiny-drone-elrs","status":"publish","type":"product","link":"https:\/\/1dronas.lt\/en\/produktas\/flywoo-firefly16-1s-nano-baby-v3-analog-tiny-drone-elrs\/","title":{"rendered":"Flywoo Firefly16 1S Nano Baby V3 Analog Tiny Drone ELRS"},"content":{"rendered":"<p><span class=\"hover:entity-accent entity-underline inline cursor-pointer align-baseline\"><span class=\"whitespace-normal\">Flywoo Firefly16 1S Nano Baby V3 Analog Tiny Drone<\/span><\/span> is an ultra-light and ultra-compact 1S class FPV drone designed for fun and targeted flying sessions both indoors and outdoors. It is perfect for beginner FPV pilots, as well as those who want an affordable whoop drone with good control and plenty of power.<\/p>\n<p><img loading=\"lazy\" decoding=\"async\" class=\"alignnone wp-image-16281 size-full\" src=\"https:\/\/1dronas.lt\/wp-content\/uploads\/2026\/02\/1-94.jpeg\" alt=\"\" width=\"1600\" height=\"1859\" srcset=\"https:\/\/1dronas.lt\/wp-content\/uploads\/2026\/02\/1-94.jpeg 1600w, https:\/\/1dronas.lt\/wp-content\/uploads\/2026\/02\/1-94-258x300.jpeg 258w, https:\/\/1dronas.lt\/wp-content\/uploads\/2026\/02\/1-94-881x1024.jpeg 881w, https:\/\/1dronas.lt\/wp-content\/uploads\/2026\/02\/1-94-768x892.jpeg 768w, https:\/\/1dronas.lt\/wp-content\/uploads\/2026\/02\/1-94-1322x1536.jpeg 1322w, https:\/\/1dronas.lt\/wp-content\/uploads\/2026\/02\/1-94-10x12.jpeg 10w, https:\/\/1dronas.lt\/wp-content\/uploads\/2026\/02\/1-94-510x593.jpeg 510w\" sizes=\"auto, (max-width: 1600px) 100vw, 1600px\" \/><\/p>\n<p><strong>Features:<\/strong><\/p>\n<p data-start=\"666\" data-end=\"814\">\u2022 Compact size: small and lightweight \u2013 about ~27 g without battery, making it safe and easy to handle;<br \/>\n\u2022 1S battery: uses 1S LiPo batteries (450\u2013750 mAh recommended), providing about 5\u20137 min flight time;<br \/>\n\u2022 5-in-1 Flight Controller: integrated control system (GOKU F405 ERVT) with ESC and ExpressLRS 2.4 GHz receiver ensures smooth and stable control;<br \/>\n\u2022 Analog FPV equipment: the kit includes a Flywoo 1S Nano V3 analog camera and a smart video transmitter;<br \/>\n\u2022 ROBO 1002 motors: provide a good balance of power and dynamic characteristics in a small body with 40 mm propellers;<br \/>\n\u2022 Propeller guards: The kit includes guards that reduce the risk of damage during impacts.<\/p>\n<p data-start=\"666\" data-end=\"814\"><strong>Specification:<\/strong><\/p>\n<p data-start=\"0\" data-end=\"55\">\u2022 Model: Firefly16 1S Nano Baby V3 Analog Tiny Drone;<br \/>\n\u2022 Frame: Firefly16 1S Nano Baby V3 frameset;<br \/>\n\u2022 FC\/ESC: GOKU F405 ERVT 1S 5A 5-in-1 AIO with 400mW ELRS;<br \/>\n\u2022 Camera: Flywoo 1S Nano camera V3;<br \/>\n\u2022 Propellers: HQ 40 mm 3-blade propellers;<br \/>\n\u2022 Motors: ROBO 1002 23500KV;<br data-start=\"390\" data-end=\"393\" \/>\u2022 Battery connector: A30;<br \/>\n\u2022 Weight: 27.1 g.<\/p>\n<p data-start=\"0\" data-end=\"55\"><strong>Measurements:<\/strong><\/p>\n<p data-start=\"0\" data-end=\"55\"><img loading=\"lazy\" decoding=\"async\" class=\"alignnone wp-image-16289 size-large\" src=\"https:\/\/1dronas.lt\/wp-content\/uploads\/2026\/02\/16-Analog-4_1512x-1024x1024.jpg\" alt=\"\" width=\"1020\" height=\"1020\" srcset=\"https:\/\/1dronas.lt\/wp-content\/uploads\/2026\/02\/16-Analog-4_1512x-1024x1024.jpg 1024w, https:\/\/1dronas.lt\/wp-content\/uploads\/2026\/02\/16-Analog-4_1512x-300x300.jpg 300w, https:\/\/1dronas.lt\/wp-content\/uploads\/2026\/02\/16-Analog-4_1512x-150x150.jpg 150w, https:\/\/1dronas.lt\/wp-content\/uploads\/2026\/02\/16-Analog-4_1512x-768x768.jpg 768w, https:\/\/1dronas.lt\/wp-content\/uploads\/2026\/02\/16-Analog-4_1512x-12x12.jpg 12w, https:\/\/1dronas.lt\/wp-content\/uploads\/2026\/02\/16-Analog-4_1512x-247x247.jpg 247w, https:\/\/1dronas.lt\/wp-content\/uploads\/2026\/02\/16-Analog-4_1512x-510x510.jpg 510w, https:\/\/1dronas.lt\/wp-content\/uploads\/2026\/02\/16-Analog-4_1512x-100x100.jpg 100w, https:\/\/1dronas.lt\/wp-content\/uploads\/2026\/02\/16-Analog-4_1512x.jpg 1512w\" sizes=\"auto, (max-width: 1020px) 100vw, 1020px\" \/><\/p>\n<p><strong>Key improvements:<\/strong><\/p>\n<p data-start=\"39\" data-end=\"242\">\u2022 Optimized design for 1S analog system;<br data-start=\"83\" data-end=\"86\" \/>\u2022 400 mW video transmitter (VTX);<br data-start=\"115\" data-end=\"118\" \/>\u2022 ELRS with TCXO \u2013 more stable and accurate connection;<br data-start=\"164\" data-end=\"167\" \/>\u2022 5-in-1 AIO controller (flight controller, ESC, receiver on one board);<br \/>\n\u2022 Flywoo Nano camera V3.0;<br \/>\n\u2022 Plug &amp; Play motors, with connectors, no soldering required;<br \/>\n\u2022 A30 battery connector, supports up to 15 A current;<br \/>\n\u2022 1002 engines and HQ propellers;<br data-start=\"615\" data-end=\"618\" \/>\u2022 Efficient balance of power and energy consumption;<br \/>\n\u2022 V2 propeller guards, weight only 1 g;<br data-start=\"740\" data-end=\"743\" \/>\u2022 Increased protection during impacts;<br \/>\n\u2022 Replaceable 1S battery holder;<br data-start=\"925\" data-end=\"928\" \/>\u2022 Ability to use different 1S batteries;<br \/>\n\u2022 Cooling structure design;<br data-start=\"1030\" data-end=\"1033\" \/>\u2022 Improved airflow.<\/p>\n<p data-start=\"39\" data-end=\"242\"><strong>Firefly18 and Firefly16 model comparison table<\/strong><\/p>\n<table class=\"w-fit min-w-(--thread-content-width)\" data-start=\"65\" data-end=\"900\">\n<thead data-start=\"65\" data-end=\"113\">\n<tr data-start=\"65\" data-end=\"113\">\n<th class=\"\" data-start=\"65\" data-end=\"74\" data-col-size=\"sm\">Feature<\/th>\n<th class=\"\" style=\"text-align: center;\" data-start=\"74\" data-end=\"93\" data-col-size=\"sm\">Firefly16 Analog<\/th>\n<th class=\"\" style=\"text-align: center;\" data-start=\"93\" data-end=\"113\" data-col-size=\"sm\">Firefly18 Analog<\/th>\n<\/tr>\n<\/thead>\n<tbody data-start=\"160\" data-end=\"900\">\n<tr data-start=\"160\" data-end=\"241\">\n<td data-start=\"160\" data-end=\"170\" data-col-size=\"sm\">Model<\/td>\n<td style=\"text-align: center;\" data-col-size=\"sm\" data-start=\"170\" data-end=\"205\">Firefly16 1S Nano Baby V3 Analog<\/td>\n<td style=\"text-align: center;\" data-col-size=\"sm\" data-start=\"205\" data-end=\"241\">Firefly18 1S Nano Baby V3 Analog<\/td>\n<\/tr>\n<tr data-start=\"242\" data-end=\"299\">\n<td data-start=\"242\" data-end=\"250\" data-col-size=\"sm\">Class<\/td>\n<td style=\"text-align: center;\" data-col-size=\"sm\" data-start=\"250\" data-end=\"274\">1S Nano\/Tiny drone<\/td>\n<td style=\"text-align: center;\" data-col-size=\"sm\" data-start=\"274\" data-end=\"299\">1S Nano\/Tiny drone<\/td>\n<\/tr>\n<tr data-start=\"300\" data-end=\"345\">\n<td data-start=\"300\" data-end=\"308\" data-col-size=\"sm\">Frame<\/td>\n<td style=\"text-align: center;\" data-col-size=\"sm\" data-start=\"308\" data-end=\"326\">Firefly16 frame<\/td>\n<td style=\"text-align: center;\" data-col-size=\"sm\" data-start=\"326\" data-end=\"345\">Firefly18 frame<\/td>\n<\/tr>\n<tr data-start=\"346\" data-end=\"444\">\n<td data-start=\"346\" data-end=\"375\" data-col-size=\"sm\">Flight controller (AIO)<\/td>\n<td style=\"text-align: center;\" data-col-size=\"sm\" data-start=\"375\" data-end=\"409\">GOKU F405 ERVT 1S 5A 5-in-1 AIO<\/td>\n<td style=\"text-align: center;\" data-col-size=\"sm\" data-start=\"409\" data-end=\"444\">GOKU F405 ERVT 1S 5A 5-in-1 AIO<\/td>\n<\/tr>\n<tr data-start=\"445\" data-end=\"511\">\n<td data-start=\"445\" data-end=\"470\" data-col-size=\"sm\">Video Transmitter (VTX)<\/td>\n<td style=\"text-align: center;\" data-col-size=\"sm\" data-start=\"470\" data-end=\"490\">400 mW analog<\/td>\n<td style=\"text-align: center;\" data-col-size=\"sm\" data-start=\"490\" data-end=\"511\">400 mW analog<\/td>\n<\/tr>\n<tr data-start=\"512\" data-end=\"579\">\n<td data-start=\"512\" data-end=\"522\" data-col-size=\"sm\">Receiver<\/td>\n<td style=\"text-align: center;\" data-col-size=\"sm\" data-start=\"522\" data-end=\"550\">ExpressLRS (ELRS) with TCXO<\/td>\n<td style=\"text-align: center;\" data-col-size=\"sm\" data-start=\"550\" data-end=\"579\">ExpressLRS (ELRS) with TCXO<\/td>\n<\/tr>\n<tr data-start=\"580\" data-end=\"644\">\n<td data-start=\"580\" data-end=\"589\" data-col-size=\"sm\">Camera<\/td>\n<td style=\"text-align: center;\" data-col-size=\"sm\" data-start=\"589\" data-end=\"616\">Flywoo 1S Nano Camera V3<\/td>\n<td style=\"text-align: center;\" data-col-size=\"sm\" data-start=\"616\" data-end=\"644\">Flywoo 1S Nano Camera V3<\/td>\n<\/tr>\n<tr data-start=\"645\" data-end=\"690\">\n<td data-start=\"645\" data-end=\"659\" data-col-size=\"sm\">Propellers<\/td>\n<td style=\"text-align: center;\" data-col-size=\"sm\" data-start=\"659\" data-end=\"674\">HQ 40 mm three-blade<\/td>\n<td style=\"text-align: center;\" data-col-size=\"sm\" data-start=\"674\" data-end=\"690\">HQ 45 mm two-blade<\/td>\n<\/tr>\n<tr data-start=\"691\" data-end=\"744\">\n<td data-start=\"691\" data-end=\"703\" data-col-size=\"sm\">Engines<\/td>\n<td style=\"text-align: center;\" data-col-size=\"sm\" data-start=\"703\" data-end=\"723\">ROBOT 1002 23500KV<\/td>\n<td style=\"text-align: center;\" data-col-size=\"sm\" data-start=\"723\" data-end=\"744\">ROBOT 1002 19800KV<\/td>\n<\/tr>\n<tr data-start=\"745\" data-end=\"778\">\n<td data-start=\"745\" data-end=\"765\" data-col-size=\"sm\">Battery connector<\/td>\n<td style=\"text-align: center;\" data-col-size=\"sm\" data-start=\"765\" data-end=\"771\">A30<\/td>\n<td style=\"text-align: center;\" data-col-size=\"sm\" data-start=\"771\" data-end=\"778\">A30<\/td>\n<\/tr>\n<tr data-start=\"779\" data-end=\"824\">\n<td data-start=\"779\" data-end=\"803\" data-col-size=\"sm\">Weight (without battery)<\/td>\n<td style=\"text-align: center;\" data-col-size=\"sm\" data-start=\"803\" data-end=\"813\">~27.1g<\/td>\n<td style=\"text-align: center;\" data-col-size=\"sm\" data-start=\"813\" data-end=\"824\">~27.3g<\/td>\n<\/tr>\n<tr data-start=\"825\" data-end=\"900\">\n<td data-start=\"825\" data-end=\"848\" data-col-size=\"sm\">Flight character<\/td>\n<td style=\"text-align: center;\" data-col-size=\"sm\" data-start=\"848\" data-end=\"872\">Faster, sharper<\/td>\n<td style=\"text-align: center;\" data-col-size=\"sm\" data-start=\"872\" data-end=\"900\">More stable, smoother<\/td>\n<\/tr>\n<\/tbody>\n<\/table>\n<p data-start=\"39\" data-end=\"242\"><img loading=\"lazy\" decoding=\"async\" class=\"alignnone wp-image-16282 size-full\" src=\"https:\/\/1dronas.lt\/wp-content\/uploads\/2026\/02\/2-98.jpeg\" alt=\"\" width=\"1600\" height=\"1662\" srcset=\"https:\/\/1dronas.lt\/wp-content\/uploads\/2026\/02\/2-98.jpeg 1600w, https:\/\/1dronas.lt\/wp-content\/uploads\/2026\/02\/2-98-289x300.jpeg 289w, https:\/\/1dronas.lt\/wp-content\/uploads\/2026\/02\/2-98-986x1024.jpeg 986w, https:\/\/1dronas.lt\/wp-content\/uploads\/2026\/02\/2-98-768x798.jpeg 768w, https:\/\/1dronas.lt\/wp-content\/uploads\/2026\/02\/2-98-1479x1536.jpeg 1479w, https:\/\/1dronas.lt\/wp-content\/uploads\/2026\/02\/2-98-12x12.jpeg 12w, https:\/\/1dronas.lt\/wp-content\/uploads\/2026\/02\/2-98-510x530.jpeg 510w\" sizes=\"auto, (max-width: 1600px) 100vw, 1600px\" \/> <img loading=\"lazy\" decoding=\"async\" class=\"alignnone wp-image-16276 size-full\" src=\"https:\/\/1dronas.lt\/wp-content\/uploads\/2026\/02\/3-79.jpeg\" alt=\"\" width=\"1600\" height=\"2210\" srcset=\"https:\/\/1dronas.lt\/wp-content\/uploads\/2026\/02\/3-79.jpeg 1600w, https:\/\/1dronas.lt\/wp-content\/uploads\/2026\/02\/3-79-217x300.jpeg 217w, https:\/\/1dronas.lt\/wp-content\/uploads\/2026\/02\/3-79-741x1024.jpeg 741w, https:\/\/1dronas.lt\/wp-content\/uploads\/2026\/02\/3-79-768x1061.jpeg 768w, https:\/\/1dronas.lt\/wp-content\/uploads\/2026\/02\/3-79-1112x1536.jpeg 1112w, https:\/\/1dronas.lt\/wp-content\/uploads\/2026\/02\/3-79-1483x2048.jpeg 1483w, https:\/\/1dronas.lt\/wp-content\/uploads\/2026\/02\/3-79-9x12.jpeg 9w, https:\/\/1dronas.lt\/wp-content\/uploads\/2026\/02\/3-79-510x704.jpeg 510w\" sizes=\"auto, (max-width: 1600px) 100vw, 1600px\" \/><\/p>\n<p data-start=\"39\" data-end=\"242\">The V3 battery compartment features an improved locking mechanism that makes it easier to use and securely attaches the battery. The design is optimized for quick swapping of 450 mAh and 750 mAh batteries and secures them during flight.<\/p>\n<p data-start=\"39\" data-end=\"242\"><img loading=\"lazy\" decoding=\"async\" class=\"alignnone wp-image-16277 size-full\" src=\"https:\/\/1dronas.lt\/wp-content\/uploads\/2026\/02\/10-13.jpeg\" alt=\"\" width=\"1600\" height=\"1877\" srcset=\"https:\/\/1dronas.lt\/wp-content\/uploads\/2026\/02\/10-13.jpeg 1600w, https:\/\/1dronas.lt\/wp-content\/uploads\/2026\/02\/10-13-256x300.jpeg 256w, https:\/\/1dronas.lt\/wp-content\/uploads\/2026\/02\/10-13-873x1024.jpeg 873w, https:\/\/1dronas.lt\/wp-content\/uploads\/2026\/02\/10-13-768x901.jpeg 768w, https:\/\/1dronas.lt\/wp-content\/uploads\/2026\/02\/10-13-1309x1536.jpeg 1309w, https:\/\/1dronas.lt\/wp-content\/uploads\/2026\/02\/10-13-10x12.jpeg 10w, https:\/\/1dronas.lt\/wp-content\/uploads\/2026\/02\/10-13-510x598.jpeg 510w\" sizes=\"auto, (max-width: 1600px) 100vw, 1600px\" \/><\/p>\n<p data-start=\"39\" data-end=\"242\"><strong>Package:<\/strong><\/p>\n<p data-start=\"39\" data-end=\"242\">1x Firefly16 1S Nano Baby V3 analog Tiny drone;<br data-start=\"54\" data-end=\"57\" \/>1x 1S 450 mAh battery TPU holder;<br data-start=\"95\" data-end=\"98\" \/>1x 1S 750 mAh battery TPU holder;<br data-start=\"136\" data-end=\"139\" \/>8x 40 mm three-blade propellers;<br data-start=\"181\" data-end=\"184\" \/>1x Screwdriver;<br data-start=\"198\" data-end=\"201\" \/>1x Fastener set;<br data-start=\"232\" data-end=\"235\" \/>4x Propeller guards.<\/p>","protected":false},"excerpt":{"rendered":"<p><span style=\"color: #333333;\">Flywoo Firefly16 1S Nano Baby V3 Analog is a lightweight 1S FPV drone with 400mW analog video transmitter and ELRS connection. It features a dynamic flight style, sharp control and faster response. Suitable for both beginners and advanced pilots.<\/span><\/p>\n<p><span style=\"color: #333333;\"><strong><img loading=\"lazy\" decoding=\"async\" class=\"alignnone wp-image-1806\" src=\"https:\/\/1dronas.lt\/wp-content\/uploads\/2021\/05\/delivery-icon.png\" alt=\"\" width=\"24\" height=\"24\" srcset=\"https:\/\/1dronas.lt\/wp-content\/uploads\/2021\/05\/delivery-icon.png 35w, https:\/\/1dronas.lt\/wp-content\/uploads\/2021\/05\/delivery-icon-12x12.png 12w\" sizes=\"auto, (max-width: 24px) 100vw, 24px\" \/>\u00a0\u00a0\u00a0<span style=\"font-size: 90%;\">1 \u2013 2 days<\/span><\/strong><\/span><\/p>","protected":false},"featured_media":16287,"comment_status":"open","ping_status":"closed","template":"","meta":[],"product_brand":[1152],"product_cat":[112],"product_tag":[95,468,176,1165,90,1166],"class_list":{"0":"post-16285","1":"product","2":"type-product","3":"status-publish","4":"has-post-thumbnail","6":"product_brand-flywoo","7":"product_cat-whoop","8":"product_tag-1s","9":"product_tag-analog","10":"product_tag-elrs","11":"product_tag-firefly16","12":"product_tag-flywoo","13":"product_tag-nano-baby-v3","15":"first","16":"instock","17":"taxable","18":"shipping-taxable","19":"purchasable","20":"product-type-simple"},"yoast_head":"<!-- This site is optimized with the Yoast SEO plugin v27.5 - https:\/\/yoast.com\/product\/yoast-seo-wordpress\/ -->\n<title>Flywoo Firefly16 1S Nano Baby V3 Analog Tiny Drone ELRS - 1dronas.lt<\/title>\n<meta name=\"robots\" content=\"index, follow, max-snippet:-1, max-image-preview:large, max-video-preview:-1\" \/>\n<link rel=\"canonical\" href=\"https:\/\/1dronas.lt\/en\/produktas\/flywoo-firefly16-1s-nano-baby-v3-analog-tiny-drone-elrs\/\" \/>\n<meta property=\"og:locale\" content=\"en_US\" \/>\n<meta property=\"og:type\" content=\"article\" \/>\n<meta property=\"og:title\" content=\"Flywoo Firefly16 1S Nano Baby V3 Analog Tiny Drone ELRS - 1dronas.lt\" \/>\n<meta property=\"og:description\" content=\"Flywoo Firefly16 1S Nano Baby V3 Analog yra lengvas 1S FPV dronas su 400 mW analoginiu vaizdo si\u0173stuvu ir ELRS ry\u0161iu. Jis pasi\u017eymi dynaminiu skryd\u017eio stiliumi, a\u0161triu valdymu ir greitesne reakcija. Tinkamas tiek pradedantiesiems, tiek pa\u017eengusiems pilotams.  \u00a0\u00a0\u00a01 \u2013 2 d. d.\" \/>\n<meta property=\"og:url\" content=\"https:\/\/1dronas.lt\/en\/produktas\/flywoo-firefly16-1s-nano-baby-v3-analog-tiny-drone-elrs\/\" \/>\n<meta property=\"og:site_name\" content=\"1dronas.lt\" \/>\n<meta property=\"article:publisher\" content=\"https:\/\/www.facebook.com\/1dronas\/\" \/>\n<meta property=\"article:modified_time\" content=\"2026-02-07T07:53:55+00:00\" \/>\n<meta property=\"og:image\" content=\"https:\/\/1dronas.lt\/wp-content\/uploads\/2026\/02\/16-Analog-2_1512x.jpg\" \/>\n\t<meta property=\"og:image:width\" content=\"1512\" \/>\n\t<meta property=\"og:image:height\" content=\"1512\" \/>\n\t<meta property=\"og:image:type\" content=\"image\/jpeg\" \/>\n<meta name=\"twitter:card\" content=\"summary_large_image\" \/>\n<meta name=\"twitter:label1\" content=\"Est. reading time\" \/>\n\t<meta name=\"twitter:data1\" content=\"4 minutes\" \/>\n<script type=\"application\/ld+json\" class=\"yoast-schema-graph\">{\"@context\":\"https:\\\/\\\/schema.org\",\"@graph\":[{\"@type\":\"WebPage\",\"@id\":\"https:\\\/\\\/1dronas.lt\\\/en\\\/produktas\\\/flywoo-firefly16-1s-nano-baby-v3-analog-tiny-drone-elrs\\\/\",\"url\":\"https:\\\/\\\/1dronas.lt\\\/en\\\/produktas\\\/flywoo-firefly16-1s-nano-baby-v3-analog-tiny-drone-elrs\\\/\",\"name\":\"Flywoo Firefly16 1S Nano Baby V3 Analog Tiny Drone ELRS - 1dronas.lt\",\"isPartOf\":{\"@id\":\"https:\\\/\\\/1dronas.lt\\\/en\\\/#website\"},\"primaryImageOfPage\":{\"@id\":\"https:\\\/\\\/1dronas.lt\\\/en\\\/produktas\\\/flywoo-firefly16-1s-nano-baby-v3-analog-tiny-drone-elrs\\\/#primaryimage\"},\"image\":{\"@id\":\"https:\\\/\\\/1dronas.lt\\\/en\\\/produktas\\\/flywoo-firefly16-1s-nano-baby-v3-analog-tiny-drone-elrs\\\/#primaryimage\"},\"thumbnailUrl\":\"https:\\\/\\\/1dronas.lt\\\/wp-content\\\/uploads\\\/2026\\\/02\\\/16-Analog-2_1512x.jpg\",\"datePublished\":\"2026-02-05T18:50:27+00:00\",\"dateModified\":\"2026-02-07T07:53:55+00:00\",\"breadcrumb\":{\"@id\":\"https:\\\/\\\/1dronas.lt\\\/en\\\/produktas\\\/flywoo-firefly16-1s-nano-baby-v3-analog-tiny-drone-elrs\\\/#breadcrumb\"},\"inLanguage\":\"en-US\",\"potentialAction\":[{\"@type\":\"ReadAction\",\"target\":[\"https:\\\/\\\/1dronas.lt\\\/en\\\/produktas\\\/flywoo-firefly16-1s-nano-baby-v3-analog-tiny-drone-elrs\\\/\"]}]},{\"@type\":\"ImageObject\",\"inLanguage\":\"en-US\",\"@id\":\"https:\\\/\\\/1dronas.lt\\\/en\\\/produktas\\\/flywoo-firefly16-1s-nano-baby-v3-analog-tiny-drone-elrs\\\/#primaryimage\",\"url\":\"https:\\\/\\\/1dronas.lt\\\/wp-content\\\/uploads\\\/2026\\\/02\\\/16-Analog-2_1512x.jpg\",\"contentUrl\":\"https:\\\/\\\/1dronas.lt\\\/wp-content\\\/uploads\\\/2026\\\/02\\\/16-Analog-2_1512x.jpg\",\"width\":1512,\"height\":1512},{\"@type\":\"BreadcrumbList\",\"@id\":\"https:\\\/\\\/1dronas.lt\\\/en\\\/produktas\\\/flywoo-firefly16-1s-nano-baby-v3-analog-tiny-drone-elrs\\\/#breadcrumb\",\"itemListElement\":[{\"@type\":\"ListItem\",\"position\":1,\"name\":\"Home\",\"item\":\"https:\\\/\\\/1dronas.lt\\\/\"},{\"@type\":\"ListItem\",\"position\":2,\"name\":\"Parduotuv\u0117\",\"item\":\"https:\\\/\\\/1dronas.lt\\\/parduotuve\\\/\"},{\"@type\":\"ListItem\",\"position\":3,\"name\":\"Flywoo Firefly16 1S Nano Baby V3 Analog Tiny Drone ELRS\"}]},{\"@type\":\"WebSite\",\"@id\":\"https:\\\/\\\/1dronas.lt\\\/en\\\/#website\",\"url\":\"https:\\\/\\\/1dronas.lt\\\/en\\\/\",\"name\":\"1dronas.lt\",\"description\":\"Internetin\u0117 parduotuv\u0117\",\"publisher\":{\"@id\":\"https:\\\/\\\/1dronas.lt\\\/en\\\/#organization\"},\"potentialAction\":[{\"@type\":\"SearchAction\",\"target\":{\"@type\":\"EntryPoint\",\"urlTemplate\":\"https:\\\/\\\/1dronas.lt\\\/en\\\/?s={search_term_string}\"},\"query-input\":{\"@type\":\"PropertyValueSpecification\",\"valueRequired\":true,\"valueName\":\"search_term_string\"}}],\"inLanguage\":\"en-US\"},{\"@type\":\"Organization\",\"@id\":\"https:\\\/\\\/1dronas.lt\\\/en\\\/#organization\",\"name\":\"1dronas.lt\",\"url\":\"https:\\\/\\\/1dronas.lt\\\/en\\\/\",\"logo\":{\"@type\":\"ImageObject\",\"inLanguage\":\"en-US\",\"@id\":\"https:\\\/\\\/1dronas.lt\\\/en\\\/#\\\/schema\\\/logo\\\/image\\\/\",\"url\":\"https:\\\/\\\/1dronas.lt\\\/wp-content\\\/uploads\\\/2020\\\/12\\\/Ekrano_kopija__2_-removebg-preview-1-1.png\",\"contentUrl\":\"https:\\\/\\\/1dronas.lt\\\/wp-content\\\/uploads\\\/2020\\\/12\\\/Ekrano_kopija__2_-removebg-preview-1-1.png\",\"width\":234,\"height\":81,\"caption\":\"1dronas.lt\"},\"image\":{\"@id\":\"https:\\\/\\\/1dronas.lt\\\/en\\\/#\\\/schema\\\/logo\\\/image\\\/\"},\"sameAs\":[\"https:\\\/\\\/www.facebook.com\\\/1dronas\\\/\"]}]}<\/script>\n<!-- \/ Yoast SEO plugin. -->","yoast_head_json":{"title":"Flywoo Firefly16 1S Nano Baby V3 Analog Tiny Drone ELRS - 1dronas.lt","robots":{"index":"index","follow":"follow","max-snippet":"max-snippet:-1","max-image-preview":"max-image-preview:large","max-video-preview":"max-video-preview:-1"},"canonical":"https:\/\/1dronas.lt\/en\/produktas\/flywoo-firefly16-1s-nano-baby-v3-analog-tiny-drone-elrs\/","og_locale":"en_US","og_type":"article","og_title":"Flywoo Firefly16 1S Nano Baby V3 Analog Tiny Drone ELRS - 1dronas.lt","og_description":"Flywoo Firefly16 1S Nano Baby V3 Analog yra lengvas 1S FPV dronas su 400 mW analoginiu vaizdo si\u0173stuvu ir ELRS ry\u0161iu. Jis pasi\u017eymi dynaminiu skryd\u017eio stiliumi, a\u0161triu valdymu ir greitesne reakcija. Tinkamas tiek pradedantiesiems, tiek pa\u017eengusiems pilotams.  \u00a0\u00a0\u00a01 \u2013 2 d. d.","og_url":"https:\/\/1dronas.lt\/en\/produktas\/flywoo-firefly16-1s-nano-baby-v3-analog-tiny-drone-elrs\/","og_site_name":"1dronas.lt","article_publisher":"https:\/\/www.facebook.com\/1dronas\/","article_modified_time":"2026-02-07T07:53:55+00:00","og_image":[{"width":1512,"height":1512,"url":"https:\/\/1dronas.lt\/wp-content\/uploads\/2026\/02\/16-Analog-2_1512x.jpg","type":"image\/jpeg"}],"twitter_card":"summary_large_image","twitter_misc":{"Est. reading time":"4 minutes"},"schema":{"@context":"https:\/\/schema.org","@graph":[{"@type":"WebPage","@id":"https:\/\/1dronas.lt\/en\/produktas\/flywoo-firefly16-1s-nano-baby-v3-analog-tiny-drone-elrs\/","url":"https:\/\/1dronas.lt\/en\/produktas\/flywoo-firefly16-1s-nano-baby-v3-analog-tiny-drone-elrs\/","name":"Flywoo Firefly16 1S Nano Baby V3 Analog Tiny Drone ELRS - 1dronas.lt","isPartOf":{"@id":"https:\/\/1dronas.lt\/en\/#website"},"primaryImageOfPage":{"@id":"https:\/\/1dronas.lt\/en\/produktas\/flywoo-firefly16-1s-nano-baby-v3-analog-tiny-drone-elrs\/#primaryimage"},"image":{"@id":"https:\/\/1dronas.lt\/en\/produktas\/flywoo-firefly16-1s-nano-baby-v3-analog-tiny-drone-elrs\/#primaryimage"},"thumbnailUrl":"https:\/\/1dronas.lt\/wp-content\/uploads\/2026\/02\/16-Analog-2_1512x.jpg","datePublished":"2026-02-05T18:50:27+00:00","dateModified":"2026-02-07T07:53:55+00:00","breadcrumb":{"@id":"https:\/\/1dronas.lt\/en\/produktas\/flywoo-firefly16-1s-nano-baby-v3-analog-tiny-drone-elrs\/#breadcrumb"},"inLanguage":"en-US","potentialAction":[{"@type":"ReadAction","target":["https:\/\/1dronas.lt\/en\/produktas\/flywoo-firefly16-1s-nano-baby-v3-analog-tiny-drone-elrs\/"]}]},{"@type":"ImageObject","inLanguage":"en-US","@id":"https:\/\/1dronas.lt\/en\/produktas\/flywoo-firefly16-1s-nano-baby-v3-analog-tiny-drone-elrs\/#primaryimage","url":"https:\/\/1dronas.lt\/wp-content\/uploads\/2026\/02\/16-Analog-2_1512x.jpg","contentUrl":"https:\/\/1dronas.lt\/wp-content\/uploads\/2026\/02\/16-Analog-2_1512x.jpg","width":1512,"height":1512},{"@type":"BreadcrumbList","@id":"https:\/\/1dronas.lt\/en\/produktas\/flywoo-firefly16-1s-nano-baby-v3-analog-tiny-drone-elrs\/#breadcrumb","itemListElement":[{"@type":"ListItem","position":1,"name":"Home","item":"https:\/\/1dronas.lt\/"},{"@type":"ListItem","position":2,"name":"Parduotuv\u0117","item":"https:\/\/1dronas.lt\/parduotuve\/"},{"@type":"ListItem","position":3,"name":"Flywoo Firefly16 1S Nano Baby V3 Analog Tiny Drone ELRS"}]},{"@type":"WebSite","@id":"https:\/\/1dronas.lt\/en\/#website","url":"https:\/\/1dronas.lt\/en\/","name":"1dronas.lt","description":"Online store","publisher":{"@id":"https:\/\/1dronas.lt\/en\/#organization"},"potentialAction":[{"@type":"SearchAction","target":{"@type":"EntryPoint","urlTemplate":"https:\/\/1dronas.lt\/en\/?s={search_term_string}"},"query-input":{"@type":"PropertyValueSpecification","valueRequired":true,"valueName":"search_term_string"}}],"inLanguage":"en-US"},{"@type":"Organization","@id":"https:\/\/1dronas.lt\/en\/#organization","name":"1dronas.lt","url":"https:\/\/1dronas.lt\/en\/","logo":{"@type":"ImageObject","inLanguage":"en-US","@id":"https:\/\/1dronas.lt\/en\/#\/schema\/logo\/image\/","url":"https:\/\/1dronas.lt\/wp-content\/uploads\/2020\/12\/Ekrano_kopija__2_-removebg-preview-1-1.png","contentUrl":"https:\/\/1dronas.lt\/wp-content\/uploads\/2020\/12\/Ekrano_kopija__2_-removebg-preview-1-1.png","width":234,"height":81,"caption":"1dronas.lt"},"image":{"@id":"https:\/\/1dronas.lt\/en\/#\/schema\/logo\/image\/"},"sameAs":["https:\/\/www.facebook.com\/1dronas\/"]}]}},"jetpack_sharing_enabled":true,"_links":{"self":[{"href":"https:\/\/1dronas.lt\/en\/wp-json\/wp\/v2\/product\/16285","targetHints":{"allow":["GET"]}}],"collection":[{"href":"https:\/\/1dronas.lt\/en\/wp-json\/wp\/v2\/product"}],"about":[{"href":"https:\/\/1dronas.lt\/en\/wp-json\/wp\/v2\/types\/product"}],"replies":[{"embeddable":true,"href":"https:\/\/1dronas.lt\/en\/wp-json\/wp\/v2\/comments?post=16285"}],"wp:featuredmedia":[{"embeddable":true,"href":"https:\/\/1dronas.lt\/en\/wp-json\/wp\/v2\/media\/16287"}],"wp:attachment":[{"href":"https:\/\/1dronas.lt\/en\/wp-json\/wp\/v2\/media?parent=16285"}],"wp:term":[{"taxonomy":"product_brand","embeddable":true,"href":"https:\/\/1dronas.lt\/en\/wp-json\/wp\/v2\/product_brand?post=16285"},{"taxonomy":"product_cat","embeddable":true,"href":"https:\/\/1dronas.lt\/en\/wp-json\/wp\/v2\/product_cat?post=16285"},{"taxonomy":"product_tag","embeddable":true,"href":"https:\/\/1dronas.lt\/en\/wp-json\/wp\/v2\/product_tag?post=16285"}],"curies":[{"name":"wp","href":"https:\/\/api.w.org\/{rel}","templated":true}]}}