{"id":1627,"date":"2021-05-14T10:10:41","date_gmt":"2021-05-14T10:10:41","guid":{"rendered":"https:\/\/1dronas.lt\/?post_type=product&#038;p=1627"},"modified":"2022-08-16T13:06:15","modified_gmt":"2022-08-16T13:06:15","slug":"betafpv-pavo30-cinewhoop-analog-vtx","status":"publish","type":"product","link":"https:\/\/1dronas.lt\/en\/produktas\/pavo30-whoop-quadcopter-analog\/","title":{"rendered":"BETAFPV Pavo30 CineWhoop - (Analog VTX)"},"content":{"rendered":"<p><strong>SMO 4K camera is not included.<\/strong><\/p>\n<p><strong>Specification:<\/strong><\/p>\n<p style=\"text-align: left;\"><strong>\u2022 <\/strong>Engines:<br \/>\nManufacturer: BETAFPV;<br \/>\nModel: 1505 3400KV brushless motors;<br \/>\nInput voltage: 3-4S;<br \/>\nKV: 3400KV.<\/p>\n\t<div id=\"accordion-4071137694\" class=\"accordion-item\">\n\t\t<a id=\"accordion-4071137694-label\" class=\"accordion-title plain\" href=\"#accordion-item-i\u0161matavimai\" aria-expanded=\"false\" aria-controls=\"accordion-4071137694-content\">\n\t\t\t<button class=\"toggle\" aria-label=\"Toggle\"><i class=\"icon-angle-down\" aria-hidden=\"true\"><\/i><\/button>\n\t\t\t<span>Measurements<\/span>\n\t\t<\/a>\n\t\t<div id=\"accordion-4071137694-content\" class=\"accordion-inner\" aria-labelledby=\"accordion-4071137694-label\">\n\t\t\t\n<img loading=\"lazy\" decoding=\"async\" class=\"alignnone wp-image-1657\" src=\"https:\/\/1dronas.lt\/wp-content\/uploads\/2021\/05\/bertanas.jpg\" alt=\"\" width=\"645\" height=\"315\" srcset=\"https:\/\/1dronas.lt\/wp-content\/uploads\/2021\/05\/bertanas.jpg 600w, https:\/\/1dronas.lt\/wp-content\/uploads\/2021\/05\/bertanas-300x147.jpg 300w, https:\/\/1dronas.lt\/wp-content\/uploads\/2021\/05\/bertanas-18x9.jpg 18w, https:\/\/1dronas.lt\/wp-content\/uploads\/2021\/05\/bertanas-510x249.jpg 510w\" sizes=\"auto, (max-width: 645px) 100vw, 645px\" \/><br \/>\n\t\t<\/div>\n\t<\/div>\n\t\n\t<div id=\"accordion-4065950402\" class=\"accordion-item\">\n\t\t<a id=\"accordion-4065950402-label\" class=\"accordion-title plain\" href=\"#accordion-item-apkrovos-testavimas\" aria-expanded=\"false\" aria-controls=\"accordion-4065950402-content\">\n\t\t\t<button class=\"toggle\" aria-label=\"Toggle\"><i class=\"icon-angle-down\" aria-hidden=\"true\"><\/i><\/button>\n\t\t\t<span>Load testing<\/span>\n\t\t<\/a>\n\t\t<div id=\"accordion-4065950402-content\" class=\"accordion-inner\" aria-labelledby=\"accordion-4065950402-label\">\n\t\t\t\n<img loading=\"lazy\" decoding=\"async\" class=\"alignnone wp-image-1656 size-full\" src=\"https:\/\/1dronas.lt\/wp-content\/uploads\/2021\/05\/betan.jpg\" alt=\"\" width=\"600\" height=\"600\" srcset=\"https:\/\/1dronas.lt\/wp-content\/uploads\/2021\/05\/betan.jpg 600w, https:\/\/1dronas.lt\/wp-content\/uploads\/2021\/05\/betan-300x300.jpg 300w, https:\/\/1dronas.lt\/wp-content\/uploads\/2021\/05\/betan-150x150.jpg 150w, https:\/\/1dronas.lt\/wp-content\/uploads\/2021\/05\/betan-12x12.jpg 12w, https:\/\/1dronas.lt\/wp-content\/uploads\/2021\/05\/betan-247x247.jpg 247w, https:\/\/1dronas.lt\/wp-content\/uploads\/2021\/05\/betan-510x510.jpg 510w, https:\/\/1dronas.lt\/wp-content\/uploads\/2021\/05\/betan-100x100.jpg 100w\" sizes=\"auto, (max-width: 600px) 100vw, 600px\" \/><\/p>\n\t\t<\/div>\n\t<\/div>\n\t\n<p>&nbsp;<\/p>\n<p><strong>\u2022<\/strong> RX: Model: Frsky LBT.<\/p>\n<p style=\"text-align: left;\"><strong style=\"font-weight: 400;\"><b>\u2022 <\/b><\/strong>ESC:<br \/>\nManufacturer: BETAFPV;<br \/>\nContinuous current: 40A;<br \/>\nInput: 2-4s Lipo;<br \/>\nSupports: PWM, Oneshot125, Oneshot42, Multishot, Dshot150, Dshot300, Dshot600;<br \/>\nSupports RX: Support Frsky XM\/XM+ Receiver\/ Futaba Receiver\/Flysky Receiver\/DSMX Receiver\/TBS Crossfire Receiver (requires external connection);<br \/>\nMounting arrangement: 25.8 x 25.8mm;<br \/>\nSize: 33 x 33mm.<\/p>\n<p><strong style=\"font-weight: 400;\"><b>\u2022 <\/b><\/strong>VTX:<br \/>\nManufacturer: BETAFPV;<br \/>\nModel: M02 5.8G VTX;<br \/>\nFrequency: 5.8GHz 37 channels, with Raceband: 5645~5945MHz;<br \/>\nInput voltage: 4.5 \u2013 5.5V;<br \/>\nInput voltage\/maximum current: 5V 1A;<br \/>\nPower: 25\/100\/200\/350mW variable;<br \/>\nChannels: 37;<br \/>\nWeight: ~1.2g.<br \/>\n\t<div id=\"accordion-3367556684\" class=\"accordion-item\">\n\t\t<a id=\"accordion-3367556684-label\" class=\"accordion-title plain\" href=\"#accordion-item-i\u0161matavimai\" aria-expanded=\"false\" aria-controls=\"accordion-3367556684-content\">\n\t\t\t<button class=\"toggle\" aria-label=\"Toggle\"><i class=\"icon-angle-down\" aria-hidden=\"true\"><\/i><\/button>\n\t\t\t<span>Measurements<\/span>\n\t\t<\/a>\n\t\t<div id=\"accordion-3367556684-content\" class=\"accordion-inner\" aria-labelledby=\"accordion-3367556684-label\">\n\t\t\t\n<img loading=\"lazy\" decoding=\"async\" class=\"alignnone wp-image-1660 size-full\" src=\"https:\/\/1dronas.lt\/wp-content\/uploads\/2021\/05\/vtx.jpg\" alt=\"\" width=\"600\" height=\"321\" srcset=\"https:\/\/1dronas.lt\/wp-content\/uploads\/2021\/05\/vtx.jpg 600w, https:\/\/1dronas.lt\/wp-content\/uploads\/2021\/05\/vtx-300x161.jpg 300w, https:\/\/1dronas.lt\/wp-content\/uploads\/2021\/05\/vtx-18x10.jpg 18w, https:\/\/1dronas.lt\/wp-content\/uploads\/2021\/05\/vtx-510x273.jpg 510w\" sizes=\"auto, (max-width: 600px) 100vw, 600px\" \/><br \/>\n\t\t<\/div>\n\t<\/div>\n\t\n\t<div id=\"accordion-2720620463\" class=\"accordion-item\">\n\t\t<a id=\"accordion-2720620463-label\" class=\"accordion-title plain\" href=\"#accordion-item-schema\" aria-expanded=\"false\" aria-controls=\"accordion-2720620463-content\">\n\t\t\t<button class=\"toggle\" aria-label=\"Toggle\"><i class=\"icon-angle-down\" aria-hidden=\"true\"><\/i><\/button>\n\t\t\t<span>Scheme<\/span>\n\t\t<\/a>\n\t\t<div id=\"accordion-2720620463-content\" class=\"accordion-inner\" aria-labelledby=\"accordion-2720620463-label\">\n\t\t\t\n<img loading=\"lazy\" decoding=\"async\" class=\"alignnone wp-image-1661 size-full\" src=\"https:\/\/1dronas.lt\/wp-content\/uploads\/2021\/05\/vtx2.jpg\" alt=\"\" width=\"600\" height=\"449\" srcset=\"https:\/\/1dronas.lt\/wp-content\/uploads\/2021\/05\/vtx2.jpg 600w, https:\/\/1dronas.lt\/wp-content\/uploads\/2021\/05\/vtx2-300x225.jpg 300w, https:\/\/1dronas.lt\/wp-content\/uploads\/2021\/05\/vtx2-16x12.jpg 16w, https:\/\/1dronas.lt\/wp-content\/uploads\/2021\/05\/vtx2-510x382.jpg 510w\" sizes=\"auto, (max-width: 600px) 100vw, 600px\" \/><img loading=\"lazy\" decoding=\"async\" class=\"alignnone wp-image-1662 size-full\" src=\"https:\/\/1dronas.lt\/wp-content\/uploads\/2021\/05\/vtx3.jpg\" alt=\"\" width=\"600\" height=\"241\" srcset=\"https:\/\/1dronas.lt\/wp-content\/uploads\/2021\/05\/vtx3.jpg 600w, https:\/\/1dronas.lt\/wp-content\/uploads\/2021\/05\/vtx3-300x121.jpg 300w, https:\/\/1dronas.lt\/wp-content\/uploads\/2021\/05\/vtx3-18x7.jpg 18w, https:\/\/1dronas.lt\/wp-content\/uploads\/2021\/05\/vtx3-510x205.jpg 510w\" sizes=\"auto, (max-width: 600px) 100vw, 600px\" \/><br \/>\n\t\t<\/div>\n\t<\/div>\n\t\n<p><strong style=\"font-weight: 400;\"><b>\u2022 <\/b><\/strong>Camera: Caddx on nano.<\/p>\n<p><strong style=\"font-weight: 400;\"><b>\u2022 <\/b><\/strong>FC:<br \/>\nManufacturer:BETAFPV;<br \/>\nModel: F722 35A AIO FC(BLHeli_S);<br \/>\nMCU: STM32F722RET6;<br \/>\nIMU: MPU6000 gyro\/accelerometer (SPI);<br \/>\nOSD: Built-in BetaFlight OSD (OSD chip: AT7456E);<br \/>\nInput voltage: 2-4s;<br \/>\nWeight: ~7.6g.<\/p>\n\t<div id=\"accordion-1077730483\" class=\"accordion-item\">\n\t\t<a id=\"accordion-1077730483-label\" class=\"accordion-title plain\" href=\"#accordion-item-i\u0161matavimai\" aria-expanded=\"false\" aria-controls=\"accordion-1077730483-content\">\n\t\t\t<button class=\"toggle\" aria-label=\"Toggle\"><i class=\"icon-angle-down\" aria-hidden=\"true\"><\/i><\/button>\n\t\t\t<span>Measurements<\/span>\n\t\t<\/a>\n\t\t<div id=\"accordion-1077730483-content\" class=\"accordion-inner\" aria-labelledby=\"accordion-1077730483-label\">\n\t\t\t\n<img loading=\"lazy\" decoding=\"async\" class=\"alignnone wp-image-1658 size-full\" src=\"https:\/\/1dronas.lt\/wp-content\/uploads\/2021\/05\/Plokst.jpg\" alt=\"\" width=\"600\" height=\"464\" srcset=\"https:\/\/1dronas.lt\/wp-content\/uploads\/2021\/05\/Plokst.jpg 600w, https:\/\/1dronas.lt\/wp-content\/uploads\/2021\/05\/Plokst-300x232.jpg 300w, https:\/\/1dronas.lt\/wp-content\/uploads\/2021\/05\/Plokst-16x12.jpg 16w, https:\/\/1dronas.lt\/wp-content\/uploads\/2021\/05\/Plokst-510x394.jpg 510w\" sizes=\"auto, (max-width: 600px) 100vw, 600px\" \/><br \/>\n\t\t<\/div>\n\t<\/div>\n\t\n\t<div id=\"accordion-1519489759\" class=\"accordion-item\">\n\t\t<a id=\"accordion-1519489759-label\" class=\"accordion-title plain\" href=\"#accordion-item-schema\" aria-expanded=\"false\" aria-controls=\"accordion-1519489759-content\">\n\t\t\t<button class=\"toggle\" aria-label=\"Toggle\"><i class=\"icon-angle-down\" aria-hidden=\"true\"><\/i><\/button>\n\t\t\t<span>Scheme<\/span>\n\t\t<\/a>\n\t\t<div id=\"accordion-1519489759-content\" class=\"accordion-inner\" aria-labelledby=\"accordion-1519489759-label\">\n\t\t\t\n<p><img loading=\"lazy\" decoding=\"async\" class=\"alignnone wp-image-1659 size-full\" src=\"https:\/\/1dronas.lt\/wp-content\/uploads\/2021\/05\/Diagram.jpg\" alt=\"\" width=\"600\" height=\"600\" srcset=\"https:\/\/1dronas.lt\/wp-content\/uploads\/2021\/05\/Diagram.jpg 600w, https:\/\/1dronas.lt\/wp-content\/uploads\/2021\/05\/Diagram-300x300.jpg 300w, https:\/\/1dronas.lt\/wp-content\/uploads\/2021\/05\/Diagram-150x150.jpg 150w, https:\/\/1dronas.lt\/wp-content\/uploads\/2021\/05\/Diagram-12x12.jpg 12w, https:\/\/1dronas.lt\/wp-content\/uploads\/2021\/05\/Diagram-247x247.jpg 247w, https:\/\/1dronas.lt\/wp-content\/uploads\/2021\/05\/Diagram-510x510.jpg 510w, https:\/\/1dronas.lt\/wp-content\/uploads\/2021\/05\/Diagram-100x100.jpg 100w\" sizes=\"auto, (max-width: 600px) 100vw, 600px\" \/><br \/>\n\t\t<\/div>\n\t<\/div>\n\t\n<p>&nbsp;<\/p>\n<p><strong style=\"font-weight: 400;\"><b>\u2022 <\/b><\/strong>Propellers:<br \/>\nModel: HQ75 5-blade propellers;<br \/>\nMaterial: PC;<br \/>\nBlades: 5.<\/p>\n\t<div id=\"accordion-3783237641\" class=\"accordion-item\">\n\t\t<a id=\"accordion-3783237641-label\" class=\"accordion-title plain\" href=\"#accordion-item-i\u0161matavimai\" aria-expanded=\"false\" aria-controls=\"accordion-3783237641-content\">\n\t\t\t<button class=\"toggle\" aria-label=\"Toggle\"><i class=\"icon-angle-down\" aria-hidden=\"true\"><\/i><\/button>\n\t\t\t<span>Measurements<\/span>\n\t\t<\/a>\n\t\t<div id=\"accordion-3783237641-content\" class=\"accordion-inner\" aria-labelledby=\"accordion-3783237641-label\">\n\t\t\t\n<img loading=\"lazy\" decoding=\"async\" class=\"alignnone wp-image-1640 size-full\" src=\"https:\/\/1dronas.lt\/wp-content\/uploads\/2021\/05\/pr.jpg\" alt=\"\" width=\"600\" height=\"456\" srcset=\"https:\/\/1dronas.lt\/wp-content\/uploads\/2021\/05\/pr.jpg 600w, https:\/\/1dronas.lt\/wp-content\/uploads\/2021\/05\/pr-300x228.jpg 300w, https:\/\/1dronas.lt\/wp-content\/uploads\/2021\/05\/pr-16x12.jpg 16w, https:\/\/1dronas.lt\/wp-content\/uploads\/2021\/05\/pr-510x388.jpg 510w\" sizes=\"auto, (max-width: 600px) 100vw, 600px\" \/><br \/>\n\t\t<\/div>\n\t<\/div>\n\t\n<p><strong>Package:<\/strong><\/p>\n<p>1x ready-to-fly drone;<br \/>\n<span style=\"color: #666666;\">1x 20mm FPV camera mount<\/span><span style=\"color: #666666;\">;<\/span><br \/>\n1x propeller set 5-blade HQ75 2(CW+2CCW);<br \/>\n1x Adapter Cable for Customized Naked Camera;<br \/>\n1x USB Adapter Board for FC.<\/p>\n<p><span style=\"color: #ed1c24;\">Battery is not included. <\/span><\/p>\n<p><strong>We recommend:<\/strong><\/p>\n<div class=\"woocommerce columns-4\"><div class=\"products row row-small large-columns-4 medium-columns-3 small-columns-2 has-shadow row-box-shadow-3 row-box-shadow-4-hover has-equal-box-heights equalize-box\">\n<\/div><!-- row -->\n<\/div>\n<p><span style=\"color: #ed1c24;\">\u00a0<\/span><\/p>","protected":false},"excerpt":{"rendered":"<p><span style=\"color: #333333;\">The newly designed Pavo30 frame is made of PA12 material and features a robustness that shows strong impact resistance in drop and impact tests.<\/span><\/p>\n<p><span style=\"color: #000000;\"><strong><img loading=\"lazy\" decoding=\"async\" class=\"alignnone wp-image-1806\" src=\"https:\/\/1dronas.lt\/wp-content\/uploads\/2021\/05\/delivery-icon.png\" alt=\"\" width=\"24\" height=\"24\" srcset=\"https:\/\/1dronas.lt\/wp-content\/uploads\/2021\/05\/delivery-icon.png 35w, https:\/\/1dronas.lt\/wp-content\/uploads\/2021\/05\/delivery-icon-12x12.png 12w\" sizes=\"auto, (max-width: 24px) 100vw, 24px\" \/>\u00a0 \u00a0<span style=\"font-size: 90%;\">1 \u2013 4 days<\/span><\/strong><\/span><\/p>","protected":false},"featured_media":1678,"comment_status":"open","ping_status":"closed","template":"","meta":[],"product_brand":[],"product_cat":[109,105,104],"product_tag":[69,110,54],"class_list":{"0":"post-1627","1":"product","2":"type-product","3":"status-publish","4":"has-post-thumbnail","6":"product_cat-cinewhoop","7":"product_cat-fpv-bnf-dronai","8":"product_cat-orlaiviai","9":"product_tag-betafpv","10":"product_tag-cinewhoop","11":"product_tag-fpv","13":"first","14":"outofstock","15":"sale","16":"featured","17":"purchasable","18":"product-type-simple"},"yoast_head":"<!-- This site is optimized with the Yoast SEO plugin v27.3 - https:\/\/yoast.com\/product\/yoast-seo-wordpress\/ -->\n<title>BETAFPV Pavo30 CineWhoop - (Analog VTX) - 1dronas.lt<\/title>\n<meta name=\"robots\" content=\"index, follow, max-snippet:-1, max-image-preview:large, max-video-preview:-1\" \/>\n<link rel=\"canonical\" href=\"https:\/\/1dronas.lt\/en\/produktas\/pavo30-whoop-quadcopter-analog\/\" \/>\n<meta property=\"og:locale\" content=\"en_US\" \/>\n<meta property=\"og:type\" content=\"article\" \/>\n<meta property=\"og:title\" content=\"BETAFPV Pavo30 CineWhoop - (Analog VTX) - 1dronas.lt\" \/>\n<meta property=\"og:description\" content=\"Naujai sukurtas \u201ePavo30\u201c r\u0117mas pagamintas i\u0161 PA12 med\u017eiagos pasi\u017eymi tvirtumu, kuris rodo stipr\u0173 atsparum\u0105 sm\u016bgiams atliekant kritimo ir sm\u016bgio bandymus.  \u00a0 \u00a01 - 4 d. d.\" \/>\n<meta property=\"og:url\" content=\"https:\/\/1dronas.lt\/en\/produktas\/pavo30-whoop-quadcopter-analog\/\" \/>\n<meta property=\"og:site_name\" content=\"1dronas.lt\" \/>\n<meta property=\"article:publisher\" content=\"https:\/\/www.facebook.com\/1dronas\/\" \/>\n<meta property=\"article:modified_time\" content=\"2022-08-16T13:06:15+00:00\" \/>\n<meta property=\"og:image\" content=\"https:\/\/1dronas.lt\/wp-content\/uploads\/2021\/05\/analog.jpg\" \/>\n\t<meta property=\"og:image:width\" content=\"720\" \/>\n\t<meta property=\"og:image:height\" content=\"720\" \/>\n\t<meta property=\"og:image:type\" content=\"image\/jpeg\" \/>\n<meta name=\"twitter:card\" content=\"summary_large_image\" \/>\n<meta name=\"twitter:label1\" content=\"Est. reading time\" \/>\n\t<meta name=\"twitter:data1\" content=\"3 minutes\" \/>\n<script type=\"application\/ld+json\" class=\"yoast-schema-graph\">{\"@context\":\"https:\\\/\\\/schema.org\",\"@graph\":[{\"@type\":\"WebPage\",\"@id\":\"https:\\\/\\\/1dronas.lt\\\/en\\\/produktas\\\/pavo30-whoop-quadcopter-analog\\\/\",\"url\":\"https:\\\/\\\/1dronas.lt\\\/en\\\/produktas\\\/pavo30-whoop-quadcopter-analog\\\/\",\"name\":\"BETAFPV Pavo30 CineWhoop - (Analog VTX) - 1dronas.lt\",\"isPartOf\":{\"@id\":\"https:\\\/\\\/1dronas.lt\\\/en\\\/#website\"},\"primaryImageOfPage\":{\"@id\":\"https:\\\/\\\/1dronas.lt\\\/en\\\/produktas\\\/pavo30-whoop-quadcopter-analog\\\/#primaryimage\"},\"image\":{\"@id\":\"https:\\\/\\\/1dronas.lt\\\/en\\\/produktas\\\/pavo30-whoop-quadcopter-analog\\\/#primaryimage\"},\"thumbnailUrl\":\"https:\\\/\\\/1dronas.lt\\\/wp-content\\\/uploads\\\/2021\\\/05\\\/analog.jpg\",\"datePublished\":\"2021-05-14T10:10:41+00:00\",\"dateModified\":\"2022-08-16T13:06:15+00:00\",\"breadcrumb\":{\"@id\":\"https:\\\/\\\/1dronas.lt\\\/en\\\/produktas\\\/pavo30-whoop-quadcopter-analog\\\/#breadcrumb\"},\"inLanguage\":\"en-US\",\"potentialAction\":[{\"@type\":\"ReadAction\",\"target\":[\"https:\\\/\\\/1dronas.lt\\\/en\\\/produktas\\\/pavo30-whoop-quadcopter-analog\\\/\"]}]},{\"@type\":\"ImageObject\",\"inLanguage\":\"en-US\",\"@id\":\"https:\\\/\\\/1dronas.lt\\\/en\\\/produktas\\\/pavo30-whoop-quadcopter-analog\\\/#primaryimage\",\"url\":\"https:\\\/\\\/1dronas.lt\\\/wp-content\\\/uploads\\\/2021\\\/05\\\/analog.jpg\",\"contentUrl\":\"https:\\\/\\\/1dronas.lt\\\/wp-content\\\/uploads\\\/2021\\\/05\\\/analog.jpg\",\"width\":720,\"height\":720},{\"@type\":\"BreadcrumbList\",\"@id\":\"https:\\\/\\\/1dronas.lt\\\/en\\\/produktas\\\/pavo30-whoop-quadcopter-analog\\\/#breadcrumb\",\"itemListElement\":[{\"@type\":\"ListItem\",\"position\":1,\"name\":\"Home\",\"item\":\"https:\\\/\\\/1dronas.lt\\\/\"},{\"@type\":\"ListItem\",\"position\":2,\"name\":\"Parduotuv\u0117\",\"item\":\"https:\\\/\\\/1dronas.lt\\\/parduotuve\\\/\"},{\"@type\":\"ListItem\",\"position\":3,\"name\":\"BETAFPV Pavo30 CineWhoop &#8211; (Analog VTX)\"}]},{\"@type\":\"WebSite\",\"@id\":\"https:\\\/\\\/1dronas.lt\\\/en\\\/#website\",\"url\":\"https:\\\/\\\/1dronas.lt\\\/en\\\/\",\"name\":\"1dronas.lt\",\"description\":\"Internetin\u0117 parduotuv\u0117\",\"publisher\":{\"@id\":\"https:\\\/\\\/1dronas.lt\\\/en\\\/#organization\"},\"potentialAction\":[{\"@type\":\"SearchAction\",\"target\":{\"@type\":\"EntryPoint\",\"urlTemplate\":\"https:\\\/\\\/1dronas.lt\\\/en\\\/?s={search_term_string}\"},\"query-input\":{\"@type\":\"PropertyValueSpecification\",\"valueRequired\":true,\"valueName\":\"search_term_string\"}}],\"inLanguage\":\"en-US\"},{\"@type\":\"Organization\",\"@id\":\"https:\\\/\\\/1dronas.lt\\\/en\\\/#organization\",\"name\":\"1dronas.lt\",\"url\":\"https:\\\/\\\/1dronas.lt\\\/en\\\/\",\"logo\":{\"@type\":\"ImageObject\",\"inLanguage\":\"en-US\",\"@id\":\"https:\\\/\\\/1dronas.lt\\\/en\\\/#\\\/schema\\\/logo\\\/image\\\/\",\"url\":\"https:\\\/\\\/1dronas.lt\\\/wp-content\\\/uploads\\\/2020\\\/12\\\/Ekrano_kopija__2_-removebg-preview-1-1.png\",\"contentUrl\":\"https:\\\/\\\/1dronas.lt\\\/wp-content\\\/uploads\\\/2020\\\/12\\\/Ekrano_kopija__2_-removebg-preview-1-1.png\",\"width\":234,\"height\":81,\"caption\":\"1dronas.lt\"},\"image\":{\"@id\":\"https:\\\/\\\/1dronas.lt\\\/en\\\/#\\\/schema\\\/logo\\\/image\\\/\"},\"sameAs\":[\"https:\\\/\\\/www.facebook.com\\\/1dronas\\\/\"]}]}<\/script>\n<!-- \/ Yoast SEO plugin. -->","yoast_head_json":{"title":"BETAFPV Pavo30 CineWhoop - (Analog VTX) - 1dronas.lt","robots":{"index":"index","follow":"follow","max-snippet":"max-snippet:-1","max-image-preview":"max-image-preview:large","max-video-preview":"max-video-preview:-1"},"canonical":"https:\/\/1dronas.lt\/en\/produktas\/pavo30-whoop-quadcopter-analog\/","og_locale":"en_US","og_type":"article","og_title":"BETAFPV Pavo30 CineWhoop - (Analog VTX) - 1dronas.lt","og_description":"Naujai sukurtas \u201ePavo30\u201c r\u0117mas pagamintas i\u0161 PA12 med\u017eiagos pasi\u017eymi tvirtumu, kuris rodo stipr\u0173 atsparum\u0105 sm\u016bgiams atliekant kritimo ir sm\u016bgio bandymus.  \u00a0 \u00a01 - 4 d. d.","og_url":"https:\/\/1dronas.lt\/en\/produktas\/pavo30-whoop-quadcopter-analog\/","og_site_name":"1dronas.lt","article_publisher":"https:\/\/www.facebook.com\/1dronas\/","article_modified_time":"2022-08-16T13:06:15+00:00","og_image":[{"width":720,"height":720,"url":"https:\/\/1dronas.lt\/wp-content\/uploads\/2021\/05\/analog.jpg","type":"image\/jpeg"}],"twitter_card":"summary_large_image","twitter_misc":{"Est. reading time":"3 minutes"},"schema":{"@context":"https:\/\/schema.org","@graph":[{"@type":"WebPage","@id":"https:\/\/1dronas.lt\/en\/produktas\/pavo30-whoop-quadcopter-analog\/","url":"https:\/\/1dronas.lt\/en\/produktas\/pavo30-whoop-quadcopter-analog\/","name":"BETAFPV Pavo30 CineWhoop - (Analog VTX) - 1dronas.lt","isPartOf":{"@id":"https:\/\/1dronas.lt\/en\/#website"},"primaryImageOfPage":{"@id":"https:\/\/1dronas.lt\/en\/produktas\/pavo30-whoop-quadcopter-analog\/#primaryimage"},"image":{"@id":"https:\/\/1dronas.lt\/en\/produktas\/pavo30-whoop-quadcopter-analog\/#primaryimage"},"thumbnailUrl":"https:\/\/1dronas.lt\/wp-content\/uploads\/2021\/05\/analog.jpg","datePublished":"2021-05-14T10:10:41+00:00","dateModified":"2022-08-16T13:06:15+00:00","breadcrumb":{"@id":"https:\/\/1dronas.lt\/en\/produktas\/pavo30-whoop-quadcopter-analog\/#breadcrumb"},"inLanguage":"en-US","potentialAction":[{"@type":"ReadAction","target":["https:\/\/1dronas.lt\/en\/produktas\/pavo30-whoop-quadcopter-analog\/"]}]},{"@type":"ImageObject","inLanguage":"en-US","@id":"https:\/\/1dronas.lt\/en\/produktas\/pavo30-whoop-quadcopter-analog\/#primaryimage","url":"https:\/\/1dronas.lt\/wp-content\/uploads\/2021\/05\/analog.jpg","contentUrl":"https:\/\/1dronas.lt\/wp-content\/uploads\/2021\/05\/analog.jpg","width":720,"height":720},{"@type":"BreadcrumbList","@id":"https:\/\/1dronas.lt\/en\/produktas\/pavo30-whoop-quadcopter-analog\/#breadcrumb","itemListElement":[{"@type":"ListItem","position":1,"name":"Home","item":"https:\/\/1dronas.lt\/"},{"@type":"ListItem","position":2,"name":"Parduotuv\u0117","item":"https:\/\/1dronas.lt\/parduotuve\/"},{"@type":"ListItem","position":3,"name":"BETAFPV Pavo30 CineWhoop &#8211; (Analog VTX)"}]},{"@type":"WebSite","@id":"https:\/\/1dronas.lt\/en\/#website","url":"https:\/\/1dronas.lt\/en\/","name":"1dronas.lt","description":"Online store","publisher":{"@id":"https:\/\/1dronas.lt\/en\/#organization"},"potentialAction":[{"@type":"SearchAction","target":{"@type":"EntryPoint","urlTemplate":"https:\/\/1dronas.lt\/en\/?s={search_term_string}"},"query-input":{"@type":"PropertyValueSpecification","valueRequired":true,"valueName":"search_term_string"}}],"inLanguage":"en-US"},{"@type":"Organization","@id":"https:\/\/1dronas.lt\/en\/#organization","name":"1dronas.lt","url":"https:\/\/1dronas.lt\/en\/","logo":{"@type":"ImageObject","inLanguage":"en-US","@id":"https:\/\/1dronas.lt\/en\/#\/schema\/logo\/image\/","url":"https:\/\/1dronas.lt\/wp-content\/uploads\/2020\/12\/Ekrano_kopija__2_-removebg-preview-1-1.png","contentUrl":"https:\/\/1dronas.lt\/wp-content\/uploads\/2020\/12\/Ekrano_kopija__2_-removebg-preview-1-1.png","width":234,"height":81,"caption":"1dronas.lt"},"image":{"@id":"https:\/\/1dronas.lt\/en\/#\/schema\/logo\/image\/"},"sameAs":["https:\/\/www.facebook.com\/1dronas\/"]}]}},"jetpack_sharing_enabled":true,"_links":{"self":[{"href":"https:\/\/1dronas.lt\/en\/wp-json\/wp\/v2\/product\/1627","targetHints":{"allow":["GET"]}}],"collection":[{"href":"https:\/\/1dronas.lt\/en\/wp-json\/wp\/v2\/product"}],"about":[{"href":"https:\/\/1dronas.lt\/en\/wp-json\/wp\/v2\/types\/product"}],"replies":[{"embeddable":true,"href":"https:\/\/1dronas.lt\/en\/wp-json\/wp\/v2\/comments?post=1627"}],"wp:featuredmedia":[{"embeddable":true,"href":"https:\/\/1dronas.lt\/en\/wp-json\/wp\/v2\/media\/1678"}],"wp:attachment":[{"href":"https:\/\/1dronas.lt\/en\/wp-json\/wp\/v2\/media?parent=1627"}],"wp:term":[{"taxonomy":"product_brand","embeddable":true,"href":"https:\/\/1dronas.lt\/en\/wp-json\/wp\/v2\/product_brand?post=1627"},{"taxonomy":"product_cat","embeddable":true,"href":"https:\/\/1dronas.lt\/en\/wp-json\/wp\/v2\/product_cat?post=1627"},{"taxonomy":"product_tag","embeddable":true,"href":"https:\/\/1dronas.lt\/en\/wp-json\/wp\/v2\/product_tag?post=1627"}],"curies":[{"name":"wp","href":"https:\/\/api.w.org\/{rel}","templated":true}]}}