{"id":16189,"date":"2026-02-04T13:34:41","date_gmt":"2026-02-04T11:34:41","guid":{"rendered":"https:\/\/1dronas.lt\/?post_type=product&#038;p=16189"},"modified":"2026-04-25T13:04:30","modified_gmt":"2026-04-25T10:04:30","slug":"betafpv-dipole-t-antena","status":"publish","type":"product","link":"https:\/\/1dronas.lt\/en\/produktas\/betafpv-dipole-t-antena\/","title":{"rendered":"BETAFPV Dipole T 2.4G antenna"},"content":{"rendered":"<p data-start=\"38\" data-end=\"179\">The dipole T antenna is designed and manufactured for BETAFPV 2.4G \/ 915MHz \/ 868MHz receivers. It is an omnidirectional antenna that ensures stable communication. The antenna has an integrated RF balun circuit inside, which is housed in a rubber molded protection. Each antenna is tested with a frequency spectrograph to ensure proper operation.<\/p>\n<p data-start=\"38\" data-end=\"179\"><img loading=\"lazy\" decoding=\"async\" class=\"alignnone wp-image-16195 size-full\" src=\"https:\/\/1dronas.lt\/wp-content\/uploads\/2026\/02\/FB_98a73820-a75a-42d3-9f10-4bce036fe91c_1024x1024.jpg\" alt=\"\" width=\"1024\" height=\"576\" srcset=\"https:\/\/1dronas.lt\/wp-content\/uploads\/2026\/02\/FB_98a73820-a75a-42d3-9f10-4bce036fe91c_1024x1024.jpg 1024w, https:\/\/1dronas.lt\/wp-content\/uploads\/2026\/02\/FB_98a73820-a75a-42d3-9f10-4bce036fe91c_1024x1024-300x169.jpg 300w, https:\/\/1dronas.lt\/wp-content\/uploads\/2026\/02\/FB_98a73820-a75a-42d3-9f10-4bce036fe91c_1024x1024-768x432.jpg 768w, https:\/\/1dronas.lt\/wp-content\/uploads\/2026\/02\/FB_98a73820-a75a-42d3-9f10-4bce036fe91c_1024x1024-18x10.jpg 18w, https:\/\/1dronas.lt\/wp-content\/uploads\/2026\/02\/FB_98a73820-a75a-42d3-9f10-4bce036fe91c_1024x1024-510x287.jpg 510w\" sizes=\"auto, (max-width: 1024px) 100vw, 1024px\" \/><\/p>\n<p data-start=\"38\" data-end=\"179\"><strong>Specification:<\/strong><\/p>\n<p data-start=\"38\" data-end=\"179\">\u2022 Cable length: 46 mm \/ 80 mm (optional);<br data-start=\"83\" data-end=\"86\" \/>\u2022 Antenna width: 60 mm;<br data-start=\"111\" data-end=\"114\" \/>\u2022 Weight: 0.94 g;<br data-start=\"132\" data-end=\"135\" \/>\u2022 Connector: U.FL;<br data-start=\"152\" data-end=\"155\" \/>\u2022 Gain: 2 dBi;<br data-start=\"177\" data-end=\"180\" \/>\u2022 VSWR: &lt; 1.4 2.4G version.<\/p>\n<p data-start=\"38\" data-end=\"179\">The BETAFPV dipole T antenna is omnidirectional. Below is an image of the antenna&#039;s 3D radiation pattern.<\/p>\n<p data-start=\"38\" data-end=\"179\"><img loading=\"lazy\" decoding=\"async\" class=\"alignnone wp-image-16197 size-full\" src=\"https:\/\/1dronas.lt\/wp-content\/uploads\/2026\/02\/T_600x600.jpg\" alt=\"\" width=\"600\" height=\"488\" srcset=\"https:\/\/1dronas.lt\/wp-content\/uploads\/2026\/02\/T_600x600.jpg 600w, https:\/\/1dronas.lt\/wp-content\/uploads\/2026\/02\/T_600x600-300x244.jpg 300w, https:\/\/1dronas.lt\/wp-content\/uploads\/2026\/02\/T_600x600-15x12.jpg 15w, https:\/\/1dronas.lt\/wp-content\/uploads\/2026\/02\/T_600x600-510x415.jpg 510w\" sizes=\"auto, (max-width: 600px) 100vw, 600px\" \/><\/p>\n<p data-start=\"38\" data-end=\"60\"><strong data-start=\"38\" data-end=\"60\">RF antenna balun\u201e<\/strong><\/p>\n<p data-start=\"62\" data-end=\"262\">What is a &quot;balun&quot; and why is it needed in these dipole T antennas? To enable balanced antennas to be fed via coaxial cable, an antenna &quot;balun&quot; is often integrated into the feed point.<\/p>\n<p data-start=\"62\" data-end=\"262\"><img loading=\"lazy\" decoding=\"async\" class=\"alignnone wp-image-16191 size-full\" src=\"https:\/\/1dronas.lt\/wp-content\/uploads\/2026\/02\/2_7e5702c5-a705-461d-946a-345b51de2221_480x480.jpg\" alt=\"\" width=\"480\" height=\"360\" srcset=\"https:\/\/1dronas.lt\/wp-content\/uploads\/2026\/02\/2_7e5702c5-a705-461d-946a-345b51de2221_480x480.jpg 480w, https:\/\/1dronas.lt\/wp-content\/uploads\/2026\/02\/2_7e5702c5-a705-461d-946a-345b51de2221_480x480-300x225.jpg 300w, https:\/\/1dronas.lt\/wp-content\/uploads\/2026\/02\/2_7e5702c5-a705-461d-946a-345b51de2221_480x480-16x12.jpg 16w\" sizes=\"auto, (max-width: 480px) 100vw, 480px\" \/><\/p>\n<p data-start=\"62\" data-end=\"262\"><strong>Package:<\/strong><\/p>\n<p data-start=\"62\" data-end=\"262\">\u00a02x BETAFPV Dipole T antenna.<\/p>","protected":false},"excerpt":{"rendered":"<p><span style=\"color: #333333;\">This is an omnidirectional antenna that ensures a stable connection.<\/span><\/p>\n<p><strong><span style=\"color: #333333;\"><img loading=\"lazy\" decoding=\"async\" class=\"alignnone wp-image-1806\" src=\"https:\/\/1dronas.lt\/wp-content\/uploads\/2021\/05\/delivery-icon.png\" alt=\"\" width=\"24\" height=\"24\" srcset=\"https:\/\/1dronas.lt\/wp-content\/uploads\/2021\/05\/delivery-icon.png 35w, https:\/\/1dronas.lt\/wp-content\/uploads\/2021\/05\/delivery-icon-12x12.png 12w\" sizes=\"auto, (max-width: 24px) 100vw, 24px\" \/>\u00a0\u00a0\u00a0<span style=\"font-size: 90%;\">1 \u2013 2 days<\/span><\/span><\/strong><\/p>","protected":false},"featured_media":16193,"comment_status":"open","ping_status":"closed","template":"","meta":[],"product_brand":[489],"product_cat":[682],"product_tag":[990,487,69,1159],"class_list":{"0":"post-16189","1":"product","2":"type-product","3":"status-publish","4":"has-post-thumbnail","6":"product_brand-betafpv","7":"product_cat-imtuvai-rx","8":"product_tag-2-4g","9":"product_tag-antena","10":"product_tag-betafpv","11":"product_tag-dipole-t","13":"first","14":"instock","15":"taxable","16":"shipping-taxable","17":"purchasable","18":"product-type-variable","19":"has-default-attributes"},"yoast_head":"<!-- This site is optimized with the Yoast SEO plugin v27.5 - https:\/\/yoast.com\/product\/yoast-seo-wordpress\/ -->\n<title>BETAFPV Dipole T 2.4G antena - 1dronas.lt<\/title>\n<meta name=\"robots\" content=\"index, follow, max-snippet:-1, max-image-preview:large, max-video-preview:-1\" \/>\n<link rel=\"canonical\" href=\"https:\/\/1dronas.lt\/en\/produktas\/betafpv-dipole-t-antena\/\" \/>\n<meta property=\"og:locale\" content=\"en_US\" \/>\n<meta property=\"og:type\" content=\"article\" \/>\n<meta property=\"og:title\" content=\"BETAFPV Dipole T 2.4G antena - 1dronas.lt\" \/>\n<meta property=\"og:description\" content=\"Tai visakrypt\u0117 antena, u\u017etikrinanti stabil\u0173 ry\u0161\u012f.  \u00a0\u00a0\u00a01 \u2013 2 d. d.\" \/>\n<meta property=\"og:url\" content=\"https:\/\/1dronas.lt\/en\/produktas\/betafpv-dipole-t-antena\/\" \/>\n<meta property=\"og:site_name\" content=\"1dronas.lt\" \/>\n<meta property=\"article:publisher\" content=\"https:\/\/www.facebook.com\/1dronas\/\" \/>\n<meta property=\"article:modified_time\" content=\"2026-04-25T10:04:30+00:00\" \/>\n<meta property=\"og:image\" content=\"https:\/\/1dronas.lt\/wp-content\/uploads\/2026\/02\/74b96dbb2d19db9758ba306fc55ad040_ffe95c21-5712-4491-8515-102f49e6087d_1080x.jpg\" \/>\n\t<meta property=\"og:image:width\" content=\"1080\" \/>\n\t<meta property=\"og:image:height\" content=\"1080\" \/>\n\t<meta property=\"og:image:type\" content=\"image\/jpeg\" \/>\n<meta name=\"twitter:card\" content=\"summary_large_image\" \/>\n<meta name=\"twitter:label1\" content=\"Est. reading time\" \/>\n\t<meta name=\"twitter:data1\" content=\"2 minutes\" \/>\n<script type=\"application\/ld+json\" class=\"yoast-schema-graph\">{\"@context\":\"https:\\\/\\\/schema.org\",\"@graph\":[{\"@type\":\"WebPage\",\"@id\":\"https:\\\/\\\/1dronas.lt\\\/en\\\/produktas\\\/betafpv-dipole-t-antena\\\/\",\"url\":\"https:\\\/\\\/1dronas.lt\\\/en\\\/produktas\\\/betafpv-dipole-t-antena\\\/\",\"name\":\"BETAFPV Dipole T 2.4G antena - 1dronas.lt\",\"isPartOf\":{\"@id\":\"https:\\\/\\\/1dronas.lt\\\/en\\\/#website\"},\"primaryImageOfPage\":{\"@id\":\"https:\\\/\\\/1dronas.lt\\\/en\\\/produktas\\\/betafpv-dipole-t-antena\\\/#primaryimage\"},\"image\":{\"@id\":\"https:\\\/\\\/1dronas.lt\\\/en\\\/produktas\\\/betafpv-dipole-t-antena\\\/#primaryimage\"},\"thumbnailUrl\":\"https:\\\/\\\/1dronas.lt\\\/wp-content\\\/uploads\\\/2026\\\/02\\\/74b96dbb2d19db9758ba306fc55ad040_ffe95c21-5712-4491-8515-102f49e6087d_1080x.jpg\",\"datePublished\":\"2026-02-04T11:34:41+00:00\",\"dateModified\":\"2026-04-25T10:04:30+00:00\",\"breadcrumb\":{\"@id\":\"https:\\\/\\\/1dronas.lt\\\/en\\\/produktas\\\/betafpv-dipole-t-antena\\\/#breadcrumb\"},\"inLanguage\":\"en-US\",\"potentialAction\":[{\"@type\":\"ReadAction\",\"target\":[\"https:\\\/\\\/1dronas.lt\\\/en\\\/produktas\\\/betafpv-dipole-t-antena\\\/\"]}]},{\"@type\":\"ImageObject\",\"inLanguage\":\"en-US\",\"@id\":\"https:\\\/\\\/1dronas.lt\\\/en\\\/produktas\\\/betafpv-dipole-t-antena\\\/#primaryimage\",\"url\":\"https:\\\/\\\/1dronas.lt\\\/wp-content\\\/uploads\\\/2026\\\/02\\\/74b96dbb2d19db9758ba306fc55ad040_ffe95c21-5712-4491-8515-102f49e6087d_1080x.jpg\",\"contentUrl\":\"https:\\\/\\\/1dronas.lt\\\/wp-content\\\/uploads\\\/2026\\\/02\\\/74b96dbb2d19db9758ba306fc55ad040_ffe95c21-5712-4491-8515-102f49e6087d_1080x.jpg\",\"width\":1080,\"height\":1080},{\"@type\":\"BreadcrumbList\",\"@id\":\"https:\\\/\\\/1dronas.lt\\\/en\\\/produktas\\\/betafpv-dipole-t-antena\\\/#breadcrumb\",\"itemListElement\":[{\"@type\":\"ListItem\",\"position\":1,\"name\":\"Home\",\"item\":\"https:\\\/\\\/1dronas.lt\\\/\"},{\"@type\":\"ListItem\",\"position\":2,\"name\":\"Parduotuv\u0117\",\"item\":\"https:\\\/\\\/1dronas.lt\\\/parduotuve\\\/\"},{\"@type\":\"ListItem\",\"position\":3,\"name\":\"BETAFPV Dipole T 2.4G antena\"}]},{\"@type\":\"WebSite\",\"@id\":\"https:\\\/\\\/1dronas.lt\\\/en\\\/#website\",\"url\":\"https:\\\/\\\/1dronas.lt\\\/en\\\/\",\"name\":\"1dronas.lt\",\"description\":\"Internetin\u0117 parduotuv\u0117\",\"publisher\":{\"@id\":\"https:\\\/\\\/1dronas.lt\\\/en\\\/#organization\"},\"potentialAction\":[{\"@type\":\"SearchAction\",\"target\":{\"@type\":\"EntryPoint\",\"urlTemplate\":\"https:\\\/\\\/1dronas.lt\\\/en\\\/?s={search_term_string}\"},\"query-input\":{\"@type\":\"PropertyValueSpecification\",\"valueRequired\":true,\"valueName\":\"search_term_string\"}}],\"inLanguage\":\"en-US\"},{\"@type\":\"Organization\",\"@id\":\"https:\\\/\\\/1dronas.lt\\\/en\\\/#organization\",\"name\":\"1dronas.lt\",\"url\":\"https:\\\/\\\/1dronas.lt\\\/en\\\/\",\"logo\":{\"@type\":\"ImageObject\",\"inLanguage\":\"en-US\",\"@id\":\"https:\\\/\\\/1dronas.lt\\\/en\\\/#\\\/schema\\\/logo\\\/image\\\/\",\"url\":\"https:\\\/\\\/1dronas.lt\\\/wp-content\\\/uploads\\\/2020\\\/12\\\/Ekrano_kopija__2_-removebg-preview-1-1.png\",\"contentUrl\":\"https:\\\/\\\/1dronas.lt\\\/wp-content\\\/uploads\\\/2020\\\/12\\\/Ekrano_kopija__2_-removebg-preview-1-1.png\",\"width\":234,\"height\":81,\"caption\":\"1dronas.lt\"},\"image\":{\"@id\":\"https:\\\/\\\/1dronas.lt\\\/en\\\/#\\\/schema\\\/logo\\\/image\\\/\"},\"sameAs\":[\"https:\\\/\\\/www.facebook.com\\\/1dronas\\\/\"]}]}<\/script>\n<!-- \/ Yoast SEO plugin. -->","yoast_head_json":{"title":"BETAFPV Dipole T 2.4G antena - 1dronas.lt","robots":{"index":"index","follow":"follow","max-snippet":"max-snippet:-1","max-image-preview":"max-image-preview:large","max-video-preview":"max-video-preview:-1"},"canonical":"https:\/\/1dronas.lt\/en\/produktas\/betafpv-dipole-t-antena\/","og_locale":"en_US","og_type":"article","og_title":"BETAFPV Dipole T 2.4G antena - 1dronas.lt","og_description":"Tai visakrypt\u0117 antena, u\u017etikrinanti stabil\u0173 ry\u0161\u012f.  \u00a0\u00a0\u00a01 \u2013 2 d. d.","og_url":"https:\/\/1dronas.lt\/en\/produktas\/betafpv-dipole-t-antena\/","og_site_name":"1dronas.lt","article_publisher":"https:\/\/www.facebook.com\/1dronas\/","article_modified_time":"2026-04-25T10:04:30+00:00","og_image":[{"width":1080,"height":1080,"url":"https:\/\/1dronas.lt\/wp-content\/uploads\/2026\/02\/74b96dbb2d19db9758ba306fc55ad040_ffe95c21-5712-4491-8515-102f49e6087d_1080x.jpg","type":"image\/jpeg"}],"twitter_card":"summary_large_image","twitter_misc":{"Est. reading time":"2 minutes"},"schema":{"@context":"https:\/\/schema.org","@graph":[{"@type":"WebPage","@id":"https:\/\/1dronas.lt\/en\/produktas\/betafpv-dipole-t-antena\/","url":"https:\/\/1dronas.lt\/en\/produktas\/betafpv-dipole-t-antena\/","name":"BETAFPV Dipole T 2.4G antena - 1dronas.lt","isPartOf":{"@id":"https:\/\/1dronas.lt\/en\/#website"},"primaryImageOfPage":{"@id":"https:\/\/1dronas.lt\/en\/produktas\/betafpv-dipole-t-antena\/#primaryimage"},"image":{"@id":"https:\/\/1dronas.lt\/en\/produktas\/betafpv-dipole-t-antena\/#primaryimage"},"thumbnailUrl":"https:\/\/1dronas.lt\/wp-content\/uploads\/2026\/02\/74b96dbb2d19db9758ba306fc55ad040_ffe95c21-5712-4491-8515-102f49e6087d_1080x.jpg","datePublished":"2026-02-04T11:34:41+00:00","dateModified":"2026-04-25T10:04:30+00:00","breadcrumb":{"@id":"https:\/\/1dronas.lt\/en\/produktas\/betafpv-dipole-t-antena\/#breadcrumb"},"inLanguage":"en-US","potentialAction":[{"@type":"ReadAction","target":["https:\/\/1dronas.lt\/en\/produktas\/betafpv-dipole-t-antena\/"]}]},{"@type":"ImageObject","inLanguage":"en-US","@id":"https:\/\/1dronas.lt\/en\/produktas\/betafpv-dipole-t-antena\/#primaryimage","url":"https:\/\/1dronas.lt\/wp-content\/uploads\/2026\/02\/74b96dbb2d19db9758ba306fc55ad040_ffe95c21-5712-4491-8515-102f49e6087d_1080x.jpg","contentUrl":"https:\/\/1dronas.lt\/wp-content\/uploads\/2026\/02\/74b96dbb2d19db9758ba306fc55ad040_ffe95c21-5712-4491-8515-102f49e6087d_1080x.jpg","width":1080,"height":1080},{"@type":"BreadcrumbList","@id":"https:\/\/1dronas.lt\/en\/produktas\/betafpv-dipole-t-antena\/#breadcrumb","itemListElement":[{"@type":"ListItem","position":1,"name":"Home","item":"https:\/\/1dronas.lt\/"},{"@type":"ListItem","position":2,"name":"Parduotuv\u0117","item":"https:\/\/1dronas.lt\/parduotuve\/"},{"@type":"ListItem","position":3,"name":"BETAFPV Dipole T 2.4G antena"}]},{"@type":"WebSite","@id":"https:\/\/1dronas.lt\/en\/#website","url":"https:\/\/1dronas.lt\/en\/","name":"1dronas.lt","description":"Online store","publisher":{"@id":"https:\/\/1dronas.lt\/en\/#organization"},"potentialAction":[{"@type":"SearchAction","target":{"@type":"EntryPoint","urlTemplate":"https:\/\/1dronas.lt\/en\/?s={search_term_string}"},"query-input":{"@type":"PropertyValueSpecification","valueRequired":true,"valueName":"search_term_string"}}],"inLanguage":"en-US"},{"@type":"Organization","@id":"https:\/\/1dronas.lt\/en\/#organization","name":"1dronas.lt","url":"https:\/\/1dronas.lt\/en\/","logo":{"@type":"ImageObject","inLanguage":"en-US","@id":"https:\/\/1dronas.lt\/en\/#\/schema\/logo\/image\/","url":"https:\/\/1dronas.lt\/wp-content\/uploads\/2020\/12\/Ekrano_kopija__2_-removebg-preview-1-1.png","contentUrl":"https:\/\/1dronas.lt\/wp-content\/uploads\/2020\/12\/Ekrano_kopija__2_-removebg-preview-1-1.png","width":234,"height":81,"caption":"1dronas.lt"},"image":{"@id":"https:\/\/1dronas.lt\/en\/#\/schema\/logo\/image\/"},"sameAs":["https:\/\/www.facebook.com\/1dronas\/"]}]}},"jetpack_sharing_enabled":true,"_links":{"self":[{"href":"https:\/\/1dronas.lt\/en\/wp-json\/wp\/v2\/product\/16189","targetHints":{"allow":["GET"]}}],"collection":[{"href":"https:\/\/1dronas.lt\/en\/wp-json\/wp\/v2\/product"}],"about":[{"href":"https:\/\/1dronas.lt\/en\/wp-json\/wp\/v2\/types\/product"}],"replies":[{"embeddable":true,"href":"https:\/\/1dronas.lt\/en\/wp-json\/wp\/v2\/comments?post=16189"}],"wp:featuredmedia":[{"embeddable":true,"href":"https:\/\/1dronas.lt\/en\/wp-json\/wp\/v2\/media\/16193"}],"wp:attachment":[{"href":"https:\/\/1dronas.lt\/en\/wp-json\/wp\/v2\/media?parent=16189"}],"wp:term":[{"taxonomy":"product_brand","embeddable":true,"href":"https:\/\/1dronas.lt\/en\/wp-json\/wp\/v2\/product_brand?post=16189"},{"taxonomy":"product_cat","embeddable":true,"href":"https:\/\/1dronas.lt\/en\/wp-json\/wp\/v2\/product_cat?post=16189"},{"taxonomy":"product_tag","embeddable":true,"href":"https:\/\/1dronas.lt\/en\/wp-json\/wp\/v2\/product_tag?post=16189"}],"curies":[{"name":"wp","href":"https:\/\/api.w.org\/{rel}","templated":true}]}}