{"id":15859,"date":"2026-01-25T18:42:38","date_gmt":"2026-01-25T16:42:38","guid":{"rendered":"https:\/\/1dronas.lt\/?post_type=product&#038;p=15859"},"modified":"2026-04-03T14:36:25","modified_gmt":"2026-04-03T11:36:25","slug":"speedybee-tx800","status":"publish","type":"product","link":"https:\/\/1dronas.lt\/en\/produktas\/speedybee-tx800\/","title":{"rendered":"SpeedyBee TX800 5.8GHz 800mW VTX"},"content":{"rendered":"<p>SpeedyBee TX800 is a small but powerful video transmitter. It can reach up to 800mW output power. The integrated heat sink effectively removes heat, protecting sensitive electronics from overheating.<\/p>\n<p><strong>Features:<\/strong><\/p>\n<p>\u2022 Powerful up to 800 mW;<br data-start=\"119\" data-end=\"122\" \/>\u2022 5.8 GHz, 48 channel support;<br data-start=\"208\" data-end=\"211\" \/>\u2022 PIT mode for safe setup without signal interference;<br data-start=\"267\" data-end=\"270\" \/>\u2022 Compact size of 20 \u00d7 20 mm;<br data-start=\"340\" data-end=\"343\" \/>\u2022 Integrated aluminum cooler effectively prevents overheating;<br data-start=\"415\" data-end=\"418\" \/>\u2022 MMCX antenna connector for reliable signal transmission;<br data-start=\"473\" data-end=\"476\" \/>\u2022 Light weight;<br data-start=\"626\" data-end=\"629\" \/>\u2022 Additional 5 V output for other devices (up to 250 mA).<\/p>\n<p><strong>Specification:<\/strong><\/p>\n<p>\u2022 Frequency channels: 5.8 GHz, 48 channels;<br data-start=\"35\" data-end=\"38\" \/>\u2022 Output power: PIT \/ 25 mW \/ 200 mW \/ 400 mW \/ 800 mW;<br data-start=\"91\" data-end=\"94\" \/>\u2022 Operating current: 5 V @ 250\u2013750 mA;<br data-start=\"125\" data-end=\"128\" \/>\u2022 Output voltage: 5 V @ max. 250 mA;<br data-start=\"162\" data-end=\"165\" \/>\u2022 Input voltage: 3.7\u20135 V;<br data-start=\"187\" data-end=\"190\" \/>\u2022 Video input impedance: 75 ohms;<br data-start=\"217\" data-end=\"220\" \/>\u2022 Antenna connector: MMCX;<br data-start=\"241\" data-end=\"244\" \/>\u2022 Weight: 5.6 g (without antenna);<br data-start=\"270\" data-end=\"273\" \/>\u2022 PCB size: 28 \u00d7 28 mm (mounting 20 \u00d7 20);<br data-start=\"315\" data-end=\"318\" \/>\u2022 Mounting holes: M4 holes on PCB board; M3 holes on metal heatsink.<\/p>\n<p><strong>Connection:<\/strong><\/p>\n<p><img loading=\"lazy\" decoding=\"async\" class=\"alignnone wp-image-15864 size-large\" src=\"https:\/\/1dronas.lt\/wp-content\/uploads\/2026\/01\/TX800-03-1024x575.jpg\" alt=\"\" width=\"1020\" height=\"573\" srcset=\"https:\/\/1dronas.lt\/wp-content\/uploads\/2026\/01\/TX800-03-1024x575.jpg 1024w, https:\/\/1dronas.lt\/wp-content\/uploads\/2026\/01\/TX800-03-300x169.jpg 300w, https:\/\/1dronas.lt\/wp-content\/uploads\/2026\/01\/TX800-03-768x431.jpg 768w, https:\/\/1dronas.lt\/wp-content\/uploads\/2026\/01\/TX800-03-18x10.jpg 18w, https:\/\/1dronas.lt\/wp-content\/uploads\/2026\/01\/TX800-03-510x287.jpg 510w, https:\/\/1dronas.lt\/wp-content\/uploads\/2026\/01\/TX800-03.jpg 1116w\" sizes=\"auto, (max-width: 1020px) 100vw, 1020px\" \/><\/p>\n<p><strong>Diagram:<\/strong><\/p>\n<p><img loading=\"lazy\" decoding=\"async\" class=\"alignnone wp-image-15867 size-large\" src=\"https:\/\/1dronas.lt\/wp-content\/uploads\/2026\/01\/TX800-06-1024x575.jpg\" alt=\"\" width=\"1020\" height=\"573\" srcset=\"https:\/\/1dronas.lt\/wp-content\/uploads\/2026\/01\/TX800-06-1024x575.jpg 1024w, https:\/\/1dronas.lt\/wp-content\/uploads\/2026\/01\/TX800-06-300x169.jpg 300w, https:\/\/1dronas.lt\/wp-content\/uploads\/2026\/01\/TX800-06-768x431.jpg 768w, https:\/\/1dronas.lt\/wp-content\/uploads\/2026\/01\/TX800-06-18x10.jpg 18w, https:\/\/1dronas.lt\/wp-content\/uploads\/2026\/01\/TX800-06-510x287.jpg 510w, https:\/\/1dronas.lt\/wp-content\/uploads\/2026\/01\/TX800-06.jpg 1116w\" sizes=\"auto, (max-width: 1020px) 100vw, 1020px\" \/><\/p>\n<p><strong>Package:<\/strong><\/p>\n<p>1x SpeedyBee TX800;<br data-start=\"9\" data-end=\"12\" \/>1x MMCX antenna;<br data-start=\"27\" data-end=\"30\" \/>1x MMCX to SMA cable;<br data-start=\"52\" data-end=\"55\" \/>1x 1.0 mm 4-pin cable.<\/p>\n<p><img loading=\"lazy\" decoding=\"async\" class=\"alignnone wp-image-15868\" src=\"https:\/\/1dronas.lt\/wp-content\/uploads\/2026\/01\/TX800-09-1024x575.jpg\" alt=\"\" width=\"659\" height=\"370\" srcset=\"https:\/\/1dronas.lt\/wp-content\/uploads\/2026\/01\/TX800-09-1024x575.jpg 1024w, https:\/\/1dronas.lt\/wp-content\/uploads\/2026\/01\/TX800-09-300x168.jpg 300w, https:\/\/1dronas.lt\/wp-content\/uploads\/2026\/01\/TX800-09-768x431.jpg 768w, https:\/\/1dronas.lt\/wp-content\/uploads\/2026\/01\/TX800-09-18x10.jpg 18w, https:\/\/1dronas.lt\/wp-content\/uploads\/2026\/01\/TX800-09-510x286.jpg 510w, https:\/\/1dronas.lt\/wp-content\/uploads\/2026\/01\/TX800-09.jpg 1117w\" sizes=\"auto, (max-width: 659px) 100vw, 659px\" \/><\/p>","protected":false},"excerpt":{"rendered":"<p><span style=\"color: #000000;\">The SpeedyBee TX800 is a small but powerful video transmitter capable of reaching up to 800 mW output power.\u00a0<\/span><\/p>\n<p><span style=\"color: #000000; font-size: 90%;\"><img loading=\"lazy\" decoding=\"async\" class=\"alignnone wp-image-1806\" src=\"https:\/\/1dronas.lt\/wp-content\/uploads\/2021\/05\/delivery-icon.png\" alt=\"\" width=\"24\" height=\"24\" srcset=\"https:\/\/1dronas.lt\/wp-content\/uploads\/2021\/05\/delivery-icon.png 35w, https:\/\/1dronas.lt\/wp-content\/uploads\/2021\/05\/delivery-icon-12x12.png 12w\" sizes=\"auto, (max-width: 24px) 100vw, 24px\" \/> <strong>\u00a01 \u2013 2 days<\/strong><\/span><\/p>","protected":false},"featured_media":15863,"comment_status":"open","ping_status":"closed","template":"","meta":[],"product_brand":[638],"product_cat":[218],"product_tag":[1078,1146,170],"class_list":{"0":"post-15859","1":"product","2":"type-product","3":"status-publish","4":"has-post-thumbnail","6":"product_brand-speedybee","7":"product_cat-vaizdo-siustuvai-vtx","8":"product_tag-speedybee","9":"product_tag-tx800","10":"product_tag-vtx","12":"first","13":"outofstock","14":"taxable","15":"shipping-taxable","16":"purchasable","17":"product-type-simple"},"yoast_head":"<!-- This site is optimized with the Yoast SEO plugin v27.5 - https:\/\/yoast.com\/product\/yoast-seo-wordpress\/ -->\n<title>SpeedyBee TX800 5.8GHz 800mW VTX - 1dronas.lt<\/title>\n<meta name=\"robots\" content=\"index, follow, max-snippet:-1, max-image-preview:large, max-video-preview:-1\" \/>\n<link rel=\"canonical\" href=\"https:\/\/1dronas.lt\/en\/produktas\/speedybee-tx800\/\" \/>\n<meta property=\"og:locale\" content=\"en_US\" \/>\n<meta property=\"og:type\" content=\"article\" \/>\n<meta property=\"og:title\" content=\"SpeedyBee TX800 5.8GHz 800mW VTX - 1dronas.lt\" \/>\n<meta property=\"og:description\" content=\"SpeedyBee TX800 yra ma\u017eas, bet galingas vaizdo si\u0173stuvas galintis pasiekti iki 800 mW i\u0161\u0117jimo gali\u0105.\u00a0   \u00a01 \u2013 2 d. d.\" \/>\n<meta property=\"og:url\" content=\"https:\/\/1dronas.lt\/en\/produktas\/speedybee-tx800\/\" \/>\n<meta property=\"og:site_name\" content=\"1dronas.lt\" \/>\n<meta property=\"article:publisher\" content=\"https:\/\/www.facebook.com\/1dronas\/\" \/>\n<meta property=\"article:modified_time\" content=\"2026-04-03T11:36:25+00:00\" \/>\n<meta property=\"og:image\" content=\"https:\/\/1dronas.lt\/wp-content\/uploads\/2026\/01\/tx800-3__29306.jpg\" \/>\n\t<meta property=\"og:image:width\" content=\"1000\" \/>\n\t<meta property=\"og:image:height\" content=\"1000\" \/>\n\t<meta property=\"og:image:type\" content=\"image\/jpeg\" \/>\n<meta name=\"twitter:card\" content=\"summary_large_image\" \/>\n<meta name=\"twitter:label1\" content=\"Est. reading time\" \/>\n\t<meta name=\"twitter:data1\" content=\"2 minutes\" \/>\n<script type=\"application\/ld+json\" class=\"yoast-schema-graph\">{\"@context\":\"https:\\\/\\\/schema.org\",\"@graph\":[{\"@type\":\"WebPage\",\"@id\":\"https:\\\/\\\/1dronas.lt\\\/en\\\/produktas\\\/speedybee-tx800\\\/\",\"url\":\"https:\\\/\\\/1dronas.lt\\\/en\\\/produktas\\\/speedybee-tx800\\\/\",\"name\":\"SpeedyBee TX800 5.8GHz 800mW VTX - 1dronas.lt\",\"isPartOf\":{\"@id\":\"https:\\\/\\\/1dronas.lt\\\/en\\\/#website\"},\"primaryImageOfPage\":{\"@id\":\"https:\\\/\\\/1dronas.lt\\\/en\\\/produktas\\\/speedybee-tx800\\\/#primaryimage\"},\"image\":{\"@id\":\"https:\\\/\\\/1dronas.lt\\\/en\\\/produktas\\\/speedybee-tx800\\\/#primaryimage\"},\"thumbnailUrl\":\"https:\\\/\\\/1dronas.lt\\\/wp-content\\\/uploads\\\/2026\\\/01\\\/tx800-3__29306.jpg\",\"datePublished\":\"2026-01-25T16:42:38+00:00\",\"dateModified\":\"2026-04-03T11:36:25+00:00\",\"breadcrumb\":{\"@id\":\"https:\\\/\\\/1dronas.lt\\\/en\\\/produktas\\\/speedybee-tx800\\\/#breadcrumb\"},\"inLanguage\":\"en-US\",\"potentialAction\":[{\"@type\":\"ReadAction\",\"target\":[\"https:\\\/\\\/1dronas.lt\\\/en\\\/produktas\\\/speedybee-tx800\\\/\"]}]},{\"@type\":\"ImageObject\",\"inLanguage\":\"en-US\",\"@id\":\"https:\\\/\\\/1dronas.lt\\\/en\\\/produktas\\\/speedybee-tx800\\\/#primaryimage\",\"url\":\"https:\\\/\\\/1dronas.lt\\\/wp-content\\\/uploads\\\/2026\\\/01\\\/tx800-3__29306.jpg\",\"contentUrl\":\"https:\\\/\\\/1dronas.lt\\\/wp-content\\\/uploads\\\/2026\\\/01\\\/tx800-3__29306.jpg\",\"width\":1000,\"height\":1000},{\"@type\":\"BreadcrumbList\",\"@id\":\"https:\\\/\\\/1dronas.lt\\\/en\\\/produktas\\\/speedybee-tx800\\\/#breadcrumb\",\"itemListElement\":[{\"@type\":\"ListItem\",\"position\":1,\"name\":\"Home\",\"item\":\"https:\\\/\\\/1dronas.lt\\\/\"},{\"@type\":\"ListItem\",\"position\":2,\"name\":\"Parduotuv\u0117\",\"item\":\"https:\\\/\\\/1dronas.lt\\\/parduotuve\\\/\"},{\"@type\":\"ListItem\",\"position\":3,\"name\":\"SpeedyBee TX800 5.8GHz 800mW VTX\"}]},{\"@type\":\"WebSite\",\"@id\":\"https:\\\/\\\/1dronas.lt\\\/en\\\/#website\",\"url\":\"https:\\\/\\\/1dronas.lt\\\/en\\\/\",\"name\":\"1dronas.lt\",\"description\":\"Internetin\u0117 parduotuv\u0117\",\"publisher\":{\"@id\":\"https:\\\/\\\/1dronas.lt\\\/en\\\/#organization\"},\"potentialAction\":[{\"@type\":\"SearchAction\",\"target\":{\"@type\":\"EntryPoint\",\"urlTemplate\":\"https:\\\/\\\/1dronas.lt\\\/en\\\/?s={search_term_string}\"},\"query-input\":{\"@type\":\"PropertyValueSpecification\",\"valueRequired\":true,\"valueName\":\"search_term_string\"}}],\"inLanguage\":\"en-US\"},{\"@type\":\"Organization\",\"@id\":\"https:\\\/\\\/1dronas.lt\\\/en\\\/#organization\",\"name\":\"1dronas.lt\",\"url\":\"https:\\\/\\\/1dronas.lt\\\/en\\\/\",\"logo\":{\"@type\":\"ImageObject\",\"inLanguage\":\"en-US\",\"@id\":\"https:\\\/\\\/1dronas.lt\\\/en\\\/#\\\/schema\\\/logo\\\/image\\\/\",\"url\":\"https:\\\/\\\/1dronas.lt\\\/wp-content\\\/uploads\\\/2020\\\/12\\\/Ekrano_kopija__2_-removebg-preview-1-1.png\",\"contentUrl\":\"https:\\\/\\\/1dronas.lt\\\/wp-content\\\/uploads\\\/2020\\\/12\\\/Ekrano_kopija__2_-removebg-preview-1-1.png\",\"width\":234,\"height\":81,\"caption\":\"1dronas.lt\"},\"image\":{\"@id\":\"https:\\\/\\\/1dronas.lt\\\/en\\\/#\\\/schema\\\/logo\\\/image\\\/\"},\"sameAs\":[\"https:\\\/\\\/www.facebook.com\\\/1dronas\\\/\"]}]}<\/script>\n<!-- \/ Yoast SEO plugin. -->","yoast_head_json":{"title":"SpeedyBee TX800 5.8GHz 800mW VTX - 1dronas.lt","robots":{"index":"index","follow":"follow","max-snippet":"max-snippet:-1","max-image-preview":"max-image-preview:large","max-video-preview":"max-video-preview:-1"},"canonical":"https:\/\/1dronas.lt\/en\/produktas\/speedybee-tx800\/","og_locale":"en_US","og_type":"article","og_title":"SpeedyBee TX800 5.8GHz 800mW VTX - 1dronas.lt","og_description":"SpeedyBee TX800 yra ma\u017eas, bet galingas vaizdo si\u0173stuvas galintis pasiekti iki 800 mW i\u0161\u0117jimo gali\u0105.\u00a0   \u00a01 \u2013 2 d. d.","og_url":"https:\/\/1dronas.lt\/en\/produktas\/speedybee-tx800\/","og_site_name":"1dronas.lt","article_publisher":"https:\/\/www.facebook.com\/1dronas\/","article_modified_time":"2026-04-03T11:36:25+00:00","og_image":[{"width":1000,"height":1000,"url":"https:\/\/1dronas.lt\/wp-content\/uploads\/2026\/01\/tx800-3__29306.jpg","type":"image\/jpeg"}],"twitter_card":"summary_large_image","twitter_misc":{"Est. reading time":"2 minutes"},"schema":{"@context":"https:\/\/schema.org","@graph":[{"@type":"WebPage","@id":"https:\/\/1dronas.lt\/en\/produktas\/speedybee-tx800\/","url":"https:\/\/1dronas.lt\/en\/produktas\/speedybee-tx800\/","name":"SpeedyBee TX800 5.8GHz 800mW VTX - 1dronas.lt","isPartOf":{"@id":"https:\/\/1dronas.lt\/en\/#website"},"primaryImageOfPage":{"@id":"https:\/\/1dronas.lt\/en\/produktas\/speedybee-tx800\/#primaryimage"},"image":{"@id":"https:\/\/1dronas.lt\/en\/produktas\/speedybee-tx800\/#primaryimage"},"thumbnailUrl":"https:\/\/1dronas.lt\/wp-content\/uploads\/2026\/01\/tx800-3__29306.jpg","datePublished":"2026-01-25T16:42:38+00:00","dateModified":"2026-04-03T11:36:25+00:00","breadcrumb":{"@id":"https:\/\/1dronas.lt\/en\/produktas\/speedybee-tx800\/#breadcrumb"},"inLanguage":"en-US","potentialAction":[{"@type":"ReadAction","target":["https:\/\/1dronas.lt\/en\/produktas\/speedybee-tx800\/"]}]},{"@type":"ImageObject","inLanguage":"en-US","@id":"https:\/\/1dronas.lt\/en\/produktas\/speedybee-tx800\/#primaryimage","url":"https:\/\/1dronas.lt\/wp-content\/uploads\/2026\/01\/tx800-3__29306.jpg","contentUrl":"https:\/\/1dronas.lt\/wp-content\/uploads\/2026\/01\/tx800-3__29306.jpg","width":1000,"height":1000},{"@type":"BreadcrumbList","@id":"https:\/\/1dronas.lt\/en\/produktas\/speedybee-tx800\/#breadcrumb","itemListElement":[{"@type":"ListItem","position":1,"name":"Home","item":"https:\/\/1dronas.lt\/"},{"@type":"ListItem","position":2,"name":"Parduotuv\u0117","item":"https:\/\/1dronas.lt\/parduotuve\/"},{"@type":"ListItem","position":3,"name":"SpeedyBee TX800 5.8GHz 800mW VTX"}]},{"@type":"WebSite","@id":"https:\/\/1dronas.lt\/en\/#website","url":"https:\/\/1dronas.lt\/en\/","name":"1dronas.lt","description":"Online store","publisher":{"@id":"https:\/\/1dronas.lt\/en\/#organization"},"potentialAction":[{"@type":"SearchAction","target":{"@type":"EntryPoint","urlTemplate":"https:\/\/1dronas.lt\/en\/?s={search_term_string}"},"query-input":{"@type":"PropertyValueSpecification","valueRequired":true,"valueName":"search_term_string"}}],"inLanguage":"en-US"},{"@type":"Organization","@id":"https:\/\/1dronas.lt\/en\/#organization","name":"1dronas.lt","url":"https:\/\/1dronas.lt\/en\/","logo":{"@type":"ImageObject","inLanguage":"en-US","@id":"https:\/\/1dronas.lt\/en\/#\/schema\/logo\/image\/","url":"https:\/\/1dronas.lt\/wp-content\/uploads\/2020\/12\/Ekrano_kopija__2_-removebg-preview-1-1.png","contentUrl":"https:\/\/1dronas.lt\/wp-content\/uploads\/2020\/12\/Ekrano_kopija__2_-removebg-preview-1-1.png","width":234,"height":81,"caption":"1dronas.lt"},"image":{"@id":"https:\/\/1dronas.lt\/en\/#\/schema\/logo\/image\/"},"sameAs":["https:\/\/www.facebook.com\/1dronas\/"]}]}},"jetpack_sharing_enabled":true,"_links":{"self":[{"href":"https:\/\/1dronas.lt\/en\/wp-json\/wp\/v2\/product\/15859","targetHints":{"allow":["GET"]}}],"collection":[{"href":"https:\/\/1dronas.lt\/en\/wp-json\/wp\/v2\/product"}],"about":[{"href":"https:\/\/1dronas.lt\/en\/wp-json\/wp\/v2\/types\/product"}],"replies":[{"embeddable":true,"href":"https:\/\/1dronas.lt\/en\/wp-json\/wp\/v2\/comments?post=15859"}],"wp:featuredmedia":[{"embeddable":true,"href":"https:\/\/1dronas.lt\/en\/wp-json\/wp\/v2\/media\/15863"}],"wp:attachment":[{"href":"https:\/\/1dronas.lt\/en\/wp-json\/wp\/v2\/media?parent=15859"}],"wp:term":[{"taxonomy":"product_brand","embeddable":true,"href":"https:\/\/1dronas.lt\/en\/wp-json\/wp\/v2\/product_brand?post=15859"},{"taxonomy":"product_cat","embeddable":true,"href":"https:\/\/1dronas.lt\/en\/wp-json\/wp\/v2\/product_cat?post=15859"},{"taxonomy":"product_tag","embeddable":true,"href":"https:\/\/1dronas.lt\/en\/wp-json\/wp\/v2\/product_tag?post=15859"}],"curies":[{"name":"wp","href":"https:\/\/api.w.org\/{rel}","templated":true}]}}