{"id":15845,"date":"2026-01-25T15:38:11","date_gmt":"2026-01-25T13:38:11","guid":{"rendered":"https:\/\/1dronas.lt\/?post_type=product&#038;p=15845"},"modified":"2026-02-25T10:45:37","modified_gmt":"2026-02-25T08:45:37","slug":"speedybee-mario-5-xh-o4-pro-remas","status":"publish","type":"product","link":"https:\/\/1dronas.lt\/en\/produktas\/speedybee-mario-5-xh-o4-pro-remas\/","title":{"rendered":"SpeedyBee Mario 5 - XH O4 Pro Frame"},"content":{"rendered":"<p>Experience agile freestyle and smooth cinematic flight with the SpeedyBee Mario 5 XH O4 Frame Kit. Designed for the DJI O4 system, this 5-inch XH frame features a sturdy carbon fiber construction, smart wiring, and pro-grade compatibility, making it the perfect choice for pilots who strive for the ultimate.<\/p>\n<p><strong>Features:<\/strong><\/p>\n<p>\u2022 Supports DJI O4 system;<br \/>\n\u2022 Professional-level compatibility;<br \/>\n\u2022 Sturdy carbon fiber construction;<br \/>\n\u2022 Smart cable routing;<br \/>\n\u2022 XH frame construction;<br \/>\n\u2022 5 inch size.<\/p>\n<p><strong>Specification:<\/strong><\/p>\n<p>\u2022 Motor mounting: hole position \u03a68 mm, mounting distance 16\u201319 mm;<br data-start=\"71\" data-end=\"74\" \/>\u2022 Standoff material: 7075 aluminum (D5\u00d723 mm \/ D46\u00d722 mm);<br data-start=\"141\" data-end=\"144\" \/>\u2022 Weight: XH \u2013 126 \u00b15 g (without 3D printed parts), 167 \u00b15 g (with 3D parts);<br data-start=\"216\" data-end=\"219\" \/>\u2022 Supported camera size: 20 mm;<br data-start=\"250\" data-end=\"253\" \/>\u2022 Front head material: aviation aluminum alloy;<br data-start=\"307\" data-end=\"310\" \/>\u2022 Internal installation height: 23\u201331 mm;<br data-start=\"345\" data-end=\"348\" \/>\u2022 Battery tray: 3 mm silicone non-slip coating;<br data-start=\"401\" data-end=\"404\" \/>\u2022 GPS mount size: 18 \u00d7 18 \u00d7 7 mm;<br data-start=\"440\" data-end=\"443\" \/>\u2022 Propeller compatibility: up to 5.1 inches;<br data-start=\"482\" data-end=\"485\" \/>\u2022 Wheelbase (Mario 5 XH): 226 mm;<br data-start=\"515\" data-end=\"518\" \/>\u2022 Flight controller (FC) mounting: 30.5 \u00d7 30.5 mm (M3);<br data-start=\"574\" data-end=\"577\" \/>\u2022 VTX mounting: 20 \u00d7 20 mm (M2);<br data-start=\"609\" data-end=\"612\" \/>\u2022 Receiver location: 25 \u00d7 13 \u00d7 6 mm;<br data-start=\"640\" data-end=\"643\" \/>\u2022 Capacitor location: \u03a610 \u00d7 20 mm;<br data-start=\"677\" data-end=\"680\" \/>\u2022 Bottom plate: 2.5 mm (T300 3K carbon fiber);<br data-start=\"730\" data-end=\"733\" \/>\u2022 Middle plate: 2.0 mm (T300 3K);<br data-start=\"767\" data-end=\"770\" \/>\u2022 Top plate: 2.5 mm (T300 3K);<br data-start=\"805\" data-end=\"808\" \/>\u2022 3D printed parts: yellow TPU;<br data-start=\"842\" data-end=\"845\" \/>\u2022 Camera mounting screw: 7 mm;<br data-start=\"877\" data-end=\"880\" \/>\u2022 Arms: 6 mm (T300 3K carbon fiber).<\/p>\n<p><strong>Package:<\/strong><\/p>\n<p data-start=\"175\" data-end=\"288\">1x Top frame plate;<br data-start=\"201\" data-end=\"204\" \/>1x Middle frame plate;<br data-start=\"229\" data-end=\"232\" \/>1x Bottom frame plate;<br data-start=\"256\" data-end=\"259\" \/>2x Support frame plates;<br \/>\n2x Front Frame Arms;<br data-start=\"314\" data-end=\"317\" \/>2x Rear Frame Arms;<br \/>\n1x Left front head part;<br data-start=\"374\" data-end=\"377\" \/>1x Right front head part;<br \/>\n3x 22 mm aluminum spacers (D46);<br data-start=\"447\" data-end=\"450\" \/>6x 23 mm aluminum spacers (D5);<br \/>\n4x Engine protection pads;<br data-start=\"519\" data-end=\"522\" \/>1x Receiver protective cover;<br data-start=\"553\" data-end=\"556\" \/>1x 3 mm silicone non-slip battery pad;<br data-start=\"607\" data-end=\"610\" \/>2x Silicone camera holders;<br \/>\n1x XT60EW-M power connector;<br data-start=\"679\" data-end=\"682\" \/>1x SMA\/UFL antenna connector;<br data-start=\"711\" data-end=\"714\" \/>2x RGB LED strips;<br \/>\n1x 250 mm battery strap.<\/p>\n<p data-start=\"175\" data-end=\"288\"><strong data-start=\"780\" data-end=\"810\">3D printed (TPU) parts<\/strong><\/p>\n<p data-start=\"812\" data-end=\"947\">1x GoPro mount;<br data-start=\"831\" data-end=\"834\" \/>1x XT60 \/ SMA antenna holder;<br data-start=\"866\" data-end=\"869\" \/>1x Receiver holder;<br data-start=\"889\" data-end=\"892\" \/>1x CNC module holder;<br data-start=\"917\" data-end=\"920\" \/>1x DJI antenna holder.<\/p>\n<p data-start=\"812\" data-end=\"947\"><strong data-start=\"957\" data-end=\"980\">CNC Aluminum Parts<\/strong><\/p>\n<p data-start=\"982\" data-end=\"1119\">1x DJI O4 cooling plate left;<br data-start=\"1015\" data-end=\"1018\" \/>1x DJI O4 cooling plate right;<br data-start=\"1052\" data-end=\"1055\" \/>1x Left air intake part;<br data-start=\"1084\" data-end=\"1087\" \/>1x Right air intake part.<\/p>\n<p data-start=\"982\" data-end=\"1119\"><strong data-start=\"1129\" data-end=\"1155\">Guards and holders<\/strong><\/p>\n<p data-start=\"1157\" data-end=\"1342\">4x Motor cable protection tubes (40 mm);<br data-start=\"1206\" data-end=\"1209\" \/>1x Stack side panel set (left + right);<br data-start=\"1263\" data-end=\"1266\" \/>1x Stack side panel left (PC);<br data-start=\"1301\" data-end=\"1304\" \/>1x Stack side panel right (PC).<\/p>\n<p data-start=\"1157\" data-end=\"1342\"><strong data-start=\"1352\" data-end=\"1385\">Screws and fasteners<\/strong><\/p>\n<p data-start=\"1387\" data-end=\"1480\">4x M3\u00d716mm screws;<br data-start=\"1407\" data-end=\"1410\" \/>4x M3\u00d725mm screws;<br data-start=\"1430\" data-end=\"1433\" \/>1x M5\u00d722mm screw;<br data-start=\"1453\" data-end=\"1456\" \/>1x M5 metal nut;<br \/>\n4x M2\u00d710 mm hex screws;<br data-start=\"1517\" data-end=\"1520\" \/>4x M2\u00d74mm screws;<br data-start=\"1539\" data-end=\"1542\" \/>6x M2\u00d77mm screws;<br \/>\n14x M3\u00d76mm screws;<br data-start=\"1585\" data-end=\"1588\" \/>8x M3\u00d712mm screws;<br data-start=\"1608\" data-end=\"1611\" \/>4x M1.6\u00d78 mm hex screws.<\/p>","protected":false},"excerpt":{"rendered":"<p><span style=\"color: #000000;\">This 5-inch XH frame features a sturdy carbon fiber construction, smart cable routing, and pro-grade compatibility.<\/span><\/p>\n<p><span style=\"color: #000000;\"><strong><img loading=\"lazy\" decoding=\"async\" class=\"alignnone wp-image-1806\" src=\"https:\/\/1dronas.lt\/wp-content\/uploads\/2021\/05\/delivery-icon.png\" alt=\"\" width=\"24\" height=\"24\" srcset=\"https:\/\/1dronas.lt\/wp-content\/uploads\/2021\/05\/delivery-icon.png 35w, https:\/\/1dronas.lt\/wp-content\/uploads\/2021\/05\/delivery-icon-12x12.png 12w\" sizes=\"auto, (max-width: 24px) 100vw, 24px\" \/>\u00a0 1 \u2013 2 days<\/strong><\/span><\/p>","protected":false},"featured_media":15839,"comment_status":"open","ping_status":"closed","template":"","meta":[],"product_brand":[638],"product_cat":[688],"product_tag":[493,1143,248,1078,1145],"class_list":{"0":"post-15845","1":"product","2":"type-product","3":"status-publish","4":"has-post-thumbnail","6":"product_brand-speedybee","7":"product_cat-5-coliu-remai","8":"product_tag-dji-o4-air-unit-pro","9":"product_tag-mario-5","10":"product_tag-remas","11":"product_tag-speedybee","12":"product_tag-xh","14":"first","15":"outofstock","16":"taxable","17":"shipping-taxable","18":"purchasable","19":"product-type-simple"},"yoast_head":"<!-- This site is optimized with the Yoast SEO plugin v27.3 - https:\/\/yoast.com\/product\/yoast-seo-wordpress\/ -->\n<title>SpeedyBee Mario 5 - XH O4 Pro r\u0117mas - 1dronas.lt<\/title>\n<meta name=\"robots\" content=\"index, follow, max-snippet:-1, max-image-preview:large, max-video-preview:-1\" \/>\n<link rel=\"canonical\" href=\"https:\/\/1dronas.lt\/en\/produktas\/speedybee-mario-5-xh-o4-pro-remas\/\" \/>\n<meta property=\"og:locale\" content=\"en_US\" \/>\n<meta property=\"og:type\" content=\"article\" \/>\n<meta property=\"og:title\" content=\"SpeedyBee Mario 5 - XH O4 Pro r\u0117mas - 1dronas.lt\" \/>\n<meta property=\"og:description\" content=\"\u0160is 5 coli\u0173 XH tipo r\u0117mas pasi\u017eymi tvirta anglies pluo\u0161to konstrukcija, i\u0161maniu laid\u0173 i\u0161vedimu ir profesionalaus lygio suderinamumu.  \u00a0 1 \u2013 2 d. d.\" \/>\n<meta property=\"og:url\" content=\"https:\/\/1dronas.lt\/en\/produktas\/speedybee-mario-5-xh-o4-pro-remas\/\" \/>\n<meta property=\"og:site_name\" content=\"1dronas.lt\" \/>\n<meta property=\"article:publisher\" content=\"https:\/\/www.facebook.com\/1dronas\/\" \/>\n<meta property=\"article:modified_time\" content=\"2026-02-25T08:45:37+00:00\" \/>\n<meta property=\"og:image\" content=\"https:\/\/1dronas.lt\/wp-content\/uploads\/2026\/01\/Mario5dc-2.jpg\" \/>\n\t<meta property=\"og:image:width\" content=\"1000\" \/>\n\t<meta property=\"og:image:height\" content=\"1000\" \/>\n\t<meta property=\"og:image:type\" content=\"image\/jpeg\" \/>\n<meta name=\"twitter:card\" content=\"summary_large_image\" \/>\n<meta name=\"twitter:label1\" content=\"Est. reading time\" \/>\n\t<meta name=\"twitter:data1\" content=\"3 minutes\" \/>\n<script type=\"application\/ld+json\" class=\"yoast-schema-graph\">{\"@context\":\"https:\\\/\\\/schema.org\",\"@graph\":[{\"@type\":\"WebPage\",\"@id\":\"https:\\\/\\\/1dronas.lt\\\/en\\\/produktas\\\/speedybee-mario-5-xh-o4-pro-remas\\\/\",\"url\":\"https:\\\/\\\/1dronas.lt\\\/en\\\/produktas\\\/speedybee-mario-5-xh-o4-pro-remas\\\/\",\"name\":\"SpeedyBee Mario 5 - XH O4 Pro r\u0117mas - 1dronas.lt\",\"isPartOf\":{\"@id\":\"https:\\\/\\\/1dronas.lt\\\/en\\\/#website\"},\"primaryImageOfPage\":{\"@id\":\"https:\\\/\\\/1dronas.lt\\\/en\\\/produktas\\\/speedybee-mario-5-xh-o4-pro-remas\\\/#primaryimage\"},\"image\":{\"@id\":\"https:\\\/\\\/1dronas.lt\\\/en\\\/produktas\\\/speedybee-mario-5-xh-o4-pro-remas\\\/#primaryimage\"},\"thumbnailUrl\":\"https:\\\/\\\/1dronas.lt\\\/wp-content\\\/uploads\\\/2026\\\/01\\\/Mario5dc-2.jpg\",\"datePublished\":\"2026-01-25T13:38:11+00:00\",\"dateModified\":\"2026-02-25T08:45:37+00:00\",\"breadcrumb\":{\"@id\":\"https:\\\/\\\/1dronas.lt\\\/en\\\/produktas\\\/speedybee-mario-5-xh-o4-pro-remas\\\/#breadcrumb\"},\"inLanguage\":\"en-US\",\"potentialAction\":[{\"@type\":\"ReadAction\",\"target\":[\"https:\\\/\\\/1dronas.lt\\\/en\\\/produktas\\\/speedybee-mario-5-xh-o4-pro-remas\\\/\"]}]},{\"@type\":\"ImageObject\",\"inLanguage\":\"en-US\",\"@id\":\"https:\\\/\\\/1dronas.lt\\\/en\\\/produktas\\\/speedybee-mario-5-xh-o4-pro-remas\\\/#primaryimage\",\"url\":\"https:\\\/\\\/1dronas.lt\\\/wp-content\\\/uploads\\\/2026\\\/01\\\/Mario5dc-2.jpg\",\"contentUrl\":\"https:\\\/\\\/1dronas.lt\\\/wp-content\\\/uploads\\\/2026\\\/01\\\/Mario5dc-2.jpg\",\"width\":1000,\"height\":1000},{\"@type\":\"BreadcrumbList\",\"@id\":\"https:\\\/\\\/1dronas.lt\\\/en\\\/produktas\\\/speedybee-mario-5-xh-o4-pro-remas\\\/#breadcrumb\",\"itemListElement\":[{\"@type\":\"ListItem\",\"position\":1,\"name\":\"Home\",\"item\":\"https:\\\/\\\/1dronas.lt\\\/\"},{\"@type\":\"ListItem\",\"position\":2,\"name\":\"Parduotuv\u0117\",\"item\":\"https:\\\/\\\/1dronas.lt\\\/parduotuve\\\/\"},{\"@type\":\"ListItem\",\"position\":3,\"name\":\"SpeedyBee Mario 5 &#8211; XH O4 Pro r\u0117mas\"}]},{\"@type\":\"WebSite\",\"@id\":\"https:\\\/\\\/1dronas.lt\\\/en\\\/#website\",\"url\":\"https:\\\/\\\/1dronas.lt\\\/en\\\/\",\"name\":\"1dronas.lt\",\"description\":\"Internetin\u0117 parduotuv\u0117\",\"publisher\":{\"@id\":\"https:\\\/\\\/1dronas.lt\\\/en\\\/#organization\"},\"potentialAction\":[{\"@type\":\"SearchAction\",\"target\":{\"@type\":\"EntryPoint\",\"urlTemplate\":\"https:\\\/\\\/1dronas.lt\\\/en\\\/?s={search_term_string}\"},\"query-input\":{\"@type\":\"PropertyValueSpecification\",\"valueRequired\":true,\"valueName\":\"search_term_string\"}}],\"inLanguage\":\"en-US\"},{\"@type\":\"Organization\",\"@id\":\"https:\\\/\\\/1dronas.lt\\\/en\\\/#organization\",\"name\":\"1dronas.lt\",\"url\":\"https:\\\/\\\/1dronas.lt\\\/en\\\/\",\"logo\":{\"@type\":\"ImageObject\",\"inLanguage\":\"en-US\",\"@id\":\"https:\\\/\\\/1dronas.lt\\\/en\\\/#\\\/schema\\\/logo\\\/image\\\/\",\"url\":\"https:\\\/\\\/1dronas.lt\\\/wp-content\\\/uploads\\\/2020\\\/12\\\/Ekrano_kopija__2_-removebg-preview-1-1.png\",\"contentUrl\":\"https:\\\/\\\/1dronas.lt\\\/wp-content\\\/uploads\\\/2020\\\/12\\\/Ekrano_kopija__2_-removebg-preview-1-1.png\",\"width\":234,\"height\":81,\"caption\":\"1dronas.lt\"},\"image\":{\"@id\":\"https:\\\/\\\/1dronas.lt\\\/en\\\/#\\\/schema\\\/logo\\\/image\\\/\"},\"sameAs\":[\"https:\\\/\\\/www.facebook.com\\\/1dronas\\\/\"]}]}<\/script>\n<!-- \/ Yoast SEO plugin. -->","yoast_head_json":{"title":"SpeedyBee Mario 5 - XH O4 Pro r\u0117mas - 1dronas.lt","robots":{"index":"index","follow":"follow","max-snippet":"max-snippet:-1","max-image-preview":"max-image-preview:large","max-video-preview":"max-video-preview:-1"},"canonical":"https:\/\/1dronas.lt\/en\/produktas\/speedybee-mario-5-xh-o4-pro-remas\/","og_locale":"en_US","og_type":"article","og_title":"SpeedyBee Mario 5 - XH O4 Pro r\u0117mas - 1dronas.lt","og_description":"\u0160is 5 coli\u0173 XH tipo r\u0117mas pasi\u017eymi tvirta anglies pluo\u0161to konstrukcija, i\u0161maniu laid\u0173 i\u0161vedimu ir profesionalaus lygio suderinamumu.  \u00a0 1 \u2013 2 d. d.","og_url":"https:\/\/1dronas.lt\/en\/produktas\/speedybee-mario-5-xh-o4-pro-remas\/","og_site_name":"1dronas.lt","article_publisher":"https:\/\/www.facebook.com\/1dronas\/","article_modified_time":"2026-02-25T08:45:37+00:00","og_image":[{"width":1000,"height":1000,"url":"https:\/\/1dronas.lt\/wp-content\/uploads\/2026\/01\/Mario5dc-2.jpg","type":"image\/jpeg"}],"twitter_card":"summary_large_image","twitter_misc":{"Est. reading time":"3 minutes"},"schema":{"@context":"https:\/\/schema.org","@graph":[{"@type":"WebPage","@id":"https:\/\/1dronas.lt\/en\/produktas\/speedybee-mario-5-xh-o4-pro-remas\/","url":"https:\/\/1dronas.lt\/en\/produktas\/speedybee-mario-5-xh-o4-pro-remas\/","name":"SpeedyBee Mario 5 - XH O4 Pro r\u0117mas - 1dronas.lt","isPartOf":{"@id":"https:\/\/1dronas.lt\/en\/#website"},"primaryImageOfPage":{"@id":"https:\/\/1dronas.lt\/en\/produktas\/speedybee-mario-5-xh-o4-pro-remas\/#primaryimage"},"image":{"@id":"https:\/\/1dronas.lt\/en\/produktas\/speedybee-mario-5-xh-o4-pro-remas\/#primaryimage"},"thumbnailUrl":"https:\/\/1dronas.lt\/wp-content\/uploads\/2026\/01\/Mario5dc-2.jpg","datePublished":"2026-01-25T13:38:11+00:00","dateModified":"2026-02-25T08:45:37+00:00","breadcrumb":{"@id":"https:\/\/1dronas.lt\/en\/produktas\/speedybee-mario-5-xh-o4-pro-remas\/#breadcrumb"},"inLanguage":"en-US","potentialAction":[{"@type":"ReadAction","target":["https:\/\/1dronas.lt\/en\/produktas\/speedybee-mario-5-xh-o4-pro-remas\/"]}]},{"@type":"ImageObject","inLanguage":"en-US","@id":"https:\/\/1dronas.lt\/en\/produktas\/speedybee-mario-5-xh-o4-pro-remas\/#primaryimage","url":"https:\/\/1dronas.lt\/wp-content\/uploads\/2026\/01\/Mario5dc-2.jpg","contentUrl":"https:\/\/1dronas.lt\/wp-content\/uploads\/2026\/01\/Mario5dc-2.jpg","width":1000,"height":1000},{"@type":"BreadcrumbList","@id":"https:\/\/1dronas.lt\/en\/produktas\/speedybee-mario-5-xh-o4-pro-remas\/#breadcrumb","itemListElement":[{"@type":"ListItem","position":1,"name":"Home","item":"https:\/\/1dronas.lt\/"},{"@type":"ListItem","position":2,"name":"Parduotuv\u0117","item":"https:\/\/1dronas.lt\/parduotuve\/"},{"@type":"ListItem","position":3,"name":"SpeedyBee Mario 5 &#8211; XH O4 Pro r\u0117mas"}]},{"@type":"WebSite","@id":"https:\/\/1dronas.lt\/en\/#website","url":"https:\/\/1dronas.lt\/en\/","name":"1dronas.lt","description":"Online store","publisher":{"@id":"https:\/\/1dronas.lt\/en\/#organization"},"potentialAction":[{"@type":"SearchAction","target":{"@type":"EntryPoint","urlTemplate":"https:\/\/1dronas.lt\/en\/?s={search_term_string}"},"query-input":{"@type":"PropertyValueSpecification","valueRequired":true,"valueName":"search_term_string"}}],"inLanguage":"en-US"},{"@type":"Organization","@id":"https:\/\/1dronas.lt\/en\/#organization","name":"1dronas.lt","url":"https:\/\/1dronas.lt\/en\/","logo":{"@type":"ImageObject","inLanguage":"en-US","@id":"https:\/\/1dronas.lt\/en\/#\/schema\/logo\/image\/","url":"https:\/\/1dronas.lt\/wp-content\/uploads\/2020\/12\/Ekrano_kopija__2_-removebg-preview-1-1.png","contentUrl":"https:\/\/1dronas.lt\/wp-content\/uploads\/2020\/12\/Ekrano_kopija__2_-removebg-preview-1-1.png","width":234,"height":81,"caption":"1dronas.lt"},"image":{"@id":"https:\/\/1dronas.lt\/en\/#\/schema\/logo\/image\/"},"sameAs":["https:\/\/www.facebook.com\/1dronas\/"]}]}},"jetpack_sharing_enabled":true,"_links":{"self":[{"href":"https:\/\/1dronas.lt\/en\/wp-json\/wp\/v2\/product\/15845","targetHints":{"allow":["GET"]}}],"collection":[{"href":"https:\/\/1dronas.lt\/en\/wp-json\/wp\/v2\/product"}],"about":[{"href":"https:\/\/1dronas.lt\/en\/wp-json\/wp\/v2\/types\/product"}],"replies":[{"embeddable":true,"href":"https:\/\/1dronas.lt\/en\/wp-json\/wp\/v2\/comments?post=15845"}],"wp:featuredmedia":[{"embeddable":true,"href":"https:\/\/1dronas.lt\/en\/wp-json\/wp\/v2\/media\/15839"}],"wp:attachment":[{"href":"https:\/\/1dronas.lt\/en\/wp-json\/wp\/v2\/media?parent=15845"}],"wp:term":[{"taxonomy":"product_brand","embeddable":true,"href":"https:\/\/1dronas.lt\/en\/wp-json\/wp\/v2\/product_brand?post=15845"},{"taxonomy":"product_cat","embeddable":true,"href":"https:\/\/1dronas.lt\/en\/wp-json\/wp\/v2\/product_cat?post=15845"},{"taxonomy":"product_tag","embeddable":true,"href":"https:\/\/1dronas.lt\/en\/wp-json\/wp\/v2\/product_tag?post=15845"}],"curies":[{"name":"wp","href":"https:\/\/api.w.org\/{rel}","templated":true}]}}