{"id":15840,"date":"2026-01-25T14:16:42","date_gmt":"2026-01-25T12:16:42","guid":{"rendered":"https:\/\/1dronas.lt\/?post_type=product&#038;p=15840"},"modified":"2026-01-25T16:49:32","modified_gmt":"2026-01-25T14:49:32","slug":"speedybee-mario-5-dc-o4-advanced-remas","status":"publish","type":"product","link":"https:\/\/1dronas.lt\/en\/produktas\/speedybee-mario-5-dc-o4-advanced-remas\/","title":{"rendered":"SpeedyBee Mario 5 \u2013 DC O4 Advanced frame"},"content":{"rendered":"<p>Experience agile freestyle and smooth cinematic flight with the SpeedyBee Mario 5 DC O4 Frame Kit. Designed for the DJI O4 system, this 5-inch DC frame features a sturdy carbon fiber construction, smart wiring, and pro-grade compatibility, making it the perfect choice for pilots who strive for the ultimate.<\/p>\n<p><strong>Features:<\/strong><\/p>\n<p>\u2022 Supports DJI O4 system;<br \/>\n\u2022 Professional-level compatibility;<br \/>\n\u2022 Sturdy carbon fiber construction;<br \/>\n\u2022 Smart cable routing;<br \/>\n\u2022 DC frame construction;<br \/>\n\u2022 5 inch size.<\/p>\n<p><strong>Specification:<\/strong><\/p>\n<p>\u2022 Motor mounting: hole position \u03a68 mm, mounting distance 16\u201319 mm;<br data-start=\"71\" data-end=\"74\" \/>\u2022 Standoff material: 7075 aluminum (D5\u00d723 mm \/ D46\u00d722 mm);<br data-start=\"141\" data-end=\"144\" \/>\u2022 Weight: DC \u2013 129 \u00b15 g (without 3D printed parts), 170 \u00b15 g (with 3D parts);<br data-start=\"216\" data-end=\"219\" \/>\u2022 Supported camera size: 20 mm;<br data-start=\"250\" data-end=\"253\" \/>\u2022 Front head material: aviation aluminum alloy;<br data-start=\"307\" data-end=\"310\" \/>\u2022 Internal installation height: 23\u201331 mm;<br data-start=\"345\" data-end=\"348\" \/>\u2022 Battery tray: 3 mm silicone non-slip coating;<br data-start=\"401\" data-end=\"404\" \/>\u2022 GPS mount size: 18 \u00d7 18 \u00d7 7 mm;<br data-start=\"440\" data-end=\"443\" \/>\u2022 Propeller compatibility: up to 5.1 inches;<br data-start=\"482\" data-end=\"485\" \/>\u2022 Wheelbase (Mario 5 DC): 227 mm;<br data-start=\"515\" data-end=\"518\" \/>\u2022 Flight controller (FC) mounting: 30.5 \u00d7 30.5 mm (M3);<br data-start=\"574\" data-end=\"577\" \/>\u2022 VTX mounting: 20 \u00d7 20 mm (M2);<br data-start=\"609\" data-end=\"612\" \/>\u2022 Receiver location: 25 \u00d7 13 \u00d7 6 mm;<br data-start=\"640\" data-end=\"643\" \/>\u2022 Capacitor location: \u03a610 \u00d7 20 mm;<br data-start=\"677\" data-end=\"680\" \/>\u2022 Bottom plate: 2.5 mm (T300 3K carbon fiber);<br data-start=\"730\" data-end=\"733\" \/>\u2022 Middle plate: 2.0 mm (T300 3K);<br data-start=\"767\" data-end=\"770\" \/>\u2022 Top plate: 2.5 mm (T300 3K);<br data-start=\"805\" data-end=\"808\" \/>\u2022 3D printed parts: yellow TPU;<br data-start=\"842\" data-end=\"845\" \/>\u2022 Camera mounting screw: 7 mm;<br data-start=\"877\" data-end=\"880\" \/>\u2022 Arms: 6 mm (T300 3K carbon fiber).<\/p>\n<p><strong>Package:<\/strong><\/p>\n<p data-start=\"168\" data-end=\"731\">1x Top frame plate;<br data-start=\"194\" data-end=\"197\" \/>1x Middle frame plate;<br data-start=\"222\" data-end=\"225\" \/>1x Bottom frame plate;<br data-start=\"249\" data-end=\"252\" \/>2x Support frame plates;<br data-start=\"279\" data-end=\"282\" \/>2x Front frame arms;<br data-start=\"306\" data-end=\"309\" \/>2x Rear frame arms;<br data-start=\"331\" data-end=\"334\" \/>1x Left front part of the head;<br data-start=\"365\" data-end=\"368\" \/>1x Right front part of the head;<br data-start=\"400\" data-end=\"403\" \/>4x Engine protection pads;<br data-start=\"435\" data-end=\"438\" \/>1x Receiver protective cover;<br data-start=\"469\" data-end=\"472\" \/>1x 3 mm silicone non-slip battery pad;<br data-start=\"523\" data-end=\"526\" \/>2x Silicone camera holders;<br data-start=\"561\" data-end=\"564\" \/>3x 22 mm aluminum spacers (D46);<br data-start=\"598\" data-end=\"601\" \/>6x 23 mm aluminum spacers (D5);<br data-start=\"634\" data-end=\"637\" \/>1x XT60EW-M power connector;<br data-start=\"667\" data-end=\"670\" \/>1x SMA\/UFL antenna connector;<br data-start=\"699\" data-end=\"702\" \/>1x 250 mm battery strap.<\/p>\n<p data-start=\"168\" data-end=\"731\"><strong data-start=\"741\" data-end=\"771\">3D printed (TPU) parts<\/strong><\/p>\n<p data-start=\"773\" data-end=\"878\">1x GoPro mount;<br data-start=\"792\" data-end=\"795\" \/>1x XT60 \/ SMA antenna holder;<br data-start=\"827\" data-end=\"830\" \/>1x Receiver holder;<br data-start=\"850\" data-end=\"853\" \/>1x CNC module holder.<\/p>\n<p data-start=\"773\" data-end=\"878\"><strong data-start=\"888\" data-end=\"911\">CNC Aluminum Parts<\/strong><\/p>\n<p data-start=\"913\" data-end=\"975\">1x Left air intake part;<br data-start=\"942\" data-end=\"945\" \/>1x Right air intake part.<\/p>\n<p data-start=\"913\" data-end=\"975\"><strong data-start=\"985\" data-end=\"1018\">Screws and fasteners<\/strong><\/p>\n<p data-start=\"1020\" data-end=\"1278\">4x M3\u00d716mm screws;<br data-start=\"1040\" data-end=\"1043\" \/>4x M3\u00d725mm screws;<br data-start=\"1063\" data-end=\"1066\" \/>1x M5\u00d722mm screw;<br data-start=\"1086\" data-end=\"1089\" \/>1x M5 metal nut;<br data-start=\"1111\" data-end=\"1114\" \/>4x M2\u00d710 mm hex screws;<br data-start=\"1149\" data-end=\"1152\" \/>4x M2\u00d74mm screws;<br data-start=\"1171\" data-end=\"1174\" \/>6x M2\u00d77mm screws;<br data-start=\"1193\" data-end=\"1196\" \/>14x M3\u00d76mm screws;<br data-start=\"1216\" data-end=\"1219\" \/>8x M3\u00d712mm screws;<br data-start=\"1239\" data-end=\"1242\" \/>4x M1.6\u00d78 mm hex screws.<\/p>","protected":false},"excerpt":{"rendered":"<p><span style=\"color: #000000;\">This 5-inch DC frame features a sturdy carbon fiber construction, smart cable routing, and pro-grade compatibility.<\/span><\/p>\n<p><span style=\"color: #000000;\"><strong><img loading=\"lazy\" decoding=\"async\" class=\"alignnone wp-image-1806\" src=\"https:\/\/1dronas.lt\/wp-content\/uploads\/2021\/05\/delivery-icon.png\" alt=\"\" width=\"24\" height=\"24\" srcset=\"https:\/\/1dronas.lt\/wp-content\/uploads\/2021\/05\/delivery-icon.png 35w, https:\/\/1dronas.lt\/wp-content\/uploads\/2021\/05\/delivery-icon-12x12.png 12w\" sizes=\"auto, (max-width: 24px) 100vw, 24px\" \/>\u00a0 1 \u2013 2 days<\/strong><\/span><\/p>","protected":false},"featured_media":15843,"comment_status":"open","ping_status":"closed","template":"","meta":[],"product_brand":[638],"product_cat":[688],"product_tag":[1144,600,493,1143,248,1078],"class_list":{"0":"post-15840","1":"product","2":"type-product","3":"status-publish","4":"has-post-thumbnail","6":"product_brand-speedybee","7":"product_cat-5-coliu-remai","8":"product_tag-advanced","9":"product_tag-dc","10":"product_tag-dji-o4-air-unit-pro","11":"product_tag-mario-5","12":"product_tag-remas","13":"product_tag-speedybee","15":"first","16":"instock","17":"taxable","18":"shipping-taxable","19":"purchasable","20":"product-type-simple"},"yoast_head":"<!-- This site is optimized with the Yoast SEO plugin v27.5 - https:\/\/yoast.com\/product\/yoast-seo-wordpress\/ -->\n<title>SpeedyBee Mario 5 - DC O4 Advanced r\u0117mas - 1dronas.lt<\/title>\n<meta name=\"robots\" content=\"index, follow, max-snippet:-1, max-image-preview:large, max-video-preview:-1\" \/>\n<link rel=\"canonical\" href=\"https:\/\/1dronas.lt\/en\/produktas\/speedybee-mario-5-dc-o4-advanced-remas\/\" \/>\n<meta property=\"og:locale\" content=\"en_US\" \/>\n<meta property=\"og:type\" content=\"article\" \/>\n<meta property=\"og:title\" content=\"SpeedyBee Mario 5 - DC O4 Advanced r\u0117mas - 1dronas.lt\" \/>\n<meta property=\"og:description\" content=\"\u0160is 5 coli\u0173 DC tipo r\u0117mas pasi\u017eymi tvirta anglies pluo\u0161to konstrukcija, i\u0161maniu laid\u0173 i\u0161vedimu ir profesionalaus lygio suderinamumu.  \u00a0 1 \u2013 2 d. d.\" \/>\n<meta property=\"og:url\" content=\"https:\/\/1dronas.lt\/en\/produktas\/speedybee-mario-5-dc-o4-advanced-remas\/\" \/>\n<meta property=\"og:site_name\" content=\"1dronas.lt\" \/>\n<meta property=\"article:publisher\" content=\"https:\/\/www.facebook.com\/1dronas\/\" \/>\n<meta property=\"article:modified_time\" content=\"2026-01-25T14:49:32+00:00\" \/>\n<meta property=\"og:image\" content=\"https:\/\/1dronas.lt\/wp-content\/uploads\/2026\/01\/Mario5AD.png\" \/>\n\t<meta property=\"og:image:width\" content=\"1280\" \/>\n\t<meta property=\"og:image:height\" content=\"1280\" \/>\n\t<meta property=\"og:image:type\" content=\"image\/png\" \/>\n<meta name=\"twitter:card\" content=\"summary_large_image\" \/>\n<meta name=\"twitter:label1\" content=\"Est. reading time\" \/>\n\t<meta name=\"twitter:data1\" content=\"3 minutes\" \/>\n<script type=\"application\/ld+json\" class=\"yoast-schema-graph\">{\"@context\":\"https:\\\/\\\/schema.org\",\"@graph\":[{\"@type\":\"WebPage\",\"@id\":\"https:\\\/\\\/1dronas.lt\\\/en\\\/produktas\\\/speedybee-mario-5-dc-o4-advanced-remas\\\/\",\"url\":\"https:\\\/\\\/1dronas.lt\\\/en\\\/produktas\\\/speedybee-mario-5-dc-o4-advanced-remas\\\/\",\"name\":\"SpeedyBee Mario 5 - DC O4 Advanced r\u0117mas - 1dronas.lt\",\"isPartOf\":{\"@id\":\"https:\\\/\\\/1dronas.lt\\\/en\\\/#website\"},\"primaryImageOfPage\":{\"@id\":\"https:\\\/\\\/1dronas.lt\\\/en\\\/produktas\\\/speedybee-mario-5-dc-o4-advanced-remas\\\/#primaryimage\"},\"image\":{\"@id\":\"https:\\\/\\\/1dronas.lt\\\/en\\\/produktas\\\/speedybee-mario-5-dc-o4-advanced-remas\\\/#primaryimage\"},\"thumbnailUrl\":\"https:\\\/\\\/1dronas.lt\\\/wp-content\\\/uploads\\\/2026\\\/01\\\/Mario5AD.png\",\"datePublished\":\"2026-01-25T12:16:42+00:00\",\"dateModified\":\"2026-01-25T14:49:32+00:00\",\"breadcrumb\":{\"@id\":\"https:\\\/\\\/1dronas.lt\\\/en\\\/produktas\\\/speedybee-mario-5-dc-o4-advanced-remas\\\/#breadcrumb\"},\"inLanguage\":\"en-US\",\"potentialAction\":[{\"@type\":\"ReadAction\",\"target\":[\"https:\\\/\\\/1dronas.lt\\\/en\\\/produktas\\\/speedybee-mario-5-dc-o4-advanced-remas\\\/\"]}]},{\"@type\":\"ImageObject\",\"inLanguage\":\"en-US\",\"@id\":\"https:\\\/\\\/1dronas.lt\\\/en\\\/produktas\\\/speedybee-mario-5-dc-o4-advanced-remas\\\/#primaryimage\",\"url\":\"https:\\\/\\\/1dronas.lt\\\/wp-content\\\/uploads\\\/2026\\\/01\\\/Mario5AD.png\",\"contentUrl\":\"https:\\\/\\\/1dronas.lt\\\/wp-content\\\/uploads\\\/2026\\\/01\\\/Mario5AD.png\",\"width\":1280,\"height\":1280},{\"@type\":\"BreadcrumbList\",\"@id\":\"https:\\\/\\\/1dronas.lt\\\/en\\\/produktas\\\/speedybee-mario-5-dc-o4-advanced-remas\\\/#breadcrumb\",\"itemListElement\":[{\"@type\":\"ListItem\",\"position\":1,\"name\":\"Home\",\"item\":\"https:\\\/\\\/1dronas.lt\\\/\"},{\"@type\":\"ListItem\",\"position\":2,\"name\":\"Parduotuv\u0117\",\"item\":\"https:\\\/\\\/1dronas.lt\\\/parduotuve\\\/\"},{\"@type\":\"ListItem\",\"position\":3,\"name\":\"SpeedyBee Mario 5 &#8211; DC O4 Advanced r\u0117mas\"}]},{\"@type\":\"WebSite\",\"@id\":\"https:\\\/\\\/1dronas.lt\\\/en\\\/#website\",\"url\":\"https:\\\/\\\/1dronas.lt\\\/en\\\/\",\"name\":\"1dronas.lt\",\"description\":\"Internetin\u0117 parduotuv\u0117\",\"publisher\":{\"@id\":\"https:\\\/\\\/1dronas.lt\\\/en\\\/#organization\"},\"potentialAction\":[{\"@type\":\"SearchAction\",\"target\":{\"@type\":\"EntryPoint\",\"urlTemplate\":\"https:\\\/\\\/1dronas.lt\\\/en\\\/?s={search_term_string}\"},\"query-input\":{\"@type\":\"PropertyValueSpecification\",\"valueRequired\":true,\"valueName\":\"search_term_string\"}}],\"inLanguage\":\"en-US\"},{\"@type\":\"Organization\",\"@id\":\"https:\\\/\\\/1dronas.lt\\\/en\\\/#organization\",\"name\":\"1dronas.lt\",\"url\":\"https:\\\/\\\/1dronas.lt\\\/en\\\/\",\"logo\":{\"@type\":\"ImageObject\",\"inLanguage\":\"en-US\",\"@id\":\"https:\\\/\\\/1dronas.lt\\\/en\\\/#\\\/schema\\\/logo\\\/image\\\/\",\"url\":\"https:\\\/\\\/1dronas.lt\\\/wp-content\\\/uploads\\\/2020\\\/12\\\/Ekrano_kopija__2_-removebg-preview-1-1.png\",\"contentUrl\":\"https:\\\/\\\/1dronas.lt\\\/wp-content\\\/uploads\\\/2020\\\/12\\\/Ekrano_kopija__2_-removebg-preview-1-1.png\",\"width\":234,\"height\":81,\"caption\":\"1dronas.lt\"},\"image\":{\"@id\":\"https:\\\/\\\/1dronas.lt\\\/en\\\/#\\\/schema\\\/logo\\\/image\\\/\"},\"sameAs\":[\"https:\\\/\\\/www.facebook.com\\\/1dronas\\\/\"]}]}<\/script>\n<!-- \/ Yoast SEO plugin. -->","yoast_head_json":{"title":"SpeedyBee Mario 5 - DC O4 Advanced r\u0117mas - 1dronas.lt","robots":{"index":"index","follow":"follow","max-snippet":"max-snippet:-1","max-image-preview":"max-image-preview:large","max-video-preview":"max-video-preview:-1"},"canonical":"https:\/\/1dronas.lt\/en\/produktas\/speedybee-mario-5-dc-o4-advanced-remas\/","og_locale":"en_US","og_type":"article","og_title":"SpeedyBee Mario 5 - DC O4 Advanced r\u0117mas - 1dronas.lt","og_description":"\u0160is 5 coli\u0173 DC tipo r\u0117mas pasi\u017eymi tvirta anglies pluo\u0161to konstrukcija, i\u0161maniu laid\u0173 i\u0161vedimu ir profesionalaus lygio suderinamumu.  \u00a0 1 \u2013 2 d. d.","og_url":"https:\/\/1dronas.lt\/en\/produktas\/speedybee-mario-5-dc-o4-advanced-remas\/","og_site_name":"1dronas.lt","article_publisher":"https:\/\/www.facebook.com\/1dronas\/","article_modified_time":"2026-01-25T14:49:32+00:00","og_image":[{"width":1280,"height":1280,"url":"https:\/\/1dronas.lt\/wp-content\/uploads\/2026\/01\/Mario5AD.png","type":"image\/png"}],"twitter_card":"summary_large_image","twitter_misc":{"Est. reading time":"3 minutes"},"schema":{"@context":"https:\/\/schema.org","@graph":[{"@type":"WebPage","@id":"https:\/\/1dronas.lt\/en\/produktas\/speedybee-mario-5-dc-o4-advanced-remas\/","url":"https:\/\/1dronas.lt\/en\/produktas\/speedybee-mario-5-dc-o4-advanced-remas\/","name":"SpeedyBee Mario 5 - DC O4 Advanced r\u0117mas - 1dronas.lt","isPartOf":{"@id":"https:\/\/1dronas.lt\/en\/#website"},"primaryImageOfPage":{"@id":"https:\/\/1dronas.lt\/en\/produktas\/speedybee-mario-5-dc-o4-advanced-remas\/#primaryimage"},"image":{"@id":"https:\/\/1dronas.lt\/en\/produktas\/speedybee-mario-5-dc-o4-advanced-remas\/#primaryimage"},"thumbnailUrl":"https:\/\/1dronas.lt\/wp-content\/uploads\/2026\/01\/Mario5AD.png","datePublished":"2026-01-25T12:16:42+00:00","dateModified":"2026-01-25T14:49:32+00:00","breadcrumb":{"@id":"https:\/\/1dronas.lt\/en\/produktas\/speedybee-mario-5-dc-o4-advanced-remas\/#breadcrumb"},"inLanguage":"en-US","potentialAction":[{"@type":"ReadAction","target":["https:\/\/1dronas.lt\/en\/produktas\/speedybee-mario-5-dc-o4-advanced-remas\/"]}]},{"@type":"ImageObject","inLanguage":"en-US","@id":"https:\/\/1dronas.lt\/en\/produktas\/speedybee-mario-5-dc-o4-advanced-remas\/#primaryimage","url":"https:\/\/1dronas.lt\/wp-content\/uploads\/2026\/01\/Mario5AD.png","contentUrl":"https:\/\/1dronas.lt\/wp-content\/uploads\/2026\/01\/Mario5AD.png","width":1280,"height":1280},{"@type":"BreadcrumbList","@id":"https:\/\/1dronas.lt\/en\/produktas\/speedybee-mario-5-dc-o4-advanced-remas\/#breadcrumb","itemListElement":[{"@type":"ListItem","position":1,"name":"Home","item":"https:\/\/1dronas.lt\/"},{"@type":"ListItem","position":2,"name":"Parduotuv\u0117","item":"https:\/\/1dronas.lt\/parduotuve\/"},{"@type":"ListItem","position":3,"name":"SpeedyBee Mario 5 &#8211; DC O4 Advanced r\u0117mas"}]},{"@type":"WebSite","@id":"https:\/\/1dronas.lt\/en\/#website","url":"https:\/\/1dronas.lt\/en\/","name":"1dronas.lt","description":"Online store","publisher":{"@id":"https:\/\/1dronas.lt\/en\/#organization"},"potentialAction":[{"@type":"SearchAction","target":{"@type":"EntryPoint","urlTemplate":"https:\/\/1dronas.lt\/en\/?s={search_term_string}"},"query-input":{"@type":"PropertyValueSpecification","valueRequired":true,"valueName":"search_term_string"}}],"inLanguage":"en-US"},{"@type":"Organization","@id":"https:\/\/1dronas.lt\/en\/#organization","name":"1dronas.lt","url":"https:\/\/1dronas.lt\/en\/","logo":{"@type":"ImageObject","inLanguage":"en-US","@id":"https:\/\/1dronas.lt\/en\/#\/schema\/logo\/image\/","url":"https:\/\/1dronas.lt\/wp-content\/uploads\/2020\/12\/Ekrano_kopija__2_-removebg-preview-1-1.png","contentUrl":"https:\/\/1dronas.lt\/wp-content\/uploads\/2020\/12\/Ekrano_kopija__2_-removebg-preview-1-1.png","width":234,"height":81,"caption":"1dronas.lt"},"image":{"@id":"https:\/\/1dronas.lt\/en\/#\/schema\/logo\/image\/"},"sameAs":["https:\/\/www.facebook.com\/1dronas\/"]}]}},"jetpack_sharing_enabled":true,"_links":{"self":[{"href":"https:\/\/1dronas.lt\/en\/wp-json\/wp\/v2\/product\/15840","targetHints":{"allow":["GET"]}}],"collection":[{"href":"https:\/\/1dronas.lt\/en\/wp-json\/wp\/v2\/product"}],"about":[{"href":"https:\/\/1dronas.lt\/en\/wp-json\/wp\/v2\/types\/product"}],"replies":[{"embeddable":true,"href":"https:\/\/1dronas.lt\/en\/wp-json\/wp\/v2\/comments?post=15840"}],"wp:featuredmedia":[{"embeddable":true,"href":"https:\/\/1dronas.lt\/en\/wp-json\/wp\/v2\/media\/15843"}],"wp:attachment":[{"href":"https:\/\/1dronas.lt\/en\/wp-json\/wp\/v2\/media?parent=15840"}],"wp:term":[{"taxonomy":"product_brand","embeddable":true,"href":"https:\/\/1dronas.lt\/en\/wp-json\/wp\/v2\/product_brand?post=15840"},{"taxonomy":"product_cat","embeddable":true,"href":"https:\/\/1dronas.lt\/en\/wp-json\/wp\/v2\/product_cat?post=15840"},{"taxonomy":"product_tag","embeddable":true,"href":"https:\/\/1dronas.lt\/en\/wp-json\/wp\/v2\/product_tag?post=15840"}],"curies":[{"name":"wp","href":"https:\/\/api.w.org\/{rel}","templated":true}]}}