{"id":15725,"date":"2026-01-24T11:44:22","date_gmt":"2026-01-24T09:44:22","guid":{"rendered":"https:\/\/1dronas.lt\/?post_type=product&#038;p=15725"},"modified":"2026-04-09T17:07:20","modified_gmt":"2026-04-09T14:07:20","slug":"caddxfpv-ratel-pro-analog-kamera","status":"publish","type":"product","link":"https:\/\/1dronas.lt\/en\/produktas\/caddxfpv-ratel-pro-analog-kamera\/","title":{"rendered":"CaddxFPV Ratel Pro Analog Camera"},"content":{"rendered":"<p><img loading=\"lazy\" decoding=\"async\" class=\"alignnone wp-image-15738 size-full\" src=\"https:\/\/1dronas.lt\/wp-content\/uploads\/2026\/01\/1_1_32b851e6-eeb2-4c8f-8ae9-4d0ebcef6da4.jpg\" alt=\"\" width=\"1920\" height=\"1000\" srcset=\"https:\/\/1dronas.lt\/wp-content\/uploads\/2026\/01\/1_1_32b851e6-eeb2-4c8f-8ae9-4d0ebcef6da4.jpg 1920w, https:\/\/1dronas.lt\/wp-content\/uploads\/2026\/01\/1_1_32b851e6-eeb2-4c8f-8ae9-4d0ebcef6da4-300x156.jpg 300w, https:\/\/1dronas.lt\/wp-content\/uploads\/2026\/01\/1_1_32b851e6-eeb2-4c8f-8ae9-4d0ebcef6da4-1024x533.jpg 1024w, https:\/\/1dronas.lt\/wp-content\/uploads\/2026\/01\/1_1_32b851e6-eeb2-4c8f-8ae9-4d0ebcef6da4-768x400.jpg 768w, https:\/\/1dronas.lt\/wp-content\/uploads\/2026\/01\/1_1_32b851e6-eeb2-4c8f-8ae9-4d0ebcef6da4-1536x800.jpg 1536w, https:\/\/1dronas.lt\/wp-content\/uploads\/2026\/01\/1_1_32b851e6-eeb2-4c8f-8ae9-4d0ebcef6da4-18x9.jpg 18w, https:\/\/1dronas.lt\/wp-content\/uploads\/2026\/01\/1_1_32b851e6-eeb2-4c8f-8ae9-4d0ebcef6da4-510x266.jpg 510w\" sizes=\"auto, (max-width: 1920px) 100vw, 1920px\" \/><\/p>\n<p>Using blacklight technology, Ratel Pro reproduces realistic colors during the day and automatically switches to black and white mode at night.<\/p>\n<p><img loading=\"lazy\" decoding=\"async\" class=\"alignnone wp-image-15726 size-full\" src=\"https:\/\/1dronas.lt\/wp-content\/uploads\/2026\/01\/7_9d98a03b-9411-417a-923b-3db256ccd3d0.jpg\" alt=\"\" width=\"1920\" height=\"843\" srcset=\"https:\/\/1dronas.lt\/wp-content\/uploads\/2026\/01\/7_9d98a03b-9411-417a-923b-3db256ccd3d0.jpg 1920w, https:\/\/1dronas.lt\/wp-content\/uploads\/2026\/01\/7_9d98a03b-9411-417a-923b-3db256ccd3d0-300x132.jpg 300w, https:\/\/1dronas.lt\/wp-content\/uploads\/2026\/01\/7_9d98a03b-9411-417a-923b-3db256ccd3d0-1024x450.jpg 1024w, https:\/\/1dronas.lt\/wp-content\/uploads\/2026\/01\/7_9d98a03b-9411-417a-923b-3db256ccd3d0-768x337.jpg 768w, https:\/\/1dronas.lt\/wp-content\/uploads\/2026\/01\/7_9d98a03b-9411-417a-923b-3db256ccd3d0-1536x674.jpg 1536w, https:\/\/1dronas.lt\/wp-content\/uploads\/2026\/01\/7_9d98a03b-9411-417a-923b-3db256ccd3d0-18x8.jpg 18w, https:\/\/1dronas.lt\/wp-content\/uploads\/2026\/01\/7_9d98a03b-9411-417a-923b-3db256ccd3d0-510x224.jpg 510w\" sizes=\"auto, (max-width: 1920px) 100vw, 1920px\" \/><\/p>\n<p>\u201eRatel Pro delivers exceptional image clarity during the day and sets new standards for visual quality in the analog camera segment.<\/p>\n<p><img loading=\"lazy\" decoding=\"async\" class=\"alignnone wp-image-15727 size-full\" src=\"https:\/\/1dronas.lt\/wp-content\/uploads\/2026\/01\/4_c8cba48a-8f61-47c9-b18c-1263b983b700.jpeg\" alt=\"\" width=\"1920\" height=\"1080\" srcset=\"https:\/\/1dronas.lt\/wp-content\/uploads\/2026\/01\/4_c8cba48a-8f61-47c9-b18c-1263b983b700.jpeg 1920w, https:\/\/1dronas.lt\/wp-content\/uploads\/2026\/01\/4_c8cba48a-8f61-47c9-b18c-1263b983b700-300x169.jpeg 300w, https:\/\/1dronas.lt\/wp-content\/uploads\/2026\/01\/4_c8cba48a-8f61-47c9-b18c-1263b983b700-1024x576.jpeg 1024w, https:\/\/1dronas.lt\/wp-content\/uploads\/2026\/01\/4_c8cba48a-8f61-47c9-b18c-1263b983b700-768x432.jpeg 768w, https:\/\/1dronas.lt\/wp-content\/uploads\/2026\/01\/4_c8cba48a-8f61-47c9-b18c-1263b983b700-1536x864.jpeg 1536w, https:\/\/1dronas.lt\/wp-content\/uploads\/2026\/01\/4_c8cba48a-8f61-47c9-b18c-1263b983b700-18x10.jpeg 18w, https:\/\/1dronas.lt\/wp-content\/uploads\/2026\/01\/4_c8cba48a-8f61-47c9-b18c-1263b983b700-510x287.jpeg 510w\" sizes=\"auto, (max-width: 1920px) 100vw, 1920px\" \/><\/p>\n<p>Using a BSI 1\/1.8-inch large sensor, Ratel Pro provides twice the light sensitivity compared to conventional night vision cameras. Even in low light conditions, Ratel Pro achieves excellent night vision performance and provides clear and reliable images without compromising visibility.<\/p>\n<p><img loading=\"lazy\" decoding=\"async\" class=\"alignnone wp-image-15730 size-full\" src=\"https:\/\/1dronas.lt\/wp-content\/uploads\/2026\/01\/8_380f6439-a97e-49af-b090-33d771db31b6.jpg\" alt=\"\" width=\"1920\" height=\"843\" srcset=\"https:\/\/1dronas.lt\/wp-content\/uploads\/2026\/01\/8_380f6439-a97e-49af-b090-33d771db31b6.jpg 1920w, https:\/\/1dronas.lt\/wp-content\/uploads\/2026\/01\/8_380f6439-a97e-49af-b090-33d771db31b6-300x132.jpg 300w, https:\/\/1dronas.lt\/wp-content\/uploads\/2026\/01\/8_380f6439-a97e-49af-b090-33d771db31b6-1024x450.jpg 1024w, https:\/\/1dronas.lt\/wp-content\/uploads\/2026\/01\/8_380f6439-a97e-49af-b090-33d771db31b6-768x337.jpg 768w, https:\/\/1dronas.lt\/wp-content\/uploads\/2026\/01\/8_380f6439-a97e-49af-b090-33d771db31b6-1536x674.jpg 1536w, https:\/\/1dronas.lt\/wp-content\/uploads\/2026\/01\/8_380f6439-a97e-49af-b090-33d771db31b6-18x8.jpg 18w, https:\/\/1dronas.lt\/wp-content\/uploads\/2026\/01\/8_380f6439-a97e-49af-b090-33d771db31b6-510x224.jpg 510w\" sizes=\"auto, (max-width: 1920px) 100vw, 1920px\" \/><\/p>\n<p>Supports WDR function, which fully meets the needs of detailed image capture in both brightly lit and dark environments.<\/p>\n<p><img loading=\"lazy\" decoding=\"async\" class=\"alignnone wp-image-15732 size-full\" src=\"https:\/\/1dronas.lt\/wp-content\/uploads\/2026\/01\/3_df1ffbf2-b088-4e3e-af6d-83fb62385d9b.jpg\" alt=\"\" width=\"1920\" height=\"843\" srcset=\"https:\/\/1dronas.lt\/wp-content\/uploads\/2026\/01\/3_df1ffbf2-b088-4e3e-af6d-83fb62385d9b.jpg 1920w, https:\/\/1dronas.lt\/wp-content\/uploads\/2026\/01\/3_df1ffbf2-b088-4e3e-af6d-83fb62385d9b-300x132.jpg 300w, https:\/\/1dronas.lt\/wp-content\/uploads\/2026\/01\/3_df1ffbf2-b088-4e3e-af6d-83fb62385d9b-1024x450.jpg 1024w, https:\/\/1dronas.lt\/wp-content\/uploads\/2026\/01\/3_df1ffbf2-b088-4e3e-af6d-83fb62385d9b-768x337.jpg 768w, https:\/\/1dronas.lt\/wp-content\/uploads\/2026\/01\/3_df1ffbf2-b088-4e3e-af6d-83fb62385d9b-1536x674.jpg 1536w, https:\/\/1dronas.lt\/wp-content\/uploads\/2026\/01\/3_df1ffbf2-b088-4e3e-af6d-83fb62385d9b-18x8.jpg 18w, https:\/\/1dronas.lt\/wp-content\/uploads\/2026\/01\/3_df1ffbf2-b088-4e3e-af6d-83fb62385d9b-510x224.jpg 510w\" sizes=\"auto, (max-width: 1920px) 100vw, 1920px\" \/><\/p>\n<p>The metal body and simple design ensure greater impact resistance and more efficient heat dissipation.<\/p>\n<p><img loading=\"lazy\" decoding=\"async\" class=\"alignnone wp-image-15735 size-full\" src=\"https:\/\/1dronas.lt\/wp-content\/uploads\/2026\/01\/6_23613e14-23ae-44d2-99c7-85c39157819f.jpeg\" alt=\"\" width=\"1920\" height=\"1080\" srcset=\"https:\/\/1dronas.lt\/wp-content\/uploads\/2026\/01\/6_23613e14-23ae-44d2-99c7-85c39157819f.jpeg 1920w, https:\/\/1dronas.lt\/wp-content\/uploads\/2026\/01\/6_23613e14-23ae-44d2-99c7-85c39157819f-300x169.jpeg 300w, https:\/\/1dronas.lt\/wp-content\/uploads\/2026\/01\/6_23613e14-23ae-44d2-99c7-85c39157819f-1024x576.jpeg 1024w, https:\/\/1dronas.lt\/wp-content\/uploads\/2026\/01\/6_23613e14-23ae-44d2-99c7-85c39157819f-768x432.jpeg 768w, https:\/\/1dronas.lt\/wp-content\/uploads\/2026\/01\/6_23613e14-23ae-44d2-99c7-85c39157819f-1536x864.jpeg 1536w, https:\/\/1dronas.lt\/wp-content\/uploads\/2026\/01\/6_23613e14-23ae-44d2-99c7-85c39157819f-18x10.jpeg 18w, https:\/\/1dronas.lt\/wp-content\/uploads\/2026\/01\/6_23613e14-23ae-44d2-99c7-85c39157819f-510x287.jpeg 510w\" sizes=\"auto, (max-width: 1920px) 100vw, 1920px\" \/><\/p>\n<p>The metal body and simple design ensure greater resistance and more efficient heat dissipation.<\/p>\n<p><strong>Specification:<\/strong><\/p>\n<p>\u2022 Model: Ratel PRO;<br data-start=\"18\" data-end=\"21\" \/>\u2022 Image sensor: 1\/1.8 inch;<br data-start=\"49\" data-end=\"52\" \/>\u2022 Horizontal resolution: 1500 TVL;<br data-start=\"83\" data-end=\"86\" \/>\u2022 System: NTSC and PAL (switchable);<br data-start=\"123\" data-end=\"126\" \/>\u2022 Image format: 16:9 and 4:3 (switchable);<br data-start=\"168\" data-end=\"171\" \/>\u2022 WDR: Super WDR (HDR);<br data-start=\"191\" data-end=\"194\" \/>\u2022 Minimum illumination: 0.00001 lux;<br data-start=\"227\" data-end=\"230\" \/>\u2022 Lens: 5 MP;<br data-start=\"246\" data-end=\"249\" \/>\u2022 Color: black;<br data-start=\"262\" data-end=\"265\" \/>\u2022 Synchronization: internal;<br data-start=\"288\" data-end=\"291\" \/>\u2022 Electronic shutter: PAL \u2013 1\/50 ~ 1\/100,000; NTSC \u2013 1\/60 ~ 1\/100,000;<br data-start=\"361\" data-end=\"364\" \/>\u2022 Signal-to-noise ratio: &gt;60 dB (AGC off);<br data-start=\"415\" data-end=\"418\" \/>\u2022 Video output: CVBS;<br data-start=\"439\" data-end=\"442\" \/>\u2022 OSD menu: supported;<br data-start=\"463\" data-end=\"466\" \/>\u2022 Noise reduction: 3D DNA;<br data-start=\"492\" data-end=\"495\" \/>\u2022 Field of view (FOV): 125\u00b0;<br data-start=\"520\" data-end=\"523\" \/>\u2022 Languages: English, Chinese, Russian, Spanish, Italian, French, Polish, Portuguese, Japanese;<br data-start=\"628\" data-end=\"631\" \/>\u2022 Day\/night mode: automatic\/color\/black and white\/external;<br data-start=\"707\" data-end=\"710\" \/>\u2022 Dimensions: 19 \u00d7 19 \u00d7 27 mm;<br data-start=\"735\" data-end=\"738\" \/>\u2022 Wide supply voltage range: DC 4.5\u201327 V;<br data-start=\"786\" data-end=\"789\" \/>\u2022 Operating temperature: -20\u2103~+60\u2103;<br data-start=\"823\" data-end=\"826\" \/>\u2022 Operating humidity: 20 % ~ 80 %;<br data-start=\"853\" data-end=\"856\" \/>\u2022 Weight: 9.5 g.<\/p>\n<p><strong>Package:<\/strong><\/p>\n<p data-start=\"75\" data-end=\"106\">1x CaddxFPV Ratel Pro Analog camera;<br \/>\n1x OSD\/control board;<br \/>\n1x Power and video cables;<br \/>\n1x Mounting screw set;<br \/>\n1x Plastic gaskets (washers);<br \/>\n1x Hexagon key;<br \/>\n1x Manufacturer card\/information leaflet.<\/p>\n<p data-start=\"19\" data-end=\"39\"><img loading=\"lazy\" decoding=\"async\" class=\"alignnone wp-image-15737 size-large\" src=\"https:\/\/1dronas.lt\/wp-content\/uploads\/2026\/01\/b04a70ae01f04036e17b97cf0b12c47c_81ab4ff0-2f12-46f4-9b4a-7e5dff337e42-1024x1024.jpg\" alt=\"\" width=\"1020\" height=\"1020\" srcset=\"https:\/\/1dronas.lt\/wp-content\/uploads\/2026\/01\/b04a70ae01f04036e17b97cf0b12c47c_81ab4ff0-2f12-46f4-9b4a-7e5dff337e42-1024x1024.jpg 1024w, https:\/\/1dronas.lt\/wp-content\/uploads\/2026\/01\/b04a70ae01f04036e17b97cf0b12c47c_81ab4ff0-2f12-46f4-9b4a-7e5dff337e42-300x300.jpg 300w, https:\/\/1dronas.lt\/wp-content\/uploads\/2026\/01\/b04a70ae01f04036e17b97cf0b12c47c_81ab4ff0-2f12-46f4-9b4a-7e5dff337e42-150x150.jpg 150w, https:\/\/1dronas.lt\/wp-content\/uploads\/2026\/01\/b04a70ae01f04036e17b97cf0b12c47c_81ab4ff0-2f12-46f4-9b4a-7e5dff337e42-768x768.jpg 768w, https:\/\/1dronas.lt\/wp-content\/uploads\/2026\/01\/b04a70ae01f04036e17b97cf0b12c47c_81ab4ff0-2f12-46f4-9b4a-7e5dff337e42-1536x1536.jpg 1536w, https:\/\/1dronas.lt\/wp-content\/uploads\/2026\/01\/b04a70ae01f04036e17b97cf0b12c47c_81ab4ff0-2f12-46f4-9b4a-7e5dff337e42-12x12.jpg 12w, https:\/\/1dronas.lt\/wp-content\/uploads\/2026\/01\/b04a70ae01f04036e17b97cf0b12c47c_81ab4ff0-2f12-46f4-9b4a-7e5dff337e42-247x247.jpg 247w, https:\/\/1dronas.lt\/wp-content\/uploads\/2026\/01\/b04a70ae01f04036e17b97cf0b12c47c_81ab4ff0-2f12-46f4-9b4a-7e5dff337e42-510x510.jpg 510w, https:\/\/1dronas.lt\/wp-content\/uploads\/2026\/01\/b04a70ae01f04036e17b97cf0b12c47c_81ab4ff0-2f12-46f4-9b4a-7e5dff337e42-100x100.jpg 100w, https:\/\/1dronas.lt\/wp-content\/uploads\/2026\/01\/b04a70ae01f04036e17b97cf0b12c47c_81ab4ff0-2f12-46f4-9b4a-7e5dff337e42.jpg 1800w\" sizes=\"auto, (max-width: 1020px) 100vw, 1020px\" \/><\/p>","protected":false},"excerpt":{"rendered":"<p><span style=\"color: #000000;\">Using blacklight technology, the camera reproduces realistic colors during the day and automatically switches to black and white mode at night.<\/span><\/p>\n<p><span style=\"color: #000000;\"><img loading=\"lazy\" decoding=\"async\" class=\"alignnone wp-image-1806\" src=\"https:\/\/1dronas.lt\/wp-content\/uploads\/2021\/05\/delivery-icon.png\" alt=\"\" width=\"24\" height=\"24\" srcset=\"https:\/\/1dronas.lt\/wp-content\/uploads\/2021\/05\/delivery-icon.png 35w, https:\/\/1dronas.lt\/wp-content\/uploads\/2021\/05\/delivery-icon-12x12.png 12w\" sizes=\"auto, (max-width: 24px) 100vw, 24px\" \/><strong>\u00a0 1 \u2013 2 days<\/strong><\/span><\/p>","protected":false},"featured_media":15728,"comment_status":"open","ping_status":"closed","template":"","meta":[],"product_brand":[1112],"product_cat":[191],"product_tag":[1113],"class_list":{"0":"post-15725","1":"product","2":"type-product","3":"status-publish","4":"has-post-thumbnail","6":"product_brand-caddxfpv","7":"product_cat-kameros","8":"product_tag-caddxfpv","10":"first","11":"instock","12":"taxable","13":"shipping-taxable","14":"purchasable","15":"product-type-simple"},"yoast_head":"<!-- This site is optimized with the Yoast SEO plugin v27.5 - https:\/\/yoast.com\/product\/yoast-seo-wordpress\/ -->\n<title>CaddxFPV Ratel Pro Analog kamera - 1dronas.lt<\/title>\n<meta name=\"robots\" content=\"index, follow, max-snippet:-1, max-image-preview:large, max-video-preview:-1\" \/>\n<link rel=\"canonical\" href=\"https:\/\/1dronas.lt\/en\/produktas\/caddxfpv-ratel-pro-analog-kamera\/\" \/>\n<meta property=\"og:locale\" content=\"en_US\" \/>\n<meta property=\"og:type\" content=\"article\" \/>\n<meta property=\"og:title\" content=\"CaddxFPV Ratel Pro Analog kamera - 1dronas.lt\" \/>\n<meta property=\"og:description\" content=\"Naudojant \u201eblacklight\u201c technologij\u0105, kamera dienos metu atkuria tikrovi\u0161kas spalvas, o nakt\u012f automati\u0161kai pereina \u012f juodai balt\u0105 re\u017eim\u0105.  \u00a0 1 \u2013 2 d. d.\" \/>\n<meta property=\"og:url\" content=\"https:\/\/1dronas.lt\/en\/produktas\/caddxfpv-ratel-pro-analog-kamera\/\" \/>\n<meta property=\"og:site_name\" content=\"1dronas.lt\" \/>\n<meta property=\"article:publisher\" content=\"https:\/\/www.facebook.com\/1dronas\/\" \/>\n<meta property=\"article:modified_time\" content=\"2026-04-09T14:07:20+00:00\" \/>\n<meta property=\"og:image\" content=\"https:\/\/1dronas.lt\/wp-content\/uploads\/2026\/01\/Ratel-Pro-_1.jpeg\" \/>\n\t<meta property=\"og:image:width\" content=\"1800\" \/>\n\t<meta property=\"og:image:height\" content=\"1800\" \/>\n\t<meta property=\"og:image:type\" content=\"image\/jpeg\" \/>\n<meta name=\"twitter:card\" content=\"summary_large_image\" \/>\n<meta name=\"twitter:label1\" content=\"Est. reading time\" \/>\n\t<meta name=\"twitter:data1\" content=\"4 minutes\" \/>\n<script type=\"application\/ld+json\" class=\"yoast-schema-graph\">{\"@context\":\"https:\\\/\\\/schema.org\",\"@graph\":[{\"@type\":\"WebPage\",\"@id\":\"https:\\\/\\\/1dronas.lt\\\/en\\\/produktas\\\/caddxfpv-ratel-pro-analog-kamera\\\/\",\"url\":\"https:\\\/\\\/1dronas.lt\\\/en\\\/produktas\\\/caddxfpv-ratel-pro-analog-kamera\\\/\",\"name\":\"CaddxFPV Ratel Pro Analog kamera - 1dronas.lt\",\"isPartOf\":{\"@id\":\"https:\\\/\\\/1dronas.lt\\\/en\\\/#website\"},\"primaryImageOfPage\":{\"@id\":\"https:\\\/\\\/1dronas.lt\\\/en\\\/produktas\\\/caddxfpv-ratel-pro-analog-kamera\\\/#primaryimage\"},\"image\":{\"@id\":\"https:\\\/\\\/1dronas.lt\\\/en\\\/produktas\\\/caddxfpv-ratel-pro-analog-kamera\\\/#primaryimage\"},\"thumbnailUrl\":\"https:\\\/\\\/1dronas.lt\\\/wp-content\\\/uploads\\\/2026\\\/01\\\/Ratel-Pro-_1.jpeg\",\"datePublished\":\"2026-01-24T09:44:22+00:00\",\"dateModified\":\"2026-04-09T14:07:20+00:00\",\"breadcrumb\":{\"@id\":\"https:\\\/\\\/1dronas.lt\\\/en\\\/produktas\\\/caddxfpv-ratel-pro-analog-kamera\\\/#breadcrumb\"},\"inLanguage\":\"en-US\",\"potentialAction\":[{\"@type\":\"ReadAction\",\"target\":[\"https:\\\/\\\/1dronas.lt\\\/en\\\/produktas\\\/caddxfpv-ratel-pro-analog-kamera\\\/\"]}]},{\"@type\":\"ImageObject\",\"inLanguage\":\"en-US\",\"@id\":\"https:\\\/\\\/1dronas.lt\\\/en\\\/produktas\\\/caddxfpv-ratel-pro-analog-kamera\\\/#primaryimage\",\"url\":\"https:\\\/\\\/1dronas.lt\\\/wp-content\\\/uploads\\\/2026\\\/01\\\/Ratel-Pro-_1.jpeg\",\"contentUrl\":\"https:\\\/\\\/1dronas.lt\\\/wp-content\\\/uploads\\\/2026\\\/01\\\/Ratel-Pro-_1.jpeg\",\"width\":1800,\"height\":1800},{\"@type\":\"BreadcrumbList\",\"@id\":\"https:\\\/\\\/1dronas.lt\\\/en\\\/produktas\\\/caddxfpv-ratel-pro-analog-kamera\\\/#breadcrumb\",\"itemListElement\":[{\"@type\":\"ListItem\",\"position\":1,\"name\":\"Home\",\"item\":\"https:\\\/\\\/1dronas.lt\\\/\"},{\"@type\":\"ListItem\",\"position\":2,\"name\":\"Parduotuv\u0117\",\"item\":\"https:\\\/\\\/1dronas.lt\\\/parduotuve\\\/\"},{\"@type\":\"ListItem\",\"position\":3,\"name\":\"CaddxFPV Ratel Pro Analog kamera\"}]},{\"@type\":\"WebSite\",\"@id\":\"https:\\\/\\\/1dronas.lt\\\/en\\\/#website\",\"url\":\"https:\\\/\\\/1dronas.lt\\\/en\\\/\",\"name\":\"1dronas.lt\",\"description\":\"Internetin\u0117 parduotuv\u0117\",\"publisher\":{\"@id\":\"https:\\\/\\\/1dronas.lt\\\/en\\\/#organization\"},\"potentialAction\":[{\"@type\":\"SearchAction\",\"target\":{\"@type\":\"EntryPoint\",\"urlTemplate\":\"https:\\\/\\\/1dronas.lt\\\/en\\\/?s={search_term_string}\"},\"query-input\":{\"@type\":\"PropertyValueSpecification\",\"valueRequired\":true,\"valueName\":\"search_term_string\"}}],\"inLanguage\":\"en-US\"},{\"@type\":\"Organization\",\"@id\":\"https:\\\/\\\/1dronas.lt\\\/en\\\/#organization\",\"name\":\"1dronas.lt\",\"url\":\"https:\\\/\\\/1dronas.lt\\\/en\\\/\",\"logo\":{\"@type\":\"ImageObject\",\"inLanguage\":\"en-US\",\"@id\":\"https:\\\/\\\/1dronas.lt\\\/en\\\/#\\\/schema\\\/logo\\\/image\\\/\",\"url\":\"https:\\\/\\\/1dronas.lt\\\/wp-content\\\/uploads\\\/2020\\\/12\\\/Ekrano_kopija__2_-removebg-preview-1-1.png\",\"contentUrl\":\"https:\\\/\\\/1dronas.lt\\\/wp-content\\\/uploads\\\/2020\\\/12\\\/Ekrano_kopija__2_-removebg-preview-1-1.png\",\"width\":234,\"height\":81,\"caption\":\"1dronas.lt\"},\"image\":{\"@id\":\"https:\\\/\\\/1dronas.lt\\\/en\\\/#\\\/schema\\\/logo\\\/image\\\/\"},\"sameAs\":[\"https:\\\/\\\/www.facebook.com\\\/1dronas\\\/\"]}]}<\/script>\n<!-- \/ Yoast SEO plugin. -->","yoast_head_json":{"title":"CaddxFPV Ratel Pro Analog kamera - 1dronas.lt","robots":{"index":"index","follow":"follow","max-snippet":"max-snippet:-1","max-image-preview":"max-image-preview:large","max-video-preview":"max-video-preview:-1"},"canonical":"https:\/\/1dronas.lt\/en\/produktas\/caddxfpv-ratel-pro-analog-kamera\/","og_locale":"en_US","og_type":"article","og_title":"CaddxFPV Ratel Pro Analog kamera - 1dronas.lt","og_description":"Naudojant \u201eblacklight\u201c technologij\u0105, kamera dienos metu atkuria tikrovi\u0161kas spalvas, o nakt\u012f automati\u0161kai pereina \u012f juodai balt\u0105 re\u017eim\u0105.  \u00a0 1 \u2013 2 d. d.","og_url":"https:\/\/1dronas.lt\/en\/produktas\/caddxfpv-ratel-pro-analog-kamera\/","og_site_name":"1dronas.lt","article_publisher":"https:\/\/www.facebook.com\/1dronas\/","article_modified_time":"2026-04-09T14:07:20+00:00","og_image":[{"width":1800,"height":1800,"url":"https:\/\/1dronas.lt\/wp-content\/uploads\/2026\/01\/Ratel-Pro-_1.jpeg","type":"image\/jpeg"}],"twitter_card":"summary_large_image","twitter_misc":{"Est. reading time":"4 minutes"},"schema":{"@context":"https:\/\/schema.org","@graph":[{"@type":"WebPage","@id":"https:\/\/1dronas.lt\/en\/produktas\/caddxfpv-ratel-pro-analog-kamera\/","url":"https:\/\/1dronas.lt\/en\/produktas\/caddxfpv-ratel-pro-analog-kamera\/","name":"CaddxFPV Ratel Pro Analog kamera - 1dronas.lt","isPartOf":{"@id":"https:\/\/1dronas.lt\/en\/#website"},"primaryImageOfPage":{"@id":"https:\/\/1dronas.lt\/en\/produktas\/caddxfpv-ratel-pro-analog-kamera\/#primaryimage"},"image":{"@id":"https:\/\/1dronas.lt\/en\/produktas\/caddxfpv-ratel-pro-analog-kamera\/#primaryimage"},"thumbnailUrl":"https:\/\/1dronas.lt\/wp-content\/uploads\/2026\/01\/Ratel-Pro-_1.jpeg","datePublished":"2026-01-24T09:44:22+00:00","dateModified":"2026-04-09T14:07:20+00:00","breadcrumb":{"@id":"https:\/\/1dronas.lt\/en\/produktas\/caddxfpv-ratel-pro-analog-kamera\/#breadcrumb"},"inLanguage":"en-US","potentialAction":[{"@type":"ReadAction","target":["https:\/\/1dronas.lt\/en\/produktas\/caddxfpv-ratel-pro-analog-kamera\/"]}]},{"@type":"ImageObject","inLanguage":"en-US","@id":"https:\/\/1dronas.lt\/en\/produktas\/caddxfpv-ratel-pro-analog-kamera\/#primaryimage","url":"https:\/\/1dronas.lt\/wp-content\/uploads\/2026\/01\/Ratel-Pro-_1.jpeg","contentUrl":"https:\/\/1dronas.lt\/wp-content\/uploads\/2026\/01\/Ratel-Pro-_1.jpeg","width":1800,"height":1800},{"@type":"BreadcrumbList","@id":"https:\/\/1dronas.lt\/en\/produktas\/caddxfpv-ratel-pro-analog-kamera\/#breadcrumb","itemListElement":[{"@type":"ListItem","position":1,"name":"Home","item":"https:\/\/1dronas.lt\/"},{"@type":"ListItem","position":2,"name":"Parduotuv\u0117","item":"https:\/\/1dronas.lt\/parduotuve\/"},{"@type":"ListItem","position":3,"name":"CaddxFPV Ratel Pro Analog kamera"}]},{"@type":"WebSite","@id":"https:\/\/1dronas.lt\/en\/#website","url":"https:\/\/1dronas.lt\/en\/","name":"1dronas.lt","description":"Online store","publisher":{"@id":"https:\/\/1dronas.lt\/en\/#organization"},"potentialAction":[{"@type":"SearchAction","target":{"@type":"EntryPoint","urlTemplate":"https:\/\/1dronas.lt\/en\/?s={search_term_string}"},"query-input":{"@type":"PropertyValueSpecification","valueRequired":true,"valueName":"search_term_string"}}],"inLanguage":"en-US"},{"@type":"Organization","@id":"https:\/\/1dronas.lt\/en\/#organization","name":"1dronas.lt","url":"https:\/\/1dronas.lt\/en\/","logo":{"@type":"ImageObject","inLanguage":"en-US","@id":"https:\/\/1dronas.lt\/en\/#\/schema\/logo\/image\/","url":"https:\/\/1dronas.lt\/wp-content\/uploads\/2020\/12\/Ekrano_kopija__2_-removebg-preview-1-1.png","contentUrl":"https:\/\/1dronas.lt\/wp-content\/uploads\/2020\/12\/Ekrano_kopija__2_-removebg-preview-1-1.png","width":234,"height":81,"caption":"1dronas.lt"},"image":{"@id":"https:\/\/1dronas.lt\/en\/#\/schema\/logo\/image\/"},"sameAs":["https:\/\/www.facebook.com\/1dronas\/"]}]}},"jetpack_sharing_enabled":true,"_links":{"self":[{"href":"https:\/\/1dronas.lt\/en\/wp-json\/wp\/v2\/product\/15725","targetHints":{"allow":["GET"]}}],"collection":[{"href":"https:\/\/1dronas.lt\/en\/wp-json\/wp\/v2\/product"}],"about":[{"href":"https:\/\/1dronas.lt\/en\/wp-json\/wp\/v2\/types\/product"}],"replies":[{"embeddable":true,"href":"https:\/\/1dronas.lt\/en\/wp-json\/wp\/v2\/comments?post=15725"}],"wp:featuredmedia":[{"embeddable":true,"href":"https:\/\/1dronas.lt\/en\/wp-json\/wp\/v2\/media\/15728"}],"wp:attachment":[{"href":"https:\/\/1dronas.lt\/en\/wp-json\/wp\/v2\/media?parent=15725"}],"wp:term":[{"taxonomy":"product_brand","embeddable":true,"href":"https:\/\/1dronas.lt\/en\/wp-json\/wp\/v2\/product_brand?post=15725"},{"taxonomy":"product_cat","embeddable":true,"href":"https:\/\/1dronas.lt\/en\/wp-json\/wp\/v2\/product_cat?post=15725"},{"taxonomy":"product_tag","embeddable":true,"href":"https:\/\/1dronas.lt\/en\/wp-json\/wp\/v2\/product_tag?post=15725"}],"curies":[{"name":"wp","href":"https:\/\/api.w.org\/{rel}","templated":true}]}}