{"id":15680,"date":"2026-01-22T20:15:33","date_gmt":"2026-01-22T18:15:33","guid":{"rendered":"https:\/\/1dronas.lt\/?post_type=product&#038;p=15680"},"modified":"2026-02-15T18:16:20","modified_gmt":"2026-02-15T16:16:20","slug":"caddxfpv-gazer-analog-kamera","status":"publish","type":"product","link":"https:\/\/1dronas.lt\/en\/produktas\/caddxfpv-gazer-analog-kamera\/","title":{"rendered":"CaddxFPV Gazer Analog Camera"},"content":{"rendered":"<p>Tired of blurry black-and-white images in the dark? Gazer Analog Camera will transform your FPV flying experience. It works great in low light, providing bright and rich color images.<\/p>\n<p><img loading=\"lazy\" decoding=\"async\" class=\"alignnone wp-image-15689 size-full\" src=\"https:\/\/1dronas.lt\/wp-content\/uploads\/2026\/01\/Gazer-08_f87ccaf2-ca16-437c-8d90-b5f49199de85.jpg\" alt=\"\" width=\"1920\" height=\"1080\" srcset=\"https:\/\/1dronas.lt\/wp-content\/uploads\/2026\/01\/Gazer-08_f87ccaf2-ca16-437c-8d90-b5f49199de85.jpg 1920w, https:\/\/1dronas.lt\/wp-content\/uploads\/2026\/01\/Gazer-08_f87ccaf2-ca16-437c-8d90-b5f49199de85-300x169.jpg 300w, https:\/\/1dronas.lt\/wp-content\/uploads\/2026\/01\/Gazer-08_f87ccaf2-ca16-437c-8d90-b5f49199de85-1024x576.jpg 1024w, https:\/\/1dronas.lt\/wp-content\/uploads\/2026\/01\/Gazer-08_f87ccaf2-ca16-437c-8d90-b5f49199de85-768x432.jpg 768w, https:\/\/1dronas.lt\/wp-content\/uploads\/2026\/01\/Gazer-08_f87ccaf2-ca16-437c-8d90-b5f49199de85-1536x864.jpg 1536w, https:\/\/1dronas.lt\/wp-content\/uploads\/2026\/01\/Gazer-08_f87ccaf2-ca16-437c-8d90-b5f49199de85-18x10.jpg 18w, https:\/\/1dronas.lt\/wp-content\/uploads\/2026\/01\/Gazer-08_f87ccaf2-ca16-437c-8d90-b5f49199de85-510x287.jpg 510w\" sizes=\"auto, (max-width: 1920px) 100vw, 1920px\" \/><\/p>\n<p>During the day, the camera maintains clear texture details and sharp contrast, while at night, an artificial intelligence algorithm increases brightness, reduces noise, and reproduces realistic colors, ensuring a clear image even in the darkest environments.<\/p>\n<p><img loading=\"lazy\" decoding=\"async\" class=\"alignnone wp-image-15687 size-full\" src=\"https:\/\/1dronas.lt\/wp-content\/uploads\/2026\/01\/Gazer-05_AI.jpg\" alt=\"\" width=\"1920\" height=\"1080\" srcset=\"https:\/\/1dronas.lt\/wp-content\/uploads\/2026\/01\/Gazer-05_AI.jpg 1920w, https:\/\/1dronas.lt\/wp-content\/uploads\/2026\/01\/Gazer-05_AI-300x169.jpg 300w, https:\/\/1dronas.lt\/wp-content\/uploads\/2026\/01\/Gazer-05_AI-1024x576.jpg 1024w, https:\/\/1dronas.lt\/wp-content\/uploads\/2026\/01\/Gazer-05_AI-768x432.jpg 768w, https:\/\/1dronas.lt\/wp-content\/uploads\/2026\/01\/Gazer-05_AI-1536x864.jpg 1536w, https:\/\/1dronas.lt\/wp-content\/uploads\/2026\/01\/Gazer-05_AI-18x10.jpg 18w, https:\/\/1dronas.lt\/wp-content\/uploads\/2026\/01\/Gazer-05_AI-510x287.jpg 510w\" sizes=\"auto, (max-width: 1920px) 100vw, 1920px\" \/><\/p>\n<p data-start=\"728\" data-end=\"1044\">The 3\u00d7 zoom allows you to smoothly capture both distant and close-up subjects without any distortion.<\/p>\n<p data-start=\"728\" data-end=\"1044\"><img loading=\"lazy\" decoding=\"async\" class=\"alignnone wp-image-15690 size-full\" src=\"https:\/\/1dronas.lt\/wp-content\/uploads\/2026\/01\/Gazer-09_3.jpg\" alt=\"\" width=\"1920\" height=\"1080\" srcset=\"https:\/\/1dronas.lt\/wp-content\/uploads\/2026\/01\/Gazer-09_3.jpg 1920w, https:\/\/1dronas.lt\/wp-content\/uploads\/2026\/01\/Gazer-09_3-300x169.jpg 300w, https:\/\/1dronas.lt\/wp-content\/uploads\/2026\/01\/Gazer-09_3-1024x576.jpg 1024w, https:\/\/1dronas.lt\/wp-content\/uploads\/2026\/01\/Gazer-09_3-768x432.jpg 768w, https:\/\/1dronas.lt\/wp-content\/uploads\/2026\/01\/Gazer-09_3-1536x864.jpg 1536w, https:\/\/1dronas.lt\/wp-content\/uploads\/2026\/01\/Gazer-09_3-18x10.jpg 18w, https:\/\/1dronas.lt\/wp-content\/uploads\/2026\/01\/Gazer-09_3-510x287.jpg 510w\" sizes=\"auto, (max-width: 1920px) 100vw, 1920px\" \/><\/p>\n<p data-start=\"728\" data-end=\"1044\">Easily switch between day and night modes via the flight controller: use the filter during the day for bright and realistic color images, remove the filter at night to maximize brightness.<\/p>\n<p data-start=\"728\" data-end=\"1044\"><img loading=\"lazy\" decoding=\"async\" class=\"alignnone wp-image-15688 size-full\" src=\"https:\/\/1dronas.lt\/wp-content\/uploads\/2026\/01\/Gazer-07.jpg\" alt=\"\" width=\"1920\" height=\"1080\" srcset=\"https:\/\/1dronas.lt\/wp-content\/uploads\/2026\/01\/Gazer-07.jpg 1920w, https:\/\/1dronas.lt\/wp-content\/uploads\/2026\/01\/Gazer-07-300x169.jpg 300w, https:\/\/1dronas.lt\/wp-content\/uploads\/2026\/01\/Gazer-07-1024x576.jpg 1024w, https:\/\/1dronas.lt\/wp-content\/uploads\/2026\/01\/Gazer-07-768x432.jpg 768w, https:\/\/1dronas.lt\/wp-content\/uploads\/2026\/01\/Gazer-07-1536x864.jpg 1536w, https:\/\/1dronas.lt\/wp-content\/uploads\/2026\/01\/Gazer-07-18x10.jpg 18w, https:\/\/1dronas.lt\/wp-content\/uploads\/2026\/01\/Gazer-07-510x287.jpg 510w\" sizes=\"auto, (max-width: 1920px) 100vw, 1920px\" \/><\/p>\n<p data-start=\"728\" data-end=\"1044\">The camera is perfect for all weather conditions and leaves no compromise on image quality. The Gazer Analog camera accurately captures every detail, providing a bright, rich image when you need it most.<\/p>\n<p data-start=\"728\" data-end=\"1044\"><img loading=\"lazy\" decoding=\"async\" class=\"alignnone wp-image-15691 size-full\" src=\"https:\/\/1dronas.lt\/wp-content\/uploads\/2026\/01\/Gazer-09.jpg\" alt=\"\" width=\"1920\" height=\"1080\" srcset=\"https:\/\/1dronas.lt\/wp-content\/uploads\/2026\/01\/Gazer-09.jpg 1920w, https:\/\/1dronas.lt\/wp-content\/uploads\/2026\/01\/Gazer-09-300x169.jpg 300w, https:\/\/1dronas.lt\/wp-content\/uploads\/2026\/01\/Gazer-09-1024x576.jpg 1024w, https:\/\/1dronas.lt\/wp-content\/uploads\/2026\/01\/Gazer-09-768x432.jpg 768w, https:\/\/1dronas.lt\/wp-content\/uploads\/2026\/01\/Gazer-09-1536x864.jpg 1536w, https:\/\/1dronas.lt\/wp-content\/uploads\/2026\/01\/Gazer-09-18x10.jpg 18w, https:\/\/1dronas.lt\/wp-content\/uploads\/2026\/01\/Gazer-09-510x287.jpg 510w\" sizes=\"auto, (max-width: 1920px) 100vw, 1920px\" \/><\/p>\n<p data-start=\"728\" data-end=\"1044\"><strong>Specification:<\/strong><\/p>\n<p data-start=\"57\" data-end=\"839\">\u2022 Model: Caddx Gazer;<br data-start=\"81\" data-end=\"84\" \/>\u2022 Image sensor: 1\/1.8 inch;<br data-start=\"116\" data-end=\"119\" data-is-only-node=\"\" \/>\u2022 Sensor resolution: 1920 \u00d7 1080 (2 MP), output: 720 \u00d7 576;<br data-start=\"179\" data-end=\"182\" \/>\u2022 Horizontal resolution: 1500 TVL;<br data-start=\"220\" data-end=\"223\" \/>\u2022 Focus distance: 2.8 mm;<br data-start=\"254\" data-end=\"257\" \/>\u2022 Lens aperture: F1.0;<br data-start=\"286\" data-end=\"289\" \/>\u2022 Field of view (FOV): 131.6\u00b0;<br data-start=\"320\" data-end=\"323\" \/>\u2022 Filter: manually removable;<br data-start=\"358\" data-end=\"361\" \/>\u2022 Output format: PAL<br data-start=\"388\" data-end=\"391\" \/>\u2022 Frame rate: 50 fps;<br data-start=\"415\" data-end=\"418\" \/>\u2022 Zoom: 3\u00d7;<br data-start=\"473\" data-end=\"476\" \/>\u2022 Image quality: Day\/Night modes. It is recommended to use the filter and D mode during the day, and remove the filter and use N mode at night;<br data-start=\"643\" data-end=\"646\" \/>\u2022 Aspect ratio: 4:3;<br data-start=\"673\" data-end=\"676\" \/>\u2022 Video interface: 1 \u00d7 PAL;<br data-start=\"702\" data-end=\"705\" \/>\u2022 Supply voltage: 9\u201324 V;<br data-start=\"733\" data-end=\"736\" \/>\u2022 Typical power consumption: &lt;2 W;<br data-start=\"776\" data-end=\"779\" \/>\u2022 Operating temperature: -20 \u00b0C ~ 60 \u00b0C;<br \/>\n\u2022 Camera: 20 \u00d7 20 \u00d7 28.54 mm;<br \/>\n\u2022 AI Box: 34 \u00d7 34 \u00d7 8.65 mm.<\/p>\n<p data-start=\"57\" data-end=\"839\"><strong>Package:<\/strong><\/p>\n<p data-start=\"78\" data-end=\"96\">1x Gazer camera with AI controller;<br \/>\n1x User manual;<br \/>\n1x 6-pin silicone cable;<br \/>\n1x 3-pin silicone cable;<br \/>\n2x 5mm screws;<br \/>\n2x 4mm screws;<br \/>\n2x 6 mm screws;<br \/>\n2x Washers.<\/p>\n<p data-start=\"57\" data-end=\"839\"><img loading=\"lazy\" decoding=\"async\" class=\"alignnone wp-image-15692 size-full\" src=\"https:\/\/1dronas.lt\/wp-content\/uploads\/2026\/01\/Gazer.jpg\" alt=\"\" width=\"1920\" height=\"1080\" srcset=\"https:\/\/1dronas.lt\/wp-content\/uploads\/2026\/01\/Gazer.jpg 1920w, https:\/\/1dronas.lt\/wp-content\/uploads\/2026\/01\/Gazer-300x169.jpg 300w, https:\/\/1dronas.lt\/wp-content\/uploads\/2026\/01\/Gazer-1024x576.jpg 1024w, https:\/\/1dronas.lt\/wp-content\/uploads\/2026\/01\/Gazer-768x432.jpg 768w, https:\/\/1dronas.lt\/wp-content\/uploads\/2026\/01\/Gazer-1536x864.jpg 1536w, https:\/\/1dronas.lt\/wp-content\/uploads\/2026\/01\/Gazer-18x10.jpg 18w, https:\/\/1dronas.lt\/wp-content\/uploads\/2026\/01\/Gazer-510x287.jpg 510w\" sizes=\"auto, (max-width: 1920px) 100vw, 1920px\" \/><\/p>","protected":false},"excerpt":{"rendered":"<p><span style=\"color: #000000;\">Tired of blurry black-and-white images in the dark? Gazer Analog Camera will transform your FPV flight experience.<\/span><\/p>\n<p><span style=\"color: #000000;\"><img loading=\"lazy\" decoding=\"async\" class=\"alignnone wp-image-1806\" src=\"https:\/\/1dronas.lt\/wp-content\/uploads\/2021\/05\/delivery-icon.png\" alt=\"\" width=\"24\" height=\"24\" srcset=\"https:\/\/1dronas.lt\/wp-content\/uploads\/2021\/05\/delivery-icon.png 35w, https:\/\/1dronas.lt\/wp-content\/uploads\/2021\/05\/delivery-icon-12x12.png 12w\" sizes=\"auto, (max-width: 24px) 100vw, 24px\" \/><strong>\u00a0 1 \u2013 2 days<\/strong><\/span><\/p>","protected":false},"featured_media":15685,"comment_status":"open","ping_status":"closed","template":"","meta":[],"product_brand":[1112],"product_cat":[191],"product_tag":[1128,468,1113,1129,433],"class_list":{"0":"post-15680","1":"product","2":"type-product","3":"status-publish","4":"has-post-thumbnail","6":"product_brand-caddxfpv","7":"product_cat-kameros","8":"product_tag-ai","9":"product_tag-analog","10":"product_tag-caddxfpv","11":"product_tag-gazer","12":"product_tag-kamera","14":"first","15":"instock","16":"taxable","17":"shipping-taxable","18":"purchasable","19":"product-type-simple"},"yoast_head":"<!-- This site is optimized with the Yoast SEO plugin v27.5 - https:\/\/yoast.com\/product\/yoast-seo-wordpress\/ -->\n<title>CaddxFPV Gazer Analog kamera - 1dronas.lt<\/title>\n<meta name=\"robots\" content=\"index, follow, max-snippet:-1, max-image-preview:large, max-video-preview:-1\" \/>\n<link rel=\"canonical\" href=\"https:\/\/1dronas.lt\/en\/produktas\/caddxfpv-gazer-analog-kamera\/\" \/>\n<meta property=\"og:locale\" content=\"en_US\" \/>\n<meta property=\"og:type\" content=\"article\" \/>\n<meta property=\"og:title\" content=\"CaddxFPV Gazer Analog kamera - 1dronas.lt\" \/>\n<meta property=\"og:description\" content=\"Pavargote nuo nery\u0161ki\u0173 juodai-balt\u0173 vaizd\u0173 tamsoje? Gazer Analog Camera pakeis j\u016bs\u0173 FPV skryd\u017eio patirt\u012f.  \u00a0 1 \u2013 2 d. d.\" \/>\n<meta property=\"og:url\" content=\"https:\/\/1dronas.lt\/en\/produktas\/caddxfpv-gazer-analog-kamera\/\" \/>\n<meta property=\"og:site_name\" content=\"1dronas.lt\" \/>\n<meta property=\"article:publisher\" content=\"https:\/\/www.facebook.com\/1dronas\/\" \/>\n<meta property=\"article:modified_time\" content=\"2026-02-15T16:16:20+00:00\" \/>\n<meta property=\"og:image\" content=\"https:\/\/1dronas.lt\/wp-content\/uploads\/2026\/01\/Caddx-Gazer.jpg\" \/>\n\t<meta property=\"og:image:width\" content=\"1400\" \/>\n\t<meta property=\"og:image:height\" content=\"1400\" \/>\n\t<meta property=\"og:image:type\" content=\"image\/jpeg\" \/>\n<meta name=\"twitter:card\" content=\"summary_large_image\" \/>\n<meta name=\"twitter:label1\" content=\"Est. reading time\" \/>\n\t<meta name=\"twitter:data1\" content=\"3 minutes\" \/>\n<script type=\"application\/ld+json\" class=\"yoast-schema-graph\">{\"@context\":\"https:\\\/\\\/schema.org\",\"@graph\":[{\"@type\":\"WebPage\",\"@id\":\"https:\\\/\\\/1dronas.lt\\\/en\\\/produktas\\\/caddxfpv-gazer-analog-kamera\\\/\",\"url\":\"https:\\\/\\\/1dronas.lt\\\/en\\\/produktas\\\/caddxfpv-gazer-analog-kamera\\\/\",\"name\":\"CaddxFPV Gazer Analog kamera - 1dronas.lt\",\"isPartOf\":{\"@id\":\"https:\\\/\\\/1dronas.lt\\\/en\\\/#website\"},\"primaryImageOfPage\":{\"@id\":\"https:\\\/\\\/1dronas.lt\\\/en\\\/produktas\\\/caddxfpv-gazer-analog-kamera\\\/#primaryimage\"},\"image\":{\"@id\":\"https:\\\/\\\/1dronas.lt\\\/en\\\/produktas\\\/caddxfpv-gazer-analog-kamera\\\/#primaryimage\"},\"thumbnailUrl\":\"https:\\\/\\\/1dronas.lt\\\/wp-content\\\/uploads\\\/2026\\\/01\\\/Caddx-Gazer.jpg\",\"datePublished\":\"2026-01-22T18:15:33+00:00\",\"dateModified\":\"2026-02-15T16:16:20+00:00\",\"breadcrumb\":{\"@id\":\"https:\\\/\\\/1dronas.lt\\\/en\\\/produktas\\\/caddxfpv-gazer-analog-kamera\\\/#breadcrumb\"},\"inLanguage\":\"en-US\",\"potentialAction\":[{\"@type\":\"ReadAction\",\"target\":[\"https:\\\/\\\/1dronas.lt\\\/en\\\/produktas\\\/caddxfpv-gazer-analog-kamera\\\/\"]}]},{\"@type\":\"ImageObject\",\"inLanguage\":\"en-US\",\"@id\":\"https:\\\/\\\/1dronas.lt\\\/en\\\/produktas\\\/caddxfpv-gazer-analog-kamera\\\/#primaryimage\",\"url\":\"https:\\\/\\\/1dronas.lt\\\/wp-content\\\/uploads\\\/2026\\\/01\\\/Caddx-Gazer.jpg\",\"contentUrl\":\"https:\\\/\\\/1dronas.lt\\\/wp-content\\\/uploads\\\/2026\\\/01\\\/Caddx-Gazer.jpg\",\"width\":1400,\"height\":1400},{\"@type\":\"BreadcrumbList\",\"@id\":\"https:\\\/\\\/1dronas.lt\\\/en\\\/produktas\\\/caddxfpv-gazer-analog-kamera\\\/#breadcrumb\",\"itemListElement\":[{\"@type\":\"ListItem\",\"position\":1,\"name\":\"Home\",\"item\":\"https:\\\/\\\/1dronas.lt\\\/\"},{\"@type\":\"ListItem\",\"position\":2,\"name\":\"Parduotuv\u0117\",\"item\":\"https:\\\/\\\/1dronas.lt\\\/parduotuve\\\/\"},{\"@type\":\"ListItem\",\"position\":3,\"name\":\"CaddxFPV Gazer Analog kamera\"}]},{\"@type\":\"WebSite\",\"@id\":\"https:\\\/\\\/1dronas.lt\\\/en\\\/#website\",\"url\":\"https:\\\/\\\/1dronas.lt\\\/en\\\/\",\"name\":\"1dronas.lt\",\"description\":\"Internetin\u0117 parduotuv\u0117\",\"publisher\":{\"@id\":\"https:\\\/\\\/1dronas.lt\\\/en\\\/#organization\"},\"potentialAction\":[{\"@type\":\"SearchAction\",\"target\":{\"@type\":\"EntryPoint\",\"urlTemplate\":\"https:\\\/\\\/1dronas.lt\\\/en\\\/?s={search_term_string}\"},\"query-input\":{\"@type\":\"PropertyValueSpecification\",\"valueRequired\":true,\"valueName\":\"search_term_string\"}}],\"inLanguage\":\"en-US\"},{\"@type\":\"Organization\",\"@id\":\"https:\\\/\\\/1dronas.lt\\\/en\\\/#organization\",\"name\":\"1dronas.lt\",\"url\":\"https:\\\/\\\/1dronas.lt\\\/en\\\/\",\"logo\":{\"@type\":\"ImageObject\",\"inLanguage\":\"en-US\",\"@id\":\"https:\\\/\\\/1dronas.lt\\\/en\\\/#\\\/schema\\\/logo\\\/image\\\/\",\"url\":\"https:\\\/\\\/1dronas.lt\\\/wp-content\\\/uploads\\\/2020\\\/12\\\/Ekrano_kopija__2_-removebg-preview-1-1.png\",\"contentUrl\":\"https:\\\/\\\/1dronas.lt\\\/wp-content\\\/uploads\\\/2020\\\/12\\\/Ekrano_kopija__2_-removebg-preview-1-1.png\",\"width\":234,\"height\":81,\"caption\":\"1dronas.lt\"},\"image\":{\"@id\":\"https:\\\/\\\/1dronas.lt\\\/en\\\/#\\\/schema\\\/logo\\\/image\\\/\"},\"sameAs\":[\"https:\\\/\\\/www.facebook.com\\\/1dronas\\\/\"]}]}<\/script>\n<!-- \/ Yoast SEO plugin. -->","yoast_head_json":{"title":"CaddxFPV Gazer Analog kamera - 1dronas.lt","robots":{"index":"index","follow":"follow","max-snippet":"max-snippet:-1","max-image-preview":"max-image-preview:large","max-video-preview":"max-video-preview:-1"},"canonical":"https:\/\/1dronas.lt\/en\/produktas\/caddxfpv-gazer-analog-kamera\/","og_locale":"en_US","og_type":"article","og_title":"CaddxFPV Gazer Analog kamera - 1dronas.lt","og_description":"Pavargote nuo nery\u0161ki\u0173 juodai-balt\u0173 vaizd\u0173 tamsoje? Gazer Analog Camera pakeis j\u016bs\u0173 FPV skryd\u017eio patirt\u012f.  \u00a0 1 \u2013 2 d. d.","og_url":"https:\/\/1dronas.lt\/en\/produktas\/caddxfpv-gazer-analog-kamera\/","og_site_name":"1dronas.lt","article_publisher":"https:\/\/www.facebook.com\/1dronas\/","article_modified_time":"2026-02-15T16:16:20+00:00","og_image":[{"width":1400,"height":1400,"url":"https:\/\/1dronas.lt\/wp-content\/uploads\/2026\/01\/Caddx-Gazer.jpg","type":"image\/jpeg"}],"twitter_card":"summary_large_image","twitter_misc":{"Est. reading time":"3 minutes"},"schema":{"@context":"https:\/\/schema.org","@graph":[{"@type":"WebPage","@id":"https:\/\/1dronas.lt\/en\/produktas\/caddxfpv-gazer-analog-kamera\/","url":"https:\/\/1dronas.lt\/en\/produktas\/caddxfpv-gazer-analog-kamera\/","name":"CaddxFPV Gazer Analog kamera - 1dronas.lt","isPartOf":{"@id":"https:\/\/1dronas.lt\/en\/#website"},"primaryImageOfPage":{"@id":"https:\/\/1dronas.lt\/en\/produktas\/caddxfpv-gazer-analog-kamera\/#primaryimage"},"image":{"@id":"https:\/\/1dronas.lt\/en\/produktas\/caddxfpv-gazer-analog-kamera\/#primaryimage"},"thumbnailUrl":"https:\/\/1dronas.lt\/wp-content\/uploads\/2026\/01\/Caddx-Gazer.jpg","datePublished":"2026-01-22T18:15:33+00:00","dateModified":"2026-02-15T16:16:20+00:00","breadcrumb":{"@id":"https:\/\/1dronas.lt\/en\/produktas\/caddxfpv-gazer-analog-kamera\/#breadcrumb"},"inLanguage":"en-US","potentialAction":[{"@type":"ReadAction","target":["https:\/\/1dronas.lt\/en\/produktas\/caddxfpv-gazer-analog-kamera\/"]}]},{"@type":"ImageObject","inLanguage":"en-US","@id":"https:\/\/1dronas.lt\/en\/produktas\/caddxfpv-gazer-analog-kamera\/#primaryimage","url":"https:\/\/1dronas.lt\/wp-content\/uploads\/2026\/01\/Caddx-Gazer.jpg","contentUrl":"https:\/\/1dronas.lt\/wp-content\/uploads\/2026\/01\/Caddx-Gazer.jpg","width":1400,"height":1400},{"@type":"BreadcrumbList","@id":"https:\/\/1dronas.lt\/en\/produktas\/caddxfpv-gazer-analog-kamera\/#breadcrumb","itemListElement":[{"@type":"ListItem","position":1,"name":"Home","item":"https:\/\/1dronas.lt\/"},{"@type":"ListItem","position":2,"name":"Parduotuv\u0117","item":"https:\/\/1dronas.lt\/parduotuve\/"},{"@type":"ListItem","position":3,"name":"CaddxFPV Gazer Analog kamera"}]},{"@type":"WebSite","@id":"https:\/\/1dronas.lt\/en\/#website","url":"https:\/\/1dronas.lt\/en\/","name":"1dronas.lt","description":"Online store","publisher":{"@id":"https:\/\/1dronas.lt\/en\/#organization"},"potentialAction":[{"@type":"SearchAction","target":{"@type":"EntryPoint","urlTemplate":"https:\/\/1dronas.lt\/en\/?s={search_term_string}"},"query-input":{"@type":"PropertyValueSpecification","valueRequired":true,"valueName":"search_term_string"}}],"inLanguage":"en-US"},{"@type":"Organization","@id":"https:\/\/1dronas.lt\/en\/#organization","name":"1dronas.lt","url":"https:\/\/1dronas.lt\/en\/","logo":{"@type":"ImageObject","inLanguage":"en-US","@id":"https:\/\/1dronas.lt\/en\/#\/schema\/logo\/image\/","url":"https:\/\/1dronas.lt\/wp-content\/uploads\/2020\/12\/Ekrano_kopija__2_-removebg-preview-1-1.png","contentUrl":"https:\/\/1dronas.lt\/wp-content\/uploads\/2020\/12\/Ekrano_kopija__2_-removebg-preview-1-1.png","width":234,"height":81,"caption":"1dronas.lt"},"image":{"@id":"https:\/\/1dronas.lt\/en\/#\/schema\/logo\/image\/"},"sameAs":["https:\/\/www.facebook.com\/1dronas\/"]}]}},"jetpack_sharing_enabled":true,"_links":{"self":[{"href":"https:\/\/1dronas.lt\/en\/wp-json\/wp\/v2\/product\/15680","targetHints":{"allow":["GET"]}}],"collection":[{"href":"https:\/\/1dronas.lt\/en\/wp-json\/wp\/v2\/product"}],"about":[{"href":"https:\/\/1dronas.lt\/en\/wp-json\/wp\/v2\/types\/product"}],"replies":[{"embeddable":true,"href":"https:\/\/1dronas.lt\/en\/wp-json\/wp\/v2\/comments?post=15680"}],"wp:featuredmedia":[{"embeddable":true,"href":"https:\/\/1dronas.lt\/en\/wp-json\/wp\/v2\/media\/15685"}],"wp:attachment":[{"href":"https:\/\/1dronas.lt\/en\/wp-json\/wp\/v2\/media?parent=15680"}],"wp:term":[{"taxonomy":"product_brand","embeddable":true,"href":"https:\/\/1dronas.lt\/en\/wp-json\/wp\/v2\/product_brand?post=15680"},{"taxonomy":"product_cat","embeddable":true,"href":"https:\/\/1dronas.lt\/en\/wp-json\/wp\/v2\/product_cat?post=15680"},{"taxonomy":"product_tag","embeddable":true,"href":"https:\/\/1dronas.lt\/en\/wp-json\/wp\/v2\/product_tag?post=15680"}],"curies":[{"name":"wp","href":"https:\/\/api.w.org\/{rel}","templated":true}]}}